{"id":50364,"date":"2025-09-24T11:10:21","date_gmt":"2025-09-24T09:10:21","guid":{"rendered":"https:\/\/websjop.afuk.frl\/frl\/?post_type=product&#038;p=50364"},"modified":"2025-12-01T09:58:18","modified_gmt":"2025-12-01T08:58:18","slug":"de-waldpykjes-en-hun-zoektocht-naar-de-wichter","status":"publish","type":"product","link":"https:\/\/websjop.afuk.frl\/nl\/winkel\/de-waldpykjes-en-hun-zoektocht-naar-de-wichter\/","title":{"rendered":"De W\u00e2ldpykjes en hun zoektocht naar de wichter"},"content":{"rendered":"<p>Ga mee op avontuur met Wopke en Wybe, twee ondeugende W\u00e2ldpykjes uit de Fryske W\u00e2lden. Wanneer hun mem bijna jarig is, willen ze haar verrassen met een bijzondere taart. Maar\u2026 daarvoor hebben ze iets nodig wat ze nog nooit eerder hebben gehoord: de vrucht van de Wichter.<\/p>\n<p>Samen trekken ze door heel Noordoost-Frysl\u00e2n, langs moerassen, de Waddenzee, het Lauwersmeer en de stad Dokkum. Onderweg ontmoeten ze dierenvriendjes die hen alles leren over de natuur. Maar vinden ze ook de geheimzinnige Wichterboom?<\/p>\n<p>Dit interactieve kinderboek is niet alleen een spannend verhaal, maar ook een ontdekkingsreis. Op verschillende plekken staan\u00a0QR-codes\u00a0die je meenemen naar leuke weetjes, spelletjes en opdrachten: van een vogelbingo tot een speurtocht in de natuur.<\/p>\n<p>Tweetalig: Frysk en Nederlands.<br \/>\n6-9 jaar<\/p>\n<p>&nbsp;<\/p>\n","protected":false},"excerpt":{"rendered":"<p>Ga mee op avontuur met Wopke en Wybe, twee ondeugende W\u00e2ldpykjes uit de Fryske W\u00e2lden. Wanneer hun mem bijna jarig is, willen ze haar verrassen met een bijzondere taart. Maar\u2026 daarvoor hebben ze iets nodig wat ze nog nooit eerder hebben gehoord: de vrucht van de Wichter. Samen trekken ze door heel Noordoost-Frysl\u00e2n, langs moerassen, [&hellip;]<\/p>\n","protected":false},"featured_media":50365,"comment_status":"closed","ping_status":"closed","template":"","meta":{"_acf_changed":false},"product_brand":[],"product_cat":[1213,550,551,1043,1217,535,18410,22914,22897,14119],"product_tag":[24298,24302,24301,24299,6104,24303,24300],"class_list":{"0":"post-50364","1":"product","2":"type-product","3":"status-publish","4":"has-post-thumbnail","6":"product_cat-berne-en-jeugdboeken","7":"product_cat-berneboeken-4-8","8":"product_cat-berneboeken-8-12","9":"product_cat-edukatyf","10":"product_cat-foar-bern","11":"product_cat-fryske-boeken","12":"product_cat-primer-underwiis","13":"product_cat-tema-meartalich","14":"product_cat-tema-natoer","15":"product_cat-underwiis","16":"product_tag-de-waldpykjes","17":"product_tag-frucht","18":"product_tag-fruit","19":"product_tag-syktocht-nei-de-wichter","20":"product_tag-twatalich","21":"product_tag-tweetalig-prentenboek","22":"product_tag-zoektocht-naar-de-wichter","23":"product_shipping_class-brievenbus-verzending","24":"pa_auteur-ivo-pakvis","25":"pa_isbn-24295","26":"pa_new-label-1-3","27":"pa_taal-frysk-nederlansk","28":"pa_uitgever-boomgaard-de-wichterij","30":"first","31":"instock","32":"taxable","33":"shipping-taxable","34":"purchasable","35":"product-type-simple"},"acf":[],"yoast_head":"<!-- This site is optimized with the Yoast SEO plugin v27.3 - https:\/\/yoast.com\/product\/yoast-seo-wordpress\/ -->\n<title>De W\u00e2ldpykjes en hun zoektocht naar de wichter &#8211; Af\u00fbk Websjop<\/title>\n<meta name=\"description\" content=\"Ga mee op avontuur met Wopke en Wybe, twee ondeugende W\u00e2ldpykjes uit de Fryske W\u00e2lden. Ze willen een taart met wichters bakken, maar waar vind je die?\" \/>\n<meta name=\"robots\" content=\"index, follow, max-snippet:-1, max-image-preview:large, max-video-preview:-1\" \/>\n<link rel=\"canonical\" href=\"https:\/\/websjop.afuk.frl\/nl\/winkel\/de-waldpykjes-en-hun-zoektocht-naar-de-wichter\/\" \/>\n<meta property=\"og:locale\" content=\"nl_NL\" \/>\n<meta property=\"og:type\" content=\"article\" \/>\n<meta property=\"og:title\" content=\"De W\u00e2ldpykjes en hun zoektocht naar de wichter &#8211; Af\u00fbk Websjop\" \/>\n<meta property=\"og:description\" content=\"Ga mee op avontuur met Wopke en Wybe, twee ondeugende W\u00e2ldpykjes uit de Fryske W\u00e2lden. Ze willen een taart met wichters bakken, maar waar vind je die?\" \/>\n<meta property=\"og:url\" content=\"https:\/\/websjop.afuk.frl\/nl\/winkel\/de-waldpykjes-en-hun-zoektocht-naar-de-wichter\/\" \/>\n<meta property=\"og:site_name\" content=\"Af\u00fbk Websjop\" \/>\n<meta property=\"article:modified_time\" content=\"2025-12-01T08:58:18+00:00\" \/>\n<meta property=\"og:image\" content=\"https:\/\/websjop.afuk.frl\/wp-content\/uploads\/2025\/09\/De-waldpykjes.webp\" \/>\n\t<meta property=\"og:image:width\" content=\"900\" \/>\n\t<meta property=\"og:image:height\" content=\"1125\" \/>\n\t<meta property=\"og:image:type\" content=\"image\/webp\" \/>\n<meta name=\"twitter:card\" content=\"summary_large_image\" \/>\n<meta name=\"twitter:label1\" content=\"Geschatte leestijd\" \/>\n\t<meta name=\"twitter:data1\" content=\"2 minuten\" \/>\n<script type=\"application\/ld+json\" class=\"yoast-schema-graph\">{\"@context\":\"https:\\\/\\\/schema.org\",\"@graph\":[{\"@type\":\"WebPage\",\"@id\":\"https:\\\/\\\/websjop.afuk.frl\\\/nl\\\/winkel\\\/de-waldpykjes-en-hun-zoektocht-naar-de-wichter\\\/\",\"url\":\"https:\\\/\\\/websjop.afuk.frl\\\/nl\\\/winkel\\\/de-waldpykjes-en-hun-zoektocht-naar-de-wichter\\\/\",\"name\":\"De W\u00e2ldpykjes en hun zoektocht naar de wichter &#8211; Af\u00fbk Websjop\",\"isPartOf\":{\"@id\":\"https:\\\/\\\/websjop.afuk.frl\\\/nl\\\/#website\"},\"primaryImageOfPage\":{\"@id\":\"https:\\\/\\\/websjop.afuk.frl\\\/nl\\\/winkel\\\/de-waldpykjes-en-hun-zoektocht-naar-de-wichter\\\/#primaryimage\"},\"image\":{\"@id\":\"https:\\\/\\\/websjop.afuk.frl\\\/nl\\\/winkel\\\/de-waldpykjes-en-hun-zoektocht-naar-de-wichter\\\/#primaryimage\"},\"thumbnailUrl\":\"https:\\\/\\\/websjop.afuk.frl\\\/wp-content\\\/uploads\\\/2025\\\/09\\\/De-waldpykjes.webp\",\"datePublished\":\"2025-09-24T09:10:21+00:00\",\"dateModified\":\"2025-12-01T08:58:18+00:00\",\"description\":\"Ga mee op avontuur met Wopke en Wybe, twee ondeugende W\u00e2ldpykjes uit de Fryske W\u00e2lden. Ze willen een taart met wichters bakken, maar waar vind je die?\",\"breadcrumb\":{\"@id\":\"https:\\\/\\\/websjop.afuk.frl\\\/nl\\\/winkel\\\/de-waldpykjes-en-hun-zoektocht-naar-de-wichter\\\/#breadcrumb\"},\"inLanguage\":\"nl-NL\",\"potentialAction\":[{\"@type\":\"ReadAction\",\"target\":[\"https:\\\/\\\/websjop.afuk.frl\\\/nl\\\/winkel\\\/de-waldpykjes-en-hun-zoektocht-naar-de-wichter\\\/\"]}]},{\"@type\":\"ImageObject\",\"inLanguage\":\"nl-NL\",\"@id\":\"https:\\\/\\\/websjop.afuk.frl\\\/nl\\\/winkel\\\/de-waldpykjes-en-hun-zoektocht-naar-de-wichter\\\/#primaryimage\",\"url\":\"https:\\\/\\\/websjop.afuk.frl\\\/wp-content\\\/uploads\\\/2025\\\/09\\\/De-waldpykjes.webp\",\"contentUrl\":\"https:\\\/\\\/websjop.afuk.frl\\\/wp-content\\\/uploads\\\/2025\\\/09\\\/De-waldpykjes.webp\",\"width\":900,\"height\":1125},{\"@type\":\"BreadcrumbList\",\"@id\":\"https:\\\/\\\/websjop.afuk.frl\\\/nl\\\/winkel\\\/de-waldpykjes-en-hun-zoektocht-naar-de-wichter\\\/#breadcrumb\",\"itemListElement\":[{\"@type\":\"ListItem\",\"position\":1,\"name\":\"Home\",\"item\":\"https:\\\/\\\/websjop.afuk.frl\\\/nl\\\/\"},{\"@type\":\"ListItem\",\"position\":2,\"name\":\"Winkel\",\"item\":\"https:\\\/\\\/websjop.afuk.frl\\\/nl\\\/winkel\\\/\"},{\"@type\":\"ListItem\",\"position\":3,\"name\":\"De W\u00e2ldpykjes en hun zoektocht naar de wichter\"}]},{\"@type\":\"WebSite\",\"@id\":\"https:\\\/\\\/websjop.afuk.frl\\\/nl\\\/#website\",\"url\":\"https:\\\/\\\/websjop.afuk.frl\\\/nl\\\/\",\"name\":\"Af\u00fbk Websjop\",\"description\":\"\",\"potentialAction\":[{\"@type\":\"SearchAction\",\"target\":{\"@type\":\"EntryPoint\",\"urlTemplate\":\"https:\\\/\\\/websjop.afuk.frl\\\/nl\\\/?s={search_term_string}\"},\"query-input\":{\"@type\":\"PropertyValueSpecification\",\"valueRequired\":true,\"valueName\":\"search_term_string\"}}],\"inLanguage\":\"nl-NL\"}]}<\/script>\n<!-- \/ Yoast SEO plugin. -->","yoast_head_json":{"title":"De W\u00e2ldpykjes en hun zoektocht naar de wichter &#8211; Af\u00fbk Websjop","description":"Ga mee op avontuur met Wopke en Wybe, twee ondeugende W\u00e2ldpykjes uit de Fryske W\u00e2lden. Ze willen een taart met wichters bakken, maar waar vind je die?","robots":{"index":"index","follow":"follow","max-snippet":"max-snippet:-1","max-image-preview":"max-image-preview:large","max-video-preview":"max-video-preview:-1"},"canonical":"https:\/\/websjop.afuk.frl\/nl\/winkel\/de-waldpykjes-en-hun-zoektocht-naar-de-wichter\/","og_locale":"nl_NL","og_type":"article","og_title":"De W\u00e2ldpykjes en hun zoektocht naar de wichter &#8211; Af\u00fbk Websjop","og_description":"Ga mee op avontuur met Wopke en Wybe, twee ondeugende W\u00e2ldpykjes uit de Fryske W\u00e2lden. Ze willen een taart met wichters bakken, maar waar vind je die?","og_url":"https:\/\/websjop.afuk.frl\/nl\/winkel\/de-waldpykjes-en-hun-zoektocht-naar-de-wichter\/","og_site_name":"Af\u00fbk Websjop","article_modified_time":"2025-12-01T08:58:18+00:00","og_image":[{"width":900,"height":1125,"url":"https:\/\/websjop.afuk.frl\/wp-content\/uploads\/2025\/09\/De-waldpykjes.webp","type":"image\/webp"}],"twitter_card":"summary_large_image","twitter_misc":{"Geschatte leestijd":"2 minuten"},"schema":{"@context":"https:\/\/schema.org","@graph":[{"@type":"WebPage","@id":"https:\/\/websjop.afuk.frl\/nl\/winkel\/de-waldpykjes-en-hun-zoektocht-naar-de-wichter\/","url":"https:\/\/websjop.afuk.frl\/nl\/winkel\/de-waldpykjes-en-hun-zoektocht-naar-de-wichter\/","name":"De W\u00e2ldpykjes en hun zoektocht naar de wichter &#8211; Af\u00fbk Websjop","isPartOf":{"@id":"https:\/\/websjop.afuk.frl\/nl\/#website"},"primaryImageOfPage":{"@id":"https:\/\/websjop.afuk.frl\/nl\/winkel\/de-waldpykjes-en-hun-zoektocht-naar-de-wichter\/#primaryimage"},"image":{"@id":"https:\/\/websjop.afuk.frl\/nl\/winkel\/de-waldpykjes-en-hun-zoektocht-naar-de-wichter\/#primaryimage"},"thumbnailUrl":"https:\/\/websjop.afuk.frl\/wp-content\/uploads\/2025\/09\/De-waldpykjes.webp","datePublished":"2025-09-24T09:10:21+00:00","dateModified":"2025-12-01T08:58:18+00:00","description":"Ga mee op avontuur met Wopke en Wybe, twee ondeugende W\u00e2ldpykjes uit de Fryske W\u00e2lden. Ze willen een taart met wichters bakken, maar waar vind je die?","breadcrumb":{"@id":"https:\/\/websjop.afuk.frl\/nl\/winkel\/de-waldpykjes-en-hun-zoektocht-naar-de-wichter\/#breadcrumb"},"inLanguage":"nl-NL","potentialAction":[{"@type":"ReadAction","target":["https:\/\/websjop.afuk.frl\/nl\/winkel\/de-waldpykjes-en-hun-zoektocht-naar-de-wichter\/"]}]},{"@type":"ImageObject","inLanguage":"nl-NL","@id":"https:\/\/websjop.afuk.frl\/nl\/winkel\/de-waldpykjes-en-hun-zoektocht-naar-de-wichter\/#primaryimage","url":"https:\/\/websjop.afuk.frl\/wp-content\/uploads\/2025\/09\/De-waldpykjes.webp","contentUrl":"https:\/\/websjop.afuk.frl\/wp-content\/uploads\/2025\/09\/De-waldpykjes.webp","width":900,"height":1125},{"@type":"BreadcrumbList","@id":"https:\/\/websjop.afuk.frl\/nl\/winkel\/de-waldpykjes-en-hun-zoektocht-naar-de-wichter\/#breadcrumb","itemListElement":[{"@type":"ListItem","position":1,"name":"Home","item":"https:\/\/websjop.afuk.frl\/nl\/"},{"@type":"ListItem","position":2,"name":"Winkel","item":"https:\/\/websjop.afuk.frl\/nl\/winkel\/"},{"@type":"ListItem","position":3,"name":"De W\u00e2ldpykjes en hun zoektocht naar de wichter"}]},{"@type":"WebSite","@id":"https:\/\/websjop.afuk.frl\/nl\/#website","url":"https:\/\/websjop.afuk.frl\/nl\/","name":"Af\u00fbk Websjop","description":"","potentialAction":[{"@type":"SearchAction","target":{"@type":"EntryPoint","urlTemplate":"https:\/\/websjop.afuk.frl\/nl\/?s={search_term_string}"},"query-input":{"@type":"PropertyValueSpecification","valueRequired":true,"valueName":"search_term_string"}}],"inLanguage":"nl-NL"}]}},"_links":{"self":[{"href":"https:\/\/websjop.afuk.frl\/nl\/wp-json\/wp\/v2\/product\/50364","targetHints":{"allow":["GET"]}}],"collection":[{"href":"https:\/\/websjop.afuk.frl\/nl\/wp-json\/wp\/v2\/product"}],"about":[{"href":"https:\/\/websjop.afuk.frl\/nl\/wp-json\/wp\/v2\/types\/product"}],"replies":[{"embeddable":true,"href":"https:\/\/websjop.afuk.frl\/nl\/wp-json\/wp\/v2\/comments?post=50364"}],"wp:featuredmedia":[{"embeddable":true,"href":"https:\/\/websjop.afuk.frl\/nl\/wp-json\/wp\/v2\/media\/50365"}],"wp:attachment":[{"href":"https:\/\/websjop.afuk.frl\/nl\/wp-json\/wp\/v2\/media?parent=50364"}],"wp:term":[{"taxonomy":"product_brand","embeddable":true,"href":"https:\/\/websjop.afuk.frl\/nl\/wp-json\/wp\/v2\/product_brand?post=50364"},{"taxonomy":"product_cat","embeddable":true,"href":"https:\/\/websjop.afuk.frl\/nl\/wp-json\/wp\/v2\/product_cat?post=50364"},{"taxonomy":"product_tag","embeddable":true,"href":"https:\/\/websjop.afuk.frl\/nl\/wp-json\/wp\/v2\/product_tag?post=50364"}],"curies":[{"name":"wp","href":"https:\/\/api.w.org\/{rel}","templated":true}]}}