{"id":49815,"date":"2025-08-21T15:38:26","date_gmt":"2025-08-21T13:38:26","guid":{"rendered":"https:\/\/websjop.afuk.frl\/frl\/?post_type=product&#038;p=49815"},"modified":"2026-03-09T12:35:47","modified_gmt":"2026-03-09T11:35:47","slug":"sinnehoed-wyt","status":"publish","type":"product","link":"https:\/\/websjop.afuk.frl\/nl\/winkel\/sinnehoed-wyt\/","title":{"rendered":"Zonnehoed Frysl\u00e2n"},"content":{"rendered":"<p>Witte zonnehoed Frysl\u00e2n met opdruk Friese vlag. Ideale hoed voor op de boot, de camping of voor aan het strand. Met Sunprotection UPF 30.<\/p>\n<p>Maat: 57 cm.<\/p>\n<p>&nbsp;<\/p>\n","protected":false},"excerpt":{"rendered":"<p>Witte zonnehoed Frysl\u00e2n met opdruk Friese vlag. Ideale hoed voor op de boot, de camping of voor aan het strand. Met Sunprotection UPF 30. Maat: 57 cm. &nbsp;<\/p>\n","protected":false},"featured_media":49816,"comment_status":"closed","ping_status":"closed","template":"","meta":{"_acf_changed":false},"product_brand":[],"product_cat":[5217,5065,566,569,1313],"product_tag":[19725,24188,13911,10654,24220,24219],"class_list":{"0":"post-49815","1":"product","2":"type-product","3":"status-publish","4":"has-post-thumbnail","6":"product_cat-fryske-flagge","7":"product_cat-fryske-suvenirs","8":"product_cat-fryslan-klean","9":"product_cat-folwoeksenen","10":"product_cat-simmer-yn-fryslan","11":"product_tag-farre","12":"product_tag-festivalhoed","13":"product_tag-fytse","14":"product_tag-simmer","15":"product_tag-sinnehuodsje","16":"product_tag-zonnehoed","17":"product_shipping_class-brievenbus-verzending","18":"pa_isbn-24218","19":"pa_new-label-1-3","20":"pa_uitgever-texo-baarsma","22":"first","23":"instock","24":"taxable","25":"shipping-taxable","26":"purchasable","27":"product-type-simple"},"acf":[],"yoast_head":"<!-- This site is optimized with the Yoast SEO plugin v27.3 - https:\/\/yoast.com\/product\/yoast-seo-wordpress\/ -->\n<title>Zonnehoed Frysl\u00e2n &#8211; Af\u00fbk Websjop<\/title>\n<meta name=\"description\" content=\"Witte zonnehoed Frysl\u00e2n met opdruk Friese vlag. Ideale hoed voor op de boot, de camping of voor aan het strand. Met Sunprotection UPF 30. Maat: 57 cm.\" \/>\n<meta name=\"robots\" content=\"index, follow, max-snippet:-1, max-image-preview:large, max-video-preview:-1\" \/>\n<link rel=\"canonical\" href=\"https:\/\/websjop.afuk.frl\/nl\/winkel\/sinnehoed-wyt\/\" \/>\n<meta property=\"og:locale\" content=\"nl_NL\" \/>\n<meta property=\"og:type\" content=\"article\" \/>\n<meta property=\"og:title\" content=\"Zonnehoed Frysl\u00e2n &#8211; Af\u00fbk Websjop\" \/>\n<meta property=\"og:description\" content=\"Witte zonnehoed Frysl\u00e2n met opdruk Friese vlag. Ideale hoed voor op de boot, de camping of voor aan het strand. Met Sunprotection UPF 30. Maat: 57 cm.\" \/>\n<meta property=\"og:url\" content=\"https:\/\/websjop.afuk.frl\/nl\/winkel\/sinnehoed-wyt\/\" \/>\n<meta property=\"og:site_name\" content=\"Af\u00fbk Websjop\" \/>\n<meta property=\"article:modified_time\" content=\"2026-03-09T11:35:47+00:00\" \/>\n<meta property=\"og:image\" content=\"https:\/\/websjop.afuk.frl\/wp-content\/uploads\/2025\/08\/zonnehoed-frysl_n.jpg\" \/>\n\t<meta property=\"og:image:width\" content=\"676\" \/>\n\t<meta property=\"og:image:height\" content=\"512\" \/>\n\t<meta property=\"og:image:type\" content=\"image\/jpeg\" \/>\n<meta name=\"twitter:card\" content=\"summary_large_image\" \/>\n<meta name=\"twitter:label1\" content=\"Geschatte leestijd\" \/>\n\t<meta name=\"twitter:data1\" content=\"1 minuut\" \/>\n<script type=\"application\/ld+json\" class=\"yoast-schema-graph\">{\"@context\":\"https:\\\/\\\/schema.org\",\"@graph\":[{\"@type\":\"WebPage\",\"@id\":\"https:\\\/\\\/websjop.afuk.frl\\\/nl\\\/winkel\\\/sinnehoed-wyt\\\/\",\"url\":\"https:\\\/\\\/websjop.afuk.frl\\\/nl\\\/winkel\\\/sinnehoed-wyt\\\/\",\"name\":\"Zonnehoed Frysl\u00e2n &#8211; Af\u00fbk Websjop\",\"isPartOf\":{\"@id\":\"https:\\\/\\\/websjop.afuk.frl\\\/nl\\\/#website\"},\"primaryImageOfPage\":{\"@id\":\"https:\\\/\\\/websjop.afuk.frl\\\/nl\\\/winkel\\\/sinnehoed-wyt\\\/#primaryimage\"},\"image\":{\"@id\":\"https:\\\/\\\/websjop.afuk.frl\\\/nl\\\/winkel\\\/sinnehoed-wyt\\\/#primaryimage\"},\"thumbnailUrl\":\"https:\\\/\\\/websjop.afuk.frl\\\/wp-content\\\/uploads\\\/2025\\\/08\\\/zonnehoed-frysl_n.jpg\",\"datePublished\":\"2025-08-21T13:38:26+00:00\",\"dateModified\":\"2026-03-09T11:35:47+00:00\",\"description\":\"Witte zonnehoed Frysl\u00e2n met opdruk Friese vlag. Ideale hoed voor op de boot, de camping of voor aan het strand. Met Sunprotection UPF 30. Maat: 57 cm.\",\"breadcrumb\":{\"@id\":\"https:\\\/\\\/websjop.afuk.frl\\\/nl\\\/winkel\\\/sinnehoed-wyt\\\/#breadcrumb\"},\"inLanguage\":\"nl-NL\",\"potentialAction\":[{\"@type\":\"ReadAction\",\"target\":[\"https:\\\/\\\/websjop.afuk.frl\\\/nl\\\/winkel\\\/sinnehoed-wyt\\\/\"]}]},{\"@type\":\"ImageObject\",\"inLanguage\":\"nl-NL\",\"@id\":\"https:\\\/\\\/websjop.afuk.frl\\\/nl\\\/winkel\\\/sinnehoed-wyt\\\/#primaryimage\",\"url\":\"https:\\\/\\\/websjop.afuk.frl\\\/wp-content\\\/uploads\\\/2025\\\/08\\\/zonnehoed-frysl_n.jpg\",\"contentUrl\":\"https:\\\/\\\/websjop.afuk.frl\\\/wp-content\\\/uploads\\\/2025\\\/08\\\/zonnehoed-frysl_n.jpg\",\"width\":676,\"height\":512},{\"@type\":\"BreadcrumbList\",\"@id\":\"https:\\\/\\\/websjop.afuk.frl\\\/nl\\\/winkel\\\/sinnehoed-wyt\\\/#breadcrumb\",\"itemListElement\":[{\"@type\":\"ListItem\",\"position\":1,\"name\":\"Home\",\"item\":\"https:\\\/\\\/websjop.afuk.frl\\\/nl\\\/\"},{\"@type\":\"ListItem\",\"position\":2,\"name\":\"Winkel\",\"item\":\"https:\\\/\\\/websjop.afuk.frl\\\/nl\\\/winkel\\\/\"},{\"@type\":\"ListItem\",\"position\":3,\"name\":\"Zonnehoed Frysl\u00e2n\"}]},{\"@type\":\"WebSite\",\"@id\":\"https:\\\/\\\/websjop.afuk.frl\\\/nl\\\/#website\",\"url\":\"https:\\\/\\\/websjop.afuk.frl\\\/nl\\\/\",\"name\":\"Af\u00fbk Websjop\",\"description\":\"\",\"potentialAction\":[{\"@type\":\"SearchAction\",\"target\":{\"@type\":\"EntryPoint\",\"urlTemplate\":\"https:\\\/\\\/websjop.afuk.frl\\\/nl\\\/?s={search_term_string}\"},\"query-input\":{\"@type\":\"PropertyValueSpecification\",\"valueRequired\":true,\"valueName\":\"search_term_string\"}}],\"inLanguage\":\"nl-NL\"}]}<\/script>\n<!-- \/ Yoast SEO plugin. -->","yoast_head_json":{"title":"Zonnehoed Frysl\u00e2n &#8211; Af\u00fbk Websjop","description":"Witte zonnehoed Frysl\u00e2n met opdruk Friese vlag. Ideale hoed voor op de boot, de camping of voor aan het strand. Met Sunprotection UPF 30. Maat: 57 cm.","robots":{"index":"index","follow":"follow","max-snippet":"max-snippet:-1","max-image-preview":"max-image-preview:large","max-video-preview":"max-video-preview:-1"},"canonical":"https:\/\/websjop.afuk.frl\/nl\/winkel\/sinnehoed-wyt\/","og_locale":"nl_NL","og_type":"article","og_title":"Zonnehoed Frysl\u00e2n &#8211; Af\u00fbk Websjop","og_description":"Witte zonnehoed Frysl\u00e2n met opdruk Friese vlag. Ideale hoed voor op de boot, de camping of voor aan het strand. Met Sunprotection UPF 30. Maat: 57 cm.","og_url":"https:\/\/websjop.afuk.frl\/nl\/winkel\/sinnehoed-wyt\/","og_site_name":"Af\u00fbk Websjop","article_modified_time":"2026-03-09T11:35:47+00:00","og_image":[{"width":676,"height":512,"url":"https:\/\/websjop.afuk.frl\/wp-content\/uploads\/2025\/08\/zonnehoed-frysl_n.jpg","type":"image\/jpeg"}],"twitter_card":"summary_large_image","twitter_misc":{"Geschatte leestijd":"1 minuut"},"schema":{"@context":"https:\/\/schema.org","@graph":[{"@type":"WebPage","@id":"https:\/\/websjop.afuk.frl\/nl\/winkel\/sinnehoed-wyt\/","url":"https:\/\/websjop.afuk.frl\/nl\/winkel\/sinnehoed-wyt\/","name":"Zonnehoed Frysl\u00e2n &#8211; Af\u00fbk Websjop","isPartOf":{"@id":"https:\/\/websjop.afuk.frl\/nl\/#website"},"primaryImageOfPage":{"@id":"https:\/\/websjop.afuk.frl\/nl\/winkel\/sinnehoed-wyt\/#primaryimage"},"image":{"@id":"https:\/\/websjop.afuk.frl\/nl\/winkel\/sinnehoed-wyt\/#primaryimage"},"thumbnailUrl":"https:\/\/websjop.afuk.frl\/wp-content\/uploads\/2025\/08\/zonnehoed-frysl_n.jpg","datePublished":"2025-08-21T13:38:26+00:00","dateModified":"2026-03-09T11:35:47+00:00","description":"Witte zonnehoed Frysl\u00e2n met opdruk Friese vlag. Ideale hoed voor op de boot, de camping of voor aan het strand. Met Sunprotection UPF 30. Maat: 57 cm.","breadcrumb":{"@id":"https:\/\/websjop.afuk.frl\/nl\/winkel\/sinnehoed-wyt\/#breadcrumb"},"inLanguage":"nl-NL","potentialAction":[{"@type":"ReadAction","target":["https:\/\/websjop.afuk.frl\/nl\/winkel\/sinnehoed-wyt\/"]}]},{"@type":"ImageObject","inLanguage":"nl-NL","@id":"https:\/\/websjop.afuk.frl\/nl\/winkel\/sinnehoed-wyt\/#primaryimage","url":"https:\/\/websjop.afuk.frl\/wp-content\/uploads\/2025\/08\/zonnehoed-frysl_n.jpg","contentUrl":"https:\/\/websjop.afuk.frl\/wp-content\/uploads\/2025\/08\/zonnehoed-frysl_n.jpg","width":676,"height":512},{"@type":"BreadcrumbList","@id":"https:\/\/websjop.afuk.frl\/nl\/winkel\/sinnehoed-wyt\/#breadcrumb","itemListElement":[{"@type":"ListItem","position":1,"name":"Home","item":"https:\/\/websjop.afuk.frl\/nl\/"},{"@type":"ListItem","position":2,"name":"Winkel","item":"https:\/\/websjop.afuk.frl\/nl\/winkel\/"},{"@type":"ListItem","position":3,"name":"Zonnehoed Frysl\u00e2n"}]},{"@type":"WebSite","@id":"https:\/\/websjop.afuk.frl\/nl\/#website","url":"https:\/\/websjop.afuk.frl\/nl\/","name":"Af\u00fbk Websjop","description":"","potentialAction":[{"@type":"SearchAction","target":{"@type":"EntryPoint","urlTemplate":"https:\/\/websjop.afuk.frl\/nl\/?s={search_term_string}"},"query-input":{"@type":"PropertyValueSpecification","valueRequired":true,"valueName":"search_term_string"}}],"inLanguage":"nl-NL"}]}},"_links":{"self":[{"href":"https:\/\/websjop.afuk.frl\/nl\/wp-json\/wp\/v2\/product\/49815","targetHints":{"allow":["GET"]}}],"collection":[{"href":"https:\/\/websjop.afuk.frl\/nl\/wp-json\/wp\/v2\/product"}],"about":[{"href":"https:\/\/websjop.afuk.frl\/nl\/wp-json\/wp\/v2\/types\/product"}],"replies":[{"embeddable":true,"href":"https:\/\/websjop.afuk.frl\/nl\/wp-json\/wp\/v2\/comments?post=49815"}],"wp:featuredmedia":[{"embeddable":true,"href":"https:\/\/websjop.afuk.frl\/nl\/wp-json\/wp\/v2\/media\/49816"}],"wp:attachment":[{"href":"https:\/\/websjop.afuk.frl\/nl\/wp-json\/wp\/v2\/media?parent=49815"}],"wp:term":[{"taxonomy":"product_brand","embeddable":true,"href":"https:\/\/websjop.afuk.frl\/nl\/wp-json\/wp\/v2\/product_brand?post=49815"},{"taxonomy":"product_cat","embeddable":true,"href":"https:\/\/websjop.afuk.frl\/nl\/wp-json\/wp\/v2\/product_cat?post=49815"},{"taxonomy":"product_tag","embeddable":true,"href":"https:\/\/websjop.afuk.frl\/nl\/wp-json\/wp\/v2\/product_tag?post=49815"}],"curies":[{"name":"wp","href":"https:\/\/api.w.org\/{rel}","templated":true}]}}