{"id":49716,"date":"2025-08-08T11:27:36","date_gmt":"2025-08-08T09:27:36","guid":{"rendered":"https:\/\/websjop.afuk.frl\/frl\/?post_type=product&#038;p=49716"},"modified":"2025-12-01T09:55:43","modified_gmt":"2025-12-01T08:55:43","slug":"de-geheime-doar","status":"publish","type":"product","link":"https:\/\/websjop.afuk.frl\/nl\/winkel\/de-geheime-doar\/","title":{"rendered":"De geheime doar"},"content":{"rendered":"<p>25 verhalen om in te verdwijnen&#8230; <em>De geheime doar <\/em>staat vol verrassende en verwonderlijke verhalen over een politiehond, mensen uit het jaar 2275, Jacob die in de Tweede Wereldoorlog moest onderduiken, strafwerk in de zestiende eeuw&#8230; en nog volle meer.<\/p>\n<p>In een boeiende stijl weet Lida Dykstra de lezer altijd de geschiedenis \u00f3f juist de toekomst in te trekken, met verhalen vol fantasie en humor en hiel en daar een sprankje magie. <em>De geheime doar <\/em>is een vervolg op de succesvolle verhalenbundel <em>It Sp\u00fbkskip. <\/em><\/p>\n<p>Leeftijd: 10+<\/p>\n<hr \/>\n<p><em>Hilda Mous: &#8220;Auteur Lida Dykstra stiet eins wol garant foar in kwalitatyf goed boek dat dy as l\u00eazer meinimt yn it aventoer. En dat jildt seker ek by har nije boek \u2018De geheime doar\u2019. D\u00earyn steane ferskate koarte ferhalen dy\u2019t hieltyd wer pakkend binne. D\u00eartroch kinst it moai flot trochl\u00eaze. En meast by ien ferhaal net oph\u00e2lde.&#8221; <a href=\"https:\/\/heitenmem.frl\/boekresinsje-de-geheime-doar-troch-hilda\/\" target=\"_blank\" rel=\"noopener\">L\u00eas hjir Hilda har folsleine resinsje.<\/a><\/em><\/p>\n<p>&nbsp;<\/p>\n<p>&nbsp;<\/p>\n<p>&nbsp;<\/p>\n<p>&nbsp;<\/p>\n","protected":false},"excerpt":{"rendered":"<p>25 verhalen om in te verdwijnen&#8230; De geheime doar staat vol verrassende en verwonderlijke verhalen over een politiehond, mensen uit het jaar 2275, Jacob die in de Tweede Wereldoorlog moest onderduiken, strafwerk in de zestiende eeuw&#8230; en nog volle meer. In een boeiende stijl weet Lida Dykstra de lezer altijd de geschiedenis \u00f3f juist de [&hellip;]<\/p>\n","protected":false},"featured_media":49719,"comment_status":"closed","ping_status":"closed","template":"","meta":{"_acf_changed":false},"product_brand":[],"product_cat":[1213,551,9763,535,18264,16955,18410,22899,22913],"product_tag":[24202,7198,5325,8628,6077,24203,6594],"class_list":{"0":"post-49716","1":"product","2":"type-product","3":"status-publish","4":"has-post-thumbnail","6":"product_cat-berne-en-jeugdboeken","7":"product_cat-berneboeken-8-12","8":"product_cat-de-moaiste-jeugdboeken","9":"product_cat-fryske-boeken","10":"product_cat-fryske-boekewike","11":"product_cat-herfst","12":"product_cat-primer-underwiis","13":"product_cat-tema-fantasy-en-mearkes","14":"product_cat-tema-ferhaleboeken","15":"product_tag-de-geheime-doar","16":"product_tag-fantasy","17":"product_tag-ferhalen","18":"product_tag-humor","19":"product_tag-lida-dykstra","20":"product_tag-magy","21":"product_tag-verhalen","22":"product_shipping_class-brievenbus-verzending","23":"pa_auteur-lida-dykstra-2","24":"pa_isbn-24201","25":"pa_new-label-1-3","26":"pa_taal-frysk","27":"pa_uitgever-afuk","29":"first","30":"instock","31":"featured","32":"taxable","33":"shipping-taxable","34":"purchasable","35":"product-type-simple"},"acf":[],"yoast_head":"<!-- This site is optimized with the Yoast SEO plugin v27.3 - https:\/\/yoast.com\/product\/yoast-seo-wordpress\/ -->\n<title>De geheime doar &#8211; Af\u00fbk Websjop<\/title>\n<meta name=\"description\" content=\"De geheime doar staat vol verrassende en verwonderlijke verhalen over een politiehond, mensen uit het jaar 2275, Jacob die moest onderduiken\" \/>\n<meta name=\"robots\" content=\"index, follow, max-snippet:-1, max-image-preview:large, max-video-preview:-1\" \/>\n<link rel=\"canonical\" href=\"https:\/\/websjop.afuk.frl\/nl\/winkel\/de-geheime-doar\/\" \/>\n<meta property=\"og:locale\" content=\"nl_NL\" \/>\n<meta property=\"og:type\" content=\"article\" \/>\n<meta property=\"og:title\" content=\"De geheime doar &#8211; Af\u00fbk Websjop\" \/>\n<meta property=\"og:description\" content=\"De geheime doar staat vol verrassende en verwonderlijke verhalen over een politiehond, mensen uit het jaar 2275, Jacob die moest onderduiken\" \/>\n<meta property=\"og:url\" content=\"https:\/\/websjop.afuk.frl\/nl\/winkel\/de-geheime-doar\/\" \/>\n<meta property=\"og:site_name\" content=\"Af\u00fbk Websjop\" \/>\n<meta property=\"article:modified_time\" content=\"2025-12-01T08:55:43+00:00\" \/>\n<meta property=\"og:image\" content=\"https:\/\/websjop.afuk.frl\/wp-content\/uploads\/2025\/08\/De-geheime-doar-HR-1-scaled.jpg\" \/>\n\t<meta property=\"og:image:width\" content=\"1884\" \/>\n\t<meta property=\"og:image:height\" content=\"2560\" \/>\n\t<meta property=\"og:image:type\" content=\"image\/jpeg\" \/>\n<meta name=\"twitter:card\" content=\"summary_large_image\" \/>\n<meta name=\"twitter:label1\" content=\"Geschatte leestijd\" \/>\n\t<meta name=\"twitter:data1\" content=\"2 minuten\" \/>\n<script type=\"application\/ld+json\" class=\"yoast-schema-graph\">{\"@context\":\"https:\\\/\\\/schema.org\",\"@graph\":[{\"@type\":\"WebPage\",\"@id\":\"https:\\\/\\\/websjop.afuk.frl\\\/nl\\\/winkel\\\/de-geheime-doar\\\/\",\"url\":\"https:\\\/\\\/websjop.afuk.frl\\\/nl\\\/winkel\\\/de-geheime-doar\\\/\",\"name\":\"De geheime doar &#8211; Af\u00fbk Websjop\",\"isPartOf\":{\"@id\":\"https:\\\/\\\/websjop.afuk.frl\\\/nl\\\/#website\"},\"primaryImageOfPage\":{\"@id\":\"https:\\\/\\\/websjop.afuk.frl\\\/nl\\\/winkel\\\/de-geheime-doar\\\/#primaryimage\"},\"image\":{\"@id\":\"https:\\\/\\\/websjop.afuk.frl\\\/nl\\\/winkel\\\/de-geheime-doar\\\/#primaryimage\"},\"thumbnailUrl\":\"https:\\\/\\\/websjop.afuk.frl\\\/wp-content\\\/uploads\\\/2025\\\/08\\\/De-geheime-doar-HR-1-scaled.jpg\",\"datePublished\":\"2025-08-08T09:27:36+00:00\",\"dateModified\":\"2025-12-01T08:55:43+00:00\",\"description\":\"De geheime doar staat vol verrassende en verwonderlijke verhalen over een politiehond, mensen uit het jaar 2275, Jacob die moest onderduiken\",\"breadcrumb\":{\"@id\":\"https:\\\/\\\/websjop.afuk.frl\\\/nl\\\/winkel\\\/de-geheime-doar\\\/#breadcrumb\"},\"inLanguage\":\"nl-NL\",\"potentialAction\":[{\"@type\":\"ReadAction\",\"target\":[\"https:\\\/\\\/websjop.afuk.frl\\\/nl\\\/winkel\\\/de-geheime-doar\\\/\"]}]},{\"@type\":\"ImageObject\",\"inLanguage\":\"nl-NL\",\"@id\":\"https:\\\/\\\/websjop.afuk.frl\\\/nl\\\/winkel\\\/de-geheime-doar\\\/#primaryimage\",\"url\":\"https:\\\/\\\/websjop.afuk.frl\\\/wp-content\\\/uploads\\\/2025\\\/08\\\/De-geheime-doar-HR-1-scaled.jpg\",\"contentUrl\":\"https:\\\/\\\/websjop.afuk.frl\\\/wp-content\\\/uploads\\\/2025\\\/08\\\/De-geheime-doar-HR-1-scaled.jpg\",\"width\":1884,\"height\":2560},{\"@type\":\"BreadcrumbList\",\"@id\":\"https:\\\/\\\/websjop.afuk.frl\\\/nl\\\/winkel\\\/de-geheime-doar\\\/#breadcrumb\",\"itemListElement\":[{\"@type\":\"ListItem\",\"position\":1,\"name\":\"Home\",\"item\":\"https:\\\/\\\/websjop.afuk.frl\\\/nl\\\/\"},{\"@type\":\"ListItem\",\"position\":2,\"name\":\"Winkel\",\"item\":\"https:\\\/\\\/websjop.afuk.frl\\\/nl\\\/winkel\\\/\"},{\"@type\":\"ListItem\",\"position\":3,\"name\":\"De geheime doar\"}]},{\"@type\":\"WebSite\",\"@id\":\"https:\\\/\\\/websjop.afuk.frl\\\/nl\\\/#website\",\"url\":\"https:\\\/\\\/websjop.afuk.frl\\\/nl\\\/\",\"name\":\"Af\u00fbk Websjop\",\"description\":\"\",\"potentialAction\":[{\"@type\":\"SearchAction\",\"target\":{\"@type\":\"EntryPoint\",\"urlTemplate\":\"https:\\\/\\\/websjop.afuk.frl\\\/nl\\\/?s={search_term_string}\"},\"query-input\":{\"@type\":\"PropertyValueSpecification\",\"valueRequired\":true,\"valueName\":\"search_term_string\"}}],\"inLanguage\":\"nl-NL\"}]}<\/script>\n<!-- \/ Yoast SEO plugin. -->","yoast_head_json":{"title":"De geheime doar &#8211; Af\u00fbk Websjop","description":"De geheime doar staat vol verrassende en verwonderlijke verhalen over een politiehond, mensen uit het jaar 2275, Jacob die moest onderduiken","robots":{"index":"index","follow":"follow","max-snippet":"max-snippet:-1","max-image-preview":"max-image-preview:large","max-video-preview":"max-video-preview:-1"},"canonical":"https:\/\/websjop.afuk.frl\/nl\/winkel\/de-geheime-doar\/","og_locale":"nl_NL","og_type":"article","og_title":"De geheime doar &#8211; Af\u00fbk Websjop","og_description":"De geheime doar staat vol verrassende en verwonderlijke verhalen over een politiehond, mensen uit het jaar 2275, Jacob die moest onderduiken","og_url":"https:\/\/websjop.afuk.frl\/nl\/winkel\/de-geheime-doar\/","og_site_name":"Af\u00fbk Websjop","article_modified_time":"2025-12-01T08:55:43+00:00","og_image":[{"width":1884,"height":2560,"url":"https:\/\/websjop.afuk.frl\/wp-content\/uploads\/2025\/08\/De-geheime-doar-HR-1-scaled.jpg","type":"image\/jpeg"}],"twitter_card":"summary_large_image","twitter_misc":{"Geschatte leestijd":"2 minuten"},"schema":{"@context":"https:\/\/schema.org","@graph":[{"@type":"WebPage","@id":"https:\/\/websjop.afuk.frl\/nl\/winkel\/de-geheime-doar\/","url":"https:\/\/websjop.afuk.frl\/nl\/winkel\/de-geheime-doar\/","name":"De geheime doar &#8211; Af\u00fbk Websjop","isPartOf":{"@id":"https:\/\/websjop.afuk.frl\/nl\/#website"},"primaryImageOfPage":{"@id":"https:\/\/websjop.afuk.frl\/nl\/winkel\/de-geheime-doar\/#primaryimage"},"image":{"@id":"https:\/\/websjop.afuk.frl\/nl\/winkel\/de-geheime-doar\/#primaryimage"},"thumbnailUrl":"https:\/\/websjop.afuk.frl\/wp-content\/uploads\/2025\/08\/De-geheime-doar-HR-1-scaled.jpg","datePublished":"2025-08-08T09:27:36+00:00","dateModified":"2025-12-01T08:55:43+00:00","description":"De geheime doar staat vol verrassende en verwonderlijke verhalen over een politiehond, mensen uit het jaar 2275, Jacob die moest onderduiken","breadcrumb":{"@id":"https:\/\/websjop.afuk.frl\/nl\/winkel\/de-geheime-doar\/#breadcrumb"},"inLanguage":"nl-NL","potentialAction":[{"@type":"ReadAction","target":["https:\/\/websjop.afuk.frl\/nl\/winkel\/de-geheime-doar\/"]}]},{"@type":"ImageObject","inLanguage":"nl-NL","@id":"https:\/\/websjop.afuk.frl\/nl\/winkel\/de-geheime-doar\/#primaryimage","url":"https:\/\/websjop.afuk.frl\/wp-content\/uploads\/2025\/08\/De-geheime-doar-HR-1-scaled.jpg","contentUrl":"https:\/\/websjop.afuk.frl\/wp-content\/uploads\/2025\/08\/De-geheime-doar-HR-1-scaled.jpg","width":1884,"height":2560},{"@type":"BreadcrumbList","@id":"https:\/\/websjop.afuk.frl\/nl\/winkel\/de-geheime-doar\/#breadcrumb","itemListElement":[{"@type":"ListItem","position":1,"name":"Home","item":"https:\/\/websjop.afuk.frl\/nl\/"},{"@type":"ListItem","position":2,"name":"Winkel","item":"https:\/\/websjop.afuk.frl\/nl\/winkel\/"},{"@type":"ListItem","position":3,"name":"De geheime doar"}]},{"@type":"WebSite","@id":"https:\/\/websjop.afuk.frl\/nl\/#website","url":"https:\/\/websjop.afuk.frl\/nl\/","name":"Af\u00fbk Websjop","description":"","potentialAction":[{"@type":"SearchAction","target":{"@type":"EntryPoint","urlTemplate":"https:\/\/websjop.afuk.frl\/nl\/?s={search_term_string}"},"query-input":{"@type":"PropertyValueSpecification","valueRequired":true,"valueName":"search_term_string"}}],"inLanguage":"nl-NL"}]}},"_links":{"self":[{"href":"https:\/\/websjop.afuk.frl\/nl\/wp-json\/wp\/v2\/product\/49716","targetHints":{"allow":["GET"]}}],"collection":[{"href":"https:\/\/websjop.afuk.frl\/nl\/wp-json\/wp\/v2\/product"}],"about":[{"href":"https:\/\/websjop.afuk.frl\/nl\/wp-json\/wp\/v2\/types\/product"}],"replies":[{"embeddable":true,"href":"https:\/\/websjop.afuk.frl\/nl\/wp-json\/wp\/v2\/comments?post=49716"}],"wp:featuredmedia":[{"embeddable":true,"href":"https:\/\/websjop.afuk.frl\/nl\/wp-json\/wp\/v2\/media\/49719"}],"wp:attachment":[{"href":"https:\/\/websjop.afuk.frl\/nl\/wp-json\/wp\/v2\/media?parent=49716"}],"wp:term":[{"taxonomy":"product_brand","embeddable":true,"href":"https:\/\/websjop.afuk.frl\/nl\/wp-json\/wp\/v2\/product_brand?post=49716"},{"taxonomy":"product_cat","embeddable":true,"href":"https:\/\/websjop.afuk.frl\/nl\/wp-json\/wp\/v2\/product_cat?post=49716"},{"taxonomy":"product_tag","embeddable":true,"href":"https:\/\/websjop.afuk.frl\/nl\/wp-json\/wp\/v2\/product_tag?post=49716"}],"curies":[{"name":"wp","href":"https:\/\/api.w.org\/{rel}","templated":true}]}}