{"id":49251,"date":"2025-06-18T12:51:51","date_gmt":"2025-06-18T10:51:51","guid":{"rendered":"https:\/\/websjop.afuk.frl\/frl\/?post_type=product&#038;p=49251"},"modified":"2026-03-09T12:35:59","modified_gmt":"2026-03-09T11:35:59","slug":"fryslan-zonnebril","status":"publish","type":"product","link":"https:\/\/websjop.afuk.frl\/nl\/winkel\/fryslan-zonnebril\/","title":{"rendered":"Frysl\u00e2n &#8211; zonnebril"},"content":{"rendered":"<p>Mooie Frysl\u00e2n-zonnebril om te dragen tijdens een feest, trouwerij, festival, popconcert of gewoon lekker buiten in de zon.<br \/>\nDe bril heeft een\u00a0 kunststof montuur met Friese vlagprint en heeft een UV400 protection.<\/p>\n","protected":false},"excerpt":{"rendered":"<p>Mooie Frysl\u00e2n-zonnebril om te dragen tijdens een feest, trouwerij, festival, popconcert of gewoon lekker buiten in de zon. De bril heeft een\u00a0 kunststof montuur met Friese vlagprint en heeft een UV400 protection.<\/p>\n","protected":false},"featured_media":49252,"comment_status":"closed","ping_status":"closed","template":"","meta":{"_acf_changed":false},"product_brand":[],"product_cat":[5217,565,5065,18203,1221,1313],"product_tag":[18421,23994,17953,10654,8539,23995],"class_list":{"0":"post-49251","1":"product","2":"type-product","3":"status-publish","4":"has-post-thumbnail","6":"product_cat-fryske-flagge","7":"product_cat-friese-producten","8":"product_cat-fryske-suvenirs","9":"product_cat-wandelen-en-fietsen","10":"product_cat-maitiid","11":"product_cat-simmer-yn-fryslan","12":"product_tag-fryske-flaggeprint","13":"product_tag-fryslan-zonnebril","14":"product_tag-konsert","15":"product_tag-simmer","16":"product_tag-sinne","17":"product_tag-sinnebril","18":"product_shipping_class-brievenbus-verzending","19":"pa_new-label-1-3","20":"pa_uitgever-a32-reclameproducten","22":"first","23":"instock","24":"taxable","25":"shipping-taxable","26":"purchasable","27":"product-type-simple"},"acf":[],"yoast_head":"<!-- This site is optimized with the Yoast SEO plugin v27.3 - https:\/\/yoast.com\/product\/yoast-seo-wordpress\/ -->\n<title>Frysl\u00e2n - zonnebril &#8211; Af\u00fbk Websjop<\/title>\n<meta name=\"description\" content=\"Mooie Frysl\u00e2n-zonnebril om te dragen tijdens een feest, trouwerij, festival, popconcert of gewoon lekker buiten in de zon. Heeft een UV400 protection.\" \/>\n<meta name=\"robots\" content=\"index, follow, max-snippet:-1, max-image-preview:large, max-video-preview:-1\" \/>\n<link rel=\"canonical\" href=\"https:\/\/websjop.afuk.frl\/nl\/winkel\/fryslan-zonnebril\/\" \/>\n<meta property=\"og:locale\" content=\"nl_NL\" \/>\n<meta property=\"og:type\" content=\"article\" \/>\n<meta property=\"og:title\" content=\"Frysl\u00e2n - zonnebril &#8211; Af\u00fbk Websjop\" \/>\n<meta property=\"og:description\" content=\"Mooie Frysl\u00e2n-zonnebril om te dragen tijdens een feest, trouwerij, festival, popconcert of gewoon lekker buiten in de zon. Heeft een UV400 protection.\" \/>\n<meta property=\"og:url\" content=\"https:\/\/websjop.afuk.frl\/nl\/winkel\/fryslan-zonnebril\/\" \/>\n<meta property=\"og:site_name\" content=\"Af\u00fbk Websjop\" \/>\n<meta property=\"article:modified_time\" content=\"2026-03-09T11:35:59+00:00\" \/>\n<meta property=\"og:image\" content=\"https:\/\/websjop.afuk.frl\/wp-content\/uploads\/2025\/06\/Fryske-bril-scaled.jpg\" \/>\n\t<meta property=\"og:image:width\" content=\"1920\" \/>\n\t<meta property=\"og:image:height\" content=\"2560\" \/>\n\t<meta property=\"og:image:type\" content=\"image\/jpeg\" \/>\n<meta name=\"twitter:card\" content=\"summary_large_image\" \/>\n<meta name=\"twitter:label1\" content=\"Geschatte leestijd\" \/>\n\t<meta name=\"twitter:data1\" content=\"1 minuut\" \/>\n<script type=\"application\/ld+json\" class=\"yoast-schema-graph\">{\"@context\":\"https:\\\/\\\/schema.org\",\"@graph\":[{\"@type\":\"WebPage\",\"@id\":\"https:\\\/\\\/websjop.afuk.frl\\\/nl\\\/winkel\\\/fryslan-zonnebril\\\/\",\"url\":\"https:\\\/\\\/websjop.afuk.frl\\\/nl\\\/winkel\\\/fryslan-zonnebril\\\/\",\"name\":\"Frysl\u00e2n - zonnebril &#8211; Af\u00fbk Websjop\",\"isPartOf\":{\"@id\":\"https:\\\/\\\/websjop.afuk.frl\\\/nl\\\/#website\"},\"primaryImageOfPage\":{\"@id\":\"https:\\\/\\\/websjop.afuk.frl\\\/nl\\\/winkel\\\/fryslan-zonnebril\\\/#primaryimage\"},\"image\":{\"@id\":\"https:\\\/\\\/websjop.afuk.frl\\\/nl\\\/winkel\\\/fryslan-zonnebril\\\/#primaryimage\"},\"thumbnailUrl\":\"https:\\\/\\\/websjop.afuk.frl\\\/wp-content\\\/uploads\\\/2025\\\/06\\\/Fryske-bril-scaled.jpg\",\"datePublished\":\"2025-06-18T10:51:51+00:00\",\"dateModified\":\"2026-03-09T11:35:59+00:00\",\"description\":\"Mooie Frysl\u00e2n-zonnebril om te dragen tijdens een feest, trouwerij, festival, popconcert of gewoon lekker buiten in de zon. Heeft een UV400 protection.\",\"breadcrumb\":{\"@id\":\"https:\\\/\\\/websjop.afuk.frl\\\/nl\\\/winkel\\\/fryslan-zonnebril\\\/#breadcrumb\"},\"inLanguage\":\"nl-NL\",\"potentialAction\":[{\"@type\":\"ReadAction\",\"target\":[\"https:\\\/\\\/websjop.afuk.frl\\\/nl\\\/winkel\\\/fryslan-zonnebril\\\/\"]}]},{\"@type\":\"ImageObject\",\"inLanguage\":\"nl-NL\",\"@id\":\"https:\\\/\\\/websjop.afuk.frl\\\/nl\\\/winkel\\\/fryslan-zonnebril\\\/#primaryimage\",\"url\":\"https:\\\/\\\/websjop.afuk.frl\\\/wp-content\\\/uploads\\\/2025\\\/06\\\/Fryske-bril-scaled.jpg\",\"contentUrl\":\"https:\\\/\\\/websjop.afuk.frl\\\/wp-content\\\/uploads\\\/2025\\\/06\\\/Fryske-bril-scaled.jpg\",\"width\":1920,\"height\":2560},{\"@type\":\"BreadcrumbList\",\"@id\":\"https:\\\/\\\/websjop.afuk.frl\\\/nl\\\/winkel\\\/fryslan-zonnebril\\\/#breadcrumb\",\"itemListElement\":[{\"@type\":\"ListItem\",\"position\":1,\"name\":\"Home\",\"item\":\"https:\\\/\\\/websjop.afuk.frl\\\/nl\\\/\"},{\"@type\":\"ListItem\",\"position\":2,\"name\":\"Winkel\",\"item\":\"https:\\\/\\\/websjop.afuk.frl\\\/nl\\\/winkel\\\/\"},{\"@type\":\"ListItem\",\"position\":3,\"name\":\"Frysl\u00e2n &#8211; zonnebril\"}]},{\"@type\":\"WebSite\",\"@id\":\"https:\\\/\\\/websjop.afuk.frl\\\/nl\\\/#website\",\"url\":\"https:\\\/\\\/websjop.afuk.frl\\\/nl\\\/\",\"name\":\"Af\u00fbk Websjop\",\"description\":\"\",\"potentialAction\":[{\"@type\":\"SearchAction\",\"target\":{\"@type\":\"EntryPoint\",\"urlTemplate\":\"https:\\\/\\\/websjop.afuk.frl\\\/nl\\\/?s={search_term_string}\"},\"query-input\":{\"@type\":\"PropertyValueSpecification\",\"valueRequired\":true,\"valueName\":\"search_term_string\"}}],\"inLanguage\":\"nl-NL\"}]}<\/script>\n<!-- \/ Yoast SEO plugin. -->","yoast_head_json":{"title":"Frysl\u00e2n - zonnebril &#8211; Af\u00fbk Websjop","description":"Mooie Frysl\u00e2n-zonnebril om te dragen tijdens een feest, trouwerij, festival, popconcert of gewoon lekker buiten in de zon. Heeft een UV400 protection.","robots":{"index":"index","follow":"follow","max-snippet":"max-snippet:-1","max-image-preview":"max-image-preview:large","max-video-preview":"max-video-preview:-1"},"canonical":"https:\/\/websjop.afuk.frl\/nl\/winkel\/fryslan-zonnebril\/","og_locale":"nl_NL","og_type":"article","og_title":"Frysl\u00e2n - zonnebril &#8211; Af\u00fbk Websjop","og_description":"Mooie Frysl\u00e2n-zonnebril om te dragen tijdens een feest, trouwerij, festival, popconcert of gewoon lekker buiten in de zon. Heeft een UV400 protection.","og_url":"https:\/\/websjop.afuk.frl\/nl\/winkel\/fryslan-zonnebril\/","og_site_name":"Af\u00fbk Websjop","article_modified_time":"2026-03-09T11:35:59+00:00","og_image":[{"width":1920,"height":2560,"url":"https:\/\/websjop.afuk.frl\/wp-content\/uploads\/2025\/06\/Fryske-bril-scaled.jpg","type":"image\/jpeg"}],"twitter_card":"summary_large_image","twitter_misc":{"Geschatte leestijd":"1 minuut"},"schema":{"@context":"https:\/\/schema.org","@graph":[{"@type":"WebPage","@id":"https:\/\/websjop.afuk.frl\/nl\/winkel\/fryslan-zonnebril\/","url":"https:\/\/websjop.afuk.frl\/nl\/winkel\/fryslan-zonnebril\/","name":"Frysl\u00e2n - zonnebril &#8211; Af\u00fbk Websjop","isPartOf":{"@id":"https:\/\/websjop.afuk.frl\/nl\/#website"},"primaryImageOfPage":{"@id":"https:\/\/websjop.afuk.frl\/nl\/winkel\/fryslan-zonnebril\/#primaryimage"},"image":{"@id":"https:\/\/websjop.afuk.frl\/nl\/winkel\/fryslan-zonnebril\/#primaryimage"},"thumbnailUrl":"https:\/\/websjop.afuk.frl\/wp-content\/uploads\/2025\/06\/Fryske-bril-scaled.jpg","datePublished":"2025-06-18T10:51:51+00:00","dateModified":"2026-03-09T11:35:59+00:00","description":"Mooie Frysl\u00e2n-zonnebril om te dragen tijdens een feest, trouwerij, festival, popconcert of gewoon lekker buiten in de zon. Heeft een UV400 protection.","breadcrumb":{"@id":"https:\/\/websjop.afuk.frl\/nl\/winkel\/fryslan-zonnebril\/#breadcrumb"},"inLanguage":"nl-NL","potentialAction":[{"@type":"ReadAction","target":["https:\/\/websjop.afuk.frl\/nl\/winkel\/fryslan-zonnebril\/"]}]},{"@type":"ImageObject","inLanguage":"nl-NL","@id":"https:\/\/websjop.afuk.frl\/nl\/winkel\/fryslan-zonnebril\/#primaryimage","url":"https:\/\/websjop.afuk.frl\/wp-content\/uploads\/2025\/06\/Fryske-bril-scaled.jpg","contentUrl":"https:\/\/websjop.afuk.frl\/wp-content\/uploads\/2025\/06\/Fryske-bril-scaled.jpg","width":1920,"height":2560},{"@type":"BreadcrumbList","@id":"https:\/\/websjop.afuk.frl\/nl\/winkel\/fryslan-zonnebril\/#breadcrumb","itemListElement":[{"@type":"ListItem","position":1,"name":"Home","item":"https:\/\/websjop.afuk.frl\/nl\/"},{"@type":"ListItem","position":2,"name":"Winkel","item":"https:\/\/websjop.afuk.frl\/nl\/winkel\/"},{"@type":"ListItem","position":3,"name":"Frysl\u00e2n &#8211; zonnebril"}]},{"@type":"WebSite","@id":"https:\/\/websjop.afuk.frl\/nl\/#website","url":"https:\/\/websjop.afuk.frl\/nl\/","name":"Af\u00fbk Websjop","description":"","potentialAction":[{"@type":"SearchAction","target":{"@type":"EntryPoint","urlTemplate":"https:\/\/websjop.afuk.frl\/nl\/?s={search_term_string}"},"query-input":{"@type":"PropertyValueSpecification","valueRequired":true,"valueName":"search_term_string"}}],"inLanguage":"nl-NL"}]}},"_links":{"self":[{"href":"https:\/\/websjop.afuk.frl\/nl\/wp-json\/wp\/v2\/product\/49251","targetHints":{"allow":["GET"]}}],"collection":[{"href":"https:\/\/websjop.afuk.frl\/nl\/wp-json\/wp\/v2\/product"}],"about":[{"href":"https:\/\/websjop.afuk.frl\/nl\/wp-json\/wp\/v2\/types\/product"}],"replies":[{"embeddable":true,"href":"https:\/\/websjop.afuk.frl\/nl\/wp-json\/wp\/v2\/comments?post=49251"}],"wp:featuredmedia":[{"embeddable":true,"href":"https:\/\/websjop.afuk.frl\/nl\/wp-json\/wp\/v2\/media\/49252"}],"wp:attachment":[{"href":"https:\/\/websjop.afuk.frl\/nl\/wp-json\/wp\/v2\/media?parent=49251"}],"wp:term":[{"taxonomy":"product_brand","embeddable":true,"href":"https:\/\/websjop.afuk.frl\/nl\/wp-json\/wp\/v2\/product_brand?post=49251"},{"taxonomy":"product_cat","embeddable":true,"href":"https:\/\/websjop.afuk.frl\/nl\/wp-json\/wp\/v2\/product_cat?post=49251"},{"taxonomy":"product_tag","embeddable":true,"href":"https:\/\/websjop.afuk.frl\/nl\/wp-json\/wp\/v2\/product_tag?post=49251"}],"curies":[{"name":"wp","href":"https:\/\/api.w.org\/{rel}","templated":true}]}}