{"id":49015,"date":"2025-06-02T11:27:08","date_gmt":"2025-06-02T09:27:08","guid":{"rendered":"https:\/\/websjop.afuk.frl\/frl\/?post_type=product&#038;p=49015"},"modified":"2025-07-01T19:53:09","modified_gmt":"2025-07-01T17:53:09","slug":"njoggen-dagen-yn-it-gers-gedichten","status":"publish","type":"product","link":"https:\/\/websjop.afuk.frl\/nl\/winkel\/njoggen-dagen-yn-it-gers-gedichten\/","title":{"rendered":"Njoggen dagen yn it gers &#8211; Gedichten"},"content":{"rendered":"<p><em>Njoggen dagen yn it gers<\/em> is de twaalfde dichtbundel van Abe de Vries.<\/p>\n<p>Net als zijn voorgangers bestaat <em>Njoggen dagen yn it gers<\/em> uit nieuwe gedichten en ouder, bewerkt materiaal, steeds geschreven als transformaties van eigen ervaringen in talige avontuurtjes. En net als in zijn vroegere bundels toont de dichter lef. Hij spaart niets en niemand, ook zichzelf niet: &#8216;Ik had aan het schrijven van po\u00ebzie altijd vreselijk de schurft&#8217;, zo begint het tweede gedicht in deze bundel die de lezer naar de uithoeken van Friesland voert, maar ook naar Spitsbergen, Californi\u00eb, Oekra\u00efne, Normandi\u00eb en de Pfalz.<\/p>\n","protected":false},"excerpt":{"rendered":"<p>Njoggen dagen yn it gers is de twaalfde dichtbundel van Abe de Vries. Net als zijn voorgangers bestaat Njoggen dagen yn it gers uit nieuwe gedichten en ouder, bewerkt materiaal, steeds geschreven als transformaties van eigen ervaringen in talige avontuurtjes. En net als in zijn vroegere bundels toont de dichter lef. Hij spaart niets en [&hellip;]<\/p>\n","protected":false},"featured_media":49016,"comment_status":"closed","ping_status":"closed","template":"","meta":{"_acf_changed":false},"product_brand":[],"product_cat":[538,535,1215],"product_tag":[17163,5521,5191,23958,23957,17036],"class_list":{"0":"post-49015","1":"product","2":"type-product","3":"status-publish","4":"has-post-thumbnail","6":"product_cat-dichtbondels","7":"product_cat-fryske-boeken","8":"product_cat-romans-en-literatuer","9":"product_tag-abe-de-vries","10":"product_tag-dichtbondel","11":"product_tag-gedichten","12":"product_tag-gedichtenbundel","13":"product_tag-njoggen-dagen-yn-it-gers","14":"product_tag-poezie","15":"product_shipping_class-brievenbus-verzending","16":"pa_auteur-abe-de-vries-2","17":"pa_isbn-23956","18":"pa_new-label-1-3","19":"pa_taal-frysk","20":"pa_uitgever-de-ryp","22":"first","23":"instock","24":"taxable","25":"shipping-taxable","26":"purchasable","27":"product-type-simple"},"acf":[],"yoast_head":"<!-- This site is optimized with the Yoast SEO plugin v27.3 - https:\/\/yoast.com\/product\/yoast-seo-wordpress\/ -->\n<title>Njoggen dagen yn it gers - Gedichten &#8211; Af\u00fbk Websjop<\/title>\n<meta name=\"description\" content=\"Njoggen dagen yn it gers bestaat uit nieuwe gedichten en ouder, bewerkt materiaal, steeds geschreven als transformaties van eigen ervaringen.\" \/>\n<meta name=\"robots\" content=\"index, follow, max-snippet:-1, max-image-preview:large, max-video-preview:-1\" \/>\n<link rel=\"canonical\" href=\"https:\/\/websjop.afuk.frl\/nl\/winkel\/njoggen-dagen-yn-it-gers-gedichten\/\" \/>\n<meta property=\"og:locale\" content=\"nl_NL\" \/>\n<meta property=\"og:type\" content=\"article\" \/>\n<meta property=\"og:title\" content=\"Njoggen dagen yn it gers - Gedichten &#8211; Af\u00fbk Websjop\" \/>\n<meta property=\"og:description\" content=\"Njoggen dagen yn it gers bestaat uit nieuwe gedichten en ouder, bewerkt materiaal, steeds geschreven als transformaties van eigen ervaringen.\" \/>\n<meta property=\"og:url\" content=\"https:\/\/websjop.afuk.frl\/nl\/winkel\/njoggen-dagen-yn-it-gers-gedichten\/\" \/>\n<meta property=\"og:site_name\" content=\"Af\u00fbk Websjop\" \/>\n<meta property=\"article:modified_time\" content=\"2025-07-01T17:53:09+00:00\" \/>\n<meta property=\"og:image\" content=\"https:\/\/websjop.afuk.frl\/wp-content\/uploads\/2025\/06\/Njoggen-dagen-yn-it-gers.jpg\" \/>\n\t<meta property=\"og:image:width\" content=\"1441\" \/>\n\t<meta property=\"og:image:height\" content=\"1600\" \/>\n\t<meta property=\"og:image:type\" content=\"image\/jpeg\" \/>\n<meta name=\"twitter:card\" content=\"summary_large_image\" \/>\n<meta name=\"twitter:label1\" content=\"Geschatte leestijd\" \/>\n\t<meta name=\"twitter:data1\" content=\"2 minuten\" \/>\n<script type=\"application\/ld+json\" class=\"yoast-schema-graph\">{\"@context\":\"https:\\\/\\\/schema.org\",\"@graph\":[{\"@type\":\"WebPage\",\"@id\":\"https:\\\/\\\/websjop.afuk.frl\\\/nl\\\/winkel\\\/njoggen-dagen-yn-it-gers-gedichten\\\/\",\"url\":\"https:\\\/\\\/websjop.afuk.frl\\\/nl\\\/winkel\\\/njoggen-dagen-yn-it-gers-gedichten\\\/\",\"name\":\"Njoggen dagen yn it gers - Gedichten &#8211; Af\u00fbk Websjop\",\"isPartOf\":{\"@id\":\"https:\\\/\\\/websjop.afuk.frl\\\/nl\\\/#website\"},\"primaryImageOfPage\":{\"@id\":\"https:\\\/\\\/websjop.afuk.frl\\\/nl\\\/winkel\\\/njoggen-dagen-yn-it-gers-gedichten\\\/#primaryimage\"},\"image\":{\"@id\":\"https:\\\/\\\/websjop.afuk.frl\\\/nl\\\/winkel\\\/njoggen-dagen-yn-it-gers-gedichten\\\/#primaryimage\"},\"thumbnailUrl\":\"https:\\\/\\\/websjop.afuk.frl\\\/wp-content\\\/uploads\\\/2025\\\/06\\\/Njoggen-dagen-yn-it-gers.jpg\",\"datePublished\":\"2025-06-02T09:27:08+00:00\",\"dateModified\":\"2025-07-01T17:53:09+00:00\",\"description\":\"Njoggen dagen yn it gers bestaat uit nieuwe gedichten en ouder, bewerkt materiaal, steeds geschreven als transformaties van eigen ervaringen.\",\"breadcrumb\":{\"@id\":\"https:\\\/\\\/websjop.afuk.frl\\\/nl\\\/winkel\\\/njoggen-dagen-yn-it-gers-gedichten\\\/#breadcrumb\"},\"inLanguage\":\"nl-NL\",\"potentialAction\":[{\"@type\":\"ReadAction\",\"target\":[\"https:\\\/\\\/websjop.afuk.frl\\\/nl\\\/winkel\\\/njoggen-dagen-yn-it-gers-gedichten\\\/\"]}]},{\"@type\":\"ImageObject\",\"inLanguage\":\"nl-NL\",\"@id\":\"https:\\\/\\\/websjop.afuk.frl\\\/nl\\\/winkel\\\/njoggen-dagen-yn-it-gers-gedichten\\\/#primaryimage\",\"url\":\"https:\\\/\\\/websjop.afuk.frl\\\/wp-content\\\/uploads\\\/2025\\\/06\\\/Njoggen-dagen-yn-it-gers.jpg\",\"contentUrl\":\"https:\\\/\\\/websjop.afuk.frl\\\/wp-content\\\/uploads\\\/2025\\\/06\\\/Njoggen-dagen-yn-it-gers.jpg\",\"width\":1441,\"height\":1600},{\"@type\":\"BreadcrumbList\",\"@id\":\"https:\\\/\\\/websjop.afuk.frl\\\/nl\\\/winkel\\\/njoggen-dagen-yn-it-gers-gedichten\\\/#breadcrumb\",\"itemListElement\":[{\"@type\":\"ListItem\",\"position\":1,\"name\":\"Home\",\"item\":\"https:\\\/\\\/websjop.afuk.frl\\\/nl\\\/\"},{\"@type\":\"ListItem\",\"position\":2,\"name\":\"Winkel\",\"item\":\"https:\\\/\\\/websjop.afuk.frl\\\/nl\\\/winkel\\\/\"},{\"@type\":\"ListItem\",\"position\":3,\"name\":\"Njoggen dagen yn it gers &#8211; Gedichten\"}]},{\"@type\":\"WebSite\",\"@id\":\"https:\\\/\\\/websjop.afuk.frl\\\/nl\\\/#website\",\"url\":\"https:\\\/\\\/websjop.afuk.frl\\\/nl\\\/\",\"name\":\"Af\u00fbk Websjop\",\"description\":\"\",\"potentialAction\":[{\"@type\":\"SearchAction\",\"target\":{\"@type\":\"EntryPoint\",\"urlTemplate\":\"https:\\\/\\\/websjop.afuk.frl\\\/nl\\\/?s={search_term_string}\"},\"query-input\":{\"@type\":\"PropertyValueSpecification\",\"valueRequired\":true,\"valueName\":\"search_term_string\"}}],\"inLanguage\":\"nl-NL\"}]}<\/script>\n<!-- \/ Yoast SEO plugin. -->","yoast_head_json":{"title":"Njoggen dagen yn it gers - Gedichten &#8211; Af\u00fbk Websjop","description":"Njoggen dagen yn it gers bestaat uit nieuwe gedichten en ouder, bewerkt materiaal, steeds geschreven als transformaties van eigen ervaringen.","robots":{"index":"index","follow":"follow","max-snippet":"max-snippet:-1","max-image-preview":"max-image-preview:large","max-video-preview":"max-video-preview:-1"},"canonical":"https:\/\/websjop.afuk.frl\/nl\/winkel\/njoggen-dagen-yn-it-gers-gedichten\/","og_locale":"nl_NL","og_type":"article","og_title":"Njoggen dagen yn it gers - Gedichten &#8211; Af\u00fbk Websjop","og_description":"Njoggen dagen yn it gers bestaat uit nieuwe gedichten en ouder, bewerkt materiaal, steeds geschreven als transformaties van eigen ervaringen.","og_url":"https:\/\/websjop.afuk.frl\/nl\/winkel\/njoggen-dagen-yn-it-gers-gedichten\/","og_site_name":"Af\u00fbk Websjop","article_modified_time":"2025-07-01T17:53:09+00:00","og_image":[{"width":1441,"height":1600,"url":"https:\/\/websjop.afuk.frl\/wp-content\/uploads\/2025\/06\/Njoggen-dagen-yn-it-gers.jpg","type":"image\/jpeg"}],"twitter_card":"summary_large_image","twitter_misc":{"Geschatte leestijd":"2 minuten"},"schema":{"@context":"https:\/\/schema.org","@graph":[{"@type":"WebPage","@id":"https:\/\/websjop.afuk.frl\/nl\/winkel\/njoggen-dagen-yn-it-gers-gedichten\/","url":"https:\/\/websjop.afuk.frl\/nl\/winkel\/njoggen-dagen-yn-it-gers-gedichten\/","name":"Njoggen dagen yn it gers - Gedichten &#8211; Af\u00fbk Websjop","isPartOf":{"@id":"https:\/\/websjop.afuk.frl\/nl\/#website"},"primaryImageOfPage":{"@id":"https:\/\/websjop.afuk.frl\/nl\/winkel\/njoggen-dagen-yn-it-gers-gedichten\/#primaryimage"},"image":{"@id":"https:\/\/websjop.afuk.frl\/nl\/winkel\/njoggen-dagen-yn-it-gers-gedichten\/#primaryimage"},"thumbnailUrl":"https:\/\/websjop.afuk.frl\/wp-content\/uploads\/2025\/06\/Njoggen-dagen-yn-it-gers.jpg","datePublished":"2025-06-02T09:27:08+00:00","dateModified":"2025-07-01T17:53:09+00:00","description":"Njoggen dagen yn it gers bestaat uit nieuwe gedichten en ouder, bewerkt materiaal, steeds geschreven als transformaties van eigen ervaringen.","breadcrumb":{"@id":"https:\/\/websjop.afuk.frl\/nl\/winkel\/njoggen-dagen-yn-it-gers-gedichten\/#breadcrumb"},"inLanguage":"nl-NL","potentialAction":[{"@type":"ReadAction","target":["https:\/\/websjop.afuk.frl\/nl\/winkel\/njoggen-dagen-yn-it-gers-gedichten\/"]}]},{"@type":"ImageObject","inLanguage":"nl-NL","@id":"https:\/\/websjop.afuk.frl\/nl\/winkel\/njoggen-dagen-yn-it-gers-gedichten\/#primaryimage","url":"https:\/\/websjop.afuk.frl\/wp-content\/uploads\/2025\/06\/Njoggen-dagen-yn-it-gers.jpg","contentUrl":"https:\/\/websjop.afuk.frl\/wp-content\/uploads\/2025\/06\/Njoggen-dagen-yn-it-gers.jpg","width":1441,"height":1600},{"@type":"BreadcrumbList","@id":"https:\/\/websjop.afuk.frl\/nl\/winkel\/njoggen-dagen-yn-it-gers-gedichten\/#breadcrumb","itemListElement":[{"@type":"ListItem","position":1,"name":"Home","item":"https:\/\/websjop.afuk.frl\/nl\/"},{"@type":"ListItem","position":2,"name":"Winkel","item":"https:\/\/websjop.afuk.frl\/nl\/winkel\/"},{"@type":"ListItem","position":3,"name":"Njoggen dagen yn it gers &#8211; Gedichten"}]},{"@type":"WebSite","@id":"https:\/\/websjop.afuk.frl\/nl\/#website","url":"https:\/\/websjop.afuk.frl\/nl\/","name":"Af\u00fbk Websjop","description":"","potentialAction":[{"@type":"SearchAction","target":{"@type":"EntryPoint","urlTemplate":"https:\/\/websjop.afuk.frl\/nl\/?s={search_term_string}"},"query-input":{"@type":"PropertyValueSpecification","valueRequired":true,"valueName":"search_term_string"}}],"inLanguage":"nl-NL"}]}},"_links":{"self":[{"href":"https:\/\/websjop.afuk.frl\/nl\/wp-json\/wp\/v2\/product\/49015","targetHints":{"allow":["GET"]}}],"collection":[{"href":"https:\/\/websjop.afuk.frl\/nl\/wp-json\/wp\/v2\/product"}],"about":[{"href":"https:\/\/websjop.afuk.frl\/nl\/wp-json\/wp\/v2\/types\/product"}],"replies":[{"embeddable":true,"href":"https:\/\/websjop.afuk.frl\/nl\/wp-json\/wp\/v2\/comments?post=49015"}],"wp:featuredmedia":[{"embeddable":true,"href":"https:\/\/websjop.afuk.frl\/nl\/wp-json\/wp\/v2\/media\/49016"}],"wp:attachment":[{"href":"https:\/\/websjop.afuk.frl\/nl\/wp-json\/wp\/v2\/media?parent=49015"}],"wp:term":[{"taxonomy":"product_brand","embeddable":true,"href":"https:\/\/websjop.afuk.frl\/nl\/wp-json\/wp\/v2\/product_brand?post=49015"},{"taxonomy":"product_cat","embeddable":true,"href":"https:\/\/websjop.afuk.frl\/nl\/wp-json\/wp\/v2\/product_cat?post=49015"},{"taxonomy":"product_tag","embeddable":true,"href":"https:\/\/websjop.afuk.frl\/nl\/wp-json\/wp\/v2\/product_tag?post=49015"}],"curies":[{"name":"wp","href":"https:\/\/api.w.org\/{rel}","templated":true}]}}