{"id":49012,"date":"2025-04-02T11:00:31","date_gmt":"2025-04-02T09:00:31","guid":{"rendered":"https:\/\/websjop.afuk.frl\/frl\/?post_type=product&#038;p=49012"},"modified":"2025-06-02T11:11:25","modified_gmt":"2025-06-02T09:11:25","slug":"fryske-dumkes","status":"publish","type":"product","link":"https:\/\/websjop.afuk.frl\/nl\/winkel\/fryske-dumkes\/","title":{"rendered":"Fryske D\u00famkes"},"content":{"rendered":"<p>Trakteer jezelf of een ander op een heerlijk Fries streekproduct: een doosje met 21 Fryske D\u00famkes. Deze traditionele koekjes zijn knapperig, kruidig en lichtzoet van smaak, met een vleugje anijs en stukjes hazelnoot. Een echte klassieker uit Friesland!<\/p>\n<p>Fryske D\u00famkes danken hun naam aan de duimafdruk die er vroeger met de hand in werd gezet. Tegenwoordig worden ze ambachtelijk gebakken volgens authentiek recept, zodat je kunt genieten van de \u00e9chte smaak van het noorden.<\/p>\n<p>Verpakt in een stijlvol doosje zijn deze koekjes perfect als cadeau, relatiegeschenk of gewoon voor jezelf bij de koffie of thee.<\/p>\n<p>Inhoud: 21 koekjes<br \/>\nAllergenen: bevat gluten en noten<\/p>\n<p><em>Ingredi\u00ebnten: tarwebloem, margarine (palmolie, raapolie, geharde palmolie, kokosolie, gedeeltelijk geharde palmolie, water, zout, emulgator: E471, voedingszuur: E330, kleurstop: E160a, aroma vitamine A en D3, blanke basterd, suiker, water, bruine basterd (kleurstof: E150c en E150d) anijs, sojabloem, amandel, hazelnoot, rijsmiddel (E503, E500, E450), zout en kaneel.<\/em><\/p>\n<p>&nbsp;<\/p>\n","protected":false},"excerpt":{"rendered":"<p>Trakteer jezelf of een ander op een heerlijk Fries streekproduct: een doosje met 21 Fryske D\u00famkes. Deze traditionele koekjes zijn knapperig, kruidig en lichtzoet van smaak, met een vleugje anijs en stukjes hazelnoot. Een echte klassieker uit Friesland! Fryske D\u00famkes danken hun naam aan de duimafdruk die er vroeger met de hand in werd gezet. [&hellip;]<\/p>\n","protected":false},"featured_media":49013,"comment_status":"closed","ping_status":"closed","template":"","meta":{"_acf_changed":false},"product_brand":[],"product_cat":[18638,565,1227,1247,1300],"product_tag":[23955,5173,23954,23953,18847],"class_list":{"0":"post-49012","1":"product","2":"type-product","3":"status-publish","4":"has-post-thumbnail","6":"product_cat-ein-skoaljier-slagge","7":"product_cat-friese-producten","8":"product_cat-heitedeikadootsjes","9":"product_cat-tips-foar-falentyn","10":"product_cat-top-tsien-snypsnaren","11":"product_tag-dumkes","12":"product_tag-frysk","13":"product_tag-koek","14":"product_tag-koekjes","15":"product_tag-lekker","16":"product_shipping_class-pakketpost-verzending","17":"pa_new-label-1-3","19":"first","20":"instock","21":"taxable","22":"shipping-taxable","23":"purchasable","24":"product-type-simple"},"acf":[],"yoast_head":"<!-- This site is optimized with the Yoast SEO plugin v27.3 - https:\/\/yoast.com\/product\/yoast-seo-wordpress\/ -->\n<title>Fryske D\u00famkes &#8211; Af\u00fbk Websjop<\/title>\n<meta name=\"description\" content=\"De originele Fryske d\u00famkes, heerlijke koekjes! Deze d\u00famkes zitten in een geschenkdoosje van 150 gram (21 d\u00famkes) Hier te bestellen!\" \/>\n<meta name=\"robots\" content=\"index, follow, max-snippet:-1, max-image-preview:large, max-video-preview:-1\" \/>\n<link rel=\"canonical\" href=\"https:\/\/websjop.afuk.frl\/nl\/winkel\/fryske-dumkes\/\" \/>\n<meta property=\"og:locale\" content=\"nl_NL\" \/>\n<meta property=\"og:type\" content=\"article\" \/>\n<meta property=\"og:title\" content=\"Fryske D\u00famkes &#8211; Af\u00fbk Websjop\" \/>\n<meta property=\"og:description\" content=\"De originele Fryske d\u00famkes, heerlijke koekjes! Deze d\u00famkes zitten in een geschenkdoosje van 150 gram (21 d\u00famkes) Hier te bestellen!\" \/>\n<meta property=\"og:url\" content=\"https:\/\/websjop.afuk.frl\/nl\/winkel\/fryske-dumkes\/\" \/>\n<meta property=\"og:site_name\" content=\"Af\u00fbk Websjop\" \/>\n<meta property=\"article:modified_time\" content=\"2025-06-02T09:11:25+00:00\" \/>\n<meta property=\"og:image\" content=\"https:\/\/websjop.afuk.frl\/wp-content\/uploads\/2025\/06\/fryske-dumkes-1024x677.png\" \/>\n\t<meta property=\"og:image:width\" content=\"1024\" \/>\n\t<meta property=\"og:image:height\" content=\"677\" \/>\n\t<meta property=\"og:image:type\" content=\"image\/png\" \/>\n<meta name=\"twitter:card\" content=\"summary_large_image\" \/>\n<meta name=\"twitter:label1\" content=\"Geschatte leestijd\" \/>\n\t<meta name=\"twitter:data1\" content=\"2 minuten\" \/>\n<script type=\"application\/ld+json\" class=\"yoast-schema-graph\">{\"@context\":\"https:\\\/\\\/schema.org\",\"@graph\":[{\"@type\":\"WebPage\",\"@id\":\"https:\\\/\\\/websjop.afuk.frl\\\/nl\\\/winkel\\\/fryske-dumkes\\\/\",\"url\":\"https:\\\/\\\/websjop.afuk.frl\\\/nl\\\/winkel\\\/fryske-dumkes\\\/\",\"name\":\"Fryske D\u00famkes &#8211; Af\u00fbk Websjop\",\"isPartOf\":{\"@id\":\"https:\\\/\\\/websjop.afuk.frl\\\/nl\\\/#website\"},\"primaryImageOfPage\":{\"@id\":\"https:\\\/\\\/websjop.afuk.frl\\\/nl\\\/winkel\\\/fryske-dumkes\\\/#primaryimage\"},\"image\":{\"@id\":\"https:\\\/\\\/websjop.afuk.frl\\\/nl\\\/winkel\\\/fryske-dumkes\\\/#primaryimage\"},\"thumbnailUrl\":\"https:\\\/\\\/websjop.afuk.frl\\\/wp-content\\\/uploads\\\/2025\\\/06\\\/fryske-dumkes.png\",\"datePublished\":\"2025-04-02T09:00:31+00:00\",\"dateModified\":\"2025-06-02T09:11:25+00:00\",\"description\":\"De originele Fryske d\u00famkes, heerlijke koekjes! Deze d\u00famkes zitten in een geschenkdoosje van 150 gram (21 d\u00famkes) Hier te bestellen!\",\"breadcrumb\":{\"@id\":\"https:\\\/\\\/websjop.afuk.frl\\\/nl\\\/winkel\\\/fryske-dumkes\\\/#breadcrumb\"},\"inLanguage\":\"nl-NL\",\"potentialAction\":[{\"@type\":\"ReadAction\",\"target\":[\"https:\\\/\\\/websjop.afuk.frl\\\/nl\\\/winkel\\\/fryske-dumkes\\\/\"]}]},{\"@type\":\"ImageObject\",\"inLanguage\":\"nl-NL\",\"@id\":\"https:\\\/\\\/websjop.afuk.frl\\\/nl\\\/winkel\\\/fryske-dumkes\\\/#primaryimage\",\"url\":\"https:\\\/\\\/websjop.afuk.frl\\\/wp-content\\\/uploads\\\/2025\\\/06\\\/fryske-dumkes.png\",\"contentUrl\":\"https:\\\/\\\/websjop.afuk.frl\\\/wp-content\\\/uploads\\\/2025\\\/06\\\/fryske-dumkes.png\",\"width\":3567,\"height\":2359},{\"@type\":\"BreadcrumbList\",\"@id\":\"https:\\\/\\\/websjop.afuk.frl\\\/nl\\\/winkel\\\/fryske-dumkes\\\/#breadcrumb\",\"itemListElement\":[{\"@type\":\"ListItem\",\"position\":1,\"name\":\"Home\",\"item\":\"https:\\\/\\\/websjop.afuk.frl\\\/nl\\\/\"},{\"@type\":\"ListItem\",\"position\":2,\"name\":\"Winkel\",\"item\":\"https:\\\/\\\/websjop.afuk.frl\\\/nl\\\/winkel\\\/\"},{\"@type\":\"ListItem\",\"position\":3,\"name\":\"Fryske D\u00famkes\"}]},{\"@type\":\"WebSite\",\"@id\":\"https:\\\/\\\/websjop.afuk.frl\\\/nl\\\/#website\",\"url\":\"https:\\\/\\\/websjop.afuk.frl\\\/nl\\\/\",\"name\":\"Af\u00fbk Websjop\",\"description\":\"\",\"potentialAction\":[{\"@type\":\"SearchAction\",\"target\":{\"@type\":\"EntryPoint\",\"urlTemplate\":\"https:\\\/\\\/websjop.afuk.frl\\\/nl\\\/?s={search_term_string}\"},\"query-input\":{\"@type\":\"PropertyValueSpecification\",\"valueRequired\":true,\"valueName\":\"search_term_string\"}}],\"inLanguage\":\"nl-NL\"}]}<\/script>\n<!-- \/ Yoast SEO plugin. -->","yoast_head_json":{"title":"Fryske D\u00famkes &#8211; Af\u00fbk Websjop","description":"De originele Fryske d\u00famkes, heerlijke koekjes! Deze d\u00famkes zitten in een geschenkdoosje van 150 gram (21 d\u00famkes) Hier te bestellen!","robots":{"index":"index","follow":"follow","max-snippet":"max-snippet:-1","max-image-preview":"max-image-preview:large","max-video-preview":"max-video-preview:-1"},"canonical":"https:\/\/websjop.afuk.frl\/nl\/winkel\/fryske-dumkes\/","og_locale":"nl_NL","og_type":"article","og_title":"Fryske D\u00famkes &#8211; Af\u00fbk Websjop","og_description":"De originele Fryske d\u00famkes, heerlijke koekjes! Deze d\u00famkes zitten in een geschenkdoosje van 150 gram (21 d\u00famkes) Hier te bestellen!","og_url":"https:\/\/websjop.afuk.frl\/nl\/winkel\/fryske-dumkes\/","og_site_name":"Af\u00fbk Websjop","article_modified_time":"2025-06-02T09:11:25+00:00","og_image":[{"width":1024,"height":677,"url":"https:\/\/websjop.afuk.frl\/wp-content\/uploads\/2025\/06\/fryske-dumkes-1024x677.png","type":"image\/png"}],"twitter_card":"summary_large_image","twitter_misc":{"Geschatte leestijd":"2 minuten"},"schema":{"@context":"https:\/\/schema.org","@graph":[{"@type":"WebPage","@id":"https:\/\/websjop.afuk.frl\/nl\/winkel\/fryske-dumkes\/","url":"https:\/\/websjop.afuk.frl\/nl\/winkel\/fryske-dumkes\/","name":"Fryske D\u00famkes &#8211; Af\u00fbk Websjop","isPartOf":{"@id":"https:\/\/websjop.afuk.frl\/nl\/#website"},"primaryImageOfPage":{"@id":"https:\/\/websjop.afuk.frl\/nl\/winkel\/fryske-dumkes\/#primaryimage"},"image":{"@id":"https:\/\/websjop.afuk.frl\/nl\/winkel\/fryske-dumkes\/#primaryimage"},"thumbnailUrl":"https:\/\/websjop.afuk.frl\/wp-content\/uploads\/2025\/06\/fryske-dumkes.png","datePublished":"2025-04-02T09:00:31+00:00","dateModified":"2025-06-02T09:11:25+00:00","description":"De originele Fryske d\u00famkes, heerlijke koekjes! Deze d\u00famkes zitten in een geschenkdoosje van 150 gram (21 d\u00famkes) Hier te bestellen!","breadcrumb":{"@id":"https:\/\/websjop.afuk.frl\/nl\/winkel\/fryske-dumkes\/#breadcrumb"},"inLanguage":"nl-NL","potentialAction":[{"@type":"ReadAction","target":["https:\/\/websjop.afuk.frl\/nl\/winkel\/fryske-dumkes\/"]}]},{"@type":"ImageObject","inLanguage":"nl-NL","@id":"https:\/\/websjop.afuk.frl\/nl\/winkel\/fryske-dumkes\/#primaryimage","url":"https:\/\/websjop.afuk.frl\/wp-content\/uploads\/2025\/06\/fryske-dumkes.png","contentUrl":"https:\/\/websjop.afuk.frl\/wp-content\/uploads\/2025\/06\/fryske-dumkes.png","width":3567,"height":2359},{"@type":"BreadcrumbList","@id":"https:\/\/websjop.afuk.frl\/nl\/winkel\/fryske-dumkes\/#breadcrumb","itemListElement":[{"@type":"ListItem","position":1,"name":"Home","item":"https:\/\/websjop.afuk.frl\/nl\/"},{"@type":"ListItem","position":2,"name":"Winkel","item":"https:\/\/websjop.afuk.frl\/nl\/winkel\/"},{"@type":"ListItem","position":3,"name":"Fryske D\u00famkes"}]},{"@type":"WebSite","@id":"https:\/\/websjop.afuk.frl\/nl\/#website","url":"https:\/\/websjop.afuk.frl\/nl\/","name":"Af\u00fbk Websjop","description":"","potentialAction":[{"@type":"SearchAction","target":{"@type":"EntryPoint","urlTemplate":"https:\/\/websjop.afuk.frl\/nl\/?s={search_term_string}"},"query-input":{"@type":"PropertyValueSpecification","valueRequired":true,"valueName":"search_term_string"}}],"inLanguage":"nl-NL"}]}},"_links":{"self":[{"href":"https:\/\/websjop.afuk.frl\/nl\/wp-json\/wp\/v2\/product\/49012","targetHints":{"allow":["GET"]}}],"collection":[{"href":"https:\/\/websjop.afuk.frl\/nl\/wp-json\/wp\/v2\/product"}],"about":[{"href":"https:\/\/websjop.afuk.frl\/nl\/wp-json\/wp\/v2\/types\/product"}],"replies":[{"embeddable":true,"href":"https:\/\/websjop.afuk.frl\/nl\/wp-json\/wp\/v2\/comments?post=49012"}],"wp:featuredmedia":[{"embeddable":true,"href":"https:\/\/websjop.afuk.frl\/nl\/wp-json\/wp\/v2\/media\/49013"}],"wp:attachment":[{"href":"https:\/\/websjop.afuk.frl\/nl\/wp-json\/wp\/v2\/media?parent=49012"}],"wp:term":[{"taxonomy":"product_brand","embeddable":true,"href":"https:\/\/websjop.afuk.frl\/nl\/wp-json\/wp\/v2\/product_brand?post=49012"},{"taxonomy":"product_cat","embeddable":true,"href":"https:\/\/websjop.afuk.frl\/nl\/wp-json\/wp\/v2\/product_cat?post=49012"},{"taxonomy":"product_tag","embeddable":true,"href":"https:\/\/websjop.afuk.frl\/nl\/wp-json\/wp\/v2\/product_tag?post=49012"}],"curies":[{"name":"wp","href":"https:\/\/api.w.org\/{rel}","templated":true}]}}