{"id":48824,"date":"2025-05-19T10:19:51","date_gmt":"2025-05-19T08:19:51","guid":{"rendered":"https:\/\/websjop.afuk.frl\/frl\/?post_type=product&#038;p=48824"},"modified":"2026-02-11T11:27:15","modified_gmt":"2026-02-11T10:27:15","slug":"keimpe-foarlestas","status":"publish","type":"product","link":"https:\/\/websjop.afuk.frl\/nl\/winkel\/keimpe-foarlestas\/","title":{"rendered":"Keimpe Foarl\u00eastas"},"content":{"rendered":"<p>In deze prachtige en stevige Keimpe Foarl\u00eastas zit:<\/p>\n<p>&#8211; Prentenboek W\u00ear is Keimpe?<\/p>\n<p>&#8211; Lesbrief met thema: Eigenwiis, vol informatie voor leerkrachten en ouders, tips en suggesties bij het Keimpe-boekje<\/p>\n<p>&#8211; Themaboekje Eigenwiis<\/p>\n<p>&#8211; handpop van Keimpe de Krokodil<\/p>\n","protected":false},"excerpt":{"rendered":"<p>In deze prachtige en stevige Keimpe Foarl\u00eastas zit: &#8211; Prentenboek W\u00ear is Keimpe? &#8211; Lesbrief met thema: Eigenwiis, vol informatie voor leerkrachten en ouders, tips en suggesties bij het Keimpe-boekje &#8211; Themaboekje Eigenwiis &#8211; handpop van Keimpe de Krokodil<\/p>\n","protected":false},"featured_media":48825,"comment_status":"closed","ping_status":"closed","template":"","meta":{"_acf_changed":false},"product_brand":[],"product_cat":[578,1213,549,18409,535,18403,24643,574,18404,14119],"product_tag":[23855,23854,6011,9651,5451,18621],"class_list":{"0":"post-48824","1":"product","2":"type-product","3":"status-publish","4":"has-post-thumbnail","6":"product_cat-bern-2","7":"product_cat-berne-en-jeugdboeken","8":"product_cat-berneboeken-0-tot-4-jaar","9":"product_cat-foarskoalsk","10":"product_cat-fryske-boeken","11":"product_cat-pakketten","12":"product_cat-keimpe","13":"product_cat-oanbiedingen","14":"product_cat-pakketten-foar-bern","15":"product_cat-underwiis","16":"product_tag-eigenwiis","17":"product_tag-foarlestas","18":"product_tag-hanpop","19":"product_tag-oanbieding","20":"product_tag-printeboek","21":"product_tag-wer-is-keimpe","22":"product_shipping_class-pakketpost-verzending","23":"pa_auteur-aart-cornelissen-3","24":"pa_isbn-18613","25":"pa_new-label-1-3","26":"pa_taal-frysk","27":"pa_uitgever-afuk","29":"first","30":"instock","31":"taxable","32":"shipping-taxable","33":"purchasable","34":"product-type-simple"},"acf":[],"yoast_head":"<!-- This site is optimized with the Yoast SEO plugin v27.3 - https:\/\/yoast.com\/product\/yoast-seo-wordpress\/ -->\n<title>Keimpe Foarl\u00eastas &#8211; Af\u00fbk Websjop<\/title>\n<meta name=\"description\" content=\"In deze prachtige Keimpe Foarl\u00eastas zit o.a. Prentenboek W\u00ear is Keimpe en een Lesbrief met thema: Eigenwiis, vol informatie tips en suggesties.\" \/>\n<meta name=\"robots\" content=\"index, follow, max-snippet:-1, max-image-preview:large, max-video-preview:-1\" \/>\n<link rel=\"canonical\" href=\"https:\/\/websjop.afuk.frl\/nl\/winkel\/keimpe-foarlestas\/\" \/>\n<meta property=\"og:locale\" content=\"nl_NL\" \/>\n<meta property=\"og:type\" content=\"article\" \/>\n<meta property=\"og:title\" content=\"Keimpe Foarl\u00eastas &#8211; Af\u00fbk Websjop\" \/>\n<meta property=\"og:description\" content=\"In deze prachtige Keimpe Foarl\u00eastas zit o.a. Prentenboek W\u00ear is Keimpe en een Lesbrief met thema: Eigenwiis, vol informatie tips en suggesties.\" \/>\n<meta property=\"og:url\" content=\"https:\/\/websjop.afuk.frl\/nl\/winkel\/keimpe-foarlestas\/\" \/>\n<meta property=\"og:site_name\" content=\"Af\u00fbk Websjop\" \/>\n<meta property=\"article:modified_time\" content=\"2026-02-11T10:27:15+00:00\" \/>\n<meta property=\"og:image\" content=\"https:\/\/websjop.afuk.frl\/wp-content\/uploads\/2025\/05\/Keimpe-taske-Eigenwiis.jpg\" \/>\n\t<meta property=\"og:image:width\" content=\"1536\" \/>\n\t<meta property=\"og:image:height\" content=\"2048\" \/>\n\t<meta property=\"og:image:type\" content=\"image\/jpeg\" \/>\n<meta name=\"twitter:card\" content=\"summary_large_image\" \/>\n<meta name=\"twitter:label1\" content=\"Geschatte leestijd\" \/>\n\t<meta name=\"twitter:data1\" content=\"1 minuut\" \/>\n<script type=\"application\/ld+json\" class=\"yoast-schema-graph\">{\"@context\":\"https:\\\/\\\/schema.org\",\"@graph\":[{\"@type\":\"WebPage\",\"@id\":\"https:\\\/\\\/websjop.afuk.frl\\\/nl\\\/winkel\\\/keimpe-foarlestas\\\/\",\"url\":\"https:\\\/\\\/websjop.afuk.frl\\\/nl\\\/winkel\\\/keimpe-foarlestas\\\/\",\"name\":\"Keimpe Foarl\u00eastas &#8211; Af\u00fbk Websjop\",\"isPartOf\":{\"@id\":\"https:\\\/\\\/websjop.afuk.frl\\\/nl\\\/#website\"},\"primaryImageOfPage\":{\"@id\":\"https:\\\/\\\/websjop.afuk.frl\\\/nl\\\/winkel\\\/keimpe-foarlestas\\\/#primaryimage\"},\"image\":{\"@id\":\"https:\\\/\\\/websjop.afuk.frl\\\/nl\\\/winkel\\\/keimpe-foarlestas\\\/#primaryimage\"},\"thumbnailUrl\":\"https:\\\/\\\/websjop.afuk.frl\\\/wp-content\\\/uploads\\\/2025\\\/05\\\/Keimpe-taske-Eigenwiis.jpg\",\"datePublished\":\"2025-05-19T08:19:51+00:00\",\"dateModified\":\"2026-02-11T10:27:15+00:00\",\"description\":\"In deze prachtige Keimpe Foarl\u00eastas zit o.a. Prentenboek W\u00ear is Keimpe en een Lesbrief met thema: Eigenwiis, vol informatie tips en suggesties.\",\"breadcrumb\":{\"@id\":\"https:\\\/\\\/websjop.afuk.frl\\\/nl\\\/winkel\\\/keimpe-foarlestas\\\/#breadcrumb\"},\"inLanguage\":\"nl-NL\",\"potentialAction\":[{\"@type\":\"ReadAction\",\"target\":[\"https:\\\/\\\/websjop.afuk.frl\\\/nl\\\/winkel\\\/keimpe-foarlestas\\\/\"]}]},{\"@type\":\"ImageObject\",\"inLanguage\":\"nl-NL\",\"@id\":\"https:\\\/\\\/websjop.afuk.frl\\\/nl\\\/winkel\\\/keimpe-foarlestas\\\/#primaryimage\",\"url\":\"https:\\\/\\\/websjop.afuk.frl\\\/wp-content\\\/uploads\\\/2025\\\/05\\\/Keimpe-taske-Eigenwiis.jpg\",\"contentUrl\":\"https:\\\/\\\/websjop.afuk.frl\\\/wp-content\\\/uploads\\\/2025\\\/05\\\/Keimpe-taske-Eigenwiis.jpg\",\"width\":1536,\"height\":2048},{\"@type\":\"BreadcrumbList\",\"@id\":\"https:\\\/\\\/websjop.afuk.frl\\\/nl\\\/winkel\\\/keimpe-foarlestas\\\/#breadcrumb\",\"itemListElement\":[{\"@type\":\"ListItem\",\"position\":1,\"name\":\"Home\",\"item\":\"https:\\\/\\\/websjop.afuk.frl\\\/nl\\\/\"},{\"@type\":\"ListItem\",\"position\":2,\"name\":\"Winkel\",\"item\":\"https:\\\/\\\/websjop.afuk.frl\\\/nl\\\/winkel\\\/\"},{\"@type\":\"ListItem\",\"position\":3,\"name\":\"Keimpe Foarl\u00eastas\"}]},{\"@type\":\"WebSite\",\"@id\":\"https:\\\/\\\/websjop.afuk.frl\\\/nl\\\/#website\",\"url\":\"https:\\\/\\\/websjop.afuk.frl\\\/nl\\\/\",\"name\":\"Af\u00fbk Websjop\",\"description\":\"\",\"potentialAction\":[{\"@type\":\"SearchAction\",\"target\":{\"@type\":\"EntryPoint\",\"urlTemplate\":\"https:\\\/\\\/websjop.afuk.frl\\\/nl\\\/?s={search_term_string}\"},\"query-input\":{\"@type\":\"PropertyValueSpecification\",\"valueRequired\":true,\"valueName\":\"search_term_string\"}}],\"inLanguage\":\"nl-NL\"}]}<\/script>\n<!-- \/ Yoast SEO plugin. -->","yoast_head_json":{"title":"Keimpe Foarl\u00eastas &#8211; Af\u00fbk Websjop","description":"In deze prachtige Keimpe Foarl\u00eastas zit o.a. Prentenboek W\u00ear is Keimpe en een Lesbrief met thema: Eigenwiis, vol informatie tips en suggesties.","robots":{"index":"index","follow":"follow","max-snippet":"max-snippet:-1","max-image-preview":"max-image-preview:large","max-video-preview":"max-video-preview:-1"},"canonical":"https:\/\/websjop.afuk.frl\/nl\/winkel\/keimpe-foarlestas\/","og_locale":"nl_NL","og_type":"article","og_title":"Keimpe Foarl\u00eastas &#8211; Af\u00fbk Websjop","og_description":"In deze prachtige Keimpe Foarl\u00eastas zit o.a. Prentenboek W\u00ear is Keimpe en een Lesbrief met thema: Eigenwiis, vol informatie tips en suggesties.","og_url":"https:\/\/websjop.afuk.frl\/nl\/winkel\/keimpe-foarlestas\/","og_site_name":"Af\u00fbk Websjop","article_modified_time":"2026-02-11T10:27:15+00:00","og_image":[{"width":1536,"height":2048,"url":"https:\/\/websjop.afuk.frl\/wp-content\/uploads\/2025\/05\/Keimpe-taske-Eigenwiis.jpg","type":"image\/jpeg"}],"twitter_card":"summary_large_image","twitter_misc":{"Geschatte leestijd":"1 minuut"},"schema":{"@context":"https:\/\/schema.org","@graph":[{"@type":"WebPage","@id":"https:\/\/websjop.afuk.frl\/nl\/winkel\/keimpe-foarlestas\/","url":"https:\/\/websjop.afuk.frl\/nl\/winkel\/keimpe-foarlestas\/","name":"Keimpe Foarl\u00eastas &#8211; Af\u00fbk Websjop","isPartOf":{"@id":"https:\/\/websjop.afuk.frl\/nl\/#website"},"primaryImageOfPage":{"@id":"https:\/\/websjop.afuk.frl\/nl\/winkel\/keimpe-foarlestas\/#primaryimage"},"image":{"@id":"https:\/\/websjop.afuk.frl\/nl\/winkel\/keimpe-foarlestas\/#primaryimage"},"thumbnailUrl":"https:\/\/websjop.afuk.frl\/wp-content\/uploads\/2025\/05\/Keimpe-taske-Eigenwiis.jpg","datePublished":"2025-05-19T08:19:51+00:00","dateModified":"2026-02-11T10:27:15+00:00","description":"In deze prachtige Keimpe Foarl\u00eastas zit o.a. Prentenboek W\u00ear is Keimpe en een Lesbrief met thema: Eigenwiis, vol informatie tips en suggesties.","breadcrumb":{"@id":"https:\/\/websjop.afuk.frl\/nl\/winkel\/keimpe-foarlestas\/#breadcrumb"},"inLanguage":"nl-NL","potentialAction":[{"@type":"ReadAction","target":["https:\/\/websjop.afuk.frl\/nl\/winkel\/keimpe-foarlestas\/"]}]},{"@type":"ImageObject","inLanguage":"nl-NL","@id":"https:\/\/websjop.afuk.frl\/nl\/winkel\/keimpe-foarlestas\/#primaryimage","url":"https:\/\/websjop.afuk.frl\/wp-content\/uploads\/2025\/05\/Keimpe-taske-Eigenwiis.jpg","contentUrl":"https:\/\/websjop.afuk.frl\/wp-content\/uploads\/2025\/05\/Keimpe-taske-Eigenwiis.jpg","width":1536,"height":2048},{"@type":"BreadcrumbList","@id":"https:\/\/websjop.afuk.frl\/nl\/winkel\/keimpe-foarlestas\/#breadcrumb","itemListElement":[{"@type":"ListItem","position":1,"name":"Home","item":"https:\/\/websjop.afuk.frl\/nl\/"},{"@type":"ListItem","position":2,"name":"Winkel","item":"https:\/\/websjop.afuk.frl\/nl\/winkel\/"},{"@type":"ListItem","position":3,"name":"Keimpe Foarl\u00eastas"}]},{"@type":"WebSite","@id":"https:\/\/websjop.afuk.frl\/nl\/#website","url":"https:\/\/websjop.afuk.frl\/nl\/","name":"Af\u00fbk Websjop","description":"","potentialAction":[{"@type":"SearchAction","target":{"@type":"EntryPoint","urlTemplate":"https:\/\/websjop.afuk.frl\/nl\/?s={search_term_string}"},"query-input":{"@type":"PropertyValueSpecification","valueRequired":true,"valueName":"search_term_string"}}],"inLanguage":"nl-NL"}]}},"_links":{"self":[{"href":"https:\/\/websjop.afuk.frl\/nl\/wp-json\/wp\/v2\/product\/48824","targetHints":{"allow":["GET"]}}],"collection":[{"href":"https:\/\/websjop.afuk.frl\/nl\/wp-json\/wp\/v2\/product"}],"about":[{"href":"https:\/\/websjop.afuk.frl\/nl\/wp-json\/wp\/v2\/types\/product"}],"replies":[{"embeddable":true,"href":"https:\/\/websjop.afuk.frl\/nl\/wp-json\/wp\/v2\/comments?post=48824"}],"wp:featuredmedia":[{"embeddable":true,"href":"https:\/\/websjop.afuk.frl\/nl\/wp-json\/wp\/v2\/media\/48825"}],"wp:attachment":[{"href":"https:\/\/websjop.afuk.frl\/nl\/wp-json\/wp\/v2\/media?parent=48824"}],"wp:term":[{"taxonomy":"product_brand","embeddable":true,"href":"https:\/\/websjop.afuk.frl\/nl\/wp-json\/wp\/v2\/product_brand?post=48824"},{"taxonomy":"product_cat","embeddable":true,"href":"https:\/\/websjop.afuk.frl\/nl\/wp-json\/wp\/v2\/product_cat?post=48824"},{"taxonomy":"product_tag","embeddable":true,"href":"https:\/\/websjop.afuk.frl\/nl\/wp-json\/wp\/v2\/product_tag?post=48824"}],"curies":[{"name":"wp","href":"https:\/\/api.w.org\/{rel}","templated":true}]}}