{"id":48401,"date":"2025-04-09T09:52:53","date_gmt":"2025-04-09T07:52:53","guid":{"rendered":"https:\/\/websjop.afuk.frl\/frl\/?post_type=product&#038;p=48401"},"modified":"2025-11-05T13:58:47","modified_gmt":"2025-11-05T12:58:47","slug":"frjemde-fugels-kollums","status":"publish","type":"product","link":"https:\/\/websjop.afuk.frl\/nl\/winkel\/frjemde-fugels-kollums\/","title":{"rendered":"Frjemde f\u00fbgels &#8211; kollums"},"content":{"rendered":"<p>De verbeelding voorbij. Aan de slootkant van zijn tuin staat Jan Schokker agressief boomtakken te snoeien. Een groen vogeltje spreekt hem daarop aan. Deze heeft niet mis te verstane kritiek op Schokker zijn onbehouwen kaalslag. Wat volgt is een interessant gesprek, niet alleen over de kunst van het snoeien, maar ook over mogelijke onderwerpen voor columns. Wat te denken van bijvoorbeeld Yogaf\u00fbgels, Knooppuntdowen, Foarum\u00fblen, N\u00eastbouwers en Seksy f\u00fbgels?<\/p>\n<p>Als Schokker er voor gaat zitten komt er in zijn habitat gewoon geen eind aan de serie van vreemde vogels. Uiteindelijk is het resultaat zo&#8217;n vijftig columns, die allemaal gepubliceerd zijn in eerdere internetkranten van De Fryske Beweging, <em>It Nijs.<\/em><\/p>\n<p>Na zeven boeken over rechercheur Ale Alema uit Bontebok, een roman over tweelingbroers en een boek over zijn eigen leven, is dit het tiende boek van Jan Schokker. Ook deze bundel columns getuigt weer van zijn vermakelijke stijl vol zelfspot en droge humor.<\/p>\n<p>&nbsp;<\/p>\n","protected":false},"excerpt":{"rendered":"<p>De verbeelding voorbij. Aan de slootkant van zijn tuin staat Jan Schokker agressief boomtakken te snoeien. Een groen vogeltje spreekt hem daarop aan. Deze heeft niet mis te verstane kritiek op Schokker zijn onbehouwen kaalslag. Wat volgt is een interessant gesprek, niet alleen over de kunst van het snoeien, maar ook over mogelijke onderwerpen voor [&hellip;]<\/p>\n","protected":false},"featured_media":48402,"comment_status":"closed","ping_status":"closed","template":"","meta":{"_acf_changed":false},"product_brand":[],"product_cat":[1040,535,18264,18568,542],"product_tag":[22473,23764,8628,5480,23765,23766],"class_list":{"0":"post-48401","1":"product","2":"type-product","3":"status-publish","4":"has-post-thumbnail","6":"product_cat-ferhalebondels","7":"product_cat-fryske-boeken","8":"product_cat-fryske-boekewike","9":"product_cat-fugels-yn-fryslan","10":"product_cat-natoer","11":"product_tag-columns","12":"product_tag-frjemde-fugels","13":"product_tag-humor","14":"product_tag-jan-schokker","15":"product_tag-kollums","16":"product_tag-vreemde-vogels","17":"product_shipping_class-brievenbus-verzending","18":"pa_auteur-jan-schokker-2","19":"pa_isbn-23762","20":"pa_new-label-1-3","21":"pa_taal-frysk","22":"pa_uitgever-elikser","24":"first","25":"instock","26":"taxable","27":"shipping-taxable","28":"purchasable","29":"product-type-simple"},"acf":[],"yoast_head":"<!-- This site is optimized with the Yoast SEO plugin v27.2 - https:\/\/yoast.com\/product\/yoast-seo-wordpress\/ -->\n<title>Frjemde f\u00fbgels - kollums &#8211; Af\u00fbk Websjop<\/title>\n<meta name=\"description\" content=\"In Frjemde f\u00fbgels staan zo&#039;n vijftig columns, die allemaal gepubliceerd zijn in eerdere internetkranten van De Fryske Beweging, It Nijs.\" \/>\n<meta name=\"robots\" content=\"index, follow, max-snippet:-1, max-image-preview:large, max-video-preview:-1\" \/>\n<link rel=\"canonical\" href=\"https:\/\/websjop.afuk.frl\/nl\/winkel\/frjemde-fugels-kollums\/\" \/>\n<meta property=\"og:locale\" content=\"nl_NL\" \/>\n<meta property=\"og:type\" content=\"article\" \/>\n<meta property=\"og:title\" content=\"Frjemde f\u00fbgels - kollums &#8211; Af\u00fbk Websjop\" \/>\n<meta property=\"og:description\" content=\"In Frjemde f\u00fbgels staan zo&#039;n vijftig columns, die allemaal gepubliceerd zijn in eerdere internetkranten van De Fryske Beweging, It Nijs.\" \/>\n<meta property=\"og:url\" content=\"https:\/\/websjop.afuk.frl\/nl\/winkel\/frjemde-fugels-kollums\/\" \/>\n<meta property=\"og:site_name\" content=\"Af\u00fbk Websjop\" \/>\n<meta property=\"article:modified_time\" content=\"2025-11-05T12:58:47+00:00\" \/>\n<meta property=\"og:image\" content=\"https:\/\/websjop.afuk.frl\/wp-content\/uploads\/2025\/04\/Frjemde-fugels.jpg\" \/>\n\t<meta property=\"og:image:width\" content=\"400\" \/>\n\t<meta property=\"og:image:height\" content=\"400\" \/>\n\t<meta property=\"og:image:type\" content=\"image\/jpeg\" \/>\n<meta name=\"twitter:card\" content=\"summary_large_image\" \/>\n<meta name=\"twitter:label1\" content=\"Geschatte leestijd\" \/>\n\t<meta name=\"twitter:data1\" content=\"2 minuten\" \/>\n<script type=\"application\/ld+json\" class=\"yoast-schema-graph\">{\"@context\":\"https:\/\/schema.org\",\"@graph\":[{\"@type\":\"WebPage\",\"@id\":\"https:\/\/websjop.afuk.frl\/nl\/winkel\/frjemde-fugels-kollums\/\",\"url\":\"https:\/\/websjop.afuk.frl\/nl\/winkel\/frjemde-fugels-kollums\/\",\"name\":\"Frjemde f\u00fbgels - kollums &#8211; Af\u00fbk Websjop\",\"isPartOf\":{\"@id\":\"https:\/\/websjop.afuk.frl\/nl\/#website\"},\"primaryImageOfPage\":{\"@id\":\"https:\/\/websjop.afuk.frl\/nl\/winkel\/frjemde-fugels-kollums\/#primaryimage\"},\"image\":{\"@id\":\"https:\/\/websjop.afuk.frl\/nl\/winkel\/frjemde-fugels-kollums\/#primaryimage\"},\"thumbnailUrl\":\"https:\/\/websjop.afuk.frl\/wp-content\/uploads\/2025\/04\/Frjemde-fugels.jpg\",\"datePublished\":\"2025-04-09T07:52:53+00:00\",\"dateModified\":\"2025-11-05T12:58:47+00:00\",\"description\":\"In Frjemde f\u00fbgels staan zo'n vijftig columns, die allemaal gepubliceerd zijn in eerdere internetkranten van De Fryske Beweging, It Nijs.\",\"breadcrumb\":{\"@id\":\"https:\/\/websjop.afuk.frl\/nl\/winkel\/frjemde-fugels-kollums\/#breadcrumb\"},\"inLanguage\":\"nl-NL\",\"potentialAction\":[{\"@type\":\"ReadAction\",\"target\":[\"https:\/\/websjop.afuk.frl\/nl\/winkel\/frjemde-fugels-kollums\/\"]}]},{\"@type\":\"ImageObject\",\"inLanguage\":\"nl-NL\",\"@id\":\"https:\/\/websjop.afuk.frl\/nl\/winkel\/frjemde-fugels-kollums\/#primaryimage\",\"url\":\"https:\/\/websjop.afuk.frl\/wp-content\/uploads\/2025\/04\/Frjemde-fugels.jpg\",\"contentUrl\":\"https:\/\/websjop.afuk.frl\/wp-content\/uploads\/2025\/04\/Frjemde-fugels.jpg\",\"width\":400,\"height\":400},{\"@type\":\"BreadcrumbList\",\"@id\":\"https:\/\/websjop.afuk.frl\/nl\/winkel\/frjemde-fugels-kollums\/#breadcrumb\",\"itemListElement\":[{\"@type\":\"ListItem\",\"position\":1,\"name\":\"Home\",\"item\":\"https:\/\/websjop.afuk.frl\/nl\/\"},{\"@type\":\"ListItem\",\"position\":2,\"name\":\"Winkel\",\"item\":\"https:\/\/websjop.afuk.frl\/nl\/winkel\/\"},{\"@type\":\"ListItem\",\"position\":3,\"name\":\"Frjemde f\u00fbgels &#8211; kollums\"}]},{\"@type\":\"WebSite\",\"@id\":\"https:\/\/websjop.afuk.frl\/nl\/#website\",\"url\":\"https:\/\/websjop.afuk.frl\/nl\/\",\"name\":\"Af\u00fbk Websjop\",\"description\":\"\",\"potentialAction\":[{\"@type\":\"SearchAction\",\"target\":{\"@type\":\"EntryPoint\",\"urlTemplate\":\"https:\/\/websjop.afuk.frl\/nl\/?s={search_term_string}\"},\"query-input\":{\"@type\":\"PropertyValueSpecification\",\"valueRequired\":true,\"valueName\":\"search_term_string\"}}],\"inLanguage\":\"nl-NL\"}]}<\/script>\n<!-- \/ Yoast SEO plugin. -->","yoast_head_json":{"title":"Frjemde f\u00fbgels - kollums &#8211; Af\u00fbk Websjop","description":"In Frjemde f\u00fbgels staan zo'n vijftig columns, die allemaal gepubliceerd zijn in eerdere internetkranten van De Fryske Beweging, It Nijs.","robots":{"index":"index","follow":"follow","max-snippet":"max-snippet:-1","max-image-preview":"max-image-preview:large","max-video-preview":"max-video-preview:-1"},"canonical":"https:\/\/websjop.afuk.frl\/nl\/winkel\/frjemde-fugels-kollums\/","og_locale":"nl_NL","og_type":"article","og_title":"Frjemde f\u00fbgels - kollums &#8211; Af\u00fbk Websjop","og_description":"In Frjemde f\u00fbgels staan zo'n vijftig columns, die allemaal gepubliceerd zijn in eerdere internetkranten van De Fryske Beweging, It Nijs.","og_url":"https:\/\/websjop.afuk.frl\/nl\/winkel\/frjemde-fugels-kollums\/","og_site_name":"Af\u00fbk Websjop","article_modified_time":"2025-11-05T12:58:47+00:00","og_image":[{"width":400,"height":400,"url":"https:\/\/websjop.afuk.frl\/wp-content\/uploads\/2025\/04\/Frjemde-fugels.jpg","type":"image\/jpeg"}],"twitter_card":"summary_large_image","twitter_misc":{"Geschatte leestijd":"2 minuten"},"schema":{"@context":"https:\/\/schema.org","@graph":[{"@type":"WebPage","@id":"https:\/\/websjop.afuk.frl\/nl\/winkel\/frjemde-fugels-kollums\/","url":"https:\/\/websjop.afuk.frl\/nl\/winkel\/frjemde-fugels-kollums\/","name":"Frjemde f\u00fbgels - kollums &#8211; Af\u00fbk Websjop","isPartOf":{"@id":"https:\/\/websjop.afuk.frl\/nl\/#website"},"primaryImageOfPage":{"@id":"https:\/\/websjop.afuk.frl\/nl\/winkel\/frjemde-fugels-kollums\/#primaryimage"},"image":{"@id":"https:\/\/websjop.afuk.frl\/nl\/winkel\/frjemde-fugels-kollums\/#primaryimage"},"thumbnailUrl":"https:\/\/websjop.afuk.frl\/wp-content\/uploads\/2025\/04\/Frjemde-fugels.jpg","datePublished":"2025-04-09T07:52:53+00:00","dateModified":"2025-11-05T12:58:47+00:00","description":"In Frjemde f\u00fbgels staan zo'n vijftig columns, die allemaal gepubliceerd zijn in eerdere internetkranten van De Fryske Beweging, It Nijs.","breadcrumb":{"@id":"https:\/\/websjop.afuk.frl\/nl\/winkel\/frjemde-fugels-kollums\/#breadcrumb"},"inLanguage":"nl-NL","potentialAction":[{"@type":"ReadAction","target":["https:\/\/websjop.afuk.frl\/nl\/winkel\/frjemde-fugels-kollums\/"]}]},{"@type":"ImageObject","inLanguage":"nl-NL","@id":"https:\/\/websjop.afuk.frl\/nl\/winkel\/frjemde-fugels-kollums\/#primaryimage","url":"https:\/\/websjop.afuk.frl\/wp-content\/uploads\/2025\/04\/Frjemde-fugels.jpg","contentUrl":"https:\/\/websjop.afuk.frl\/wp-content\/uploads\/2025\/04\/Frjemde-fugels.jpg","width":400,"height":400},{"@type":"BreadcrumbList","@id":"https:\/\/websjop.afuk.frl\/nl\/winkel\/frjemde-fugels-kollums\/#breadcrumb","itemListElement":[{"@type":"ListItem","position":1,"name":"Home","item":"https:\/\/websjop.afuk.frl\/nl\/"},{"@type":"ListItem","position":2,"name":"Winkel","item":"https:\/\/websjop.afuk.frl\/nl\/winkel\/"},{"@type":"ListItem","position":3,"name":"Frjemde f\u00fbgels &#8211; kollums"}]},{"@type":"WebSite","@id":"https:\/\/websjop.afuk.frl\/nl\/#website","url":"https:\/\/websjop.afuk.frl\/nl\/","name":"Af\u00fbk Websjop","description":"","potentialAction":[{"@type":"SearchAction","target":{"@type":"EntryPoint","urlTemplate":"https:\/\/websjop.afuk.frl\/nl\/?s={search_term_string}"},"query-input":{"@type":"PropertyValueSpecification","valueRequired":true,"valueName":"search_term_string"}}],"inLanguage":"nl-NL"}]}},"_links":{"self":[{"href":"https:\/\/websjop.afuk.frl\/nl\/wp-json\/wp\/v2\/product\/48401","targetHints":{"allow":["GET"]}}],"collection":[{"href":"https:\/\/websjop.afuk.frl\/nl\/wp-json\/wp\/v2\/product"}],"about":[{"href":"https:\/\/websjop.afuk.frl\/nl\/wp-json\/wp\/v2\/types\/product"}],"replies":[{"embeddable":true,"href":"https:\/\/websjop.afuk.frl\/nl\/wp-json\/wp\/v2\/comments?post=48401"}],"wp:featuredmedia":[{"embeddable":true,"href":"https:\/\/websjop.afuk.frl\/nl\/wp-json\/wp\/v2\/media\/48402"}],"wp:attachment":[{"href":"https:\/\/websjop.afuk.frl\/nl\/wp-json\/wp\/v2\/media?parent=48401"}],"wp:term":[{"taxonomy":"product_brand","embeddable":true,"href":"https:\/\/websjop.afuk.frl\/nl\/wp-json\/wp\/v2\/product_brand?post=48401"},{"taxonomy":"product_cat","embeddable":true,"href":"https:\/\/websjop.afuk.frl\/nl\/wp-json\/wp\/v2\/product_cat?post=48401"},{"taxonomy":"product_tag","embeddable":true,"href":"https:\/\/websjop.afuk.frl\/nl\/wp-json\/wp\/v2\/product_tag?post=48401"}],"curies":[{"name":"wp","href":"https:\/\/api.w.org\/{rel}","templated":true}]}}