{"id":48298,"date":"2025-04-03T13:28:29","date_gmt":"2025-04-03T11:28:29","guid":{"rendered":"https:\/\/websjop.afuk.frl\/frl\/?post_type=product&#038;p=48298"},"modified":"2026-03-04T11:05:44","modified_gmt":"2026-03-04T10:05:44","slug":"wer-is-myn-skaad","status":"publish","type":"product","link":"https:\/\/websjop.afuk.frl\/nl\/winkel\/wer-is-myn-skaad\/","title":{"rendered":"W\u00ear is myn skaad?"},"content":{"rendered":"<p>Op een dag zijn de vriendjes Kuikentje, Kikker, Egel, Konijn en Eekhoorn aan het spelen met hun schaduw. Wanneer er een donkere wolk voor de zon verschijnt verdwijnt de schaduw ineens. Ze zoeken en zoeken, maar vinden de schaduw niet. Gelukkig weet opa raad; schaduw is er alleen als er licht is.<\/p>\n<p>&#8212;<\/p>\n<p><em>Sytske Anne: &#8220;Nils, onze peuter van 2,5 jaar oud, en Ivo, onze kleuter van 5,5 jaar oud, hebben het boek inmiddels al meerdere keren met veel plezier gelezen. Het boek roept veel herkenning op: \u201cDat had ik ook een keer!\u201d De jongens vinden het bovendien extra leuk dat het boek over pake gaat.&#8221; <a href=\"https:\/\/heitenmem.frl\/boekresinsje-wer-is-myn-skaad-troch-sytske-anne\/\" target=\"_blank\" rel=\"noopener\">Lees hier de volledige recensie van Sytse Anne.<\/a><\/em><\/p>\n<p><em>Tietsje Vonk: &#8220;De prachtige yllustraasjes fan Willemke Brouwer fersterkje it ferhaal net allinnich, mar biede ek in soad ekstra\u2019s. Der is op elke side wol wat te sjen en te \u00fbntdekken, ek b\u00fbten it ferhaal om. It is ien fan de pear boeken w\u00earby\u2019t ik by it foarl\u00eazen maklik mei de bern yn petear kom oer wat der yn it boek bart en te sjen is. Dat komt foaral troch de moaie yllustraasjes en de romte dy\u2019t de wize fan skriuwen lit foar ynterpretaasje.&#8221; <a href=\"https:\/\/heitenmem.frl\/boekresinsje-wer-is-myn-skaad-troch-tietsje\/\" target=\"_blank\" rel=\"noopener\">L\u00eas hjir Tietsje har folseine resinsje.<\/a><\/em><\/p>\n<p>&#8212;<\/p>\n<p><a href=\"https:\/\/websjop.afuk.frl\/wp-content\/uploads\/2025\/04\/kleurplaat-A4-Wer-is-myn-skaad.pdf\" target=\"_blank\" rel=\"noopener\">Download hier een leuke kleurplaat van &#8216;<em>W\u00ear is myn skaad?<\/em>&#8216; (PDF).<\/a><\/p>\n","protected":false},"excerpt":{"rendered":"<p>Op een dag zijn de vriendjes Kuikentje, Kikker, Egel, Konijn en Eekhoorn aan het spelen met hun schaduw. Wanneer er een donkere wolk voor de zon verschijnt verdwijnt de schaduw ineens. Ze zoeken en zoeken, maar vinden de schaduw niet. Gelukkig weet opa raad; schaduw is er alleen als er licht is. &#8212; Sytske Anne: [&hellip;]<\/p>\n","protected":false},"featured_media":48305,"comment_status":"closed","ping_status":"closed","template":"","meta":{"_acf_changed":false},"product_brand":[],"product_cat":[1213,549,550,18409,535,24569,23024,14119],"product_tag":[9044,5574,23747,23746,12765,23745],"class_list":{"0":"post-48298","1":"product","2":"type-product","3":"status-publish","4":"has-post-thumbnail","6":"product_cat-berne-en-jeugdboeken","7":"product_cat-berneboeken-0-tot-4-jaar","8":"product_cat-berneboeken-4-8","9":"product_cat-foarskoalsk","10":"product_cat-fryske-boeken","11":"product_cat-lezerstip10","12":"product_cat-tema-buorkerij-en-bisten","13":"product_cat-underwiis","14":"product_tag-berber-spliethoff","15":"product_tag-freonen","16":"product_tag-schaduw","17":"product_tag-skaadspultsje","18":"product_tag-spultsje","19":"product_tag-wer-is-myn-skaad","20":"product_shipping_class-brievenbus-verzending","21":"pa_auteur-berber-spliethoff","22":"pa_isbn-23744","23":"pa_new-label-1-3","24":"pa_taal-frysk","25":"pa_uitgever-afuk","27":"first","28":"instock","29":"taxable","30":"shipping-taxable","31":"purchasable","32":"product-type-simple"},"acf":[],"yoast_head":"<!-- This site is optimized with the Yoast SEO plugin v27.3 - https:\/\/yoast.com\/product\/yoast-seo-wordpress\/ -->\n<title>W\u00ear is myn skaad? &#8211; Af\u00fbk Websjop<\/title>\n<meta name=\"description\" content=\"In W\u00ear is myn skaad spelen Egel en zijn vriendjes een schaduwspel. Wanneer er een donkere wolk voor de zon verschijnt verdwijnt de schaduw ineens.\" \/>\n<meta name=\"robots\" content=\"index, follow, max-snippet:-1, max-image-preview:large, max-video-preview:-1\" \/>\n<link rel=\"canonical\" href=\"https:\/\/websjop.afuk.frl\/nl\/winkel\/wer-is-myn-skaad\/\" \/>\n<meta property=\"og:locale\" content=\"nl_NL\" \/>\n<meta property=\"og:type\" content=\"article\" \/>\n<meta property=\"og:title\" content=\"W\u00ear is myn skaad? &#8211; Af\u00fbk Websjop\" \/>\n<meta property=\"og:description\" content=\"In W\u00ear is myn skaad spelen Egel en zijn vriendjes een schaduwspel. Wanneer er een donkere wolk voor de zon verschijnt verdwijnt de schaduw ineens.\" \/>\n<meta property=\"og:url\" content=\"https:\/\/websjop.afuk.frl\/nl\/winkel\/wer-is-myn-skaad\/\" \/>\n<meta property=\"og:site_name\" content=\"Af\u00fbk Websjop\" \/>\n<meta property=\"article:modified_time\" content=\"2026-03-04T10:05:44+00:00\" \/>\n<meta property=\"og:image\" content=\"https:\/\/websjop.afuk.frl\/wp-content\/uploads\/2025\/04\/Wer-is-myn-skaad-LR.jpg\" \/>\n\t<meta property=\"og:image:width\" content=\"1000\" \/>\n\t<meta property=\"og:image:height\" content=\"1226\" \/>\n\t<meta property=\"og:image:type\" content=\"image\/jpeg\" \/>\n<meta name=\"twitter:card\" content=\"summary_large_image\" \/>\n<meta name=\"twitter:label1\" content=\"Geschatte leestijd\" \/>\n\t<meta name=\"twitter:data1\" content=\"3 minuten\" \/>\n<script type=\"application\/ld+json\" class=\"yoast-schema-graph\">{\"@context\":\"https:\\\/\\\/schema.org\",\"@graph\":[{\"@type\":\"WebPage\",\"@id\":\"https:\\\/\\\/websjop.afuk.frl\\\/nl\\\/winkel\\\/wer-is-myn-skaad\\\/\",\"url\":\"https:\\\/\\\/websjop.afuk.frl\\\/nl\\\/winkel\\\/wer-is-myn-skaad\\\/\",\"name\":\"W\u00ear is myn skaad? &#8211; Af\u00fbk Websjop\",\"isPartOf\":{\"@id\":\"https:\\\/\\\/websjop.afuk.frl\\\/nl\\\/#website\"},\"primaryImageOfPage\":{\"@id\":\"https:\\\/\\\/websjop.afuk.frl\\\/nl\\\/winkel\\\/wer-is-myn-skaad\\\/#primaryimage\"},\"image\":{\"@id\":\"https:\\\/\\\/websjop.afuk.frl\\\/nl\\\/winkel\\\/wer-is-myn-skaad\\\/#primaryimage\"},\"thumbnailUrl\":\"https:\\\/\\\/websjop.afuk.frl\\\/wp-content\\\/uploads\\\/2025\\\/04\\\/Wer-is-myn-skaad-LR.jpg\",\"datePublished\":\"2025-04-03T11:28:29+00:00\",\"dateModified\":\"2026-03-04T10:05:44+00:00\",\"description\":\"In W\u00ear is myn skaad spelen Egel en zijn vriendjes een schaduwspel. Wanneer er een donkere wolk voor de zon verschijnt verdwijnt de schaduw ineens.\",\"breadcrumb\":{\"@id\":\"https:\\\/\\\/websjop.afuk.frl\\\/nl\\\/winkel\\\/wer-is-myn-skaad\\\/#breadcrumb\"},\"inLanguage\":\"nl-NL\",\"potentialAction\":[{\"@type\":\"ReadAction\",\"target\":[\"https:\\\/\\\/websjop.afuk.frl\\\/nl\\\/winkel\\\/wer-is-myn-skaad\\\/\"]}]},{\"@type\":\"ImageObject\",\"inLanguage\":\"nl-NL\",\"@id\":\"https:\\\/\\\/websjop.afuk.frl\\\/nl\\\/winkel\\\/wer-is-myn-skaad\\\/#primaryimage\",\"url\":\"https:\\\/\\\/websjop.afuk.frl\\\/wp-content\\\/uploads\\\/2025\\\/04\\\/Wer-is-myn-skaad-LR.jpg\",\"contentUrl\":\"https:\\\/\\\/websjop.afuk.frl\\\/wp-content\\\/uploads\\\/2025\\\/04\\\/Wer-is-myn-skaad-LR.jpg\",\"width\":1000,\"height\":1226},{\"@type\":\"BreadcrumbList\",\"@id\":\"https:\\\/\\\/websjop.afuk.frl\\\/nl\\\/winkel\\\/wer-is-myn-skaad\\\/#breadcrumb\",\"itemListElement\":[{\"@type\":\"ListItem\",\"position\":1,\"name\":\"Home\",\"item\":\"https:\\\/\\\/websjop.afuk.frl\\\/nl\\\/\"},{\"@type\":\"ListItem\",\"position\":2,\"name\":\"Winkel\",\"item\":\"https:\\\/\\\/websjop.afuk.frl\\\/nl\\\/winkel\\\/\"},{\"@type\":\"ListItem\",\"position\":3,\"name\":\"W\u00ear is myn skaad?\"}]},{\"@type\":\"WebSite\",\"@id\":\"https:\\\/\\\/websjop.afuk.frl\\\/nl\\\/#website\",\"url\":\"https:\\\/\\\/websjop.afuk.frl\\\/nl\\\/\",\"name\":\"Af\u00fbk Websjop\",\"description\":\"\",\"potentialAction\":[{\"@type\":\"SearchAction\",\"target\":{\"@type\":\"EntryPoint\",\"urlTemplate\":\"https:\\\/\\\/websjop.afuk.frl\\\/nl\\\/?s={search_term_string}\"},\"query-input\":{\"@type\":\"PropertyValueSpecification\",\"valueRequired\":true,\"valueName\":\"search_term_string\"}}],\"inLanguage\":\"nl-NL\"}]}<\/script>\n<!-- \/ Yoast SEO plugin. -->","yoast_head_json":{"title":"W\u00ear is myn skaad? &#8211; Af\u00fbk Websjop","description":"In W\u00ear is myn skaad spelen Egel en zijn vriendjes een schaduwspel. Wanneer er een donkere wolk voor de zon verschijnt verdwijnt de schaduw ineens.","robots":{"index":"index","follow":"follow","max-snippet":"max-snippet:-1","max-image-preview":"max-image-preview:large","max-video-preview":"max-video-preview:-1"},"canonical":"https:\/\/websjop.afuk.frl\/nl\/winkel\/wer-is-myn-skaad\/","og_locale":"nl_NL","og_type":"article","og_title":"W\u00ear is myn skaad? &#8211; Af\u00fbk Websjop","og_description":"In W\u00ear is myn skaad spelen Egel en zijn vriendjes een schaduwspel. Wanneer er een donkere wolk voor de zon verschijnt verdwijnt de schaduw ineens.","og_url":"https:\/\/websjop.afuk.frl\/nl\/winkel\/wer-is-myn-skaad\/","og_site_name":"Af\u00fbk Websjop","article_modified_time":"2026-03-04T10:05:44+00:00","og_image":[{"width":1000,"height":1226,"url":"https:\/\/websjop.afuk.frl\/wp-content\/uploads\/2025\/04\/Wer-is-myn-skaad-LR.jpg","type":"image\/jpeg"}],"twitter_card":"summary_large_image","twitter_misc":{"Geschatte leestijd":"3 minuten"},"schema":{"@context":"https:\/\/schema.org","@graph":[{"@type":"WebPage","@id":"https:\/\/websjop.afuk.frl\/nl\/winkel\/wer-is-myn-skaad\/","url":"https:\/\/websjop.afuk.frl\/nl\/winkel\/wer-is-myn-skaad\/","name":"W\u00ear is myn skaad? &#8211; Af\u00fbk Websjop","isPartOf":{"@id":"https:\/\/websjop.afuk.frl\/nl\/#website"},"primaryImageOfPage":{"@id":"https:\/\/websjop.afuk.frl\/nl\/winkel\/wer-is-myn-skaad\/#primaryimage"},"image":{"@id":"https:\/\/websjop.afuk.frl\/nl\/winkel\/wer-is-myn-skaad\/#primaryimage"},"thumbnailUrl":"https:\/\/websjop.afuk.frl\/wp-content\/uploads\/2025\/04\/Wer-is-myn-skaad-LR.jpg","datePublished":"2025-04-03T11:28:29+00:00","dateModified":"2026-03-04T10:05:44+00:00","description":"In W\u00ear is myn skaad spelen Egel en zijn vriendjes een schaduwspel. Wanneer er een donkere wolk voor de zon verschijnt verdwijnt de schaduw ineens.","breadcrumb":{"@id":"https:\/\/websjop.afuk.frl\/nl\/winkel\/wer-is-myn-skaad\/#breadcrumb"},"inLanguage":"nl-NL","potentialAction":[{"@type":"ReadAction","target":["https:\/\/websjop.afuk.frl\/nl\/winkel\/wer-is-myn-skaad\/"]}]},{"@type":"ImageObject","inLanguage":"nl-NL","@id":"https:\/\/websjop.afuk.frl\/nl\/winkel\/wer-is-myn-skaad\/#primaryimage","url":"https:\/\/websjop.afuk.frl\/wp-content\/uploads\/2025\/04\/Wer-is-myn-skaad-LR.jpg","contentUrl":"https:\/\/websjop.afuk.frl\/wp-content\/uploads\/2025\/04\/Wer-is-myn-skaad-LR.jpg","width":1000,"height":1226},{"@type":"BreadcrumbList","@id":"https:\/\/websjop.afuk.frl\/nl\/winkel\/wer-is-myn-skaad\/#breadcrumb","itemListElement":[{"@type":"ListItem","position":1,"name":"Home","item":"https:\/\/websjop.afuk.frl\/nl\/"},{"@type":"ListItem","position":2,"name":"Winkel","item":"https:\/\/websjop.afuk.frl\/nl\/winkel\/"},{"@type":"ListItem","position":3,"name":"W\u00ear is myn skaad?"}]},{"@type":"WebSite","@id":"https:\/\/websjop.afuk.frl\/nl\/#website","url":"https:\/\/websjop.afuk.frl\/nl\/","name":"Af\u00fbk Websjop","description":"","potentialAction":[{"@type":"SearchAction","target":{"@type":"EntryPoint","urlTemplate":"https:\/\/websjop.afuk.frl\/nl\/?s={search_term_string}"},"query-input":{"@type":"PropertyValueSpecification","valueRequired":true,"valueName":"search_term_string"}}],"inLanguage":"nl-NL"}]}},"_links":{"self":[{"href":"https:\/\/websjop.afuk.frl\/nl\/wp-json\/wp\/v2\/product\/48298","targetHints":{"allow":["GET"]}}],"collection":[{"href":"https:\/\/websjop.afuk.frl\/nl\/wp-json\/wp\/v2\/product"}],"about":[{"href":"https:\/\/websjop.afuk.frl\/nl\/wp-json\/wp\/v2\/types\/product"}],"replies":[{"embeddable":true,"href":"https:\/\/websjop.afuk.frl\/nl\/wp-json\/wp\/v2\/comments?post=48298"}],"wp:featuredmedia":[{"embeddable":true,"href":"https:\/\/websjop.afuk.frl\/nl\/wp-json\/wp\/v2\/media\/48305"}],"wp:attachment":[{"href":"https:\/\/websjop.afuk.frl\/nl\/wp-json\/wp\/v2\/media?parent=48298"}],"wp:term":[{"taxonomy":"product_brand","embeddable":true,"href":"https:\/\/websjop.afuk.frl\/nl\/wp-json\/wp\/v2\/product_brand?post=48298"},{"taxonomy":"product_cat","embeddable":true,"href":"https:\/\/websjop.afuk.frl\/nl\/wp-json\/wp\/v2\/product_cat?post=48298"},{"taxonomy":"product_tag","embeddable":true,"href":"https:\/\/websjop.afuk.frl\/nl\/wp-json\/wp\/v2\/product_tag?post=48298"}],"curies":[{"name":"wp","href":"https:\/\/api.w.org\/{rel}","templated":true}]}}