{"id":48293,"date":"2025-04-03T12:46:49","date_gmt":"2025-04-03T10:46:49","guid":{"rendered":"https:\/\/websjop.afuk.frl\/frl\/?post_type=product&#038;p=48293"},"modified":"2025-08-18T14:16:40","modified_gmt":"2025-08-18T12:16:40","slug":"goeiemoarn","status":"publish","type":"product","link":"https:\/\/websjop.afuk.frl\/nl\/winkel\/goeiemoarn\/","title":{"rendered":"Goeiemoarn!"},"content":{"rendered":"<p>Zeven rijmpjes voor de allerkleinsten over eten, lezen, slapen en andere herkenbare momenten door de dag heen.<\/p>\n<p>Schattig kartonboekje met illustraties van Marijke Klompmaker<\/p>\n<p>&nbsp;<\/p>\n<hr \/>\n<p><em>Gerbrich: &#8220;Wat it boek sa spesjaal makket, binne de prachtige plaatsjes fol kleur en detail. Elk bledsje is in \u00fbntdekkingstocht: it berntsje wurdt begelaat troch in leave, s\u00eafte poes en hy nimt de teddybear oeral mei hinne. Bern sjogge harren eigen wr\u00e2ld werom yn it ferhaal: it b\u00ead, de pyama, it bad en de t\u00fan. D\u00eartroch falt it boek tige yn \u2019e smaak by \u00fas th\u00fas.&#8221; <a href=\"https:\/\/heitenmem.frl\/goeiemoarn\/\" target=\"_blank\" rel=\"noopener\">L\u00eas hjir de folsleine resinsje fan Gerbrich.<\/a><\/em><\/p>\n<p><em>Emke: &#8220;Goeiemoarn! is in boek foar pjutten. Benthe is hast twa en krijt gjin gen\u00f4ch fan it boekje. At it boekje \u00fat is, moatte we it daliks noch in kear l\u00eaze. De tekeningen fynt se ek prachtich. Benthe wiist alles oan wat se fan th\u00fas ken\u2026 it bad, it knuffelknyn, it b\u00ead, de poes\u2026 Omdat it in hiel stevich boekje is, kin Benthe it boekje ek sels \u2018l\u00eaze\u2019 of \u2018foarl\u00eaze\u2019 oan har suske Ilse (6 moanne) of oan de pop. We hoege dan net bang te w\u00eazen dat it boekje stikken giet.&#8221; <a href=\"https:\/\/heitenmem.frl\/boekresinsje-goeiemoarn\/\" target=\"_blank\" rel=\"noopener\">L\u00eas hjir de folsleine resinsje fan Emke.<\/a><\/em><\/p>\n<p>&nbsp;<\/p>\n","protected":false},"excerpt":{"rendered":"<p>Zeven rijmpjes voor de allerkleinsten over eten, lezen, slapen en andere herkenbare momenten door de dag heen. Schattig kartonboekje met illustraties van Marijke Klompmaker &nbsp; Gerbrich: &#8220;Wat it boek sa spesjaal makket, binne de prachtige plaatsjes fol kleur en detail. Elk bledsje is in \u00fbntdekkingstocht: it berntsje wurdt begelaat troch in leave, s\u00eafte poes en [&hellip;]<\/p>\n","protected":false},"featured_media":48294,"comment_status":"closed","ping_status":"closed","template":"","meta":{"_acf_changed":false},"product_brand":[],"product_cat":[1213,549,18409,535,1160,23025,24176,14119],"product_tag":[6083,23742,23743,6235,6077,22699,22698],"class_list":{"0":"post-48293","1":"product","2":"type-product","3":"status-publish","4":"has-post-thumbnail","6":"product_cat-berne-en-jeugdboeken","7":"product_cat-berneboeken-0-tot-4-jaar","8":"product_cat-foarskoalsk","9":"product_cat-fryske-boeken","10":"product_cat-poezy-rymkes-en-ferskes-foar-bern","11":"product_cat-tema-foar-de-alderlytskes","12":"product_cat-tema-iten","13":"product_cat-underwiis","14":"product_tag-auck-peanstra","15":"product_tag-goeiemoarn","16":"product_tag-jeltsje-reitsma","17":"product_tag-kartonboekje","18":"product_tag-lida-dykstra","19":"product_tag-rijmpjes","20":"product_tag-rymkes","21":"product_shipping_class-brievenbus-verzending","22":"pa_auteur-auck-peanstra-jeltsje-reitsma-lida-dykstra","23":"pa_isbn-23741","24":"pa_new-label-1-3","25":"pa_taal-frysk","26":"pa_uitgever-afuk","28":"first","29":"instock","30":"taxable","31":"shipping-taxable","32":"purchasable","33":"product-type-simple"},"acf":[],"yoast_head":"<!-- This site is optimized with the Yoast SEO plugin v27.3 - https:\/\/yoast.com\/product\/yoast-seo-wordpress\/ -->\n<title>Goeiemoarn! &#8211; Af\u00fbk Websjop<\/title>\n<meta name=\"description\" content=\"Zeven rijmpjes voor de allerkleinsten over eten, lezen, slapen en andere herkenbare momenten door de dag heen. Goeiemoarn! is een schattig kartonboekje.\" \/>\n<meta name=\"robots\" content=\"index, follow, max-snippet:-1, max-image-preview:large, max-video-preview:-1\" \/>\n<link rel=\"canonical\" href=\"https:\/\/websjop.afuk.frl\/nl\/winkel\/goeiemoarn\/\" \/>\n<meta property=\"og:locale\" content=\"nl_NL\" \/>\n<meta property=\"og:type\" content=\"article\" \/>\n<meta property=\"og:title\" content=\"Goeiemoarn! &#8211; Af\u00fbk Websjop\" \/>\n<meta property=\"og:description\" content=\"Zeven rijmpjes voor de allerkleinsten over eten, lezen, slapen en andere herkenbare momenten door de dag heen. Goeiemoarn! is een schattig kartonboekje.\" \/>\n<meta property=\"og:url\" content=\"https:\/\/websjop.afuk.frl\/nl\/winkel\/goeiemoarn\/\" \/>\n<meta property=\"og:site_name\" content=\"Af\u00fbk Websjop\" \/>\n<meta property=\"article:modified_time\" content=\"2025-08-18T12:16:40+00:00\" \/>\n<meta property=\"og:image\" content=\"https:\/\/websjop.afuk.frl\/wp-content\/uploads\/2025\/04\/Goeiemoarn-LR.jpg\" \/>\n\t<meta property=\"og:image:width\" content=\"1000\" \/>\n\t<meta property=\"og:image:height\" content=\"1049\" \/>\n\t<meta property=\"og:image:type\" content=\"image\/jpeg\" \/>\n<meta name=\"twitter:card\" content=\"summary_large_image\" \/>\n<meta name=\"twitter:label1\" content=\"Geschatte leestijd\" \/>\n\t<meta name=\"twitter:data1\" content=\"3 minuten\" \/>\n<script type=\"application\/ld+json\" class=\"yoast-schema-graph\">{\"@context\":\"https:\\\/\\\/schema.org\",\"@graph\":[{\"@type\":\"WebPage\",\"@id\":\"https:\\\/\\\/websjop.afuk.frl\\\/nl\\\/winkel\\\/goeiemoarn\\\/\",\"url\":\"https:\\\/\\\/websjop.afuk.frl\\\/nl\\\/winkel\\\/goeiemoarn\\\/\",\"name\":\"Goeiemoarn! &#8211; Af\u00fbk Websjop\",\"isPartOf\":{\"@id\":\"https:\\\/\\\/websjop.afuk.frl\\\/nl\\\/#website\"},\"primaryImageOfPage\":{\"@id\":\"https:\\\/\\\/websjop.afuk.frl\\\/nl\\\/winkel\\\/goeiemoarn\\\/#primaryimage\"},\"image\":{\"@id\":\"https:\\\/\\\/websjop.afuk.frl\\\/nl\\\/winkel\\\/goeiemoarn\\\/#primaryimage\"},\"thumbnailUrl\":\"https:\\\/\\\/websjop.afuk.frl\\\/wp-content\\\/uploads\\\/2025\\\/04\\\/Goeiemoarn-LR.jpg\",\"datePublished\":\"2025-04-03T10:46:49+00:00\",\"dateModified\":\"2025-08-18T12:16:40+00:00\",\"description\":\"Zeven rijmpjes voor de allerkleinsten over eten, lezen, slapen en andere herkenbare momenten door de dag heen. Goeiemoarn! is een schattig kartonboekje.\",\"breadcrumb\":{\"@id\":\"https:\\\/\\\/websjop.afuk.frl\\\/nl\\\/winkel\\\/goeiemoarn\\\/#breadcrumb\"},\"inLanguage\":\"nl-NL\",\"potentialAction\":[{\"@type\":\"ReadAction\",\"target\":[\"https:\\\/\\\/websjop.afuk.frl\\\/nl\\\/winkel\\\/goeiemoarn\\\/\"]}]},{\"@type\":\"ImageObject\",\"inLanguage\":\"nl-NL\",\"@id\":\"https:\\\/\\\/websjop.afuk.frl\\\/nl\\\/winkel\\\/goeiemoarn\\\/#primaryimage\",\"url\":\"https:\\\/\\\/websjop.afuk.frl\\\/wp-content\\\/uploads\\\/2025\\\/04\\\/Goeiemoarn-LR.jpg\",\"contentUrl\":\"https:\\\/\\\/websjop.afuk.frl\\\/wp-content\\\/uploads\\\/2025\\\/04\\\/Goeiemoarn-LR.jpg\",\"width\":1000,\"height\":1049},{\"@type\":\"BreadcrumbList\",\"@id\":\"https:\\\/\\\/websjop.afuk.frl\\\/nl\\\/winkel\\\/goeiemoarn\\\/#breadcrumb\",\"itemListElement\":[{\"@type\":\"ListItem\",\"position\":1,\"name\":\"Home\",\"item\":\"https:\\\/\\\/websjop.afuk.frl\\\/nl\\\/\"},{\"@type\":\"ListItem\",\"position\":2,\"name\":\"Winkel\",\"item\":\"https:\\\/\\\/websjop.afuk.frl\\\/nl\\\/winkel\\\/\"},{\"@type\":\"ListItem\",\"position\":3,\"name\":\"Goeiemoarn!\"}]},{\"@type\":\"WebSite\",\"@id\":\"https:\\\/\\\/websjop.afuk.frl\\\/nl\\\/#website\",\"url\":\"https:\\\/\\\/websjop.afuk.frl\\\/nl\\\/\",\"name\":\"Af\u00fbk Websjop\",\"description\":\"\",\"potentialAction\":[{\"@type\":\"SearchAction\",\"target\":{\"@type\":\"EntryPoint\",\"urlTemplate\":\"https:\\\/\\\/websjop.afuk.frl\\\/nl\\\/?s={search_term_string}\"},\"query-input\":{\"@type\":\"PropertyValueSpecification\",\"valueRequired\":true,\"valueName\":\"search_term_string\"}}],\"inLanguage\":\"nl-NL\"}]}<\/script>\n<!-- \/ Yoast SEO plugin. -->","yoast_head_json":{"title":"Goeiemoarn! &#8211; Af\u00fbk Websjop","description":"Zeven rijmpjes voor de allerkleinsten over eten, lezen, slapen en andere herkenbare momenten door de dag heen. Goeiemoarn! is een schattig kartonboekje.","robots":{"index":"index","follow":"follow","max-snippet":"max-snippet:-1","max-image-preview":"max-image-preview:large","max-video-preview":"max-video-preview:-1"},"canonical":"https:\/\/websjop.afuk.frl\/nl\/winkel\/goeiemoarn\/","og_locale":"nl_NL","og_type":"article","og_title":"Goeiemoarn! &#8211; Af\u00fbk Websjop","og_description":"Zeven rijmpjes voor de allerkleinsten over eten, lezen, slapen en andere herkenbare momenten door de dag heen. Goeiemoarn! is een schattig kartonboekje.","og_url":"https:\/\/websjop.afuk.frl\/nl\/winkel\/goeiemoarn\/","og_site_name":"Af\u00fbk Websjop","article_modified_time":"2025-08-18T12:16:40+00:00","og_image":[{"width":1000,"height":1049,"url":"https:\/\/websjop.afuk.frl\/wp-content\/uploads\/2025\/04\/Goeiemoarn-LR.jpg","type":"image\/jpeg"}],"twitter_card":"summary_large_image","twitter_misc":{"Geschatte leestijd":"3 minuten"},"schema":{"@context":"https:\/\/schema.org","@graph":[{"@type":"WebPage","@id":"https:\/\/websjop.afuk.frl\/nl\/winkel\/goeiemoarn\/","url":"https:\/\/websjop.afuk.frl\/nl\/winkel\/goeiemoarn\/","name":"Goeiemoarn! &#8211; Af\u00fbk Websjop","isPartOf":{"@id":"https:\/\/websjop.afuk.frl\/nl\/#website"},"primaryImageOfPage":{"@id":"https:\/\/websjop.afuk.frl\/nl\/winkel\/goeiemoarn\/#primaryimage"},"image":{"@id":"https:\/\/websjop.afuk.frl\/nl\/winkel\/goeiemoarn\/#primaryimage"},"thumbnailUrl":"https:\/\/websjop.afuk.frl\/wp-content\/uploads\/2025\/04\/Goeiemoarn-LR.jpg","datePublished":"2025-04-03T10:46:49+00:00","dateModified":"2025-08-18T12:16:40+00:00","description":"Zeven rijmpjes voor de allerkleinsten over eten, lezen, slapen en andere herkenbare momenten door de dag heen. Goeiemoarn! is een schattig kartonboekje.","breadcrumb":{"@id":"https:\/\/websjop.afuk.frl\/nl\/winkel\/goeiemoarn\/#breadcrumb"},"inLanguage":"nl-NL","potentialAction":[{"@type":"ReadAction","target":["https:\/\/websjop.afuk.frl\/nl\/winkel\/goeiemoarn\/"]}]},{"@type":"ImageObject","inLanguage":"nl-NL","@id":"https:\/\/websjop.afuk.frl\/nl\/winkel\/goeiemoarn\/#primaryimage","url":"https:\/\/websjop.afuk.frl\/wp-content\/uploads\/2025\/04\/Goeiemoarn-LR.jpg","contentUrl":"https:\/\/websjop.afuk.frl\/wp-content\/uploads\/2025\/04\/Goeiemoarn-LR.jpg","width":1000,"height":1049},{"@type":"BreadcrumbList","@id":"https:\/\/websjop.afuk.frl\/nl\/winkel\/goeiemoarn\/#breadcrumb","itemListElement":[{"@type":"ListItem","position":1,"name":"Home","item":"https:\/\/websjop.afuk.frl\/nl\/"},{"@type":"ListItem","position":2,"name":"Winkel","item":"https:\/\/websjop.afuk.frl\/nl\/winkel\/"},{"@type":"ListItem","position":3,"name":"Goeiemoarn!"}]},{"@type":"WebSite","@id":"https:\/\/websjop.afuk.frl\/nl\/#website","url":"https:\/\/websjop.afuk.frl\/nl\/","name":"Af\u00fbk Websjop","description":"","potentialAction":[{"@type":"SearchAction","target":{"@type":"EntryPoint","urlTemplate":"https:\/\/websjop.afuk.frl\/nl\/?s={search_term_string}"},"query-input":{"@type":"PropertyValueSpecification","valueRequired":true,"valueName":"search_term_string"}}],"inLanguage":"nl-NL"}]}},"_links":{"self":[{"href":"https:\/\/websjop.afuk.frl\/nl\/wp-json\/wp\/v2\/product\/48293","targetHints":{"allow":["GET"]}}],"collection":[{"href":"https:\/\/websjop.afuk.frl\/nl\/wp-json\/wp\/v2\/product"}],"about":[{"href":"https:\/\/websjop.afuk.frl\/nl\/wp-json\/wp\/v2\/types\/product"}],"replies":[{"embeddable":true,"href":"https:\/\/websjop.afuk.frl\/nl\/wp-json\/wp\/v2\/comments?post=48293"}],"wp:featuredmedia":[{"embeddable":true,"href":"https:\/\/websjop.afuk.frl\/nl\/wp-json\/wp\/v2\/media\/48294"}],"wp:attachment":[{"href":"https:\/\/websjop.afuk.frl\/nl\/wp-json\/wp\/v2\/media?parent=48293"}],"wp:term":[{"taxonomy":"product_brand","embeddable":true,"href":"https:\/\/websjop.afuk.frl\/nl\/wp-json\/wp\/v2\/product_brand?post=48293"},{"taxonomy":"product_cat","embeddable":true,"href":"https:\/\/websjop.afuk.frl\/nl\/wp-json\/wp\/v2\/product_cat?post=48293"},{"taxonomy":"product_tag","embeddable":true,"href":"https:\/\/websjop.afuk.frl\/nl\/wp-json\/wp\/v2\/product_tag?post=48293"}],"curies":[{"name":"wp","href":"https:\/\/api.w.org\/{rel}","templated":true}]}}