{"id":47982,"date":"2025-03-21T11:36:52","date_gmt":"2025-03-21T10:36:52","guid":{"rendered":"https:\/\/websjop.afuk.frl\/frl\/?post_type=product&#038;p=47982"},"modified":"2025-05-01T09:18:12","modified_gmt":"2025-05-01T07:18:12","slug":"bewarre-gedichten","status":"publish","type":"product","link":"https:\/\/websjop.afuk.frl\/nl\/winkel\/bewarre-gedichten\/","title":{"rendered":"Bewarre &#8211; gedichten"},"content":{"rendered":"<p><em>Bewarre <\/em>is de laatste bundel van Willem Abma en het vervolg op <em>Ferb\u00fbn en sjoen: Mimeringen oer myn leauwe en libben <\/em>(2018). Po\u00ebtische bijdragen worden afgewisseld door prozagedichten. Ze beschrijven hoe de dichter hem op latere leeftijd &#8216;bewarre&#8217; (bewaard) gevoeld heeft.<\/p>\n<p>Abma schreef in 2024, enkele maanden voor zijn overlijden: <em>&#8216;Myn po\u00ebzij is bekentenisliteratuer. Earliker as yn dizze bondel kin ik it net sizze. Foar my is de sirkel r\u00fbn. Dit is myn l\u00easte bondel.&#8217;<\/em><\/p>\n<p>Willem Abma (Folsgeare, 1942 &#8211; Ljouwert, 2024) publiceerde po\u00ebzie, proza, toneel en liedteksten vanaf de jaren zestig. Voor zijn eerste drie gedichtenbundels, verschenen onder het pseudoniem Dani\u00ebl Daen, kreeg Abma in 1973 de Gysbert Japicxpriis. Een van zijn laatste grote serie liedteksten is <em>Requiem ta<\/em> Treast, op muziek gezet door Marcus Veenstra en uitgevoerd bij de presentatie van deze bundel.<\/p>\n","protected":false},"excerpt":{"rendered":"<p>Bewarre is de laatste bundel van Willem Abma en het vervolg op Ferb\u00fbn en sjoen: Mimeringen oer myn leauwe en libben (2018). Po\u00ebtische bijdragen worden afgewisseld door prozagedichten. Ze beschrijven hoe de dichter hem op latere leeftijd &#8216;bewarre&#8217; (bewaard) gevoeld heeft. Abma schreef in 2024, enkele maanden voor zijn overlijden: &#8216;Myn po\u00ebzij is bekentenisliteratuer. Earliker [&hellip;]<\/p>\n","protected":false},"featured_media":47983,"comment_status":"closed","ping_status":"closed","template":"","meta":{"_acf_changed":false},"product_brand":[],"product_cat":[538,535,1215],"product_tag":[23691,23690,5191,17036,17279,20170],"class_list":{"0":"post-47982","1":"product","2":"type-product","3":"status-publish","4":"has-post-thumbnail","6":"product_cat-dichtbondels","7":"product_cat-fryske-boeken","8":"product_cat-romans-en-literatuer","9":"product_tag-bekentenisliteratuer","10":"product_tag-bewarre","11":"product_tag-gedichten","12":"product_tag-poezie","13":"product_tag-proazagedichten","14":"product_tag-willem-abma","15":"product_shipping_class-brievenbus-verzending","16":"pa_auteur-willem-abma","17":"pa_isbn-23689","18":"pa_new-label-1-3","19":"pa_taal-frysk","20":"pa_uitgever-wijdemeer","22":"first","23":"instock","24":"taxable","25":"shipping-taxable","26":"purchasable","27":"product-type-simple"},"acf":[],"yoast_head":"<!-- This site is optimized with the Yoast SEO plugin v27.3 - https:\/\/yoast.com\/product\/yoast-seo-wordpress\/ -->\n<title>Bewarre - gedichten &#8211; Af\u00fbk Websjop<\/title>\n<meta name=\"description\" content=\"Bewarre is de laatste bundel van Willem Abma en het vervolg op Ferb\u00fbn en sjoen: Mimeringen oer myn leauwe en libben (2018).\" \/>\n<meta name=\"robots\" content=\"index, follow, max-snippet:-1, max-image-preview:large, max-video-preview:-1\" \/>\n<link rel=\"canonical\" href=\"https:\/\/websjop.afuk.frl\/nl\/winkel\/bewarre-gedichten\/\" \/>\n<meta property=\"og:locale\" content=\"nl_NL\" \/>\n<meta property=\"og:type\" content=\"article\" \/>\n<meta property=\"og:title\" content=\"Bewarre - gedichten &#8211; Af\u00fbk Websjop\" \/>\n<meta property=\"og:description\" content=\"Bewarre is de laatste bundel van Willem Abma en het vervolg op Ferb\u00fbn en sjoen: Mimeringen oer myn leauwe en libben (2018).\" \/>\n<meta property=\"og:url\" content=\"https:\/\/websjop.afuk.frl\/nl\/winkel\/bewarre-gedichten\/\" \/>\n<meta property=\"og:site_name\" content=\"Af\u00fbk Websjop\" \/>\n<meta property=\"article:modified_time\" content=\"2025-05-01T07:18:12+00:00\" \/>\n<meta property=\"og:image\" content=\"https:\/\/websjop.afuk.frl\/wp-content\/uploads\/2025\/03\/Bewarre.jpg\" \/>\n\t<meta property=\"og:image:width\" content=\"701\" \/>\n\t<meta property=\"og:image:height\" content=\"1080\" \/>\n\t<meta property=\"og:image:type\" content=\"image\/jpeg\" \/>\n<meta name=\"twitter:card\" content=\"summary_large_image\" \/>\n<meta name=\"twitter:label1\" content=\"Geschatte leestijd\" \/>\n\t<meta name=\"twitter:data1\" content=\"2 minuten\" \/>\n<script type=\"application\/ld+json\" class=\"yoast-schema-graph\">{\"@context\":\"https:\\\/\\\/schema.org\",\"@graph\":[{\"@type\":\"WebPage\",\"@id\":\"https:\\\/\\\/websjop.afuk.frl\\\/nl\\\/winkel\\\/bewarre-gedichten\\\/\",\"url\":\"https:\\\/\\\/websjop.afuk.frl\\\/nl\\\/winkel\\\/bewarre-gedichten\\\/\",\"name\":\"Bewarre - gedichten &#8211; Af\u00fbk Websjop\",\"isPartOf\":{\"@id\":\"https:\\\/\\\/websjop.afuk.frl\\\/nl\\\/#website\"},\"primaryImageOfPage\":{\"@id\":\"https:\\\/\\\/websjop.afuk.frl\\\/nl\\\/winkel\\\/bewarre-gedichten\\\/#primaryimage\"},\"image\":{\"@id\":\"https:\\\/\\\/websjop.afuk.frl\\\/nl\\\/winkel\\\/bewarre-gedichten\\\/#primaryimage\"},\"thumbnailUrl\":\"https:\\\/\\\/websjop.afuk.frl\\\/wp-content\\\/uploads\\\/2025\\\/03\\\/Bewarre.jpg\",\"datePublished\":\"2025-03-21T10:36:52+00:00\",\"dateModified\":\"2025-05-01T07:18:12+00:00\",\"description\":\"Bewarre is de laatste bundel van Willem Abma en het vervolg op Ferb\u00fbn en sjoen: Mimeringen oer myn leauwe en libben (2018).\",\"breadcrumb\":{\"@id\":\"https:\\\/\\\/websjop.afuk.frl\\\/nl\\\/winkel\\\/bewarre-gedichten\\\/#breadcrumb\"},\"inLanguage\":\"nl-NL\",\"potentialAction\":[{\"@type\":\"ReadAction\",\"target\":[\"https:\\\/\\\/websjop.afuk.frl\\\/nl\\\/winkel\\\/bewarre-gedichten\\\/\"]}]},{\"@type\":\"ImageObject\",\"inLanguage\":\"nl-NL\",\"@id\":\"https:\\\/\\\/websjop.afuk.frl\\\/nl\\\/winkel\\\/bewarre-gedichten\\\/#primaryimage\",\"url\":\"https:\\\/\\\/websjop.afuk.frl\\\/wp-content\\\/uploads\\\/2025\\\/03\\\/Bewarre.jpg\",\"contentUrl\":\"https:\\\/\\\/websjop.afuk.frl\\\/wp-content\\\/uploads\\\/2025\\\/03\\\/Bewarre.jpg\",\"width\":701,\"height\":1080},{\"@type\":\"BreadcrumbList\",\"@id\":\"https:\\\/\\\/websjop.afuk.frl\\\/nl\\\/winkel\\\/bewarre-gedichten\\\/#breadcrumb\",\"itemListElement\":[{\"@type\":\"ListItem\",\"position\":1,\"name\":\"Home\",\"item\":\"https:\\\/\\\/websjop.afuk.frl\\\/nl\\\/\"},{\"@type\":\"ListItem\",\"position\":2,\"name\":\"Winkel\",\"item\":\"https:\\\/\\\/websjop.afuk.frl\\\/nl\\\/winkel\\\/\"},{\"@type\":\"ListItem\",\"position\":3,\"name\":\"Bewarre &#8211; gedichten\"}]},{\"@type\":\"WebSite\",\"@id\":\"https:\\\/\\\/websjop.afuk.frl\\\/nl\\\/#website\",\"url\":\"https:\\\/\\\/websjop.afuk.frl\\\/nl\\\/\",\"name\":\"Af\u00fbk Websjop\",\"description\":\"\",\"potentialAction\":[{\"@type\":\"SearchAction\",\"target\":{\"@type\":\"EntryPoint\",\"urlTemplate\":\"https:\\\/\\\/websjop.afuk.frl\\\/nl\\\/?s={search_term_string}\"},\"query-input\":{\"@type\":\"PropertyValueSpecification\",\"valueRequired\":true,\"valueName\":\"search_term_string\"}}],\"inLanguage\":\"nl-NL\"}]}<\/script>\n<!-- \/ Yoast SEO plugin. -->","yoast_head_json":{"title":"Bewarre - gedichten &#8211; Af\u00fbk Websjop","description":"Bewarre is de laatste bundel van Willem Abma en het vervolg op Ferb\u00fbn en sjoen: Mimeringen oer myn leauwe en libben (2018).","robots":{"index":"index","follow":"follow","max-snippet":"max-snippet:-1","max-image-preview":"max-image-preview:large","max-video-preview":"max-video-preview:-1"},"canonical":"https:\/\/websjop.afuk.frl\/nl\/winkel\/bewarre-gedichten\/","og_locale":"nl_NL","og_type":"article","og_title":"Bewarre - gedichten &#8211; Af\u00fbk Websjop","og_description":"Bewarre is de laatste bundel van Willem Abma en het vervolg op Ferb\u00fbn en sjoen: Mimeringen oer myn leauwe en libben (2018).","og_url":"https:\/\/websjop.afuk.frl\/nl\/winkel\/bewarre-gedichten\/","og_site_name":"Af\u00fbk Websjop","article_modified_time":"2025-05-01T07:18:12+00:00","og_image":[{"width":701,"height":1080,"url":"https:\/\/websjop.afuk.frl\/wp-content\/uploads\/2025\/03\/Bewarre.jpg","type":"image\/jpeg"}],"twitter_card":"summary_large_image","twitter_misc":{"Geschatte leestijd":"2 minuten"},"schema":{"@context":"https:\/\/schema.org","@graph":[{"@type":"WebPage","@id":"https:\/\/websjop.afuk.frl\/nl\/winkel\/bewarre-gedichten\/","url":"https:\/\/websjop.afuk.frl\/nl\/winkel\/bewarre-gedichten\/","name":"Bewarre - gedichten &#8211; Af\u00fbk Websjop","isPartOf":{"@id":"https:\/\/websjop.afuk.frl\/nl\/#website"},"primaryImageOfPage":{"@id":"https:\/\/websjop.afuk.frl\/nl\/winkel\/bewarre-gedichten\/#primaryimage"},"image":{"@id":"https:\/\/websjop.afuk.frl\/nl\/winkel\/bewarre-gedichten\/#primaryimage"},"thumbnailUrl":"https:\/\/websjop.afuk.frl\/wp-content\/uploads\/2025\/03\/Bewarre.jpg","datePublished":"2025-03-21T10:36:52+00:00","dateModified":"2025-05-01T07:18:12+00:00","description":"Bewarre is de laatste bundel van Willem Abma en het vervolg op Ferb\u00fbn en sjoen: Mimeringen oer myn leauwe en libben (2018).","breadcrumb":{"@id":"https:\/\/websjop.afuk.frl\/nl\/winkel\/bewarre-gedichten\/#breadcrumb"},"inLanguage":"nl-NL","potentialAction":[{"@type":"ReadAction","target":["https:\/\/websjop.afuk.frl\/nl\/winkel\/bewarre-gedichten\/"]}]},{"@type":"ImageObject","inLanguage":"nl-NL","@id":"https:\/\/websjop.afuk.frl\/nl\/winkel\/bewarre-gedichten\/#primaryimage","url":"https:\/\/websjop.afuk.frl\/wp-content\/uploads\/2025\/03\/Bewarre.jpg","contentUrl":"https:\/\/websjop.afuk.frl\/wp-content\/uploads\/2025\/03\/Bewarre.jpg","width":701,"height":1080},{"@type":"BreadcrumbList","@id":"https:\/\/websjop.afuk.frl\/nl\/winkel\/bewarre-gedichten\/#breadcrumb","itemListElement":[{"@type":"ListItem","position":1,"name":"Home","item":"https:\/\/websjop.afuk.frl\/nl\/"},{"@type":"ListItem","position":2,"name":"Winkel","item":"https:\/\/websjop.afuk.frl\/nl\/winkel\/"},{"@type":"ListItem","position":3,"name":"Bewarre &#8211; gedichten"}]},{"@type":"WebSite","@id":"https:\/\/websjop.afuk.frl\/nl\/#website","url":"https:\/\/websjop.afuk.frl\/nl\/","name":"Af\u00fbk Websjop","description":"","potentialAction":[{"@type":"SearchAction","target":{"@type":"EntryPoint","urlTemplate":"https:\/\/websjop.afuk.frl\/nl\/?s={search_term_string}"},"query-input":{"@type":"PropertyValueSpecification","valueRequired":true,"valueName":"search_term_string"}}],"inLanguage":"nl-NL"}]}},"_links":{"self":[{"href":"https:\/\/websjop.afuk.frl\/nl\/wp-json\/wp\/v2\/product\/47982","targetHints":{"allow":["GET"]}}],"collection":[{"href":"https:\/\/websjop.afuk.frl\/nl\/wp-json\/wp\/v2\/product"}],"about":[{"href":"https:\/\/websjop.afuk.frl\/nl\/wp-json\/wp\/v2\/types\/product"}],"replies":[{"embeddable":true,"href":"https:\/\/websjop.afuk.frl\/nl\/wp-json\/wp\/v2\/comments?post=47982"}],"wp:featuredmedia":[{"embeddable":true,"href":"https:\/\/websjop.afuk.frl\/nl\/wp-json\/wp\/v2\/media\/47983"}],"wp:attachment":[{"href":"https:\/\/websjop.afuk.frl\/nl\/wp-json\/wp\/v2\/media?parent=47982"}],"wp:term":[{"taxonomy":"product_brand","embeddable":true,"href":"https:\/\/websjop.afuk.frl\/nl\/wp-json\/wp\/v2\/product_brand?post=47982"},{"taxonomy":"product_cat","embeddable":true,"href":"https:\/\/websjop.afuk.frl\/nl\/wp-json\/wp\/v2\/product_cat?post=47982"},{"taxonomy":"product_tag","embeddable":true,"href":"https:\/\/websjop.afuk.frl\/nl\/wp-json\/wp\/v2\/product_tag?post=47982"}],"curies":[{"name":"wp","href":"https:\/\/api.w.org\/{rel}","templated":true}]}}