{"id":47667,"date":"2025-03-10T11:25:43","date_gmt":"2025-03-10T10:25:43","guid":{"rendered":"https:\/\/websjop.afuk.frl\/frl\/?post_type=product&#038;p=47667"},"modified":"2025-03-10T11:25:43","modified_gmt":"2025-03-10T10:25:43","slug":"de-romeinen-de-friese-opstand-strip","status":"publish","type":"product","link":"https:\/\/websjop.afuk.frl\/nl\/winkel\/de-romeinen-de-friese-opstand-strip\/","title":{"rendered":"De Romeinen &#8211; De Friese Opstand &#8211; strip"},"content":{"rendered":"<p>De perfecte misdaad bestaat niet. Of toch? In het land van de Friezen hebben Alexius en Bulbus \u2013 zonder medeweten van hun vriend Khoffi \u2013 een lucratief handeltje opgezet, waarbij ze in beslag genomen dierenhuiden stelen en terug verkopen aan de lokale inwoners. Een win-win situatie. De komst van Olennius, de nieuwe landvoogd, brengt hun afspraak met de Friezen in gevaar.<\/p>\n<p>Om aan de woede van Olennius \u00e9n de Friezen te ontsnappen, zullen onze legionairs nog \u00e9\u00e9n keer een perfecte misdaad uit hun mouw moeten schudden.<\/p>\n<p>Deze strip is ook in het Fries verschenen: <a href=\"https:\/\/websjop.afuk.frl\/frl\/winkel\/de-romeinen-de-opstan-fan-de-friezen\/\">https:\/\/websjop.afuk.frl\/frl\/winkel\/de-romeinen-de-opstan-fan-de-friezen\/<\/a><\/p>\n","protected":false},"excerpt":{"rendered":"<p>De perfecte misdaad bestaat niet. Of toch? In het land van de Friezen hebben Alexius en Bulbus \u2013 zonder medeweten van hun vriend Khoffi \u2013 een lucratief handeltje opgezet, waarbij ze in beslag genomen dierenhuiden stelen en terug verkopen aan de lokale inwoners. Een win-win situatie. De komst van Olennius, de nieuwe landvoogd, brengt hun [&hellip;]<\/p>\n","protected":false},"featured_media":47668,"comment_status":"closed","ping_status":"closed","template":"","meta":{"_acf_changed":false},"product_brand":[],"product_cat":[1213,1043,535,18411,19384,18410,1218,539,556,14119],"product_tag":[23599,23598,6009,23434,5318],"class_list":{"0":"post-47667","1":"product","2":"type-product","3":"status-publish","4":"has-post-thumbnail","6":"product_cat-berne-en-jeugdboeken","7":"product_cat-edukatyf","8":"product_cat-fryske-boeken","9":"product_cat-fuortset-underwiis","10":"product_cat-jeugdboeken-15","11":"product_cat-primer-underwiis","12":"product_cat-skiednis-2","13":"product_cat-skiednis","14":"product_cat-stripboeken","15":"product_cat-underwiis","16":"product_tag-28-na-chr","17":"product_tag-de-romeinen-de-friese-opstand","18":"product_tag-historie","19":"product_tag-kristof-berte","20":"product_tag-strip","21":"product_shipping_class-brievenbus-verzending","22":"pa_auteur-kristof-berte","23":"pa_isbn-23597","24":"pa_new-label-1-3","25":"pa_taal-nederlands","26":"pa_uitgever-uitgeverij-l-uitgeverij-syndikaat","28":"first","29":"instock","30":"taxable","31":"shipping-taxable","32":"purchasable","33":"product-type-simple"},"acf":[],"yoast_head":"<!-- This site is optimized with the Yoast SEO plugin v27.3 - https:\/\/yoast.com\/product\/yoast-seo-wordpress\/ -->\n<title>De Romeinen - De Friese Opstand - strip &#8211; Af\u00fbk Websjop<\/title>\n<meta name=\"description\" content=\"De Romeinen De Friese Opstand is een prachtig getekende, spannende, grappige \u00e9n leerzame strip, gebaseerd op historische feiten: De opstand in 28 na Chr.\" \/>\n<meta name=\"robots\" content=\"index, follow, max-snippet:-1, max-image-preview:large, max-video-preview:-1\" \/>\n<link rel=\"canonical\" href=\"https:\/\/websjop.afuk.frl\/nl\/winkel\/de-romeinen-de-friese-opstand-strip\/\" \/>\n<meta property=\"og:locale\" content=\"nl_NL\" \/>\n<meta property=\"og:type\" content=\"article\" \/>\n<meta property=\"og:title\" content=\"De Romeinen - De Friese Opstand - strip &#8211; Af\u00fbk Websjop\" \/>\n<meta property=\"og:description\" content=\"De Romeinen De Friese Opstand is een prachtig getekende, spannende, grappige \u00e9n leerzame strip, gebaseerd op historische feiten: De opstand in 28 na Chr.\" \/>\n<meta property=\"og:url\" content=\"https:\/\/websjop.afuk.frl\/nl\/winkel\/de-romeinen-de-friese-opstand-strip\/\" \/>\n<meta property=\"og:site_name\" content=\"Af\u00fbk Websjop\" \/>\n<meta property=\"og:image\" content=\"https:\/\/websjop.afuk.frl\/wp-content\/uploads\/2025\/03\/De-Romeinen-strip-NL.jpg\" \/>\n\t<meta property=\"og:image:width\" content=\"627\" \/>\n\t<meta property=\"og:image:height\" content=\"800\" \/>\n\t<meta property=\"og:image:type\" content=\"image\/jpeg\" \/>\n<meta name=\"twitter:card\" content=\"summary_large_image\" \/>\n<meta name=\"twitter:label1\" content=\"Geschatte leestijd\" \/>\n\t<meta name=\"twitter:data1\" content=\"1 minuut\" \/>\n<script type=\"application\/ld+json\" class=\"yoast-schema-graph\">{\"@context\":\"https:\\\/\\\/schema.org\",\"@graph\":[{\"@type\":\"WebPage\",\"@id\":\"https:\\\/\\\/websjop.afuk.frl\\\/nl\\\/winkel\\\/de-romeinen-de-friese-opstand-strip\\\/\",\"url\":\"https:\\\/\\\/websjop.afuk.frl\\\/nl\\\/winkel\\\/de-romeinen-de-friese-opstand-strip\\\/\",\"name\":\"De Romeinen - De Friese Opstand - strip &#8211; Af\u00fbk Websjop\",\"isPartOf\":{\"@id\":\"https:\\\/\\\/websjop.afuk.frl\\\/nl\\\/#website\"},\"primaryImageOfPage\":{\"@id\":\"https:\\\/\\\/websjop.afuk.frl\\\/nl\\\/winkel\\\/de-romeinen-de-friese-opstand-strip\\\/#primaryimage\"},\"image\":{\"@id\":\"https:\\\/\\\/websjop.afuk.frl\\\/nl\\\/winkel\\\/de-romeinen-de-friese-opstand-strip\\\/#primaryimage\"},\"thumbnailUrl\":\"https:\\\/\\\/websjop.afuk.frl\\\/wp-content\\\/uploads\\\/2025\\\/03\\\/De-Romeinen-strip-NL.jpg\",\"datePublished\":\"2025-03-10T10:25:43+00:00\",\"description\":\"De Romeinen De Friese Opstand is een prachtig getekende, spannende, grappige \u00e9n leerzame strip, gebaseerd op historische feiten: De opstand in 28 na Chr.\",\"breadcrumb\":{\"@id\":\"https:\\\/\\\/websjop.afuk.frl\\\/nl\\\/winkel\\\/de-romeinen-de-friese-opstand-strip\\\/#breadcrumb\"},\"inLanguage\":\"nl-NL\",\"potentialAction\":[{\"@type\":\"ReadAction\",\"target\":[\"https:\\\/\\\/websjop.afuk.frl\\\/nl\\\/winkel\\\/de-romeinen-de-friese-opstand-strip\\\/\"]}]},{\"@type\":\"ImageObject\",\"inLanguage\":\"nl-NL\",\"@id\":\"https:\\\/\\\/websjop.afuk.frl\\\/nl\\\/winkel\\\/de-romeinen-de-friese-opstand-strip\\\/#primaryimage\",\"url\":\"https:\\\/\\\/websjop.afuk.frl\\\/wp-content\\\/uploads\\\/2025\\\/03\\\/De-Romeinen-strip-NL.jpg\",\"contentUrl\":\"https:\\\/\\\/websjop.afuk.frl\\\/wp-content\\\/uploads\\\/2025\\\/03\\\/De-Romeinen-strip-NL.jpg\",\"width\":627,\"height\":800},{\"@type\":\"BreadcrumbList\",\"@id\":\"https:\\\/\\\/websjop.afuk.frl\\\/nl\\\/winkel\\\/de-romeinen-de-friese-opstand-strip\\\/#breadcrumb\",\"itemListElement\":[{\"@type\":\"ListItem\",\"position\":1,\"name\":\"Home\",\"item\":\"https:\\\/\\\/websjop.afuk.frl\\\/nl\\\/\"},{\"@type\":\"ListItem\",\"position\":2,\"name\":\"Winkel\",\"item\":\"https:\\\/\\\/websjop.afuk.frl\\\/nl\\\/winkel\\\/\"},{\"@type\":\"ListItem\",\"position\":3,\"name\":\"De Romeinen &#8211; De Friese Opstand &#8211; strip\"}]},{\"@type\":\"WebSite\",\"@id\":\"https:\\\/\\\/websjop.afuk.frl\\\/nl\\\/#website\",\"url\":\"https:\\\/\\\/websjop.afuk.frl\\\/nl\\\/\",\"name\":\"Af\u00fbk Websjop\",\"description\":\"\",\"potentialAction\":[{\"@type\":\"SearchAction\",\"target\":{\"@type\":\"EntryPoint\",\"urlTemplate\":\"https:\\\/\\\/websjop.afuk.frl\\\/nl\\\/?s={search_term_string}\"},\"query-input\":{\"@type\":\"PropertyValueSpecification\",\"valueRequired\":true,\"valueName\":\"search_term_string\"}}],\"inLanguage\":\"nl-NL\"}]}<\/script>\n<!-- \/ Yoast SEO plugin. -->","yoast_head_json":{"title":"De Romeinen - De Friese Opstand - strip &#8211; Af\u00fbk Websjop","description":"De Romeinen De Friese Opstand is een prachtig getekende, spannende, grappige \u00e9n leerzame strip, gebaseerd op historische feiten: De opstand in 28 na Chr.","robots":{"index":"index","follow":"follow","max-snippet":"max-snippet:-1","max-image-preview":"max-image-preview:large","max-video-preview":"max-video-preview:-1"},"canonical":"https:\/\/websjop.afuk.frl\/nl\/winkel\/de-romeinen-de-friese-opstand-strip\/","og_locale":"nl_NL","og_type":"article","og_title":"De Romeinen - De Friese Opstand - strip &#8211; Af\u00fbk Websjop","og_description":"De Romeinen De Friese Opstand is een prachtig getekende, spannende, grappige \u00e9n leerzame strip, gebaseerd op historische feiten: De opstand in 28 na Chr.","og_url":"https:\/\/websjop.afuk.frl\/nl\/winkel\/de-romeinen-de-friese-opstand-strip\/","og_site_name":"Af\u00fbk Websjop","og_image":[{"width":627,"height":800,"url":"https:\/\/websjop.afuk.frl\/wp-content\/uploads\/2025\/03\/De-Romeinen-strip-NL.jpg","type":"image\/jpeg"}],"twitter_card":"summary_large_image","twitter_misc":{"Geschatte leestijd":"1 minuut"},"schema":{"@context":"https:\/\/schema.org","@graph":[{"@type":"WebPage","@id":"https:\/\/websjop.afuk.frl\/nl\/winkel\/de-romeinen-de-friese-opstand-strip\/","url":"https:\/\/websjop.afuk.frl\/nl\/winkel\/de-romeinen-de-friese-opstand-strip\/","name":"De Romeinen - De Friese Opstand - strip &#8211; Af\u00fbk Websjop","isPartOf":{"@id":"https:\/\/websjop.afuk.frl\/nl\/#website"},"primaryImageOfPage":{"@id":"https:\/\/websjop.afuk.frl\/nl\/winkel\/de-romeinen-de-friese-opstand-strip\/#primaryimage"},"image":{"@id":"https:\/\/websjop.afuk.frl\/nl\/winkel\/de-romeinen-de-friese-opstand-strip\/#primaryimage"},"thumbnailUrl":"https:\/\/websjop.afuk.frl\/wp-content\/uploads\/2025\/03\/De-Romeinen-strip-NL.jpg","datePublished":"2025-03-10T10:25:43+00:00","description":"De Romeinen De Friese Opstand is een prachtig getekende, spannende, grappige \u00e9n leerzame strip, gebaseerd op historische feiten: De opstand in 28 na Chr.","breadcrumb":{"@id":"https:\/\/websjop.afuk.frl\/nl\/winkel\/de-romeinen-de-friese-opstand-strip\/#breadcrumb"},"inLanguage":"nl-NL","potentialAction":[{"@type":"ReadAction","target":["https:\/\/websjop.afuk.frl\/nl\/winkel\/de-romeinen-de-friese-opstand-strip\/"]}]},{"@type":"ImageObject","inLanguage":"nl-NL","@id":"https:\/\/websjop.afuk.frl\/nl\/winkel\/de-romeinen-de-friese-opstand-strip\/#primaryimage","url":"https:\/\/websjop.afuk.frl\/wp-content\/uploads\/2025\/03\/De-Romeinen-strip-NL.jpg","contentUrl":"https:\/\/websjop.afuk.frl\/wp-content\/uploads\/2025\/03\/De-Romeinen-strip-NL.jpg","width":627,"height":800},{"@type":"BreadcrumbList","@id":"https:\/\/websjop.afuk.frl\/nl\/winkel\/de-romeinen-de-friese-opstand-strip\/#breadcrumb","itemListElement":[{"@type":"ListItem","position":1,"name":"Home","item":"https:\/\/websjop.afuk.frl\/nl\/"},{"@type":"ListItem","position":2,"name":"Winkel","item":"https:\/\/websjop.afuk.frl\/nl\/winkel\/"},{"@type":"ListItem","position":3,"name":"De Romeinen &#8211; De Friese Opstand &#8211; strip"}]},{"@type":"WebSite","@id":"https:\/\/websjop.afuk.frl\/nl\/#website","url":"https:\/\/websjop.afuk.frl\/nl\/","name":"Af\u00fbk Websjop","description":"","potentialAction":[{"@type":"SearchAction","target":{"@type":"EntryPoint","urlTemplate":"https:\/\/websjop.afuk.frl\/nl\/?s={search_term_string}"},"query-input":{"@type":"PropertyValueSpecification","valueRequired":true,"valueName":"search_term_string"}}],"inLanguage":"nl-NL"}]}},"_links":{"self":[{"href":"https:\/\/websjop.afuk.frl\/nl\/wp-json\/wp\/v2\/product\/47667","targetHints":{"allow":["GET"]}}],"collection":[{"href":"https:\/\/websjop.afuk.frl\/nl\/wp-json\/wp\/v2\/product"}],"about":[{"href":"https:\/\/websjop.afuk.frl\/nl\/wp-json\/wp\/v2\/types\/product"}],"replies":[{"embeddable":true,"href":"https:\/\/websjop.afuk.frl\/nl\/wp-json\/wp\/v2\/comments?post=47667"}],"wp:featuredmedia":[{"embeddable":true,"href":"https:\/\/websjop.afuk.frl\/nl\/wp-json\/wp\/v2\/media\/47668"}],"wp:attachment":[{"href":"https:\/\/websjop.afuk.frl\/nl\/wp-json\/wp\/v2\/media?parent=47667"}],"wp:term":[{"taxonomy":"product_brand","embeddable":true,"href":"https:\/\/websjop.afuk.frl\/nl\/wp-json\/wp\/v2\/product_brand?post=47667"},{"taxonomy":"product_cat","embeddable":true,"href":"https:\/\/websjop.afuk.frl\/nl\/wp-json\/wp\/v2\/product_cat?post=47667"},{"taxonomy":"product_tag","embeddable":true,"href":"https:\/\/websjop.afuk.frl\/nl\/wp-json\/wp\/v2\/product_tag?post=47667"}],"curies":[{"name":"wp","href":"https:\/\/api.w.org\/{rel}","templated":true}]}}