{"id":47500,"date":"2025-02-26T10:11:57","date_gmt":"2025-02-26T09:11:57","guid":{"rendered":"https:\/\/websjop.afuk.frl\/frl\/?post_type=product&#038;p=47500"},"modified":"2026-01-07T13:42:05","modified_gmt":"2026-01-07T12:42:05","slug":"jierdeikalinder-mei-ferskes-en-gedichtsjes-fan-geartsje-douma","status":"publish","type":"product","link":"https:\/\/websjop.afuk.frl\/nl\/winkel\/jierdeikalinder-mei-ferskes-en-gedichtsjes-fan-geartsje-douma\/","title":{"rendered":"Jierdeikalinder mei ferskes en gedichtsjes fan Geartsje Douma"},"content":{"rendered":"<p>Geartsje Douma schrijft al 25 jaar Friese liedjes, gedichtjes en verhaaltjes voor jonge kinderen. Ter ere daarvan is deze prachtige feestelijke verjaardagskalender verschenen met een selectie van haar werk. Voor iedere maand is er wat gekozen dat passend is voor de tijd van het jaar.<\/p>\n<p>Op de kalender zijn bij alle gedichtjes en (opzeg-)versjes prachtige illustraties te zien. Ze zijn gemaakt door Linda de Haan, Mirjam van Houten, Luuk Klazenga, Marijke Klompmaker, Karin Carolina Poiesz en Froukje Reitsma. Via een QR-code zijn de liedjes te beluisteren en er worden bij elke maand bijpassende lees-, zing-, doe- of praattips gegeven. Een vrolijke kalender, om het hele jaar door van te genieten; op de peuteropvang, op school of thuis!<\/p>\n<p>Speciaal geschikt voor kinderen van 2 t\/m 6 jaar.<\/p>\n<p><a href=\"https:\/\/websjop.afuk.frl\/wp-content\/uploads\/2025\/03\/jierdeikalinder-inkijkexemplaar.pdf\" target=\"_blank\" rel=\"noopener\"><strong>INKIJKEXEMPLAAR<\/strong><\/a><\/p>\n<p>&#8212;-<\/p>\n<p><strong><em>Jierdei<\/em><\/strong><\/p>\n<p><em>Slingers, toeters: t\u00fat t\u00fat t\u00fat!<\/em><\/p>\n<p><em>In hiele protte pakjes,<\/em><\/p>\n<p><em>en lekkere gebakjes.<\/em><\/p>\n<p><em>Ik blaas alle kearskes \u00fat: FFFFFFF!<\/em><\/p>\n<p>&nbsp;<\/p>\n<hr \/>\n<p><em>Sietske: &#8220;Wat in feestlike jierdeikalinder! In soad kleuren mei foar bern herkenbere platen. Elke moanne hat in eigen tekening mei in ferske of gedicht, passend by de moanne. In sniepop yn de winter, in pykje yn de maaitiid, swimme yn de see yn de simmer en rein yn de hjerst. Ek kinst by inkele moannen in QR-koade scanne en dan kinst it ferske ek bel\u00fasterje.&#8221; <a href=\"https:\/\/heitenmem.frl\/jierdeikalinder-foar-pjutten-resinsje-sietske\/\" target=\"_blank\" rel=\"noopener\">Besjoch hjir de folsleine resinsje fan Sietske.<\/a><\/em><\/p>\n","protected":false},"excerpt":{"rendered":"<p>Geartsje Douma schrijft al 25 jaar Friese liedjes, gedichtjes en verhaaltjes voor jonge kinderen. Ter ere daarvan is deze prachtige feestelijke verjaardagskalender verschenen met een selectie van haar werk. Voor iedere maand is er wat gekozen dat passend is voor de tijd van het jaar. Op de kalender zijn bij alle gedichtjes en (opzeg-)versjes prachtige [&hellip;]<\/p>\n","protected":false},"featured_media":47594,"comment_status":"closed","ping_status":"closed","template":"","meta":{"_acf_changed":false},"product_brand":[],"product_cat":[18409,17611,565,1221,18410,22894,22393,570,14119],"product_tag":[6665,5293,14498,19642,17095,6667,23532,9762,5575,9696],"class_list":{"0":"post-47500","1":"product","2":"type-product","3":"status-publish","4":"has-post-thumbnail","6":"product_cat-foarskoalsk","7":"product_cat-fryske-kalinders-en-agindas","8":"product_cat-friese-producten","9":"product_cat-maitiid","10":"product_cat-primer-underwiis","11":"product_cat-tema-jierdei","12":"product_cat-tema-winter-foar-jonge-bern","13":"product_cat-tomke","14":"product_cat-underwiis","15":"product_tag-ferhaaltsjes","16":"product_tag-ferskes","17":"product_tag-geartsje-douma","18":"product_tag-gedichtsjes","19":"product_tag-jarig","20":"product_tag-jierdei","21":"product_tag-jierdeikalinder","22":"product_tag-kalender","23":"product_tag-pjutten","24":"product_tag-verjaardagskalender","25":"product_shipping_class-brievenbus-verzending","26":"pa_auteur-geartsje-douma","27":"pa_isbn-23531","28":"pa_new-label-1-3","29":"pa_taal-frysk","30":"pa_uitgever-afuk","32":"first","33":"instock","34":"taxable","35":"shipping-taxable","36":"purchasable","37":"product-type-simple"},"acf":[],"yoast_head":"<!-- This site is optimized with the Yoast SEO plugin v27.3 - https:\/\/yoast.com\/product\/yoast-seo-wordpress\/ -->\n<title>Jierdeikalinder mei ferskes en gedichtsjes fan Geartsje Douma &#8211; Af\u00fbk Websjop<\/title>\n<meta name=\"description\" content=\"Al 25 jaar schrijft Douma Friese liedjes, gedichtjes en verhaaltjes! In deze friese verjaardagskalender een selectie van haar werk.\" \/>\n<meta name=\"robots\" content=\"index, follow, max-snippet:-1, max-image-preview:large, max-video-preview:-1\" \/>\n<link rel=\"canonical\" href=\"https:\/\/websjop.afuk.frl\/nl\/winkel\/jierdeikalinder-mei-ferskes-en-gedichtsjes-fan-geartsje-douma\/\" \/>\n<meta property=\"og:locale\" content=\"nl_NL\" \/>\n<meta property=\"og:type\" content=\"article\" \/>\n<meta property=\"og:title\" content=\"Jierdeikalinder mei ferskes en gedichtsjes fan Geartsje Douma &#8211; Af\u00fbk Websjop\" \/>\n<meta property=\"og:description\" content=\"Al 25 jaar schrijft Douma Friese liedjes, gedichtjes en verhaaltjes! In deze friese verjaardagskalender een selectie van haar werk.\" \/>\n<meta property=\"og:url\" content=\"https:\/\/websjop.afuk.frl\/nl\/winkel\/jierdeikalinder-mei-ferskes-en-gedichtsjes-fan-geartsje-douma\/\" \/>\n<meta property=\"og:site_name\" content=\"Af\u00fbk Websjop\" \/>\n<meta property=\"article:modified_time\" content=\"2026-01-07T12:42:05+00:00\" \/>\n<meta property=\"og:image\" content=\"https:\/\/websjop.afuk.frl\/wp-content\/uploads\/2025\/02\/jierdeikalinder-scaled-e1741010726110.jpg\" \/>\n\t<meta property=\"og:image:width\" content=\"1920\" \/>\n\t<meta property=\"og:image:height\" content=\"2350\" \/>\n\t<meta property=\"og:image:type\" content=\"image\/jpeg\" \/>\n<meta name=\"twitter:card\" content=\"summary_large_image\" \/>\n<meta name=\"twitter:label1\" content=\"Geschatte leestijd\" \/>\n\t<meta name=\"twitter:data1\" content=\"3 minuten\" \/>\n<script type=\"application\/ld+json\" class=\"yoast-schema-graph\">{\"@context\":\"https:\\\/\\\/schema.org\",\"@graph\":[{\"@type\":\"WebPage\",\"@id\":\"https:\\\/\\\/websjop.afuk.frl\\\/nl\\\/winkel\\\/jierdeikalinder-mei-ferskes-en-gedichtsjes-fan-geartsje-douma\\\/\",\"url\":\"https:\\\/\\\/websjop.afuk.frl\\\/nl\\\/winkel\\\/jierdeikalinder-mei-ferskes-en-gedichtsjes-fan-geartsje-douma\\\/\",\"name\":\"Jierdeikalinder mei ferskes en gedichtsjes fan Geartsje Douma &#8211; Af\u00fbk Websjop\",\"isPartOf\":{\"@id\":\"https:\\\/\\\/websjop.afuk.frl\\\/nl\\\/#website\"},\"primaryImageOfPage\":{\"@id\":\"https:\\\/\\\/websjop.afuk.frl\\\/nl\\\/winkel\\\/jierdeikalinder-mei-ferskes-en-gedichtsjes-fan-geartsje-douma\\\/#primaryimage\"},\"image\":{\"@id\":\"https:\\\/\\\/websjop.afuk.frl\\\/nl\\\/winkel\\\/jierdeikalinder-mei-ferskes-en-gedichtsjes-fan-geartsje-douma\\\/#primaryimage\"},\"thumbnailUrl\":\"https:\\\/\\\/websjop.afuk.frl\\\/wp-content\\\/uploads\\\/2025\\\/02\\\/jierdeikalinder-scaled-e1741010726110.jpg\",\"datePublished\":\"2025-02-26T09:11:57+00:00\",\"dateModified\":\"2026-01-07T12:42:05+00:00\",\"description\":\"Al 25 jaar schrijft Douma Friese liedjes, gedichtjes en verhaaltjes! In deze friese verjaardagskalender een selectie van haar werk.\",\"breadcrumb\":{\"@id\":\"https:\\\/\\\/websjop.afuk.frl\\\/nl\\\/winkel\\\/jierdeikalinder-mei-ferskes-en-gedichtsjes-fan-geartsje-douma\\\/#breadcrumb\"},\"inLanguage\":\"nl-NL\",\"potentialAction\":[{\"@type\":\"ReadAction\",\"target\":[\"https:\\\/\\\/websjop.afuk.frl\\\/nl\\\/winkel\\\/jierdeikalinder-mei-ferskes-en-gedichtsjes-fan-geartsje-douma\\\/\"]}]},{\"@type\":\"ImageObject\",\"inLanguage\":\"nl-NL\",\"@id\":\"https:\\\/\\\/websjop.afuk.frl\\\/nl\\\/winkel\\\/jierdeikalinder-mei-ferskes-en-gedichtsjes-fan-geartsje-douma\\\/#primaryimage\",\"url\":\"https:\\\/\\\/websjop.afuk.frl\\\/wp-content\\\/uploads\\\/2025\\\/02\\\/jierdeikalinder-scaled-e1741010726110.jpg\",\"contentUrl\":\"https:\\\/\\\/websjop.afuk.frl\\\/wp-content\\\/uploads\\\/2025\\\/02\\\/jierdeikalinder-scaled-e1741010726110.jpg\",\"width\":1920,\"height\":2350,\"caption\":\"jierdeikalinder\"},{\"@type\":\"BreadcrumbList\",\"@id\":\"https:\\\/\\\/websjop.afuk.frl\\\/nl\\\/winkel\\\/jierdeikalinder-mei-ferskes-en-gedichtsjes-fan-geartsje-douma\\\/#breadcrumb\",\"itemListElement\":[{\"@type\":\"ListItem\",\"position\":1,\"name\":\"Home\",\"item\":\"https:\\\/\\\/websjop.afuk.frl\\\/nl\\\/\"},{\"@type\":\"ListItem\",\"position\":2,\"name\":\"Winkel\",\"item\":\"https:\\\/\\\/websjop.afuk.frl\\\/nl\\\/winkel\\\/\"},{\"@type\":\"ListItem\",\"position\":3,\"name\":\"Jierdeikalinder mei ferskes en gedichtsjes fan Geartsje Douma\"}]},{\"@type\":\"WebSite\",\"@id\":\"https:\\\/\\\/websjop.afuk.frl\\\/nl\\\/#website\",\"url\":\"https:\\\/\\\/websjop.afuk.frl\\\/nl\\\/\",\"name\":\"Af\u00fbk Websjop\",\"description\":\"\",\"potentialAction\":[{\"@type\":\"SearchAction\",\"target\":{\"@type\":\"EntryPoint\",\"urlTemplate\":\"https:\\\/\\\/websjop.afuk.frl\\\/nl\\\/?s={search_term_string}\"},\"query-input\":{\"@type\":\"PropertyValueSpecification\",\"valueRequired\":true,\"valueName\":\"search_term_string\"}}],\"inLanguage\":\"nl-NL\"}]}<\/script>\n<!-- \/ Yoast SEO plugin. -->","yoast_head_json":{"title":"Jierdeikalinder mei ferskes en gedichtsjes fan Geartsje Douma &#8211; Af\u00fbk Websjop","description":"Al 25 jaar schrijft Douma Friese liedjes, gedichtjes en verhaaltjes! In deze friese verjaardagskalender een selectie van haar werk.","robots":{"index":"index","follow":"follow","max-snippet":"max-snippet:-1","max-image-preview":"max-image-preview:large","max-video-preview":"max-video-preview:-1"},"canonical":"https:\/\/websjop.afuk.frl\/nl\/winkel\/jierdeikalinder-mei-ferskes-en-gedichtsjes-fan-geartsje-douma\/","og_locale":"nl_NL","og_type":"article","og_title":"Jierdeikalinder mei ferskes en gedichtsjes fan Geartsje Douma &#8211; Af\u00fbk Websjop","og_description":"Al 25 jaar schrijft Douma Friese liedjes, gedichtjes en verhaaltjes! In deze friese verjaardagskalender een selectie van haar werk.","og_url":"https:\/\/websjop.afuk.frl\/nl\/winkel\/jierdeikalinder-mei-ferskes-en-gedichtsjes-fan-geartsje-douma\/","og_site_name":"Af\u00fbk Websjop","article_modified_time":"2026-01-07T12:42:05+00:00","og_image":[{"width":1920,"height":2350,"url":"https:\/\/websjop.afuk.frl\/wp-content\/uploads\/2025\/02\/jierdeikalinder-scaled-e1741010726110.jpg","type":"image\/jpeg"}],"twitter_card":"summary_large_image","twitter_misc":{"Geschatte leestijd":"3 minuten"},"schema":{"@context":"https:\/\/schema.org","@graph":[{"@type":"WebPage","@id":"https:\/\/websjop.afuk.frl\/nl\/winkel\/jierdeikalinder-mei-ferskes-en-gedichtsjes-fan-geartsje-douma\/","url":"https:\/\/websjop.afuk.frl\/nl\/winkel\/jierdeikalinder-mei-ferskes-en-gedichtsjes-fan-geartsje-douma\/","name":"Jierdeikalinder mei ferskes en gedichtsjes fan Geartsje Douma &#8211; Af\u00fbk Websjop","isPartOf":{"@id":"https:\/\/websjop.afuk.frl\/nl\/#website"},"primaryImageOfPage":{"@id":"https:\/\/websjop.afuk.frl\/nl\/winkel\/jierdeikalinder-mei-ferskes-en-gedichtsjes-fan-geartsje-douma\/#primaryimage"},"image":{"@id":"https:\/\/websjop.afuk.frl\/nl\/winkel\/jierdeikalinder-mei-ferskes-en-gedichtsjes-fan-geartsje-douma\/#primaryimage"},"thumbnailUrl":"https:\/\/websjop.afuk.frl\/wp-content\/uploads\/2025\/02\/jierdeikalinder-scaled-e1741010726110.jpg","datePublished":"2025-02-26T09:11:57+00:00","dateModified":"2026-01-07T12:42:05+00:00","description":"Al 25 jaar schrijft Douma Friese liedjes, gedichtjes en verhaaltjes! In deze friese verjaardagskalender een selectie van haar werk.","breadcrumb":{"@id":"https:\/\/websjop.afuk.frl\/nl\/winkel\/jierdeikalinder-mei-ferskes-en-gedichtsjes-fan-geartsje-douma\/#breadcrumb"},"inLanguage":"nl-NL","potentialAction":[{"@type":"ReadAction","target":["https:\/\/websjop.afuk.frl\/nl\/winkel\/jierdeikalinder-mei-ferskes-en-gedichtsjes-fan-geartsje-douma\/"]}]},{"@type":"ImageObject","inLanguage":"nl-NL","@id":"https:\/\/websjop.afuk.frl\/nl\/winkel\/jierdeikalinder-mei-ferskes-en-gedichtsjes-fan-geartsje-douma\/#primaryimage","url":"https:\/\/websjop.afuk.frl\/wp-content\/uploads\/2025\/02\/jierdeikalinder-scaled-e1741010726110.jpg","contentUrl":"https:\/\/websjop.afuk.frl\/wp-content\/uploads\/2025\/02\/jierdeikalinder-scaled-e1741010726110.jpg","width":1920,"height":2350,"caption":"jierdeikalinder"},{"@type":"BreadcrumbList","@id":"https:\/\/websjop.afuk.frl\/nl\/winkel\/jierdeikalinder-mei-ferskes-en-gedichtsjes-fan-geartsje-douma\/#breadcrumb","itemListElement":[{"@type":"ListItem","position":1,"name":"Home","item":"https:\/\/websjop.afuk.frl\/nl\/"},{"@type":"ListItem","position":2,"name":"Winkel","item":"https:\/\/websjop.afuk.frl\/nl\/winkel\/"},{"@type":"ListItem","position":3,"name":"Jierdeikalinder mei ferskes en gedichtsjes fan Geartsje Douma"}]},{"@type":"WebSite","@id":"https:\/\/websjop.afuk.frl\/nl\/#website","url":"https:\/\/websjop.afuk.frl\/nl\/","name":"Af\u00fbk Websjop","description":"","potentialAction":[{"@type":"SearchAction","target":{"@type":"EntryPoint","urlTemplate":"https:\/\/websjop.afuk.frl\/nl\/?s={search_term_string}"},"query-input":{"@type":"PropertyValueSpecification","valueRequired":true,"valueName":"search_term_string"}}],"inLanguage":"nl-NL"}]}},"_links":{"self":[{"href":"https:\/\/websjop.afuk.frl\/nl\/wp-json\/wp\/v2\/product\/47500","targetHints":{"allow":["GET"]}}],"collection":[{"href":"https:\/\/websjop.afuk.frl\/nl\/wp-json\/wp\/v2\/product"}],"about":[{"href":"https:\/\/websjop.afuk.frl\/nl\/wp-json\/wp\/v2\/types\/product"}],"replies":[{"embeddable":true,"href":"https:\/\/websjop.afuk.frl\/nl\/wp-json\/wp\/v2\/comments?post=47500"}],"wp:featuredmedia":[{"embeddable":true,"href":"https:\/\/websjop.afuk.frl\/nl\/wp-json\/wp\/v2\/media\/47594"}],"wp:attachment":[{"href":"https:\/\/websjop.afuk.frl\/nl\/wp-json\/wp\/v2\/media?parent=47500"}],"wp:term":[{"taxonomy":"product_brand","embeddable":true,"href":"https:\/\/websjop.afuk.frl\/nl\/wp-json\/wp\/v2\/product_brand?post=47500"},{"taxonomy":"product_cat","embeddable":true,"href":"https:\/\/websjop.afuk.frl\/nl\/wp-json\/wp\/v2\/product_cat?post=47500"},{"taxonomy":"product_tag","embeddable":true,"href":"https:\/\/websjop.afuk.frl\/nl\/wp-json\/wp\/v2\/product_tag?post=47500"}],"curies":[{"name":"wp","href":"https:\/\/api.w.org\/{rel}","templated":true}]}}