{"id":47259,"date":"2025-02-13T14:58:39","date_gmt":"2025-02-13T13:58:39","guid":{"rendered":"https:\/\/websjop.afuk.frl\/frl\/?post_type=product&#038;p=47259"},"modified":"2025-04-01T09:48:01","modified_gmt":"2025-04-01T07:48:01","slug":"stikken-skogingen-oer-poezy","status":"publish","type":"product","link":"https:\/\/websjop.afuk.frl\/nl\/winkel\/stikken-skogingen-oer-poezy\/","title":{"rendered":"Stikken &#8211;  Sk\u00f4gingen oer po\u00ebzy."},"content":{"rendered":"<p>In <em>Stikken <\/em>schrijft schrijver-dichter Eeltsje Hettinga over het werk van een aantal dichters die voor zijn eigen po\u00ebzie van belang en betekenis zijn geweest. Daarbij komt het werk van Ingeborg Bachmann, Tsj\u00eabbe Hettinga, Hessel Miedema, Obe Postma en Jan Jacob Slauerhoff aan bod.<\/p>\n<p>Verder heeft Hettinga het onder meer over de bijzondere geschiedenis van het Suriname-nummer van het eerdere Friese literaire tijdschrift <em>De Tsjerne<\/em>, de vertalingen en bewerkingen van Chinese po\u00ebzie in de Friese literatuer en de stilte tussen de woorden als het wit van po\u00ebzie.<\/p>\n","protected":false},"excerpt":{"rendered":"<p>In Stikken schrijft schrijver-dichter Eeltsje Hettinga over het werk van een aantal dichters die voor zijn eigen po\u00ebzie van belang en betekenis zijn geweest. Daarbij komt het werk van Ingeborg Bachmann, Tsj\u00eabbe Hettinga, Hessel Miedema, Obe Postma en Jan Jacob Slauerhoff aan bod. Verder heeft Hettinga het onder meer over de bijzondere geschiedenis van het [&hellip;]<\/p>\n","protected":false},"featured_media":47261,"comment_status":"closed","ping_status":"closed","template":"","meta":{"_acf_changed":false},"product_brand":[],"product_cat":[538,1061,535],"product_tag":[22670,6352,17036,9431,19068,23490],"class_list":{"0":"post-47259","1":"product","2":"type-product","3":"status-publish","4":"has-post-thumbnail","6":"product_cat-dichtbondels","7":"product_cat-essays","8":"product_cat-fryske-boeken","9":"product_tag-beschouwingen","10":"product_tag-eeltsje-hettinga","11":"product_tag-poezie","12":"product_tag-poezy","13":"product_tag-skogings","14":"product_tag-stikken","15":"product_shipping_class-brievenbus-verzending","16":"pa_auteur-eeltsje-hettinga-2","17":"pa_isbn-23562","18":"pa_new-label-1-3","19":"pa_taal-frysk","20":"pa_uitgever-de-ryp","22":"first","23":"instock","24":"taxable","25":"shipping-taxable","26":"purchasable","27":"product-type-simple"},"acf":[],"yoast_head":"<!-- This site is optimized with the Yoast SEO plugin v27.3 - https:\/\/yoast.com\/product\/yoast-seo-wordpress\/ -->\n<title>Stikken - Sk\u00f4gingen oer po\u00ebzy. &#8211; Af\u00fbk Websjop<\/title>\n<meta name=\"description\" content=\"In Stikken schrijft Eeltsje Hettinga over het werk van een aantal dichters die voor zijn eigen po\u00ebzie van belang en betekenis zijn geweest.\" \/>\n<meta name=\"robots\" content=\"index, follow, max-snippet:-1, max-image-preview:large, max-video-preview:-1\" \/>\n<link rel=\"canonical\" href=\"https:\/\/websjop.afuk.frl\/nl\/winkel\/stikken-skogingen-oer-poezy\/\" \/>\n<meta property=\"og:locale\" content=\"nl_NL\" \/>\n<meta property=\"og:type\" content=\"article\" \/>\n<meta property=\"og:title\" content=\"Stikken - Sk\u00f4gingen oer po\u00ebzy. &#8211; Af\u00fbk Websjop\" \/>\n<meta property=\"og:description\" content=\"In Stikken schrijft Eeltsje Hettinga over het werk van een aantal dichters die voor zijn eigen po\u00ebzie van belang en betekenis zijn geweest.\" \/>\n<meta property=\"og:url\" content=\"https:\/\/websjop.afuk.frl\/nl\/winkel\/stikken-skogingen-oer-poezy\/\" \/>\n<meta property=\"og:site_name\" content=\"Af\u00fbk Websjop\" \/>\n<meta property=\"article:modified_time\" content=\"2025-04-01T07:48:01+00:00\" \/>\n<meta property=\"og:image\" content=\"https:\/\/websjop.afuk.frl\/wp-content\/uploads\/2025\/02\/Stikken.jpeg\" \/>\n\t<meta property=\"og:image:width\" content=\"841\" \/>\n\t<meta property=\"og:image:height\" content=\"1366\" \/>\n\t<meta property=\"og:image:type\" content=\"image\/jpeg\" \/>\n<meta name=\"twitter:card\" content=\"summary_large_image\" \/>\n<script type=\"application\/ld+json\" class=\"yoast-schema-graph\">{\"@context\":\"https:\\\/\\\/schema.org\",\"@graph\":[{\"@type\":\"WebPage\",\"@id\":\"https:\\\/\\\/websjop.afuk.frl\\\/nl\\\/winkel\\\/stikken-skogingen-oer-poezy\\\/\",\"url\":\"https:\\\/\\\/websjop.afuk.frl\\\/nl\\\/winkel\\\/stikken-skogingen-oer-poezy\\\/\",\"name\":\"Stikken - Sk\u00f4gingen oer po\u00ebzy. &#8211; Af\u00fbk Websjop\",\"isPartOf\":{\"@id\":\"https:\\\/\\\/websjop.afuk.frl\\\/nl\\\/#website\"},\"primaryImageOfPage\":{\"@id\":\"https:\\\/\\\/websjop.afuk.frl\\\/nl\\\/winkel\\\/stikken-skogingen-oer-poezy\\\/#primaryimage\"},\"image\":{\"@id\":\"https:\\\/\\\/websjop.afuk.frl\\\/nl\\\/winkel\\\/stikken-skogingen-oer-poezy\\\/#primaryimage\"},\"thumbnailUrl\":\"https:\\\/\\\/websjop.afuk.frl\\\/wp-content\\\/uploads\\\/2025\\\/02\\\/Stikken.jpeg\",\"datePublished\":\"2025-02-13T13:58:39+00:00\",\"dateModified\":\"2025-04-01T07:48:01+00:00\",\"description\":\"In Stikken schrijft Eeltsje Hettinga over het werk van een aantal dichters die voor zijn eigen po\u00ebzie van belang en betekenis zijn geweest.\",\"breadcrumb\":{\"@id\":\"https:\\\/\\\/websjop.afuk.frl\\\/nl\\\/winkel\\\/stikken-skogingen-oer-poezy\\\/#breadcrumb\"},\"inLanguage\":\"nl-NL\",\"potentialAction\":[{\"@type\":\"ReadAction\",\"target\":[\"https:\\\/\\\/websjop.afuk.frl\\\/nl\\\/winkel\\\/stikken-skogingen-oer-poezy\\\/\"]}]},{\"@type\":\"ImageObject\",\"inLanguage\":\"nl-NL\",\"@id\":\"https:\\\/\\\/websjop.afuk.frl\\\/nl\\\/winkel\\\/stikken-skogingen-oer-poezy\\\/#primaryimage\",\"url\":\"https:\\\/\\\/websjop.afuk.frl\\\/wp-content\\\/uploads\\\/2025\\\/02\\\/Stikken.jpeg\",\"contentUrl\":\"https:\\\/\\\/websjop.afuk.frl\\\/wp-content\\\/uploads\\\/2025\\\/02\\\/Stikken.jpeg\",\"width\":841,\"height\":1366},{\"@type\":\"BreadcrumbList\",\"@id\":\"https:\\\/\\\/websjop.afuk.frl\\\/nl\\\/winkel\\\/stikken-skogingen-oer-poezy\\\/#breadcrumb\",\"itemListElement\":[{\"@type\":\"ListItem\",\"position\":1,\"name\":\"Home\",\"item\":\"https:\\\/\\\/websjop.afuk.frl\\\/nl\\\/\"},{\"@type\":\"ListItem\",\"position\":2,\"name\":\"Winkel\",\"item\":\"https:\\\/\\\/websjop.afuk.frl\\\/nl\\\/winkel\\\/\"},{\"@type\":\"ListItem\",\"position\":3,\"name\":\"Stikken &#8211; Sk\u00f4gingen oer po\u00ebzy.\"}]},{\"@type\":\"WebSite\",\"@id\":\"https:\\\/\\\/websjop.afuk.frl\\\/nl\\\/#website\",\"url\":\"https:\\\/\\\/websjop.afuk.frl\\\/nl\\\/\",\"name\":\"Af\u00fbk Websjop\",\"description\":\"\",\"potentialAction\":[{\"@type\":\"SearchAction\",\"target\":{\"@type\":\"EntryPoint\",\"urlTemplate\":\"https:\\\/\\\/websjop.afuk.frl\\\/nl\\\/?s={search_term_string}\"},\"query-input\":{\"@type\":\"PropertyValueSpecification\",\"valueRequired\":true,\"valueName\":\"search_term_string\"}}],\"inLanguage\":\"nl-NL\"}]}<\/script>\n<!-- \/ Yoast SEO plugin. -->","yoast_head_json":{"title":"Stikken - Sk\u00f4gingen oer po\u00ebzy. &#8211; Af\u00fbk Websjop","description":"In Stikken schrijft Eeltsje Hettinga over het werk van een aantal dichters die voor zijn eigen po\u00ebzie van belang en betekenis zijn geweest.","robots":{"index":"index","follow":"follow","max-snippet":"max-snippet:-1","max-image-preview":"max-image-preview:large","max-video-preview":"max-video-preview:-1"},"canonical":"https:\/\/websjop.afuk.frl\/nl\/winkel\/stikken-skogingen-oer-poezy\/","og_locale":"nl_NL","og_type":"article","og_title":"Stikken - Sk\u00f4gingen oer po\u00ebzy. &#8211; Af\u00fbk Websjop","og_description":"In Stikken schrijft Eeltsje Hettinga over het werk van een aantal dichters die voor zijn eigen po\u00ebzie van belang en betekenis zijn geweest.","og_url":"https:\/\/websjop.afuk.frl\/nl\/winkel\/stikken-skogingen-oer-poezy\/","og_site_name":"Af\u00fbk Websjop","article_modified_time":"2025-04-01T07:48:01+00:00","og_image":[{"width":841,"height":1366,"url":"https:\/\/websjop.afuk.frl\/wp-content\/uploads\/2025\/02\/Stikken.jpeg","type":"image\/jpeg"}],"twitter_card":"summary_large_image","schema":{"@context":"https:\/\/schema.org","@graph":[{"@type":"WebPage","@id":"https:\/\/websjop.afuk.frl\/nl\/winkel\/stikken-skogingen-oer-poezy\/","url":"https:\/\/websjop.afuk.frl\/nl\/winkel\/stikken-skogingen-oer-poezy\/","name":"Stikken - Sk\u00f4gingen oer po\u00ebzy. &#8211; Af\u00fbk Websjop","isPartOf":{"@id":"https:\/\/websjop.afuk.frl\/nl\/#website"},"primaryImageOfPage":{"@id":"https:\/\/websjop.afuk.frl\/nl\/winkel\/stikken-skogingen-oer-poezy\/#primaryimage"},"image":{"@id":"https:\/\/websjop.afuk.frl\/nl\/winkel\/stikken-skogingen-oer-poezy\/#primaryimage"},"thumbnailUrl":"https:\/\/websjop.afuk.frl\/wp-content\/uploads\/2025\/02\/Stikken.jpeg","datePublished":"2025-02-13T13:58:39+00:00","dateModified":"2025-04-01T07:48:01+00:00","description":"In Stikken schrijft Eeltsje Hettinga over het werk van een aantal dichters die voor zijn eigen po\u00ebzie van belang en betekenis zijn geweest.","breadcrumb":{"@id":"https:\/\/websjop.afuk.frl\/nl\/winkel\/stikken-skogingen-oer-poezy\/#breadcrumb"},"inLanguage":"nl-NL","potentialAction":[{"@type":"ReadAction","target":["https:\/\/websjop.afuk.frl\/nl\/winkel\/stikken-skogingen-oer-poezy\/"]}]},{"@type":"ImageObject","inLanguage":"nl-NL","@id":"https:\/\/websjop.afuk.frl\/nl\/winkel\/stikken-skogingen-oer-poezy\/#primaryimage","url":"https:\/\/websjop.afuk.frl\/wp-content\/uploads\/2025\/02\/Stikken.jpeg","contentUrl":"https:\/\/websjop.afuk.frl\/wp-content\/uploads\/2025\/02\/Stikken.jpeg","width":841,"height":1366},{"@type":"BreadcrumbList","@id":"https:\/\/websjop.afuk.frl\/nl\/winkel\/stikken-skogingen-oer-poezy\/#breadcrumb","itemListElement":[{"@type":"ListItem","position":1,"name":"Home","item":"https:\/\/websjop.afuk.frl\/nl\/"},{"@type":"ListItem","position":2,"name":"Winkel","item":"https:\/\/websjop.afuk.frl\/nl\/winkel\/"},{"@type":"ListItem","position":3,"name":"Stikken &#8211; Sk\u00f4gingen oer po\u00ebzy."}]},{"@type":"WebSite","@id":"https:\/\/websjop.afuk.frl\/nl\/#website","url":"https:\/\/websjop.afuk.frl\/nl\/","name":"Af\u00fbk Websjop","description":"","potentialAction":[{"@type":"SearchAction","target":{"@type":"EntryPoint","urlTemplate":"https:\/\/websjop.afuk.frl\/nl\/?s={search_term_string}"},"query-input":{"@type":"PropertyValueSpecification","valueRequired":true,"valueName":"search_term_string"}}],"inLanguage":"nl-NL"}]}},"_links":{"self":[{"href":"https:\/\/websjop.afuk.frl\/nl\/wp-json\/wp\/v2\/product\/47259","targetHints":{"allow":["GET"]}}],"collection":[{"href":"https:\/\/websjop.afuk.frl\/nl\/wp-json\/wp\/v2\/product"}],"about":[{"href":"https:\/\/websjop.afuk.frl\/nl\/wp-json\/wp\/v2\/types\/product"}],"replies":[{"embeddable":true,"href":"https:\/\/websjop.afuk.frl\/nl\/wp-json\/wp\/v2\/comments?post=47259"}],"wp:featuredmedia":[{"embeddable":true,"href":"https:\/\/websjop.afuk.frl\/nl\/wp-json\/wp\/v2\/media\/47261"}],"wp:attachment":[{"href":"https:\/\/websjop.afuk.frl\/nl\/wp-json\/wp\/v2\/media?parent=47259"}],"wp:term":[{"taxonomy":"product_brand","embeddable":true,"href":"https:\/\/websjop.afuk.frl\/nl\/wp-json\/wp\/v2\/product_brand?post=47259"},{"taxonomy":"product_cat","embeddable":true,"href":"https:\/\/websjop.afuk.frl\/nl\/wp-json\/wp\/v2\/product_cat?post=47259"},{"taxonomy":"product_tag","embeddable":true,"href":"https:\/\/websjop.afuk.frl\/nl\/wp-json\/wp\/v2\/product_tag?post=47259"}],"curies":[{"name":"wp","href":"https:\/\/api.w.org\/{rel}","templated":true}]}}