{"id":47011,"date":"2025-01-30T12:55:06","date_gmt":"2025-01-30T11:55:06","guid":{"rendered":"https:\/\/websjop.afuk.frl\/frl\/?post_type=product&#038;p=47011"},"modified":"2026-03-04T14:00:55","modified_gmt":"2026-03-04T13:00:55","slug":"skitterje-en-skulje-biografy-jacobus-quiryn-smink-ferskynt-1-febrewaris-2025","status":"publish","type":"product","link":"https:\/\/websjop.afuk.frl\/nl\/winkel\/skitterje-en-skulje-biografy-jacobus-quiryn-smink-ferskynt-1-febrewaris-2025\/","title":{"rendered":"Skitterje en sk\u00fblje &#8211; Biografy Jacobus Quiryn Smink"},"content":{"rendered":"<p><em>Jimladream, it libben fan in bipol\u00eare dichter<\/em><\/p>\n<p>De dichter Jacobus Q. Smink (1954-2024) was een markant persoon. Na zijn jeugd in Sondel (Gaasterl\u00e2n) en zijn studententijd in Groningen woonde hij het grootste gedeelte van zijn leven in Eindhoven, waar hij werkte als leraar Nederlands. In 2022 kwam hij terug naar Sondel, waar hij de laatste twee jaar van zijn leven doorbracht.<\/p>\n<p>Hij was onweerstaanbaar charmant, maar vaak ook onhandelbaar. Zijn bipolaire stoornis bracht verslavingen aan alcohol, nicotine en cannabis mee, waardoor allerhande problemen ontstonden. Daar schreef hij openhartige gedichten over. Ook al woonde hij in Eindhoven, hij bleef dichten in zijn moedertaal, het Fries.<\/p>\n<p>Jacobusj Q. Smink en Marian Hulshof kennen elkaar van hun studietijd in Groningen. Tientallen jaren na hun ontmoeting vroeg hij haar een bloemlezing uit zijn gedichten te maken en interviewde ze hem over zijn literaire bronnen, over vrouwen en verslavingen.<\/p>\n<p>Het resultaat is een biografie over Jacobus Q. Smink, wiens leven aanschouwelijk wordt gemaakt met een ruime selectie van zijn gedichten. Zijn gedichten zijn ongebreideld en humoristisch. Het is dan ook niet zonder reden dat hij in 2013 de Gysbert Japicxpriis kreeg, de belangrijkste literaire prijs van Frysl\u00e2n.<\/p>\n<p>&nbsp;<\/p>\n","protected":false},"excerpt":{"rendered":"<p>Jimladream, it libben fan in bipol\u00eare dichter De dichter Jacobus Q. Smink (1954-2024) was een markant persoon. Na zijn jeugd in Sondel (Gaasterl\u00e2n) en zijn studententijd in Groningen woonde hij het grootste gedeelte van zijn leven in Eindhoven, waar hij werkte als leraar Nederlands. In 2022 kwam hij terug naar Sondel, waar hij de laatste [&hellip;]<\/p>\n","protected":false},"featured_media":47014,"comment_status":"closed","ping_status":"closed","template":"","meta":{"_acf_changed":false},"product_brand":[],"product_cat":[1037,535],"product_tag":[5269,5237,5887,23412,23413,23411,23414],"class_list":{"0":"post-47011","1":"product","2":"type-product","3":"status-publish","4":"has-post-thumbnail","6":"product_cat-biografy","7":"product_cat-fryske-boeken","8":"product_tag-biografie","9":"product_tag-biografy","10":"product_tag-dichter","11":"product_tag-jacobus-quiryn-smink","12":"product_tag-marian-hulshof","13":"product_tag-skitterje-en-skulje","14":"product_tag-sondel","15":"product_shipping_class-brievenbus-verzending","16":"pa_auteur-marian-hulshof","17":"pa_isbn-23410","18":"pa_new-label-1-3","19":"pa_taal-frysk","20":"pa_uitgever-elikser","22":"first","23":"instock","24":"taxable","25":"shipping-taxable","26":"purchasable","27":"product-type-simple"},"acf":[],"yoast_head":"<!-- This site is optimized with the Yoast SEO plugin v27.2 - https:\/\/yoast.com\/product\/yoast-seo-wordpress\/ -->\n<title>Skitterje en sk\u00fblje - Biografy Jacobus Quiryn Smink &#8211; Af\u00fbk Websjop<\/title>\n<meta name=\"description\" content=\"Skitterje en sk\u00fblje is een biografie over Jacobus Q. Smink, wiens leven aanschouwelijk wordt gemaakt met een ruime selectie van zijn gedichten.\" \/>\n<meta name=\"robots\" content=\"index, follow, max-snippet:-1, max-image-preview:large, max-video-preview:-1\" \/>\n<link rel=\"canonical\" href=\"https:\/\/websjop.afuk.frl\/nl\/winkel\/skitterje-en-skulje-biografy-jacobus-quiryn-smink-ferskynt-1-febrewaris-2025\/\" \/>\n<meta property=\"og:locale\" content=\"nl_NL\" \/>\n<meta property=\"og:type\" content=\"article\" \/>\n<meta property=\"og:title\" content=\"Skitterje en sk\u00fblje - Biografy Jacobus Quiryn Smink &#8211; Af\u00fbk Websjop\" \/>\n<meta property=\"og:description\" content=\"Skitterje en sk\u00fblje is een biografie over Jacobus Q. Smink, wiens leven aanschouwelijk wordt gemaakt met een ruime selectie van zijn gedichten.\" \/>\n<meta property=\"og:url\" content=\"https:\/\/websjop.afuk.frl\/nl\/winkel\/skitterje-en-skulje-biografy-jacobus-quiryn-smink-ferskynt-1-febrewaris-2025\/\" \/>\n<meta property=\"og:site_name\" content=\"Af\u00fbk Websjop\" \/>\n<meta property=\"article:modified_time\" content=\"2026-03-04T13:00:55+00:00\" \/>\n<meta property=\"og:image\" content=\"https:\/\/websjop.afuk.frl\/wp-content\/uploads\/2025\/01\/Skitterje-en-skulje.jpg\" \/>\n\t<meta property=\"og:image:width\" content=\"558\" \/>\n\t<meta property=\"og:image:height\" content=\"788\" \/>\n\t<meta property=\"og:image:type\" content=\"image\/jpeg\" \/>\n<meta name=\"twitter:card\" content=\"summary_large_image\" \/>\n<meta name=\"twitter:label1\" content=\"Geschatte leestijd\" \/>\n\t<meta name=\"twitter:data1\" content=\"1 minuut\" \/>\n<script type=\"application\/ld+json\" class=\"yoast-schema-graph\">{\"@context\":\"https:\/\/schema.org\",\"@graph\":[{\"@type\":\"WebPage\",\"@id\":\"https:\/\/websjop.afuk.frl\/nl\/winkel\/skitterje-en-skulje-biografy-jacobus-quiryn-smink-ferskynt-1-febrewaris-2025\/\",\"url\":\"https:\/\/websjop.afuk.frl\/nl\/winkel\/skitterje-en-skulje-biografy-jacobus-quiryn-smink-ferskynt-1-febrewaris-2025\/\",\"name\":\"Skitterje en sk\u00fblje - Biografy Jacobus Quiryn Smink &#8211; Af\u00fbk Websjop\",\"isPartOf\":{\"@id\":\"https:\/\/websjop.afuk.frl\/nl\/#website\"},\"primaryImageOfPage\":{\"@id\":\"https:\/\/websjop.afuk.frl\/nl\/winkel\/skitterje-en-skulje-biografy-jacobus-quiryn-smink-ferskynt-1-febrewaris-2025\/#primaryimage\"},\"image\":{\"@id\":\"https:\/\/websjop.afuk.frl\/nl\/winkel\/skitterje-en-skulje-biografy-jacobus-quiryn-smink-ferskynt-1-febrewaris-2025\/#primaryimage\"},\"thumbnailUrl\":\"https:\/\/websjop.afuk.frl\/wp-content\/uploads\/2025\/01\/Skitterje-en-skulje.jpg\",\"datePublished\":\"2025-01-30T11:55:06+00:00\",\"dateModified\":\"2026-03-04T13:00:55+00:00\",\"description\":\"Skitterje en sk\u00fblje is een biografie over Jacobus Q. Smink, wiens leven aanschouwelijk wordt gemaakt met een ruime selectie van zijn gedichten.\",\"breadcrumb\":{\"@id\":\"https:\/\/websjop.afuk.frl\/nl\/winkel\/skitterje-en-skulje-biografy-jacobus-quiryn-smink-ferskynt-1-febrewaris-2025\/#breadcrumb\"},\"inLanguage\":\"nl-NL\",\"potentialAction\":[{\"@type\":\"ReadAction\",\"target\":[\"https:\/\/websjop.afuk.frl\/nl\/winkel\/skitterje-en-skulje-biografy-jacobus-quiryn-smink-ferskynt-1-febrewaris-2025\/\"]}]},{\"@type\":\"ImageObject\",\"inLanguage\":\"nl-NL\",\"@id\":\"https:\/\/websjop.afuk.frl\/nl\/winkel\/skitterje-en-skulje-biografy-jacobus-quiryn-smink-ferskynt-1-febrewaris-2025\/#primaryimage\",\"url\":\"https:\/\/websjop.afuk.frl\/wp-content\/uploads\/2025\/01\/Skitterje-en-skulje.jpg\",\"contentUrl\":\"https:\/\/websjop.afuk.frl\/wp-content\/uploads\/2025\/01\/Skitterje-en-skulje.jpg\",\"width\":558,\"height\":788},{\"@type\":\"BreadcrumbList\",\"@id\":\"https:\/\/websjop.afuk.frl\/nl\/winkel\/skitterje-en-skulje-biografy-jacobus-quiryn-smink-ferskynt-1-febrewaris-2025\/#breadcrumb\",\"itemListElement\":[{\"@type\":\"ListItem\",\"position\":1,\"name\":\"Home\",\"item\":\"https:\/\/websjop.afuk.frl\/nl\/\"},{\"@type\":\"ListItem\",\"position\":2,\"name\":\"Winkel\",\"item\":\"https:\/\/websjop.afuk.frl\/nl\/winkel\/\"},{\"@type\":\"ListItem\",\"position\":3,\"name\":\"Skitterje en sk\u00fblje &#8211; Biografy Jacobus Quiryn Smink\"}]},{\"@type\":\"WebSite\",\"@id\":\"https:\/\/websjop.afuk.frl\/nl\/#website\",\"url\":\"https:\/\/websjop.afuk.frl\/nl\/\",\"name\":\"Af\u00fbk Websjop\",\"description\":\"\",\"potentialAction\":[{\"@type\":\"SearchAction\",\"target\":{\"@type\":\"EntryPoint\",\"urlTemplate\":\"https:\/\/websjop.afuk.frl\/nl\/?s={search_term_string}\"},\"query-input\":{\"@type\":\"PropertyValueSpecification\",\"valueRequired\":true,\"valueName\":\"search_term_string\"}}],\"inLanguage\":\"nl-NL\"}]}<\/script>\n<!-- \/ Yoast SEO plugin. -->","yoast_head_json":{"title":"Skitterje en sk\u00fblje - Biografy Jacobus Quiryn Smink &#8211; Af\u00fbk Websjop","description":"Skitterje en sk\u00fblje is een biografie over Jacobus Q. Smink, wiens leven aanschouwelijk wordt gemaakt met een ruime selectie van zijn gedichten.","robots":{"index":"index","follow":"follow","max-snippet":"max-snippet:-1","max-image-preview":"max-image-preview:large","max-video-preview":"max-video-preview:-1"},"canonical":"https:\/\/websjop.afuk.frl\/nl\/winkel\/skitterje-en-skulje-biografy-jacobus-quiryn-smink-ferskynt-1-febrewaris-2025\/","og_locale":"nl_NL","og_type":"article","og_title":"Skitterje en sk\u00fblje - Biografy Jacobus Quiryn Smink &#8211; Af\u00fbk Websjop","og_description":"Skitterje en sk\u00fblje is een biografie over Jacobus Q. Smink, wiens leven aanschouwelijk wordt gemaakt met een ruime selectie van zijn gedichten.","og_url":"https:\/\/websjop.afuk.frl\/nl\/winkel\/skitterje-en-skulje-biografy-jacobus-quiryn-smink-ferskynt-1-febrewaris-2025\/","og_site_name":"Af\u00fbk Websjop","article_modified_time":"2026-03-04T13:00:55+00:00","og_image":[{"width":558,"height":788,"url":"https:\/\/websjop.afuk.frl\/wp-content\/uploads\/2025\/01\/Skitterje-en-skulje.jpg","type":"image\/jpeg"}],"twitter_card":"summary_large_image","twitter_misc":{"Geschatte leestijd":"1 minuut"},"schema":{"@context":"https:\/\/schema.org","@graph":[{"@type":"WebPage","@id":"https:\/\/websjop.afuk.frl\/nl\/winkel\/skitterje-en-skulje-biografy-jacobus-quiryn-smink-ferskynt-1-febrewaris-2025\/","url":"https:\/\/websjop.afuk.frl\/nl\/winkel\/skitterje-en-skulje-biografy-jacobus-quiryn-smink-ferskynt-1-febrewaris-2025\/","name":"Skitterje en sk\u00fblje - Biografy Jacobus Quiryn Smink &#8211; Af\u00fbk Websjop","isPartOf":{"@id":"https:\/\/websjop.afuk.frl\/nl\/#website"},"primaryImageOfPage":{"@id":"https:\/\/websjop.afuk.frl\/nl\/winkel\/skitterje-en-skulje-biografy-jacobus-quiryn-smink-ferskynt-1-febrewaris-2025\/#primaryimage"},"image":{"@id":"https:\/\/websjop.afuk.frl\/nl\/winkel\/skitterje-en-skulje-biografy-jacobus-quiryn-smink-ferskynt-1-febrewaris-2025\/#primaryimage"},"thumbnailUrl":"https:\/\/websjop.afuk.frl\/wp-content\/uploads\/2025\/01\/Skitterje-en-skulje.jpg","datePublished":"2025-01-30T11:55:06+00:00","dateModified":"2026-03-04T13:00:55+00:00","description":"Skitterje en sk\u00fblje is een biografie over Jacobus Q. Smink, wiens leven aanschouwelijk wordt gemaakt met een ruime selectie van zijn gedichten.","breadcrumb":{"@id":"https:\/\/websjop.afuk.frl\/nl\/winkel\/skitterje-en-skulje-biografy-jacobus-quiryn-smink-ferskynt-1-febrewaris-2025\/#breadcrumb"},"inLanguage":"nl-NL","potentialAction":[{"@type":"ReadAction","target":["https:\/\/websjop.afuk.frl\/nl\/winkel\/skitterje-en-skulje-biografy-jacobus-quiryn-smink-ferskynt-1-febrewaris-2025\/"]}]},{"@type":"ImageObject","inLanguage":"nl-NL","@id":"https:\/\/websjop.afuk.frl\/nl\/winkel\/skitterje-en-skulje-biografy-jacobus-quiryn-smink-ferskynt-1-febrewaris-2025\/#primaryimage","url":"https:\/\/websjop.afuk.frl\/wp-content\/uploads\/2025\/01\/Skitterje-en-skulje.jpg","contentUrl":"https:\/\/websjop.afuk.frl\/wp-content\/uploads\/2025\/01\/Skitterje-en-skulje.jpg","width":558,"height":788},{"@type":"BreadcrumbList","@id":"https:\/\/websjop.afuk.frl\/nl\/winkel\/skitterje-en-skulje-biografy-jacobus-quiryn-smink-ferskynt-1-febrewaris-2025\/#breadcrumb","itemListElement":[{"@type":"ListItem","position":1,"name":"Home","item":"https:\/\/websjop.afuk.frl\/nl\/"},{"@type":"ListItem","position":2,"name":"Winkel","item":"https:\/\/websjop.afuk.frl\/nl\/winkel\/"},{"@type":"ListItem","position":3,"name":"Skitterje en sk\u00fblje &#8211; Biografy Jacobus Quiryn Smink"}]},{"@type":"WebSite","@id":"https:\/\/websjop.afuk.frl\/nl\/#website","url":"https:\/\/websjop.afuk.frl\/nl\/","name":"Af\u00fbk Websjop","description":"","potentialAction":[{"@type":"SearchAction","target":{"@type":"EntryPoint","urlTemplate":"https:\/\/websjop.afuk.frl\/nl\/?s={search_term_string}"},"query-input":{"@type":"PropertyValueSpecification","valueRequired":true,"valueName":"search_term_string"}}],"inLanguage":"nl-NL"}]}},"_links":{"self":[{"href":"https:\/\/websjop.afuk.frl\/nl\/wp-json\/wp\/v2\/product\/47011","targetHints":{"allow":["GET"]}}],"collection":[{"href":"https:\/\/websjop.afuk.frl\/nl\/wp-json\/wp\/v2\/product"}],"about":[{"href":"https:\/\/websjop.afuk.frl\/nl\/wp-json\/wp\/v2\/types\/product"}],"replies":[{"embeddable":true,"href":"https:\/\/websjop.afuk.frl\/nl\/wp-json\/wp\/v2\/comments?post=47011"}],"wp:featuredmedia":[{"embeddable":true,"href":"https:\/\/websjop.afuk.frl\/nl\/wp-json\/wp\/v2\/media\/47014"}],"wp:attachment":[{"href":"https:\/\/websjop.afuk.frl\/nl\/wp-json\/wp\/v2\/media?parent=47011"}],"wp:term":[{"taxonomy":"product_brand","embeddable":true,"href":"https:\/\/websjop.afuk.frl\/nl\/wp-json\/wp\/v2\/product_brand?post=47011"},{"taxonomy":"product_cat","embeddable":true,"href":"https:\/\/websjop.afuk.frl\/nl\/wp-json\/wp\/v2\/product_cat?post=47011"},{"taxonomy":"product_tag","embeddable":true,"href":"https:\/\/websjop.afuk.frl\/nl\/wp-json\/wp\/v2\/product_tag?post=47011"}],"curies":[{"name":"wp","href":"https:\/\/api.w.org\/{rel}","templated":true}]}}