{"id":46905,"date":"2025-02-03T13:02:17","date_gmt":"2025-02-03T12:02:17","guid":{"rendered":"https:\/\/websjop.afuk.frl\/frl\/?post_type=product&#038;p=46905"},"modified":"2026-03-04T14:00:47","modified_gmt":"2026-03-04T13:00:47","slug":"de-romeinen-de-opstan-fan-de-friezen","status":"publish","type":"product","link":"https:\/\/websjop.afuk.frl\/nl\/winkel\/de-romeinen-de-opstan-fan-de-friezen\/","title":{"rendered":"De Romeinen &#8211; De opst\u00e2n fan de Friezen &#8211; strip"},"content":{"rendered":"<p><em>De opst\u00e2n fan de Friezen<\/em>\u00a0is een prachtig getekende, spannende, grappige \u00e9n leerzame strip. Het boek is gebaseerd op historische feiten: de Friese opstand vond plaats in 28 na Christus. Aanleiding voor het conflict was dat de Romeinen vonden dat de ossenhuiden die de Friezen als belasting moesten betalen niet groot genoeg waren.<\/p>\n<p>Achterin het boek zijn tien (Nederlandstalige) pagina\u2019s opgenomen, waarin meer wordt uitgelegd over de geschiedenis van de Romeinen in Nederland en het conflict tussen de Friezen en de Romeinen.<\/p>\n<p>De perfecte misdaad bestaat niet. Of toch? In het land van de Friezen hebben Alexius en Bulbus \u2013 zonder medeweten van hun vriend Khoffi \u2013 een lucratief handeltje opgezet, waarbij ze in beslag genomen dierenhuiden stelen en terug verkopen aan de lokale inwoners. Een win-win situatie. De komst van Olennius, de nieuwe landvoogd, brengt hun afspraak met de Friezen in gevaar. Om aan de woede van Olennius \u00e9n de Friezen te ontsnappen, zullen onze legionairs nog \u00e9\u00e9n keer een perfecte misdaad uit hun mouw moeten schudden.<\/p>\n<p>Voor scholen zijn er een gratis woordenlijsten die gebruikt kunnen worden bij het (klassikaal) lezen van het stripboek. Hiermee vergroten leerlingen hun woordenschat in het Fries \u00e9n het Nederlands:<\/p>\n<p><a href=\"https:\/\/ivax.nl\/#uitgaven\">https:\/\/ivax.nl\/#uitgaven<\/a><\/p>\n","protected":false},"excerpt":{"rendered":"<p>De opst\u00e2n fan de Friezen\u00a0is een prachtig getekende, spannende, grappige \u00e9n leerzame strip. Het boek is gebaseerd op historische feiten: de Friese opstand vond plaats in 28 na Christus. Aanleiding voor het conflict was dat de Romeinen vonden dat de ossenhuiden die de Friezen als belasting moesten betalen niet groot genoeg waren. Achterin het boek [&hellip;]<\/p>\n","protected":false},"featured_media":46908,"comment_status":"closed","ping_status":"closed","template":"","meta":{"_acf_changed":false},"product_brand":[],"product_cat":[1213,551,535,18411,552,18410,539,556,14119],"product_tag":[23431,23432,23429,23428,23430,23434,6105,5318],"class_list":{"0":"post-46905","1":"product","2":"type-product","3":"status-publish","4":"has-post-thumbnail","6":"product_cat-berne-en-jeugdboeken","7":"product_cat-berneboeken-8-12","8":"product_cat-fryske-boeken","9":"product_cat-fuortset-underwiis","10":"product_cat-jeugdboeken","11":"product_cat-primer-underwiis","12":"product_cat-skiednis","13":"product_cat-stripboeken","14":"product_cat-underwiis","15":"product_tag-28-na-christus","16":"product_tag-28-nei-kristus","17":"product_tag-de-opstan-fan-de-friezen","18":"product_tag-de-romeinen","19":"product_tag-friese-opstand","20":"product_tag-kristof-berte","21":"product_tag-skiednis","22":"product_tag-strip","23":"product_shipping_class-brievenbus-verzending","24":"pa_auteur-kristof-berte","25":"pa_isbn-23525","26":"pa_new-label-1-3","27":"pa_taal-frysk","28":"pa_uitgever-ivax-uitgevers","30":"first","31":"instock","32":"taxable","33":"shipping-taxable","34":"purchasable","35":"product-type-simple"},"acf":[],"yoast_head":"<!-- This site is optimized with the Yoast SEO plugin v27.3 - https:\/\/yoast.com\/product\/yoast-seo-wordpress\/ -->\n<title>De Romeinen - De opst\u00e2n fan de Friezen - strip &#8211; Af\u00fbk Websjop<\/title>\n<meta name=\"description\" content=\"De opst\u00e2n fan de Friezen\u00a0is een prachtig getekende, grappige \u00e9n leerzame strip. Gebaseerd op historische feiten: de Friese opstand vond plaats in 28 na Chr.\" \/>\n<meta name=\"robots\" content=\"index, follow, max-snippet:-1, max-image-preview:large, max-video-preview:-1\" \/>\n<link rel=\"canonical\" href=\"https:\/\/websjop.afuk.frl\/nl\/winkel\/de-romeinen-de-opstan-fan-de-friezen\/\" \/>\n<meta property=\"og:locale\" content=\"nl_NL\" \/>\n<meta property=\"og:type\" content=\"article\" \/>\n<meta property=\"og:title\" content=\"De Romeinen - De opst\u00e2n fan de Friezen - strip &#8211; Af\u00fbk Websjop\" \/>\n<meta property=\"og:description\" content=\"De opst\u00e2n fan de Friezen\u00a0is een prachtig getekende, grappige \u00e9n leerzame strip. Gebaseerd op historische feiten: de Friese opstand vond plaats in 28 na Chr.\" \/>\n<meta property=\"og:url\" content=\"https:\/\/websjop.afuk.frl\/nl\/winkel\/de-romeinen-de-opstan-fan-de-friezen\/\" \/>\n<meta property=\"og:site_name\" content=\"Af\u00fbk Websjop\" \/>\n<meta property=\"article:modified_time\" content=\"2026-03-04T13:00:47+00:00\" \/>\n<meta property=\"og:image\" content=\"https:\/\/websjop.afuk.frl\/wp-content\/uploads\/2025\/01\/De-Romeinen-strip.jpg\" \/>\n\t<meta property=\"og:image:width\" content=\"1500\" \/>\n\t<meta property=\"og:image:height\" content=\"1914\" \/>\n\t<meta property=\"og:image:type\" content=\"image\/jpeg\" \/>\n<meta name=\"twitter:card\" content=\"summary_large_image\" \/>\n<meta name=\"twitter:label1\" content=\"Geschatte leestijd\" \/>\n\t<meta name=\"twitter:data1\" content=\"3 minuten\" \/>\n<script type=\"application\/ld+json\" class=\"yoast-schema-graph\">{\"@context\":\"https:\\\/\\\/schema.org\",\"@graph\":[{\"@type\":\"WebPage\",\"@id\":\"https:\\\/\\\/websjop.afuk.frl\\\/nl\\\/winkel\\\/de-romeinen-de-opstan-fan-de-friezen\\\/\",\"url\":\"https:\\\/\\\/websjop.afuk.frl\\\/nl\\\/winkel\\\/de-romeinen-de-opstan-fan-de-friezen\\\/\",\"name\":\"De Romeinen - De opst\u00e2n fan de Friezen - strip &#8211; Af\u00fbk Websjop\",\"isPartOf\":{\"@id\":\"https:\\\/\\\/websjop.afuk.frl\\\/nl\\\/#website\"},\"primaryImageOfPage\":{\"@id\":\"https:\\\/\\\/websjop.afuk.frl\\\/nl\\\/winkel\\\/de-romeinen-de-opstan-fan-de-friezen\\\/#primaryimage\"},\"image\":{\"@id\":\"https:\\\/\\\/websjop.afuk.frl\\\/nl\\\/winkel\\\/de-romeinen-de-opstan-fan-de-friezen\\\/#primaryimage\"},\"thumbnailUrl\":\"https:\\\/\\\/websjop.afuk.frl\\\/wp-content\\\/uploads\\\/2025\\\/01\\\/De-Romeinen-strip.jpg\",\"datePublished\":\"2025-02-03T12:02:17+00:00\",\"dateModified\":\"2026-03-04T13:00:47+00:00\",\"description\":\"De opst\u00e2n fan de Friezen\u00a0is een prachtig getekende, grappige \u00e9n leerzame strip. Gebaseerd op historische feiten: de Friese opstand vond plaats in 28 na Chr.\",\"breadcrumb\":{\"@id\":\"https:\\\/\\\/websjop.afuk.frl\\\/nl\\\/winkel\\\/de-romeinen-de-opstan-fan-de-friezen\\\/#breadcrumb\"},\"inLanguage\":\"nl-NL\",\"potentialAction\":[{\"@type\":\"ReadAction\",\"target\":[\"https:\\\/\\\/websjop.afuk.frl\\\/nl\\\/winkel\\\/de-romeinen-de-opstan-fan-de-friezen\\\/\"]}]},{\"@type\":\"ImageObject\",\"inLanguage\":\"nl-NL\",\"@id\":\"https:\\\/\\\/websjop.afuk.frl\\\/nl\\\/winkel\\\/de-romeinen-de-opstan-fan-de-friezen\\\/#primaryimage\",\"url\":\"https:\\\/\\\/websjop.afuk.frl\\\/wp-content\\\/uploads\\\/2025\\\/01\\\/De-Romeinen-strip.jpg\",\"contentUrl\":\"https:\\\/\\\/websjop.afuk.frl\\\/wp-content\\\/uploads\\\/2025\\\/01\\\/De-Romeinen-strip.jpg\",\"width\":1500,\"height\":1914},{\"@type\":\"BreadcrumbList\",\"@id\":\"https:\\\/\\\/websjop.afuk.frl\\\/nl\\\/winkel\\\/de-romeinen-de-opstan-fan-de-friezen\\\/#breadcrumb\",\"itemListElement\":[{\"@type\":\"ListItem\",\"position\":1,\"name\":\"Home\",\"item\":\"https:\\\/\\\/websjop.afuk.frl\\\/nl\\\/\"},{\"@type\":\"ListItem\",\"position\":2,\"name\":\"Winkel\",\"item\":\"https:\\\/\\\/websjop.afuk.frl\\\/nl\\\/winkel\\\/\"},{\"@type\":\"ListItem\",\"position\":3,\"name\":\"De Romeinen &#8211; De opst\u00e2n fan de Friezen &#8211; strip\"}]},{\"@type\":\"WebSite\",\"@id\":\"https:\\\/\\\/websjop.afuk.frl\\\/nl\\\/#website\",\"url\":\"https:\\\/\\\/websjop.afuk.frl\\\/nl\\\/\",\"name\":\"Af\u00fbk Websjop\",\"description\":\"\",\"potentialAction\":[{\"@type\":\"SearchAction\",\"target\":{\"@type\":\"EntryPoint\",\"urlTemplate\":\"https:\\\/\\\/websjop.afuk.frl\\\/nl\\\/?s={search_term_string}\"},\"query-input\":{\"@type\":\"PropertyValueSpecification\",\"valueRequired\":true,\"valueName\":\"search_term_string\"}}],\"inLanguage\":\"nl-NL\"}]}<\/script>\n<!-- \/ Yoast SEO plugin. -->","yoast_head_json":{"title":"De Romeinen - De opst\u00e2n fan de Friezen - strip &#8211; Af\u00fbk Websjop","description":"De opst\u00e2n fan de Friezen\u00a0is een prachtig getekende, grappige \u00e9n leerzame strip. Gebaseerd op historische feiten: de Friese opstand vond plaats in 28 na Chr.","robots":{"index":"index","follow":"follow","max-snippet":"max-snippet:-1","max-image-preview":"max-image-preview:large","max-video-preview":"max-video-preview:-1"},"canonical":"https:\/\/websjop.afuk.frl\/nl\/winkel\/de-romeinen-de-opstan-fan-de-friezen\/","og_locale":"nl_NL","og_type":"article","og_title":"De Romeinen - De opst\u00e2n fan de Friezen - strip &#8211; Af\u00fbk Websjop","og_description":"De opst\u00e2n fan de Friezen\u00a0is een prachtig getekende, grappige \u00e9n leerzame strip. Gebaseerd op historische feiten: de Friese opstand vond plaats in 28 na Chr.","og_url":"https:\/\/websjop.afuk.frl\/nl\/winkel\/de-romeinen-de-opstan-fan-de-friezen\/","og_site_name":"Af\u00fbk Websjop","article_modified_time":"2026-03-04T13:00:47+00:00","og_image":[{"width":1500,"height":1914,"url":"https:\/\/websjop.afuk.frl\/wp-content\/uploads\/2025\/01\/De-Romeinen-strip.jpg","type":"image\/jpeg"}],"twitter_card":"summary_large_image","twitter_misc":{"Geschatte leestijd":"3 minuten"},"schema":{"@context":"https:\/\/schema.org","@graph":[{"@type":"WebPage","@id":"https:\/\/websjop.afuk.frl\/nl\/winkel\/de-romeinen-de-opstan-fan-de-friezen\/","url":"https:\/\/websjop.afuk.frl\/nl\/winkel\/de-romeinen-de-opstan-fan-de-friezen\/","name":"De Romeinen - De opst\u00e2n fan de Friezen - strip &#8211; Af\u00fbk Websjop","isPartOf":{"@id":"https:\/\/websjop.afuk.frl\/nl\/#website"},"primaryImageOfPage":{"@id":"https:\/\/websjop.afuk.frl\/nl\/winkel\/de-romeinen-de-opstan-fan-de-friezen\/#primaryimage"},"image":{"@id":"https:\/\/websjop.afuk.frl\/nl\/winkel\/de-romeinen-de-opstan-fan-de-friezen\/#primaryimage"},"thumbnailUrl":"https:\/\/websjop.afuk.frl\/wp-content\/uploads\/2025\/01\/De-Romeinen-strip.jpg","datePublished":"2025-02-03T12:02:17+00:00","dateModified":"2026-03-04T13:00:47+00:00","description":"De opst\u00e2n fan de Friezen\u00a0is een prachtig getekende, grappige \u00e9n leerzame strip. Gebaseerd op historische feiten: de Friese opstand vond plaats in 28 na Chr.","breadcrumb":{"@id":"https:\/\/websjop.afuk.frl\/nl\/winkel\/de-romeinen-de-opstan-fan-de-friezen\/#breadcrumb"},"inLanguage":"nl-NL","potentialAction":[{"@type":"ReadAction","target":["https:\/\/websjop.afuk.frl\/nl\/winkel\/de-romeinen-de-opstan-fan-de-friezen\/"]}]},{"@type":"ImageObject","inLanguage":"nl-NL","@id":"https:\/\/websjop.afuk.frl\/nl\/winkel\/de-romeinen-de-opstan-fan-de-friezen\/#primaryimage","url":"https:\/\/websjop.afuk.frl\/wp-content\/uploads\/2025\/01\/De-Romeinen-strip.jpg","contentUrl":"https:\/\/websjop.afuk.frl\/wp-content\/uploads\/2025\/01\/De-Romeinen-strip.jpg","width":1500,"height":1914},{"@type":"BreadcrumbList","@id":"https:\/\/websjop.afuk.frl\/nl\/winkel\/de-romeinen-de-opstan-fan-de-friezen\/#breadcrumb","itemListElement":[{"@type":"ListItem","position":1,"name":"Home","item":"https:\/\/websjop.afuk.frl\/nl\/"},{"@type":"ListItem","position":2,"name":"Winkel","item":"https:\/\/websjop.afuk.frl\/nl\/winkel\/"},{"@type":"ListItem","position":3,"name":"De Romeinen &#8211; De opst\u00e2n fan de Friezen &#8211; strip"}]},{"@type":"WebSite","@id":"https:\/\/websjop.afuk.frl\/nl\/#website","url":"https:\/\/websjop.afuk.frl\/nl\/","name":"Af\u00fbk Websjop","description":"","potentialAction":[{"@type":"SearchAction","target":{"@type":"EntryPoint","urlTemplate":"https:\/\/websjop.afuk.frl\/nl\/?s={search_term_string}"},"query-input":{"@type":"PropertyValueSpecification","valueRequired":true,"valueName":"search_term_string"}}],"inLanguage":"nl-NL"}]}},"_links":{"self":[{"href":"https:\/\/websjop.afuk.frl\/nl\/wp-json\/wp\/v2\/product\/46905","targetHints":{"allow":["GET"]}}],"collection":[{"href":"https:\/\/websjop.afuk.frl\/nl\/wp-json\/wp\/v2\/product"}],"about":[{"href":"https:\/\/websjop.afuk.frl\/nl\/wp-json\/wp\/v2\/types\/product"}],"replies":[{"embeddable":true,"href":"https:\/\/websjop.afuk.frl\/nl\/wp-json\/wp\/v2\/comments?post=46905"}],"wp:featuredmedia":[{"embeddable":true,"href":"https:\/\/websjop.afuk.frl\/nl\/wp-json\/wp\/v2\/media\/46908"}],"wp:attachment":[{"href":"https:\/\/websjop.afuk.frl\/nl\/wp-json\/wp\/v2\/media?parent=46905"}],"wp:term":[{"taxonomy":"product_brand","embeddable":true,"href":"https:\/\/websjop.afuk.frl\/nl\/wp-json\/wp\/v2\/product_brand?post=46905"},{"taxonomy":"product_cat","embeddable":true,"href":"https:\/\/websjop.afuk.frl\/nl\/wp-json\/wp\/v2\/product_cat?post=46905"},{"taxonomy":"product_tag","embeddable":true,"href":"https:\/\/websjop.afuk.frl\/nl\/wp-json\/wp\/v2\/product_tag?post=46905"}],"curies":[{"name":"wp","href":"https:\/\/api.w.org\/{rel}","templated":true}]}}