{"id":46428,"date":"2024-12-17T20:16:43","date_gmt":"2024-12-17T19:16:43","guid":{"rendered":"https:\/\/websjop.afuk.frl\/frl\/?post_type=product&#038;p=46428"},"modified":"2024-12-27T15:03:59","modified_gmt":"2024-12-27T14:03:59","slug":"hungerstien","status":"publish","type":"product","link":"https:\/\/websjop.afuk.frl\/nl\/winkel\/hungerstien\/","title":{"rendered":"H\u00fbngerstien"},"content":{"rendered":"<p>Met spijkerharde po\u00ebzie kijkt de dichter het leven in de ogen. Zijn gevoeligheid is de andere kant van de medaille, maar wanneer die aan bod komt, gebeurt dat in alle eerlijkheid: zonder moderatie. Gerrit de Vries deelt met zijn gedichten mokerslagen uit.<\/p>\n<p><strong>skift 1 \u2012 in man allinne op \u2019en paad<\/strong><\/p>\n<p>leaver as salvje en bepleisterje<\/p>\n<p>lit dat oer oan d\u00fbmny\u2019s en dokters<\/p>\n<p>wol ik slaan en brekke<\/p>\n<p>snije en ferskuorre<\/p>\n<p>sizze wat oaren<\/p>\n<p>net iens doare te tinken<\/p>\n<p>&nbsp;<\/p>\n","protected":false},"excerpt":{"rendered":"<p>Met spijkerharde po\u00ebzie kijkt de dichter het leven in de ogen. Zijn gevoeligheid is de andere kant van de medaille, maar wanneer die aan bod komt, gebeurt dat in alle eerlijkheid: zonder moderatie. Gerrit de Vries deelt met zijn gedichten mokerslagen uit. skift 1 \u2012 in man allinne op \u2019en paad leaver as salvje en [&hellip;]<\/p>\n","protected":false},"featured_media":46483,"comment_status":"closed","ping_status":"closed","template":"","meta":{"_acf_changed":false},"product_brand":[],"product_cat":[538,535,1215],"product_tag":[5191,23317,23327,17036,23328],"class_list":{"0":"post-46428","1":"product","2":"type-product","3":"status-publish","4":"has-post-thumbnail","6":"product_cat-dichtbondels","7":"product_cat-fryske-boeken","8":"product_cat-romans-en-literatuer","9":"product_tag-gedichten","10":"product_tag-gerrit-de-vries","11":"product_tag-hungerstien","12":"product_tag-poezie","13":"product_tag-spikerhurd","14":"product_shipping_class-brievenbus-verzending","15":"pa_auteur-gerrit-de-vries","16":"pa_isbn-23316","17":"pa_new-label-1-3","18":"pa_taal-frysk","19":"pa_uitgever-hispel","21":"first","22":"instock","23":"taxable","24":"shipping-taxable","25":"purchasable","26":"product-type-simple"},"acf":[],"yoast_head":"<!-- This site is optimized with the Yoast SEO plugin v27.2 - https:\/\/yoast.com\/product\/yoast-seo-wordpress\/ -->\n<title>H\u00fbngerstien &#8211; Af\u00fbk Websjop<\/title>\n<meta name=\"description\" content=\"In H\u00fbngerstien kijkt de dichter met spijkerharde po\u00ebzie het leven in de ogen. Zijn gevoeligheid is de andere kant van de medaille, maar tevens meedogenloos.\" \/>\n<meta name=\"robots\" content=\"index, follow, max-snippet:-1, max-image-preview:large, max-video-preview:-1\" \/>\n<link rel=\"canonical\" href=\"https:\/\/websjop.afuk.frl\/nl\/winkel\/hungerstien\/\" \/>\n<meta property=\"og:locale\" content=\"nl_NL\" \/>\n<meta property=\"og:type\" content=\"article\" \/>\n<meta property=\"og:title\" content=\"H\u00fbngerstien &#8211; Af\u00fbk Websjop\" \/>\n<meta property=\"og:description\" content=\"In H\u00fbngerstien kijkt de dichter met spijkerharde po\u00ebzie het leven in de ogen. Zijn gevoeligheid is de andere kant van de medaille, maar tevens meedogenloos.\" \/>\n<meta property=\"og:url\" content=\"https:\/\/websjop.afuk.frl\/nl\/winkel\/hungerstien\/\" \/>\n<meta property=\"og:site_name\" content=\"Af\u00fbk Websjop\" \/>\n<meta property=\"article:modified_time\" content=\"2024-12-27T14:03:59+00:00\" \/>\n<meta property=\"og:image\" content=\"https:\/\/websjop.afuk.frl\/wp-content\/uploads\/2024\/12\/hungerstien.jpg\" \/>\n\t<meta property=\"og:image:width\" content=\"374\" \/>\n\t<meta property=\"og:image:height\" content=\"617\" \/>\n\t<meta property=\"og:image:type\" content=\"image\/jpeg\" \/>\n<meta name=\"twitter:card\" content=\"summary_large_image\" \/>\n<script type=\"application\/ld+json\" class=\"yoast-schema-graph\">{\"@context\":\"https:\/\/schema.org\",\"@graph\":[{\"@type\":\"WebPage\",\"@id\":\"https:\/\/websjop.afuk.frl\/nl\/winkel\/hungerstien\/\",\"url\":\"https:\/\/websjop.afuk.frl\/nl\/winkel\/hungerstien\/\",\"name\":\"H\u00fbngerstien &#8211; Af\u00fbk Websjop\",\"isPartOf\":{\"@id\":\"https:\/\/websjop.afuk.frl\/nl\/#website\"},\"primaryImageOfPage\":{\"@id\":\"https:\/\/websjop.afuk.frl\/nl\/winkel\/hungerstien\/#primaryimage\"},\"image\":{\"@id\":\"https:\/\/websjop.afuk.frl\/nl\/winkel\/hungerstien\/#primaryimage\"},\"thumbnailUrl\":\"https:\/\/websjop.afuk.frl\/wp-content\/uploads\/2024\/12\/hungerstien.jpg\",\"datePublished\":\"2024-12-17T19:16:43+00:00\",\"dateModified\":\"2024-12-27T14:03:59+00:00\",\"description\":\"In H\u00fbngerstien kijkt de dichter met spijkerharde po\u00ebzie het leven in de ogen. Zijn gevoeligheid is de andere kant van de medaille, maar tevens meedogenloos.\",\"breadcrumb\":{\"@id\":\"https:\/\/websjop.afuk.frl\/nl\/winkel\/hungerstien\/#breadcrumb\"},\"inLanguage\":\"nl-NL\",\"potentialAction\":[{\"@type\":\"ReadAction\",\"target\":[\"https:\/\/websjop.afuk.frl\/nl\/winkel\/hungerstien\/\"]}]},{\"@type\":\"ImageObject\",\"inLanguage\":\"nl-NL\",\"@id\":\"https:\/\/websjop.afuk.frl\/nl\/winkel\/hungerstien\/#primaryimage\",\"url\":\"https:\/\/websjop.afuk.frl\/wp-content\/uploads\/2024\/12\/hungerstien.jpg\",\"contentUrl\":\"https:\/\/websjop.afuk.frl\/wp-content\/uploads\/2024\/12\/hungerstien.jpg\",\"width\":374,\"height\":617},{\"@type\":\"BreadcrumbList\",\"@id\":\"https:\/\/websjop.afuk.frl\/nl\/winkel\/hungerstien\/#breadcrumb\",\"itemListElement\":[{\"@type\":\"ListItem\",\"position\":1,\"name\":\"Home\",\"item\":\"https:\/\/websjop.afuk.frl\/nl\/\"},{\"@type\":\"ListItem\",\"position\":2,\"name\":\"Winkel\",\"item\":\"https:\/\/websjop.afuk.frl\/nl\/winkel\/\"},{\"@type\":\"ListItem\",\"position\":3,\"name\":\"H\u00fbngerstien\"}]},{\"@type\":\"WebSite\",\"@id\":\"https:\/\/websjop.afuk.frl\/nl\/#website\",\"url\":\"https:\/\/websjop.afuk.frl\/nl\/\",\"name\":\"Af\u00fbk Websjop\",\"description\":\"\",\"potentialAction\":[{\"@type\":\"SearchAction\",\"target\":{\"@type\":\"EntryPoint\",\"urlTemplate\":\"https:\/\/websjop.afuk.frl\/nl\/?s={search_term_string}\"},\"query-input\":{\"@type\":\"PropertyValueSpecification\",\"valueRequired\":true,\"valueName\":\"search_term_string\"}}],\"inLanguage\":\"nl-NL\"}]}<\/script>\n<!-- \/ Yoast SEO plugin. -->","yoast_head_json":{"title":"H\u00fbngerstien &#8211; Af\u00fbk Websjop","description":"In H\u00fbngerstien kijkt de dichter met spijkerharde po\u00ebzie het leven in de ogen. Zijn gevoeligheid is de andere kant van de medaille, maar tevens meedogenloos.","robots":{"index":"index","follow":"follow","max-snippet":"max-snippet:-1","max-image-preview":"max-image-preview:large","max-video-preview":"max-video-preview:-1"},"canonical":"https:\/\/websjop.afuk.frl\/nl\/winkel\/hungerstien\/","og_locale":"nl_NL","og_type":"article","og_title":"H\u00fbngerstien &#8211; Af\u00fbk Websjop","og_description":"In H\u00fbngerstien kijkt de dichter met spijkerharde po\u00ebzie het leven in de ogen. Zijn gevoeligheid is de andere kant van de medaille, maar tevens meedogenloos.","og_url":"https:\/\/websjop.afuk.frl\/nl\/winkel\/hungerstien\/","og_site_name":"Af\u00fbk Websjop","article_modified_time":"2024-12-27T14:03:59+00:00","og_image":[{"width":374,"height":617,"url":"https:\/\/websjop.afuk.frl\/wp-content\/uploads\/2024\/12\/hungerstien.jpg","type":"image\/jpeg"}],"twitter_card":"summary_large_image","schema":{"@context":"https:\/\/schema.org","@graph":[{"@type":"WebPage","@id":"https:\/\/websjop.afuk.frl\/nl\/winkel\/hungerstien\/","url":"https:\/\/websjop.afuk.frl\/nl\/winkel\/hungerstien\/","name":"H\u00fbngerstien &#8211; Af\u00fbk Websjop","isPartOf":{"@id":"https:\/\/websjop.afuk.frl\/nl\/#website"},"primaryImageOfPage":{"@id":"https:\/\/websjop.afuk.frl\/nl\/winkel\/hungerstien\/#primaryimage"},"image":{"@id":"https:\/\/websjop.afuk.frl\/nl\/winkel\/hungerstien\/#primaryimage"},"thumbnailUrl":"https:\/\/websjop.afuk.frl\/wp-content\/uploads\/2024\/12\/hungerstien.jpg","datePublished":"2024-12-17T19:16:43+00:00","dateModified":"2024-12-27T14:03:59+00:00","description":"In H\u00fbngerstien kijkt de dichter met spijkerharde po\u00ebzie het leven in de ogen. Zijn gevoeligheid is de andere kant van de medaille, maar tevens meedogenloos.","breadcrumb":{"@id":"https:\/\/websjop.afuk.frl\/nl\/winkel\/hungerstien\/#breadcrumb"},"inLanguage":"nl-NL","potentialAction":[{"@type":"ReadAction","target":["https:\/\/websjop.afuk.frl\/nl\/winkel\/hungerstien\/"]}]},{"@type":"ImageObject","inLanguage":"nl-NL","@id":"https:\/\/websjop.afuk.frl\/nl\/winkel\/hungerstien\/#primaryimage","url":"https:\/\/websjop.afuk.frl\/wp-content\/uploads\/2024\/12\/hungerstien.jpg","contentUrl":"https:\/\/websjop.afuk.frl\/wp-content\/uploads\/2024\/12\/hungerstien.jpg","width":374,"height":617},{"@type":"BreadcrumbList","@id":"https:\/\/websjop.afuk.frl\/nl\/winkel\/hungerstien\/#breadcrumb","itemListElement":[{"@type":"ListItem","position":1,"name":"Home","item":"https:\/\/websjop.afuk.frl\/nl\/"},{"@type":"ListItem","position":2,"name":"Winkel","item":"https:\/\/websjop.afuk.frl\/nl\/winkel\/"},{"@type":"ListItem","position":3,"name":"H\u00fbngerstien"}]},{"@type":"WebSite","@id":"https:\/\/websjop.afuk.frl\/nl\/#website","url":"https:\/\/websjop.afuk.frl\/nl\/","name":"Af\u00fbk Websjop","description":"","potentialAction":[{"@type":"SearchAction","target":{"@type":"EntryPoint","urlTemplate":"https:\/\/websjop.afuk.frl\/nl\/?s={search_term_string}"},"query-input":{"@type":"PropertyValueSpecification","valueRequired":true,"valueName":"search_term_string"}}],"inLanguage":"nl-NL"}]}},"_links":{"self":[{"href":"https:\/\/websjop.afuk.frl\/nl\/wp-json\/wp\/v2\/product\/46428","targetHints":{"allow":["GET"]}}],"collection":[{"href":"https:\/\/websjop.afuk.frl\/nl\/wp-json\/wp\/v2\/product"}],"about":[{"href":"https:\/\/websjop.afuk.frl\/nl\/wp-json\/wp\/v2\/types\/product"}],"replies":[{"embeddable":true,"href":"https:\/\/websjop.afuk.frl\/nl\/wp-json\/wp\/v2\/comments?post=46428"}],"wp:featuredmedia":[{"embeddable":true,"href":"https:\/\/websjop.afuk.frl\/nl\/wp-json\/wp\/v2\/media\/46483"}],"wp:attachment":[{"href":"https:\/\/websjop.afuk.frl\/nl\/wp-json\/wp\/v2\/media?parent=46428"}],"wp:term":[{"taxonomy":"product_brand","embeddable":true,"href":"https:\/\/websjop.afuk.frl\/nl\/wp-json\/wp\/v2\/product_brand?post=46428"},{"taxonomy":"product_cat","embeddable":true,"href":"https:\/\/websjop.afuk.frl\/nl\/wp-json\/wp\/v2\/product_cat?post=46428"},{"taxonomy":"product_tag","embeddable":true,"href":"https:\/\/websjop.afuk.frl\/nl\/wp-json\/wp\/v2\/product_tag?post=46428"}],"curies":[{"name":"wp","href":"https:\/\/api.w.org\/{rel}","templated":true}]}}