{"id":45285,"date":"2024-10-24T13:14:58","date_gmt":"2024-10-24T12:14:58","guid":{"rendered":"https:\/\/websjop.afuk.frl\/nl\/?post_type=product&#038;p=45285"},"modified":"2024-12-01T09:00:00","modified_gmt":"2024-12-01T08:00:00","slug":"de-friese-spagaat-gedachten-over-fryslan-en-de-friezen","status":"publish","type":"product","link":"https:\/\/websjop.afuk.frl\/nl\/winkel\/de-friese-spagaat-gedachten-over-fryslan-en-de-friezen\/","title":{"rendered":"De Friese spagaat &#8211; Gedachten over Frysl\u00e2n en de Friezen"},"content":{"rendered":"<p>Het Friese spagaat-denken komt in wezen voort uit een romantische idealisering van de ongerepte natuur die ooit aan de basis lag van de tegenstelling tussen stad en platteland, alsook tussen beschaving en natuur in het algemeen. Zo ontstond het idee dat Frysl\u00e2n met zijn van oudsher agrarische cultuur iets van een verloren gegane beschaving had kunnen behouden. Het karakter van de Friezen kreeg zoiets mee van \u2018de nobele wilde\u2019 van Rousseau.<\/p>\n<p>Dat was een flatterend en hardnekkig imago, waar Friezen zelf na verloop van tijd maar moeilijk afstand van konden doen, ook niet door het ideaal te gaan koesteren van een \u2018rurale metropool\u2019, die tot uiting kwam in het project LF 2018. Die spagaat tussen nobel primitivisme en de ontworteling van de grote stad heeft niet alleen lange tijd het zelfbeeld van de Friezen bepaald, maar ook het beeld dat zij voor de buitenwacht opriepen.<\/p>\n<p>Wie de Friese identiteit ziet als inspiratiebron voor de toekomst \u2013 en uit blijft gaan van een identiteit die sterk verbonden is met het verleden \u2013 moet om te beginnen een draai van 180 graden maken. Zo\u2019n abrupte en extreme beweging kan een pijnlijke vorm van kramp veroorzaken. Je moet immers vooruit kijken en tegelijk achterom. Je moet het nieuwe kunnen waarderen zonder het oude uit het oog te verliezen. Er wordt in Frysl\u00e2n dan ook altijd lang geaarzeld om onomkeerbare keuzes te maken. Zelden wordt uit alle macht geprobeerd iets echt te veranderen. Altijd sluimert het gevaar om iets voorgoed te verliezen. Op deze wijze lijkt Frysl\u00e2n vast te zitten in de pijnlijke kramp van een wat al te lang volgehouden spagaat. Dat is de spagaat tussen verleden en toekomst, tussen stad en platteland, tussen globalisering en regionalisering, kortom: tussen vooruitgang en het behoud van eigen identiteit.<\/p>\n<p>De artikelen en essays in De Friese spagaat zijn voor het merendeel eerder verschenen in tijdschriften, vouwbladen of boeken, vaak in kleine oplage of in edities die niet meer verkrijgbaar zijn. Voor dit boek zijn deze teksten in meer of mindere mate bewerkt, geactualiseerd en van een kader voorzien. Een aantal is gebaseerd op toespraken, die werden uitgesproken bij een bijzondere gelegenheid, een opening van een tentoonstelling of bij een uitvaart van een bevriend kunstenaar. Zo wordt dit boek een reis door de tijd die de auteur in Frysl\u00e2n zelf heeft meegemaakt, en tegelijk ook een zoektocht naar de oorsprong van de Friese spagaat.<\/p>\n","protected":false},"excerpt":{"rendered":"<p>Het Friese spagaat-denken komt in wezen voort uit een romantische idealisering van de ongerepte natuur die ooit aan de basis lag van de tegenstelling tussen stad en platteland, alsook tussen beschaving en natuur in het algemeen. Zo ontstond het idee dat Frysl\u00e2n met zijn van oudsher agrarische cultuur iets van een verloren gegane beschaving had [&hellip;]<\/p>\n","protected":false},"featured_media":45286,"comment_status":"closed","ping_status":"closed","template":"","meta":{"_acf_changed":false},"product_brand":[],"product_cat":[1061,535],"product_tag":[21568,23150,6832,23152,23151],"class_list":{"0":"post-45285","1":"product","2":"type-product","3":"status-publish","4":"has-post-thumbnail","6":"product_cat-essays","7":"product_cat-fryske-boeken","8":"product_tag-artikelen","9":"product_tag-de-friese-spagaat","10":"product_tag-essays","11":"product_tag-gedachten-over-fryslan-en-de-friezen","12":"product_tag-huub-mous","13":"product_shipping_class-brievenbus-verzending","14":"pa_auteur-huub-mous","15":"pa_isbn-23149","16":"pa_new-label-1-3","17":"pa_taal-nederlands","18":"pa_uitgever-wijdemeer","20":"first","21":"instock","22":"taxable","23":"shipping-taxable","24":"purchasable","25":"product-type-simple"},"acf":[],"yoast_head":"<!-- This site is optimized with the Yoast SEO plugin v27.3 - https:\/\/yoast.com\/product\/yoast-seo-wordpress\/ -->\n<title>De Friese spagaat - Gedachten over Frysl\u00e2n en de Friezen &#8211; Af\u00fbk Websjop<\/title>\n<meta name=\"description\" content=\"De artikelen en essays in De Friese spagaat handelen over de Frysl\u00e2n en de Friezen en zijn eerder verschenen in tijdschriften, vouwbladen of boeken.\" \/>\n<meta name=\"robots\" content=\"index, follow, max-snippet:-1, max-image-preview:large, max-video-preview:-1\" \/>\n<link rel=\"canonical\" href=\"https:\/\/websjop.afuk.frl\/nl\/winkel\/de-friese-spagaat-gedachten-over-fryslan-en-de-friezen\/\" \/>\n<meta property=\"og:locale\" content=\"nl_NL\" \/>\n<meta property=\"og:type\" content=\"article\" \/>\n<meta property=\"og:title\" content=\"De Friese spagaat - Gedachten over Frysl\u00e2n en de Friezen &#8211; Af\u00fbk Websjop\" \/>\n<meta property=\"og:description\" content=\"De artikelen en essays in De Friese spagaat handelen over de Frysl\u00e2n en de Friezen en zijn eerder verschenen in tijdschriften, vouwbladen of boeken.\" \/>\n<meta property=\"og:url\" content=\"https:\/\/websjop.afuk.frl\/nl\/winkel\/de-friese-spagaat-gedachten-over-fryslan-en-de-friezen\/\" \/>\n<meta property=\"og:site_name\" content=\"Af\u00fbk Websjop\" \/>\n<meta property=\"article:modified_time\" content=\"2024-12-01T08:00:00+00:00\" \/>\n<meta property=\"og:image\" content=\"https:\/\/websjop.afuk.frl\/wp-content\/uploads\/2024\/10\/De-Friese-spagaat.jpg\" \/>\n\t<meta property=\"og:image:width\" content=\"598\" \/>\n\t<meta property=\"og:image:height\" content=\"880\" \/>\n\t<meta property=\"og:image:type\" content=\"image\/jpeg\" \/>\n<meta name=\"twitter:card\" content=\"summary_large_image\" \/>\n<meta name=\"twitter:label1\" content=\"Geschatte leestijd\" \/>\n\t<meta name=\"twitter:data1\" content=\"2 minuten\" \/>\n<script type=\"application\/ld+json\" class=\"yoast-schema-graph\">{\"@context\":\"https:\\\/\\\/schema.org\",\"@graph\":[{\"@type\":\"WebPage\",\"@id\":\"https:\\\/\\\/websjop.afuk.frl\\\/nl\\\/winkel\\\/de-friese-spagaat-gedachten-over-fryslan-en-de-friezen\\\/\",\"url\":\"https:\\\/\\\/websjop.afuk.frl\\\/nl\\\/winkel\\\/de-friese-spagaat-gedachten-over-fryslan-en-de-friezen\\\/\",\"name\":\"De Friese spagaat - Gedachten over Frysl\u00e2n en de Friezen &#8211; Af\u00fbk Websjop\",\"isPartOf\":{\"@id\":\"https:\\\/\\\/websjop.afuk.frl\\\/nl\\\/#website\"},\"primaryImageOfPage\":{\"@id\":\"https:\\\/\\\/websjop.afuk.frl\\\/nl\\\/winkel\\\/de-friese-spagaat-gedachten-over-fryslan-en-de-friezen\\\/#primaryimage\"},\"image\":{\"@id\":\"https:\\\/\\\/websjop.afuk.frl\\\/nl\\\/winkel\\\/de-friese-spagaat-gedachten-over-fryslan-en-de-friezen\\\/#primaryimage\"},\"thumbnailUrl\":\"https:\\\/\\\/websjop.afuk.frl\\\/wp-content\\\/uploads\\\/2024\\\/10\\\/De-Friese-spagaat.jpg\",\"datePublished\":\"2024-10-24T12:14:58+00:00\",\"dateModified\":\"2024-12-01T08:00:00+00:00\",\"description\":\"De artikelen en essays in De Friese spagaat handelen over de Frysl\u00e2n en de Friezen en zijn eerder verschenen in tijdschriften, vouwbladen of boeken.\",\"breadcrumb\":{\"@id\":\"https:\\\/\\\/websjop.afuk.frl\\\/nl\\\/winkel\\\/de-friese-spagaat-gedachten-over-fryslan-en-de-friezen\\\/#breadcrumb\"},\"inLanguage\":\"nl-NL\",\"potentialAction\":[{\"@type\":\"ReadAction\",\"target\":[\"https:\\\/\\\/websjop.afuk.frl\\\/nl\\\/winkel\\\/de-friese-spagaat-gedachten-over-fryslan-en-de-friezen\\\/\"]}]},{\"@type\":\"ImageObject\",\"inLanguage\":\"nl-NL\",\"@id\":\"https:\\\/\\\/websjop.afuk.frl\\\/nl\\\/winkel\\\/de-friese-spagaat-gedachten-over-fryslan-en-de-friezen\\\/#primaryimage\",\"url\":\"https:\\\/\\\/websjop.afuk.frl\\\/wp-content\\\/uploads\\\/2024\\\/10\\\/De-Friese-spagaat.jpg\",\"contentUrl\":\"https:\\\/\\\/websjop.afuk.frl\\\/wp-content\\\/uploads\\\/2024\\\/10\\\/De-Friese-spagaat.jpg\",\"width\":598,\"height\":880},{\"@type\":\"BreadcrumbList\",\"@id\":\"https:\\\/\\\/websjop.afuk.frl\\\/nl\\\/winkel\\\/de-friese-spagaat-gedachten-over-fryslan-en-de-friezen\\\/#breadcrumb\",\"itemListElement\":[{\"@type\":\"ListItem\",\"position\":1,\"name\":\"Home\",\"item\":\"https:\\\/\\\/websjop.afuk.frl\\\/nl\\\/\"},{\"@type\":\"ListItem\",\"position\":2,\"name\":\"Winkel\",\"item\":\"https:\\\/\\\/websjop.afuk.frl\\\/nl\\\/winkel\\\/\"},{\"@type\":\"ListItem\",\"position\":3,\"name\":\"De Friese spagaat &#8211; Gedachten over Frysl\u00e2n en de Friezen\"}]},{\"@type\":\"WebSite\",\"@id\":\"https:\\\/\\\/websjop.afuk.frl\\\/nl\\\/#website\",\"url\":\"https:\\\/\\\/websjop.afuk.frl\\\/nl\\\/\",\"name\":\"Af\u00fbk Websjop\",\"description\":\"\",\"potentialAction\":[{\"@type\":\"SearchAction\",\"target\":{\"@type\":\"EntryPoint\",\"urlTemplate\":\"https:\\\/\\\/websjop.afuk.frl\\\/nl\\\/?s={search_term_string}\"},\"query-input\":{\"@type\":\"PropertyValueSpecification\",\"valueRequired\":true,\"valueName\":\"search_term_string\"}}],\"inLanguage\":\"nl-NL\"}]}<\/script>\n<!-- \/ Yoast SEO plugin. -->","yoast_head_json":{"title":"De Friese spagaat - Gedachten over Frysl\u00e2n en de Friezen &#8211; Af\u00fbk Websjop","description":"De artikelen en essays in De Friese spagaat handelen over de Frysl\u00e2n en de Friezen en zijn eerder verschenen in tijdschriften, vouwbladen of boeken.","robots":{"index":"index","follow":"follow","max-snippet":"max-snippet:-1","max-image-preview":"max-image-preview:large","max-video-preview":"max-video-preview:-1"},"canonical":"https:\/\/websjop.afuk.frl\/nl\/winkel\/de-friese-spagaat-gedachten-over-fryslan-en-de-friezen\/","og_locale":"nl_NL","og_type":"article","og_title":"De Friese spagaat - Gedachten over Frysl\u00e2n en de Friezen &#8211; Af\u00fbk Websjop","og_description":"De artikelen en essays in De Friese spagaat handelen over de Frysl\u00e2n en de Friezen en zijn eerder verschenen in tijdschriften, vouwbladen of boeken.","og_url":"https:\/\/websjop.afuk.frl\/nl\/winkel\/de-friese-spagaat-gedachten-over-fryslan-en-de-friezen\/","og_site_name":"Af\u00fbk Websjop","article_modified_time":"2024-12-01T08:00:00+00:00","og_image":[{"width":598,"height":880,"url":"https:\/\/websjop.afuk.frl\/wp-content\/uploads\/2024\/10\/De-Friese-spagaat.jpg","type":"image\/jpeg"}],"twitter_card":"summary_large_image","twitter_misc":{"Geschatte leestijd":"2 minuten"},"schema":{"@context":"https:\/\/schema.org","@graph":[{"@type":"WebPage","@id":"https:\/\/websjop.afuk.frl\/nl\/winkel\/de-friese-spagaat-gedachten-over-fryslan-en-de-friezen\/","url":"https:\/\/websjop.afuk.frl\/nl\/winkel\/de-friese-spagaat-gedachten-over-fryslan-en-de-friezen\/","name":"De Friese spagaat - Gedachten over Frysl\u00e2n en de Friezen &#8211; Af\u00fbk Websjop","isPartOf":{"@id":"https:\/\/websjop.afuk.frl\/nl\/#website"},"primaryImageOfPage":{"@id":"https:\/\/websjop.afuk.frl\/nl\/winkel\/de-friese-spagaat-gedachten-over-fryslan-en-de-friezen\/#primaryimage"},"image":{"@id":"https:\/\/websjop.afuk.frl\/nl\/winkel\/de-friese-spagaat-gedachten-over-fryslan-en-de-friezen\/#primaryimage"},"thumbnailUrl":"https:\/\/websjop.afuk.frl\/wp-content\/uploads\/2024\/10\/De-Friese-spagaat.jpg","datePublished":"2024-10-24T12:14:58+00:00","dateModified":"2024-12-01T08:00:00+00:00","description":"De artikelen en essays in De Friese spagaat handelen over de Frysl\u00e2n en de Friezen en zijn eerder verschenen in tijdschriften, vouwbladen of boeken.","breadcrumb":{"@id":"https:\/\/websjop.afuk.frl\/nl\/winkel\/de-friese-spagaat-gedachten-over-fryslan-en-de-friezen\/#breadcrumb"},"inLanguage":"nl-NL","potentialAction":[{"@type":"ReadAction","target":["https:\/\/websjop.afuk.frl\/nl\/winkel\/de-friese-spagaat-gedachten-over-fryslan-en-de-friezen\/"]}]},{"@type":"ImageObject","inLanguage":"nl-NL","@id":"https:\/\/websjop.afuk.frl\/nl\/winkel\/de-friese-spagaat-gedachten-over-fryslan-en-de-friezen\/#primaryimage","url":"https:\/\/websjop.afuk.frl\/wp-content\/uploads\/2024\/10\/De-Friese-spagaat.jpg","contentUrl":"https:\/\/websjop.afuk.frl\/wp-content\/uploads\/2024\/10\/De-Friese-spagaat.jpg","width":598,"height":880},{"@type":"BreadcrumbList","@id":"https:\/\/websjop.afuk.frl\/nl\/winkel\/de-friese-spagaat-gedachten-over-fryslan-en-de-friezen\/#breadcrumb","itemListElement":[{"@type":"ListItem","position":1,"name":"Home","item":"https:\/\/websjop.afuk.frl\/nl\/"},{"@type":"ListItem","position":2,"name":"Winkel","item":"https:\/\/websjop.afuk.frl\/nl\/winkel\/"},{"@type":"ListItem","position":3,"name":"De Friese spagaat &#8211; Gedachten over Frysl\u00e2n en de Friezen"}]},{"@type":"WebSite","@id":"https:\/\/websjop.afuk.frl\/nl\/#website","url":"https:\/\/websjop.afuk.frl\/nl\/","name":"Af\u00fbk Websjop","description":"","potentialAction":[{"@type":"SearchAction","target":{"@type":"EntryPoint","urlTemplate":"https:\/\/websjop.afuk.frl\/nl\/?s={search_term_string}"},"query-input":{"@type":"PropertyValueSpecification","valueRequired":true,"valueName":"search_term_string"}}],"inLanguage":"nl-NL"}]}},"_links":{"self":[{"href":"https:\/\/websjop.afuk.frl\/nl\/wp-json\/wp\/v2\/product\/45285","targetHints":{"allow":["GET"]}}],"collection":[{"href":"https:\/\/websjop.afuk.frl\/nl\/wp-json\/wp\/v2\/product"}],"about":[{"href":"https:\/\/websjop.afuk.frl\/nl\/wp-json\/wp\/v2\/types\/product"}],"replies":[{"embeddable":true,"href":"https:\/\/websjop.afuk.frl\/nl\/wp-json\/wp\/v2\/comments?post=45285"}],"wp:featuredmedia":[{"embeddable":true,"href":"https:\/\/websjop.afuk.frl\/nl\/wp-json\/wp\/v2\/media\/45286"}],"wp:attachment":[{"href":"https:\/\/websjop.afuk.frl\/nl\/wp-json\/wp\/v2\/media?parent=45285"}],"wp:term":[{"taxonomy":"product_brand","embeddable":true,"href":"https:\/\/websjop.afuk.frl\/nl\/wp-json\/wp\/v2\/product_brand?post=45285"},{"taxonomy":"product_cat","embeddable":true,"href":"https:\/\/websjop.afuk.frl\/nl\/wp-json\/wp\/v2\/product_cat?post=45285"},{"taxonomy":"product_tag","embeddable":true,"href":"https:\/\/websjop.afuk.frl\/nl\/wp-json\/wp\/v2\/product_tag?post=45285"}],"curies":[{"name":"wp","href":"https:\/\/api.w.org\/{rel}","templated":true}]}}