{"id":45282,"date":"2024-11-04T12:39:31","date_gmt":"2024-11-04T11:39:31","guid":{"rendered":"https:\/\/websjop.afuk.frl\/nl\/?post_type=product&#038;p=45282"},"modified":"2025-11-05T13:55:06","modified_gmt":"2025-11-05T12:55:06","slug":"achlum-nobusco","status":"publish","type":"product","link":"https:\/\/websjop.afuk.frl\/nl\/winkel\/achlum-nobusco\/","title":{"rendered":"Achlum Nobusco en de monsternimmers"},"content":{"rendered":"<p>Achlum Nobusco is een oud-zeeman met een echt houten been. Hij woont al dertien jaar in het schapenhok onder aan de zeedijk. Soms klimt hij op een oud aardappelkistje en houdt een preek over de vervuiling van het milieu. De mensen vinden hem maar raar, iemand met aparte idee\u00ebn, en ze vertrouwen hem niet helemaal. Kinderen die over hem dromen, worden huilend wakker.<\/p>\n<p>Dat geldt niet voor Mark en Nina van der Vliet. Die zijn nooit bang voor Achlum geweest. Als ze op een middag watermonsters nemen uit de zee, maken ze kennis met Achlum. Ze vinden hem aardig en zien dat hij zacht bruine ogen heeft, als van een heel lief dier. Ze vergeten dat ze eigenlijk niet met hem mogen praten en gaan mee naar de schuur. Daar vertelt Achlum dat hij op een zelfgebouwd schip naar het Nieuwe Land wil.<\/p>\n<p>Vanaf die tijd hebben Mark en Nina nog maar een gedachte: met Achlum Nobusco naar het Nieuwe Land. Maar hoe vertellen ze dat thuis? Wat doen ze als Achlum ze niet mee wil? En dat Nieuwe Land &#8211; waar ligt dat eigenlijk? Waarom is het nergens in een atlas of op een kaart te vinden? Bestaat het wel? En wanneer je er een keer bent, kun je dan nog terug?<\/p>\n<p>&nbsp;<\/p>\n<hr \/>\n<p><em>Olga: &#8220;In moai boek om te l\u00eazen, net te dreech taalgebr\u00fbk, koarte haadstikken mei moaie tekeningen. Seker in oanrieder, spannend mar net te eng, troch de koarte haadstikken is it ek maklik om it boek efkes oan \u2019e kant te lizzen en wat oars te dwaan. Je sitte samar wer yn it ferhaal. In moai wurd \u00fat it boek is snurkp\u00fbden, wat in oar wurd blykt te w\u00eazen foar sliepsek.&#8221; <a href=\"https:\/\/heitenmem.frl\/resinsje-achlum-nobusco-en-de-monsternimmers-troch-olga\/\" target=\"_blank\" rel=\"noopener\">L\u00eas hjir Olga har folsleine resinsje.<\/a><\/em><\/p>\n<p>&nbsp;<\/p>\n","protected":false},"excerpt":{"rendered":"<p>Achlum Nobusco is een oud-zeeman met een echt houten been. Hij woont al dertien jaar in het schapenhok onder aan de zeedijk. Soms klimt hij op een oud aardappelkistje en houdt een preek over de vervuiling van het milieu. De mensen vinden hem maar raar, iemand met aparte idee\u00ebn, en ze vertrouwen hem niet helemaal. [&hellip;]<\/p>\n","protected":false},"featured_media":45283,"comment_status":"closed","ping_status":"closed","template":"","meta":{"_acf_changed":false},"product_brand":[],"product_cat":[1213,550,551,9763,535,18410,18408,23211],"product_tag":[23144,6189,19725,23146,23145,23147,22319],"class_list":{"0":"post-45282","1":"product","2":"type-product","3":"status-publish","4":"has-post-thumbnail","6":"product_cat-berne-en-jeugdboeken","7":"product_cat-berneboeken-4-8","8":"product_cat-berneboeken-8-12","9":"product_cat-de-moaiste-jeugdboeken","10":"product_cat-fryske-boeken","11":"product_cat-primer-underwiis","12":"product_cat-taalplan-2030","13":"product_cat-tema-7-oant-10-jier","14":"product_tag-achlum-nabusco","15":"product_tag-eppie-dam","16":"product_tag-farre","17":"product_tag-mark-en-nina","18":"product_tag-monsternimmers","19":"product_tag-nije-lan","20":"product_tag-zeeman","21":"product_shipping_class-brievenbus-verzending","22":"pa_auteur-eppie-dam-2","23":"pa_isbn-23142","24":"pa_new-label-1-3","25":"pa_taal-frysk","26":"pa_uitgever-afuk","28":"first","29":"instock","30":"taxable","31":"shipping-taxable","32":"purchasable","33":"product-type-simple"},"acf":[],"yoast_head":"<!-- This site is optimized with the Yoast SEO plugin v27.3 - https:\/\/yoast.com\/product\/yoast-seo-wordpress\/ -->\n<title>Achlum Nobusco en de monsternimmers &#8211; Af\u00fbk Websjop<\/title>\n<meta name=\"description\" content=\"Achlum Nobusco is een oud-zeeman met een echt houten been. Hij wil met een zelfgebouwd schip naar het Nieuwe Land. Mark en Nina willen maar een ding: Mee!\" \/>\n<meta name=\"robots\" content=\"index, follow, max-snippet:-1, max-image-preview:large, max-video-preview:-1\" \/>\n<link rel=\"canonical\" href=\"https:\/\/websjop.afuk.frl\/nl\/winkel\/achlum-nobusco\/\" \/>\n<meta property=\"og:locale\" content=\"nl_NL\" \/>\n<meta property=\"og:type\" content=\"article\" \/>\n<meta property=\"og:title\" content=\"Achlum Nobusco en de monsternimmers &#8211; Af\u00fbk Websjop\" \/>\n<meta property=\"og:description\" content=\"Achlum Nobusco is een oud-zeeman met een echt houten been. Hij wil met een zelfgebouwd schip naar het Nieuwe Land. Mark en Nina willen maar een ding: Mee!\" \/>\n<meta property=\"og:url\" content=\"https:\/\/websjop.afuk.frl\/nl\/winkel\/achlum-nobusco\/\" \/>\n<meta property=\"og:site_name\" content=\"Af\u00fbk Websjop\" \/>\n<meta property=\"article:modified_time\" content=\"2025-11-05T12:55:06+00:00\" \/>\n<meta property=\"og:image\" content=\"https:\/\/websjop.afuk.frl\/wp-content\/uploads\/2024\/10\/Achlum-Nobusco-LR.jpg\" \/>\n\t<meta property=\"og:image:width\" content=\"1003\" \/>\n\t<meta property=\"og:image:height\" content=\"1493\" \/>\n\t<meta property=\"og:image:type\" content=\"image\/jpeg\" \/>\n<meta name=\"twitter:card\" content=\"summary_large_image\" \/>\n<meta name=\"twitter:label1\" content=\"Geschatte leestijd\" \/>\n\t<meta name=\"twitter:data1\" content=\"1 minuut\" \/>\n<script type=\"application\/ld+json\" class=\"yoast-schema-graph\">{\"@context\":\"https:\\\/\\\/schema.org\",\"@graph\":[{\"@type\":\"WebPage\",\"@id\":\"https:\\\/\\\/websjop.afuk.frl\\\/nl\\\/winkel\\\/achlum-nobusco\\\/\",\"url\":\"https:\\\/\\\/websjop.afuk.frl\\\/nl\\\/winkel\\\/achlum-nobusco\\\/\",\"name\":\"Achlum Nobusco en de monsternimmers &#8211; Af\u00fbk Websjop\",\"isPartOf\":{\"@id\":\"https:\\\/\\\/websjop.afuk.frl\\\/nl\\\/#website\"},\"primaryImageOfPage\":{\"@id\":\"https:\\\/\\\/websjop.afuk.frl\\\/nl\\\/winkel\\\/achlum-nobusco\\\/#primaryimage\"},\"image\":{\"@id\":\"https:\\\/\\\/websjop.afuk.frl\\\/nl\\\/winkel\\\/achlum-nobusco\\\/#primaryimage\"},\"thumbnailUrl\":\"https:\\\/\\\/websjop.afuk.frl\\\/wp-content\\\/uploads\\\/2024\\\/10\\\/Achlum-Nobusco-LR.jpg\",\"datePublished\":\"2024-11-04T11:39:31+00:00\",\"dateModified\":\"2025-11-05T12:55:06+00:00\",\"description\":\"Achlum Nobusco is een oud-zeeman met een echt houten been. Hij wil met een zelfgebouwd schip naar het Nieuwe Land. Mark en Nina willen maar een ding: Mee!\",\"breadcrumb\":{\"@id\":\"https:\\\/\\\/websjop.afuk.frl\\\/nl\\\/winkel\\\/achlum-nobusco\\\/#breadcrumb\"},\"inLanguage\":\"nl-NL\",\"potentialAction\":[{\"@type\":\"ReadAction\",\"target\":[\"https:\\\/\\\/websjop.afuk.frl\\\/nl\\\/winkel\\\/achlum-nobusco\\\/\"]}]},{\"@type\":\"ImageObject\",\"inLanguage\":\"nl-NL\",\"@id\":\"https:\\\/\\\/websjop.afuk.frl\\\/nl\\\/winkel\\\/achlum-nobusco\\\/#primaryimage\",\"url\":\"https:\\\/\\\/websjop.afuk.frl\\\/wp-content\\\/uploads\\\/2024\\\/10\\\/Achlum-Nobusco-LR.jpg\",\"contentUrl\":\"https:\\\/\\\/websjop.afuk.frl\\\/wp-content\\\/uploads\\\/2024\\\/10\\\/Achlum-Nobusco-LR.jpg\",\"width\":1003,\"height\":1493},{\"@type\":\"BreadcrumbList\",\"@id\":\"https:\\\/\\\/websjop.afuk.frl\\\/nl\\\/winkel\\\/achlum-nobusco\\\/#breadcrumb\",\"itemListElement\":[{\"@type\":\"ListItem\",\"position\":1,\"name\":\"Home\",\"item\":\"https:\\\/\\\/websjop.afuk.frl\\\/nl\\\/\"},{\"@type\":\"ListItem\",\"position\":2,\"name\":\"Winkel\",\"item\":\"https:\\\/\\\/websjop.afuk.frl\\\/nl\\\/winkel\\\/\"},{\"@type\":\"ListItem\",\"position\":3,\"name\":\"Achlum Nobusco en de monsternimmers\"}]},{\"@type\":\"WebSite\",\"@id\":\"https:\\\/\\\/websjop.afuk.frl\\\/nl\\\/#website\",\"url\":\"https:\\\/\\\/websjop.afuk.frl\\\/nl\\\/\",\"name\":\"Af\u00fbk Websjop\",\"description\":\"\",\"potentialAction\":[{\"@type\":\"SearchAction\",\"target\":{\"@type\":\"EntryPoint\",\"urlTemplate\":\"https:\\\/\\\/websjop.afuk.frl\\\/nl\\\/?s={search_term_string}\"},\"query-input\":{\"@type\":\"PropertyValueSpecification\",\"valueRequired\":true,\"valueName\":\"search_term_string\"}}],\"inLanguage\":\"nl-NL\"}]}<\/script>\n<!-- \/ Yoast SEO plugin. -->","yoast_head_json":{"title":"Achlum Nobusco en de monsternimmers &#8211; Af\u00fbk Websjop","description":"Achlum Nobusco is een oud-zeeman met een echt houten been. Hij wil met een zelfgebouwd schip naar het Nieuwe Land. Mark en Nina willen maar een ding: Mee!","robots":{"index":"index","follow":"follow","max-snippet":"max-snippet:-1","max-image-preview":"max-image-preview:large","max-video-preview":"max-video-preview:-1"},"canonical":"https:\/\/websjop.afuk.frl\/nl\/winkel\/achlum-nobusco\/","og_locale":"nl_NL","og_type":"article","og_title":"Achlum Nobusco en de monsternimmers &#8211; Af\u00fbk Websjop","og_description":"Achlum Nobusco is een oud-zeeman met een echt houten been. Hij wil met een zelfgebouwd schip naar het Nieuwe Land. Mark en Nina willen maar een ding: Mee!","og_url":"https:\/\/websjop.afuk.frl\/nl\/winkel\/achlum-nobusco\/","og_site_name":"Af\u00fbk Websjop","article_modified_time":"2025-11-05T12:55:06+00:00","og_image":[{"width":1003,"height":1493,"url":"https:\/\/websjop.afuk.frl\/wp-content\/uploads\/2024\/10\/Achlum-Nobusco-LR.jpg","type":"image\/jpeg"}],"twitter_card":"summary_large_image","twitter_misc":{"Geschatte leestijd":"1 minuut"},"schema":{"@context":"https:\/\/schema.org","@graph":[{"@type":"WebPage","@id":"https:\/\/websjop.afuk.frl\/nl\/winkel\/achlum-nobusco\/","url":"https:\/\/websjop.afuk.frl\/nl\/winkel\/achlum-nobusco\/","name":"Achlum Nobusco en de monsternimmers &#8211; Af\u00fbk Websjop","isPartOf":{"@id":"https:\/\/websjop.afuk.frl\/nl\/#website"},"primaryImageOfPage":{"@id":"https:\/\/websjop.afuk.frl\/nl\/winkel\/achlum-nobusco\/#primaryimage"},"image":{"@id":"https:\/\/websjop.afuk.frl\/nl\/winkel\/achlum-nobusco\/#primaryimage"},"thumbnailUrl":"https:\/\/websjop.afuk.frl\/wp-content\/uploads\/2024\/10\/Achlum-Nobusco-LR.jpg","datePublished":"2024-11-04T11:39:31+00:00","dateModified":"2025-11-05T12:55:06+00:00","description":"Achlum Nobusco is een oud-zeeman met een echt houten been. Hij wil met een zelfgebouwd schip naar het Nieuwe Land. Mark en Nina willen maar een ding: Mee!","breadcrumb":{"@id":"https:\/\/websjop.afuk.frl\/nl\/winkel\/achlum-nobusco\/#breadcrumb"},"inLanguage":"nl-NL","potentialAction":[{"@type":"ReadAction","target":["https:\/\/websjop.afuk.frl\/nl\/winkel\/achlum-nobusco\/"]}]},{"@type":"ImageObject","inLanguage":"nl-NL","@id":"https:\/\/websjop.afuk.frl\/nl\/winkel\/achlum-nobusco\/#primaryimage","url":"https:\/\/websjop.afuk.frl\/wp-content\/uploads\/2024\/10\/Achlum-Nobusco-LR.jpg","contentUrl":"https:\/\/websjop.afuk.frl\/wp-content\/uploads\/2024\/10\/Achlum-Nobusco-LR.jpg","width":1003,"height":1493},{"@type":"BreadcrumbList","@id":"https:\/\/websjop.afuk.frl\/nl\/winkel\/achlum-nobusco\/#breadcrumb","itemListElement":[{"@type":"ListItem","position":1,"name":"Home","item":"https:\/\/websjop.afuk.frl\/nl\/"},{"@type":"ListItem","position":2,"name":"Winkel","item":"https:\/\/websjop.afuk.frl\/nl\/winkel\/"},{"@type":"ListItem","position":3,"name":"Achlum Nobusco en de monsternimmers"}]},{"@type":"WebSite","@id":"https:\/\/websjop.afuk.frl\/nl\/#website","url":"https:\/\/websjop.afuk.frl\/nl\/","name":"Af\u00fbk Websjop","description":"","potentialAction":[{"@type":"SearchAction","target":{"@type":"EntryPoint","urlTemplate":"https:\/\/websjop.afuk.frl\/nl\/?s={search_term_string}"},"query-input":{"@type":"PropertyValueSpecification","valueRequired":true,"valueName":"search_term_string"}}],"inLanguage":"nl-NL"}]}},"_links":{"self":[{"href":"https:\/\/websjop.afuk.frl\/nl\/wp-json\/wp\/v2\/product\/45282","targetHints":{"allow":["GET"]}}],"collection":[{"href":"https:\/\/websjop.afuk.frl\/nl\/wp-json\/wp\/v2\/product"}],"about":[{"href":"https:\/\/websjop.afuk.frl\/nl\/wp-json\/wp\/v2\/types\/product"}],"replies":[{"embeddable":true,"href":"https:\/\/websjop.afuk.frl\/nl\/wp-json\/wp\/v2\/comments?post=45282"}],"wp:featuredmedia":[{"embeddable":true,"href":"https:\/\/websjop.afuk.frl\/nl\/wp-json\/wp\/v2\/media\/45283"}],"wp:attachment":[{"href":"https:\/\/websjop.afuk.frl\/nl\/wp-json\/wp\/v2\/media?parent=45282"}],"wp:term":[{"taxonomy":"product_brand","embeddable":true,"href":"https:\/\/websjop.afuk.frl\/nl\/wp-json\/wp\/v2\/product_brand?post=45282"},{"taxonomy":"product_cat","embeddable":true,"href":"https:\/\/websjop.afuk.frl\/nl\/wp-json\/wp\/v2\/product_cat?post=45282"},{"taxonomy":"product_tag","embeddable":true,"href":"https:\/\/websjop.afuk.frl\/nl\/wp-json\/wp\/v2\/product_tag?post=45282"}],"curies":[{"name":"wp","href":"https:\/\/api.w.org\/{rel}","templated":true}]}}