{"id":44830,"date":"2024-09-25T13:46:59","date_gmt":"2024-09-25T12:46:59","guid":{"rendered":"https:\/\/websjop.afuk.frl\/nl\/?post_type=product&#038;p=44830"},"modified":"2026-02-06T13:20:05","modified_gmt":"2026-02-06T12:20:05","slug":"vet-oud-fryslan","status":"publish","type":"product","link":"https:\/\/websjop.afuk.frl\/nl\/winkel\/vet-oud-fryslan\/","title":{"rendered":"Vet oud! Frysl\u00e2n"},"content":{"rendered":"<p>De geschiedenis van Friesland in 20 spannende verhalen<\/p>\n<p>Na populaire Vet oud!-delen over de Gouden Eeuw en de Tweede Wereldoorlog brengen (oud-)geschiedenisleraren Richard Zuiderveld en Aant Jelle Soepboer met Vet oud! Friesland de geschiedenis van Friesland tot leven. Dit boek combineert de woelige geschiedenis van deze eigenzinnige provincie met spannende verhalen, wist-je-datjes en bijzondere feiten.<\/p>\n<p>In Vet oud! Friesland maak je kennis met de oude Frisii, leer je over Vikingen, en volg je de avonturen van Friese verzetsstrijders tijdens de Tweede Wereldoorlog. Ook leer je waarom de Friezen een eigen taal spreken, een eigen vlag en zulke bijzondere sporten hebben. Onmisbaar voor elk kind met interesse in geschiedenis, \u00f3\u00f3k als je niet uit Friesland komt.<\/p>\n","protected":false},"excerpt":{"rendered":"<p>De geschiedenis van Friesland in 20 spannende verhalen Na populaire Vet oud!-delen over de Gouden Eeuw en de Tweede Wereldoorlog brengen (oud-)geschiedenisleraren Richard Zuiderveld en Aant Jelle Soepboer met Vet oud! Friesland de geschiedenis van Friesland tot leven. Dit boek combineert de woelige geschiedenis van deze eigenzinnige provincie met spannende verhalen, wist-je-datjes en bijzondere feiten. [&hellip;]<\/p>\n","protected":false},"featured_media":44831,"comment_status":"closed","ping_status":"closed","template":"","meta":{"_acf_changed":false},"product_brand":[],"product_cat":[24598],"product_tag":[23053,6486,23052,6105,23054,22220,23051],"class_list":{"0":"post-44830","1":"product","2":"type-product","3":"status-publish","4":"has-post-thumbnail","6":"product_cat-net-mear-leverber","7":"product_tag-aant-jelle-soepboer","8":"product_tag-ferline","9":"product_tag-richard-zuiderveld","10":"product_tag-skiednis","11":"product_tag-spannende-ferhalen","12":"product_tag-verleden","13":"product_tag-vet-oud-fryslan","14":"product_shipping_class-brievenbus-verzending","15":"pa_auteur-richard-zuiderveld-en-aant-jelle-soepboer","16":"pa_isbn-23048","17":"pa_new-label-1-3","18":"pa_taal-frysk","19":"pa_uitgever-xander-uitgevers","20":"pa_vertaler-martsje-de-jong","22":"first","23":"outofstock","24":"taxable","25":"shipping-taxable","26":"purchasable","27":"product-type-simple"},"acf":[],"yoast_head":"<!-- This site is optimized with the Yoast SEO plugin v27.3 - https:\/\/yoast.com\/product\/yoast-seo-wordpress\/ -->\n<title>Vet oud! Frysl\u00e2n &#8211; Af\u00fbk Websjop<\/title>\n<meta name=\"description\" content=\"Vet Oud! Frysl\u00e2n combineert de woelige geschiedenis van deze eigenzinnige provincie met spannende verhalen, wist-je-datjes en bijzondere feiten.\" \/>\n<meta name=\"robots\" content=\"index, follow, max-snippet:-1, max-image-preview:large, max-video-preview:-1\" \/>\n<link rel=\"canonical\" href=\"https:\/\/websjop.afuk.frl\/nl\/winkel\/vet-oud-fryslan\/\" \/>\n<meta property=\"og:locale\" content=\"nl_NL\" \/>\n<meta property=\"og:type\" content=\"article\" \/>\n<meta property=\"og:title\" content=\"Vet oud! Frysl\u00e2n &#8211; Af\u00fbk Websjop\" \/>\n<meta property=\"og:description\" content=\"Vet Oud! Frysl\u00e2n combineert de woelige geschiedenis van deze eigenzinnige provincie met spannende verhalen, wist-je-datjes en bijzondere feiten.\" \/>\n<meta property=\"og:url\" content=\"https:\/\/websjop.afuk.frl\/nl\/winkel\/vet-oud-fryslan\/\" \/>\n<meta property=\"og:site_name\" content=\"Af\u00fbk Websjop\" \/>\n<meta property=\"article:modified_time\" content=\"2026-02-06T12:20:05+00:00\" \/>\n<meta property=\"og:image\" content=\"https:\/\/websjop.afuk.frl\/wp-content\/uploads\/2024\/09\/Vet-oud-Fryslan.webp\" \/>\n\t<meta property=\"og:image:width\" content=\"400\" \/>\n\t<meta property=\"og:image:height\" content=\"566\" \/>\n\t<meta property=\"og:image:type\" content=\"image\/webp\" \/>\n<meta name=\"twitter:card\" content=\"summary_large_image\" \/>\n<meta name=\"twitter:label1\" content=\"Geschatte leestijd\" \/>\n\t<meta name=\"twitter:data1\" content=\"2 minuten\" \/>\n<script type=\"application\/ld+json\" class=\"yoast-schema-graph\">{\"@context\":\"https:\\\/\\\/schema.org\",\"@graph\":[{\"@type\":\"WebPage\",\"@id\":\"https:\\\/\\\/websjop.afuk.frl\\\/nl\\\/winkel\\\/vet-oud-fryslan\\\/\",\"url\":\"https:\\\/\\\/websjop.afuk.frl\\\/nl\\\/winkel\\\/vet-oud-fryslan\\\/\",\"name\":\"Vet oud! Frysl\u00e2n &#8211; Af\u00fbk Websjop\",\"isPartOf\":{\"@id\":\"https:\\\/\\\/websjop.afuk.frl\\\/nl\\\/#website\"},\"primaryImageOfPage\":{\"@id\":\"https:\\\/\\\/websjop.afuk.frl\\\/nl\\\/winkel\\\/vet-oud-fryslan\\\/#primaryimage\"},\"image\":{\"@id\":\"https:\\\/\\\/websjop.afuk.frl\\\/nl\\\/winkel\\\/vet-oud-fryslan\\\/#primaryimage\"},\"thumbnailUrl\":\"https:\\\/\\\/websjop.afuk.frl\\\/wp-content\\\/uploads\\\/2024\\\/09\\\/Vet-oud-Fryslan.webp\",\"datePublished\":\"2024-09-25T12:46:59+00:00\",\"dateModified\":\"2026-02-06T12:20:05+00:00\",\"description\":\"Vet Oud! Frysl\u00e2n combineert de woelige geschiedenis van deze eigenzinnige provincie met spannende verhalen, wist-je-datjes en bijzondere feiten.\",\"breadcrumb\":{\"@id\":\"https:\\\/\\\/websjop.afuk.frl\\\/nl\\\/winkel\\\/vet-oud-fryslan\\\/#breadcrumb\"},\"inLanguage\":\"nl-NL\",\"potentialAction\":[{\"@type\":\"ReadAction\",\"target\":[\"https:\\\/\\\/websjop.afuk.frl\\\/nl\\\/winkel\\\/vet-oud-fryslan\\\/\"]}]},{\"@type\":\"ImageObject\",\"inLanguage\":\"nl-NL\",\"@id\":\"https:\\\/\\\/websjop.afuk.frl\\\/nl\\\/winkel\\\/vet-oud-fryslan\\\/#primaryimage\",\"url\":\"https:\\\/\\\/websjop.afuk.frl\\\/wp-content\\\/uploads\\\/2024\\\/09\\\/Vet-oud-Fryslan.webp\",\"contentUrl\":\"https:\\\/\\\/websjop.afuk.frl\\\/wp-content\\\/uploads\\\/2024\\\/09\\\/Vet-oud-Fryslan.webp\",\"width\":400,\"height\":566},{\"@type\":\"BreadcrumbList\",\"@id\":\"https:\\\/\\\/websjop.afuk.frl\\\/nl\\\/winkel\\\/vet-oud-fryslan\\\/#breadcrumb\",\"itemListElement\":[{\"@type\":\"ListItem\",\"position\":1,\"name\":\"Home\",\"item\":\"https:\\\/\\\/websjop.afuk.frl\\\/nl\\\/\"},{\"@type\":\"ListItem\",\"position\":2,\"name\":\"Winkel\",\"item\":\"https:\\\/\\\/websjop.afuk.frl\\\/nl\\\/winkel\\\/\"},{\"@type\":\"ListItem\",\"position\":3,\"name\":\"Vet oud! Frysl\u00e2n\"}]},{\"@type\":\"WebSite\",\"@id\":\"https:\\\/\\\/websjop.afuk.frl\\\/nl\\\/#website\",\"url\":\"https:\\\/\\\/websjop.afuk.frl\\\/nl\\\/\",\"name\":\"Af\u00fbk Websjop\",\"description\":\"\",\"potentialAction\":[{\"@type\":\"SearchAction\",\"target\":{\"@type\":\"EntryPoint\",\"urlTemplate\":\"https:\\\/\\\/websjop.afuk.frl\\\/nl\\\/?s={search_term_string}\"},\"query-input\":{\"@type\":\"PropertyValueSpecification\",\"valueRequired\":true,\"valueName\":\"search_term_string\"}}],\"inLanguage\":\"nl-NL\"}]}<\/script>\n<!-- \/ Yoast SEO plugin. -->","yoast_head_json":{"title":"Vet oud! Frysl\u00e2n &#8211; Af\u00fbk Websjop","description":"Vet Oud! Frysl\u00e2n combineert de woelige geschiedenis van deze eigenzinnige provincie met spannende verhalen, wist-je-datjes en bijzondere feiten.","robots":{"index":"index","follow":"follow","max-snippet":"max-snippet:-1","max-image-preview":"max-image-preview:large","max-video-preview":"max-video-preview:-1"},"canonical":"https:\/\/websjop.afuk.frl\/nl\/winkel\/vet-oud-fryslan\/","og_locale":"nl_NL","og_type":"article","og_title":"Vet oud! Frysl\u00e2n &#8211; Af\u00fbk Websjop","og_description":"Vet Oud! Frysl\u00e2n combineert de woelige geschiedenis van deze eigenzinnige provincie met spannende verhalen, wist-je-datjes en bijzondere feiten.","og_url":"https:\/\/websjop.afuk.frl\/nl\/winkel\/vet-oud-fryslan\/","og_site_name":"Af\u00fbk Websjop","article_modified_time":"2026-02-06T12:20:05+00:00","og_image":[{"width":400,"height":566,"url":"https:\/\/websjop.afuk.frl\/wp-content\/uploads\/2024\/09\/Vet-oud-Fryslan.webp","type":"image\/webp"}],"twitter_card":"summary_large_image","twitter_misc":{"Geschatte leestijd":"2 minuten"},"schema":{"@context":"https:\/\/schema.org","@graph":[{"@type":"WebPage","@id":"https:\/\/websjop.afuk.frl\/nl\/winkel\/vet-oud-fryslan\/","url":"https:\/\/websjop.afuk.frl\/nl\/winkel\/vet-oud-fryslan\/","name":"Vet oud! Frysl\u00e2n &#8211; Af\u00fbk Websjop","isPartOf":{"@id":"https:\/\/websjop.afuk.frl\/nl\/#website"},"primaryImageOfPage":{"@id":"https:\/\/websjop.afuk.frl\/nl\/winkel\/vet-oud-fryslan\/#primaryimage"},"image":{"@id":"https:\/\/websjop.afuk.frl\/nl\/winkel\/vet-oud-fryslan\/#primaryimage"},"thumbnailUrl":"https:\/\/websjop.afuk.frl\/wp-content\/uploads\/2024\/09\/Vet-oud-Fryslan.webp","datePublished":"2024-09-25T12:46:59+00:00","dateModified":"2026-02-06T12:20:05+00:00","description":"Vet Oud! Frysl\u00e2n combineert de woelige geschiedenis van deze eigenzinnige provincie met spannende verhalen, wist-je-datjes en bijzondere feiten.","breadcrumb":{"@id":"https:\/\/websjop.afuk.frl\/nl\/winkel\/vet-oud-fryslan\/#breadcrumb"},"inLanguage":"nl-NL","potentialAction":[{"@type":"ReadAction","target":["https:\/\/websjop.afuk.frl\/nl\/winkel\/vet-oud-fryslan\/"]}]},{"@type":"ImageObject","inLanguage":"nl-NL","@id":"https:\/\/websjop.afuk.frl\/nl\/winkel\/vet-oud-fryslan\/#primaryimage","url":"https:\/\/websjop.afuk.frl\/wp-content\/uploads\/2024\/09\/Vet-oud-Fryslan.webp","contentUrl":"https:\/\/websjop.afuk.frl\/wp-content\/uploads\/2024\/09\/Vet-oud-Fryslan.webp","width":400,"height":566},{"@type":"BreadcrumbList","@id":"https:\/\/websjop.afuk.frl\/nl\/winkel\/vet-oud-fryslan\/#breadcrumb","itemListElement":[{"@type":"ListItem","position":1,"name":"Home","item":"https:\/\/websjop.afuk.frl\/nl\/"},{"@type":"ListItem","position":2,"name":"Winkel","item":"https:\/\/websjop.afuk.frl\/nl\/winkel\/"},{"@type":"ListItem","position":3,"name":"Vet oud! Frysl\u00e2n"}]},{"@type":"WebSite","@id":"https:\/\/websjop.afuk.frl\/nl\/#website","url":"https:\/\/websjop.afuk.frl\/nl\/","name":"Af\u00fbk Websjop","description":"","potentialAction":[{"@type":"SearchAction","target":{"@type":"EntryPoint","urlTemplate":"https:\/\/websjop.afuk.frl\/nl\/?s={search_term_string}"},"query-input":{"@type":"PropertyValueSpecification","valueRequired":true,"valueName":"search_term_string"}}],"inLanguage":"nl-NL"}]}},"_links":{"self":[{"href":"https:\/\/websjop.afuk.frl\/nl\/wp-json\/wp\/v2\/product\/44830","targetHints":{"allow":["GET"]}}],"collection":[{"href":"https:\/\/websjop.afuk.frl\/nl\/wp-json\/wp\/v2\/product"}],"about":[{"href":"https:\/\/websjop.afuk.frl\/nl\/wp-json\/wp\/v2\/types\/product"}],"replies":[{"embeddable":true,"href":"https:\/\/websjop.afuk.frl\/nl\/wp-json\/wp\/v2\/comments?post=44830"}],"wp:featuredmedia":[{"embeddable":true,"href":"https:\/\/websjop.afuk.frl\/nl\/wp-json\/wp\/v2\/media\/44831"}],"wp:attachment":[{"href":"https:\/\/websjop.afuk.frl\/nl\/wp-json\/wp\/v2\/media?parent=44830"}],"wp:term":[{"taxonomy":"product_brand","embeddable":true,"href":"https:\/\/websjop.afuk.frl\/nl\/wp-json\/wp\/v2\/product_brand?post=44830"},{"taxonomy":"product_cat","embeddable":true,"href":"https:\/\/websjop.afuk.frl\/nl\/wp-json\/wp\/v2\/product_cat?post=44830"},{"taxonomy":"product_tag","embeddable":true,"href":"https:\/\/websjop.afuk.frl\/nl\/wp-json\/wp\/v2\/product_tag?post=44830"}],"curies":[{"name":"wp","href":"https:\/\/api.w.org\/{rel}","templated":true}]}}