{"id":44746,"date":"2024-09-18T14:07:12","date_gmt":"2024-09-18T13:07:12","guid":{"rendered":"https:\/\/websjop.afuk.frl\/nl\/?post_type=product&#038;p=44746"},"modified":"2025-11-05T13:56:11","modified_gmt":"2025-11-05T12:56:11","slug":"op-it-tsjerkhof-en-oare-brike-ferhalen","status":"publish","type":"product","link":"https:\/\/websjop.afuk.frl\/nl\/winkel\/op-it-tsjerkhof-en-oare-brike-ferhalen\/","title":{"rendered":"Op it tsjerkh\u00f4f en oare brike ferhalen"},"content":{"rendered":"<p><em>Op it tsjerkh\u00f4f en oare brike ferhalen<\/em> is een verzameling van korte verhalen. Het zijn observaties van gewone, bijzondere mensen. Vaak om te lachen, soms emotioneel, maar o zo herkenbaar.<\/p>\n<p>Zeventien verhalen over vriendschap, liefde en verlies, maar wel met een flinke dosis humor. Want er mag best wat meer gelachen worden in de Friese literatuur.<\/p>\n<p>Freddie Scheltema (Easterein, 1960) had in zijn tijd op de middelbare school graag wat vlottere Friese boeken willen lezen voor zijn boekenlijst. Daarom is hij zelf begonnen met schrijven. Eerder verscheen van zijn hand de bundel <em>It Frysk is dea en oare fleurige ferhalen.<\/em><\/p>\n<p>&nbsp;<\/p>\n","protected":false},"excerpt":{"rendered":"<p>Op it tsjerkh\u00f4f en oare brike ferhalen is een verzameling van korte verhalen. Het zijn observaties van gewone, bijzondere mensen. Vaak om te lachen, soms emotioneel, maar o zo herkenbaar. Zeventien verhalen over vriendschap, liefde en verlies, maar wel met een flinke dosis humor. Want er mag best wat meer gelachen worden in de Friese [&hellip;]<\/p>\n","protected":false},"featured_media":44748,"comment_status":"closed","ping_status":"closed","template":"","meta":{"_acf_changed":false},"product_brand":[],"product_cat":[1040,535,1215],"product_tag":[23030,19192,8628,19742,23029],"class_list":{"0":"post-44746","1":"product","2":"type-product","3":"status-publish","4":"has-post-thumbnail","6":"product_cat-ferhalebondels","7":"product_cat-fryske-boeken","8":"product_cat-romans-en-literatuer","9":"product_tag-brike-ferhalen","10":"product_tag-freddie-scheltema","11":"product_tag-humor","12":"product_tag-korte-verhalen","13":"product_tag-op-it-tsjerkhof","14":"product_shipping_class-brievenbus-verzending","15":"pa_auteur-freddie-scheltema","16":"pa_isbn-23028","17":"pa_new-label-1-3","18":"pa_taal-frysk","19":"pa_uitgever-bornmeer","21":"first","22":"instock","23":"taxable","24":"shipping-taxable","25":"purchasable","26":"product-type-simple"},"acf":[],"yoast_head":"<!-- This site is optimized with the Yoast SEO plugin v27.3 - https:\/\/yoast.com\/product\/yoast-seo-wordpress\/ -->\n<title>Op it tsjerkh\u00f4f en oare brike ferhalen &#8211; Af\u00fbk Websjop<\/title>\n<meta name=\"description\" content=\"Op it tsjerkh\u00f4f en oare brike ferhalen is een verzameling van korte verhalen. Over gewone, bijzondere mensen. Vaak om te lachen en soms emotioneel.\" \/>\n<meta name=\"robots\" content=\"index, follow, max-snippet:-1, max-image-preview:large, max-video-preview:-1\" \/>\n<link rel=\"canonical\" href=\"https:\/\/websjop.afuk.frl\/nl\/winkel\/op-it-tsjerkhof-en-oare-brike-ferhalen\/\" \/>\n<meta property=\"og:locale\" content=\"nl_NL\" \/>\n<meta property=\"og:type\" content=\"article\" \/>\n<meta property=\"og:title\" content=\"Op it tsjerkh\u00f4f en oare brike ferhalen &#8211; Af\u00fbk Websjop\" \/>\n<meta property=\"og:description\" content=\"Op it tsjerkh\u00f4f en oare brike ferhalen is een verzameling van korte verhalen. Over gewone, bijzondere mensen. Vaak om te lachen en soms emotioneel.\" \/>\n<meta property=\"og:url\" content=\"https:\/\/websjop.afuk.frl\/nl\/winkel\/op-it-tsjerkhof-en-oare-brike-ferhalen\/\" \/>\n<meta property=\"og:site_name\" content=\"Af\u00fbk Websjop\" \/>\n<meta property=\"article:modified_time\" content=\"2025-11-05T12:56:11+00:00\" \/>\n<meta property=\"og:image\" content=\"https:\/\/websjop.afuk.frl\/wp-content\/uploads\/2024\/09\/Op-it-tsjerkhof.jpg\" \/>\n\t<meta property=\"og:image:width\" content=\"300\" \/>\n\t<meta property=\"og:image:height\" content=\"460\" \/>\n\t<meta property=\"og:image:type\" content=\"image\/jpeg\" \/>\n<meta name=\"twitter:card\" content=\"summary_large_image\" \/>\n<meta name=\"twitter:label1\" content=\"Geschatte leestijd\" \/>\n\t<meta name=\"twitter:data1\" content=\"1 minuut\" \/>\n<script type=\"application\/ld+json\" class=\"yoast-schema-graph\">{\"@context\":\"https:\\\/\\\/schema.org\",\"@graph\":[{\"@type\":\"WebPage\",\"@id\":\"https:\\\/\\\/websjop.afuk.frl\\\/nl\\\/winkel\\\/op-it-tsjerkhof-en-oare-brike-ferhalen\\\/\",\"url\":\"https:\\\/\\\/websjop.afuk.frl\\\/nl\\\/winkel\\\/op-it-tsjerkhof-en-oare-brike-ferhalen\\\/\",\"name\":\"Op it tsjerkh\u00f4f en oare brike ferhalen &#8211; Af\u00fbk Websjop\",\"isPartOf\":{\"@id\":\"https:\\\/\\\/websjop.afuk.frl\\\/nl\\\/#website\"},\"primaryImageOfPage\":{\"@id\":\"https:\\\/\\\/websjop.afuk.frl\\\/nl\\\/winkel\\\/op-it-tsjerkhof-en-oare-brike-ferhalen\\\/#primaryimage\"},\"image\":{\"@id\":\"https:\\\/\\\/websjop.afuk.frl\\\/nl\\\/winkel\\\/op-it-tsjerkhof-en-oare-brike-ferhalen\\\/#primaryimage\"},\"thumbnailUrl\":\"https:\\\/\\\/websjop.afuk.frl\\\/wp-content\\\/uploads\\\/2024\\\/09\\\/Op-it-tsjerkhof.jpg\",\"datePublished\":\"2024-09-18T13:07:12+00:00\",\"dateModified\":\"2025-11-05T12:56:11+00:00\",\"description\":\"Op it tsjerkh\u00f4f en oare brike ferhalen is een verzameling van korte verhalen. Over gewone, bijzondere mensen. Vaak om te lachen en soms emotioneel.\",\"breadcrumb\":{\"@id\":\"https:\\\/\\\/websjop.afuk.frl\\\/nl\\\/winkel\\\/op-it-tsjerkhof-en-oare-brike-ferhalen\\\/#breadcrumb\"},\"inLanguage\":\"nl-NL\",\"potentialAction\":[{\"@type\":\"ReadAction\",\"target\":[\"https:\\\/\\\/websjop.afuk.frl\\\/nl\\\/winkel\\\/op-it-tsjerkhof-en-oare-brike-ferhalen\\\/\"]}]},{\"@type\":\"ImageObject\",\"inLanguage\":\"nl-NL\",\"@id\":\"https:\\\/\\\/websjop.afuk.frl\\\/nl\\\/winkel\\\/op-it-tsjerkhof-en-oare-brike-ferhalen\\\/#primaryimage\",\"url\":\"https:\\\/\\\/websjop.afuk.frl\\\/wp-content\\\/uploads\\\/2024\\\/09\\\/Op-it-tsjerkhof.jpg\",\"contentUrl\":\"https:\\\/\\\/websjop.afuk.frl\\\/wp-content\\\/uploads\\\/2024\\\/09\\\/Op-it-tsjerkhof.jpg\",\"width\":300,\"height\":460},{\"@type\":\"BreadcrumbList\",\"@id\":\"https:\\\/\\\/websjop.afuk.frl\\\/nl\\\/winkel\\\/op-it-tsjerkhof-en-oare-brike-ferhalen\\\/#breadcrumb\",\"itemListElement\":[{\"@type\":\"ListItem\",\"position\":1,\"name\":\"Home\",\"item\":\"https:\\\/\\\/websjop.afuk.frl\\\/nl\\\/\"},{\"@type\":\"ListItem\",\"position\":2,\"name\":\"Winkel\",\"item\":\"https:\\\/\\\/websjop.afuk.frl\\\/nl\\\/winkel\\\/\"},{\"@type\":\"ListItem\",\"position\":3,\"name\":\"Op it tsjerkh\u00f4f en oare brike ferhalen\"}]},{\"@type\":\"WebSite\",\"@id\":\"https:\\\/\\\/websjop.afuk.frl\\\/nl\\\/#website\",\"url\":\"https:\\\/\\\/websjop.afuk.frl\\\/nl\\\/\",\"name\":\"Af\u00fbk Websjop\",\"description\":\"\",\"potentialAction\":[{\"@type\":\"SearchAction\",\"target\":{\"@type\":\"EntryPoint\",\"urlTemplate\":\"https:\\\/\\\/websjop.afuk.frl\\\/nl\\\/?s={search_term_string}\"},\"query-input\":{\"@type\":\"PropertyValueSpecification\",\"valueRequired\":true,\"valueName\":\"search_term_string\"}}],\"inLanguage\":\"nl-NL\"}]}<\/script>\n<!-- \/ Yoast SEO plugin. -->","yoast_head_json":{"title":"Op it tsjerkh\u00f4f en oare brike ferhalen &#8211; Af\u00fbk Websjop","description":"Op it tsjerkh\u00f4f en oare brike ferhalen is een verzameling van korte verhalen. Over gewone, bijzondere mensen. Vaak om te lachen en soms emotioneel.","robots":{"index":"index","follow":"follow","max-snippet":"max-snippet:-1","max-image-preview":"max-image-preview:large","max-video-preview":"max-video-preview:-1"},"canonical":"https:\/\/websjop.afuk.frl\/nl\/winkel\/op-it-tsjerkhof-en-oare-brike-ferhalen\/","og_locale":"nl_NL","og_type":"article","og_title":"Op it tsjerkh\u00f4f en oare brike ferhalen &#8211; Af\u00fbk Websjop","og_description":"Op it tsjerkh\u00f4f en oare brike ferhalen is een verzameling van korte verhalen. Over gewone, bijzondere mensen. Vaak om te lachen en soms emotioneel.","og_url":"https:\/\/websjop.afuk.frl\/nl\/winkel\/op-it-tsjerkhof-en-oare-brike-ferhalen\/","og_site_name":"Af\u00fbk Websjop","article_modified_time":"2025-11-05T12:56:11+00:00","og_image":[{"width":300,"height":460,"url":"https:\/\/websjop.afuk.frl\/wp-content\/uploads\/2024\/09\/Op-it-tsjerkhof.jpg","type":"image\/jpeg"}],"twitter_card":"summary_large_image","twitter_misc":{"Geschatte leestijd":"1 minuut"},"schema":{"@context":"https:\/\/schema.org","@graph":[{"@type":"WebPage","@id":"https:\/\/websjop.afuk.frl\/nl\/winkel\/op-it-tsjerkhof-en-oare-brike-ferhalen\/","url":"https:\/\/websjop.afuk.frl\/nl\/winkel\/op-it-tsjerkhof-en-oare-brike-ferhalen\/","name":"Op it tsjerkh\u00f4f en oare brike ferhalen &#8211; Af\u00fbk Websjop","isPartOf":{"@id":"https:\/\/websjop.afuk.frl\/nl\/#website"},"primaryImageOfPage":{"@id":"https:\/\/websjop.afuk.frl\/nl\/winkel\/op-it-tsjerkhof-en-oare-brike-ferhalen\/#primaryimage"},"image":{"@id":"https:\/\/websjop.afuk.frl\/nl\/winkel\/op-it-tsjerkhof-en-oare-brike-ferhalen\/#primaryimage"},"thumbnailUrl":"https:\/\/websjop.afuk.frl\/wp-content\/uploads\/2024\/09\/Op-it-tsjerkhof.jpg","datePublished":"2024-09-18T13:07:12+00:00","dateModified":"2025-11-05T12:56:11+00:00","description":"Op it tsjerkh\u00f4f en oare brike ferhalen is een verzameling van korte verhalen. Over gewone, bijzondere mensen. Vaak om te lachen en soms emotioneel.","breadcrumb":{"@id":"https:\/\/websjop.afuk.frl\/nl\/winkel\/op-it-tsjerkhof-en-oare-brike-ferhalen\/#breadcrumb"},"inLanguage":"nl-NL","potentialAction":[{"@type":"ReadAction","target":["https:\/\/websjop.afuk.frl\/nl\/winkel\/op-it-tsjerkhof-en-oare-brike-ferhalen\/"]}]},{"@type":"ImageObject","inLanguage":"nl-NL","@id":"https:\/\/websjop.afuk.frl\/nl\/winkel\/op-it-tsjerkhof-en-oare-brike-ferhalen\/#primaryimage","url":"https:\/\/websjop.afuk.frl\/wp-content\/uploads\/2024\/09\/Op-it-tsjerkhof.jpg","contentUrl":"https:\/\/websjop.afuk.frl\/wp-content\/uploads\/2024\/09\/Op-it-tsjerkhof.jpg","width":300,"height":460},{"@type":"BreadcrumbList","@id":"https:\/\/websjop.afuk.frl\/nl\/winkel\/op-it-tsjerkhof-en-oare-brike-ferhalen\/#breadcrumb","itemListElement":[{"@type":"ListItem","position":1,"name":"Home","item":"https:\/\/websjop.afuk.frl\/nl\/"},{"@type":"ListItem","position":2,"name":"Winkel","item":"https:\/\/websjop.afuk.frl\/nl\/winkel\/"},{"@type":"ListItem","position":3,"name":"Op it tsjerkh\u00f4f en oare brike ferhalen"}]},{"@type":"WebSite","@id":"https:\/\/websjop.afuk.frl\/nl\/#website","url":"https:\/\/websjop.afuk.frl\/nl\/","name":"Af\u00fbk Websjop","description":"","potentialAction":[{"@type":"SearchAction","target":{"@type":"EntryPoint","urlTemplate":"https:\/\/websjop.afuk.frl\/nl\/?s={search_term_string}"},"query-input":{"@type":"PropertyValueSpecification","valueRequired":true,"valueName":"search_term_string"}}],"inLanguage":"nl-NL"}]}},"_links":{"self":[{"href":"https:\/\/websjop.afuk.frl\/nl\/wp-json\/wp\/v2\/product\/44746","targetHints":{"allow":["GET"]}}],"collection":[{"href":"https:\/\/websjop.afuk.frl\/nl\/wp-json\/wp\/v2\/product"}],"about":[{"href":"https:\/\/websjop.afuk.frl\/nl\/wp-json\/wp\/v2\/types\/product"}],"replies":[{"embeddable":true,"href":"https:\/\/websjop.afuk.frl\/nl\/wp-json\/wp\/v2\/comments?post=44746"}],"wp:featuredmedia":[{"embeddable":true,"href":"https:\/\/websjop.afuk.frl\/nl\/wp-json\/wp\/v2\/media\/44748"}],"wp:attachment":[{"href":"https:\/\/websjop.afuk.frl\/nl\/wp-json\/wp\/v2\/media?parent=44746"}],"wp:term":[{"taxonomy":"product_brand","embeddable":true,"href":"https:\/\/websjop.afuk.frl\/nl\/wp-json\/wp\/v2\/product_brand?post=44746"},{"taxonomy":"product_cat","embeddable":true,"href":"https:\/\/websjop.afuk.frl\/nl\/wp-json\/wp\/v2\/product_cat?post=44746"},{"taxonomy":"product_tag","embeddable":true,"href":"https:\/\/websjop.afuk.frl\/nl\/wp-json\/wp\/v2\/product_tag?post=44746"}],"curies":[{"name":"wp","href":"https:\/\/api.w.org\/{rel}","templated":true}]}}