{"id":44601,"date":"2024-11-01T14:46:47","date_gmt":"2024-11-01T13:46:47","guid":{"rendered":"https:\/\/websjop.afuk.frl\/nl\/?post_type=product&#038;p=44601"},"modified":"2025-11-27T11:14:12","modified_gmt":"2025-11-27T10:14:12","slug":"boer-boaris-en-de-sniepop","status":"publish","type":"product","link":"https:\/\/websjop.afuk.frl\/nl\/winkel\/boer-boaris-en-de-sniepop\/","title":{"rendered":"Boer Boaris en de sniepop"},"content":{"rendered":"<p>Het is bijna Kerst en het heeft gesneeuwd. Boer Boaris, Bearend en Sam maken een sneeuwpop. Maar dan gaat het dooien&#8230;<\/p>\n<p><em>Boer Boris<\/em> is een populaire Nederlandse prentenboekenserie van Ted van Lieshout en Philip Hopman. Er zijn al verschillende delen verschenen en meerdere keren in de prijzen gevallen.<\/p>\n<hr \/>\n<p><em>Yvonne: &#8220;De Boer Boaris-searje is net allinnich hiel leuk en grappich, mar ek learsum. Sa kinst telle en nije wurden leare. Mar der is mear! As boer Boaris yn Thialf is, hingje der allegearre flaggen op de achtergr\u00fbn. D\u00earmei kinst ek de \u00e2ldere bern derby bel\u00fbke. Witte sy hokker flagge by hokker l\u00e2n heart? Koartsein: Boer Boaris en de sniepop is wat my oanbelanget it perfekte boek foar yn de winterperioade. Op rym skreaun, mei humor en learsum. De perfekte kombinaasje foar in moai foarl\u00easboek.&#8221; <a href=\"https:\/\/heitenmem.frl\/resinsje-boer-boaris-en-de-sniepop-troch-yvonne\/\" target=\"_blank\" rel=\"noopener\">L\u00eas hjir Yvonne har folsleine resinsje.<\/a><\/em><\/p>\n<p><em>Tryntsje: &#8220;Boaris mei yn syn aventoeren faak mei grut materiaal op \u2019en paad w\u00eaze, Suze is ek gek op alles wat ride of fleane kin. Ditkear rydt Boaris op in grutte kraan en sil er ek noch op reis mei de helikopter. Hoe grutter, hoe m\u00e2ler en hoe mear bisten der mei kinne. Boer Boaris giet graach mei de hiele buorkerij op \u2019en paad, want de bisten hearre der fansels ek by.\u00a0 Efkes gjin sin om foar te l\u00eazen? Gean dan op syk nei it f\u00fbgeltsje en it m\u00fbske, dy binne faak mei humor ferstoppe en te finen op elke bledside. Boer Boaris en de sniepop, grappich en leuk foar jong en \u00e2ld!&#8221; <a href=\"https:\/\/heitenmem.frl\/resinsje-boer-boaris-en-de-sniepop-troch-tryntsje\/\" target=\"_blank\" rel=\"noopener\">L\u00eas hjir de folsleine resinsje fan Tryntsje.<\/a><\/em><\/p>\n<p>&nbsp;<\/p>\n<p>&nbsp;<\/p>\n","protected":false},"excerpt":{"rendered":"<p>Het is bijna Kerst en het heeft gesneeuwd. Boer Boaris, Bearend en Sam maken een sneeuwpop. Maar dan gaat het dooien&#8230; Boer Boris is een populaire Nederlandse prentenboekenserie van Ted van Lieshout en Philip Hopman. Er zijn al verschillende delen verschenen en meerdere keren in de prijzen gevallen. Yvonne: &#8220;De Boer Boaris-searje is net allinnich [&hellip;]<\/p>\n","protected":false},"featured_media":44602,"comment_status":"closed","ping_status":"closed","template":"","meta":{"_acf_changed":false},"product_brand":[],"product_cat":[1213,549,535,1255,21380,22942,22393,22392],"product_tag":[23006,9201,23008,17808,23007,9327],"class_list":{"0":"post-44601","1":"product","2":"type-product","3":"status-publish","4":"has-post-thumbnail","6":"product_cat-berne-en-jeugdboeken","7":"product_cat-berneboeken-0-tot-4-jaar","8":"product_cat-fryske-boeken","9":"product_cat-kado-s-foar-de-feestdagen","10":"product_cat-sinteklaas-kadotips","11":"product_cat-tema-sinteklaas-en-krystfeest","12":"product_cat-tema-winter-foar-jonge-bern","13":"product_cat-tema-feestdagen","14":"product_tag-boer-boaris-en-de-sniepop","15":"product_tag-kerst","16":"product_tag-krysttiid","17":"product_tag-sneeuw","18":"product_tag-teiwaar","19":"product_tag-winter","20":"product_shipping_class-brievenbus-verzending","21":"pa_auteur-ted-van-lieshout","22":"pa_isbn-23005","23":"pa_new-label-1-3","24":"pa_taal-frysk","25":"pa_uitgever-afuk","26":"pa_vertaler-eppie-dam","28":"first","29":"instock","30":"taxable","31":"shipping-taxable","32":"purchasable","33":"product-type-simple"},"acf":[],"yoast_head":"<!-- This site is optimized with the Yoast SEO plugin v27.2 - https:\/\/yoast.com\/product\/yoast-seo-wordpress\/ -->\n<title>Boer Boaris en de sniepop &#8211; Af\u00fbk Websjop<\/title>\n<meta name=\"description\" content=\"In Boer Boaris en de sniepop is het is bijna Kerst en het heeft gesneeuwd. Boer Boaris, Bearend en Sam maken een sneeuwpop. Maar dan gaat het dooien...\" \/>\n<meta name=\"robots\" content=\"index, follow, max-snippet:-1, max-image-preview:large, max-video-preview:-1\" \/>\n<link rel=\"canonical\" href=\"https:\/\/websjop.afuk.frl\/nl\/winkel\/boer-boaris-en-de-sniepop\/\" \/>\n<meta property=\"og:locale\" content=\"nl_NL\" \/>\n<meta property=\"og:type\" content=\"article\" \/>\n<meta property=\"og:title\" content=\"Boer Boaris en de sniepop &#8211; Af\u00fbk Websjop\" \/>\n<meta property=\"og:description\" content=\"In Boer Boaris en de sniepop is het is bijna Kerst en het heeft gesneeuwd. Boer Boaris, Bearend en Sam maken een sneeuwpop. Maar dan gaat het dooien...\" \/>\n<meta property=\"og:url\" content=\"https:\/\/websjop.afuk.frl\/nl\/winkel\/boer-boaris-en-de-sniepop\/\" \/>\n<meta property=\"og:site_name\" content=\"Af\u00fbk Websjop\" \/>\n<meta property=\"article:modified_time\" content=\"2025-11-27T10:14:12+00:00\" \/>\n<meta property=\"og:image\" content=\"https:\/\/websjop.afuk.frl\/wp-content\/uploads\/2024\/09\/Boar-Boaris-en-de-sniepop-HR-scaled.jpg\" \/>\n\t<meta property=\"og:image:width\" content=\"2519\" \/>\n\t<meta property=\"og:image:height\" content=\"2560\" \/>\n\t<meta property=\"og:image:type\" content=\"image\/jpeg\" \/>\n<meta name=\"twitter:card\" content=\"summary_large_image\" \/>\n<meta name=\"twitter:label1\" content=\"Geschatte leestijd\" \/>\n\t<meta name=\"twitter:data1\" content=\"1 minuut\" \/>\n<script type=\"application\/ld+json\" class=\"yoast-schema-graph\">{\"@context\":\"https:\/\/schema.org\",\"@graph\":[{\"@type\":\"WebPage\",\"@id\":\"https:\/\/websjop.afuk.frl\/nl\/winkel\/boer-boaris-en-de-sniepop\/\",\"url\":\"https:\/\/websjop.afuk.frl\/nl\/winkel\/boer-boaris-en-de-sniepop\/\",\"name\":\"Boer Boaris en de sniepop &#8211; Af\u00fbk Websjop\",\"isPartOf\":{\"@id\":\"https:\/\/websjop.afuk.frl\/nl\/#website\"},\"primaryImageOfPage\":{\"@id\":\"https:\/\/websjop.afuk.frl\/nl\/winkel\/boer-boaris-en-de-sniepop\/#primaryimage\"},\"image\":{\"@id\":\"https:\/\/websjop.afuk.frl\/nl\/winkel\/boer-boaris-en-de-sniepop\/#primaryimage\"},\"thumbnailUrl\":\"https:\/\/websjop.afuk.frl\/wp-content\/uploads\/2024\/09\/Boar-Boaris-en-de-sniepop-HR-scaled.jpg\",\"datePublished\":\"2024-11-01T13:46:47+00:00\",\"dateModified\":\"2025-11-27T10:14:12+00:00\",\"description\":\"In Boer Boaris en de sniepop is het is bijna Kerst en het heeft gesneeuwd. Boer Boaris, Bearend en Sam maken een sneeuwpop. Maar dan gaat het dooien...\",\"breadcrumb\":{\"@id\":\"https:\/\/websjop.afuk.frl\/nl\/winkel\/boer-boaris-en-de-sniepop\/#breadcrumb\"},\"inLanguage\":\"nl-NL\",\"potentialAction\":[{\"@type\":\"ReadAction\",\"target\":[\"https:\/\/websjop.afuk.frl\/nl\/winkel\/boer-boaris-en-de-sniepop\/\"]}]},{\"@type\":\"ImageObject\",\"inLanguage\":\"nl-NL\",\"@id\":\"https:\/\/websjop.afuk.frl\/nl\/winkel\/boer-boaris-en-de-sniepop\/#primaryimage\",\"url\":\"https:\/\/websjop.afuk.frl\/wp-content\/uploads\/2024\/09\/Boar-Boaris-en-de-sniepop-HR-scaled.jpg\",\"contentUrl\":\"https:\/\/websjop.afuk.frl\/wp-content\/uploads\/2024\/09\/Boar-Boaris-en-de-sniepop-HR-scaled.jpg\",\"width\":2519,\"height\":2560},{\"@type\":\"BreadcrumbList\",\"@id\":\"https:\/\/websjop.afuk.frl\/nl\/winkel\/boer-boaris-en-de-sniepop\/#breadcrumb\",\"itemListElement\":[{\"@type\":\"ListItem\",\"position\":1,\"name\":\"Home\",\"item\":\"https:\/\/websjop.afuk.frl\/nl\/\"},{\"@type\":\"ListItem\",\"position\":2,\"name\":\"Winkel\",\"item\":\"https:\/\/websjop.afuk.frl\/nl\/winkel\/\"},{\"@type\":\"ListItem\",\"position\":3,\"name\":\"Boer Boaris en de sniepop\"}]},{\"@type\":\"WebSite\",\"@id\":\"https:\/\/websjop.afuk.frl\/nl\/#website\",\"url\":\"https:\/\/websjop.afuk.frl\/nl\/\",\"name\":\"Af\u00fbk Websjop\",\"description\":\"\",\"potentialAction\":[{\"@type\":\"SearchAction\",\"target\":{\"@type\":\"EntryPoint\",\"urlTemplate\":\"https:\/\/websjop.afuk.frl\/nl\/?s={search_term_string}\"},\"query-input\":{\"@type\":\"PropertyValueSpecification\",\"valueRequired\":true,\"valueName\":\"search_term_string\"}}],\"inLanguage\":\"nl-NL\"}]}<\/script>\n<!-- \/ Yoast SEO plugin. -->","yoast_head_json":{"title":"Boer Boaris en de sniepop &#8211; Af\u00fbk Websjop","description":"In Boer Boaris en de sniepop is het is bijna Kerst en het heeft gesneeuwd. Boer Boaris, Bearend en Sam maken een sneeuwpop. Maar dan gaat het dooien...","robots":{"index":"index","follow":"follow","max-snippet":"max-snippet:-1","max-image-preview":"max-image-preview:large","max-video-preview":"max-video-preview:-1"},"canonical":"https:\/\/websjop.afuk.frl\/nl\/winkel\/boer-boaris-en-de-sniepop\/","og_locale":"nl_NL","og_type":"article","og_title":"Boer Boaris en de sniepop &#8211; Af\u00fbk Websjop","og_description":"In Boer Boaris en de sniepop is het is bijna Kerst en het heeft gesneeuwd. Boer Boaris, Bearend en Sam maken een sneeuwpop. Maar dan gaat het dooien...","og_url":"https:\/\/websjop.afuk.frl\/nl\/winkel\/boer-boaris-en-de-sniepop\/","og_site_name":"Af\u00fbk Websjop","article_modified_time":"2025-11-27T10:14:12+00:00","og_image":[{"width":2519,"height":2560,"url":"https:\/\/websjop.afuk.frl\/wp-content\/uploads\/2024\/09\/Boar-Boaris-en-de-sniepop-HR-scaled.jpg","type":"image\/jpeg"}],"twitter_card":"summary_large_image","twitter_misc":{"Geschatte leestijd":"1 minuut"},"schema":{"@context":"https:\/\/schema.org","@graph":[{"@type":"WebPage","@id":"https:\/\/websjop.afuk.frl\/nl\/winkel\/boer-boaris-en-de-sniepop\/","url":"https:\/\/websjop.afuk.frl\/nl\/winkel\/boer-boaris-en-de-sniepop\/","name":"Boer Boaris en de sniepop &#8211; Af\u00fbk Websjop","isPartOf":{"@id":"https:\/\/websjop.afuk.frl\/nl\/#website"},"primaryImageOfPage":{"@id":"https:\/\/websjop.afuk.frl\/nl\/winkel\/boer-boaris-en-de-sniepop\/#primaryimage"},"image":{"@id":"https:\/\/websjop.afuk.frl\/nl\/winkel\/boer-boaris-en-de-sniepop\/#primaryimage"},"thumbnailUrl":"https:\/\/websjop.afuk.frl\/wp-content\/uploads\/2024\/09\/Boar-Boaris-en-de-sniepop-HR-scaled.jpg","datePublished":"2024-11-01T13:46:47+00:00","dateModified":"2025-11-27T10:14:12+00:00","description":"In Boer Boaris en de sniepop is het is bijna Kerst en het heeft gesneeuwd. Boer Boaris, Bearend en Sam maken een sneeuwpop. Maar dan gaat het dooien...","breadcrumb":{"@id":"https:\/\/websjop.afuk.frl\/nl\/winkel\/boer-boaris-en-de-sniepop\/#breadcrumb"},"inLanguage":"nl-NL","potentialAction":[{"@type":"ReadAction","target":["https:\/\/websjop.afuk.frl\/nl\/winkel\/boer-boaris-en-de-sniepop\/"]}]},{"@type":"ImageObject","inLanguage":"nl-NL","@id":"https:\/\/websjop.afuk.frl\/nl\/winkel\/boer-boaris-en-de-sniepop\/#primaryimage","url":"https:\/\/websjop.afuk.frl\/wp-content\/uploads\/2024\/09\/Boar-Boaris-en-de-sniepop-HR-scaled.jpg","contentUrl":"https:\/\/websjop.afuk.frl\/wp-content\/uploads\/2024\/09\/Boar-Boaris-en-de-sniepop-HR-scaled.jpg","width":2519,"height":2560},{"@type":"BreadcrumbList","@id":"https:\/\/websjop.afuk.frl\/nl\/winkel\/boer-boaris-en-de-sniepop\/#breadcrumb","itemListElement":[{"@type":"ListItem","position":1,"name":"Home","item":"https:\/\/websjop.afuk.frl\/nl\/"},{"@type":"ListItem","position":2,"name":"Winkel","item":"https:\/\/websjop.afuk.frl\/nl\/winkel\/"},{"@type":"ListItem","position":3,"name":"Boer Boaris en de sniepop"}]},{"@type":"WebSite","@id":"https:\/\/websjop.afuk.frl\/nl\/#website","url":"https:\/\/websjop.afuk.frl\/nl\/","name":"Af\u00fbk Websjop","description":"","potentialAction":[{"@type":"SearchAction","target":{"@type":"EntryPoint","urlTemplate":"https:\/\/websjop.afuk.frl\/nl\/?s={search_term_string}"},"query-input":{"@type":"PropertyValueSpecification","valueRequired":true,"valueName":"search_term_string"}}],"inLanguage":"nl-NL"}]}},"_links":{"self":[{"href":"https:\/\/websjop.afuk.frl\/nl\/wp-json\/wp\/v2\/product\/44601","targetHints":{"allow":["GET"]}}],"collection":[{"href":"https:\/\/websjop.afuk.frl\/nl\/wp-json\/wp\/v2\/product"}],"about":[{"href":"https:\/\/websjop.afuk.frl\/nl\/wp-json\/wp\/v2\/types\/product"}],"replies":[{"embeddable":true,"href":"https:\/\/websjop.afuk.frl\/nl\/wp-json\/wp\/v2\/comments?post=44601"}],"wp:featuredmedia":[{"embeddable":true,"href":"https:\/\/websjop.afuk.frl\/nl\/wp-json\/wp\/v2\/media\/44602"}],"wp:attachment":[{"href":"https:\/\/websjop.afuk.frl\/nl\/wp-json\/wp\/v2\/media?parent=44601"}],"wp:term":[{"taxonomy":"product_brand","embeddable":true,"href":"https:\/\/websjop.afuk.frl\/nl\/wp-json\/wp\/v2\/product_brand?post=44601"},{"taxonomy":"product_cat","embeddable":true,"href":"https:\/\/websjop.afuk.frl\/nl\/wp-json\/wp\/v2\/product_cat?post=44601"},{"taxonomy":"product_tag","embeddable":true,"href":"https:\/\/websjop.afuk.frl\/nl\/wp-json\/wp\/v2\/product_tag?post=44601"}],"curies":[{"name":"wp","href":"https:\/\/api.w.org\/{rel}","templated":true}]}}