{"id":44593,"date":"2025-08-20T13:08:29","date_gmt":"2025-08-20T11:08:29","guid":{"rendered":"https:\/\/websjop.afuk.frl\/nl\/?post_type=product&#038;p=44593"},"modified":"2026-01-26T16:15:20","modified_gmt":"2026-01-26T15:15:20","slug":"joazefine-yn-e-rein","status":"publish","type":"product","link":"https:\/\/websjop.afuk.frl\/nl\/winkel\/joazefine-yn-e-rein\/","title":{"rendered":"Joazefine yn \u00b4e rein"},"content":{"rendered":"<p>Dat het juist vandaag zulk slecht weer moet zijn&#8230; O nee, dat kan toch niet? Joazefine had net zo&#8217;n zin in de speurtocht. Maar nu spoelt het en zij en haar vrienden zitten zich binnen te vervelen. Of toch niet? Niet met Joazefine! Die krijgt een geweldig idee en zo begint een spannende speurtocht door het huis. En buiten is ook niet zo erg, door de plassen stampen is leuk!<\/p>\n<p>Kletsnat staan ze bij de postbode voor de deur. Maar of hij de hele natte beestenbende binnen laat?<\/p>\n<hr \/>\n<p><em>Anke: &#8220;Op de tekeningen is safolle te sjen en se sitte fol humor. Benammen by de hinnen mei harren pykjes binne Sybrich en Meinte slop fan \u2019t laitsjen. Dy hinnen fine meielkoar fan alles \u00fat!&#8221; <a href=\"https:\/\/heitenmem.frl\/resinsje-joazefine-yn-e-rein-troch-anke\/\" target=\"_blank\" rel=\"noopener\">L\u00eas hjir de folsleine resinsje.<\/a><\/em><\/p>\n<p><em>Tiny: &#8220;It boek wie fuortendaliks in grut sukses by de beukers, w\u00earfan\u2019t guon bern al bekend wiene mei de ferhalen fan Joazefine. De yllustraasjes binne prachtich en sitte fol grappige details, w\u00eartroch\u2019t wy alle kearen wer wat nijs \u00fbntdutsen hawwe \u2013 lykas hinnen dy\u2019t mei-inoar in spultsje dogge. Hoe faak as wy it boek ek iepensloegen, der wie altyd wer wat oars te sjen. Wy makken der in spultsje fan om te sjen wa\u2019t der wat bys\u00fbnders fine koe. D\u00earneist liene de moaie printen har perfekt foar it oefenjen fan feardichheden lykas tellen en it \u00fatwreidzjen fan de wurdskat fan de bern.&#8221; <a href=\"https:\/\/heitenmem.frl\/resinsje-joazefine-yn-e-rein-troch-tiny\/\" target=\"_blank\" rel=\"noopener\">L\u00eas hjir de folsleine resinsje.<\/a><\/em><\/p>\n","protected":false},"excerpt":{"rendered":"<p>Dat het juist vandaag zulk slecht weer moet zijn&#8230; O nee, dat kan toch niet? Joazefine had net zo&#8217;n zin in de speurtocht. Maar nu spoelt het en zij en haar vrienden zitten zich binnen te vervelen. Of toch niet? Niet met Joazefine! Die krijgt een geweldig idee en zo begint een spannende speurtocht door [&hellip;]<\/p>\n","protected":false},"featured_media":44594,"comment_status":"closed","ping_status":"closed","template":"","meta":{"_acf_changed":false},"product_brand":[],"product_cat":[1213,549,535,16955,21150,23627,9448,23024,22888,22355,24178],"product_tag":[20999,22999,22997,5451,22998],"class_list":{"0":"post-44593","1":"product","2":"type-product","3":"status-publish","4":"has-post-thumbnail","6":"product_cat-berne-en-jeugdboeken","7":"product_cat-berneboeken-0-tot-4-jaar","8":"product_cat-fryske-boeken","9":"product_cat-herfst","10":"product_cat-kinderboekenweek","11":"product_cat-op-aventoer","12":"product_cat-printeboeken-top-10","13":"product_cat-tema-buorkerij-en-bisten","14":"product_cat-tema-ferstopperke","15":"product_cat-hjerst","16":"product_cat-tema-wetter","17":"product_tag-alexander-steffensmeier","18":"product_tag-boartsje-yn-e-rein","19":"product_tag-joazefine-yn-e-rein","20":"product_tag-printeboek","21":"product_tag-speurtocht","22":"product_shipping_class-brievenbus-verzending","23":"pa_auteur-alexander-steffensmeier-2","24":"pa_isbn-978-94-93318-44-1","25":"pa_new-label-1-3","26":"pa_taal-frysk","27":"pa_uitgever-afuk","28":"pa_vertaler-hermien-van-der-meer","30":"first","31":"instock","32":"taxable","33":"shipping-taxable","34":"purchasable","35":"product-type-simple"},"acf":[],"yoast_head":"<!-- This site is optimized with the Yoast SEO plugin v27.2 - https:\/\/yoast.com\/product\/yoast-seo-wordpress\/ -->\n<title>Joazefine yn \u00b4e rein &#8211; Af\u00fbk Websjop<\/title>\n<meta name=\"description\" content=\"Dat het juist vandaag zulk slecht weer moet zijn... O nee, dat kan toch niet? Joazefine had net zo&#039;n zin in de speurtocht: Joazefine yn &#039;e rein.\" \/>\n<meta name=\"robots\" content=\"index, follow, max-snippet:-1, max-image-preview:large, max-video-preview:-1\" \/>\n<link rel=\"canonical\" href=\"https:\/\/websjop.afuk.frl\/nl\/winkel\/joazefine-yn-e-rein\/\" \/>\n<meta property=\"og:locale\" content=\"nl_NL\" \/>\n<meta property=\"og:type\" content=\"article\" \/>\n<meta property=\"og:title\" content=\"Joazefine yn \u00b4e rein &#8211; Af\u00fbk Websjop\" \/>\n<meta property=\"og:description\" content=\"Dat het juist vandaag zulk slecht weer moet zijn... O nee, dat kan toch niet? Joazefine had net zo&#039;n zin in de speurtocht: Joazefine yn &#039;e rein.\" \/>\n<meta property=\"og:url\" content=\"https:\/\/websjop.afuk.frl\/nl\/winkel\/joazefine-yn-e-rein\/\" \/>\n<meta property=\"og:site_name\" content=\"Af\u00fbk Websjop\" \/>\n<meta property=\"article:modified_time\" content=\"2026-01-26T15:15:20+00:00\" \/>\n<meta property=\"og:image\" content=\"https:\/\/websjop.afuk.frl\/wp-content\/uploads\/2024\/09\/Joazefine-yn-e-rein-HR-scaled.jpg\" \/>\n\t<meta property=\"og:image:width\" content=\"2037\" \/>\n\t<meta property=\"og:image:height\" content=\"2560\" \/>\n\t<meta property=\"og:image:type\" content=\"image\/jpeg\" \/>\n<meta name=\"twitter:card\" content=\"summary_large_image\" \/>\n<meta name=\"twitter:label1\" content=\"Geschatte leestijd\" \/>\n\t<meta name=\"twitter:data1\" content=\"3 minuten\" \/>\n<script type=\"application\/ld+json\" class=\"yoast-schema-graph\">{\"@context\":\"https:\/\/schema.org\",\"@graph\":[{\"@type\":\"WebPage\",\"@id\":\"https:\/\/websjop.afuk.frl\/nl\/winkel\/joazefine-yn-e-rein\/\",\"url\":\"https:\/\/websjop.afuk.frl\/nl\/winkel\/joazefine-yn-e-rein\/\",\"name\":\"Joazefine yn \u00b4e rein &#8211; Af\u00fbk Websjop\",\"isPartOf\":{\"@id\":\"https:\/\/websjop.afuk.frl\/nl\/#website\"},\"primaryImageOfPage\":{\"@id\":\"https:\/\/websjop.afuk.frl\/nl\/winkel\/joazefine-yn-e-rein\/#primaryimage\"},\"image\":{\"@id\":\"https:\/\/websjop.afuk.frl\/nl\/winkel\/joazefine-yn-e-rein\/#primaryimage\"},\"thumbnailUrl\":\"https:\/\/websjop.afuk.frl\/wp-content\/uploads\/2024\/09\/Joazefine-yn-e-rein-HR-scaled.jpg\",\"datePublished\":\"2025-08-20T11:08:29+00:00\",\"dateModified\":\"2026-01-26T15:15:20+00:00\",\"description\":\"Dat het juist vandaag zulk slecht weer moet zijn... O nee, dat kan toch niet? Joazefine had net zo'n zin in de speurtocht: Joazefine yn 'e rein.\",\"breadcrumb\":{\"@id\":\"https:\/\/websjop.afuk.frl\/nl\/winkel\/joazefine-yn-e-rein\/#breadcrumb\"},\"inLanguage\":\"nl-NL\",\"potentialAction\":[{\"@type\":\"ReadAction\",\"target\":[\"https:\/\/websjop.afuk.frl\/nl\/winkel\/joazefine-yn-e-rein\/\"]}]},{\"@type\":\"ImageObject\",\"inLanguage\":\"nl-NL\",\"@id\":\"https:\/\/websjop.afuk.frl\/nl\/winkel\/joazefine-yn-e-rein\/#primaryimage\",\"url\":\"https:\/\/websjop.afuk.frl\/wp-content\/uploads\/2024\/09\/Joazefine-yn-e-rein-HR-scaled.jpg\",\"contentUrl\":\"https:\/\/websjop.afuk.frl\/wp-content\/uploads\/2024\/09\/Joazefine-yn-e-rein-HR-scaled.jpg\",\"width\":2037,\"height\":2560},{\"@type\":\"BreadcrumbList\",\"@id\":\"https:\/\/websjop.afuk.frl\/nl\/winkel\/joazefine-yn-e-rein\/#breadcrumb\",\"itemListElement\":[{\"@type\":\"ListItem\",\"position\":1,\"name\":\"Home\",\"item\":\"https:\/\/websjop.afuk.frl\/nl\/\"},{\"@type\":\"ListItem\",\"position\":2,\"name\":\"Winkel\",\"item\":\"https:\/\/websjop.afuk.frl\/nl\/winkel\/\"},{\"@type\":\"ListItem\",\"position\":3,\"name\":\"Joazefine yn \u00b4e rein\"}]},{\"@type\":\"WebSite\",\"@id\":\"https:\/\/websjop.afuk.frl\/nl\/#website\",\"url\":\"https:\/\/websjop.afuk.frl\/nl\/\",\"name\":\"Af\u00fbk Websjop\",\"description\":\"\",\"potentialAction\":[{\"@type\":\"SearchAction\",\"target\":{\"@type\":\"EntryPoint\",\"urlTemplate\":\"https:\/\/websjop.afuk.frl\/nl\/?s={search_term_string}\"},\"query-input\":{\"@type\":\"PropertyValueSpecification\",\"valueRequired\":true,\"valueName\":\"search_term_string\"}}],\"inLanguage\":\"nl-NL\"}]}<\/script>\n<!-- \/ Yoast SEO plugin. -->","yoast_head_json":{"title":"Joazefine yn \u00b4e rein &#8211; Af\u00fbk Websjop","description":"Dat het juist vandaag zulk slecht weer moet zijn... O nee, dat kan toch niet? Joazefine had net zo'n zin in de speurtocht: Joazefine yn 'e rein.","robots":{"index":"index","follow":"follow","max-snippet":"max-snippet:-1","max-image-preview":"max-image-preview:large","max-video-preview":"max-video-preview:-1"},"canonical":"https:\/\/websjop.afuk.frl\/nl\/winkel\/joazefine-yn-e-rein\/","og_locale":"nl_NL","og_type":"article","og_title":"Joazefine yn \u00b4e rein &#8211; Af\u00fbk Websjop","og_description":"Dat het juist vandaag zulk slecht weer moet zijn... O nee, dat kan toch niet? Joazefine had net zo'n zin in de speurtocht: Joazefine yn 'e rein.","og_url":"https:\/\/websjop.afuk.frl\/nl\/winkel\/joazefine-yn-e-rein\/","og_site_name":"Af\u00fbk Websjop","article_modified_time":"2026-01-26T15:15:20+00:00","og_image":[{"width":2037,"height":2560,"url":"https:\/\/websjop.afuk.frl\/wp-content\/uploads\/2024\/09\/Joazefine-yn-e-rein-HR-scaled.jpg","type":"image\/jpeg"}],"twitter_card":"summary_large_image","twitter_misc":{"Geschatte leestijd":"3 minuten"},"schema":{"@context":"https:\/\/schema.org","@graph":[{"@type":"WebPage","@id":"https:\/\/websjop.afuk.frl\/nl\/winkel\/joazefine-yn-e-rein\/","url":"https:\/\/websjop.afuk.frl\/nl\/winkel\/joazefine-yn-e-rein\/","name":"Joazefine yn \u00b4e rein &#8211; Af\u00fbk Websjop","isPartOf":{"@id":"https:\/\/websjop.afuk.frl\/nl\/#website"},"primaryImageOfPage":{"@id":"https:\/\/websjop.afuk.frl\/nl\/winkel\/joazefine-yn-e-rein\/#primaryimage"},"image":{"@id":"https:\/\/websjop.afuk.frl\/nl\/winkel\/joazefine-yn-e-rein\/#primaryimage"},"thumbnailUrl":"https:\/\/websjop.afuk.frl\/wp-content\/uploads\/2024\/09\/Joazefine-yn-e-rein-HR-scaled.jpg","datePublished":"2025-08-20T11:08:29+00:00","dateModified":"2026-01-26T15:15:20+00:00","description":"Dat het juist vandaag zulk slecht weer moet zijn... O nee, dat kan toch niet? Joazefine had net zo'n zin in de speurtocht: Joazefine yn 'e rein.","breadcrumb":{"@id":"https:\/\/websjop.afuk.frl\/nl\/winkel\/joazefine-yn-e-rein\/#breadcrumb"},"inLanguage":"nl-NL","potentialAction":[{"@type":"ReadAction","target":["https:\/\/websjop.afuk.frl\/nl\/winkel\/joazefine-yn-e-rein\/"]}]},{"@type":"ImageObject","inLanguage":"nl-NL","@id":"https:\/\/websjop.afuk.frl\/nl\/winkel\/joazefine-yn-e-rein\/#primaryimage","url":"https:\/\/websjop.afuk.frl\/wp-content\/uploads\/2024\/09\/Joazefine-yn-e-rein-HR-scaled.jpg","contentUrl":"https:\/\/websjop.afuk.frl\/wp-content\/uploads\/2024\/09\/Joazefine-yn-e-rein-HR-scaled.jpg","width":2037,"height":2560},{"@type":"BreadcrumbList","@id":"https:\/\/websjop.afuk.frl\/nl\/winkel\/joazefine-yn-e-rein\/#breadcrumb","itemListElement":[{"@type":"ListItem","position":1,"name":"Home","item":"https:\/\/websjop.afuk.frl\/nl\/"},{"@type":"ListItem","position":2,"name":"Winkel","item":"https:\/\/websjop.afuk.frl\/nl\/winkel\/"},{"@type":"ListItem","position":3,"name":"Joazefine yn \u00b4e rein"}]},{"@type":"WebSite","@id":"https:\/\/websjop.afuk.frl\/nl\/#website","url":"https:\/\/websjop.afuk.frl\/nl\/","name":"Af\u00fbk Websjop","description":"","potentialAction":[{"@type":"SearchAction","target":{"@type":"EntryPoint","urlTemplate":"https:\/\/websjop.afuk.frl\/nl\/?s={search_term_string}"},"query-input":{"@type":"PropertyValueSpecification","valueRequired":true,"valueName":"search_term_string"}}],"inLanguage":"nl-NL"}]}},"_links":{"self":[{"href":"https:\/\/websjop.afuk.frl\/nl\/wp-json\/wp\/v2\/product\/44593","targetHints":{"allow":["GET"]}}],"collection":[{"href":"https:\/\/websjop.afuk.frl\/nl\/wp-json\/wp\/v2\/product"}],"about":[{"href":"https:\/\/websjop.afuk.frl\/nl\/wp-json\/wp\/v2\/types\/product"}],"replies":[{"embeddable":true,"href":"https:\/\/websjop.afuk.frl\/nl\/wp-json\/wp\/v2\/comments?post=44593"}],"wp:featuredmedia":[{"embeddable":true,"href":"https:\/\/websjop.afuk.frl\/nl\/wp-json\/wp\/v2\/media\/44594"}],"wp:attachment":[{"href":"https:\/\/websjop.afuk.frl\/nl\/wp-json\/wp\/v2\/media?parent=44593"}],"wp:term":[{"taxonomy":"product_brand","embeddable":true,"href":"https:\/\/websjop.afuk.frl\/nl\/wp-json\/wp\/v2\/product_brand?post=44593"},{"taxonomy":"product_cat","embeddable":true,"href":"https:\/\/websjop.afuk.frl\/nl\/wp-json\/wp\/v2\/product_cat?post=44593"},{"taxonomy":"product_tag","embeddable":true,"href":"https:\/\/websjop.afuk.frl\/nl\/wp-json\/wp\/v2\/product_tag?post=44593"}],"curies":[{"name":"wp","href":"https:\/\/api.w.org\/{rel}","templated":true}]}}