{"id":44430,"date":"2024-08-22T09:08:30","date_gmt":"2024-08-22T08:08:30","guid":{"rendered":"https:\/\/websjop.afuk.frl\/nl\/?post_type=product&#038;p=44430"},"modified":"2026-01-29T15:09:08","modified_gmt":"2026-01-29T14:09:08","slug":"de-rof-fan-de-fryske-mummy","status":"publish","type":"product","link":"https:\/\/websjop.afuk.frl\/nl\/winkel\/de-rof-fan-de-fryske-mummy\/","title":{"rendered":"De r\u00f4f fan de Fryske mummy"},"content":{"rendered":"<p><em>\u201cTwee tellen later zat ik verstopt achter de houten planken van de preekstoel. De trap van de mummiekelder kraakte. Mevrouw Grijs liep de treden op. Had ze me gehoord? Haar hakken tikten<\/em><em>op de stenen van de kerkvloer. Elk moment verwachtte ik haar gezicht met die gemene lach te zien verschijnen.\u201d<\/em><\/p>\n<p>De twaalfjarige Anna mag niet met haar ouders mee naar Singapore. Nu moet ze op vakantie met haar vreselijke tante Keet. En dan ook nog eens naar de kleinste en saaiste camping van Friesland. Gelukkig ontmoet ze Wietze. Hij neemt haar mee naar de mysterieuze kerk in het dorpje Wiuwert. Een kerk met een groot geheim. Want mensen die daar worden begraven, veranderen in mummies!<\/p>\n<p>Maar als ze de kerk bezoeken, ziet Anna een vrouw iets verdachts doen. Wil die \u00e9\u00e9n van de mummies roven om achter het geheim te komen? Of slaat Anna\u2019s fantasie op hol? Voordat ze het weet, komt Anna terecht in een spannend avontuur en is ze misschien wel de enige die de mummie kan redden.<\/p>\n<p><em>De r\u00f4f fan de Fryske mummy<\/em> is gebaseerd op het \u00e9chte geheim van de mummies van Wiuwert. Een mysterie dat al honderden jaren niemand weet op te lossen.<\/p>\n<p>Dit boek is ook <a href=\"https:\/\/websjop.afuk.frl\/frl\/winkel\/de-friese-mummieroof\/\">in het Nederlands<\/a> verkrijgbaar.<\/p>\n<p><a href=\"https:\/\/youtu.be\/rUFI2wi8Gfw?si=0Hbeke6aECGKsQ6H\" target=\"_blank\" rel=\"noopener\">BEKIJK HIER DE BOEKTRAILER<\/a><\/p>\n<hr \/>\n<p><em>Lara: &#8220;Toby en Lily vonden het beide ook erg leuk om te kijken of ze de kat op de illustraties konden vinden. Op het laatst konden ze het niet meer wegleggen, omdat ze n\u00fa moesten weten hoe het af zou lopen. Toby was in het begin bang dat het misschien te kinderachtig zou zijn, maar wil het nu graag nog een keer helemaal zelf lezen. Al met al echt een aanrader, ook voor de beginnende Fries-lezer. Petje af voor het verhaal, de illustraties en zeker ook voor de vertaling! Het boek nodigt daarnaast heel erg uit om de mummies zelf te bezoeken!&#8221; <a href=\"https:\/\/heitenmem.frl\/recensie-de-rof-fan-de-fryske-mummy-door-lara\/\" target=\"_blank\" rel=\"noopener\">L\u00eas hjir de folsleine resinsje fan Lara.<\/a><\/em><\/p>\n<p><em>Marrit: &#8220;Spanning ten top, it boek is goed (foar) te l\u00eazen. Fijne, net al te lange haadstikken, sadatst \u2013 ast dat doarst fansels \u2013 foar it sliepen gean noch ien (foar-)l\u00eaze kinst. Us middelste fan 9 fynt sels Frysk l\u00eaze noch wol wat lestich, mar l\u00fasterje nei mem dy\u2019t har foarl\u00east wylst sy lekker \u00fbnder it waarme dekb\u00ead kr\u00fbpt bist, dat slagget wol. Koartsein: dwaan, yn dyn winkelwein stopje! In machtich moai superspannend (foar)l\u00easboek!&#8221; <a href=\"https:\/\/heitenmem.frl\/resinsje-de-rof-fan-de-fryske-mummy-troch-marrit\/\" target=\"_blank\" rel=\"noopener\">L\u00eas hjir de folsleine resinsje fan Marrit.<\/a><\/em><\/p>\n<p>&nbsp;<\/p>\n","protected":false},"excerpt":{"rendered":"<p>\u201cTwee tellen later zat ik verstopt achter de houten planken van de preekstoel. De trap van de mummiekelder kraakte. Mevrouw Grijs liep de treden op. Had ze me gehoord? Haar hakken tiktenop de stenen van de kerkvloer. Elk moment verwachtte ik haar gezicht met die gemene lach te zien verschijnen.\u201d De twaalfjarige Anna mag niet [&hellip;]<\/p>\n","protected":false},"featured_media":44431,"comment_status":"closed","ping_status":"closed","template":"","meta":{"_acf_changed":false},"product_brand":[],"product_cat":[1213,551,9763,535,23627,23212],"product_tag":[17396,22950,22951,22956,22979,17796,22953,22952],"class_list":{"0":"post-44430","1":"product","2":"type-product","3":"status-publish","4":"has-post-thumbnail","6":"product_cat-berne-en-jeugdboeken","7":"product_cat-berneboeken-8-12","8":"product_cat-de-moaiste-jeugdboeken","9":"product_cat-fryske-boeken","10":"product_cat-op-aventoer","11":"product_cat-tema-10-oant-12-jier","12":"product_tag-avontoer","13":"product_tag-de-rof-fan-de-fryske-mummy","14":"product_tag-jorrit-de-klerk","15":"product_tag-mummie","16":"product_tag-mummys","17":"product_tag-spanning","18":"product_tag-wieuwerd","19":"product_tag-wiuwert","20":"product_shipping_class-brievenbus-verzending","21":"pa_auteur-jorrit-de-klerk","22":"pa_isbn-24626","23":"pa_new-label-1-3","24":"pa_taal-frysk","25":"pa_uitgever-afuk","26":"pa_vertaler-martsje-de-jong","28":"first","29":"instock","30":"taxable","31":"shipping-taxable","32":"purchasable","33":"product-type-simple"},"acf":[],"yoast_head":"<!-- This site is optimized with the Yoast SEO plugin v27.3 - https:\/\/yoast.com\/product\/yoast-seo-wordpress\/ -->\n<title>De r\u00f4f fan de Fryske mummy &#8211; Af\u00fbk Websjop<\/title>\n<meta name=\"description\" content=\"De r\u00f4f fan de Fryske mummy is gebaseerd op het \u00e9chte geheim van de mummies van Wiuwert. Een mysterie dat al honderden jaren niemand weet op te lossen.\" \/>\n<meta name=\"robots\" content=\"index, follow, max-snippet:-1, max-image-preview:large, max-video-preview:-1\" \/>\n<link rel=\"canonical\" href=\"https:\/\/websjop.afuk.frl\/nl\/winkel\/de-rof-fan-de-fryske-mummy\/\" \/>\n<meta property=\"og:locale\" content=\"nl_NL\" \/>\n<meta property=\"og:type\" content=\"article\" \/>\n<meta property=\"og:title\" content=\"De r\u00f4f fan de Fryske mummy &#8211; Af\u00fbk Websjop\" \/>\n<meta property=\"og:description\" content=\"De r\u00f4f fan de Fryske mummy is gebaseerd op het \u00e9chte geheim van de mummies van Wiuwert. Een mysterie dat al honderden jaren niemand weet op te lossen.\" \/>\n<meta property=\"og:url\" content=\"https:\/\/websjop.afuk.frl\/nl\/winkel\/de-rof-fan-de-fryske-mummy\/\" \/>\n<meta property=\"og:site_name\" content=\"Af\u00fbk Websjop\" \/>\n<meta property=\"article:modified_time\" content=\"2026-01-29T14:09:08+00:00\" \/>\n<meta property=\"og:image\" content=\"https:\/\/websjop.afuk.frl\/wp-content\/uploads\/2024\/08\/De-rof-fan-de-Fryske-mummy-LR.jpg\" \/>\n\t<meta property=\"og:image:width\" content=\"1200\" \/>\n\t<meta property=\"og:image:height\" content=\"1827\" \/>\n\t<meta property=\"og:image:type\" content=\"image\/jpeg\" \/>\n<meta name=\"twitter:card\" content=\"summary_large_image\" \/>\n<meta name=\"twitter:label1\" content=\"Geschatte leestijd\" \/>\n\t<meta name=\"twitter:data1\" content=\"5 minuten\" \/>\n<script type=\"application\/ld+json\" class=\"yoast-schema-graph\">{\"@context\":\"https:\\\/\\\/schema.org\",\"@graph\":[{\"@type\":\"WebPage\",\"@id\":\"https:\\\/\\\/websjop.afuk.frl\\\/nl\\\/winkel\\\/de-rof-fan-de-fryske-mummy\\\/\",\"url\":\"https:\\\/\\\/websjop.afuk.frl\\\/nl\\\/winkel\\\/de-rof-fan-de-fryske-mummy\\\/\",\"name\":\"De r\u00f4f fan de Fryske mummy &#8211; Af\u00fbk Websjop\",\"isPartOf\":{\"@id\":\"https:\\\/\\\/websjop.afuk.frl\\\/nl\\\/#website\"},\"primaryImageOfPage\":{\"@id\":\"https:\\\/\\\/websjop.afuk.frl\\\/nl\\\/winkel\\\/de-rof-fan-de-fryske-mummy\\\/#primaryimage\"},\"image\":{\"@id\":\"https:\\\/\\\/websjop.afuk.frl\\\/nl\\\/winkel\\\/de-rof-fan-de-fryske-mummy\\\/#primaryimage\"},\"thumbnailUrl\":\"https:\\\/\\\/websjop.afuk.frl\\\/wp-content\\\/uploads\\\/2024\\\/08\\\/De-rof-fan-de-Fryske-mummy-LR.jpg\",\"datePublished\":\"2024-08-22T08:08:30+00:00\",\"dateModified\":\"2026-01-29T14:09:08+00:00\",\"description\":\"De r\u00f4f fan de Fryske mummy is gebaseerd op het \u00e9chte geheim van de mummies van Wiuwert. Een mysterie dat al honderden jaren niemand weet op te lossen.\",\"breadcrumb\":{\"@id\":\"https:\\\/\\\/websjop.afuk.frl\\\/nl\\\/winkel\\\/de-rof-fan-de-fryske-mummy\\\/#breadcrumb\"},\"inLanguage\":\"nl-NL\",\"potentialAction\":[{\"@type\":\"ReadAction\",\"target\":[\"https:\\\/\\\/websjop.afuk.frl\\\/nl\\\/winkel\\\/de-rof-fan-de-fryske-mummy\\\/\"]}]},{\"@type\":\"ImageObject\",\"inLanguage\":\"nl-NL\",\"@id\":\"https:\\\/\\\/websjop.afuk.frl\\\/nl\\\/winkel\\\/de-rof-fan-de-fryske-mummy\\\/#primaryimage\",\"url\":\"https:\\\/\\\/websjop.afuk.frl\\\/wp-content\\\/uploads\\\/2024\\\/08\\\/De-rof-fan-de-Fryske-mummy-LR.jpg\",\"contentUrl\":\"https:\\\/\\\/websjop.afuk.frl\\\/wp-content\\\/uploads\\\/2024\\\/08\\\/De-rof-fan-de-Fryske-mummy-LR.jpg\",\"width\":1200,\"height\":1827},{\"@type\":\"BreadcrumbList\",\"@id\":\"https:\\\/\\\/websjop.afuk.frl\\\/nl\\\/winkel\\\/de-rof-fan-de-fryske-mummy\\\/#breadcrumb\",\"itemListElement\":[{\"@type\":\"ListItem\",\"position\":1,\"name\":\"Home\",\"item\":\"https:\\\/\\\/websjop.afuk.frl\\\/nl\\\/\"},{\"@type\":\"ListItem\",\"position\":2,\"name\":\"Winkel\",\"item\":\"https:\\\/\\\/websjop.afuk.frl\\\/nl\\\/winkel\\\/\"},{\"@type\":\"ListItem\",\"position\":3,\"name\":\"De r\u00f4f fan de Fryske mummy\"}]},{\"@type\":\"WebSite\",\"@id\":\"https:\\\/\\\/websjop.afuk.frl\\\/nl\\\/#website\",\"url\":\"https:\\\/\\\/websjop.afuk.frl\\\/nl\\\/\",\"name\":\"Af\u00fbk Websjop\",\"description\":\"\",\"potentialAction\":[{\"@type\":\"SearchAction\",\"target\":{\"@type\":\"EntryPoint\",\"urlTemplate\":\"https:\\\/\\\/websjop.afuk.frl\\\/nl\\\/?s={search_term_string}\"},\"query-input\":{\"@type\":\"PropertyValueSpecification\",\"valueRequired\":true,\"valueName\":\"search_term_string\"}}],\"inLanguage\":\"nl-NL\"}]}<\/script>\n<!-- \/ Yoast SEO plugin. -->","yoast_head_json":{"title":"De r\u00f4f fan de Fryske mummy &#8211; Af\u00fbk Websjop","description":"De r\u00f4f fan de Fryske mummy is gebaseerd op het \u00e9chte geheim van de mummies van Wiuwert. Een mysterie dat al honderden jaren niemand weet op te lossen.","robots":{"index":"index","follow":"follow","max-snippet":"max-snippet:-1","max-image-preview":"max-image-preview:large","max-video-preview":"max-video-preview:-1"},"canonical":"https:\/\/websjop.afuk.frl\/nl\/winkel\/de-rof-fan-de-fryske-mummy\/","og_locale":"nl_NL","og_type":"article","og_title":"De r\u00f4f fan de Fryske mummy &#8211; Af\u00fbk Websjop","og_description":"De r\u00f4f fan de Fryske mummy is gebaseerd op het \u00e9chte geheim van de mummies van Wiuwert. Een mysterie dat al honderden jaren niemand weet op te lossen.","og_url":"https:\/\/websjop.afuk.frl\/nl\/winkel\/de-rof-fan-de-fryske-mummy\/","og_site_name":"Af\u00fbk Websjop","article_modified_time":"2026-01-29T14:09:08+00:00","og_image":[{"width":1200,"height":1827,"url":"https:\/\/websjop.afuk.frl\/wp-content\/uploads\/2024\/08\/De-rof-fan-de-Fryske-mummy-LR.jpg","type":"image\/jpeg"}],"twitter_card":"summary_large_image","twitter_misc":{"Geschatte leestijd":"5 minuten"},"schema":{"@context":"https:\/\/schema.org","@graph":[{"@type":"WebPage","@id":"https:\/\/websjop.afuk.frl\/nl\/winkel\/de-rof-fan-de-fryske-mummy\/","url":"https:\/\/websjop.afuk.frl\/nl\/winkel\/de-rof-fan-de-fryske-mummy\/","name":"De r\u00f4f fan de Fryske mummy &#8211; Af\u00fbk Websjop","isPartOf":{"@id":"https:\/\/websjop.afuk.frl\/nl\/#website"},"primaryImageOfPage":{"@id":"https:\/\/websjop.afuk.frl\/nl\/winkel\/de-rof-fan-de-fryske-mummy\/#primaryimage"},"image":{"@id":"https:\/\/websjop.afuk.frl\/nl\/winkel\/de-rof-fan-de-fryske-mummy\/#primaryimage"},"thumbnailUrl":"https:\/\/websjop.afuk.frl\/wp-content\/uploads\/2024\/08\/De-rof-fan-de-Fryske-mummy-LR.jpg","datePublished":"2024-08-22T08:08:30+00:00","dateModified":"2026-01-29T14:09:08+00:00","description":"De r\u00f4f fan de Fryske mummy is gebaseerd op het \u00e9chte geheim van de mummies van Wiuwert. Een mysterie dat al honderden jaren niemand weet op te lossen.","breadcrumb":{"@id":"https:\/\/websjop.afuk.frl\/nl\/winkel\/de-rof-fan-de-fryske-mummy\/#breadcrumb"},"inLanguage":"nl-NL","potentialAction":[{"@type":"ReadAction","target":["https:\/\/websjop.afuk.frl\/nl\/winkel\/de-rof-fan-de-fryske-mummy\/"]}]},{"@type":"ImageObject","inLanguage":"nl-NL","@id":"https:\/\/websjop.afuk.frl\/nl\/winkel\/de-rof-fan-de-fryske-mummy\/#primaryimage","url":"https:\/\/websjop.afuk.frl\/wp-content\/uploads\/2024\/08\/De-rof-fan-de-Fryske-mummy-LR.jpg","contentUrl":"https:\/\/websjop.afuk.frl\/wp-content\/uploads\/2024\/08\/De-rof-fan-de-Fryske-mummy-LR.jpg","width":1200,"height":1827},{"@type":"BreadcrumbList","@id":"https:\/\/websjop.afuk.frl\/nl\/winkel\/de-rof-fan-de-fryske-mummy\/#breadcrumb","itemListElement":[{"@type":"ListItem","position":1,"name":"Home","item":"https:\/\/websjop.afuk.frl\/nl\/"},{"@type":"ListItem","position":2,"name":"Winkel","item":"https:\/\/websjop.afuk.frl\/nl\/winkel\/"},{"@type":"ListItem","position":3,"name":"De r\u00f4f fan de Fryske mummy"}]},{"@type":"WebSite","@id":"https:\/\/websjop.afuk.frl\/nl\/#website","url":"https:\/\/websjop.afuk.frl\/nl\/","name":"Af\u00fbk Websjop","description":"","potentialAction":[{"@type":"SearchAction","target":{"@type":"EntryPoint","urlTemplate":"https:\/\/websjop.afuk.frl\/nl\/?s={search_term_string}"},"query-input":{"@type":"PropertyValueSpecification","valueRequired":true,"valueName":"search_term_string"}}],"inLanguage":"nl-NL"}]}},"_links":{"self":[{"href":"https:\/\/websjop.afuk.frl\/nl\/wp-json\/wp\/v2\/product\/44430","targetHints":{"allow":["GET"]}}],"collection":[{"href":"https:\/\/websjop.afuk.frl\/nl\/wp-json\/wp\/v2\/product"}],"about":[{"href":"https:\/\/websjop.afuk.frl\/nl\/wp-json\/wp\/v2\/types\/product"}],"replies":[{"embeddable":true,"href":"https:\/\/websjop.afuk.frl\/nl\/wp-json\/wp\/v2\/comments?post=44430"}],"wp:featuredmedia":[{"embeddable":true,"href":"https:\/\/websjop.afuk.frl\/nl\/wp-json\/wp\/v2\/media\/44431"}],"wp:attachment":[{"href":"https:\/\/websjop.afuk.frl\/nl\/wp-json\/wp\/v2\/media?parent=44430"}],"wp:term":[{"taxonomy":"product_brand","embeddable":true,"href":"https:\/\/websjop.afuk.frl\/nl\/wp-json\/wp\/v2\/product_brand?post=44430"},{"taxonomy":"product_cat","embeddable":true,"href":"https:\/\/websjop.afuk.frl\/nl\/wp-json\/wp\/v2\/product_cat?post=44430"},{"taxonomy":"product_tag","embeddable":true,"href":"https:\/\/websjop.afuk.frl\/nl\/wp-json\/wp\/v2\/product_tag?post=44430"}],"curies":[{"name":"wp","href":"https:\/\/api.w.org\/{rel}","templated":true}]}}