{"id":44139,"date":"2024-07-19T08:57:49","date_gmt":"2024-07-19T07:57:49","guid":{"rendered":"https:\/\/websjop.afuk.frl\/nl\/?post_type=product&#038;p=44139"},"modified":"2026-01-14T11:06:55","modified_gmt":"2026-01-14T10:06:55","slug":"festichheid","status":"publish","type":"product","link":"https:\/\/websjop.afuk.frl\/nl\/winkel\/festichheid\/","title":{"rendered":"F\u00eastichheid"},"content":{"rendered":"<p>Hilde woont in Alkmaar met haar dochtertje Nynke en is bijna klaar met haar studie psychologie als de Corona-epidemie uitbreekt. Haar moeder raakt haar werk kwijt en ook haar vader heeft minder inkomen. Dan nemen haar ouders een drastisch besluit dat Hilde haar huis in Alkmaar verkocht wordt en Hilde en Nynke vooreerst bij hen in Frysl\u00e2n moeten wonen.<\/p>\n<p>Terwijl alle vastigheid om iedereen heen wegvalt, komt er op een dag een wildvreemde vrouw bij Hindrik en Wilma aan de deur die haar aankondigt als Henri\u00ebtte Schuurmans, de oudste dochter van Wilma, die bij de geboorte werd afgestaan voor adoptie. Wilma kan haar geluk niet op, maar Hilde heeft zo haar twijfels. Is dit echt haar oudste zus?<\/p>\n<p><em>F\u00eastichheid<\/em> is de vierde roman van Nelly Jongsma-de Jong (Haskerhoarne), 1935). Het is het vervolg op haar populaire roman <em>Hilde ferstjitten<\/em> uit 2022.<\/p>\n<p>&nbsp;<\/p>\n","protected":false},"excerpt":{"rendered":"<p>Hilde woont in Alkmaar met haar dochtertje Nynke en is bijna klaar met haar studie psychologie als de Corona-epidemie uitbreekt. Haar moeder raakt haar werk kwijt en ook haar vader heeft minder inkomen. Dan nemen haar ouders een drastisch besluit dat Hilde haar huis in Alkmaar verkocht wordt en Hilde en Nynke vooreerst bij hen [&hellip;]<\/p>\n","protected":false},"featured_media":44140,"comment_status":"closed","ping_status":"closed","template":"","meta":{"_acf_changed":false},"product_brand":[],"product_cat":[535,574,537,1215],"product_tag":[21895,21894,22925,22926,17213,22927,5641],"class_list":{"0":"post-44139","1":"product","2":"type-product","3":"status-publish","4":"has-post-thumbnail","6":"product_cat-fryske-boeken","7":"product_cat-oanbiedingen","8":"product_cat-romans","9":"product_cat-romans-en-literatuer","10":"product_tag-adopsje","11":"product_tag-adoptie","12":"product_tag-festichheid","13":"product_tag-hilde","14":"product_tag-kffb","15":"product_tag-nelly-jongsma-de-jong","16":"product_tag-roman","17":"product_shipping_class-brievenbus-verzending","18":"pa_auteur-nelly-jongsma-de-jong-2","19":"pa_isbn-22900","20":"pa_new-label-1-3","21":"pa_taal-frysk","22":"pa_uitgever-kffb","24":"first","25":"instock","26":"sale","27":"taxable","28":"shipping-taxable","29":"purchasable","30":"product-type-simple"},"acf":[],"yoast_head":"<!-- This site is optimized with the Yoast SEO plugin v27.3 - https:\/\/yoast.com\/product\/yoast-seo-wordpress\/ -->\n<title>F\u00eastichheid &#8211; Af\u00fbk Websjop<\/title>\n<meta name=\"description\" content=\"In F\u00eastichheid woont Hilde in Alkmaar met haar dochtertje en is bijna klaar met haar studie, als een vreemde vrouw haar meldt die zegt haar zus te zijn.\" \/>\n<meta name=\"robots\" content=\"index, follow, max-snippet:-1, max-image-preview:large, max-video-preview:-1\" \/>\n<link rel=\"canonical\" href=\"https:\/\/websjop.afuk.frl\/nl\/winkel\/festichheid\/\" \/>\n<meta property=\"og:locale\" content=\"nl_NL\" \/>\n<meta property=\"og:type\" content=\"article\" \/>\n<meta property=\"og:title\" content=\"F\u00eastichheid &#8211; Af\u00fbk Websjop\" \/>\n<meta property=\"og:description\" content=\"In F\u00eastichheid woont Hilde in Alkmaar met haar dochtertje en is bijna klaar met haar studie, als een vreemde vrouw haar meldt die zegt haar zus te zijn.\" \/>\n<meta property=\"og:url\" content=\"https:\/\/websjop.afuk.frl\/nl\/winkel\/festichheid\/\" \/>\n<meta property=\"og:site_name\" content=\"Af\u00fbk Websjop\" \/>\n<meta property=\"article:modified_time\" content=\"2026-01-14T10:06:55+00:00\" \/>\n<meta property=\"og:image\" content=\"https:\/\/websjop.afuk.frl\/wp-content\/uploads\/2024\/07\/festichheid.jpg\" \/>\n\t<meta property=\"og:image:width\" content=\"428\" \/>\n\t<meta property=\"og:image:height\" content=\"650\" \/>\n\t<meta property=\"og:image:type\" content=\"image\/jpeg\" \/>\n<meta name=\"twitter:card\" content=\"summary_large_image\" \/>\n<meta name=\"twitter:label1\" content=\"Geschatte leestijd\" \/>\n\t<meta name=\"twitter:data1\" content=\"1 minuut\" \/>\n<script type=\"application\/ld+json\" class=\"yoast-schema-graph\">{\"@context\":\"https:\\\/\\\/schema.org\",\"@graph\":[{\"@type\":\"WebPage\",\"@id\":\"https:\\\/\\\/websjop.afuk.frl\\\/nl\\\/winkel\\\/festichheid\\\/\",\"url\":\"https:\\\/\\\/websjop.afuk.frl\\\/nl\\\/winkel\\\/festichheid\\\/\",\"name\":\"F\u00eastichheid &#8211; Af\u00fbk Websjop\",\"isPartOf\":{\"@id\":\"https:\\\/\\\/websjop.afuk.frl\\\/nl\\\/#website\"},\"primaryImageOfPage\":{\"@id\":\"https:\\\/\\\/websjop.afuk.frl\\\/nl\\\/winkel\\\/festichheid\\\/#primaryimage\"},\"image\":{\"@id\":\"https:\\\/\\\/websjop.afuk.frl\\\/nl\\\/winkel\\\/festichheid\\\/#primaryimage\"},\"thumbnailUrl\":\"https:\\\/\\\/websjop.afuk.frl\\\/wp-content\\\/uploads\\\/2024\\\/07\\\/festichheid.jpg\",\"datePublished\":\"2024-07-19T07:57:49+00:00\",\"dateModified\":\"2026-01-14T10:06:55+00:00\",\"description\":\"In F\u00eastichheid woont Hilde in Alkmaar met haar dochtertje en is bijna klaar met haar studie, als een vreemde vrouw haar meldt die zegt haar zus te zijn.\",\"breadcrumb\":{\"@id\":\"https:\\\/\\\/websjop.afuk.frl\\\/nl\\\/winkel\\\/festichheid\\\/#breadcrumb\"},\"inLanguage\":\"nl-NL\",\"potentialAction\":[{\"@type\":\"ReadAction\",\"target\":[\"https:\\\/\\\/websjop.afuk.frl\\\/nl\\\/winkel\\\/festichheid\\\/\"]}]},{\"@type\":\"ImageObject\",\"inLanguage\":\"nl-NL\",\"@id\":\"https:\\\/\\\/websjop.afuk.frl\\\/nl\\\/winkel\\\/festichheid\\\/#primaryimage\",\"url\":\"https:\\\/\\\/websjop.afuk.frl\\\/wp-content\\\/uploads\\\/2024\\\/07\\\/festichheid.jpg\",\"contentUrl\":\"https:\\\/\\\/websjop.afuk.frl\\\/wp-content\\\/uploads\\\/2024\\\/07\\\/festichheid.jpg\",\"width\":428,\"height\":650},{\"@type\":\"BreadcrumbList\",\"@id\":\"https:\\\/\\\/websjop.afuk.frl\\\/nl\\\/winkel\\\/festichheid\\\/#breadcrumb\",\"itemListElement\":[{\"@type\":\"ListItem\",\"position\":1,\"name\":\"Home\",\"item\":\"https:\\\/\\\/websjop.afuk.frl\\\/nl\\\/\"},{\"@type\":\"ListItem\",\"position\":2,\"name\":\"Winkel\",\"item\":\"https:\\\/\\\/websjop.afuk.frl\\\/nl\\\/winkel\\\/\"},{\"@type\":\"ListItem\",\"position\":3,\"name\":\"F\u00eastichheid\"}]},{\"@type\":\"WebSite\",\"@id\":\"https:\\\/\\\/websjop.afuk.frl\\\/nl\\\/#website\",\"url\":\"https:\\\/\\\/websjop.afuk.frl\\\/nl\\\/\",\"name\":\"Af\u00fbk Websjop\",\"description\":\"\",\"potentialAction\":[{\"@type\":\"SearchAction\",\"target\":{\"@type\":\"EntryPoint\",\"urlTemplate\":\"https:\\\/\\\/websjop.afuk.frl\\\/nl\\\/?s={search_term_string}\"},\"query-input\":{\"@type\":\"PropertyValueSpecification\",\"valueRequired\":true,\"valueName\":\"search_term_string\"}}],\"inLanguage\":\"nl-NL\"}]}<\/script>\n<!-- \/ Yoast SEO plugin. -->","yoast_head_json":{"title":"F\u00eastichheid &#8211; Af\u00fbk Websjop","description":"In F\u00eastichheid woont Hilde in Alkmaar met haar dochtertje en is bijna klaar met haar studie, als een vreemde vrouw haar meldt die zegt haar zus te zijn.","robots":{"index":"index","follow":"follow","max-snippet":"max-snippet:-1","max-image-preview":"max-image-preview:large","max-video-preview":"max-video-preview:-1"},"canonical":"https:\/\/websjop.afuk.frl\/nl\/winkel\/festichheid\/","og_locale":"nl_NL","og_type":"article","og_title":"F\u00eastichheid &#8211; Af\u00fbk Websjop","og_description":"In F\u00eastichheid woont Hilde in Alkmaar met haar dochtertje en is bijna klaar met haar studie, als een vreemde vrouw haar meldt die zegt haar zus te zijn.","og_url":"https:\/\/websjop.afuk.frl\/nl\/winkel\/festichheid\/","og_site_name":"Af\u00fbk Websjop","article_modified_time":"2026-01-14T10:06:55+00:00","og_image":[{"width":428,"height":650,"url":"https:\/\/websjop.afuk.frl\/wp-content\/uploads\/2024\/07\/festichheid.jpg","type":"image\/jpeg"}],"twitter_card":"summary_large_image","twitter_misc":{"Geschatte leestijd":"1 minuut"},"schema":{"@context":"https:\/\/schema.org","@graph":[{"@type":"WebPage","@id":"https:\/\/websjop.afuk.frl\/nl\/winkel\/festichheid\/","url":"https:\/\/websjop.afuk.frl\/nl\/winkel\/festichheid\/","name":"F\u00eastichheid &#8211; Af\u00fbk Websjop","isPartOf":{"@id":"https:\/\/websjop.afuk.frl\/nl\/#website"},"primaryImageOfPage":{"@id":"https:\/\/websjop.afuk.frl\/nl\/winkel\/festichheid\/#primaryimage"},"image":{"@id":"https:\/\/websjop.afuk.frl\/nl\/winkel\/festichheid\/#primaryimage"},"thumbnailUrl":"https:\/\/websjop.afuk.frl\/wp-content\/uploads\/2024\/07\/festichheid.jpg","datePublished":"2024-07-19T07:57:49+00:00","dateModified":"2026-01-14T10:06:55+00:00","description":"In F\u00eastichheid woont Hilde in Alkmaar met haar dochtertje en is bijna klaar met haar studie, als een vreemde vrouw haar meldt die zegt haar zus te zijn.","breadcrumb":{"@id":"https:\/\/websjop.afuk.frl\/nl\/winkel\/festichheid\/#breadcrumb"},"inLanguage":"nl-NL","potentialAction":[{"@type":"ReadAction","target":["https:\/\/websjop.afuk.frl\/nl\/winkel\/festichheid\/"]}]},{"@type":"ImageObject","inLanguage":"nl-NL","@id":"https:\/\/websjop.afuk.frl\/nl\/winkel\/festichheid\/#primaryimage","url":"https:\/\/websjop.afuk.frl\/wp-content\/uploads\/2024\/07\/festichheid.jpg","contentUrl":"https:\/\/websjop.afuk.frl\/wp-content\/uploads\/2024\/07\/festichheid.jpg","width":428,"height":650},{"@type":"BreadcrumbList","@id":"https:\/\/websjop.afuk.frl\/nl\/winkel\/festichheid\/#breadcrumb","itemListElement":[{"@type":"ListItem","position":1,"name":"Home","item":"https:\/\/websjop.afuk.frl\/nl\/"},{"@type":"ListItem","position":2,"name":"Winkel","item":"https:\/\/websjop.afuk.frl\/nl\/winkel\/"},{"@type":"ListItem","position":3,"name":"F\u00eastichheid"}]},{"@type":"WebSite","@id":"https:\/\/websjop.afuk.frl\/nl\/#website","url":"https:\/\/websjop.afuk.frl\/nl\/","name":"Af\u00fbk Websjop","description":"","potentialAction":[{"@type":"SearchAction","target":{"@type":"EntryPoint","urlTemplate":"https:\/\/websjop.afuk.frl\/nl\/?s={search_term_string}"},"query-input":{"@type":"PropertyValueSpecification","valueRequired":true,"valueName":"search_term_string"}}],"inLanguage":"nl-NL"}]}},"_links":{"self":[{"href":"https:\/\/websjop.afuk.frl\/nl\/wp-json\/wp\/v2\/product\/44139","targetHints":{"allow":["GET"]}}],"collection":[{"href":"https:\/\/websjop.afuk.frl\/nl\/wp-json\/wp\/v2\/product"}],"about":[{"href":"https:\/\/websjop.afuk.frl\/nl\/wp-json\/wp\/v2\/types\/product"}],"replies":[{"embeddable":true,"href":"https:\/\/websjop.afuk.frl\/nl\/wp-json\/wp\/v2\/comments?post=44139"}],"wp:featuredmedia":[{"embeddable":true,"href":"https:\/\/websjop.afuk.frl\/nl\/wp-json\/wp\/v2\/media\/44140"}],"wp:attachment":[{"href":"https:\/\/websjop.afuk.frl\/nl\/wp-json\/wp\/v2\/media?parent=44139"}],"wp:term":[{"taxonomy":"product_brand","embeddable":true,"href":"https:\/\/websjop.afuk.frl\/nl\/wp-json\/wp\/v2\/product_brand?post=44139"},{"taxonomy":"product_cat","embeddable":true,"href":"https:\/\/websjop.afuk.frl\/nl\/wp-json\/wp\/v2\/product_cat?post=44139"},{"taxonomy":"product_tag","embeddable":true,"href":"https:\/\/websjop.afuk.frl\/nl\/wp-json\/wp\/v2\/product_tag?post=44139"}],"curies":[{"name":"wp","href":"https:\/\/api.w.org\/{rel}","templated":true}]}}