{"id":43815,"date":"2024-08-27T09:16:25","date_gmt":"2024-08-27T08:16:25","guid":{"rendered":"https:\/\/websjop.afuk.frl\/nl\/?post_type=product&#038;p=43815"},"modified":"2025-08-20T13:55:48","modified_gmt":"2025-08-20T11:55:48","slug":"heity-help","status":"publish","type":"product","link":"https:\/\/websjop.afuk.frl\/nl\/winkel\/heity-help\/","title":{"rendered":"Heity! Help!!"},"content":{"rendered":"<p>Als Hidde op bed ligt, hoort hij vreemde geluiden. Zou het een beest zijn? Of misschien een monster? Hidde wordt bang en roept om zijn vader. Die moet hem helpen. Zijn vader zal het beest vast kunnen vangen. Of wegjagen.<\/p>\n<p>Maar of dat lukt?<\/p>\n<p>Ben je op zoek naar leuke aanvullende opdrachten en materiaal voor bij dit boek? Kijk dan bij de <a href=\"https:\/\/heitenmem.frl\/lestip-fan-keimpe\/\" target=\"_blank\" rel=\"noopener\">L\u00eastip fan Keimpe.<\/a><\/p>\n<hr \/>\n<p><em>Sita: &#8220;Dit kleurryk yllustrearre boek nimt de l\u00eazer echt mei yn it ferhaal, ynklusyf it eachpunt fan de mich. Dat wurdt hiel handich en moai werj\u00fbn troch it gebr\u00fbk fan ferskillende lettertypen en ek mei de tekeningen! In werkenber ferhaal en in echte oanrieder!&#8221; <a href=\"https:\/\/heitenmem.frl\/resinsje-heity-help-troch-sita\/\" target=\"_blank\" rel=\"noopener\">L\u00eas hjir Sita har folsleine resinsje.<\/a><\/em><\/p>\n<p><em>Jolanda: &#8220;Leuk dat guon tekeningen fan\u00fat de twa pear eagen fan it meunster makke binne. Dat makke dat wy wat langer op dy siden hingjen bleaunen om de oplossing foar dy \u2018oare yllustraasjes\u2019 te fersinnen. Hoe langer oft ik (allinnich) nei de tekeningen sjoch, hoe mear oft ik glimkje moat, d\u00ear is goed oer neitocht!!!&#8221; <a href=\"https:\/\/heitenmem.frl\/resinsje-heity-help-troch-jolanda\/\" target=\"_blank\" rel=\"noopener\">L\u00eas hjir Jolanda har folsleine resinsje op rym.<\/a><\/em><\/p>\n<p>&nbsp;<\/p>\n","protected":false},"excerpt":{"rendered":"<p>Als Hidde op bed ligt, hoort hij vreemde geluiden. Zou het een beest zijn? Of misschien een monster? Hidde wordt bang en roept om zijn vader. Die moet hem helpen. Zijn vader zal het beest vast kunnen vangen. Of wegjagen. Maar of dat lukt? Ben je op zoek naar leuke aanvullende opdrachten en materiaal voor [&hellip;]<\/p>\n","protected":false},"featured_media":43816,"comment_status":"closed","ping_status":"closed","template":"","meta":{"_acf_changed":false},"product_brand":[],"product_cat":[1213,550,535,23211,24179,23209],"product_tag":[20057,22831,22841,22842,22843,9412,22702],"class_list":{"0":"post-43815","1":"product","2":"type-product","3":"status-publish","4":"has-post-thumbnail","6":"product_cat-berne-en-jeugdboeken","7":"product_cat-berneboeken-4-8","8":"product_cat-fryske-boeken","9":"product_cat-tema-7-oant-10-jier","10":"product_cat-tema-emoasje","11":"product_cat-tema-thus","12":"product_tag-bang","13":"product_tag-eng","14":"product_tag-heity-help","15":"product_tag-mich","16":"product_tag-monster","17":"product_tag-thys-wadman","18":"product_tag-wim-swart","19":"product_shipping_class-brievenbus-verzending","20":"pa_auteur-thys-wadman-2","21":"pa_isbn-22840","22":"pa_new-label-1-3","23":"pa_taal-frysk","24":"pa_uitgever-afuk","26":"first","27":"instock","28":"taxable","29":"shipping-taxable","30":"purchasable","31":"product-type-simple"},"acf":[],"yoast_head":"<!-- This site is optimized with the Yoast SEO plugin v27.2 - https:\/\/yoast.com\/product\/yoast-seo-wordpress\/ -->\n<title>Heity! Help!! &#8211; Af\u00fbk Websjop<\/title>\n<meta name=\"description\" content=\"Hidde ligt op bed en hoort vreemde geluiden. Zou het een beest zijn? Of misschien een monster? Hidde roept om zijn vader. Die moet hem helpen. Of dat lukt?\" \/>\n<meta name=\"robots\" content=\"index, follow, max-snippet:-1, max-image-preview:large, max-video-preview:-1\" \/>\n<link rel=\"canonical\" href=\"https:\/\/websjop.afuk.frl\/nl\/winkel\/heity-help\/\" \/>\n<meta property=\"og:locale\" content=\"nl_NL\" \/>\n<meta property=\"og:type\" content=\"article\" \/>\n<meta property=\"og:title\" content=\"Heity! Help!! &#8211; Af\u00fbk Websjop\" \/>\n<meta property=\"og:description\" content=\"Hidde ligt op bed en hoort vreemde geluiden. Zou het een beest zijn? Of misschien een monster? Hidde roept om zijn vader. Die moet hem helpen. Of dat lukt?\" \/>\n<meta property=\"og:url\" content=\"https:\/\/websjop.afuk.frl\/nl\/winkel\/heity-help\/\" \/>\n<meta property=\"og:site_name\" content=\"Af\u00fbk Websjop\" \/>\n<meta property=\"article:modified_time\" content=\"2025-08-20T11:55:48+00:00\" \/>\n<meta property=\"og:image\" content=\"https:\/\/websjop.afuk.frl\/wp-content\/uploads\/2024\/06\/Heity-Help.jpg\" \/>\n\t<meta property=\"og:image:width\" content=\"1589\" \/>\n\t<meta property=\"og:image:height\" content=\"2053\" \/>\n\t<meta property=\"og:image:type\" content=\"image\/jpeg\" \/>\n<meta name=\"twitter:card\" content=\"summary_large_image\" \/>\n<meta name=\"twitter:label1\" content=\"Geschatte leestijd\" \/>\n\t<meta name=\"twitter:data1\" content=\"2 minuten\" \/>\n<script type=\"application\/ld+json\" class=\"yoast-schema-graph\">{\"@context\":\"https:\/\/schema.org\",\"@graph\":[{\"@type\":\"WebPage\",\"@id\":\"https:\/\/websjop.afuk.frl\/nl\/winkel\/heity-help\/\",\"url\":\"https:\/\/websjop.afuk.frl\/nl\/winkel\/heity-help\/\",\"name\":\"Heity! Help!! &#8211; Af\u00fbk Websjop\",\"isPartOf\":{\"@id\":\"https:\/\/websjop.afuk.frl\/nl\/#website\"},\"primaryImageOfPage\":{\"@id\":\"https:\/\/websjop.afuk.frl\/nl\/winkel\/heity-help\/#primaryimage\"},\"image\":{\"@id\":\"https:\/\/websjop.afuk.frl\/nl\/winkel\/heity-help\/#primaryimage\"},\"thumbnailUrl\":\"https:\/\/websjop.afuk.frl\/wp-content\/uploads\/2024\/06\/Heity-Help.jpg\",\"datePublished\":\"2024-08-27T08:16:25+00:00\",\"dateModified\":\"2025-08-20T11:55:48+00:00\",\"description\":\"Hidde ligt op bed en hoort vreemde geluiden. Zou het een beest zijn? Of misschien een monster? Hidde roept om zijn vader. Die moet hem helpen. Of dat lukt?\",\"breadcrumb\":{\"@id\":\"https:\/\/websjop.afuk.frl\/nl\/winkel\/heity-help\/#breadcrumb\"},\"inLanguage\":\"nl-NL\",\"potentialAction\":[{\"@type\":\"ReadAction\",\"target\":[\"https:\/\/websjop.afuk.frl\/nl\/winkel\/heity-help\/\"]}]},{\"@type\":\"ImageObject\",\"inLanguage\":\"nl-NL\",\"@id\":\"https:\/\/websjop.afuk.frl\/nl\/winkel\/heity-help\/#primaryimage\",\"url\":\"https:\/\/websjop.afuk.frl\/wp-content\/uploads\/2024\/06\/Heity-Help.jpg\",\"contentUrl\":\"https:\/\/websjop.afuk.frl\/wp-content\/uploads\/2024\/06\/Heity-Help.jpg\",\"width\":1589,\"height\":2053},{\"@type\":\"BreadcrumbList\",\"@id\":\"https:\/\/websjop.afuk.frl\/nl\/winkel\/heity-help\/#breadcrumb\",\"itemListElement\":[{\"@type\":\"ListItem\",\"position\":1,\"name\":\"Home\",\"item\":\"https:\/\/websjop.afuk.frl\/nl\/\"},{\"@type\":\"ListItem\",\"position\":2,\"name\":\"Winkel\",\"item\":\"https:\/\/websjop.afuk.frl\/nl\/winkel\/\"},{\"@type\":\"ListItem\",\"position\":3,\"name\":\"Heity! Help!!\"}]},{\"@type\":\"WebSite\",\"@id\":\"https:\/\/websjop.afuk.frl\/nl\/#website\",\"url\":\"https:\/\/websjop.afuk.frl\/nl\/\",\"name\":\"Af\u00fbk Websjop\",\"description\":\"\",\"potentialAction\":[{\"@type\":\"SearchAction\",\"target\":{\"@type\":\"EntryPoint\",\"urlTemplate\":\"https:\/\/websjop.afuk.frl\/nl\/?s={search_term_string}\"},\"query-input\":{\"@type\":\"PropertyValueSpecification\",\"valueRequired\":true,\"valueName\":\"search_term_string\"}}],\"inLanguage\":\"nl-NL\"}]}<\/script>\n<!-- \/ Yoast SEO plugin. -->","yoast_head_json":{"title":"Heity! Help!! &#8211; Af\u00fbk Websjop","description":"Hidde ligt op bed en hoort vreemde geluiden. Zou het een beest zijn? Of misschien een monster? Hidde roept om zijn vader. Die moet hem helpen. Of dat lukt?","robots":{"index":"index","follow":"follow","max-snippet":"max-snippet:-1","max-image-preview":"max-image-preview:large","max-video-preview":"max-video-preview:-1"},"canonical":"https:\/\/websjop.afuk.frl\/nl\/winkel\/heity-help\/","og_locale":"nl_NL","og_type":"article","og_title":"Heity! Help!! &#8211; Af\u00fbk Websjop","og_description":"Hidde ligt op bed en hoort vreemde geluiden. Zou het een beest zijn? Of misschien een monster? Hidde roept om zijn vader. Die moet hem helpen. Of dat lukt?","og_url":"https:\/\/websjop.afuk.frl\/nl\/winkel\/heity-help\/","og_site_name":"Af\u00fbk Websjop","article_modified_time":"2025-08-20T11:55:48+00:00","og_image":[{"width":1589,"height":2053,"url":"https:\/\/websjop.afuk.frl\/wp-content\/uploads\/2024\/06\/Heity-Help.jpg","type":"image\/jpeg"}],"twitter_card":"summary_large_image","twitter_misc":{"Geschatte leestijd":"2 minuten"},"schema":{"@context":"https:\/\/schema.org","@graph":[{"@type":"WebPage","@id":"https:\/\/websjop.afuk.frl\/nl\/winkel\/heity-help\/","url":"https:\/\/websjop.afuk.frl\/nl\/winkel\/heity-help\/","name":"Heity! Help!! &#8211; Af\u00fbk Websjop","isPartOf":{"@id":"https:\/\/websjop.afuk.frl\/nl\/#website"},"primaryImageOfPage":{"@id":"https:\/\/websjop.afuk.frl\/nl\/winkel\/heity-help\/#primaryimage"},"image":{"@id":"https:\/\/websjop.afuk.frl\/nl\/winkel\/heity-help\/#primaryimage"},"thumbnailUrl":"https:\/\/websjop.afuk.frl\/wp-content\/uploads\/2024\/06\/Heity-Help.jpg","datePublished":"2024-08-27T08:16:25+00:00","dateModified":"2025-08-20T11:55:48+00:00","description":"Hidde ligt op bed en hoort vreemde geluiden. Zou het een beest zijn? Of misschien een monster? Hidde roept om zijn vader. Die moet hem helpen. Of dat lukt?","breadcrumb":{"@id":"https:\/\/websjop.afuk.frl\/nl\/winkel\/heity-help\/#breadcrumb"},"inLanguage":"nl-NL","potentialAction":[{"@type":"ReadAction","target":["https:\/\/websjop.afuk.frl\/nl\/winkel\/heity-help\/"]}]},{"@type":"ImageObject","inLanguage":"nl-NL","@id":"https:\/\/websjop.afuk.frl\/nl\/winkel\/heity-help\/#primaryimage","url":"https:\/\/websjop.afuk.frl\/wp-content\/uploads\/2024\/06\/Heity-Help.jpg","contentUrl":"https:\/\/websjop.afuk.frl\/wp-content\/uploads\/2024\/06\/Heity-Help.jpg","width":1589,"height":2053},{"@type":"BreadcrumbList","@id":"https:\/\/websjop.afuk.frl\/nl\/winkel\/heity-help\/#breadcrumb","itemListElement":[{"@type":"ListItem","position":1,"name":"Home","item":"https:\/\/websjop.afuk.frl\/nl\/"},{"@type":"ListItem","position":2,"name":"Winkel","item":"https:\/\/websjop.afuk.frl\/nl\/winkel\/"},{"@type":"ListItem","position":3,"name":"Heity! Help!!"}]},{"@type":"WebSite","@id":"https:\/\/websjop.afuk.frl\/nl\/#website","url":"https:\/\/websjop.afuk.frl\/nl\/","name":"Af\u00fbk Websjop","description":"","potentialAction":[{"@type":"SearchAction","target":{"@type":"EntryPoint","urlTemplate":"https:\/\/websjop.afuk.frl\/nl\/?s={search_term_string}"},"query-input":{"@type":"PropertyValueSpecification","valueRequired":true,"valueName":"search_term_string"}}],"inLanguage":"nl-NL"}]}},"_links":{"self":[{"href":"https:\/\/websjop.afuk.frl\/nl\/wp-json\/wp\/v2\/product\/43815","targetHints":{"allow":["GET"]}}],"collection":[{"href":"https:\/\/websjop.afuk.frl\/nl\/wp-json\/wp\/v2\/product"}],"about":[{"href":"https:\/\/websjop.afuk.frl\/nl\/wp-json\/wp\/v2\/types\/product"}],"replies":[{"embeddable":true,"href":"https:\/\/websjop.afuk.frl\/nl\/wp-json\/wp\/v2\/comments?post=43815"}],"wp:featuredmedia":[{"embeddable":true,"href":"https:\/\/websjop.afuk.frl\/nl\/wp-json\/wp\/v2\/media\/43816"}],"wp:attachment":[{"href":"https:\/\/websjop.afuk.frl\/nl\/wp-json\/wp\/v2\/media?parent=43815"}],"wp:term":[{"taxonomy":"product_brand","embeddable":true,"href":"https:\/\/websjop.afuk.frl\/nl\/wp-json\/wp\/v2\/product_brand?post=43815"},{"taxonomy":"product_cat","embeddable":true,"href":"https:\/\/websjop.afuk.frl\/nl\/wp-json\/wp\/v2\/product_cat?post=43815"},{"taxonomy":"product_tag","embeddable":true,"href":"https:\/\/websjop.afuk.frl\/nl\/wp-json\/wp\/v2\/product_tag?post=43815"}],"curies":[{"name":"wp","href":"https:\/\/api.w.org\/{rel}","templated":true}]}}