{"id":43554,"date":"2024-06-06T13:00:08","date_gmt":"2024-06-06T12:00:08","guid":{"rendered":"https:\/\/websjop.afuk.frl\/nl\/?post_type=product&#038;p=43554"},"modified":"2024-07-24T09:54:59","modified_gmt":"2024-07-24T08:54:59","slug":"heit-en-mem-nr1-2024","status":"publish","type":"product","link":"https:\/\/websjop.afuk.frl\/nl\/winkel\/heit-en-mem-nr1-2024\/","title":{"rendered":"heit en mem nr. 1 2024"},"content":{"rendered":"<p>Dit kear yn de heit&amp;mem ha wy artikels oer it analysearjen fan bernetekeningen, it Berne Iepenloftspul, oer jong mem wurde, foto\u2019s fan bern en bisten, de nijste berneboeken en noch folle mear!<\/p>\n<p>Do kinst it bl\u00ead hjir online bestelle, do betellest dan allinne de fersjoerskosten. <strong>GRAACH NET MEAR DAN 2 EKSIMPLAREN BESTELLE<\/strong>. Wolst der mear ha? Dan kinst se it b\u00easte sels efkes helje \u00fat de Af\u00fbkwinkel wei.<\/p>\n<p><a href=\"https:\/\/heitenmem.frl\/podcast\/\" target=\"_blank\" rel=\"noopener\">De byhearrende podcast is hjir te bel\u00fasterjen.<\/a><\/p>\n<p><a href=\"https:\/\/heitenmem.frl\/magazine\/heit-mem-2024-1\/\" target=\"_blank\" rel=\"noopener\">De heit&amp;mem is hjir online yn te sjen<\/a>. In protte l\u00easwille tawinske!<\/p>\n<p>&nbsp;<\/p>\n<p>&nbsp;<\/p>\n","protected":false},"excerpt":{"rendered":"<p>Dit kear yn de heit&amp;mem ha wy artikels oer it analysearjen fan bernetekeningen, it Berne Iepenloftspul, oer jong mem wurde, foto\u2019s fan bern en bisten, de nijste berneboeken en noch folle mear! Do kinst it bl\u00ead hjir online bestelle, do betellest dan allinne de fersjoerskosten. GRAACH NET MEAR DAN 2 EKSIMPLAREN BESTELLE. Wolst der mear [&hellip;]<\/p>\n","protected":false},"featured_media":43555,"comment_status":"closed","ping_status":"closed","template":"","meta":{"_acf_changed":false},"product_brand":[],"product_cat":[9573],"product_tag":[8616,22190,22189,17507],"class_list":{"0":"post-43554","1":"product","2":"type-product","3":"status-publish","4":"has-post-thumbnail","6":"product_cat-heitenmem","7":"product_tag-heit-en-mem","8":"product_tag-les","9":"product_tag-les-mar-foar","10":"product_tag-magazine","11":"product_shipping_class-brievenbus-verzending","13":"first","14":"instock","15":"taxable","16":"shipping-taxable","17":"purchasable","18":"product-type-simple"},"acf":[],"yoast_head":"<!-- This site is optimized with the Yoast SEO plugin v27.3 - https:\/\/yoast.com\/product\/yoast-seo-wordpress\/ -->\n<title>heit en mem nr. 1 2024 &#8211; Af\u00fbk Websjop<\/title>\n<meta name=\"description\" content=\"Het tweetalige (fries\/ nederlands) tijdschrift heit en mem is hier gratis te bestellen. Je betaalt alleen de verzendkosten.\" \/>\n<meta name=\"robots\" content=\"index, follow, max-snippet:-1, max-image-preview:large, max-video-preview:-1\" \/>\n<link rel=\"canonical\" href=\"https:\/\/websjop.afuk.frl\/nl\/winkel\/heit-en-mem-nr1-2024\/\" \/>\n<meta property=\"og:locale\" content=\"nl_NL\" \/>\n<meta property=\"og:type\" content=\"article\" \/>\n<meta property=\"og:title\" content=\"heit en mem nr. 1 2024 &#8211; Af\u00fbk Websjop\" \/>\n<meta property=\"og:description\" content=\"Het tweetalige (fries\/ nederlands) tijdschrift heit en mem is hier gratis te bestellen. Je betaalt alleen de verzendkosten.\" \/>\n<meta property=\"og:url\" content=\"https:\/\/websjop.afuk.frl\/nl\/winkel\/heit-en-mem-nr1-2024\/\" \/>\n<meta property=\"og:site_name\" content=\"Af\u00fbk Websjop\" \/>\n<meta property=\"article:modified_time\" content=\"2024-07-24T08:54:59+00:00\" \/>\n<meta property=\"og:image\" content=\"https:\/\/websjop.afuk.frl\/wp-content\/uploads\/2024\/06\/cover-2024-nr-1-scaled.jpg\" \/>\n\t<meta property=\"og:image:width\" content=\"1991\" \/>\n\t<meta property=\"og:image:height\" content=\"2560\" \/>\n\t<meta property=\"og:image:type\" content=\"image\/jpeg\" \/>\n<meta name=\"twitter:card\" content=\"summary_large_image\" \/>\n<script type=\"application\/ld+json\" class=\"yoast-schema-graph\">{\"@context\":\"https:\\\/\\\/schema.org\",\"@graph\":[{\"@type\":\"WebPage\",\"@id\":\"https:\\\/\\\/websjop.afuk.frl\\\/nl\\\/winkel\\\/heit-en-mem-nr1-2024\\\/\",\"url\":\"https:\\\/\\\/websjop.afuk.frl\\\/nl\\\/winkel\\\/heit-en-mem-nr1-2024\\\/\",\"name\":\"heit en mem nr. 1 2024 &#8211; Af\u00fbk Websjop\",\"isPartOf\":{\"@id\":\"https:\\\/\\\/websjop.afuk.frl\\\/nl\\\/#website\"},\"primaryImageOfPage\":{\"@id\":\"https:\\\/\\\/websjop.afuk.frl\\\/nl\\\/winkel\\\/heit-en-mem-nr1-2024\\\/#primaryimage\"},\"image\":{\"@id\":\"https:\\\/\\\/websjop.afuk.frl\\\/nl\\\/winkel\\\/heit-en-mem-nr1-2024\\\/#primaryimage\"},\"thumbnailUrl\":\"https:\\\/\\\/websjop.afuk.frl\\\/wp-content\\\/uploads\\\/2024\\\/06\\\/cover-2024-nr-1-scaled.jpg\",\"datePublished\":\"2024-06-06T12:00:08+00:00\",\"dateModified\":\"2024-07-24T08:54:59+00:00\",\"description\":\"Het tweetalige (fries\\\/ nederlands) tijdschrift heit en mem is hier gratis te bestellen. Je betaalt alleen de verzendkosten.\",\"breadcrumb\":{\"@id\":\"https:\\\/\\\/websjop.afuk.frl\\\/nl\\\/winkel\\\/heit-en-mem-nr1-2024\\\/#breadcrumb\"},\"inLanguage\":\"nl-NL\",\"potentialAction\":[{\"@type\":\"ReadAction\",\"target\":[\"https:\\\/\\\/websjop.afuk.frl\\\/nl\\\/winkel\\\/heit-en-mem-nr1-2024\\\/\"]}]},{\"@type\":\"ImageObject\",\"inLanguage\":\"nl-NL\",\"@id\":\"https:\\\/\\\/websjop.afuk.frl\\\/nl\\\/winkel\\\/heit-en-mem-nr1-2024\\\/#primaryimage\",\"url\":\"https:\\\/\\\/websjop.afuk.frl\\\/wp-content\\\/uploads\\\/2024\\\/06\\\/cover-2024-nr-1-scaled.jpg\",\"contentUrl\":\"https:\\\/\\\/websjop.afuk.frl\\\/wp-content\\\/uploads\\\/2024\\\/06\\\/cover-2024-nr-1-scaled.jpg\",\"width\":1991,\"height\":2560},{\"@type\":\"BreadcrumbList\",\"@id\":\"https:\\\/\\\/websjop.afuk.frl\\\/nl\\\/winkel\\\/heit-en-mem-nr1-2024\\\/#breadcrumb\",\"itemListElement\":[{\"@type\":\"ListItem\",\"position\":1,\"name\":\"Home\",\"item\":\"https:\\\/\\\/websjop.afuk.frl\\\/nl\\\/\"},{\"@type\":\"ListItem\",\"position\":2,\"name\":\"Winkel\",\"item\":\"https:\\\/\\\/websjop.afuk.frl\\\/nl\\\/winkel\\\/\"},{\"@type\":\"ListItem\",\"position\":3,\"name\":\"heit en mem nr. 1 2024\"}]},{\"@type\":\"WebSite\",\"@id\":\"https:\\\/\\\/websjop.afuk.frl\\\/nl\\\/#website\",\"url\":\"https:\\\/\\\/websjop.afuk.frl\\\/nl\\\/\",\"name\":\"Af\u00fbk Websjop\",\"description\":\"\",\"potentialAction\":[{\"@type\":\"SearchAction\",\"target\":{\"@type\":\"EntryPoint\",\"urlTemplate\":\"https:\\\/\\\/websjop.afuk.frl\\\/nl\\\/?s={search_term_string}\"},\"query-input\":{\"@type\":\"PropertyValueSpecification\",\"valueRequired\":true,\"valueName\":\"search_term_string\"}}],\"inLanguage\":\"nl-NL\"}]}<\/script>\n<!-- \/ Yoast SEO plugin. -->","yoast_head_json":{"title":"heit en mem nr. 1 2024 &#8211; Af\u00fbk Websjop","description":"Het tweetalige (fries\/ nederlands) tijdschrift heit en mem is hier gratis te bestellen. Je betaalt alleen de verzendkosten.","robots":{"index":"index","follow":"follow","max-snippet":"max-snippet:-1","max-image-preview":"max-image-preview:large","max-video-preview":"max-video-preview:-1"},"canonical":"https:\/\/websjop.afuk.frl\/nl\/winkel\/heit-en-mem-nr1-2024\/","og_locale":"nl_NL","og_type":"article","og_title":"heit en mem nr. 1 2024 &#8211; Af\u00fbk Websjop","og_description":"Het tweetalige (fries\/ nederlands) tijdschrift heit en mem is hier gratis te bestellen. Je betaalt alleen de verzendkosten.","og_url":"https:\/\/websjop.afuk.frl\/nl\/winkel\/heit-en-mem-nr1-2024\/","og_site_name":"Af\u00fbk Websjop","article_modified_time":"2024-07-24T08:54:59+00:00","og_image":[{"width":1991,"height":2560,"url":"https:\/\/websjop.afuk.frl\/wp-content\/uploads\/2024\/06\/cover-2024-nr-1-scaled.jpg","type":"image\/jpeg"}],"twitter_card":"summary_large_image","schema":{"@context":"https:\/\/schema.org","@graph":[{"@type":"WebPage","@id":"https:\/\/websjop.afuk.frl\/nl\/winkel\/heit-en-mem-nr1-2024\/","url":"https:\/\/websjop.afuk.frl\/nl\/winkel\/heit-en-mem-nr1-2024\/","name":"heit en mem nr. 1 2024 &#8211; Af\u00fbk Websjop","isPartOf":{"@id":"https:\/\/websjop.afuk.frl\/nl\/#website"},"primaryImageOfPage":{"@id":"https:\/\/websjop.afuk.frl\/nl\/winkel\/heit-en-mem-nr1-2024\/#primaryimage"},"image":{"@id":"https:\/\/websjop.afuk.frl\/nl\/winkel\/heit-en-mem-nr1-2024\/#primaryimage"},"thumbnailUrl":"https:\/\/websjop.afuk.frl\/wp-content\/uploads\/2024\/06\/cover-2024-nr-1-scaled.jpg","datePublished":"2024-06-06T12:00:08+00:00","dateModified":"2024-07-24T08:54:59+00:00","description":"Het tweetalige (fries\/ nederlands) tijdschrift heit en mem is hier gratis te bestellen. Je betaalt alleen de verzendkosten.","breadcrumb":{"@id":"https:\/\/websjop.afuk.frl\/nl\/winkel\/heit-en-mem-nr1-2024\/#breadcrumb"},"inLanguage":"nl-NL","potentialAction":[{"@type":"ReadAction","target":["https:\/\/websjop.afuk.frl\/nl\/winkel\/heit-en-mem-nr1-2024\/"]}]},{"@type":"ImageObject","inLanguage":"nl-NL","@id":"https:\/\/websjop.afuk.frl\/nl\/winkel\/heit-en-mem-nr1-2024\/#primaryimage","url":"https:\/\/websjop.afuk.frl\/wp-content\/uploads\/2024\/06\/cover-2024-nr-1-scaled.jpg","contentUrl":"https:\/\/websjop.afuk.frl\/wp-content\/uploads\/2024\/06\/cover-2024-nr-1-scaled.jpg","width":1991,"height":2560},{"@type":"BreadcrumbList","@id":"https:\/\/websjop.afuk.frl\/nl\/winkel\/heit-en-mem-nr1-2024\/#breadcrumb","itemListElement":[{"@type":"ListItem","position":1,"name":"Home","item":"https:\/\/websjop.afuk.frl\/nl\/"},{"@type":"ListItem","position":2,"name":"Winkel","item":"https:\/\/websjop.afuk.frl\/nl\/winkel\/"},{"@type":"ListItem","position":3,"name":"heit en mem nr. 1 2024"}]},{"@type":"WebSite","@id":"https:\/\/websjop.afuk.frl\/nl\/#website","url":"https:\/\/websjop.afuk.frl\/nl\/","name":"Af\u00fbk Websjop","description":"","potentialAction":[{"@type":"SearchAction","target":{"@type":"EntryPoint","urlTemplate":"https:\/\/websjop.afuk.frl\/nl\/?s={search_term_string}"},"query-input":{"@type":"PropertyValueSpecification","valueRequired":true,"valueName":"search_term_string"}}],"inLanguage":"nl-NL"}]}},"_links":{"self":[{"href":"https:\/\/websjop.afuk.frl\/nl\/wp-json\/wp\/v2\/product\/43554","targetHints":{"allow":["GET"]}}],"collection":[{"href":"https:\/\/websjop.afuk.frl\/nl\/wp-json\/wp\/v2\/product"}],"about":[{"href":"https:\/\/websjop.afuk.frl\/nl\/wp-json\/wp\/v2\/types\/product"}],"replies":[{"embeddable":true,"href":"https:\/\/websjop.afuk.frl\/nl\/wp-json\/wp\/v2\/comments?post=43554"}],"wp:featuredmedia":[{"embeddable":true,"href":"https:\/\/websjop.afuk.frl\/nl\/wp-json\/wp\/v2\/media\/43555"}],"wp:attachment":[{"href":"https:\/\/websjop.afuk.frl\/nl\/wp-json\/wp\/v2\/media?parent=43554"}],"wp:term":[{"taxonomy":"product_brand","embeddable":true,"href":"https:\/\/websjop.afuk.frl\/nl\/wp-json\/wp\/v2\/product_brand?post=43554"},{"taxonomy":"product_cat","embeddable":true,"href":"https:\/\/websjop.afuk.frl\/nl\/wp-json\/wp\/v2\/product_cat?post=43554"},{"taxonomy":"product_tag","embeddable":true,"href":"https:\/\/websjop.afuk.frl\/nl\/wp-json\/wp\/v2\/product_tag?post=43554"}],"curies":[{"name":"wp","href":"https:\/\/api.w.org\/{rel}","templated":true}]}}