{"id":43461,"date":"2024-05-29T12:01:55","date_gmt":"2024-05-29T11:01:55","guid":{"rendered":"https:\/\/websjop.afuk.frl\/nl\/?post_type=product&#038;p=43461"},"modified":"2024-07-01T07:31:56","modified_gmt":"2024-07-01T06:31:56","slug":"rondjes-om-de-kerken-in-noord-fryslan-wandelen-fietsen","status":"publish","type":"product","link":"https:\/\/websjop.afuk.frl\/nl\/winkel\/rondjes-om-de-kerken-in-noord-fryslan-wandelen-fietsen\/","title":{"rendered":"Rondjes om de kerken in Noord-Frysl\u00e2n, wandelen &amp; fietsen"},"content":{"rendered":"<p>Kerken fungeren als bakens in het landschap. In het weidse terpengebied is de kerk een markante verschijning. De monumenten vertellen een verhaal van saamhorigheid en vormen een ideale uitvalsbasis om het omliggende cultuurlandschap te verkennen. Rondjes om de kerken bevat 26 inspirerende en verrassende pelgrimsroutes in Noord-Frysl\u00e2n. De weidsheid, de lichtval, wolken en het ruisen van de wind sluiten naadloos aan bij de sobere verstilling die de kerken bieden. Wijkplaatsen en vluchtheuvels in drukke tijden. Routes om offline te gaan.<\/p>\n<p>De uitgave is tot stand gekomen in nauwe samenwerking met stichting Tsjerkepaad die ijvert voor ruimere openstelling van de monumentale kerken in Frysl\u00e2n.<\/p>\n","protected":false},"excerpt":{"rendered":"<p>Kerken fungeren als bakens in het landschap. In het weidse terpengebied is de kerk een markante verschijning. De monumenten vertellen een verhaal van saamhorigheid en vormen een ideale uitvalsbasis om het omliggende cultuurlandschap te verkennen. Rondjes om de kerken bevat 26 inspirerende en verrassende pelgrimsroutes in Noord-Frysl\u00e2n. De weidsheid, de lichtval, wolken en het ruisen [&hellip;]<\/p>\n","protected":false},"featured_media":43462,"comment_status":"closed","ping_status":"closed","template":"","meta":{"_acf_changed":false},"product_brand":[],"product_cat":[535,555,18203,542,1216,540,1313,543],"product_tag":[6319,6922,14969,22729,22728,6320],"class_list":{"0":"post-43461","1":"product","2":"type-product","3":"status-publish","4":"has-post-thumbnail","6":"product_cat-fryske-boeken","7":"product_cat-hobby","8":"product_cat-wandelen-en-fietsen","9":"product_cat-natoer","10":"product_cat-natoer-en-toerisme","11":"product_cat-religy","12":"product_cat-simmer-yn-fryslan","13":"product_cat-toerisme","14":"product_tag-fietsroutes","15":"product_tag-fokko-bosker","16":"product_tag-noord-fryslan","17":"product_tag-pelgrimroute","18":"product_tag-rondjes-om-de-kerken","19":"product_tag-wandelroutes","20":"product_shipping_class-brievenbus-verzending","21":"pa_auteur-fokko-bosker","22":"pa_isbn-22727","23":"pa_new-label-1-3","24":"pa_taal-nederlands","25":"pa_uitgever-noordboek","27":"first","28":"instock","29":"taxable","30":"shipping-taxable","31":"purchasable","32":"product-type-simple"},"acf":[],"yoast_head":"<!-- This site is optimized with the Yoast SEO plugin v27.3 - https:\/\/yoast.com\/product\/yoast-seo-wordpress\/ -->\n<title>Rondjes om de kerken in Noord-Frysl\u00e2n, wandelen &amp; fietsen &#8211; Af\u00fbk Websjop<\/title>\n<meta name=\"description\" content=\"Rondjes om de kerken in Noord-Frysl\u00e2n bevat 26 inspirerende en verrassende pelgrimsroutes in Noord-Frysl\u00e2n. Zowel wandel- als fietsroutes.\" \/>\n<meta name=\"robots\" content=\"index, follow, max-snippet:-1, max-image-preview:large, max-video-preview:-1\" \/>\n<link rel=\"canonical\" href=\"https:\/\/websjop.afuk.frl\/nl\/winkel\/rondjes-om-de-kerken-in-noord-fryslan-wandelen-fietsen\/\" \/>\n<meta property=\"og:locale\" content=\"nl_NL\" \/>\n<meta property=\"og:type\" content=\"article\" \/>\n<meta property=\"og:title\" content=\"Rondjes om de kerken in Noord-Frysl\u00e2n, wandelen &amp; fietsen &#8211; Af\u00fbk Websjop\" \/>\n<meta property=\"og:description\" content=\"Rondjes om de kerken in Noord-Frysl\u00e2n bevat 26 inspirerende en verrassende pelgrimsroutes in Noord-Frysl\u00e2n. Zowel wandel- als fietsroutes.\" \/>\n<meta property=\"og:url\" content=\"https:\/\/websjop.afuk.frl\/nl\/winkel\/rondjes-om-de-kerken-in-noord-fryslan-wandelen-fietsen\/\" \/>\n<meta property=\"og:site_name\" content=\"Af\u00fbk Websjop\" \/>\n<meta property=\"article:modified_time\" content=\"2024-07-01T06:31:56+00:00\" \/>\n<meta property=\"og:image\" content=\"https:\/\/websjop.afuk.frl\/wp-content\/uploads\/2024\/05\/Rondjes-om-de-kerken.jpg\" \/>\n\t<meta property=\"og:image:width\" content=\"300\" \/>\n\t<meta property=\"og:image:height\" content=\"514\" \/>\n\t<meta property=\"og:image:type\" content=\"image\/jpeg\" \/>\n<meta name=\"twitter:card\" content=\"summary_large_image\" \/>\n<meta name=\"twitter:label1\" content=\"Geschatte leestijd\" \/>\n\t<meta name=\"twitter:data1\" content=\"1 minuut\" \/>\n<script type=\"application\/ld+json\" class=\"yoast-schema-graph\">{\"@context\":\"https:\\\/\\\/schema.org\",\"@graph\":[{\"@type\":\"WebPage\",\"@id\":\"https:\\\/\\\/websjop.afuk.frl\\\/nl\\\/winkel\\\/rondjes-om-de-kerken-in-noord-fryslan-wandelen-fietsen\\\/\",\"url\":\"https:\\\/\\\/websjop.afuk.frl\\\/nl\\\/winkel\\\/rondjes-om-de-kerken-in-noord-fryslan-wandelen-fietsen\\\/\",\"name\":\"Rondjes om de kerken in Noord-Frysl\u00e2n, wandelen &amp; fietsen &#8211; Af\u00fbk Websjop\",\"isPartOf\":{\"@id\":\"https:\\\/\\\/websjop.afuk.frl\\\/nl\\\/#website\"},\"primaryImageOfPage\":{\"@id\":\"https:\\\/\\\/websjop.afuk.frl\\\/nl\\\/winkel\\\/rondjes-om-de-kerken-in-noord-fryslan-wandelen-fietsen\\\/#primaryimage\"},\"image\":{\"@id\":\"https:\\\/\\\/websjop.afuk.frl\\\/nl\\\/winkel\\\/rondjes-om-de-kerken-in-noord-fryslan-wandelen-fietsen\\\/#primaryimage\"},\"thumbnailUrl\":\"https:\\\/\\\/websjop.afuk.frl\\\/wp-content\\\/uploads\\\/2024\\\/05\\\/Rondjes-om-de-kerken.jpg\",\"datePublished\":\"2024-05-29T11:01:55+00:00\",\"dateModified\":\"2024-07-01T06:31:56+00:00\",\"description\":\"Rondjes om de kerken in Noord-Frysl\u00e2n bevat 26 inspirerende en verrassende pelgrimsroutes in Noord-Frysl\u00e2n. Zowel wandel- als fietsroutes.\",\"breadcrumb\":{\"@id\":\"https:\\\/\\\/websjop.afuk.frl\\\/nl\\\/winkel\\\/rondjes-om-de-kerken-in-noord-fryslan-wandelen-fietsen\\\/#breadcrumb\"},\"inLanguage\":\"nl-NL\",\"potentialAction\":[{\"@type\":\"ReadAction\",\"target\":[\"https:\\\/\\\/websjop.afuk.frl\\\/nl\\\/winkel\\\/rondjes-om-de-kerken-in-noord-fryslan-wandelen-fietsen\\\/\"]}]},{\"@type\":\"ImageObject\",\"inLanguage\":\"nl-NL\",\"@id\":\"https:\\\/\\\/websjop.afuk.frl\\\/nl\\\/winkel\\\/rondjes-om-de-kerken-in-noord-fryslan-wandelen-fietsen\\\/#primaryimage\",\"url\":\"https:\\\/\\\/websjop.afuk.frl\\\/wp-content\\\/uploads\\\/2024\\\/05\\\/Rondjes-om-de-kerken.jpg\",\"contentUrl\":\"https:\\\/\\\/websjop.afuk.frl\\\/wp-content\\\/uploads\\\/2024\\\/05\\\/Rondjes-om-de-kerken.jpg\",\"width\":300,\"height\":514},{\"@type\":\"BreadcrumbList\",\"@id\":\"https:\\\/\\\/websjop.afuk.frl\\\/nl\\\/winkel\\\/rondjes-om-de-kerken-in-noord-fryslan-wandelen-fietsen\\\/#breadcrumb\",\"itemListElement\":[{\"@type\":\"ListItem\",\"position\":1,\"name\":\"Home\",\"item\":\"https:\\\/\\\/websjop.afuk.frl\\\/nl\\\/\"},{\"@type\":\"ListItem\",\"position\":2,\"name\":\"Winkel\",\"item\":\"https:\\\/\\\/websjop.afuk.frl\\\/nl\\\/winkel\\\/\"},{\"@type\":\"ListItem\",\"position\":3,\"name\":\"Rondjes om de kerken in Noord-Frysl\u00e2n, wandelen &amp; fietsen\"}]},{\"@type\":\"WebSite\",\"@id\":\"https:\\\/\\\/websjop.afuk.frl\\\/nl\\\/#website\",\"url\":\"https:\\\/\\\/websjop.afuk.frl\\\/nl\\\/\",\"name\":\"Af\u00fbk Websjop\",\"description\":\"\",\"potentialAction\":[{\"@type\":\"SearchAction\",\"target\":{\"@type\":\"EntryPoint\",\"urlTemplate\":\"https:\\\/\\\/websjop.afuk.frl\\\/nl\\\/?s={search_term_string}\"},\"query-input\":{\"@type\":\"PropertyValueSpecification\",\"valueRequired\":true,\"valueName\":\"search_term_string\"}}],\"inLanguage\":\"nl-NL\"}]}<\/script>\n<!-- \/ Yoast SEO plugin. -->","yoast_head_json":{"title":"Rondjes om de kerken in Noord-Frysl\u00e2n, wandelen &amp; fietsen &#8211; Af\u00fbk Websjop","description":"Rondjes om de kerken in Noord-Frysl\u00e2n bevat 26 inspirerende en verrassende pelgrimsroutes in Noord-Frysl\u00e2n. Zowel wandel- als fietsroutes.","robots":{"index":"index","follow":"follow","max-snippet":"max-snippet:-1","max-image-preview":"max-image-preview:large","max-video-preview":"max-video-preview:-1"},"canonical":"https:\/\/websjop.afuk.frl\/nl\/winkel\/rondjes-om-de-kerken-in-noord-fryslan-wandelen-fietsen\/","og_locale":"nl_NL","og_type":"article","og_title":"Rondjes om de kerken in Noord-Frysl\u00e2n, wandelen &amp; fietsen &#8211; Af\u00fbk Websjop","og_description":"Rondjes om de kerken in Noord-Frysl\u00e2n bevat 26 inspirerende en verrassende pelgrimsroutes in Noord-Frysl\u00e2n. Zowel wandel- als fietsroutes.","og_url":"https:\/\/websjop.afuk.frl\/nl\/winkel\/rondjes-om-de-kerken-in-noord-fryslan-wandelen-fietsen\/","og_site_name":"Af\u00fbk Websjop","article_modified_time":"2024-07-01T06:31:56+00:00","og_image":[{"width":300,"height":514,"url":"https:\/\/websjop.afuk.frl\/wp-content\/uploads\/2024\/05\/Rondjes-om-de-kerken.jpg","type":"image\/jpeg"}],"twitter_card":"summary_large_image","twitter_misc":{"Geschatte leestijd":"1 minuut"},"schema":{"@context":"https:\/\/schema.org","@graph":[{"@type":"WebPage","@id":"https:\/\/websjop.afuk.frl\/nl\/winkel\/rondjes-om-de-kerken-in-noord-fryslan-wandelen-fietsen\/","url":"https:\/\/websjop.afuk.frl\/nl\/winkel\/rondjes-om-de-kerken-in-noord-fryslan-wandelen-fietsen\/","name":"Rondjes om de kerken in Noord-Frysl\u00e2n, wandelen &amp; fietsen &#8211; Af\u00fbk Websjop","isPartOf":{"@id":"https:\/\/websjop.afuk.frl\/nl\/#website"},"primaryImageOfPage":{"@id":"https:\/\/websjop.afuk.frl\/nl\/winkel\/rondjes-om-de-kerken-in-noord-fryslan-wandelen-fietsen\/#primaryimage"},"image":{"@id":"https:\/\/websjop.afuk.frl\/nl\/winkel\/rondjes-om-de-kerken-in-noord-fryslan-wandelen-fietsen\/#primaryimage"},"thumbnailUrl":"https:\/\/websjop.afuk.frl\/wp-content\/uploads\/2024\/05\/Rondjes-om-de-kerken.jpg","datePublished":"2024-05-29T11:01:55+00:00","dateModified":"2024-07-01T06:31:56+00:00","description":"Rondjes om de kerken in Noord-Frysl\u00e2n bevat 26 inspirerende en verrassende pelgrimsroutes in Noord-Frysl\u00e2n. Zowel wandel- als fietsroutes.","breadcrumb":{"@id":"https:\/\/websjop.afuk.frl\/nl\/winkel\/rondjes-om-de-kerken-in-noord-fryslan-wandelen-fietsen\/#breadcrumb"},"inLanguage":"nl-NL","potentialAction":[{"@type":"ReadAction","target":["https:\/\/websjop.afuk.frl\/nl\/winkel\/rondjes-om-de-kerken-in-noord-fryslan-wandelen-fietsen\/"]}]},{"@type":"ImageObject","inLanguage":"nl-NL","@id":"https:\/\/websjop.afuk.frl\/nl\/winkel\/rondjes-om-de-kerken-in-noord-fryslan-wandelen-fietsen\/#primaryimage","url":"https:\/\/websjop.afuk.frl\/wp-content\/uploads\/2024\/05\/Rondjes-om-de-kerken.jpg","contentUrl":"https:\/\/websjop.afuk.frl\/wp-content\/uploads\/2024\/05\/Rondjes-om-de-kerken.jpg","width":300,"height":514},{"@type":"BreadcrumbList","@id":"https:\/\/websjop.afuk.frl\/nl\/winkel\/rondjes-om-de-kerken-in-noord-fryslan-wandelen-fietsen\/#breadcrumb","itemListElement":[{"@type":"ListItem","position":1,"name":"Home","item":"https:\/\/websjop.afuk.frl\/nl\/"},{"@type":"ListItem","position":2,"name":"Winkel","item":"https:\/\/websjop.afuk.frl\/nl\/winkel\/"},{"@type":"ListItem","position":3,"name":"Rondjes om de kerken in Noord-Frysl\u00e2n, wandelen &amp; fietsen"}]},{"@type":"WebSite","@id":"https:\/\/websjop.afuk.frl\/nl\/#website","url":"https:\/\/websjop.afuk.frl\/nl\/","name":"Af\u00fbk Websjop","description":"","potentialAction":[{"@type":"SearchAction","target":{"@type":"EntryPoint","urlTemplate":"https:\/\/websjop.afuk.frl\/nl\/?s={search_term_string}"},"query-input":{"@type":"PropertyValueSpecification","valueRequired":true,"valueName":"search_term_string"}}],"inLanguage":"nl-NL"}]}},"_links":{"self":[{"href":"https:\/\/websjop.afuk.frl\/nl\/wp-json\/wp\/v2\/product\/43461","targetHints":{"allow":["GET"]}}],"collection":[{"href":"https:\/\/websjop.afuk.frl\/nl\/wp-json\/wp\/v2\/product"}],"about":[{"href":"https:\/\/websjop.afuk.frl\/nl\/wp-json\/wp\/v2\/types\/product"}],"replies":[{"embeddable":true,"href":"https:\/\/websjop.afuk.frl\/nl\/wp-json\/wp\/v2\/comments?post=43461"}],"wp:featuredmedia":[{"embeddable":true,"href":"https:\/\/websjop.afuk.frl\/nl\/wp-json\/wp\/v2\/media\/43462"}],"wp:attachment":[{"href":"https:\/\/websjop.afuk.frl\/nl\/wp-json\/wp\/v2\/media?parent=43461"}],"wp:term":[{"taxonomy":"product_brand","embeddable":true,"href":"https:\/\/websjop.afuk.frl\/nl\/wp-json\/wp\/v2\/product_brand?post=43461"},{"taxonomy":"product_cat","embeddable":true,"href":"https:\/\/websjop.afuk.frl\/nl\/wp-json\/wp\/v2\/product_cat?post=43461"},{"taxonomy":"product_tag","embeddable":true,"href":"https:\/\/websjop.afuk.frl\/nl\/wp-json\/wp\/v2\/product_tag?post=43461"}],"curies":[{"name":"wp","href":"https:\/\/api.w.org\/{rel}","templated":true}]}}