{"id":43178,"date":"2024-04-26T08:35:42","date_gmt":"2024-04-26T07:35:42","guid":{"rendered":"https:\/\/websjop.afuk.frl\/nl\/?post_type=product&#038;p=43178"},"modified":"2025-03-03T11:30:41","modified_gmt":"2025-03-03T10:30:41","slug":"pim-en-pier","status":"publish","type":"product","link":"https:\/\/websjop.afuk.frl\/nl\/winkel\/pim-en-pier\/","title":{"rendered":"Pim en Pier"},"content":{"rendered":"<p>Pim en Pier zijn twee mannetjes pinguins. Ze zijn altijd samen. Pim zou heel graag een kuiken willen met Pier, maar hoe moet dat? En kunnen ze zo&#8217;n kuiken wel samen grootbrengen?<\/p>\n<p>Een warm prentenboek, ge\u00efnspireerd op een waargebeurd verhaal.<\/p>\n<p>Leeftijd: 3 &#8211; 5 jaar.<\/p>\n<hr \/>\n<p><em>Harmke: &#8220;Dit boek is net allinnich moai en leuk, it is ek goed foar bern dat se fan\u00f4f jonge leeftiid ferhalen hearre oer in oare gesinssituaasje as in tradisjonele h\u00fash\u00e2lding.&#8221; <a href=\"https:\/\/heitenmem.frl\/resinsje-pim-en-pier-troch-harmke\/\" target=\"_blank\" rel=\"noopener\">L\u00eas hjir de folsleine resinsje fan Harmke.<\/a><\/em><\/p>\n<p><em>Baukje: &#8220;De tekeningen yn it boek binne prachtich. Silke en Lianne fine se hiel grappich. Ek leuk is dat it aai net yn ien kear \u00fatkomt, mar stapsgewiis. Dat soarget foar in aardich ferrassingselemint (\u2018Sjoch mem, syn snaffel!\u2019).&#8221; <a href=\"https:\/\/heitenmem.frl\/resinsje-pim-en-pier-troch-baukje\/\" target=\"_blank\" rel=\"noopener\">Les hjir de folsleine resinsje fan Baukje.<\/a><\/em><\/p>\n","protected":false},"excerpt":{"rendered":"<p>Pim en Pier zijn twee mannetjes pinguins. Ze zijn altijd samen. Pim zou heel graag een kuiken willen met Pier, maar hoe moet dat? En kunnen ze zo&#8217;n kuiken wel samen grootbrengen? Een warm prentenboek, ge\u00efnspireerd op een waargebeurd verhaal. Leeftijd: 3 &#8211; 5 jaar. Harmke: &#8220;Dit boek is net allinnich moai en leuk, it [&hellip;]<\/p>\n","protected":false},"featured_media":43179,"comment_status":"closed","ping_status":"closed","template":"","meta":{"_acf_changed":false},"product_brand":[],"product_cat":[1213,549,550,535,19390,23208,22393],"product_tag":[22703,22706,19007,22701,22704,22705,22702],"class_list":{"0":"post-43178","1":"product","2":"type-product","3":"status-publish","4":"has-post-thumbnail","6":"product_cat-berne-en-jeugdboeken","7":"product_cat-berneboeken-0-tot-4-jaar","8":"product_cat-berneboeken-4-8","9":"product_cat-fryske-boeken","10":"product_cat-roze-list","11":"product_cat-tema-famylje","12":"product_cat-tema-winter-foar-jonge-bern","13":"product_tag-joke-scheffer","14":"product_tag-kuiken","15":"product_tag-lhbti","16":"product_tag-pim-en-pier","17":"product_tag-pinguins","18":"product_tag-pykje","19":"product_tag-wim-swart","20":"product_shipping_class-brievenbus-verzending","21":"pa_auteur-joke-scheffer","22":"pa_isbn-22700","23":"pa_new-label-1-3","24":"pa_taal-frysk","25":"pa_uitgever-afuk","27":"first","28":"instock","29":"taxable","30":"shipping-taxable","31":"purchasable","32":"product-type-simple"},"acf":[],"yoast_head":"<!-- This site is optimized with the Yoast SEO plugin v27.3 - https:\/\/yoast.com\/product\/yoast-seo-wordpress\/ -->\n<title>Pim en Pier &#8211; Af\u00fbk Websjop<\/title>\n<meta name=\"description\" content=\"Pim en Pier zijn twee mannetjes pinguins. Ze zijn altijd samen. Pim zou heel graag een kuiken willen met Pier, maar hoe moet dat?\" \/>\n<meta name=\"robots\" content=\"index, follow, max-snippet:-1, max-image-preview:large, max-video-preview:-1\" \/>\n<link rel=\"canonical\" href=\"https:\/\/websjop.afuk.frl\/nl\/winkel\/pim-en-pier\/\" \/>\n<meta property=\"og:locale\" content=\"nl_NL\" \/>\n<meta property=\"og:type\" content=\"article\" \/>\n<meta property=\"og:title\" content=\"Pim en Pier &#8211; Af\u00fbk Websjop\" \/>\n<meta property=\"og:description\" content=\"Pim en Pier zijn twee mannetjes pinguins. Ze zijn altijd samen. Pim zou heel graag een kuiken willen met Pier, maar hoe moet dat?\" \/>\n<meta property=\"og:url\" content=\"https:\/\/websjop.afuk.frl\/nl\/winkel\/pim-en-pier\/\" \/>\n<meta property=\"og:site_name\" content=\"Af\u00fbk Websjop\" \/>\n<meta property=\"article:modified_time\" content=\"2025-03-03T10:30:41+00:00\" \/>\n<meta property=\"og:image\" content=\"https:\/\/websjop.afuk.frl\/wp-content\/uploads\/2024\/04\/Pim-en-Pier-LR.jpg\" \/>\n\t<meta property=\"og:image:width\" content=\"1000\" \/>\n\t<meta property=\"og:image:height\" content=\"1013\" \/>\n\t<meta property=\"og:image:type\" content=\"image\/jpeg\" \/>\n<meta name=\"twitter:card\" content=\"summary_large_image\" \/>\n<meta name=\"twitter:label1\" content=\"Geschatte leestijd\" \/>\n\t<meta name=\"twitter:data1\" content=\"2 minuten\" \/>\n<script type=\"application\/ld+json\" class=\"yoast-schema-graph\">{\"@context\":\"https:\\\/\\\/schema.org\",\"@graph\":[{\"@type\":\"WebPage\",\"@id\":\"https:\\\/\\\/websjop.afuk.frl\\\/nl\\\/winkel\\\/pim-en-pier\\\/\",\"url\":\"https:\\\/\\\/websjop.afuk.frl\\\/nl\\\/winkel\\\/pim-en-pier\\\/\",\"name\":\"Pim en Pier &#8211; Af\u00fbk Websjop\",\"isPartOf\":{\"@id\":\"https:\\\/\\\/websjop.afuk.frl\\\/nl\\\/#website\"},\"primaryImageOfPage\":{\"@id\":\"https:\\\/\\\/websjop.afuk.frl\\\/nl\\\/winkel\\\/pim-en-pier\\\/#primaryimage\"},\"image\":{\"@id\":\"https:\\\/\\\/websjop.afuk.frl\\\/nl\\\/winkel\\\/pim-en-pier\\\/#primaryimage\"},\"thumbnailUrl\":\"https:\\\/\\\/websjop.afuk.frl\\\/wp-content\\\/uploads\\\/2024\\\/04\\\/Pim-en-Pier-LR.jpg\",\"datePublished\":\"2024-04-26T07:35:42+00:00\",\"dateModified\":\"2025-03-03T10:30:41+00:00\",\"description\":\"Pim en Pier zijn twee mannetjes pinguins. Ze zijn altijd samen. Pim zou heel graag een kuiken willen met Pier, maar hoe moet dat?\",\"breadcrumb\":{\"@id\":\"https:\\\/\\\/websjop.afuk.frl\\\/nl\\\/winkel\\\/pim-en-pier\\\/#breadcrumb\"},\"inLanguage\":\"nl-NL\",\"potentialAction\":[{\"@type\":\"ReadAction\",\"target\":[\"https:\\\/\\\/websjop.afuk.frl\\\/nl\\\/winkel\\\/pim-en-pier\\\/\"]}]},{\"@type\":\"ImageObject\",\"inLanguage\":\"nl-NL\",\"@id\":\"https:\\\/\\\/websjop.afuk.frl\\\/nl\\\/winkel\\\/pim-en-pier\\\/#primaryimage\",\"url\":\"https:\\\/\\\/websjop.afuk.frl\\\/wp-content\\\/uploads\\\/2024\\\/04\\\/Pim-en-Pier-LR.jpg\",\"contentUrl\":\"https:\\\/\\\/websjop.afuk.frl\\\/wp-content\\\/uploads\\\/2024\\\/04\\\/Pim-en-Pier-LR.jpg\",\"width\":1000,\"height\":1013},{\"@type\":\"BreadcrumbList\",\"@id\":\"https:\\\/\\\/websjop.afuk.frl\\\/nl\\\/winkel\\\/pim-en-pier\\\/#breadcrumb\",\"itemListElement\":[{\"@type\":\"ListItem\",\"position\":1,\"name\":\"Home\",\"item\":\"https:\\\/\\\/websjop.afuk.frl\\\/nl\\\/\"},{\"@type\":\"ListItem\",\"position\":2,\"name\":\"Winkel\",\"item\":\"https:\\\/\\\/websjop.afuk.frl\\\/nl\\\/winkel\\\/\"},{\"@type\":\"ListItem\",\"position\":3,\"name\":\"Pim en Pier\"}]},{\"@type\":\"WebSite\",\"@id\":\"https:\\\/\\\/websjop.afuk.frl\\\/nl\\\/#website\",\"url\":\"https:\\\/\\\/websjop.afuk.frl\\\/nl\\\/\",\"name\":\"Af\u00fbk Websjop\",\"description\":\"\",\"potentialAction\":[{\"@type\":\"SearchAction\",\"target\":{\"@type\":\"EntryPoint\",\"urlTemplate\":\"https:\\\/\\\/websjop.afuk.frl\\\/nl\\\/?s={search_term_string}\"},\"query-input\":{\"@type\":\"PropertyValueSpecification\",\"valueRequired\":true,\"valueName\":\"search_term_string\"}}],\"inLanguage\":\"nl-NL\"}]}<\/script>\n<!-- \/ Yoast SEO plugin. -->","yoast_head_json":{"title":"Pim en Pier &#8211; Af\u00fbk Websjop","description":"Pim en Pier zijn twee mannetjes pinguins. Ze zijn altijd samen. Pim zou heel graag een kuiken willen met Pier, maar hoe moet dat?","robots":{"index":"index","follow":"follow","max-snippet":"max-snippet:-1","max-image-preview":"max-image-preview:large","max-video-preview":"max-video-preview:-1"},"canonical":"https:\/\/websjop.afuk.frl\/nl\/winkel\/pim-en-pier\/","og_locale":"nl_NL","og_type":"article","og_title":"Pim en Pier &#8211; Af\u00fbk Websjop","og_description":"Pim en Pier zijn twee mannetjes pinguins. Ze zijn altijd samen. Pim zou heel graag een kuiken willen met Pier, maar hoe moet dat?","og_url":"https:\/\/websjop.afuk.frl\/nl\/winkel\/pim-en-pier\/","og_site_name":"Af\u00fbk Websjop","article_modified_time":"2025-03-03T10:30:41+00:00","og_image":[{"width":1000,"height":1013,"url":"https:\/\/websjop.afuk.frl\/wp-content\/uploads\/2024\/04\/Pim-en-Pier-LR.jpg","type":"image\/jpeg"}],"twitter_card":"summary_large_image","twitter_misc":{"Geschatte leestijd":"2 minuten"},"schema":{"@context":"https:\/\/schema.org","@graph":[{"@type":"WebPage","@id":"https:\/\/websjop.afuk.frl\/nl\/winkel\/pim-en-pier\/","url":"https:\/\/websjop.afuk.frl\/nl\/winkel\/pim-en-pier\/","name":"Pim en Pier &#8211; Af\u00fbk Websjop","isPartOf":{"@id":"https:\/\/websjop.afuk.frl\/nl\/#website"},"primaryImageOfPage":{"@id":"https:\/\/websjop.afuk.frl\/nl\/winkel\/pim-en-pier\/#primaryimage"},"image":{"@id":"https:\/\/websjop.afuk.frl\/nl\/winkel\/pim-en-pier\/#primaryimage"},"thumbnailUrl":"https:\/\/websjop.afuk.frl\/wp-content\/uploads\/2024\/04\/Pim-en-Pier-LR.jpg","datePublished":"2024-04-26T07:35:42+00:00","dateModified":"2025-03-03T10:30:41+00:00","description":"Pim en Pier zijn twee mannetjes pinguins. Ze zijn altijd samen. Pim zou heel graag een kuiken willen met Pier, maar hoe moet dat?","breadcrumb":{"@id":"https:\/\/websjop.afuk.frl\/nl\/winkel\/pim-en-pier\/#breadcrumb"},"inLanguage":"nl-NL","potentialAction":[{"@type":"ReadAction","target":["https:\/\/websjop.afuk.frl\/nl\/winkel\/pim-en-pier\/"]}]},{"@type":"ImageObject","inLanguage":"nl-NL","@id":"https:\/\/websjop.afuk.frl\/nl\/winkel\/pim-en-pier\/#primaryimage","url":"https:\/\/websjop.afuk.frl\/wp-content\/uploads\/2024\/04\/Pim-en-Pier-LR.jpg","contentUrl":"https:\/\/websjop.afuk.frl\/wp-content\/uploads\/2024\/04\/Pim-en-Pier-LR.jpg","width":1000,"height":1013},{"@type":"BreadcrumbList","@id":"https:\/\/websjop.afuk.frl\/nl\/winkel\/pim-en-pier\/#breadcrumb","itemListElement":[{"@type":"ListItem","position":1,"name":"Home","item":"https:\/\/websjop.afuk.frl\/nl\/"},{"@type":"ListItem","position":2,"name":"Winkel","item":"https:\/\/websjop.afuk.frl\/nl\/winkel\/"},{"@type":"ListItem","position":3,"name":"Pim en Pier"}]},{"@type":"WebSite","@id":"https:\/\/websjop.afuk.frl\/nl\/#website","url":"https:\/\/websjop.afuk.frl\/nl\/","name":"Af\u00fbk Websjop","description":"","potentialAction":[{"@type":"SearchAction","target":{"@type":"EntryPoint","urlTemplate":"https:\/\/websjop.afuk.frl\/nl\/?s={search_term_string}"},"query-input":{"@type":"PropertyValueSpecification","valueRequired":true,"valueName":"search_term_string"}}],"inLanguage":"nl-NL"}]}},"_links":{"self":[{"href":"https:\/\/websjop.afuk.frl\/nl\/wp-json\/wp\/v2\/product\/43178","targetHints":{"allow":["GET"]}}],"collection":[{"href":"https:\/\/websjop.afuk.frl\/nl\/wp-json\/wp\/v2\/product"}],"about":[{"href":"https:\/\/websjop.afuk.frl\/nl\/wp-json\/wp\/v2\/types\/product"}],"replies":[{"embeddable":true,"href":"https:\/\/websjop.afuk.frl\/nl\/wp-json\/wp\/v2\/comments?post=43178"}],"wp:featuredmedia":[{"embeddable":true,"href":"https:\/\/websjop.afuk.frl\/nl\/wp-json\/wp\/v2\/media\/43179"}],"wp:attachment":[{"href":"https:\/\/websjop.afuk.frl\/nl\/wp-json\/wp\/v2\/media?parent=43178"}],"wp:term":[{"taxonomy":"product_brand","embeddable":true,"href":"https:\/\/websjop.afuk.frl\/nl\/wp-json\/wp\/v2\/product_brand?post=43178"},{"taxonomy":"product_cat","embeddable":true,"href":"https:\/\/websjop.afuk.frl\/nl\/wp-json\/wp\/v2\/product_cat?post=43178"},{"taxonomy":"product_tag","embeddable":true,"href":"https:\/\/websjop.afuk.frl\/nl\/wp-json\/wp\/v2\/product_tag?post=43178"}],"curies":[{"name":"wp","href":"https:\/\/api.w.org\/{rel}","templated":true}]}}