{"id":43111,"date":"2024-04-18T10:01:42","date_gmt":"2024-04-18T09:01:42","guid":{"rendered":"https:\/\/websjop.afuk.frl\/nl\/?post_type=product&#038;p=43111"},"modified":"2024-05-31T15:41:15","modified_gmt":"2024-05-31T14:41:15","slug":"made-in-fryslan-honderd-jaar-design-1924-2024","status":"publish","type":"product","link":"https:\/\/websjop.afuk.frl\/nl\/winkel\/made-in-fryslan-honderd-jaar-design-1924-2024\/","title":{"rendered":"Made in Frysl\u00e2n &#8211; Honderd jaar design 1924-2024"},"content":{"rendered":"<p>In Made in Frysl\u00e2n vertelt Bert Looper het boeiende verhaal van design in Frysl\u00e2n in de afgelopen honderd jaar. Het is een verhaal van voortdurende innovatie in traditie. De klassieke rotanstoel uit Noordwolde veranderde in handen van Gerard van den Berg in de spannende \u2018stoel van het jaar 1985\u2019.<\/p>\n<p>De eeuwenoude keramiek van Tichelaar Makkum werd opzienbarend design door de creativiteit van Studio Job en Hella Jongerius. Christien Meindertsma maakte furore op de \u2018Salone\u2019 van Milaan met haar interpretatie van het Hindelooper meubel. En Claudy Jongstra laat in haar viltkleden zien wat ecologisch activisme en design kunnen betekenen voor de maatschappij van de eenentwintigste eeuw. Kortom, de vruchtbare combinatie van traditie en ambacht, kunst en vernieuwing vormt de rode draad in het verhaal van Frysl\u00e2n als een verrassende broedplaats van design.<\/p>\n<p>Bert Looper is historicus en publiceert boeken en artikelen over geschiedenis, kunst en design.<\/p>\n","protected":false},"excerpt":{"rendered":"<p>In Made in Frysl\u00e2n vertelt Bert Looper het boeiende verhaal van design in Frysl\u00e2n in de afgelopen honderd jaar. Het is een verhaal van voortdurende innovatie in traditie. De klassieke rotanstoel uit Noordwolde veranderde in handen van Gerard van den Berg in de spannende \u2018stoel van het jaar 1985\u2019. De eeuwenoude keramiek van Tichelaar Makkum [&hellip;]<\/p>\n","protected":false},"featured_media":43112,"comment_status":"closed","ping_status":"closed","template":"","meta":{"_acf_changed":false},"product_brand":[],"product_cat":[535,544,539],"product_tag":[22686,22687,22501,5210,22685,18821],"class_list":{"0":"post-43111","1":"product","2":"type-product","3":"status-publish","4":"has-post-thumbnail","6":"product_cat-fryske-boeken","7":"product_cat-keunst-en-kultuer","8":"product_cat-skiednis","9":"product_tag-100-jaar-design","10":"product_tag-ambacht","11":"product_tag-bert-looper","12":"product_tag-kunst","13":"product_tag-made-yn-fryslan","14":"product_tag-traditie","15":"product_shipping_class-brievenbus-verzending","16":"pa_auteur-bert-looper","17":"pa_isbn-22684","18":"pa_new-label-1-3","19":"pa_taal-nederlands","20":"pa_uitgever-noordboek","22":"first","23":"instock","24":"taxable","25":"shipping-taxable","26":"purchasable","27":"product-type-simple"},"acf":[],"yoast_head":"<!-- This site is optimized with the Yoast SEO plugin v27.2 - https:\/\/yoast.com\/product\/yoast-seo-wordpress\/ -->\n<title>Made in Frysl\u00e2n - Honderd jaar design 1924-2024 &#8211; Af\u00fbk Websjop<\/title>\n<meta name=\"description\" content=\"In Made in Frysl\u00e2n vertelt Bert Looper het boeiende verhaal van design in Frysl\u00e2n in de afgelopen honderd jaar: 1924 - 2024.\" \/>\n<meta name=\"robots\" content=\"index, follow, max-snippet:-1, max-image-preview:large, max-video-preview:-1\" \/>\n<link rel=\"canonical\" href=\"https:\/\/websjop.afuk.frl\/nl\/winkel\/made-in-fryslan-honderd-jaar-design-1924-2024\/\" \/>\n<meta property=\"og:locale\" content=\"nl_NL\" \/>\n<meta property=\"og:type\" content=\"article\" \/>\n<meta property=\"og:title\" content=\"Made in Frysl\u00e2n - Honderd jaar design 1924-2024 &#8211; Af\u00fbk Websjop\" \/>\n<meta property=\"og:description\" content=\"In Made in Frysl\u00e2n vertelt Bert Looper het boeiende verhaal van design in Frysl\u00e2n in de afgelopen honderd jaar: 1924 - 2024.\" \/>\n<meta property=\"og:url\" content=\"https:\/\/websjop.afuk.frl\/nl\/winkel\/made-in-fryslan-honderd-jaar-design-1924-2024\/\" \/>\n<meta property=\"og:site_name\" content=\"Af\u00fbk Websjop\" \/>\n<meta property=\"article:modified_time\" content=\"2024-05-31T14:41:15+00:00\" \/>\n<meta property=\"og:image\" content=\"https:\/\/websjop.afuk.frl\/wp-content\/uploads\/2024\/04\/Made-yn-Fryslan.jpg\" \/>\n\t<meta property=\"og:image:width\" content=\"300\" \/>\n\t<meta property=\"og:image:height\" content=\"460\" \/>\n\t<meta property=\"og:image:type\" content=\"image\/jpeg\" \/>\n<meta name=\"twitter:card\" content=\"summary_large_image\" \/>\n<meta name=\"twitter:label1\" content=\"Geschatte leestijd\" \/>\n\t<meta name=\"twitter:data1\" content=\"1 minuut\" \/>\n<script type=\"application\/ld+json\" class=\"yoast-schema-graph\">{\"@context\":\"https:\/\/schema.org\",\"@graph\":[{\"@type\":\"WebPage\",\"@id\":\"https:\/\/websjop.afuk.frl\/nl\/winkel\/made-in-fryslan-honderd-jaar-design-1924-2024\/\",\"url\":\"https:\/\/websjop.afuk.frl\/nl\/winkel\/made-in-fryslan-honderd-jaar-design-1924-2024\/\",\"name\":\"Made in Frysl\u00e2n - Honderd jaar design 1924-2024 &#8211; Af\u00fbk Websjop\",\"isPartOf\":{\"@id\":\"https:\/\/websjop.afuk.frl\/nl\/#website\"},\"primaryImageOfPage\":{\"@id\":\"https:\/\/websjop.afuk.frl\/nl\/winkel\/made-in-fryslan-honderd-jaar-design-1924-2024\/#primaryimage\"},\"image\":{\"@id\":\"https:\/\/websjop.afuk.frl\/nl\/winkel\/made-in-fryslan-honderd-jaar-design-1924-2024\/#primaryimage\"},\"thumbnailUrl\":\"https:\/\/websjop.afuk.frl\/wp-content\/uploads\/2024\/04\/Made-yn-Fryslan.jpg\",\"datePublished\":\"2024-04-18T09:01:42+00:00\",\"dateModified\":\"2024-05-31T14:41:15+00:00\",\"description\":\"In Made in Frysl\u00e2n vertelt Bert Looper het boeiende verhaal van design in Frysl\u00e2n in de afgelopen honderd jaar: 1924 - 2024.\",\"breadcrumb\":{\"@id\":\"https:\/\/websjop.afuk.frl\/nl\/winkel\/made-in-fryslan-honderd-jaar-design-1924-2024\/#breadcrumb\"},\"inLanguage\":\"nl-NL\",\"potentialAction\":[{\"@type\":\"ReadAction\",\"target\":[\"https:\/\/websjop.afuk.frl\/nl\/winkel\/made-in-fryslan-honderd-jaar-design-1924-2024\/\"]}]},{\"@type\":\"ImageObject\",\"inLanguage\":\"nl-NL\",\"@id\":\"https:\/\/websjop.afuk.frl\/nl\/winkel\/made-in-fryslan-honderd-jaar-design-1924-2024\/#primaryimage\",\"url\":\"https:\/\/websjop.afuk.frl\/wp-content\/uploads\/2024\/04\/Made-yn-Fryslan.jpg\",\"contentUrl\":\"https:\/\/websjop.afuk.frl\/wp-content\/uploads\/2024\/04\/Made-yn-Fryslan.jpg\",\"width\":300,\"height\":460},{\"@type\":\"BreadcrumbList\",\"@id\":\"https:\/\/websjop.afuk.frl\/nl\/winkel\/made-in-fryslan-honderd-jaar-design-1924-2024\/#breadcrumb\",\"itemListElement\":[{\"@type\":\"ListItem\",\"position\":1,\"name\":\"Home\",\"item\":\"https:\/\/websjop.afuk.frl\/nl\/\"},{\"@type\":\"ListItem\",\"position\":2,\"name\":\"Winkel\",\"item\":\"https:\/\/websjop.afuk.frl\/nl\/winkel\/\"},{\"@type\":\"ListItem\",\"position\":3,\"name\":\"Made in Frysl\u00e2n &#8211; Honderd jaar design 1924-2024\"}]},{\"@type\":\"WebSite\",\"@id\":\"https:\/\/websjop.afuk.frl\/nl\/#website\",\"url\":\"https:\/\/websjop.afuk.frl\/nl\/\",\"name\":\"Af\u00fbk Websjop\",\"description\":\"\",\"potentialAction\":[{\"@type\":\"SearchAction\",\"target\":{\"@type\":\"EntryPoint\",\"urlTemplate\":\"https:\/\/websjop.afuk.frl\/nl\/?s={search_term_string}\"},\"query-input\":{\"@type\":\"PropertyValueSpecification\",\"valueRequired\":true,\"valueName\":\"search_term_string\"}}],\"inLanguage\":\"nl-NL\"}]}<\/script>\n<!-- \/ Yoast SEO plugin. -->","yoast_head_json":{"title":"Made in Frysl\u00e2n - Honderd jaar design 1924-2024 &#8211; Af\u00fbk Websjop","description":"In Made in Frysl\u00e2n vertelt Bert Looper het boeiende verhaal van design in Frysl\u00e2n in de afgelopen honderd jaar: 1924 - 2024.","robots":{"index":"index","follow":"follow","max-snippet":"max-snippet:-1","max-image-preview":"max-image-preview:large","max-video-preview":"max-video-preview:-1"},"canonical":"https:\/\/websjop.afuk.frl\/nl\/winkel\/made-in-fryslan-honderd-jaar-design-1924-2024\/","og_locale":"nl_NL","og_type":"article","og_title":"Made in Frysl\u00e2n - Honderd jaar design 1924-2024 &#8211; Af\u00fbk Websjop","og_description":"In Made in Frysl\u00e2n vertelt Bert Looper het boeiende verhaal van design in Frysl\u00e2n in de afgelopen honderd jaar: 1924 - 2024.","og_url":"https:\/\/websjop.afuk.frl\/nl\/winkel\/made-in-fryslan-honderd-jaar-design-1924-2024\/","og_site_name":"Af\u00fbk Websjop","article_modified_time":"2024-05-31T14:41:15+00:00","og_image":[{"width":300,"height":460,"url":"https:\/\/websjop.afuk.frl\/wp-content\/uploads\/2024\/04\/Made-yn-Fryslan.jpg","type":"image\/jpeg"}],"twitter_card":"summary_large_image","twitter_misc":{"Geschatte leestijd":"1 minuut"},"schema":{"@context":"https:\/\/schema.org","@graph":[{"@type":"WebPage","@id":"https:\/\/websjop.afuk.frl\/nl\/winkel\/made-in-fryslan-honderd-jaar-design-1924-2024\/","url":"https:\/\/websjop.afuk.frl\/nl\/winkel\/made-in-fryslan-honderd-jaar-design-1924-2024\/","name":"Made in Frysl\u00e2n - Honderd jaar design 1924-2024 &#8211; Af\u00fbk Websjop","isPartOf":{"@id":"https:\/\/websjop.afuk.frl\/nl\/#website"},"primaryImageOfPage":{"@id":"https:\/\/websjop.afuk.frl\/nl\/winkel\/made-in-fryslan-honderd-jaar-design-1924-2024\/#primaryimage"},"image":{"@id":"https:\/\/websjop.afuk.frl\/nl\/winkel\/made-in-fryslan-honderd-jaar-design-1924-2024\/#primaryimage"},"thumbnailUrl":"https:\/\/websjop.afuk.frl\/wp-content\/uploads\/2024\/04\/Made-yn-Fryslan.jpg","datePublished":"2024-04-18T09:01:42+00:00","dateModified":"2024-05-31T14:41:15+00:00","description":"In Made in Frysl\u00e2n vertelt Bert Looper het boeiende verhaal van design in Frysl\u00e2n in de afgelopen honderd jaar: 1924 - 2024.","breadcrumb":{"@id":"https:\/\/websjop.afuk.frl\/nl\/winkel\/made-in-fryslan-honderd-jaar-design-1924-2024\/#breadcrumb"},"inLanguage":"nl-NL","potentialAction":[{"@type":"ReadAction","target":["https:\/\/websjop.afuk.frl\/nl\/winkel\/made-in-fryslan-honderd-jaar-design-1924-2024\/"]}]},{"@type":"ImageObject","inLanguage":"nl-NL","@id":"https:\/\/websjop.afuk.frl\/nl\/winkel\/made-in-fryslan-honderd-jaar-design-1924-2024\/#primaryimage","url":"https:\/\/websjop.afuk.frl\/wp-content\/uploads\/2024\/04\/Made-yn-Fryslan.jpg","contentUrl":"https:\/\/websjop.afuk.frl\/wp-content\/uploads\/2024\/04\/Made-yn-Fryslan.jpg","width":300,"height":460},{"@type":"BreadcrumbList","@id":"https:\/\/websjop.afuk.frl\/nl\/winkel\/made-in-fryslan-honderd-jaar-design-1924-2024\/#breadcrumb","itemListElement":[{"@type":"ListItem","position":1,"name":"Home","item":"https:\/\/websjop.afuk.frl\/nl\/"},{"@type":"ListItem","position":2,"name":"Winkel","item":"https:\/\/websjop.afuk.frl\/nl\/winkel\/"},{"@type":"ListItem","position":3,"name":"Made in Frysl\u00e2n &#8211; Honderd jaar design 1924-2024"}]},{"@type":"WebSite","@id":"https:\/\/websjop.afuk.frl\/nl\/#website","url":"https:\/\/websjop.afuk.frl\/nl\/","name":"Af\u00fbk Websjop","description":"","potentialAction":[{"@type":"SearchAction","target":{"@type":"EntryPoint","urlTemplate":"https:\/\/websjop.afuk.frl\/nl\/?s={search_term_string}"},"query-input":{"@type":"PropertyValueSpecification","valueRequired":true,"valueName":"search_term_string"}}],"inLanguage":"nl-NL"}]}},"_links":{"self":[{"href":"https:\/\/websjop.afuk.frl\/nl\/wp-json\/wp\/v2\/product\/43111","targetHints":{"allow":["GET"]}}],"collection":[{"href":"https:\/\/websjop.afuk.frl\/nl\/wp-json\/wp\/v2\/product"}],"about":[{"href":"https:\/\/websjop.afuk.frl\/nl\/wp-json\/wp\/v2\/types\/product"}],"replies":[{"embeddable":true,"href":"https:\/\/websjop.afuk.frl\/nl\/wp-json\/wp\/v2\/comments?post=43111"}],"wp:featuredmedia":[{"embeddable":true,"href":"https:\/\/websjop.afuk.frl\/nl\/wp-json\/wp\/v2\/media\/43112"}],"wp:attachment":[{"href":"https:\/\/websjop.afuk.frl\/nl\/wp-json\/wp\/v2\/media?parent=43111"}],"wp:term":[{"taxonomy":"product_brand","embeddable":true,"href":"https:\/\/websjop.afuk.frl\/nl\/wp-json\/wp\/v2\/product_brand?post=43111"},{"taxonomy":"product_cat","embeddable":true,"href":"https:\/\/websjop.afuk.frl\/nl\/wp-json\/wp\/v2\/product_cat?post=43111"},{"taxonomy":"product_tag","embeddable":true,"href":"https:\/\/websjop.afuk.frl\/nl\/wp-json\/wp\/v2\/product_tag?post=43111"}],"curies":[{"name":"wp","href":"https:\/\/api.w.org\/{rel}","templated":true}]}}