{"id":42306,"date":"2025-03-26T12:32:48","date_gmt":"2025-03-26T11:32:48","guid":{"rendered":"https:\/\/websjop.afuk.frl\/nl\/?post_type=product&#038;p=42306"},"modified":"2025-05-01T09:17:33","modified_gmt":"2025-05-01T07:17:33","slug":"ik-wol-in-bosk-op-e-jierdei","status":"publish","type":"product","link":"https:\/\/websjop.afuk.frl\/nl\/winkel\/ik-wol-in-bosk-op-e-jierdei\/","title":{"rendered":"Ik wol in bosk op \u2019e jierdei"},"content":{"rendered":"<p>Simke heeft een boom op de verjaardag gevraagd, dat lijkt haar een mooi kado. Kinderen uit de klas zeggen dat dat niet kan, dat een boom een stom kado is wanneer je op de tweede verdieping woont. Dat zullen we noch wel eens zien, denkt Simke. Ze doet gauw een wens in het maanlicht en schrijft &#8211; voor de zekerheid &#8211; een brief aan de burgemeester.<\/p>\n<p>Als Simke op een dag wakker wordt, ziet ze schaduwen van takken en bladeren. Is haar wens uitgekomen, of droomt ze nog?<\/p>\n<p>Een fleurig prentenboek over dromen die uitkomen en de magie van bomen.<\/p>\n<p>Dit boek is er ook <a href=\"https:\/\/websjop.afuk.frl\/frl\/winkel\/ik-wil-een-bos-voor-mijn-verjaardag\/\">in het Nederlands.<\/a><\/p>\n<p>Ben je op zoek naar leuke aanvullende opdrachten bij dit boek? <a href=\"https:\/\/heitenmem.frl\/lestip-fan-keimpe\/\" target=\"_blank\" rel=\"noopener\">Kijk dan bij de l\u00eastip fan Keimpe!<\/a><\/p>\n<p>Het boek <em>Ik wol in bosk op &#8216;e jierdei<\/em> is geselecteerd voor de White Ravens 2024 van de Internationale Jugendbibliothek M\u00fcnchen. De White Ravens zijn aanbevelingen voor bijzondere boeken uit de wereld binnen de internationale kinder- en jeugdliteratuur.<\/p>\n<hr \/>\n<p>Linda: <em>&#8216;No\u2019t ik fia Seewyn (keunstedukaasje) mei de kultuerlessen op basisskoallen kom, fernim ik dat hast alle bern wol in beam witte te stean d\u00ear\u2019t se wat mei hawwe. Se gean fuort \u201coan\u201d as ik oer it bosk begjin. En dat fernuveret my net. Bewustmeitsjen is ien fan myn missys mei it boek.&#8217;\u00a0 <a href=\"https:\/\/heitenmem.nl\/artikel\/27815\/in-oade-oan-it-bosk\/\" target=\"_blank\" rel=\"noopener\">L\u00eas hjir it folsleine ynterview mei Linda de Haan.<\/a><\/em><\/p>\n<p>Hilde van Kalsbeek: <em>&#8220;Else koe net gen\u00f4ch krije fan it ferhaal, we l\u00eaze it boek elke j\u00fbn wer opnij. Mar ek Marij hat mei wille meil\u00fastere. Koartom tige oan te rieden! Seker ek leuk foar minsken dy\u2019t eartiids it projekt fan it kuierjende bosk besocht hawwe. Wat \u00fas oangiet in plaatsje yn de boekekast!&#8221; <a href=\"https:\/\/heitenmem.frl\/boekresinsje-ik-wol-in-bosk-op-e-jierdei\/\" target=\"_blank\" rel=\"noopener\">L\u00eas hjir de folsleine resinsje fan Hilde<\/a><\/em><\/p>\n<p>Wietske: <em>&#8220;Het is een vrolijk boek met mooie illustraties, dat zeker voor mensen die het Bosk gezien hebben een prachtige aanvulling is in de boekenkast.&#8221; <a href=\"https:\/\/heitenmem.frl\/boekresinsje-fan-wietske-ik-wol-in-bosk-op-e-jierdei\/\" target=\"_blank\" rel=\"noopener\">L\u00eas hjir de folsleine resinsje fan Wietske.<\/a><\/em><\/p>\n<p>&nbsp;<\/p>\n<p>&nbsp;<\/p>\n<p>&nbsp;<\/p>\n<p>&nbsp;<\/p>\n","protected":false},"excerpt":{"rendered":"<p>Simke heeft een boom op de verjaardag gevraagd, dat lijkt haar een mooi kado. Kinderen uit de klas zeggen dat dat niet kan, dat een boom een stom kado is wanneer je op de tweede verdieping woont. Dat zullen we noch wel eens zien, denkt Simke. Ze doet gauw een wens in het maanlicht en [&hellip;]<\/p>\n","protected":false},"featured_media":42307,"comment_status":"closed","ping_status":"closed","template":"","meta":{"_acf_changed":false},"product_brand":[],"product_cat":[1213,550,535,16975,21150,1221,9448,22894,22897,22589],"product_tag":[22542,13765,22361,22540,22541,5451],"class_list":{"0":"post-42306","1":"product","2":"type-product","3":"status-publish","4":"has-post-thumbnail","6":"product_cat-berne-en-jeugdboeken","7":"product_cat-berneboeken-4-8","8":"product_cat-fryske-boeken","9":"product_cat-groep-3-en-4-en-5","10":"product_cat-kinderboekenweek","11":"product_cat-maitiid","12":"product_cat-printeboeken-top-10","13":"product_cat-tema-jierdei","14":"product_cat-tema-natoer","15":"product_cat-tema-maitiid-foar-jonge-bern","16":"product_tag-beam","17":"product_tag-bosk","18":"product_tag-dreamen","19":"product_tag-ik-wol-in-bosk-op-e-jierdei","20":"product_tag-linda-de-haan","21":"product_tag-printeboek","22":"product_shipping_class-brievenbus-verzending","23":"pa_auteur-linda-de-haan","24":"pa_isbn-22539","25":"pa_new-label-1-3","26":"pa_taal-frysk","27":"pa_uitgever-afuk","29":"first","30":"instock","31":"taxable","32":"shipping-taxable","33":"purchasable","34":"product-type-simple"},"acf":[],"yoast_head":"<!-- This site is optimized with the Yoast SEO plugin v27.3 - https:\/\/yoast.com\/product\/yoast-seo-wordpress\/ -->\n<title>Ik wol in bosk op \u2019e jierdei &#8211; Af\u00fbk Websjop<\/title>\n<meta name=\"description\" content=\"Simke heeft een boom op de verjaardag gevraagd. Andere kinderen zeggen dat dat niet kan, als je op de 2e verdieping woont. Toch wil ze In bosk op &#039;e jierdei\" \/>\n<meta name=\"robots\" content=\"index, follow, max-snippet:-1, max-image-preview:large, max-video-preview:-1\" \/>\n<link rel=\"canonical\" href=\"https:\/\/websjop.afuk.frl\/nl\/winkel\/ik-wol-in-bosk-op-e-jierdei\/\" \/>\n<meta property=\"og:locale\" content=\"nl_NL\" \/>\n<meta property=\"og:type\" content=\"article\" \/>\n<meta property=\"og:title\" content=\"Ik wol in bosk op \u2019e jierdei &#8211; Af\u00fbk Websjop\" \/>\n<meta property=\"og:description\" content=\"Simke heeft een boom op de verjaardag gevraagd. Andere kinderen zeggen dat dat niet kan, als je op de 2e verdieping woont. Toch wil ze In bosk op &#039;e jierdei\" \/>\n<meta property=\"og:url\" content=\"https:\/\/websjop.afuk.frl\/nl\/winkel\/ik-wol-in-bosk-op-e-jierdei\/\" \/>\n<meta property=\"og:site_name\" content=\"Af\u00fbk Websjop\" \/>\n<meta property=\"article:modified_time\" content=\"2025-05-01T07:17:33+00:00\" \/>\n<meta property=\"og:image\" content=\"https:\/\/websjop.afuk.frl\/wp-content\/uploads\/2024\/02\/Ik-wol-in-bosk-op-e-jierdei-HR-scaled.jpg\" \/>\n\t<meta property=\"og:image:width\" content=\"1978\" \/>\n\t<meta property=\"og:image:height\" content=\"2560\" \/>\n\t<meta property=\"og:image:type\" content=\"image\/jpeg\" \/>\n<meta name=\"twitter:card\" content=\"summary_large_image\" \/>\n<meta name=\"twitter:label1\" content=\"Geschatte leestijd\" \/>\n\t<meta name=\"twitter:data1\" content=\"4 minuten\" \/>\n<script type=\"application\/ld+json\" class=\"yoast-schema-graph\">{\"@context\":\"https:\\\/\\\/schema.org\",\"@graph\":[{\"@type\":\"WebPage\",\"@id\":\"https:\\\/\\\/websjop.afuk.frl\\\/nl\\\/winkel\\\/ik-wol-in-bosk-op-e-jierdei\\\/\",\"url\":\"https:\\\/\\\/websjop.afuk.frl\\\/nl\\\/winkel\\\/ik-wol-in-bosk-op-e-jierdei\\\/\",\"name\":\"Ik wol in bosk op \u2019e jierdei &#8211; Af\u00fbk Websjop\",\"isPartOf\":{\"@id\":\"https:\\\/\\\/websjop.afuk.frl\\\/nl\\\/#website\"},\"primaryImageOfPage\":{\"@id\":\"https:\\\/\\\/websjop.afuk.frl\\\/nl\\\/winkel\\\/ik-wol-in-bosk-op-e-jierdei\\\/#primaryimage\"},\"image\":{\"@id\":\"https:\\\/\\\/websjop.afuk.frl\\\/nl\\\/winkel\\\/ik-wol-in-bosk-op-e-jierdei\\\/#primaryimage\"},\"thumbnailUrl\":\"https:\\\/\\\/websjop.afuk.frl\\\/wp-content\\\/uploads\\\/2024\\\/02\\\/Ik-wol-in-bosk-op-e-jierdei-HR-scaled.jpg\",\"datePublished\":\"2025-03-26T11:32:48+00:00\",\"dateModified\":\"2025-05-01T07:17:33+00:00\",\"description\":\"Simke heeft een boom op de verjaardag gevraagd. Andere kinderen zeggen dat dat niet kan, als je op de 2e verdieping woont. Toch wil ze In bosk op 'e jierdei\",\"breadcrumb\":{\"@id\":\"https:\\\/\\\/websjop.afuk.frl\\\/nl\\\/winkel\\\/ik-wol-in-bosk-op-e-jierdei\\\/#breadcrumb\"},\"inLanguage\":\"nl-NL\",\"potentialAction\":[{\"@type\":\"ReadAction\",\"target\":[\"https:\\\/\\\/websjop.afuk.frl\\\/nl\\\/winkel\\\/ik-wol-in-bosk-op-e-jierdei\\\/\"]}]},{\"@type\":\"ImageObject\",\"inLanguage\":\"nl-NL\",\"@id\":\"https:\\\/\\\/websjop.afuk.frl\\\/nl\\\/winkel\\\/ik-wol-in-bosk-op-e-jierdei\\\/#primaryimage\",\"url\":\"https:\\\/\\\/websjop.afuk.frl\\\/wp-content\\\/uploads\\\/2024\\\/02\\\/Ik-wol-in-bosk-op-e-jierdei-HR-scaled.jpg\",\"contentUrl\":\"https:\\\/\\\/websjop.afuk.frl\\\/wp-content\\\/uploads\\\/2024\\\/02\\\/Ik-wol-in-bosk-op-e-jierdei-HR-scaled.jpg\",\"width\":1978,\"height\":2560},{\"@type\":\"BreadcrumbList\",\"@id\":\"https:\\\/\\\/websjop.afuk.frl\\\/nl\\\/winkel\\\/ik-wol-in-bosk-op-e-jierdei\\\/#breadcrumb\",\"itemListElement\":[{\"@type\":\"ListItem\",\"position\":1,\"name\":\"Home\",\"item\":\"https:\\\/\\\/websjop.afuk.frl\\\/nl\\\/\"},{\"@type\":\"ListItem\",\"position\":2,\"name\":\"Winkel\",\"item\":\"https:\\\/\\\/websjop.afuk.frl\\\/nl\\\/winkel\\\/\"},{\"@type\":\"ListItem\",\"position\":3,\"name\":\"Ik wol in bosk op \u2019e jierdei\"}]},{\"@type\":\"WebSite\",\"@id\":\"https:\\\/\\\/websjop.afuk.frl\\\/nl\\\/#website\",\"url\":\"https:\\\/\\\/websjop.afuk.frl\\\/nl\\\/\",\"name\":\"Af\u00fbk Websjop\",\"description\":\"\",\"potentialAction\":[{\"@type\":\"SearchAction\",\"target\":{\"@type\":\"EntryPoint\",\"urlTemplate\":\"https:\\\/\\\/websjop.afuk.frl\\\/nl\\\/?s={search_term_string}\"},\"query-input\":{\"@type\":\"PropertyValueSpecification\",\"valueRequired\":true,\"valueName\":\"search_term_string\"}}],\"inLanguage\":\"nl-NL\"}]}<\/script>\n<!-- \/ Yoast SEO plugin. -->","yoast_head_json":{"title":"Ik wol in bosk op \u2019e jierdei &#8211; Af\u00fbk Websjop","description":"Simke heeft een boom op de verjaardag gevraagd. Andere kinderen zeggen dat dat niet kan, als je op de 2e verdieping woont. Toch wil ze In bosk op 'e jierdei","robots":{"index":"index","follow":"follow","max-snippet":"max-snippet:-1","max-image-preview":"max-image-preview:large","max-video-preview":"max-video-preview:-1"},"canonical":"https:\/\/websjop.afuk.frl\/nl\/winkel\/ik-wol-in-bosk-op-e-jierdei\/","og_locale":"nl_NL","og_type":"article","og_title":"Ik wol in bosk op \u2019e jierdei &#8211; Af\u00fbk Websjop","og_description":"Simke heeft een boom op de verjaardag gevraagd. Andere kinderen zeggen dat dat niet kan, als je op de 2e verdieping woont. Toch wil ze In bosk op 'e jierdei","og_url":"https:\/\/websjop.afuk.frl\/nl\/winkel\/ik-wol-in-bosk-op-e-jierdei\/","og_site_name":"Af\u00fbk Websjop","article_modified_time":"2025-05-01T07:17:33+00:00","og_image":[{"width":1978,"height":2560,"url":"https:\/\/websjop.afuk.frl\/wp-content\/uploads\/2024\/02\/Ik-wol-in-bosk-op-e-jierdei-HR-scaled.jpg","type":"image\/jpeg"}],"twitter_card":"summary_large_image","twitter_misc":{"Geschatte leestijd":"4 minuten"},"schema":{"@context":"https:\/\/schema.org","@graph":[{"@type":"WebPage","@id":"https:\/\/websjop.afuk.frl\/nl\/winkel\/ik-wol-in-bosk-op-e-jierdei\/","url":"https:\/\/websjop.afuk.frl\/nl\/winkel\/ik-wol-in-bosk-op-e-jierdei\/","name":"Ik wol in bosk op \u2019e jierdei &#8211; Af\u00fbk Websjop","isPartOf":{"@id":"https:\/\/websjop.afuk.frl\/nl\/#website"},"primaryImageOfPage":{"@id":"https:\/\/websjop.afuk.frl\/nl\/winkel\/ik-wol-in-bosk-op-e-jierdei\/#primaryimage"},"image":{"@id":"https:\/\/websjop.afuk.frl\/nl\/winkel\/ik-wol-in-bosk-op-e-jierdei\/#primaryimage"},"thumbnailUrl":"https:\/\/websjop.afuk.frl\/wp-content\/uploads\/2024\/02\/Ik-wol-in-bosk-op-e-jierdei-HR-scaled.jpg","datePublished":"2025-03-26T11:32:48+00:00","dateModified":"2025-05-01T07:17:33+00:00","description":"Simke heeft een boom op de verjaardag gevraagd. Andere kinderen zeggen dat dat niet kan, als je op de 2e verdieping woont. Toch wil ze In bosk op 'e jierdei","breadcrumb":{"@id":"https:\/\/websjop.afuk.frl\/nl\/winkel\/ik-wol-in-bosk-op-e-jierdei\/#breadcrumb"},"inLanguage":"nl-NL","potentialAction":[{"@type":"ReadAction","target":["https:\/\/websjop.afuk.frl\/nl\/winkel\/ik-wol-in-bosk-op-e-jierdei\/"]}]},{"@type":"ImageObject","inLanguage":"nl-NL","@id":"https:\/\/websjop.afuk.frl\/nl\/winkel\/ik-wol-in-bosk-op-e-jierdei\/#primaryimage","url":"https:\/\/websjop.afuk.frl\/wp-content\/uploads\/2024\/02\/Ik-wol-in-bosk-op-e-jierdei-HR-scaled.jpg","contentUrl":"https:\/\/websjop.afuk.frl\/wp-content\/uploads\/2024\/02\/Ik-wol-in-bosk-op-e-jierdei-HR-scaled.jpg","width":1978,"height":2560},{"@type":"BreadcrumbList","@id":"https:\/\/websjop.afuk.frl\/nl\/winkel\/ik-wol-in-bosk-op-e-jierdei\/#breadcrumb","itemListElement":[{"@type":"ListItem","position":1,"name":"Home","item":"https:\/\/websjop.afuk.frl\/nl\/"},{"@type":"ListItem","position":2,"name":"Winkel","item":"https:\/\/websjop.afuk.frl\/nl\/winkel\/"},{"@type":"ListItem","position":3,"name":"Ik wol in bosk op \u2019e jierdei"}]},{"@type":"WebSite","@id":"https:\/\/websjop.afuk.frl\/nl\/#website","url":"https:\/\/websjop.afuk.frl\/nl\/","name":"Af\u00fbk Websjop","description":"","potentialAction":[{"@type":"SearchAction","target":{"@type":"EntryPoint","urlTemplate":"https:\/\/websjop.afuk.frl\/nl\/?s={search_term_string}"},"query-input":{"@type":"PropertyValueSpecification","valueRequired":true,"valueName":"search_term_string"}}],"inLanguage":"nl-NL"}]}},"_links":{"self":[{"href":"https:\/\/websjop.afuk.frl\/nl\/wp-json\/wp\/v2\/product\/42306","targetHints":{"allow":["GET"]}}],"collection":[{"href":"https:\/\/websjop.afuk.frl\/nl\/wp-json\/wp\/v2\/product"}],"about":[{"href":"https:\/\/websjop.afuk.frl\/nl\/wp-json\/wp\/v2\/types\/product"}],"replies":[{"embeddable":true,"href":"https:\/\/websjop.afuk.frl\/nl\/wp-json\/wp\/v2\/comments?post=42306"}],"wp:featuredmedia":[{"embeddable":true,"href":"https:\/\/websjop.afuk.frl\/nl\/wp-json\/wp\/v2\/media\/42307"}],"wp:attachment":[{"href":"https:\/\/websjop.afuk.frl\/nl\/wp-json\/wp\/v2\/media?parent=42306"}],"wp:term":[{"taxonomy":"product_brand","embeddable":true,"href":"https:\/\/websjop.afuk.frl\/nl\/wp-json\/wp\/v2\/product_brand?post=42306"},{"taxonomy":"product_cat","embeddable":true,"href":"https:\/\/websjop.afuk.frl\/nl\/wp-json\/wp\/v2\/product_cat?post=42306"},{"taxonomy":"product_tag","embeddable":true,"href":"https:\/\/websjop.afuk.frl\/nl\/wp-json\/wp\/v2\/product_tag?post=42306"}],"curies":[{"name":"wp","href":"https:\/\/api.w.org\/{rel}","templated":true}]}}