{"id":40873,"date":"2024-12-01T13:41:30","date_gmt":"2024-12-01T12:41:30","guid":{"rendered":"https:\/\/websjop.afuk.frl\/nl\/?post_type=product&#038;p=40873"},"modified":"2026-01-08T15:52:55","modified_gmt":"2026-01-08T14:52:55","slug":"it-grutte-pake-beppe-foarlesboek","status":"publish","type":"product","link":"https:\/\/websjop.afuk.frl\/nl\/winkel\/it-grutte-pake-beppe-foarlesboek\/","title":{"rendered":"It grutte Pake en Beppe Foarl\u00easboek"},"content":{"rendered":"<p>Een prachtig voorleesboek voor opa&#8217;s en oma&#8217;s en alle andere mensen die graag voorlezen! Met meer dan twintig voorleesverhaaltjes, speciaal geschikt voor kinderen van 2 t\/m 6 jaar.<\/p>\n<p><a href=\"https:\/\/heitenmem.frl\/pakebeppe\/\" target=\"_blank\" rel=\"noopener\">De verhaaltjes zijn ook te beluisteren<\/a> via de QR-code achterop het boek.<\/p>\n<hr \/>\n<p>Lemke:<em> &#8220;It is in moai boek om mei dyn bern te l\u00eazen, want it boek befettet in soad ferskillende grappige koarte ferhaaltsjes, dy&#8217;t dy nijsgjirrich meitsje nei it folgjende ferhaal. Mar ek in oanrieder om mei de bernsbern te l\u00eazen, troch de typyske ferhalen oer pakes en beppes.&#8221; <\/em><a href=\"https:\/\/heitenmem.frl\/lemke-wy-jouwe-dit-boek-in-grauwe-acht\/\" target=\"_blank\" rel=\"noopener\">Besjoch hjir de folsleine resinsje fan Lemke.<\/a><\/p>\n<p>Sarah: <em>&#8220;Het leuke aan het boek is dat veel verhaaltjes herkenbaar zijn voor kinderen (en ook voor pakes en beppes). Iedereen kan er iets uithalen. Voor Mirthe is het verhaal over Pake Jan die alles kan bijvoorbeeld speciaal. Zij heeft ook een \u00e2lde Pake Jan (die toevallig \u00f3\u00f3k alles kan!).&#8221; <a href=\"https:\/\/heitenmem.frl\/sarah-een-heus-beppelied\/\" target=\"_blank\" rel=\"noopener\">Besjoch hjir de folsleine resinsje fan Sarah.<\/a><\/em><\/p>\n","protected":false},"excerpt":{"rendered":"<p>Een prachtig voorleesboek voor opa&#8217;s en oma&#8217;s en alle andere mensen die graag voorlezen! Met meer dan twintig voorleesverhaaltjes, speciaal geschikt voor kinderen van 2 t\/m 6 jaar. De verhaaltjes zijn ook te beluisteren via de QR-code achterop het boek. Lemke: &#8220;It is in moai boek om mei dyn bern te l\u00eazen, want it boek [&hellip;]<\/p>\n","protected":false},"featured_media":40874,"comment_status":"closed","ping_status":"closed","template":"","meta":{"_acf_changed":false},"product_brand":[],"product_cat":[1213,549,550,1040,535,1255,560,557,7977,18113,21380,23208,9316],"product_tag":[21080,22373,9891,21079],"class_list":{"0":"post-40873","1":"product","2":"type-product","3":"status-publish","4":"has-post-thumbnail","6":"product_cat-berne-en-jeugdboeken","7":"product_cat-berneboeken-0-tot-4-jaar","8":"product_cat-berneboeken-4-8","9":"product_cat-ferhalebondels","10":"product_cat-fryske-boeken","11":"product_cat-kado-s-foar-de-feestdagen","12":"product_cat-kreamkado-boeken","13":"product_cat-friese-kraamcadeautjes","14":"product_cat-krystkados","15":"product_cat-pake-en-beppe","16":"product_cat-sinteklaas-kadotips","17":"product_cat-tema-famylje","18":"product_cat-winter","19":"product_tag-foarlesferhaaltsjes","20":"product_tag-it-grutte-pake-beppe-foarlesboek","21":"product_tag-mirjam-van-houten","22":"product_tag-voorleesverhaaltjes","23":"product_shipping_class-brievenbus-verzending","24":"pa_auteur-mirjam-van-houten","25":"pa_isbn-22372","26":"pa_new-label-1-3","27":"pa_taal-frysk","28":"pa_uitgever-afuk","30":"first","31":"instock","32":"taxable","33":"shipping-taxable","34":"purchasable","35":"product-type-simple"},"acf":[],"yoast_head":"<!-- This site is optimized with the Yoast SEO plugin v27.3 - https:\/\/yoast.com\/product\/yoast-seo-wordpress\/ -->\n<title>It grutte Pake en Beppe Foarl\u00easboek &#8211; Af\u00fbk Websjop<\/title>\n<meta name=\"description\" content=\"It grutte Pake &amp; Beppe Foarl\u00easboek is In prachtig voorleesboek voor opa&#039;s en oma&#039;s en alle andere mensen die graag voorlezen! Met meer dan 20 verhaaltjes.\" \/>\n<meta name=\"robots\" content=\"index, follow, max-snippet:-1, max-image-preview:large, max-video-preview:-1\" \/>\n<link rel=\"canonical\" href=\"https:\/\/websjop.afuk.frl\/nl\/winkel\/it-grutte-pake-beppe-foarlesboek\/\" \/>\n<meta property=\"og:locale\" content=\"nl_NL\" \/>\n<meta property=\"og:type\" content=\"article\" \/>\n<meta property=\"og:title\" content=\"It grutte Pake en Beppe Foarl\u00easboek &#8211; Af\u00fbk Websjop\" \/>\n<meta property=\"og:description\" content=\"It grutte Pake &amp; Beppe Foarl\u00easboek is In prachtig voorleesboek voor opa&#039;s en oma&#039;s en alle andere mensen die graag voorlezen! Met meer dan 20 verhaaltjes.\" \/>\n<meta property=\"og:url\" content=\"https:\/\/websjop.afuk.frl\/nl\/winkel\/it-grutte-pake-beppe-foarlesboek\/\" \/>\n<meta property=\"og:site_name\" content=\"Af\u00fbk Websjop\" \/>\n<meta property=\"article:modified_time\" content=\"2026-01-08T14:52:55+00:00\" \/>\n<meta property=\"og:image\" content=\"https:\/\/websjop.afuk.frl\/wp-content\/uploads\/2023\/11\/Pake-en-beppe-foarlesboek-LR.jpg\" \/>\n\t<meta property=\"og:image:width\" content=\"622\" \/>\n\t<meta property=\"og:image:height\" content=\"728\" \/>\n\t<meta property=\"og:image:type\" content=\"image\/jpeg\" \/>\n<meta name=\"twitter:card\" content=\"summary_large_image\" \/>\n<meta name=\"twitter:label1\" content=\"Geschatte leestijd\" \/>\n\t<meta name=\"twitter:data1\" content=\"2 minuten\" \/>\n<script type=\"application\/ld+json\" class=\"yoast-schema-graph\">{\"@context\":\"https:\\\/\\\/schema.org\",\"@graph\":[{\"@type\":\"WebPage\",\"@id\":\"https:\\\/\\\/websjop.afuk.frl\\\/nl\\\/winkel\\\/it-grutte-pake-beppe-foarlesboek\\\/\",\"url\":\"https:\\\/\\\/websjop.afuk.frl\\\/nl\\\/winkel\\\/it-grutte-pake-beppe-foarlesboek\\\/\",\"name\":\"It grutte Pake en Beppe Foarl\u00easboek &#8211; Af\u00fbk Websjop\",\"isPartOf\":{\"@id\":\"https:\\\/\\\/websjop.afuk.frl\\\/nl\\\/#website\"},\"primaryImageOfPage\":{\"@id\":\"https:\\\/\\\/websjop.afuk.frl\\\/nl\\\/winkel\\\/it-grutte-pake-beppe-foarlesboek\\\/#primaryimage\"},\"image\":{\"@id\":\"https:\\\/\\\/websjop.afuk.frl\\\/nl\\\/winkel\\\/it-grutte-pake-beppe-foarlesboek\\\/#primaryimage\"},\"thumbnailUrl\":\"https:\\\/\\\/websjop.afuk.frl\\\/wp-content\\\/uploads\\\/2023\\\/11\\\/Pake-en-beppe-foarlesboek-LR.jpg\",\"datePublished\":\"2024-12-01T12:41:30+00:00\",\"dateModified\":\"2026-01-08T14:52:55+00:00\",\"description\":\"It grutte Pake & Beppe Foarl\u00easboek is In prachtig voorleesboek voor opa's en oma's en alle andere mensen die graag voorlezen! Met meer dan 20 verhaaltjes.\",\"breadcrumb\":{\"@id\":\"https:\\\/\\\/websjop.afuk.frl\\\/nl\\\/winkel\\\/it-grutte-pake-beppe-foarlesboek\\\/#breadcrumb\"},\"inLanguage\":\"nl-NL\",\"potentialAction\":[{\"@type\":\"ReadAction\",\"target\":[\"https:\\\/\\\/websjop.afuk.frl\\\/nl\\\/winkel\\\/it-grutte-pake-beppe-foarlesboek\\\/\"]}]},{\"@type\":\"ImageObject\",\"inLanguage\":\"nl-NL\",\"@id\":\"https:\\\/\\\/websjop.afuk.frl\\\/nl\\\/winkel\\\/it-grutte-pake-beppe-foarlesboek\\\/#primaryimage\",\"url\":\"https:\\\/\\\/websjop.afuk.frl\\\/wp-content\\\/uploads\\\/2023\\\/11\\\/Pake-en-beppe-foarlesboek-LR.jpg\",\"contentUrl\":\"https:\\\/\\\/websjop.afuk.frl\\\/wp-content\\\/uploads\\\/2023\\\/11\\\/Pake-en-beppe-foarlesboek-LR.jpg\",\"width\":622,\"height\":728},{\"@type\":\"BreadcrumbList\",\"@id\":\"https:\\\/\\\/websjop.afuk.frl\\\/nl\\\/winkel\\\/it-grutte-pake-beppe-foarlesboek\\\/#breadcrumb\",\"itemListElement\":[{\"@type\":\"ListItem\",\"position\":1,\"name\":\"Home\",\"item\":\"https:\\\/\\\/websjop.afuk.frl\\\/nl\\\/\"},{\"@type\":\"ListItem\",\"position\":2,\"name\":\"Winkel\",\"item\":\"https:\\\/\\\/websjop.afuk.frl\\\/nl\\\/winkel\\\/\"},{\"@type\":\"ListItem\",\"position\":3,\"name\":\"It grutte Pake en Beppe Foarl\u00easboek\"}]},{\"@type\":\"WebSite\",\"@id\":\"https:\\\/\\\/websjop.afuk.frl\\\/nl\\\/#website\",\"url\":\"https:\\\/\\\/websjop.afuk.frl\\\/nl\\\/\",\"name\":\"Af\u00fbk Websjop\",\"description\":\"\",\"potentialAction\":[{\"@type\":\"SearchAction\",\"target\":{\"@type\":\"EntryPoint\",\"urlTemplate\":\"https:\\\/\\\/websjop.afuk.frl\\\/nl\\\/?s={search_term_string}\"},\"query-input\":{\"@type\":\"PropertyValueSpecification\",\"valueRequired\":true,\"valueName\":\"search_term_string\"}}],\"inLanguage\":\"nl-NL\"}]}<\/script>\n<!-- \/ Yoast SEO plugin. -->","yoast_head_json":{"title":"It grutte Pake en Beppe Foarl\u00easboek &#8211; Af\u00fbk Websjop","description":"It grutte Pake & Beppe Foarl\u00easboek is In prachtig voorleesboek voor opa's en oma's en alle andere mensen die graag voorlezen! Met meer dan 20 verhaaltjes.","robots":{"index":"index","follow":"follow","max-snippet":"max-snippet:-1","max-image-preview":"max-image-preview:large","max-video-preview":"max-video-preview:-1"},"canonical":"https:\/\/websjop.afuk.frl\/nl\/winkel\/it-grutte-pake-beppe-foarlesboek\/","og_locale":"nl_NL","og_type":"article","og_title":"It grutte Pake en Beppe Foarl\u00easboek &#8211; Af\u00fbk Websjop","og_description":"It grutte Pake & Beppe Foarl\u00easboek is In prachtig voorleesboek voor opa's en oma's en alle andere mensen die graag voorlezen! Met meer dan 20 verhaaltjes.","og_url":"https:\/\/websjop.afuk.frl\/nl\/winkel\/it-grutte-pake-beppe-foarlesboek\/","og_site_name":"Af\u00fbk Websjop","article_modified_time":"2026-01-08T14:52:55+00:00","og_image":[{"width":622,"height":728,"url":"https:\/\/websjop.afuk.frl\/wp-content\/uploads\/2023\/11\/Pake-en-beppe-foarlesboek-LR.jpg","type":"image\/jpeg"}],"twitter_card":"summary_large_image","twitter_misc":{"Geschatte leestijd":"2 minuten"},"schema":{"@context":"https:\/\/schema.org","@graph":[{"@type":"WebPage","@id":"https:\/\/websjop.afuk.frl\/nl\/winkel\/it-grutte-pake-beppe-foarlesboek\/","url":"https:\/\/websjop.afuk.frl\/nl\/winkel\/it-grutte-pake-beppe-foarlesboek\/","name":"It grutte Pake en Beppe Foarl\u00easboek &#8211; Af\u00fbk Websjop","isPartOf":{"@id":"https:\/\/websjop.afuk.frl\/nl\/#website"},"primaryImageOfPage":{"@id":"https:\/\/websjop.afuk.frl\/nl\/winkel\/it-grutte-pake-beppe-foarlesboek\/#primaryimage"},"image":{"@id":"https:\/\/websjop.afuk.frl\/nl\/winkel\/it-grutte-pake-beppe-foarlesboek\/#primaryimage"},"thumbnailUrl":"https:\/\/websjop.afuk.frl\/wp-content\/uploads\/2023\/11\/Pake-en-beppe-foarlesboek-LR.jpg","datePublished":"2024-12-01T12:41:30+00:00","dateModified":"2026-01-08T14:52:55+00:00","description":"It grutte Pake & Beppe Foarl\u00easboek is In prachtig voorleesboek voor opa's en oma's en alle andere mensen die graag voorlezen! Met meer dan 20 verhaaltjes.","breadcrumb":{"@id":"https:\/\/websjop.afuk.frl\/nl\/winkel\/it-grutte-pake-beppe-foarlesboek\/#breadcrumb"},"inLanguage":"nl-NL","potentialAction":[{"@type":"ReadAction","target":["https:\/\/websjop.afuk.frl\/nl\/winkel\/it-grutte-pake-beppe-foarlesboek\/"]}]},{"@type":"ImageObject","inLanguage":"nl-NL","@id":"https:\/\/websjop.afuk.frl\/nl\/winkel\/it-grutte-pake-beppe-foarlesboek\/#primaryimage","url":"https:\/\/websjop.afuk.frl\/wp-content\/uploads\/2023\/11\/Pake-en-beppe-foarlesboek-LR.jpg","contentUrl":"https:\/\/websjop.afuk.frl\/wp-content\/uploads\/2023\/11\/Pake-en-beppe-foarlesboek-LR.jpg","width":622,"height":728},{"@type":"BreadcrumbList","@id":"https:\/\/websjop.afuk.frl\/nl\/winkel\/it-grutte-pake-beppe-foarlesboek\/#breadcrumb","itemListElement":[{"@type":"ListItem","position":1,"name":"Home","item":"https:\/\/websjop.afuk.frl\/nl\/"},{"@type":"ListItem","position":2,"name":"Winkel","item":"https:\/\/websjop.afuk.frl\/nl\/winkel\/"},{"@type":"ListItem","position":3,"name":"It grutte Pake en Beppe Foarl\u00easboek"}]},{"@type":"WebSite","@id":"https:\/\/websjop.afuk.frl\/nl\/#website","url":"https:\/\/websjop.afuk.frl\/nl\/","name":"Af\u00fbk Websjop","description":"","potentialAction":[{"@type":"SearchAction","target":{"@type":"EntryPoint","urlTemplate":"https:\/\/websjop.afuk.frl\/nl\/?s={search_term_string}"},"query-input":{"@type":"PropertyValueSpecification","valueRequired":true,"valueName":"search_term_string"}}],"inLanguage":"nl-NL"}]}},"_links":{"self":[{"href":"https:\/\/websjop.afuk.frl\/nl\/wp-json\/wp\/v2\/product\/40873","targetHints":{"allow":["GET"]}}],"collection":[{"href":"https:\/\/websjop.afuk.frl\/nl\/wp-json\/wp\/v2\/product"}],"about":[{"href":"https:\/\/websjop.afuk.frl\/nl\/wp-json\/wp\/v2\/types\/product"}],"replies":[{"embeddable":true,"href":"https:\/\/websjop.afuk.frl\/nl\/wp-json\/wp\/v2\/comments?post=40873"}],"wp:featuredmedia":[{"embeddable":true,"href":"https:\/\/websjop.afuk.frl\/nl\/wp-json\/wp\/v2\/media\/40874"}],"wp:attachment":[{"href":"https:\/\/websjop.afuk.frl\/nl\/wp-json\/wp\/v2\/media?parent=40873"}],"wp:term":[{"taxonomy":"product_brand","embeddable":true,"href":"https:\/\/websjop.afuk.frl\/nl\/wp-json\/wp\/v2\/product_brand?post=40873"},{"taxonomy":"product_cat","embeddable":true,"href":"https:\/\/websjop.afuk.frl\/nl\/wp-json\/wp\/v2\/product_cat?post=40873"},{"taxonomy":"product_tag","embeddable":true,"href":"https:\/\/websjop.afuk.frl\/nl\/wp-json\/wp\/v2\/product_tag?post=40873"}],"curies":[{"name":"wp","href":"https:\/\/api.w.org\/{rel}","templated":true}]}}