{"id":40866,"date":"2023-12-13T12:28:06","date_gmt":"2023-12-13T11:28:06","guid":{"rendered":"https:\/\/websjop.afuk.frl\/nl\/?post_type=product&#038;p=40866"},"modified":"2024-07-18T12:20:09","modified_gmt":"2024-07-18T11:20:09","slug":"klut-mients","status":"publish","type":"product","link":"https:\/\/websjop.afuk.frl\/nl\/winkel\/klut-mients\/","title":{"rendered":"Kl\u00fat en Mients \u00fbntdekke eb en floed"},"content":{"rendered":"<p>Kl\u00fat en Mients (Kluut en Kanoet) zijn bij de Waddenzee. &#8216;Maar wat is dat nu? Al het water is weg!&#8217; De vrienden gaan op zoek naar de zee. Ze vragen een krab, lepelaars en allemaal andere dieren om hulp. Maar of die tijd hebben om te helpen&#8230;<\/p>\n<p>Met dit educatieve prentenboek maken kinderen op een speelse manier kennis met eb en vloed en de dieren van de Waddenzee.<\/p>\n<p><a href=\"https:\/\/websjop.afuk.frl\/nl\/winkel\/kluut-kanoet-ontdekken-eb-en-vloed\/\">Dit boek is ook in het Nederlands verschenen.<\/a><\/p>\n<hr \/>\n<p><em>Tineke de Jong: &#8220;Bij de beschrijving van de dieren wordt verteld wat ze doen, maar ook wat ze eten en (tot groot plezier van de kinderen) gaat het bovendien over de poep van de dieren. Er komen ook dieren naar voren die je niet snel ziet wanneer je op het strand bent. Zoals de kinderen zeiden: die bultjes zien we altijd wel liggen, maar we wisten nooit dat dit de drolletjes waren van de worm! Dankzij het boek kijken de kinderen nu anders naar de zee, de dieren die er leven en het fenomeen eb en vloed.&#8221; <a href=\"https:\/\/heitenmem.nl\/artikel\/27564\/klut-mients-untdekke-eb-en-floed-recensie-van-tineke\/\" target=\"_blank\" rel=\"noopener\">Lees hier de volledige recensie van het boek Kl\u00fat en Mients \u00fbntdekke eb en vloed.<\/a><\/em><\/p>\n<p><em>Thominde Miedema: &#8220;It boek leit op in goed bernenivo \u00fat hoe\u2019t de freonen op syk gean nei de see. D\u00earneist binne de tekeningen sa \u00fbntsettend moai en detaillearre makke (foaral de leppelbek dy\u2019t poept yn \u2018e loft wurdt hjir wurdearre en de einepykjes dy\u2019t der\u00fatsjogge oft se echte bern binne (mei in petsje op en oan it toutsjespringen) troch Roberta M\u00fcller.&#8221; Lees hier de volledige recensie van het boek <a href=\"https:\/\/heitenmem.nl\/artikel\/27588\/resinsje-fan-thominde-klut-mients\/\" target=\"_blank\" rel=\"noopener\">Kl\u00fat en Mients \u00fbntdekke eb en vloed.<\/a><\/em><\/p>\n","protected":false},"excerpt":{"rendered":"<p>In Kl\u00fat &amp; Mients \u00fbntdekke eb en floed maken kinderen op een speelse manier kennis met eb en vloed en de dieren van de Waddenzee.<\/p>\n","protected":false},"featured_media":40867,"comment_status":"closed","ping_status":"closed","template":"","meta":{"_acf_changed":false},"product_brand":[],"product_cat":[1213,550,1043,1217,535,542,1313,22897,22833],"product_tag":[22366,21217,22481,22365,22480,22367,9807,7069,5451,22368,22479,6243,19180,5657],"class_list":{"0":"post-40866","1":"product","2":"type-product","3":"status-publish","4":"has-post-thumbnail","6":"product_cat-berne-en-jeugdboeken","7":"product_cat-berneboeken-4-8","8":"product_cat-edukatyf","9":"product_cat-foar-bern","10":"product_cat-fryske-boeken","11":"product_cat-natoer","12":"product_cat-simmer-yn-fryslan","13":"product_cat-tema-natoer","14":"product_cat-tema-simmer-foar-jonge-bern","15":"product_tag-eb-en-floed","16":"product_tag-edukatyf","17":"product_tag-kanoet","18":"product_tag-klut-en-mients","19":"product_tag-kluut","20":"product_tag-laura-steigenga","21":"product_tag-natoer","22":"product_tag-natuur","23":"product_tag-printeboek","24":"product_tag-sabine-tighelaar","25":"product_tag-vloed","26":"product_tag-vogels","27":"product_tag-waadsee","28":"product_tag-waddenzee","29":"product_shipping_class-brievenbus-verzending","30":"pa_auteur-laura-steigenga-en-sabine-tigchelaar","31":"pa_isbn-22363","32":"pa_new-label-1-3","33":"pa_taal-frysk","34":"pa_uitgever-afuk","35":"pa_vertaler-hermien-van-der-meer","37":"first","38":"instock","39":"taxable","40":"shipping-taxable","41":"purchasable","42":"product-type-simple"},"acf":[],"yoast_head":"<!-- This site is optimized with the Yoast SEO plugin v27.2 - https:\/\/yoast.com\/product\/yoast-seo-wordpress\/ -->\n<title>Kl\u00fat en Mients \u00fbntdekke eb en floed &#8211; Af\u00fbk Websjop<\/title>\n<meta name=\"description\" content=\"In Kl\u00fat &amp; Mients \u00fbntdekke eb en floed maken kinderen op een speelse manier kennis met eb en vloed en de dieren van de Waddenzee.\" \/>\n<meta name=\"robots\" content=\"index, follow, max-snippet:-1, max-image-preview:large, max-video-preview:-1\" \/>\n<link rel=\"canonical\" href=\"https:\/\/websjop.afuk.frl\/nl\/winkel\/klut-mients\/\" \/>\n<meta property=\"og:locale\" content=\"nl_NL\" \/>\n<meta property=\"og:type\" content=\"article\" \/>\n<meta property=\"og:title\" content=\"Kl\u00fat en Mients \u00fbntdekke eb en floed &#8211; Af\u00fbk Websjop\" \/>\n<meta property=\"og:description\" content=\"In Kl\u00fat &amp; Mients \u00fbntdekke eb en floed maken kinderen op een speelse manier kennis met eb en vloed en de dieren van de Waddenzee.\" \/>\n<meta property=\"og:url\" content=\"https:\/\/websjop.afuk.frl\/nl\/winkel\/klut-mients\/\" \/>\n<meta property=\"og:site_name\" content=\"Af\u00fbk Websjop\" \/>\n<meta property=\"article:modified_time\" content=\"2024-07-18T11:20:09+00:00\" \/>\n<meta property=\"og:image\" content=\"https:\/\/websjop.afuk.frl\/wp-content\/uploads\/2023\/11\/Klut-en-Mients.jpg\" \/>\n\t<meta property=\"og:image:width\" content=\"1000\" \/>\n\t<meta property=\"og:image:height\" content=\"988\" \/>\n\t<meta property=\"og:image:type\" content=\"image\/jpeg\" \/>\n<meta name=\"twitter:card\" content=\"summary_large_image\" \/>\n<meta name=\"twitter:label1\" content=\"Geschatte leestijd\" \/>\n\t<meta name=\"twitter:data1\" content=\"1 minuut\" \/>\n<script type=\"application\/ld+json\" class=\"yoast-schema-graph\">{\"@context\":\"https:\/\/schema.org\",\"@graph\":[{\"@type\":\"WebPage\",\"@id\":\"https:\/\/websjop.afuk.frl\/nl\/winkel\/klut-mients\/\",\"url\":\"https:\/\/websjop.afuk.frl\/nl\/winkel\/klut-mients\/\",\"name\":\"Kl\u00fat en Mients \u00fbntdekke eb en floed &#8211; Af\u00fbk Websjop\",\"isPartOf\":{\"@id\":\"https:\/\/websjop.afuk.frl\/nl\/#website\"},\"primaryImageOfPage\":{\"@id\":\"https:\/\/websjop.afuk.frl\/nl\/winkel\/klut-mients\/#primaryimage\"},\"image\":{\"@id\":\"https:\/\/websjop.afuk.frl\/nl\/winkel\/klut-mients\/#primaryimage\"},\"thumbnailUrl\":\"https:\/\/websjop.afuk.frl\/wp-content\/uploads\/2023\/11\/Klut-en-Mients.jpg\",\"datePublished\":\"2023-12-13T11:28:06+00:00\",\"dateModified\":\"2024-07-18T11:20:09+00:00\",\"description\":\"In Kl\u00fat & Mients \u00fbntdekke eb en floed maken kinderen op een speelse manier kennis met eb en vloed en de dieren van de Waddenzee.\",\"breadcrumb\":{\"@id\":\"https:\/\/websjop.afuk.frl\/nl\/winkel\/klut-mients\/#breadcrumb\"},\"inLanguage\":\"nl-NL\",\"potentialAction\":[{\"@type\":\"ReadAction\",\"target\":[\"https:\/\/websjop.afuk.frl\/nl\/winkel\/klut-mients\/\"]}]},{\"@type\":\"ImageObject\",\"inLanguage\":\"nl-NL\",\"@id\":\"https:\/\/websjop.afuk.frl\/nl\/winkel\/klut-mients\/#primaryimage\",\"url\":\"https:\/\/websjop.afuk.frl\/wp-content\/uploads\/2023\/11\/Klut-en-Mients.jpg\",\"contentUrl\":\"https:\/\/websjop.afuk.frl\/wp-content\/uploads\/2023\/11\/Klut-en-Mients.jpg\",\"width\":1000,\"height\":988,\"caption\":\"kl\u00fat\"},{\"@type\":\"BreadcrumbList\",\"@id\":\"https:\/\/websjop.afuk.frl\/nl\/winkel\/klut-mients\/#breadcrumb\",\"itemListElement\":[{\"@type\":\"ListItem\",\"position\":1,\"name\":\"Home\",\"item\":\"https:\/\/websjop.afuk.frl\/nl\/\"},{\"@type\":\"ListItem\",\"position\":2,\"name\":\"Winkel\",\"item\":\"https:\/\/websjop.afuk.frl\/nl\/winkel\/\"},{\"@type\":\"ListItem\",\"position\":3,\"name\":\"Kl\u00fat en Mients \u00fbntdekke eb en floed\"}]},{\"@type\":\"WebSite\",\"@id\":\"https:\/\/websjop.afuk.frl\/nl\/#website\",\"url\":\"https:\/\/websjop.afuk.frl\/nl\/\",\"name\":\"Af\u00fbk Websjop\",\"description\":\"\",\"potentialAction\":[{\"@type\":\"SearchAction\",\"target\":{\"@type\":\"EntryPoint\",\"urlTemplate\":\"https:\/\/websjop.afuk.frl\/nl\/?s={search_term_string}\"},\"query-input\":{\"@type\":\"PropertyValueSpecification\",\"valueRequired\":true,\"valueName\":\"search_term_string\"}}],\"inLanguage\":\"nl-NL\"}]}<\/script>\n<!-- \/ Yoast SEO plugin. -->","yoast_head_json":{"title":"Kl\u00fat en Mients \u00fbntdekke eb en floed &#8211; Af\u00fbk Websjop","description":"In Kl\u00fat & Mients \u00fbntdekke eb en floed maken kinderen op een speelse manier kennis met eb en vloed en de dieren van de Waddenzee.","robots":{"index":"index","follow":"follow","max-snippet":"max-snippet:-1","max-image-preview":"max-image-preview:large","max-video-preview":"max-video-preview:-1"},"canonical":"https:\/\/websjop.afuk.frl\/nl\/winkel\/klut-mients\/","og_locale":"nl_NL","og_type":"article","og_title":"Kl\u00fat en Mients \u00fbntdekke eb en floed &#8211; Af\u00fbk Websjop","og_description":"In Kl\u00fat & Mients \u00fbntdekke eb en floed maken kinderen op een speelse manier kennis met eb en vloed en de dieren van de Waddenzee.","og_url":"https:\/\/websjop.afuk.frl\/nl\/winkel\/klut-mients\/","og_site_name":"Af\u00fbk Websjop","article_modified_time":"2024-07-18T11:20:09+00:00","og_image":[{"width":1000,"height":988,"url":"https:\/\/websjop.afuk.frl\/wp-content\/uploads\/2023\/11\/Klut-en-Mients.jpg","type":"image\/jpeg"}],"twitter_card":"summary_large_image","twitter_misc":{"Geschatte leestijd":"1 minuut"},"schema":{"@context":"https:\/\/schema.org","@graph":[{"@type":"WebPage","@id":"https:\/\/websjop.afuk.frl\/nl\/winkel\/klut-mients\/","url":"https:\/\/websjop.afuk.frl\/nl\/winkel\/klut-mients\/","name":"Kl\u00fat en Mients \u00fbntdekke eb en floed &#8211; Af\u00fbk Websjop","isPartOf":{"@id":"https:\/\/websjop.afuk.frl\/nl\/#website"},"primaryImageOfPage":{"@id":"https:\/\/websjop.afuk.frl\/nl\/winkel\/klut-mients\/#primaryimage"},"image":{"@id":"https:\/\/websjop.afuk.frl\/nl\/winkel\/klut-mients\/#primaryimage"},"thumbnailUrl":"https:\/\/websjop.afuk.frl\/wp-content\/uploads\/2023\/11\/Klut-en-Mients.jpg","datePublished":"2023-12-13T11:28:06+00:00","dateModified":"2024-07-18T11:20:09+00:00","description":"In Kl\u00fat & Mients \u00fbntdekke eb en floed maken kinderen op een speelse manier kennis met eb en vloed en de dieren van de Waddenzee.","breadcrumb":{"@id":"https:\/\/websjop.afuk.frl\/nl\/winkel\/klut-mients\/#breadcrumb"},"inLanguage":"nl-NL","potentialAction":[{"@type":"ReadAction","target":["https:\/\/websjop.afuk.frl\/nl\/winkel\/klut-mients\/"]}]},{"@type":"ImageObject","inLanguage":"nl-NL","@id":"https:\/\/websjop.afuk.frl\/nl\/winkel\/klut-mients\/#primaryimage","url":"https:\/\/websjop.afuk.frl\/wp-content\/uploads\/2023\/11\/Klut-en-Mients.jpg","contentUrl":"https:\/\/websjop.afuk.frl\/wp-content\/uploads\/2023\/11\/Klut-en-Mients.jpg","width":1000,"height":988,"caption":"kl\u00fat"},{"@type":"BreadcrumbList","@id":"https:\/\/websjop.afuk.frl\/nl\/winkel\/klut-mients\/#breadcrumb","itemListElement":[{"@type":"ListItem","position":1,"name":"Home","item":"https:\/\/websjop.afuk.frl\/nl\/"},{"@type":"ListItem","position":2,"name":"Winkel","item":"https:\/\/websjop.afuk.frl\/nl\/winkel\/"},{"@type":"ListItem","position":3,"name":"Kl\u00fat en Mients \u00fbntdekke eb en floed"}]},{"@type":"WebSite","@id":"https:\/\/websjop.afuk.frl\/nl\/#website","url":"https:\/\/websjop.afuk.frl\/nl\/","name":"Af\u00fbk Websjop","description":"","potentialAction":[{"@type":"SearchAction","target":{"@type":"EntryPoint","urlTemplate":"https:\/\/websjop.afuk.frl\/nl\/?s={search_term_string}"},"query-input":{"@type":"PropertyValueSpecification","valueRequired":true,"valueName":"search_term_string"}}],"inLanguage":"nl-NL"}]}},"_links":{"self":[{"href":"https:\/\/websjop.afuk.frl\/nl\/wp-json\/wp\/v2\/product\/40866","targetHints":{"allow":["GET"]}}],"collection":[{"href":"https:\/\/websjop.afuk.frl\/nl\/wp-json\/wp\/v2\/product"}],"about":[{"href":"https:\/\/websjop.afuk.frl\/nl\/wp-json\/wp\/v2\/types\/product"}],"replies":[{"embeddable":true,"href":"https:\/\/websjop.afuk.frl\/nl\/wp-json\/wp\/v2\/comments?post=40866"}],"wp:featuredmedia":[{"embeddable":true,"href":"https:\/\/websjop.afuk.frl\/nl\/wp-json\/wp\/v2\/media\/40867"}],"wp:attachment":[{"href":"https:\/\/websjop.afuk.frl\/nl\/wp-json\/wp\/v2\/media?parent=40866"}],"wp:term":[{"taxonomy":"product_brand","embeddable":true,"href":"https:\/\/websjop.afuk.frl\/nl\/wp-json\/wp\/v2\/product_brand?post=40866"},{"taxonomy":"product_cat","embeddable":true,"href":"https:\/\/websjop.afuk.frl\/nl\/wp-json\/wp\/v2\/product_cat?post=40866"},{"taxonomy":"product_tag","embeddable":true,"href":"https:\/\/websjop.afuk.frl\/nl\/wp-json\/wp\/v2\/product_tag?post=40866"}],"curies":[{"name":"wp","href":"https:\/\/api.w.org\/{rel}","templated":true}]}}