{"id":40110,"date":"2023-09-18T13:37:51","date_gmt":"2023-09-18T12:37:51","guid":{"rendered":"https:\/\/websjop.afuk.frl\/nl\/?post_type=product&#038;p=40110"},"modified":"2023-09-18T13:38:24","modified_gmt":"2023-09-18T12:38:24","slug":"it-djippe-wezen-fan-de-friezen-om-utens-100-jier-it-frysk-boun-om-utens","status":"publish","type":"product","link":"https:\/\/websjop.afuk.frl\/nl\/winkel\/it-djippe-wezen-fan-de-friezen-om-utens-100-jier-it-frysk-boun-om-utens\/","title":{"rendered":"It djippe w\u00eazen fan de Friezen om Utens &#8211; 100 jier It Frysk Boun om Utens"},"content":{"rendered":"<p>Kleurrijk en interessant Jubileumboek bij gelegenheid van het 100-jarig bestaan van It Frysk Boun om Utens.<\/p>\n<p>Wat is het grote geheim dat It Frysk Boun om Utens al 100 jaar bestaat? Wat speelt zich af in het diepst van de ziel van Friezen buiten Frysl\u00e2n? In dit Jubileumboek gaat schrijver H\u00e2ns Dijk de roemruchte geschiedenis van de Friezen en It Frysk Boun om Utens bij langs. Een feest van herkenning, met historische foto&#8217;s en wederwaardigheden. Het is ook een ode aan al die harde werkers die er voor gezorgd hebben dat de honderd jaar behaald is.<\/p>\n<p>&nbsp;<\/p>\n","protected":false},"excerpt":{"rendered":"<p>Kleurrijk en interessant Jubileumboek bij gelegenheid van het 100-jarig bestaan van It Frysk Boun om Utens. Wat is het grote geheim dat It Frysk Boun om Utens al 100 jaar bestaat? Wat speelt zich af in het diepst van de ziel van Friezen buiten Frysl\u00e2n? In dit Jubileumboek gaat schrijver H\u00e2ns Dijk de roemruchte geschiedenis [&hellip;]<\/p>\n","protected":false},"featured_media":40111,"comment_status":"closed","ping_status":"closed","template":"","meta":{"_acf_changed":false},"product_brand":[],"product_cat":[1194,545,535,539],"product_tag":[22204,22205,5892,22206,22203,22202,16990],"class_list":{"0":"post-40110","1":"product","2":"type-product","3":"status-publish","4":"has-post-thumbnail","6":"product_cat-25-nei-it-lan-fan-dream-en-winsken","7":"product_cat-fotoboeken","8":"product_cat-fryske-boeken","9":"product_cat-skiednis","10":"product_tag-100-jier","11":"product_tag-fbou","12":"product_tag-fotoboek","13":"product_tag-frysk-boun-om-utens","14":"product_tag-hans-dijk","15":"product_tag-it-djippe-wezen-fan-de-friezen-om-utens","16":"product_tag-jubileumboek","17":"product_shipping_class-brievenbus-verzending","18":"pa_auteur-hans-dijk","19":"pa_isbn-22201","20":"pa_new-label-1-3","21":"pa_taal-frysk","22":"pa_uitgever-elikser","24":"first","25":"instock","26":"taxable","27":"shipping-taxable","28":"purchasable","29":"product-type-simple"},"acf":[],"yoast_head":"<!-- This site is optimized with the Yoast SEO plugin v27.3 - https:\/\/yoast.com\/product\/yoast-seo-wordpress\/ -->\n<title>It djippe w\u00eazen fan de Friezen om Utens - 100 jier It Frysk Boun om Utens &#8211; Af\u00fbk Websjop<\/title>\n<meta name=\"description\" content=\"It djippe w\u00eazen fan de Friezen om Utens is een kleurrijk en interessant Jubileumboek bij gelegenheid van het 100-jarig bestaan van It Frysk Boun om Utens.\" \/>\n<meta name=\"robots\" content=\"index, follow, max-snippet:-1, max-image-preview:large, max-video-preview:-1\" \/>\n<link rel=\"canonical\" href=\"https:\/\/websjop.afuk.frl\/nl\/winkel\/it-djippe-wezen-fan-de-friezen-om-utens-100-jier-it-frysk-boun-om-utens\/\" \/>\n<meta property=\"og:locale\" content=\"nl_NL\" \/>\n<meta property=\"og:type\" content=\"article\" \/>\n<meta property=\"og:title\" content=\"It djippe w\u00eazen fan de Friezen om Utens - 100 jier It Frysk Boun om Utens &#8211; Af\u00fbk Websjop\" \/>\n<meta property=\"og:description\" content=\"It djippe w\u00eazen fan de Friezen om Utens is een kleurrijk en interessant Jubileumboek bij gelegenheid van het 100-jarig bestaan van It Frysk Boun om Utens.\" \/>\n<meta property=\"og:url\" content=\"https:\/\/websjop.afuk.frl\/nl\/winkel\/it-djippe-wezen-fan-de-friezen-om-utens-100-jier-it-frysk-boun-om-utens\/\" \/>\n<meta property=\"og:site_name\" content=\"Af\u00fbk Websjop\" \/>\n<meta property=\"article:modified_time\" content=\"2023-09-18T12:38:24+00:00\" \/>\n<meta property=\"og:image\" content=\"https:\/\/websjop.afuk.frl\/wp-content\/uploads\/2023\/09\/100-jier-FBOU.jpg\" \/>\n\t<meta property=\"og:image:width\" content=\"400\" \/>\n\t<meta property=\"og:image:height\" content=\"400\" \/>\n\t<meta property=\"og:image:type\" content=\"image\/jpeg\" \/>\n<meta name=\"twitter:card\" content=\"summary_large_image\" \/>\n<script type=\"application\/ld+json\" class=\"yoast-schema-graph\">{\"@context\":\"https:\\\/\\\/schema.org\",\"@graph\":[{\"@type\":\"WebPage\",\"@id\":\"https:\\\/\\\/websjop.afuk.frl\\\/nl\\\/winkel\\\/it-djippe-wezen-fan-de-friezen-om-utens-100-jier-it-frysk-boun-om-utens\\\/\",\"url\":\"https:\\\/\\\/websjop.afuk.frl\\\/nl\\\/winkel\\\/it-djippe-wezen-fan-de-friezen-om-utens-100-jier-it-frysk-boun-om-utens\\\/\",\"name\":\"It djippe w\u00eazen fan de Friezen om Utens - 100 jier It Frysk Boun om Utens &#8211; Af\u00fbk Websjop\",\"isPartOf\":{\"@id\":\"https:\\\/\\\/websjop.afuk.frl\\\/nl\\\/#website\"},\"primaryImageOfPage\":{\"@id\":\"https:\\\/\\\/websjop.afuk.frl\\\/nl\\\/winkel\\\/it-djippe-wezen-fan-de-friezen-om-utens-100-jier-it-frysk-boun-om-utens\\\/#primaryimage\"},\"image\":{\"@id\":\"https:\\\/\\\/websjop.afuk.frl\\\/nl\\\/winkel\\\/it-djippe-wezen-fan-de-friezen-om-utens-100-jier-it-frysk-boun-om-utens\\\/#primaryimage\"},\"thumbnailUrl\":\"https:\\\/\\\/websjop.afuk.frl\\\/wp-content\\\/uploads\\\/2023\\\/09\\\/100-jier-FBOU.jpg\",\"datePublished\":\"2023-09-18T12:37:51+00:00\",\"dateModified\":\"2023-09-18T12:38:24+00:00\",\"description\":\"It djippe w\u00eazen fan de Friezen om Utens is een kleurrijk en interessant Jubileumboek bij gelegenheid van het 100-jarig bestaan van It Frysk Boun om Utens.\",\"breadcrumb\":{\"@id\":\"https:\\\/\\\/websjop.afuk.frl\\\/nl\\\/winkel\\\/it-djippe-wezen-fan-de-friezen-om-utens-100-jier-it-frysk-boun-om-utens\\\/#breadcrumb\"},\"inLanguage\":\"nl-NL\",\"potentialAction\":[{\"@type\":\"ReadAction\",\"target\":[\"https:\\\/\\\/websjop.afuk.frl\\\/nl\\\/winkel\\\/it-djippe-wezen-fan-de-friezen-om-utens-100-jier-it-frysk-boun-om-utens\\\/\"]}]},{\"@type\":\"ImageObject\",\"inLanguage\":\"nl-NL\",\"@id\":\"https:\\\/\\\/websjop.afuk.frl\\\/nl\\\/winkel\\\/it-djippe-wezen-fan-de-friezen-om-utens-100-jier-it-frysk-boun-om-utens\\\/#primaryimage\",\"url\":\"https:\\\/\\\/websjop.afuk.frl\\\/wp-content\\\/uploads\\\/2023\\\/09\\\/100-jier-FBOU.jpg\",\"contentUrl\":\"https:\\\/\\\/websjop.afuk.frl\\\/wp-content\\\/uploads\\\/2023\\\/09\\\/100-jier-FBOU.jpg\",\"width\":400,\"height\":400},{\"@type\":\"BreadcrumbList\",\"@id\":\"https:\\\/\\\/websjop.afuk.frl\\\/nl\\\/winkel\\\/it-djippe-wezen-fan-de-friezen-om-utens-100-jier-it-frysk-boun-om-utens\\\/#breadcrumb\",\"itemListElement\":[{\"@type\":\"ListItem\",\"position\":1,\"name\":\"Home\",\"item\":\"https:\\\/\\\/websjop.afuk.frl\\\/nl\\\/\"},{\"@type\":\"ListItem\",\"position\":2,\"name\":\"Winkel\",\"item\":\"https:\\\/\\\/websjop.afuk.frl\\\/nl\\\/winkel\\\/\"},{\"@type\":\"ListItem\",\"position\":3,\"name\":\"It djippe w\u00eazen fan de Friezen om Utens &#8211; 100 jier It Frysk Boun om Utens\"}]},{\"@type\":\"WebSite\",\"@id\":\"https:\\\/\\\/websjop.afuk.frl\\\/nl\\\/#website\",\"url\":\"https:\\\/\\\/websjop.afuk.frl\\\/nl\\\/\",\"name\":\"Af\u00fbk Websjop\",\"description\":\"\",\"potentialAction\":[{\"@type\":\"SearchAction\",\"target\":{\"@type\":\"EntryPoint\",\"urlTemplate\":\"https:\\\/\\\/websjop.afuk.frl\\\/nl\\\/?s={search_term_string}\"},\"query-input\":{\"@type\":\"PropertyValueSpecification\",\"valueRequired\":true,\"valueName\":\"search_term_string\"}}],\"inLanguage\":\"nl-NL\"}]}<\/script>\n<!-- \/ Yoast SEO plugin. -->","yoast_head_json":{"title":"It djippe w\u00eazen fan de Friezen om Utens - 100 jier It Frysk Boun om Utens &#8211; Af\u00fbk Websjop","description":"It djippe w\u00eazen fan de Friezen om Utens is een kleurrijk en interessant Jubileumboek bij gelegenheid van het 100-jarig bestaan van It Frysk Boun om Utens.","robots":{"index":"index","follow":"follow","max-snippet":"max-snippet:-1","max-image-preview":"max-image-preview:large","max-video-preview":"max-video-preview:-1"},"canonical":"https:\/\/websjop.afuk.frl\/nl\/winkel\/it-djippe-wezen-fan-de-friezen-om-utens-100-jier-it-frysk-boun-om-utens\/","og_locale":"nl_NL","og_type":"article","og_title":"It djippe w\u00eazen fan de Friezen om Utens - 100 jier It Frysk Boun om Utens &#8211; Af\u00fbk Websjop","og_description":"It djippe w\u00eazen fan de Friezen om Utens is een kleurrijk en interessant Jubileumboek bij gelegenheid van het 100-jarig bestaan van It Frysk Boun om Utens.","og_url":"https:\/\/websjop.afuk.frl\/nl\/winkel\/it-djippe-wezen-fan-de-friezen-om-utens-100-jier-it-frysk-boun-om-utens\/","og_site_name":"Af\u00fbk Websjop","article_modified_time":"2023-09-18T12:38:24+00:00","og_image":[{"width":400,"height":400,"url":"https:\/\/websjop.afuk.frl\/wp-content\/uploads\/2023\/09\/100-jier-FBOU.jpg","type":"image\/jpeg"}],"twitter_card":"summary_large_image","schema":{"@context":"https:\/\/schema.org","@graph":[{"@type":"WebPage","@id":"https:\/\/websjop.afuk.frl\/nl\/winkel\/it-djippe-wezen-fan-de-friezen-om-utens-100-jier-it-frysk-boun-om-utens\/","url":"https:\/\/websjop.afuk.frl\/nl\/winkel\/it-djippe-wezen-fan-de-friezen-om-utens-100-jier-it-frysk-boun-om-utens\/","name":"It djippe w\u00eazen fan de Friezen om Utens - 100 jier It Frysk Boun om Utens &#8211; Af\u00fbk Websjop","isPartOf":{"@id":"https:\/\/websjop.afuk.frl\/nl\/#website"},"primaryImageOfPage":{"@id":"https:\/\/websjop.afuk.frl\/nl\/winkel\/it-djippe-wezen-fan-de-friezen-om-utens-100-jier-it-frysk-boun-om-utens\/#primaryimage"},"image":{"@id":"https:\/\/websjop.afuk.frl\/nl\/winkel\/it-djippe-wezen-fan-de-friezen-om-utens-100-jier-it-frysk-boun-om-utens\/#primaryimage"},"thumbnailUrl":"https:\/\/websjop.afuk.frl\/wp-content\/uploads\/2023\/09\/100-jier-FBOU.jpg","datePublished":"2023-09-18T12:37:51+00:00","dateModified":"2023-09-18T12:38:24+00:00","description":"It djippe w\u00eazen fan de Friezen om Utens is een kleurrijk en interessant Jubileumboek bij gelegenheid van het 100-jarig bestaan van It Frysk Boun om Utens.","breadcrumb":{"@id":"https:\/\/websjop.afuk.frl\/nl\/winkel\/it-djippe-wezen-fan-de-friezen-om-utens-100-jier-it-frysk-boun-om-utens\/#breadcrumb"},"inLanguage":"nl-NL","potentialAction":[{"@type":"ReadAction","target":["https:\/\/websjop.afuk.frl\/nl\/winkel\/it-djippe-wezen-fan-de-friezen-om-utens-100-jier-it-frysk-boun-om-utens\/"]}]},{"@type":"ImageObject","inLanguage":"nl-NL","@id":"https:\/\/websjop.afuk.frl\/nl\/winkel\/it-djippe-wezen-fan-de-friezen-om-utens-100-jier-it-frysk-boun-om-utens\/#primaryimage","url":"https:\/\/websjop.afuk.frl\/wp-content\/uploads\/2023\/09\/100-jier-FBOU.jpg","contentUrl":"https:\/\/websjop.afuk.frl\/wp-content\/uploads\/2023\/09\/100-jier-FBOU.jpg","width":400,"height":400},{"@type":"BreadcrumbList","@id":"https:\/\/websjop.afuk.frl\/nl\/winkel\/it-djippe-wezen-fan-de-friezen-om-utens-100-jier-it-frysk-boun-om-utens\/#breadcrumb","itemListElement":[{"@type":"ListItem","position":1,"name":"Home","item":"https:\/\/websjop.afuk.frl\/nl\/"},{"@type":"ListItem","position":2,"name":"Winkel","item":"https:\/\/websjop.afuk.frl\/nl\/winkel\/"},{"@type":"ListItem","position":3,"name":"It djippe w\u00eazen fan de Friezen om Utens &#8211; 100 jier It Frysk Boun om Utens"}]},{"@type":"WebSite","@id":"https:\/\/websjop.afuk.frl\/nl\/#website","url":"https:\/\/websjop.afuk.frl\/nl\/","name":"Af\u00fbk Websjop","description":"","potentialAction":[{"@type":"SearchAction","target":{"@type":"EntryPoint","urlTemplate":"https:\/\/websjop.afuk.frl\/nl\/?s={search_term_string}"},"query-input":{"@type":"PropertyValueSpecification","valueRequired":true,"valueName":"search_term_string"}}],"inLanguage":"nl-NL"}]}},"_links":{"self":[{"href":"https:\/\/websjop.afuk.frl\/nl\/wp-json\/wp\/v2\/product\/40110","targetHints":{"allow":["GET"]}}],"collection":[{"href":"https:\/\/websjop.afuk.frl\/nl\/wp-json\/wp\/v2\/product"}],"about":[{"href":"https:\/\/websjop.afuk.frl\/nl\/wp-json\/wp\/v2\/types\/product"}],"replies":[{"embeddable":true,"href":"https:\/\/websjop.afuk.frl\/nl\/wp-json\/wp\/v2\/comments?post=40110"}],"wp:featuredmedia":[{"embeddable":true,"href":"https:\/\/websjop.afuk.frl\/nl\/wp-json\/wp\/v2\/media\/40111"}],"wp:attachment":[{"href":"https:\/\/websjop.afuk.frl\/nl\/wp-json\/wp\/v2\/media?parent=40110"}],"wp:term":[{"taxonomy":"product_brand","embeddable":true,"href":"https:\/\/websjop.afuk.frl\/nl\/wp-json\/wp\/v2\/product_brand?post=40110"},{"taxonomy":"product_cat","embeddable":true,"href":"https:\/\/websjop.afuk.frl\/nl\/wp-json\/wp\/v2\/product_cat?post=40110"},{"taxonomy":"product_tag","embeddable":true,"href":"https:\/\/websjop.afuk.frl\/nl\/wp-json\/wp\/v2\/product_tag?post=40110"}],"curies":[{"name":"wp","href":"https:\/\/api.w.org\/{rel}","templated":true}]}}