{"id":40038,"date":"2025-10-12T11:05:39","date_gmt":"2025-10-12T09:05:39","guid":{"rendered":"https:\/\/websjop.afuk.frl\/nl\/?post_type=product&#038;p=40038"},"modified":"2026-01-15T15:49:11","modified_gmt":"2026-01-15T14:49:11","slug":"de-jonge-de-mol-de-foks-en-it-hynder","status":"publish","type":"product","link":"https:\/\/websjop.afuk.frl\/nl\/winkel\/de-jonge-de-mol-de-foks-en-it-hynder\/","title":{"rendered":"De Jonge, de Mol, de Foks en it Hynder"},"content":{"rendered":"<p><em>De Jonge, de Mol, de Foks en it Hynder<\/em>, vertaald door Baukje Wytsma, is een prachtig verhaal van Charlie Mackesy over vriendschap, liefde en jezelf zijn.<\/p>\n<p>\u2018Wat wolsto letter wurde ast grut bist?\u2019 frege de mol. \u2018Leaf,\u2019 sei de jonge. &#8216;De Jonge, de Mol, de Foks en it Hynder&#8217;, van Charlie Mackesy is een moderne fabel voor jong en oud. De 100 illustraties en de po\u00ebtische teksten vertellen het verhaal van een bijzondere vriendschap, tussen de jongen en de drie dieren. De universele lessen die ze samen leren zijn stuk voor stuk levenswijsheden. Een moderne klassieker, die je kijk op het leven verandert.<\/p>\n<p>&#8212;&#8212;&#8212;&#8212;&#8212;&#8212;&#8212;&#8212;&#8212;&#8212;<\/p>\n<p><em>&#8216;In leaf en learsum boek oer de wearde fan in ultime freonskip.&#8217; &#8211; Baukje Wytsma<\/em><\/p>\n<p><em>&#8216;De wr\u00e2ld d\u00ear&#8217;t ik yn libje moat is dizze, mar de wr\u00e2ld d\u00ear&#8217;t ik graach yn libje wolle soe is dyselde dy&#8217;t Charly Mackesy betocht hat.&#8217; &#8211; Elizabeth Gilbert<\/em><\/p>\n<p><em>&#8216;De wr\u00e2ld fan no hat gewoanwei ferlet fan Charlie syn wurk.&#8217; &#8211; Miranda Hart<\/em><\/p>\n<p><em>Hester Visser: &#8220;Al langere tiid bin ik fan fan dit boek, de teksten reitsje my. Oft ik no fertrietlik of just fleurich bin. It docht wat mei my. Dat it boek no ek oersetten en \u00fatbrocht is yn myn eigen memmetaal, makket grif dat ik it boek der noch faker by pakke sil. In moaie tekst foar op in kaart foar in dierber persoan, of om ien dy\u2019t it op dat stuit goed br\u00fbke kin bygelyks oan te moedigjen, sterkte of kr\u00eaft te winskjen. Yn dit boek fynst it.&#8221; <a href=\"https:\/\/heitenmem.nl\/artikel\/26855\/de-resinsje-fan-hester-oer-de-jonge-de-mol-de-foks-en-it-hynder\/\" target=\"_blank\" rel=\"noopener\">L\u00eas hjir Hester har folsleine resinsje.<\/a><\/em><\/p>\n<p><em>Maaike Dillema: &#8220;It boek is skitterjend yn syn ienf\u00e2ld. De prachtige yllustraasjes stypje de tekst goed.&#8221; <a href=\"https:\/\/heitenmem.frl\/maaike-dillema-it-boek-is-skitterjend-yn-syn-ienfald\/\" target=\"_blank\" rel=\"noopener\">L\u00eas hjir de folsleine resinsje fan Maaike.<\/a><\/em><\/p>\n","protected":false},"excerpt":{"rendered":"<p>De Jonge, de Mol, de Foks en it Hynder, vertaald door Baukje Wytsma, is een prachtig verhaal van Charlie Mackesy over vriendschap, liefde en jezelf zijn. \u2018Wat wolsto letter wurde ast grut bist?\u2019 frege de mol. \u2018Leaf,\u2019 sei de jonge. &#8216;De Jonge, de Mol, de Foks en it Hynder&#8217;, van Charlie Mackesy is een moderne [&hellip;]<\/p>\n","protected":false},"featured_media":40039,"comment_status":"closed","ping_status":"closed","template":"","meta":{"_acf_changed":false},"product_brand":[],"product_cat":[9573,16955,1255,7977,1225,21380,22905,9316],"product_tag":[22195,22199,9218,5642,22193,11926,6158,22194,22191],"class_list":{"0":"post-40038","1":"product","2":"type-product","3":"status-publish","4":"has-post-thumbnail","6":"product_cat-heitenmem","7":"product_cat-herfst","8":"product_cat-kado-s-foar-de-feestdagen","9":"product_cat-krystkados","10":"product_cat-memmedeikadootsjes","11":"product_cat-sinteklaas-kadotips","12":"product_cat-tema-freonskip-en-leafde","13":"product_cat-winter","14":"product_tag-cadeauboek","15":"product_tag-charlie-mackesy","16":"product_tag-foks","17":"product_tag-hynder","18":"product_tag-jonge","19":"product_tag-kadoboek","20":"product_tag-mol","21":"product_tag-paard","22":"product_tag-vos","23":"product_shipping_class-brievenbus-verzending","24":"pa_auteur-charlie-mackesy","25":"pa_isbn-22197","26":"pa_new-label-1-3","27":"pa_taal-frysk","28":"pa_uitgever-afuk","29":"pa_vertaler-baukje-wytsma","31":"first","32":"instock","33":"taxable","34":"shipping-taxable","35":"purchasable","36":"product-type-simple"},"acf":[],"yoast_head":"<!-- This site is optimized with the Yoast SEO plugin v27.2 - https:\/\/yoast.com\/product\/yoast-seo-wordpress\/ -->\n<title>De Jonge, de Mol, de Foks en it Hynder &#8211; Af\u00fbk Websjop<\/title>\n<meta name=\"description\" content=\"De Jonge, de Mol, de Foks en it Hynder, vertaald door Baukje Wytsma, is een prachtig verhaal van Charlie Mackesy over vriendschap, liefde en jezelf zijn.\" \/>\n<meta name=\"robots\" content=\"index, follow, max-snippet:-1, max-image-preview:large, max-video-preview:-1\" \/>\n<link rel=\"canonical\" href=\"https:\/\/websjop.afuk.frl\/nl\/winkel\/de-jonge-de-mol-de-foks-en-it-hynder\/\" \/>\n<meta property=\"og:locale\" content=\"nl_NL\" \/>\n<meta property=\"og:type\" content=\"article\" \/>\n<meta property=\"og:title\" content=\"De Jonge, de Mol, de Foks en it Hynder &#8211; Af\u00fbk Websjop\" \/>\n<meta property=\"og:description\" content=\"De Jonge, de Mol, de Foks en it Hynder, vertaald door Baukje Wytsma, is een prachtig verhaal van Charlie Mackesy over vriendschap, liefde en jezelf zijn.\" \/>\n<meta property=\"og:url\" content=\"https:\/\/websjop.afuk.frl\/nl\/winkel\/de-jonge-de-mol-de-foks-en-it-hynder\/\" \/>\n<meta property=\"og:site_name\" content=\"Af\u00fbk Websjop\" \/>\n<meta property=\"article:modified_time\" content=\"2026-01-15T14:49:11+00:00\" \/>\n<meta property=\"og:image\" content=\"https:\/\/websjop.afuk.frl\/wp-content\/uploads\/2023\/09\/dejongedemoldefoksenithynder-scaled.jpg\" \/>\n\t<meta property=\"og:image:width\" content=\"1952\" \/>\n\t<meta property=\"og:image:height\" content=\"2560\" \/>\n\t<meta property=\"og:image:type\" content=\"image\/jpeg\" \/>\n<meta name=\"twitter:card\" content=\"summary_large_image\" \/>\n<meta name=\"twitter:label1\" content=\"Geschatte leestijd\" \/>\n\t<meta name=\"twitter:data1\" content=\"3 minuten\" \/>\n<script type=\"application\/ld+json\" class=\"yoast-schema-graph\">{\"@context\":\"https:\/\/schema.org\",\"@graph\":[{\"@type\":\"WebPage\",\"@id\":\"https:\/\/websjop.afuk.frl\/nl\/winkel\/de-jonge-de-mol-de-foks-en-it-hynder\/\",\"url\":\"https:\/\/websjop.afuk.frl\/nl\/winkel\/de-jonge-de-mol-de-foks-en-it-hynder\/\",\"name\":\"De Jonge, de Mol, de Foks en it Hynder &#8211; Af\u00fbk Websjop\",\"isPartOf\":{\"@id\":\"https:\/\/websjop.afuk.frl\/nl\/#website\"},\"primaryImageOfPage\":{\"@id\":\"https:\/\/websjop.afuk.frl\/nl\/winkel\/de-jonge-de-mol-de-foks-en-it-hynder\/#primaryimage\"},\"image\":{\"@id\":\"https:\/\/websjop.afuk.frl\/nl\/winkel\/de-jonge-de-mol-de-foks-en-it-hynder\/#primaryimage\"},\"thumbnailUrl\":\"https:\/\/websjop.afuk.frl\/wp-content\/uploads\/2023\/09\/dejongedemoldefoksenithynder-scaled.jpg\",\"datePublished\":\"2025-10-12T09:05:39+00:00\",\"dateModified\":\"2026-01-15T14:49:11+00:00\",\"description\":\"De Jonge, de Mol, de Foks en it Hynder, vertaald door Baukje Wytsma, is een prachtig verhaal van Charlie Mackesy over vriendschap, liefde en jezelf zijn.\",\"breadcrumb\":{\"@id\":\"https:\/\/websjop.afuk.frl\/nl\/winkel\/de-jonge-de-mol-de-foks-en-it-hynder\/#breadcrumb\"},\"inLanguage\":\"nl-NL\",\"potentialAction\":[{\"@type\":\"ReadAction\",\"target\":[\"https:\/\/websjop.afuk.frl\/nl\/winkel\/de-jonge-de-mol-de-foks-en-it-hynder\/\"]}]},{\"@type\":\"ImageObject\",\"inLanguage\":\"nl-NL\",\"@id\":\"https:\/\/websjop.afuk.frl\/nl\/winkel\/de-jonge-de-mol-de-foks-en-it-hynder\/#primaryimage\",\"url\":\"https:\/\/websjop.afuk.frl\/wp-content\/uploads\/2023\/09\/dejongedemoldefoksenithynder-scaled.jpg\",\"contentUrl\":\"https:\/\/websjop.afuk.frl\/wp-content\/uploads\/2023\/09\/dejongedemoldefoksenithynder-scaled.jpg\",\"width\":1952,\"height\":2560,\"caption\":\"dejonge demol defoks en it hynder\"},{\"@type\":\"BreadcrumbList\",\"@id\":\"https:\/\/websjop.afuk.frl\/nl\/winkel\/de-jonge-de-mol-de-foks-en-it-hynder\/#breadcrumb\",\"itemListElement\":[{\"@type\":\"ListItem\",\"position\":1,\"name\":\"Home\",\"item\":\"https:\/\/websjop.afuk.frl\/nl\/\"},{\"@type\":\"ListItem\",\"position\":2,\"name\":\"Winkel\",\"item\":\"https:\/\/websjop.afuk.frl\/nl\/winkel\/\"},{\"@type\":\"ListItem\",\"position\":3,\"name\":\"De Jonge, de Mol, de Foks en it Hynder\"}]},{\"@type\":\"WebSite\",\"@id\":\"https:\/\/websjop.afuk.frl\/nl\/#website\",\"url\":\"https:\/\/websjop.afuk.frl\/nl\/\",\"name\":\"Af\u00fbk Websjop\",\"description\":\"\",\"potentialAction\":[{\"@type\":\"SearchAction\",\"target\":{\"@type\":\"EntryPoint\",\"urlTemplate\":\"https:\/\/websjop.afuk.frl\/nl\/?s={search_term_string}\"},\"query-input\":{\"@type\":\"PropertyValueSpecification\",\"valueRequired\":true,\"valueName\":\"search_term_string\"}}],\"inLanguage\":\"nl-NL\"}]}<\/script>\n<!-- \/ Yoast SEO plugin. -->","yoast_head_json":{"title":"De Jonge, de Mol, de Foks en it Hynder &#8211; Af\u00fbk Websjop","description":"De Jonge, de Mol, de Foks en it Hynder, vertaald door Baukje Wytsma, is een prachtig verhaal van Charlie Mackesy over vriendschap, liefde en jezelf zijn.","robots":{"index":"index","follow":"follow","max-snippet":"max-snippet:-1","max-image-preview":"max-image-preview:large","max-video-preview":"max-video-preview:-1"},"canonical":"https:\/\/websjop.afuk.frl\/nl\/winkel\/de-jonge-de-mol-de-foks-en-it-hynder\/","og_locale":"nl_NL","og_type":"article","og_title":"De Jonge, de Mol, de Foks en it Hynder &#8211; Af\u00fbk Websjop","og_description":"De Jonge, de Mol, de Foks en it Hynder, vertaald door Baukje Wytsma, is een prachtig verhaal van Charlie Mackesy over vriendschap, liefde en jezelf zijn.","og_url":"https:\/\/websjop.afuk.frl\/nl\/winkel\/de-jonge-de-mol-de-foks-en-it-hynder\/","og_site_name":"Af\u00fbk Websjop","article_modified_time":"2026-01-15T14:49:11+00:00","og_image":[{"width":1952,"height":2560,"url":"https:\/\/websjop.afuk.frl\/wp-content\/uploads\/2023\/09\/dejongedemoldefoksenithynder-scaled.jpg","type":"image\/jpeg"}],"twitter_card":"summary_large_image","twitter_misc":{"Geschatte leestijd":"3 minuten"},"schema":{"@context":"https:\/\/schema.org","@graph":[{"@type":"WebPage","@id":"https:\/\/websjop.afuk.frl\/nl\/winkel\/de-jonge-de-mol-de-foks-en-it-hynder\/","url":"https:\/\/websjop.afuk.frl\/nl\/winkel\/de-jonge-de-mol-de-foks-en-it-hynder\/","name":"De Jonge, de Mol, de Foks en it Hynder &#8211; Af\u00fbk Websjop","isPartOf":{"@id":"https:\/\/websjop.afuk.frl\/nl\/#website"},"primaryImageOfPage":{"@id":"https:\/\/websjop.afuk.frl\/nl\/winkel\/de-jonge-de-mol-de-foks-en-it-hynder\/#primaryimage"},"image":{"@id":"https:\/\/websjop.afuk.frl\/nl\/winkel\/de-jonge-de-mol-de-foks-en-it-hynder\/#primaryimage"},"thumbnailUrl":"https:\/\/websjop.afuk.frl\/wp-content\/uploads\/2023\/09\/dejongedemoldefoksenithynder-scaled.jpg","datePublished":"2025-10-12T09:05:39+00:00","dateModified":"2026-01-15T14:49:11+00:00","description":"De Jonge, de Mol, de Foks en it Hynder, vertaald door Baukje Wytsma, is een prachtig verhaal van Charlie Mackesy over vriendschap, liefde en jezelf zijn.","breadcrumb":{"@id":"https:\/\/websjop.afuk.frl\/nl\/winkel\/de-jonge-de-mol-de-foks-en-it-hynder\/#breadcrumb"},"inLanguage":"nl-NL","potentialAction":[{"@type":"ReadAction","target":["https:\/\/websjop.afuk.frl\/nl\/winkel\/de-jonge-de-mol-de-foks-en-it-hynder\/"]}]},{"@type":"ImageObject","inLanguage":"nl-NL","@id":"https:\/\/websjop.afuk.frl\/nl\/winkel\/de-jonge-de-mol-de-foks-en-it-hynder\/#primaryimage","url":"https:\/\/websjop.afuk.frl\/wp-content\/uploads\/2023\/09\/dejongedemoldefoksenithynder-scaled.jpg","contentUrl":"https:\/\/websjop.afuk.frl\/wp-content\/uploads\/2023\/09\/dejongedemoldefoksenithynder-scaled.jpg","width":1952,"height":2560,"caption":"dejonge demol defoks en it hynder"},{"@type":"BreadcrumbList","@id":"https:\/\/websjop.afuk.frl\/nl\/winkel\/de-jonge-de-mol-de-foks-en-it-hynder\/#breadcrumb","itemListElement":[{"@type":"ListItem","position":1,"name":"Home","item":"https:\/\/websjop.afuk.frl\/nl\/"},{"@type":"ListItem","position":2,"name":"Winkel","item":"https:\/\/websjop.afuk.frl\/nl\/winkel\/"},{"@type":"ListItem","position":3,"name":"De Jonge, de Mol, de Foks en it Hynder"}]},{"@type":"WebSite","@id":"https:\/\/websjop.afuk.frl\/nl\/#website","url":"https:\/\/websjop.afuk.frl\/nl\/","name":"Af\u00fbk Websjop","description":"","potentialAction":[{"@type":"SearchAction","target":{"@type":"EntryPoint","urlTemplate":"https:\/\/websjop.afuk.frl\/nl\/?s={search_term_string}"},"query-input":{"@type":"PropertyValueSpecification","valueRequired":true,"valueName":"search_term_string"}}],"inLanguage":"nl-NL"}]}},"_links":{"self":[{"href":"https:\/\/websjop.afuk.frl\/nl\/wp-json\/wp\/v2\/product\/40038","targetHints":{"allow":["GET"]}}],"collection":[{"href":"https:\/\/websjop.afuk.frl\/nl\/wp-json\/wp\/v2\/product"}],"about":[{"href":"https:\/\/websjop.afuk.frl\/nl\/wp-json\/wp\/v2\/types\/product"}],"replies":[{"embeddable":true,"href":"https:\/\/websjop.afuk.frl\/nl\/wp-json\/wp\/v2\/comments?post=40038"}],"wp:featuredmedia":[{"embeddable":true,"href":"https:\/\/websjop.afuk.frl\/nl\/wp-json\/wp\/v2\/media\/40039"}],"wp:attachment":[{"href":"https:\/\/websjop.afuk.frl\/nl\/wp-json\/wp\/v2\/media?parent=40038"}],"wp:term":[{"taxonomy":"product_brand","embeddable":true,"href":"https:\/\/websjop.afuk.frl\/nl\/wp-json\/wp\/v2\/product_brand?post=40038"},{"taxonomy":"product_cat","embeddable":true,"href":"https:\/\/websjop.afuk.frl\/nl\/wp-json\/wp\/v2\/product_cat?post=40038"},{"taxonomy":"product_tag","embeddable":true,"href":"https:\/\/websjop.afuk.frl\/nl\/wp-json\/wp\/v2\/product_tag?post=40038"}],"curies":[{"name":"wp","href":"https:\/\/api.w.org\/{rel}","templated":true}]}}