{"id":39964,"date":"2023-09-05T08:42:57","date_gmt":"2023-09-05T07:42:57","guid":{"rendered":"https:\/\/websjop.afuk.frl\/nl\/?post_type=product&#038;p=39964"},"modified":"2024-10-23T10:38:09","modified_gmt":"2024-10-23T09:38:09","slug":"net-fiksearre-hus","status":"publish","type":"product","link":"https:\/\/websjop.afuk.frl\/nl\/winkel\/net-fiksearre-hus\/","title":{"rendered":"Net fiksearre h\u00fbs &#8211; Gedichten"},"content":{"rendered":"<p><em>Net fiksearre h\u00fbs <\/em>is de zesde po\u00ebziebundel van Elske Kampen. Ze roept hierin een wereld op die ligt tussen de werkelijkheid van een eenvoudig Ru-schaaltje in Museum Princessehof en de onwerkelijke thuiskomst van iemand die niet bestond. Dichten is voor Elske een vorm van ordenen en harmonie scheppen. De drang van de versvorm dwingt haar om tot de essentie te komen.<\/p>\n<p>Kijk ook op <a href=\"http:\/\/elskekampen.nl\">http:\/\/elskekampen.nl<\/a><\/p>\n<hr \/>\n<p><em>Lara: &#8220;In bondel fan abrupt \u00f4fbrutsen sinnen en kollaazjes fan skuorde stripen fertelt it ferhaal fan in stikkene persoan, dy\u2019t neffens my mei dizze bondel wol wer hielje kin. De bondel stiet hoe dan ek as in h\u00fbs! Mei, sa as Kampen it omskriuwt yn Swimster, \u2018riedsels dy\u2019t ik net altyd ferklearje kin\u2019.&#8221; <a href=\"https:\/\/heitenmem.nl\/artikel\/26891\/de-resinsje-fan-lara-net-fiksearre-hus\/\" target=\"_blank\" rel=\"noopener\">L\u00eas hjir de folsleine resinsje fan Lara.<\/a><\/em><\/p>\n<p>&nbsp;<\/p>\n","protected":false},"excerpt":{"rendered":"<p>Net fiksearre h\u00fbs is de zesde po\u00ebziebundel van Elske Kampen. Ze roept hierin een wereld op die ligt tussen de werkelijkheid van een eenvoudig Ru-schaaltje in Museum Princessehof en de onwerkelijke thuiskomst van iemand die niet bestond. Dichten is voor Elske een vorm van ordenen en harmonie scheppen. De drang van de versvorm dwingt haar [&hellip;]<\/p>\n","protected":false},"featured_media":39965,"comment_status":"closed","ping_status":"closed","template":"","meta":{"_acf_changed":false},"product_brand":[],"product_cat":[9489,538,535],"product_tag":[9432,5191,22170,17036,9431],"class_list":{"0":"post-39964","1":"product","2":"type-product","3":"status-publish","4":"has-post-thumbnail","6":"product_cat-poezy","7":"product_cat-dichtbondels","8":"product_cat-fryske-boeken","9":"product_tag-elske-kampen","10":"product_tag-gedichten","11":"product_tag-net-fiksearre-hus","12":"product_tag-poezie","13":"product_tag-poezy","14":"product_shipping_class-brievenbus-verzending","15":"pa_auteur-elske-kampen-2","16":"pa_isbn-22169","17":"pa_new-label-1-3","18":"pa_taal-frysk","19":"pa_uitgever-afuk","21":"first","22":"instock","23":"taxable","24":"shipping-taxable","25":"purchasable","26":"product-type-simple"},"acf":[],"yoast_head":"<!-- This site is optimized with the Yoast SEO plugin v27.3 - https:\/\/yoast.com\/product\/yoast-seo-wordpress\/ -->\n<title>Net fiksearre h\u00fbs - Gedichten &#8211; Af\u00fbk Websjop<\/title>\n<meta name=\"description\" content=\"Net fiksearre h\u00fbs is de zesde po\u00ebziebundel van Elske Kampen. Dichten is voor Elske een vorm van ordenen en harmonie scheppen.\" \/>\n<meta name=\"robots\" content=\"index, follow, max-snippet:-1, max-image-preview:large, max-video-preview:-1\" \/>\n<link rel=\"canonical\" href=\"https:\/\/websjop.afuk.frl\/nl\/winkel\/net-fiksearre-hus\/\" \/>\n<meta property=\"og:locale\" content=\"nl_NL\" \/>\n<meta property=\"og:type\" content=\"article\" \/>\n<meta property=\"og:title\" content=\"Net fiksearre h\u00fbs - Gedichten &#8211; Af\u00fbk Websjop\" \/>\n<meta property=\"og:description\" content=\"Net fiksearre h\u00fbs is de zesde po\u00ebziebundel van Elske Kampen. Dichten is voor Elske een vorm van ordenen en harmonie scheppen.\" \/>\n<meta property=\"og:url\" content=\"https:\/\/websjop.afuk.frl\/nl\/winkel\/net-fiksearre-hus\/\" \/>\n<meta property=\"og:site_name\" content=\"Af\u00fbk Websjop\" \/>\n<meta property=\"article:modified_time\" content=\"2024-10-23T09:38:09+00:00\" \/>\n<meta property=\"og:image\" content=\"https:\/\/websjop.afuk.frl\/wp-content\/uploads\/2023\/09\/Net-fiksearre-hus.jpg\" \/>\n\t<meta property=\"og:image:width\" content=\"1711\" \/>\n\t<meta property=\"og:image:height\" content=\"2475\" \/>\n\t<meta property=\"og:image:type\" content=\"image\/jpeg\" \/>\n<meta name=\"twitter:card\" content=\"summary_large_image\" \/>\n<meta name=\"twitter:label1\" content=\"Geschatte leestijd\" \/>\n\t<meta name=\"twitter:data1\" content=\"1 minuut\" \/>\n<script type=\"application\/ld+json\" class=\"yoast-schema-graph\">{\"@context\":\"https:\\\/\\\/schema.org\",\"@graph\":[{\"@type\":\"WebPage\",\"@id\":\"https:\\\/\\\/websjop.afuk.frl\\\/nl\\\/winkel\\\/net-fiksearre-hus\\\/\",\"url\":\"https:\\\/\\\/websjop.afuk.frl\\\/nl\\\/winkel\\\/net-fiksearre-hus\\\/\",\"name\":\"Net fiksearre h\u00fbs - Gedichten &#8211; Af\u00fbk Websjop\",\"isPartOf\":{\"@id\":\"https:\\\/\\\/websjop.afuk.frl\\\/nl\\\/#website\"},\"primaryImageOfPage\":{\"@id\":\"https:\\\/\\\/websjop.afuk.frl\\\/nl\\\/winkel\\\/net-fiksearre-hus\\\/#primaryimage\"},\"image\":{\"@id\":\"https:\\\/\\\/websjop.afuk.frl\\\/nl\\\/winkel\\\/net-fiksearre-hus\\\/#primaryimage\"},\"thumbnailUrl\":\"https:\\\/\\\/websjop.afuk.frl\\\/wp-content\\\/uploads\\\/2023\\\/09\\\/Net-fiksearre-hus.jpg\",\"datePublished\":\"2023-09-05T07:42:57+00:00\",\"dateModified\":\"2024-10-23T09:38:09+00:00\",\"description\":\"Net fiksearre h\u00fbs is de zesde po\u00ebziebundel van Elske Kampen. Dichten is voor Elske een vorm van ordenen en harmonie scheppen.\",\"breadcrumb\":{\"@id\":\"https:\\\/\\\/websjop.afuk.frl\\\/nl\\\/winkel\\\/net-fiksearre-hus\\\/#breadcrumb\"},\"inLanguage\":\"nl-NL\",\"potentialAction\":[{\"@type\":\"ReadAction\",\"target\":[\"https:\\\/\\\/websjop.afuk.frl\\\/nl\\\/winkel\\\/net-fiksearre-hus\\\/\"]}]},{\"@type\":\"ImageObject\",\"inLanguage\":\"nl-NL\",\"@id\":\"https:\\\/\\\/websjop.afuk.frl\\\/nl\\\/winkel\\\/net-fiksearre-hus\\\/#primaryimage\",\"url\":\"https:\\\/\\\/websjop.afuk.frl\\\/wp-content\\\/uploads\\\/2023\\\/09\\\/Net-fiksearre-hus.jpg\",\"contentUrl\":\"https:\\\/\\\/websjop.afuk.frl\\\/wp-content\\\/uploads\\\/2023\\\/09\\\/Net-fiksearre-hus.jpg\",\"width\":1711,\"height\":2475},{\"@type\":\"BreadcrumbList\",\"@id\":\"https:\\\/\\\/websjop.afuk.frl\\\/nl\\\/winkel\\\/net-fiksearre-hus\\\/#breadcrumb\",\"itemListElement\":[{\"@type\":\"ListItem\",\"position\":1,\"name\":\"Home\",\"item\":\"https:\\\/\\\/websjop.afuk.frl\\\/nl\\\/\"},{\"@type\":\"ListItem\",\"position\":2,\"name\":\"Winkel\",\"item\":\"https:\\\/\\\/websjop.afuk.frl\\\/nl\\\/winkel\\\/\"},{\"@type\":\"ListItem\",\"position\":3,\"name\":\"Net fiksearre h\u00fbs &#8211; Gedichten\"}]},{\"@type\":\"WebSite\",\"@id\":\"https:\\\/\\\/websjop.afuk.frl\\\/nl\\\/#website\",\"url\":\"https:\\\/\\\/websjop.afuk.frl\\\/nl\\\/\",\"name\":\"Af\u00fbk Websjop\",\"description\":\"\",\"potentialAction\":[{\"@type\":\"SearchAction\",\"target\":{\"@type\":\"EntryPoint\",\"urlTemplate\":\"https:\\\/\\\/websjop.afuk.frl\\\/nl\\\/?s={search_term_string}\"},\"query-input\":{\"@type\":\"PropertyValueSpecification\",\"valueRequired\":true,\"valueName\":\"search_term_string\"}}],\"inLanguage\":\"nl-NL\"}]}<\/script>\n<!-- \/ Yoast SEO plugin. -->","yoast_head_json":{"title":"Net fiksearre h\u00fbs - Gedichten &#8211; Af\u00fbk Websjop","description":"Net fiksearre h\u00fbs is de zesde po\u00ebziebundel van Elske Kampen. Dichten is voor Elske een vorm van ordenen en harmonie scheppen.","robots":{"index":"index","follow":"follow","max-snippet":"max-snippet:-1","max-image-preview":"max-image-preview:large","max-video-preview":"max-video-preview:-1"},"canonical":"https:\/\/websjop.afuk.frl\/nl\/winkel\/net-fiksearre-hus\/","og_locale":"nl_NL","og_type":"article","og_title":"Net fiksearre h\u00fbs - Gedichten &#8211; Af\u00fbk Websjop","og_description":"Net fiksearre h\u00fbs is de zesde po\u00ebziebundel van Elske Kampen. Dichten is voor Elske een vorm van ordenen en harmonie scheppen.","og_url":"https:\/\/websjop.afuk.frl\/nl\/winkel\/net-fiksearre-hus\/","og_site_name":"Af\u00fbk Websjop","article_modified_time":"2024-10-23T09:38:09+00:00","og_image":[{"width":1711,"height":2475,"url":"https:\/\/websjop.afuk.frl\/wp-content\/uploads\/2023\/09\/Net-fiksearre-hus.jpg","type":"image\/jpeg"}],"twitter_card":"summary_large_image","twitter_misc":{"Geschatte leestijd":"1 minuut"},"schema":{"@context":"https:\/\/schema.org","@graph":[{"@type":"WebPage","@id":"https:\/\/websjop.afuk.frl\/nl\/winkel\/net-fiksearre-hus\/","url":"https:\/\/websjop.afuk.frl\/nl\/winkel\/net-fiksearre-hus\/","name":"Net fiksearre h\u00fbs - Gedichten &#8211; Af\u00fbk Websjop","isPartOf":{"@id":"https:\/\/websjop.afuk.frl\/nl\/#website"},"primaryImageOfPage":{"@id":"https:\/\/websjop.afuk.frl\/nl\/winkel\/net-fiksearre-hus\/#primaryimage"},"image":{"@id":"https:\/\/websjop.afuk.frl\/nl\/winkel\/net-fiksearre-hus\/#primaryimage"},"thumbnailUrl":"https:\/\/websjop.afuk.frl\/wp-content\/uploads\/2023\/09\/Net-fiksearre-hus.jpg","datePublished":"2023-09-05T07:42:57+00:00","dateModified":"2024-10-23T09:38:09+00:00","description":"Net fiksearre h\u00fbs is de zesde po\u00ebziebundel van Elske Kampen. Dichten is voor Elske een vorm van ordenen en harmonie scheppen.","breadcrumb":{"@id":"https:\/\/websjop.afuk.frl\/nl\/winkel\/net-fiksearre-hus\/#breadcrumb"},"inLanguage":"nl-NL","potentialAction":[{"@type":"ReadAction","target":["https:\/\/websjop.afuk.frl\/nl\/winkel\/net-fiksearre-hus\/"]}]},{"@type":"ImageObject","inLanguage":"nl-NL","@id":"https:\/\/websjop.afuk.frl\/nl\/winkel\/net-fiksearre-hus\/#primaryimage","url":"https:\/\/websjop.afuk.frl\/wp-content\/uploads\/2023\/09\/Net-fiksearre-hus.jpg","contentUrl":"https:\/\/websjop.afuk.frl\/wp-content\/uploads\/2023\/09\/Net-fiksearre-hus.jpg","width":1711,"height":2475},{"@type":"BreadcrumbList","@id":"https:\/\/websjop.afuk.frl\/nl\/winkel\/net-fiksearre-hus\/#breadcrumb","itemListElement":[{"@type":"ListItem","position":1,"name":"Home","item":"https:\/\/websjop.afuk.frl\/nl\/"},{"@type":"ListItem","position":2,"name":"Winkel","item":"https:\/\/websjop.afuk.frl\/nl\/winkel\/"},{"@type":"ListItem","position":3,"name":"Net fiksearre h\u00fbs &#8211; Gedichten"}]},{"@type":"WebSite","@id":"https:\/\/websjop.afuk.frl\/nl\/#website","url":"https:\/\/websjop.afuk.frl\/nl\/","name":"Af\u00fbk Websjop","description":"","potentialAction":[{"@type":"SearchAction","target":{"@type":"EntryPoint","urlTemplate":"https:\/\/websjop.afuk.frl\/nl\/?s={search_term_string}"},"query-input":{"@type":"PropertyValueSpecification","valueRequired":true,"valueName":"search_term_string"}}],"inLanguage":"nl-NL"}]}},"_links":{"self":[{"href":"https:\/\/websjop.afuk.frl\/nl\/wp-json\/wp\/v2\/product\/39964","targetHints":{"allow":["GET"]}}],"collection":[{"href":"https:\/\/websjop.afuk.frl\/nl\/wp-json\/wp\/v2\/product"}],"about":[{"href":"https:\/\/websjop.afuk.frl\/nl\/wp-json\/wp\/v2\/types\/product"}],"replies":[{"embeddable":true,"href":"https:\/\/websjop.afuk.frl\/nl\/wp-json\/wp\/v2\/comments?post=39964"}],"wp:featuredmedia":[{"embeddable":true,"href":"https:\/\/websjop.afuk.frl\/nl\/wp-json\/wp\/v2\/media\/39965"}],"wp:attachment":[{"href":"https:\/\/websjop.afuk.frl\/nl\/wp-json\/wp\/v2\/media?parent=39964"}],"wp:term":[{"taxonomy":"product_brand","embeddable":true,"href":"https:\/\/websjop.afuk.frl\/nl\/wp-json\/wp\/v2\/product_brand?post=39964"},{"taxonomy":"product_cat","embeddable":true,"href":"https:\/\/websjop.afuk.frl\/nl\/wp-json\/wp\/v2\/product_cat?post=39964"},{"taxonomy":"product_tag","embeddable":true,"href":"https:\/\/websjop.afuk.frl\/nl\/wp-json\/wp\/v2\/product_tag?post=39964"}],"curies":[{"name":"wp","href":"https:\/\/api.w.org\/{rel}","templated":true}]}}