{"id":39958,"date":"2023-09-04T14:13:23","date_gmt":"2023-09-04T13:13:23","guid":{"rendered":"https:\/\/websjop.afuk.frl\/nl\/?post_type=product&#038;p=39958"},"modified":"2025-01-15T08:05:58","modified_gmt":"2025-01-15T07:05:58","slug":"skearing-en-ynslach-ferhaleroman","status":"publish","type":"product","link":"https:\/\/websjop.afuk.frl\/nl\/winkel\/skearing-en-ynslach-ferhaleroman\/","title":{"rendered":"Skearing en Ynslach &#8211; Ferhaleroman"},"content":{"rendered":"<p>In dit boek <em>Skearing en Ynslach <\/em>wordt stukje bij beetje voornamelijk het opgroeien van boerenzoon Reinder Beetstra in Frysl\u00e2n beschreven, zijn wederwaardigheden in militaire dienst, het studentenleven in Groningen en de verwaarloosde relatie met jeugdvriend Sipke.<\/p>\n<p>Maar ook verderop zal het mislopen: als sociaal bewogen makelaar in Nieuw-Zeeland, waarvan hij uiteindelijk snel en zonder vrouw terugkomt. Goed en wel weer thuis op oude grond valt dat hem nu ook tegen. Frysl\u00e2n is niet langer wat het was, zijn bewonderde moeder overleed, maar bovenal verkruimelen zijn idealen, van dorpsleven tot en met socialisme.<\/p>\n<p>Wat bij dit alles ook meespeelt, is de hooibroei-brand bij de Beetstra&#8217;s toen Reinder in november 1956 nog een jong baasje was. Met de wetenschap van nu heeft hij daar een stress-syndroom aan overgehouden.<\/p>\n<p>Bouke van der Hem (Terzool, 1946) werkte jarenlang als jurist\/mediator in Groningen, woont nu in Castricum. Hij debuteerde in 2002 met de roman <em>Sloppe Opels. <\/em>Daarna verschenen nog <em>It Poadiumbeest, Stille Tochten <\/em>en in 2010 <em>De Fuery.<\/em><\/p>\n<hr \/>\n<p><em>Anne Visser: &#8220;Wat ek hieltiid wer boppe komt is de heabroei dy\u2019t in grutte br\u00e2n foaroarsake. Hat Reinder d\u00ear wat men no neamt in stress-syndroom fan oerh\u00e2lden?&#8221; <a href=\"https:\/\/heitenmem.nl\/artikel\/26895\/de-resinsje-fan-anne-skearing-en-ynslach\/\" target=\"_blank\" rel=\"noopener\">L\u00eas de folsleine resinsje fan Anne op heitenmem.nl<\/a><\/em><\/p>\n<p><em>Jaap Krol, Friesch Dagblad: Bouke van der Hem skreau in knap komponearre en yntinse roman&#8217;.<\/em><\/p>\n<p>L\u00eas ek de resinsje fan Jelle van der Meulen op: <a href=\"https:\/\/www.frieseliteratuur.nl\/bouke-van-der-hem\/\">https:\/\/www.frieseliteratuur.nl\/bouke-van-der-hem\/<\/a><\/p>\n","protected":false},"excerpt":{"rendered":"<p>In dit boek Skearing en Ynslach wordt stukje bij beetje voornamelijk het opgroeien van boerenzoon Reinder Beetstra in Frysl\u00e2n beschreven, zijn wederwaardigheden in militaire dienst, het studentenleven in Groningen en de verwaarloosde relatie met jeugdvriend Sipke. Maar ook verderop zal het mislopen: als sociaal bewogen makelaar in Nieuw-Zeeland, waarvan hij uiteindelijk snel en zonder vrouw [&hellip;]<\/p>\n","protected":false},"featured_media":39960,"comment_status":"closed","ping_status":"closed","template":"","meta":{"_acf_changed":false},"product_brand":[],"product_cat":[535,537,1215],"product_tag":[20334,22167,22168,22166],"class_list":{"0":"post-39958","1":"product","2":"type-product","3":"status-publish","4":"has-post-thumbnail","6":"product_cat-fryske-boeken","7":"product_cat-romans","8":"product_cat-romans-en-literatuer","9":"product_tag-autobiografysk","10":"product_tag-bouke-van-der-hem","11":"product_tag-ferhaleroman","12":"product_tag-skearing-en-ynslach","13":"product_shipping_class-brievenbus-verzending","14":"pa_auteur-bouke-van-der-hem-2","15":"pa_isbn-22165","16":"pa_new-label-1-3","17":"pa_taal-frysk","18":"pa_uitgever-afuk","20":"first","21":"instock","22":"taxable","23":"shipping-taxable","24":"purchasable","25":"product-type-simple"},"acf":[],"yoast_head":"<!-- This site is optimized with the Yoast SEO plugin v27.3 - https:\/\/yoast.com\/product\/yoast-seo-wordpress\/ -->\n<title>Skearing en Ynslach - Ferhaleroman &#8211; Af\u00fbk Websjop<\/title>\n<meta name=\"description\" content=\"In Skearing en Ynslach wordt stukje bij beetje voornamelijk het opgroeien van boerenzoon Reinder Beetstra in Frysl\u00e2n beschreven.\" \/>\n<meta name=\"robots\" content=\"index, follow, max-snippet:-1, max-image-preview:large, max-video-preview:-1\" \/>\n<link rel=\"canonical\" href=\"https:\/\/websjop.afuk.frl\/nl\/winkel\/skearing-en-ynslach-ferhaleroman\/\" \/>\n<meta property=\"og:locale\" content=\"nl_NL\" \/>\n<meta property=\"og:type\" content=\"article\" \/>\n<meta property=\"og:title\" content=\"Skearing en Ynslach - Ferhaleroman &#8211; Af\u00fbk Websjop\" \/>\n<meta property=\"og:description\" content=\"In Skearing en Ynslach wordt stukje bij beetje voornamelijk het opgroeien van boerenzoon Reinder Beetstra in Frysl\u00e2n beschreven.\" \/>\n<meta property=\"og:url\" content=\"https:\/\/websjop.afuk.frl\/nl\/winkel\/skearing-en-ynslach-ferhaleroman\/\" \/>\n<meta property=\"og:site_name\" content=\"Af\u00fbk Websjop\" \/>\n<meta property=\"article:modified_time\" content=\"2025-01-15T07:05:58+00:00\" \/>\n<meta property=\"og:image\" content=\"https:\/\/websjop.afuk.frl\/wp-content\/uploads\/2023\/09\/Skearing-en-ynslach.jpg\" \/>\n\t<meta property=\"og:image:width\" content=\"1000\" \/>\n\t<meta property=\"og:image:height\" content=\"1481\" \/>\n\t<meta property=\"og:image:type\" content=\"image\/jpeg\" \/>\n<meta name=\"twitter:card\" content=\"summary_large_image\" \/>\n<meta name=\"twitter:label1\" content=\"Geschatte leestijd\" \/>\n\t<meta name=\"twitter:data1\" content=\"1 minuut\" \/>\n<script type=\"application\/ld+json\" class=\"yoast-schema-graph\">{\"@context\":\"https:\\\/\\\/schema.org\",\"@graph\":[{\"@type\":\"WebPage\",\"@id\":\"https:\\\/\\\/websjop.afuk.frl\\\/nl\\\/winkel\\\/skearing-en-ynslach-ferhaleroman\\\/\",\"url\":\"https:\\\/\\\/websjop.afuk.frl\\\/nl\\\/winkel\\\/skearing-en-ynslach-ferhaleroman\\\/\",\"name\":\"Skearing en Ynslach - Ferhaleroman &#8211; Af\u00fbk Websjop\",\"isPartOf\":{\"@id\":\"https:\\\/\\\/websjop.afuk.frl\\\/nl\\\/#website\"},\"primaryImageOfPage\":{\"@id\":\"https:\\\/\\\/websjop.afuk.frl\\\/nl\\\/winkel\\\/skearing-en-ynslach-ferhaleroman\\\/#primaryimage\"},\"image\":{\"@id\":\"https:\\\/\\\/websjop.afuk.frl\\\/nl\\\/winkel\\\/skearing-en-ynslach-ferhaleroman\\\/#primaryimage\"},\"thumbnailUrl\":\"https:\\\/\\\/websjop.afuk.frl\\\/wp-content\\\/uploads\\\/2023\\\/09\\\/Skearing-en-ynslach.jpg\",\"datePublished\":\"2023-09-04T13:13:23+00:00\",\"dateModified\":\"2025-01-15T07:05:58+00:00\",\"description\":\"In Skearing en Ynslach wordt stukje bij beetje voornamelijk het opgroeien van boerenzoon Reinder Beetstra in Frysl\u00e2n beschreven.\",\"breadcrumb\":{\"@id\":\"https:\\\/\\\/websjop.afuk.frl\\\/nl\\\/winkel\\\/skearing-en-ynslach-ferhaleroman\\\/#breadcrumb\"},\"inLanguage\":\"nl-NL\",\"potentialAction\":[{\"@type\":\"ReadAction\",\"target\":[\"https:\\\/\\\/websjop.afuk.frl\\\/nl\\\/winkel\\\/skearing-en-ynslach-ferhaleroman\\\/\"]}]},{\"@type\":\"ImageObject\",\"inLanguage\":\"nl-NL\",\"@id\":\"https:\\\/\\\/websjop.afuk.frl\\\/nl\\\/winkel\\\/skearing-en-ynslach-ferhaleroman\\\/#primaryimage\",\"url\":\"https:\\\/\\\/websjop.afuk.frl\\\/wp-content\\\/uploads\\\/2023\\\/09\\\/Skearing-en-ynslach.jpg\",\"contentUrl\":\"https:\\\/\\\/websjop.afuk.frl\\\/wp-content\\\/uploads\\\/2023\\\/09\\\/Skearing-en-ynslach.jpg\",\"width\":1000,\"height\":1481},{\"@type\":\"BreadcrumbList\",\"@id\":\"https:\\\/\\\/websjop.afuk.frl\\\/nl\\\/winkel\\\/skearing-en-ynslach-ferhaleroman\\\/#breadcrumb\",\"itemListElement\":[{\"@type\":\"ListItem\",\"position\":1,\"name\":\"Home\",\"item\":\"https:\\\/\\\/websjop.afuk.frl\\\/nl\\\/\"},{\"@type\":\"ListItem\",\"position\":2,\"name\":\"Winkel\",\"item\":\"https:\\\/\\\/websjop.afuk.frl\\\/nl\\\/winkel\\\/\"},{\"@type\":\"ListItem\",\"position\":3,\"name\":\"Skearing en Ynslach &#8211; Ferhaleroman\"}]},{\"@type\":\"WebSite\",\"@id\":\"https:\\\/\\\/websjop.afuk.frl\\\/nl\\\/#website\",\"url\":\"https:\\\/\\\/websjop.afuk.frl\\\/nl\\\/\",\"name\":\"Af\u00fbk Websjop\",\"description\":\"\",\"potentialAction\":[{\"@type\":\"SearchAction\",\"target\":{\"@type\":\"EntryPoint\",\"urlTemplate\":\"https:\\\/\\\/websjop.afuk.frl\\\/nl\\\/?s={search_term_string}\"},\"query-input\":{\"@type\":\"PropertyValueSpecification\",\"valueRequired\":true,\"valueName\":\"search_term_string\"}}],\"inLanguage\":\"nl-NL\"}]}<\/script>\n<!-- \/ Yoast SEO plugin. -->","yoast_head_json":{"title":"Skearing en Ynslach - Ferhaleroman &#8211; Af\u00fbk Websjop","description":"In Skearing en Ynslach wordt stukje bij beetje voornamelijk het opgroeien van boerenzoon Reinder Beetstra in Frysl\u00e2n beschreven.","robots":{"index":"index","follow":"follow","max-snippet":"max-snippet:-1","max-image-preview":"max-image-preview:large","max-video-preview":"max-video-preview:-1"},"canonical":"https:\/\/websjop.afuk.frl\/nl\/winkel\/skearing-en-ynslach-ferhaleroman\/","og_locale":"nl_NL","og_type":"article","og_title":"Skearing en Ynslach - Ferhaleroman &#8211; Af\u00fbk Websjop","og_description":"In Skearing en Ynslach wordt stukje bij beetje voornamelijk het opgroeien van boerenzoon Reinder Beetstra in Frysl\u00e2n beschreven.","og_url":"https:\/\/websjop.afuk.frl\/nl\/winkel\/skearing-en-ynslach-ferhaleroman\/","og_site_name":"Af\u00fbk Websjop","article_modified_time":"2025-01-15T07:05:58+00:00","og_image":[{"width":1000,"height":1481,"url":"https:\/\/websjop.afuk.frl\/wp-content\/uploads\/2023\/09\/Skearing-en-ynslach.jpg","type":"image\/jpeg"}],"twitter_card":"summary_large_image","twitter_misc":{"Geschatte leestijd":"1 minuut"},"schema":{"@context":"https:\/\/schema.org","@graph":[{"@type":"WebPage","@id":"https:\/\/websjop.afuk.frl\/nl\/winkel\/skearing-en-ynslach-ferhaleroman\/","url":"https:\/\/websjop.afuk.frl\/nl\/winkel\/skearing-en-ynslach-ferhaleroman\/","name":"Skearing en Ynslach - Ferhaleroman &#8211; Af\u00fbk Websjop","isPartOf":{"@id":"https:\/\/websjop.afuk.frl\/nl\/#website"},"primaryImageOfPage":{"@id":"https:\/\/websjop.afuk.frl\/nl\/winkel\/skearing-en-ynslach-ferhaleroman\/#primaryimage"},"image":{"@id":"https:\/\/websjop.afuk.frl\/nl\/winkel\/skearing-en-ynslach-ferhaleroman\/#primaryimage"},"thumbnailUrl":"https:\/\/websjop.afuk.frl\/wp-content\/uploads\/2023\/09\/Skearing-en-ynslach.jpg","datePublished":"2023-09-04T13:13:23+00:00","dateModified":"2025-01-15T07:05:58+00:00","description":"In Skearing en Ynslach wordt stukje bij beetje voornamelijk het opgroeien van boerenzoon Reinder Beetstra in Frysl\u00e2n beschreven.","breadcrumb":{"@id":"https:\/\/websjop.afuk.frl\/nl\/winkel\/skearing-en-ynslach-ferhaleroman\/#breadcrumb"},"inLanguage":"nl-NL","potentialAction":[{"@type":"ReadAction","target":["https:\/\/websjop.afuk.frl\/nl\/winkel\/skearing-en-ynslach-ferhaleroman\/"]}]},{"@type":"ImageObject","inLanguage":"nl-NL","@id":"https:\/\/websjop.afuk.frl\/nl\/winkel\/skearing-en-ynslach-ferhaleroman\/#primaryimage","url":"https:\/\/websjop.afuk.frl\/wp-content\/uploads\/2023\/09\/Skearing-en-ynslach.jpg","contentUrl":"https:\/\/websjop.afuk.frl\/wp-content\/uploads\/2023\/09\/Skearing-en-ynslach.jpg","width":1000,"height":1481},{"@type":"BreadcrumbList","@id":"https:\/\/websjop.afuk.frl\/nl\/winkel\/skearing-en-ynslach-ferhaleroman\/#breadcrumb","itemListElement":[{"@type":"ListItem","position":1,"name":"Home","item":"https:\/\/websjop.afuk.frl\/nl\/"},{"@type":"ListItem","position":2,"name":"Winkel","item":"https:\/\/websjop.afuk.frl\/nl\/winkel\/"},{"@type":"ListItem","position":3,"name":"Skearing en Ynslach &#8211; Ferhaleroman"}]},{"@type":"WebSite","@id":"https:\/\/websjop.afuk.frl\/nl\/#website","url":"https:\/\/websjop.afuk.frl\/nl\/","name":"Af\u00fbk Websjop","description":"","potentialAction":[{"@type":"SearchAction","target":{"@type":"EntryPoint","urlTemplate":"https:\/\/websjop.afuk.frl\/nl\/?s={search_term_string}"},"query-input":{"@type":"PropertyValueSpecification","valueRequired":true,"valueName":"search_term_string"}}],"inLanguage":"nl-NL"}]}},"_links":{"self":[{"href":"https:\/\/websjop.afuk.frl\/nl\/wp-json\/wp\/v2\/product\/39958","targetHints":{"allow":["GET"]}}],"collection":[{"href":"https:\/\/websjop.afuk.frl\/nl\/wp-json\/wp\/v2\/product"}],"about":[{"href":"https:\/\/websjop.afuk.frl\/nl\/wp-json\/wp\/v2\/types\/product"}],"replies":[{"embeddable":true,"href":"https:\/\/websjop.afuk.frl\/nl\/wp-json\/wp\/v2\/comments?post=39958"}],"wp:featuredmedia":[{"embeddable":true,"href":"https:\/\/websjop.afuk.frl\/nl\/wp-json\/wp\/v2\/media\/39960"}],"wp:attachment":[{"href":"https:\/\/websjop.afuk.frl\/nl\/wp-json\/wp\/v2\/media?parent=39958"}],"wp:term":[{"taxonomy":"product_brand","embeddable":true,"href":"https:\/\/websjop.afuk.frl\/nl\/wp-json\/wp\/v2\/product_brand?post=39958"},{"taxonomy":"product_cat","embeddable":true,"href":"https:\/\/websjop.afuk.frl\/nl\/wp-json\/wp\/v2\/product_cat?post=39958"},{"taxonomy":"product_tag","embeddable":true,"href":"https:\/\/websjop.afuk.frl\/nl\/wp-json\/wp\/v2\/product_tag?post=39958"}],"curies":[{"name":"wp","href":"https:\/\/api.w.org\/{rel}","templated":true}]}}