{"id":39322,"date":"2023-07-07T11:23:04","date_gmt":"2023-07-07T10:23:04","guid":{"rendered":"https:\/\/websjop.afuk.frl\/nl\/?post_type=product&#038;p=39322"},"modified":"2023-08-31T16:17:25","modified_gmt":"2023-08-31T15:17:25","slug":"us-bank-hoe-friesland-zijn-bank-verloor","status":"publish","type":"product","link":"https:\/\/websjop.afuk.frl\/nl\/winkel\/us-bank-hoe-friesland-zijn-bank-verloor\/","title":{"rendered":"\u00das bank &#8211; Hoe Friesland zijn bank verloor"},"content":{"rendered":"<p>\u2018Het lukt niet langer op eigen kracht.\u2019 Maandagochtend 2 april 2012. Onder de koepel van de Friesland Bank in Leeuwarden krijgen de medewerkers te horen dat de bank wordt overgenomen door de Rabobank. Ze zijn verrast, boos, er vallen tranen. Hoe is dit mogelijk? Hoe kan het dat de bank die door een groot aantal Friezen als \u00fas bank wordt beschouwd, \u00e9\u00e9n jaar voor het honderdjarig bestaan ineens wordt opgeslokt door de aartsvijand?<\/p>\n<p>Onderzoeksjournalist Jan Smit ging tien jaar na dato op zoek naar de antwoorden. Hij interviewde tientallen betrokkenen en kreeg inzage in de archieven en vertrouwelijke correspondentie, onder meer met De Nederlandsche Bank (DNB). Zijn bevindingen bieden een onthutsend beeld van de recente geschiedenis van de Friesland Bank. Met bedenkelijke rollen voor de commissarissen en DNB. Een feitenrelaas dat leest als een thriller.<\/p>\n<p>Jan Smit (1962) is onderzoeksjournalist en auteur. Hij schreef eerder onder meer De opdracht, de biografie van Herman Wijffels.<\/p>\n","protected":false},"excerpt":{"rendered":"<p>\u2018Het lukt niet langer op eigen kracht.\u2019 Maandagochtend 2 april 2012. Onder de koepel van de Friesland Bank in Leeuwarden krijgen de medewerkers te horen dat de bank wordt overgenomen door de Rabobank. Ze zijn verrast, boos, er vallen tranen. Hoe is dit mogelijk? Hoe kan het dat de bank die door een groot aantal [&hellip;]<\/p>\n","protected":false},"featured_media":39323,"comment_status":"closed","ping_status":"closed","template":"","meta":{"_acf_changed":false},"product_brand":[],"product_cat":[554,535,539],"product_tag":[22068,22069,22070,22067],"class_list":{"0":"post-39322","1":"product","2":"type-product","3":"status-publish","4":"has-post-thumbnail","6":"product_cat-ferskaat","7":"product_cat-fryske-boeken","8":"product_cat-skiednis","9":"product_tag-friesland-bank","10":"product_tag-overname","11":"product_tag-rabobank","12":"product_tag-us-bank","13":"product_shipping_class-brievenbus-verzending","14":"pa_auteur-jan-smit","15":"pa_isbn-22066","16":"pa_new-label-1-3","17":"pa_taal-nederlands","18":"pa_uitgever-noordboek","20":"first","21":"instock","22":"taxable","23":"shipping-taxable","24":"purchasable","25":"product-type-simple"},"acf":[],"yoast_head":"<!-- This site is optimized with the Yoast SEO plugin v27.2 - https:\/\/yoast.com\/product\/yoast-seo-wordpress\/ -->\n<title>\u00das bank - Hoe Friesland zijn bank verloor &#8211; Af\u00fbk Websjop<\/title>\n<meta name=\"description\" content=\"Hoe kan het dat Us bank \u00e9\u00e9n jaar voor het honderdjarig bestaan ineens wordt opgeslokt door Rabobank. Hoe Friesland De Frieslandbank verloor.\" \/>\n<meta name=\"robots\" content=\"index, follow, max-snippet:-1, max-image-preview:large, max-video-preview:-1\" \/>\n<link rel=\"canonical\" href=\"https:\/\/websjop.afuk.frl\/nl\/winkel\/us-bank-hoe-friesland-zijn-bank-verloor\/\" \/>\n<meta property=\"og:locale\" content=\"nl_NL\" \/>\n<meta property=\"og:type\" content=\"article\" \/>\n<meta property=\"og:title\" content=\"\u00das bank - Hoe Friesland zijn bank verloor &#8211; Af\u00fbk Websjop\" \/>\n<meta property=\"og:description\" content=\"Hoe kan het dat Us bank \u00e9\u00e9n jaar voor het honderdjarig bestaan ineens wordt opgeslokt door Rabobank. Hoe Friesland De Frieslandbank verloor.\" \/>\n<meta property=\"og:url\" content=\"https:\/\/websjop.afuk.frl\/nl\/winkel\/us-bank-hoe-friesland-zijn-bank-verloor\/\" \/>\n<meta property=\"og:site_name\" content=\"Af\u00fbk Websjop\" \/>\n<meta property=\"article:modified_time\" content=\"2023-08-31T15:17:25+00:00\" \/>\n<meta property=\"og:image\" content=\"https:\/\/websjop.afuk.frl\/wp-content\/uploads\/2023\/07\/us-bank.jpg\" \/>\n\t<meta property=\"og:image:width\" content=\"250\" \/>\n\t<meta property=\"og:image:height\" content=\"200\" \/>\n\t<meta property=\"og:image:type\" content=\"image\/jpeg\" \/>\n<meta name=\"twitter:card\" content=\"summary_large_image\" \/>\n<meta name=\"twitter:label1\" content=\"Geschatte leestijd\" \/>\n\t<meta name=\"twitter:data1\" content=\"1 minuut\" \/>\n<script type=\"application\/ld+json\" class=\"yoast-schema-graph\">{\"@context\":\"https:\/\/schema.org\",\"@graph\":[{\"@type\":\"WebPage\",\"@id\":\"https:\/\/websjop.afuk.frl\/nl\/winkel\/us-bank-hoe-friesland-zijn-bank-verloor\/\",\"url\":\"https:\/\/websjop.afuk.frl\/nl\/winkel\/us-bank-hoe-friesland-zijn-bank-verloor\/\",\"name\":\"\u00das bank - Hoe Friesland zijn bank verloor &#8211; Af\u00fbk Websjop\",\"isPartOf\":{\"@id\":\"https:\/\/websjop.afuk.frl\/nl\/#website\"},\"primaryImageOfPage\":{\"@id\":\"https:\/\/websjop.afuk.frl\/nl\/winkel\/us-bank-hoe-friesland-zijn-bank-verloor\/#primaryimage\"},\"image\":{\"@id\":\"https:\/\/websjop.afuk.frl\/nl\/winkel\/us-bank-hoe-friesland-zijn-bank-verloor\/#primaryimage\"},\"thumbnailUrl\":\"https:\/\/websjop.afuk.frl\/wp-content\/uploads\/2023\/07\/us-bank.jpg\",\"datePublished\":\"2023-07-07T10:23:04+00:00\",\"dateModified\":\"2023-08-31T15:17:25+00:00\",\"description\":\"Hoe kan het dat Us bank \u00e9\u00e9n jaar voor het honderdjarig bestaan ineens wordt opgeslokt door Rabobank. Hoe Friesland De Frieslandbank verloor.\",\"breadcrumb\":{\"@id\":\"https:\/\/websjop.afuk.frl\/nl\/winkel\/us-bank-hoe-friesland-zijn-bank-verloor\/#breadcrumb\"},\"inLanguage\":\"nl-NL\",\"potentialAction\":[{\"@type\":\"ReadAction\",\"target\":[\"https:\/\/websjop.afuk.frl\/nl\/winkel\/us-bank-hoe-friesland-zijn-bank-verloor\/\"]}]},{\"@type\":\"ImageObject\",\"inLanguage\":\"nl-NL\",\"@id\":\"https:\/\/websjop.afuk.frl\/nl\/winkel\/us-bank-hoe-friesland-zijn-bank-verloor\/#primaryimage\",\"url\":\"https:\/\/websjop.afuk.frl\/wp-content\/uploads\/2023\/07\/us-bank.jpg\",\"contentUrl\":\"https:\/\/websjop.afuk.frl\/wp-content\/uploads\/2023\/07\/us-bank.jpg\",\"width\":250,\"height\":200},{\"@type\":\"BreadcrumbList\",\"@id\":\"https:\/\/websjop.afuk.frl\/nl\/winkel\/us-bank-hoe-friesland-zijn-bank-verloor\/#breadcrumb\",\"itemListElement\":[{\"@type\":\"ListItem\",\"position\":1,\"name\":\"Home\",\"item\":\"https:\/\/websjop.afuk.frl\/nl\/\"},{\"@type\":\"ListItem\",\"position\":2,\"name\":\"Winkel\",\"item\":\"https:\/\/websjop.afuk.frl\/nl\/winkel\/\"},{\"@type\":\"ListItem\",\"position\":3,\"name\":\"\u00das bank &#8211; Hoe Friesland zijn bank verloor\"}]},{\"@type\":\"WebSite\",\"@id\":\"https:\/\/websjop.afuk.frl\/nl\/#website\",\"url\":\"https:\/\/websjop.afuk.frl\/nl\/\",\"name\":\"Af\u00fbk Websjop\",\"description\":\"\",\"potentialAction\":[{\"@type\":\"SearchAction\",\"target\":{\"@type\":\"EntryPoint\",\"urlTemplate\":\"https:\/\/websjop.afuk.frl\/nl\/?s={search_term_string}\"},\"query-input\":{\"@type\":\"PropertyValueSpecification\",\"valueRequired\":true,\"valueName\":\"search_term_string\"}}],\"inLanguage\":\"nl-NL\"}]}<\/script>\n<!-- \/ Yoast SEO plugin. -->","yoast_head_json":{"title":"\u00das bank - Hoe Friesland zijn bank verloor &#8211; Af\u00fbk Websjop","description":"Hoe kan het dat Us bank \u00e9\u00e9n jaar voor het honderdjarig bestaan ineens wordt opgeslokt door Rabobank. Hoe Friesland De Frieslandbank verloor.","robots":{"index":"index","follow":"follow","max-snippet":"max-snippet:-1","max-image-preview":"max-image-preview:large","max-video-preview":"max-video-preview:-1"},"canonical":"https:\/\/websjop.afuk.frl\/nl\/winkel\/us-bank-hoe-friesland-zijn-bank-verloor\/","og_locale":"nl_NL","og_type":"article","og_title":"\u00das bank - Hoe Friesland zijn bank verloor &#8211; Af\u00fbk Websjop","og_description":"Hoe kan het dat Us bank \u00e9\u00e9n jaar voor het honderdjarig bestaan ineens wordt opgeslokt door Rabobank. Hoe Friesland De Frieslandbank verloor.","og_url":"https:\/\/websjop.afuk.frl\/nl\/winkel\/us-bank-hoe-friesland-zijn-bank-verloor\/","og_site_name":"Af\u00fbk Websjop","article_modified_time":"2023-08-31T15:17:25+00:00","og_image":[{"width":250,"height":200,"url":"https:\/\/websjop.afuk.frl\/wp-content\/uploads\/2023\/07\/us-bank.jpg","type":"image\/jpeg"}],"twitter_card":"summary_large_image","twitter_misc":{"Geschatte leestijd":"1 minuut"},"schema":{"@context":"https:\/\/schema.org","@graph":[{"@type":"WebPage","@id":"https:\/\/websjop.afuk.frl\/nl\/winkel\/us-bank-hoe-friesland-zijn-bank-verloor\/","url":"https:\/\/websjop.afuk.frl\/nl\/winkel\/us-bank-hoe-friesland-zijn-bank-verloor\/","name":"\u00das bank - Hoe Friesland zijn bank verloor &#8211; Af\u00fbk Websjop","isPartOf":{"@id":"https:\/\/websjop.afuk.frl\/nl\/#website"},"primaryImageOfPage":{"@id":"https:\/\/websjop.afuk.frl\/nl\/winkel\/us-bank-hoe-friesland-zijn-bank-verloor\/#primaryimage"},"image":{"@id":"https:\/\/websjop.afuk.frl\/nl\/winkel\/us-bank-hoe-friesland-zijn-bank-verloor\/#primaryimage"},"thumbnailUrl":"https:\/\/websjop.afuk.frl\/wp-content\/uploads\/2023\/07\/us-bank.jpg","datePublished":"2023-07-07T10:23:04+00:00","dateModified":"2023-08-31T15:17:25+00:00","description":"Hoe kan het dat Us bank \u00e9\u00e9n jaar voor het honderdjarig bestaan ineens wordt opgeslokt door Rabobank. Hoe Friesland De Frieslandbank verloor.","breadcrumb":{"@id":"https:\/\/websjop.afuk.frl\/nl\/winkel\/us-bank-hoe-friesland-zijn-bank-verloor\/#breadcrumb"},"inLanguage":"nl-NL","potentialAction":[{"@type":"ReadAction","target":["https:\/\/websjop.afuk.frl\/nl\/winkel\/us-bank-hoe-friesland-zijn-bank-verloor\/"]}]},{"@type":"ImageObject","inLanguage":"nl-NL","@id":"https:\/\/websjop.afuk.frl\/nl\/winkel\/us-bank-hoe-friesland-zijn-bank-verloor\/#primaryimage","url":"https:\/\/websjop.afuk.frl\/wp-content\/uploads\/2023\/07\/us-bank.jpg","contentUrl":"https:\/\/websjop.afuk.frl\/wp-content\/uploads\/2023\/07\/us-bank.jpg","width":250,"height":200},{"@type":"BreadcrumbList","@id":"https:\/\/websjop.afuk.frl\/nl\/winkel\/us-bank-hoe-friesland-zijn-bank-verloor\/#breadcrumb","itemListElement":[{"@type":"ListItem","position":1,"name":"Home","item":"https:\/\/websjop.afuk.frl\/nl\/"},{"@type":"ListItem","position":2,"name":"Winkel","item":"https:\/\/websjop.afuk.frl\/nl\/winkel\/"},{"@type":"ListItem","position":3,"name":"\u00das bank &#8211; Hoe Friesland zijn bank verloor"}]},{"@type":"WebSite","@id":"https:\/\/websjop.afuk.frl\/nl\/#website","url":"https:\/\/websjop.afuk.frl\/nl\/","name":"Af\u00fbk Websjop","description":"","potentialAction":[{"@type":"SearchAction","target":{"@type":"EntryPoint","urlTemplate":"https:\/\/websjop.afuk.frl\/nl\/?s={search_term_string}"},"query-input":{"@type":"PropertyValueSpecification","valueRequired":true,"valueName":"search_term_string"}}],"inLanguage":"nl-NL"}]}},"_links":{"self":[{"href":"https:\/\/websjop.afuk.frl\/nl\/wp-json\/wp\/v2\/product\/39322","targetHints":{"allow":["GET"]}}],"collection":[{"href":"https:\/\/websjop.afuk.frl\/nl\/wp-json\/wp\/v2\/product"}],"about":[{"href":"https:\/\/websjop.afuk.frl\/nl\/wp-json\/wp\/v2\/types\/product"}],"replies":[{"embeddable":true,"href":"https:\/\/websjop.afuk.frl\/nl\/wp-json\/wp\/v2\/comments?post=39322"}],"wp:featuredmedia":[{"embeddable":true,"href":"https:\/\/websjop.afuk.frl\/nl\/wp-json\/wp\/v2\/media\/39323"}],"wp:attachment":[{"href":"https:\/\/websjop.afuk.frl\/nl\/wp-json\/wp\/v2\/media?parent=39322"}],"wp:term":[{"taxonomy":"product_brand","embeddable":true,"href":"https:\/\/websjop.afuk.frl\/nl\/wp-json\/wp\/v2\/product_brand?post=39322"},{"taxonomy":"product_cat","embeddable":true,"href":"https:\/\/websjop.afuk.frl\/nl\/wp-json\/wp\/v2\/product_cat?post=39322"},{"taxonomy":"product_tag","embeddable":true,"href":"https:\/\/websjop.afuk.frl\/nl\/wp-json\/wp\/v2\/product_tag?post=39322"}],"curies":[{"name":"wp","href":"https:\/\/api.w.org\/{rel}","templated":true}]}}