{"id":38369,"date":"2023-04-08T11:18:05","date_gmt":"2023-04-08T10:18:05","guid":{"rendered":"https:\/\/websjop.afuk.frl\/nl\/?post_type=product&#038;p=38369"},"modified":"2023-06-01T11:27:17","modified_gmt":"2023-06-01T10:27:17","slug":"in-ekstremist-ut-westergeast","status":"publish","type":"product","link":"https:\/\/websjop.afuk.frl\/nl\/winkel\/in-ekstremist-ut-westergeast\/","title":{"rendered":"In ekstremist \u00fat Westergeast"},"content":{"rendered":"<p>Een Westergeester die een fel nationaal-socialist wordt. En al even fel Fries nationalist. Die helemaal in de ban is van het Oera Linda Boek. En ook van kippen. En bovendien, wel het meest aparte, van witte wieven. Wat voor man was dat eigenlijk?<\/p>\n<p>In deze biografie geeft Oebele Vries een beeld van Jan Bartele Vries uit Westergeest en van de ontwikkeling in zijn denken. Het is de beschrijving van een hele fleurige en tegelijk diep tragische man.<\/p>\n<p>Oebele Vries is historicus. Hij is in de verte familie van Jan Bartele Vries en komt bovendien ook uit Westergeest.<\/p>\n","protected":false},"excerpt":{"rendered":"<p>Een Westergeester die een fel nationaal-socialist wordt. En al even fel Fries nationalist. Die helemaal in de ban is van het Oera Linda Boek. En ook van kippen. En bovendien, wel het meest aparte, van witte wieven. Wat voor man was dat eigenlijk? In deze biografie geeft Oebele Vries een beeld van Jan Bartele Vries [&hellip;]<\/p>\n","protected":false},"featured_media":38370,"comment_status":"closed","ping_status":"closed","template":"","meta":{"_acf_changed":false},"product_brand":[],"product_cat":[1037,535,1227,539,1163],"product_tag":[21813,21805,21812,18375,21814],"class_list":{"0":"post-38369","1":"product","2":"type-product","3":"status-publish","4":"has-post-thumbnail","6":"product_cat-biografy","7":"product_cat-fryske-boeken","8":"product_cat-heitedeikadootsjes","9":"product_cat-skiednis","10":"product_cat-wo2","11":"product_tag-frysk-nasjonaal","12":"product_tag-in-ekstremist-ut-westergeast","13":"product_tag-nasjonaal-sosialist","14":"product_tag-oebele-vries","15":"product_tag-tragyk","16":"product_shipping_class-brievenbus-verzending","17":"pa_auteur-oebele-vries","18":"pa_isbn-21811","19":"pa_new-label-1-3","20":"pa_taal-frysk","21":"pa_uitgever-bornmeer","23":"first","24":"instock","25":"taxable","26":"shipping-taxable","27":"purchasable","28":"product-type-simple"},"acf":[],"yoast_head":"<!-- This site is optimized with the Yoast SEO plugin v27.2 - https:\/\/yoast.com\/product\/yoast-seo-wordpress\/ -->\n<title>In ekstremist \u00fat Westergeast &#8211; Af\u00fbk Websjop<\/title>\n<meta name=\"description\" content=\"In de biografie In ekstremist \u00fat Westergeast geeft Oebele Vries een beeld van Jan Bartele Vries uit Westergeest en van de ontwikkeling in zijn denken.\" \/>\n<meta name=\"robots\" content=\"index, follow, max-snippet:-1, max-image-preview:large, max-video-preview:-1\" \/>\n<link rel=\"canonical\" href=\"https:\/\/websjop.afuk.frl\/nl\/winkel\/in-ekstremist-ut-westergeast\/\" \/>\n<meta property=\"og:locale\" content=\"nl_NL\" \/>\n<meta property=\"og:type\" content=\"article\" \/>\n<meta property=\"og:title\" content=\"In ekstremist \u00fat Westergeast &#8211; Af\u00fbk Websjop\" \/>\n<meta property=\"og:description\" content=\"In de biografie In ekstremist \u00fat Westergeast geeft Oebele Vries een beeld van Jan Bartele Vries uit Westergeest en van de ontwikkeling in zijn denken.\" \/>\n<meta property=\"og:url\" content=\"https:\/\/websjop.afuk.frl\/nl\/winkel\/in-ekstremist-ut-westergeast\/\" \/>\n<meta property=\"og:site_name\" content=\"Af\u00fbk Websjop\" \/>\n<meta property=\"article:modified_time\" content=\"2023-06-01T10:27:17+00:00\" \/>\n<meta property=\"og:image\" content=\"https:\/\/websjop.afuk.frl\/wp-content\/uploads\/2023\/04\/in-ekstremist.jpg\" \/>\n\t<meta property=\"og:image:width\" content=\"300\" \/>\n\t<meta property=\"og:image:height\" content=\"461\" \/>\n\t<meta property=\"og:image:type\" content=\"image\/jpeg\" \/>\n<meta name=\"twitter:card\" content=\"summary_large_image\" \/>\n<script type=\"application\/ld+json\" class=\"yoast-schema-graph\">{\"@context\":\"https:\/\/schema.org\",\"@graph\":[{\"@type\":\"WebPage\",\"@id\":\"https:\/\/websjop.afuk.frl\/nl\/winkel\/in-ekstremist-ut-westergeast\/\",\"url\":\"https:\/\/websjop.afuk.frl\/nl\/winkel\/in-ekstremist-ut-westergeast\/\",\"name\":\"In ekstremist \u00fat Westergeast &#8211; Af\u00fbk Websjop\",\"isPartOf\":{\"@id\":\"https:\/\/websjop.afuk.frl\/nl\/#website\"},\"primaryImageOfPage\":{\"@id\":\"https:\/\/websjop.afuk.frl\/nl\/winkel\/in-ekstremist-ut-westergeast\/#primaryimage\"},\"image\":{\"@id\":\"https:\/\/websjop.afuk.frl\/nl\/winkel\/in-ekstremist-ut-westergeast\/#primaryimage\"},\"thumbnailUrl\":\"https:\/\/websjop.afuk.frl\/wp-content\/uploads\/2023\/04\/in-ekstremist.jpg\",\"datePublished\":\"2023-04-08T10:18:05+00:00\",\"dateModified\":\"2023-06-01T10:27:17+00:00\",\"description\":\"In de biografie In ekstremist \u00fat Westergeast geeft Oebele Vries een beeld van Jan Bartele Vries uit Westergeest en van de ontwikkeling in zijn denken.\",\"breadcrumb\":{\"@id\":\"https:\/\/websjop.afuk.frl\/nl\/winkel\/in-ekstremist-ut-westergeast\/#breadcrumb\"},\"inLanguage\":\"nl-NL\",\"potentialAction\":[{\"@type\":\"ReadAction\",\"target\":[\"https:\/\/websjop.afuk.frl\/nl\/winkel\/in-ekstremist-ut-westergeast\/\"]}]},{\"@type\":\"ImageObject\",\"inLanguage\":\"nl-NL\",\"@id\":\"https:\/\/websjop.afuk.frl\/nl\/winkel\/in-ekstremist-ut-westergeast\/#primaryimage\",\"url\":\"https:\/\/websjop.afuk.frl\/wp-content\/uploads\/2023\/04\/in-ekstremist.jpg\",\"contentUrl\":\"https:\/\/websjop.afuk.frl\/wp-content\/uploads\/2023\/04\/in-ekstremist.jpg\",\"width\":300,\"height\":461},{\"@type\":\"BreadcrumbList\",\"@id\":\"https:\/\/websjop.afuk.frl\/nl\/winkel\/in-ekstremist-ut-westergeast\/#breadcrumb\",\"itemListElement\":[{\"@type\":\"ListItem\",\"position\":1,\"name\":\"Home\",\"item\":\"https:\/\/websjop.afuk.frl\/nl\/\"},{\"@type\":\"ListItem\",\"position\":2,\"name\":\"Winkel\",\"item\":\"https:\/\/websjop.afuk.frl\/nl\/winkel\/\"},{\"@type\":\"ListItem\",\"position\":3,\"name\":\"In ekstremist \u00fat Westergeast\"}]},{\"@type\":\"WebSite\",\"@id\":\"https:\/\/websjop.afuk.frl\/nl\/#website\",\"url\":\"https:\/\/websjop.afuk.frl\/nl\/\",\"name\":\"Af\u00fbk Websjop\",\"description\":\"\",\"potentialAction\":[{\"@type\":\"SearchAction\",\"target\":{\"@type\":\"EntryPoint\",\"urlTemplate\":\"https:\/\/websjop.afuk.frl\/nl\/?s={search_term_string}\"},\"query-input\":{\"@type\":\"PropertyValueSpecification\",\"valueRequired\":true,\"valueName\":\"search_term_string\"}}],\"inLanguage\":\"nl-NL\"}]}<\/script>\n<!-- \/ Yoast SEO plugin. -->","yoast_head_json":{"title":"In ekstremist \u00fat Westergeast &#8211; Af\u00fbk Websjop","description":"In de biografie In ekstremist \u00fat Westergeast geeft Oebele Vries een beeld van Jan Bartele Vries uit Westergeest en van de ontwikkeling in zijn denken.","robots":{"index":"index","follow":"follow","max-snippet":"max-snippet:-1","max-image-preview":"max-image-preview:large","max-video-preview":"max-video-preview:-1"},"canonical":"https:\/\/websjop.afuk.frl\/nl\/winkel\/in-ekstremist-ut-westergeast\/","og_locale":"nl_NL","og_type":"article","og_title":"In ekstremist \u00fat Westergeast &#8211; Af\u00fbk Websjop","og_description":"In de biografie In ekstremist \u00fat Westergeast geeft Oebele Vries een beeld van Jan Bartele Vries uit Westergeest en van de ontwikkeling in zijn denken.","og_url":"https:\/\/websjop.afuk.frl\/nl\/winkel\/in-ekstremist-ut-westergeast\/","og_site_name":"Af\u00fbk Websjop","article_modified_time":"2023-06-01T10:27:17+00:00","og_image":[{"width":300,"height":461,"url":"https:\/\/websjop.afuk.frl\/wp-content\/uploads\/2023\/04\/in-ekstremist.jpg","type":"image\/jpeg"}],"twitter_card":"summary_large_image","schema":{"@context":"https:\/\/schema.org","@graph":[{"@type":"WebPage","@id":"https:\/\/websjop.afuk.frl\/nl\/winkel\/in-ekstremist-ut-westergeast\/","url":"https:\/\/websjop.afuk.frl\/nl\/winkel\/in-ekstremist-ut-westergeast\/","name":"In ekstremist \u00fat Westergeast &#8211; Af\u00fbk Websjop","isPartOf":{"@id":"https:\/\/websjop.afuk.frl\/nl\/#website"},"primaryImageOfPage":{"@id":"https:\/\/websjop.afuk.frl\/nl\/winkel\/in-ekstremist-ut-westergeast\/#primaryimage"},"image":{"@id":"https:\/\/websjop.afuk.frl\/nl\/winkel\/in-ekstremist-ut-westergeast\/#primaryimage"},"thumbnailUrl":"https:\/\/websjop.afuk.frl\/wp-content\/uploads\/2023\/04\/in-ekstremist.jpg","datePublished":"2023-04-08T10:18:05+00:00","dateModified":"2023-06-01T10:27:17+00:00","description":"In de biografie In ekstremist \u00fat Westergeast geeft Oebele Vries een beeld van Jan Bartele Vries uit Westergeest en van de ontwikkeling in zijn denken.","breadcrumb":{"@id":"https:\/\/websjop.afuk.frl\/nl\/winkel\/in-ekstremist-ut-westergeast\/#breadcrumb"},"inLanguage":"nl-NL","potentialAction":[{"@type":"ReadAction","target":["https:\/\/websjop.afuk.frl\/nl\/winkel\/in-ekstremist-ut-westergeast\/"]}]},{"@type":"ImageObject","inLanguage":"nl-NL","@id":"https:\/\/websjop.afuk.frl\/nl\/winkel\/in-ekstremist-ut-westergeast\/#primaryimage","url":"https:\/\/websjop.afuk.frl\/wp-content\/uploads\/2023\/04\/in-ekstremist.jpg","contentUrl":"https:\/\/websjop.afuk.frl\/wp-content\/uploads\/2023\/04\/in-ekstremist.jpg","width":300,"height":461},{"@type":"BreadcrumbList","@id":"https:\/\/websjop.afuk.frl\/nl\/winkel\/in-ekstremist-ut-westergeast\/#breadcrumb","itemListElement":[{"@type":"ListItem","position":1,"name":"Home","item":"https:\/\/websjop.afuk.frl\/nl\/"},{"@type":"ListItem","position":2,"name":"Winkel","item":"https:\/\/websjop.afuk.frl\/nl\/winkel\/"},{"@type":"ListItem","position":3,"name":"In ekstremist \u00fat Westergeast"}]},{"@type":"WebSite","@id":"https:\/\/websjop.afuk.frl\/nl\/#website","url":"https:\/\/websjop.afuk.frl\/nl\/","name":"Af\u00fbk Websjop","description":"","potentialAction":[{"@type":"SearchAction","target":{"@type":"EntryPoint","urlTemplate":"https:\/\/websjop.afuk.frl\/nl\/?s={search_term_string}"},"query-input":{"@type":"PropertyValueSpecification","valueRequired":true,"valueName":"search_term_string"}}],"inLanguage":"nl-NL"}]}},"_links":{"self":[{"href":"https:\/\/websjop.afuk.frl\/nl\/wp-json\/wp\/v2\/product\/38369","targetHints":{"allow":["GET"]}}],"collection":[{"href":"https:\/\/websjop.afuk.frl\/nl\/wp-json\/wp\/v2\/product"}],"about":[{"href":"https:\/\/websjop.afuk.frl\/nl\/wp-json\/wp\/v2\/types\/product"}],"replies":[{"embeddable":true,"href":"https:\/\/websjop.afuk.frl\/nl\/wp-json\/wp\/v2\/comments?post=38369"}],"wp:featuredmedia":[{"embeddable":true,"href":"https:\/\/websjop.afuk.frl\/nl\/wp-json\/wp\/v2\/media\/38370"}],"wp:attachment":[{"href":"https:\/\/websjop.afuk.frl\/nl\/wp-json\/wp\/v2\/media?parent=38369"}],"wp:term":[{"taxonomy":"product_brand","embeddable":true,"href":"https:\/\/websjop.afuk.frl\/nl\/wp-json\/wp\/v2\/product_brand?post=38369"},{"taxonomy":"product_cat","embeddable":true,"href":"https:\/\/websjop.afuk.frl\/nl\/wp-json\/wp\/v2\/product_cat?post=38369"},{"taxonomy":"product_tag","embeddable":true,"href":"https:\/\/websjop.afuk.frl\/nl\/wp-json\/wp\/v2\/product_tag?post=38369"}],"curies":[{"name":"wp","href":"https:\/\/api.w.org\/{rel}","templated":true}]}}