{"id":38116,"date":"2023-03-20T11:02:36","date_gmt":"2023-03-20T10:02:36","guid":{"rendered":"https:\/\/websjop.afuk.frl\/nl\/?post_type=product&#038;p=38116"},"modified":"2024-11-18T15:59:39","modified_gmt":"2024-11-18T14:59:39","slug":"sjongsto-mei-my","status":"publish","type":"product","link":"https:\/\/websjop.afuk.frl\/nl\/winkel\/sjongsto-mei-my\/","title":{"rendered":"Sjongsto mei my"},"content":{"rendered":"<p>Een jong meisje wijst het pad op een muzikale reis. Ze vraagt de mensen die ze tegenkomt om met elkaar de wereld een beetje mooier te maken. Dat is helemaal niet zo moeilijk. De kracht om iets te veranderen -groot of klein- zit gewoon in jezelf.<\/p>\n<p>Amanda Gorman werd wereldberoemd door de voordracht van haar gedicht <em>&#8216;The Hill we Climb&#8217;<\/em> tijdens de inauguratie van president Joe Biden. Ze is dichter en zet haar in voor het milieu en voor gelijke behandeling voor iedereen. Loren Long maakte de kleurrijke illustraties bij de inspirerende lyrische tekst met een belangrijke, hoopvolle boodschap.<\/p>\n<hr \/>\n<p><em>Wytske Jongbloed: &#8220;In hoopfol ferhaal, mei in ynspirearjend en leafdefol boadskip. Amanda Gorman ropt d\u00earmei alle bern op om har eigen kracht te br\u00fbken om in lyts of grut ferskil te meitsjen foar de wr\u00e2ld, mar foaral ek om it ferskil te meitsjen foar harsels. It boek snijt tema\u2019s oan lykas: diversiteit, ynklusiviteit, feroaring en it wiermeitsjen fan dreamen. D\u00earmei is it ek tige geskikt om yn te setten op skoalle, benammen yn de hegere klassen. It ferhaal noadiget bern \u00fat om nei te tinken oer hoop, dreamen, feroaringen en de ideale wr\u00e2ld. Want mei in lytse feroaring kin elkenien in grut ferskil meitsje!&#8221; <a href=\"https:\/\/heitenmem.nl\/artikel\/25979\/resinsje-fan-wytske-jongbloed-sjongsto-mei-my\/\" target=\"_blank\" rel=\"noopener\">L\u00eas hjir de folsleine resinsje fan Wytske.<\/a><\/em><\/p>\n<p><em>Antje van Schepen: &#8220;Kleurryk en geskikt foar alle leeftiden; lytse bern sille foaral sjen nei de sprekkende plaatsjes, \u00e2ldere bern en folwoeksenen sille persoanen lykas Dr. Martin Luther King en harren eigen (Amerikaanske) mienskip werkenne. De tekst is sprekkend en po\u00ebtysk. It boadskip is d\u00fadlik: doch mei en meitsje it ferskil. Ek al begjinst allinnich; troch akseptaasje kinst br\u00eagen bouwe en mei-inoar in mienskip w\u00eaze.&#8221; <a href=\"https:\/\/heitenmem.nl\/artikel\/26024\/resinsje-fan-antsje-sjongsto-mei-my\/\" target=\"_blank\" rel=\"noopener\">L\u00eas hjir Antje har folsleine resinsje.<\/a><\/em><\/p>\n","protected":false},"excerpt":{"rendered":"<p>Een jong meisje wijst het pad op een muzikale reis. Ze vraagt de mensen die ze tegenkomt om met elkaar de wereld een beetje mooier te maken. Dat is helemaal niet zo moeilijk. De kracht om iets te veranderen -groot of klein- zit gewoon in jezelf. Amanda Gorman werd wereldberoemd door de voordracht van haar [&hellip;]<\/p>\n","protected":false},"featured_media":38117,"comment_status":"closed","ping_status":"closed","template":"","meta":{"_acf_changed":false},"product_brand":[],"product_cat":[1213,550,535,23212,1247],"product_tag":[20075,21762,5959,5451,20160,21760,21761],"class_list":{"0":"post-38116","1":"product","2":"type-product","3":"status-publish","4":"has-post-thumbnail","6":"product_cat-berne-en-jeugdboeken","7":"product_cat-berneboeken-4-8","8":"product_cat-fryske-boeken","9":"product_cat-tema-10-oant-12-jier","10":"product_cat-tips-foar-falentyn","11":"product_tag-amanda-gorman","12":"product_tag-boadskip","13":"product_tag-muzyk","14":"product_tag-printeboek","15":"product_tag-sjonge","16":"product_tag-sjongsto-mei-my","17":"product_tag-spylje","18":"product_shipping_class-brievenbus-verzending","19":"pa_auteur-amanda-gorman","20":"pa_isbn-21757","21":"pa_new-label-1-3","22":"pa_taal-frysk","23":"pa_uitgever-afuk","24":"pa_vertaler-michelle-samba","26":"first","27":"instock","28":"taxable","29":"shipping-taxable","30":"purchasable","31":"product-type-simple"},"acf":[],"yoast_head":"<!-- This site is optimized with the Yoast SEO plugin v27.3 - https:\/\/yoast.com\/product\/yoast-seo-wordpress\/ -->\n<title>Sjongsto mei my &#8211; Af\u00fbk Websjop<\/title>\n<meta name=\"description\" content=\"In Sjongsto mei my wijst een jong meisje het pad op een muzikale reis. Ze vraagt de mensen die ze tegenkomt om samen de wereld een beetje mooier te maken.\" \/>\n<meta name=\"robots\" content=\"index, follow, max-snippet:-1, max-image-preview:large, max-video-preview:-1\" \/>\n<link rel=\"canonical\" href=\"https:\/\/websjop.afuk.frl\/nl\/winkel\/sjongsto-mei-my\/\" \/>\n<meta property=\"og:locale\" content=\"nl_NL\" \/>\n<meta property=\"og:type\" content=\"article\" \/>\n<meta property=\"og:title\" content=\"Sjongsto mei my &#8211; Af\u00fbk Websjop\" \/>\n<meta property=\"og:description\" content=\"In Sjongsto mei my wijst een jong meisje het pad op een muzikale reis. Ze vraagt de mensen die ze tegenkomt om samen de wereld een beetje mooier te maken.\" \/>\n<meta property=\"og:url\" content=\"https:\/\/websjop.afuk.frl\/nl\/winkel\/sjongsto-mei-my\/\" \/>\n<meta property=\"og:site_name\" content=\"Af\u00fbk Websjop\" \/>\n<meta property=\"article:modified_time\" content=\"2024-11-18T14:59:39+00:00\" \/>\n<meta property=\"og:image\" content=\"https:\/\/websjop.afuk.frl\/wp-content\/uploads\/2023\/03\/Sjongsto-mei-my-LR.jpg\" \/>\n\t<meta property=\"og:image:width\" content=\"1000\" \/>\n\t<meta property=\"og:image:height\" content=\"1102\" \/>\n\t<meta property=\"og:image:type\" content=\"image\/jpeg\" \/>\n<meta name=\"twitter:card\" content=\"summary_large_image\" \/>\n<meta name=\"twitter:label1\" content=\"Geschatte leestijd\" \/>\n\t<meta name=\"twitter:data1\" content=\"1 minuut\" \/>\n<script type=\"application\/ld+json\" class=\"yoast-schema-graph\">{\"@context\":\"https:\\\/\\\/schema.org\",\"@graph\":[{\"@type\":\"WebPage\",\"@id\":\"https:\\\/\\\/websjop.afuk.frl\\\/nl\\\/winkel\\\/sjongsto-mei-my\\\/\",\"url\":\"https:\\\/\\\/websjop.afuk.frl\\\/nl\\\/winkel\\\/sjongsto-mei-my\\\/\",\"name\":\"Sjongsto mei my &#8211; Af\u00fbk Websjop\",\"isPartOf\":{\"@id\":\"https:\\\/\\\/websjop.afuk.frl\\\/nl\\\/#website\"},\"primaryImageOfPage\":{\"@id\":\"https:\\\/\\\/websjop.afuk.frl\\\/nl\\\/winkel\\\/sjongsto-mei-my\\\/#primaryimage\"},\"image\":{\"@id\":\"https:\\\/\\\/websjop.afuk.frl\\\/nl\\\/winkel\\\/sjongsto-mei-my\\\/#primaryimage\"},\"thumbnailUrl\":\"https:\\\/\\\/websjop.afuk.frl\\\/wp-content\\\/uploads\\\/2023\\\/03\\\/Sjongsto-mei-my-LR.jpg\",\"datePublished\":\"2023-03-20T10:02:36+00:00\",\"dateModified\":\"2024-11-18T14:59:39+00:00\",\"description\":\"In Sjongsto mei my wijst een jong meisje het pad op een muzikale reis. Ze vraagt de mensen die ze tegenkomt om samen de wereld een beetje mooier te maken.\",\"breadcrumb\":{\"@id\":\"https:\\\/\\\/websjop.afuk.frl\\\/nl\\\/winkel\\\/sjongsto-mei-my\\\/#breadcrumb\"},\"inLanguage\":\"nl-NL\",\"potentialAction\":[{\"@type\":\"ReadAction\",\"target\":[\"https:\\\/\\\/websjop.afuk.frl\\\/nl\\\/winkel\\\/sjongsto-mei-my\\\/\"]}]},{\"@type\":\"ImageObject\",\"inLanguage\":\"nl-NL\",\"@id\":\"https:\\\/\\\/websjop.afuk.frl\\\/nl\\\/winkel\\\/sjongsto-mei-my\\\/#primaryimage\",\"url\":\"https:\\\/\\\/websjop.afuk.frl\\\/wp-content\\\/uploads\\\/2023\\\/03\\\/Sjongsto-mei-my-LR.jpg\",\"contentUrl\":\"https:\\\/\\\/websjop.afuk.frl\\\/wp-content\\\/uploads\\\/2023\\\/03\\\/Sjongsto-mei-my-LR.jpg\",\"width\":1000,\"height\":1102},{\"@type\":\"BreadcrumbList\",\"@id\":\"https:\\\/\\\/websjop.afuk.frl\\\/nl\\\/winkel\\\/sjongsto-mei-my\\\/#breadcrumb\",\"itemListElement\":[{\"@type\":\"ListItem\",\"position\":1,\"name\":\"Home\",\"item\":\"https:\\\/\\\/websjop.afuk.frl\\\/nl\\\/\"},{\"@type\":\"ListItem\",\"position\":2,\"name\":\"Winkel\",\"item\":\"https:\\\/\\\/websjop.afuk.frl\\\/nl\\\/winkel\\\/\"},{\"@type\":\"ListItem\",\"position\":3,\"name\":\"Sjongsto mei my\"}]},{\"@type\":\"WebSite\",\"@id\":\"https:\\\/\\\/websjop.afuk.frl\\\/nl\\\/#website\",\"url\":\"https:\\\/\\\/websjop.afuk.frl\\\/nl\\\/\",\"name\":\"Af\u00fbk Websjop\",\"description\":\"\",\"potentialAction\":[{\"@type\":\"SearchAction\",\"target\":{\"@type\":\"EntryPoint\",\"urlTemplate\":\"https:\\\/\\\/websjop.afuk.frl\\\/nl\\\/?s={search_term_string}\"},\"query-input\":{\"@type\":\"PropertyValueSpecification\",\"valueRequired\":true,\"valueName\":\"search_term_string\"}}],\"inLanguage\":\"nl-NL\"}]}<\/script>\n<!-- \/ Yoast SEO plugin. -->","yoast_head_json":{"title":"Sjongsto mei my &#8211; Af\u00fbk Websjop","description":"In Sjongsto mei my wijst een jong meisje het pad op een muzikale reis. Ze vraagt de mensen die ze tegenkomt om samen de wereld een beetje mooier te maken.","robots":{"index":"index","follow":"follow","max-snippet":"max-snippet:-1","max-image-preview":"max-image-preview:large","max-video-preview":"max-video-preview:-1"},"canonical":"https:\/\/websjop.afuk.frl\/nl\/winkel\/sjongsto-mei-my\/","og_locale":"nl_NL","og_type":"article","og_title":"Sjongsto mei my &#8211; Af\u00fbk Websjop","og_description":"In Sjongsto mei my wijst een jong meisje het pad op een muzikale reis. Ze vraagt de mensen die ze tegenkomt om samen de wereld een beetje mooier te maken.","og_url":"https:\/\/websjop.afuk.frl\/nl\/winkel\/sjongsto-mei-my\/","og_site_name":"Af\u00fbk Websjop","article_modified_time":"2024-11-18T14:59:39+00:00","og_image":[{"width":1000,"height":1102,"url":"https:\/\/websjop.afuk.frl\/wp-content\/uploads\/2023\/03\/Sjongsto-mei-my-LR.jpg","type":"image\/jpeg"}],"twitter_card":"summary_large_image","twitter_misc":{"Geschatte leestijd":"1 minuut"},"schema":{"@context":"https:\/\/schema.org","@graph":[{"@type":"WebPage","@id":"https:\/\/websjop.afuk.frl\/nl\/winkel\/sjongsto-mei-my\/","url":"https:\/\/websjop.afuk.frl\/nl\/winkel\/sjongsto-mei-my\/","name":"Sjongsto mei my &#8211; Af\u00fbk Websjop","isPartOf":{"@id":"https:\/\/websjop.afuk.frl\/nl\/#website"},"primaryImageOfPage":{"@id":"https:\/\/websjop.afuk.frl\/nl\/winkel\/sjongsto-mei-my\/#primaryimage"},"image":{"@id":"https:\/\/websjop.afuk.frl\/nl\/winkel\/sjongsto-mei-my\/#primaryimage"},"thumbnailUrl":"https:\/\/websjop.afuk.frl\/wp-content\/uploads\/2023\/03\/Sjongsto-mei-my-LR.jpg","datePublished":"2023-03-20T10:02:36+00:00","dateModified":"2024-11-18T14:59:39+00:00","description":"In Sjongsto mei my wijst een jong meisje het pad op een muzikale reis. Ze vraagt de mensen die ze tegenkomt om samen de wereld een beetje mooier te maken.","breadcrumb":{"@id":"https:\/\/websjop.afuk.frl\/nl\/winkel\/sjongsto-mei-my\/#breadcrumb"},"inLanguage":"nl-NL","potentialAction":[{"@type":"ReadAction","target":["https:\/\/websjop.afuk.frl\/nl\/winkel\/sjongsto-mei-my\/"]}]},{"@type":"ImageObject","inLanguage":"nl-NL","@id":"https:\/\/websjop.afuk.frl\/nl\/winkel\/sjongsto-mei-my\/#primaryimage","url":"https:\/\/websjop.afuk.frl\/wp-content\/uploads\/2023\/03\/Sjongsto-mei-my-LR.jpg","contentUrl":"https:\/\/websjop.afuk.frl\/wp-content\/uploads\/2023\/03\/Sjongsto-mei-my-LR.jpg","width":1000,"height":1102},{"@type":"BreadcrumbList","@id":"https:\/\/websjop.afuk.frl\/nl\/winkel\/sjongsto-mei-my\/#breadcrumb","itemListElement":[{"@type":"ListItem","position":1,"name":"Home","item":"https:\/\/websjop.afuk.frl\/nl\/"},{"@type":"ListItem","position":2,"name":"Winkel","item":"https:\/\/websjop.afuk.frl\/nl\/winkel\/"},{"@type":"ListItem","position":3,"name":"Sjongsto mei my"}]},{"@type":"WebSite","@id":"https:\/\/websjop.afuk.frl\/nl\/#website","url":"https:\/\/websjop.afuk.frl\/nl\/","name":"Af\u00fbk Websjop","description":"","potentialAction":[{"@type":"SearchAction","target":{"@type":"EntryPoint","urlTemplate":"https:\/\/websjop.afuk.frl\/nl\/?s={search_term_string}"},"query-input":{"@type":"PropertyValueSpecification","valueRequired":true,"valueName":"search_term_string"}}],"inLanguage":"nl-NL"}]}},"_links":{"self":[{"href":"https:\/\/websjop.afuk.frl\/nl\/wp-json\/wp\/v2\/product\/38116","targetHints":{"allow":["GET"]}}],"collection":[{"href":"https:\/\/websjop.afuk.frl\/nl\/wp-json\/wp\/v2\/product"}],"about":[{"href":"https:\/\/websjop.afuk.frl\/nl\/wp-json\/wp\/v2\/types\/product"}],"replies":[{"embeddable":true,"href":"https:\/\/websjop.afuk.frl\/nl\/wp-json\/wp\/v2\/comments?post=38116"}],"wp:featuredmedia":[{"embeddable":true,"href":"https:\/\/websjop.afuk.frl\/nl\/wp-json\/wp\/v2\/media\/38117"}],"wp:attachment":[{"href":"https:\/\/websjop.afuk.frl\/nl\/wp-json\/wp\/v2\/media?parent=38116"}],"wp:term":[{"taxonomy":"product_brand","embeddable":true,"href":"https:\/\/websjop.afuk.frl\/nl\/wp-json\/wp\/v2\/product_brand?post=38116"},{"taxonomy":"product_cat","embeddable":true,"href":"https:\/\/websjop.afuk.frl\/nl\/wp-json\/wp\/v2\/product_cat?post=38116"},{"taxonomy":"product_tag","embeddable":true,"href":"https:\/\/websjop.afuk.frl\/nl\/wp-json\/wp\/v2\/product_tag?post=38116"}],"curies":[{"name":"wp","href":"https:\/\/api.w.org\/{rel}","templated":true}]}}