{"id":37809,"date":"2023-02-22T13:56:57","date_gmt":"2023-02-22T12:56:57","guid":{"rendered":"https:\/\/websjop.afuk.frl\/nl\/?post_type=product&#038;p=37809"},"modified":"2025-04-24T14:12:48","modified_gmt":"2025-04-24T12:12:48","slug":"magneet-fryslan-3","status":"publish","type":"product","link":"https:\/\/websjop.afuk.frl\/nl\/winkel\/magneet-fryslan-3\/","title":{"rendered":"Magneet Frysl\u00e2n letters"},"content":{"rendered":"<p>Koelkastmagneet met 7 afbeeldingen van Frysl\u00e2n. Afmeting: 15 x 4 cm.<\/p>\n<p>Materiaal: MDF<\/p>\n<p>&nbsp;<\/p>\n","protected":false},"excerpt":{"rendered":"<p>Koelkastmagneet met 7 afbeeldingen van Frysl\u00e2n. Afmeting: 15 x 4 cm. Materiaal: MDF &nbsp;<\/p>\n","protected":false},"featured_media":37810,"comment_status":"closed","ping_status":"closed","template":"","meta":{"_acf_changed":false},"product_brand":[],"product_cat":[565,5065,5510],"product_tag":[5232,17007,9758,21704],"class_list":{"0":"post-37809","1":"product","2":"type-product","3":"status-publish","4":"has-post-thumbnail","6":"product_cat-friese-producten","7":"product_cat-fryske-suvenirs","8":"product_cat-fryslan-magneetsjes-kaaihingers-en-stikkers","9":"product_tag-fryslan","10":"product_tag-kuolkast","11":"product_tag-magneet","12":"product_tag-mdf","13":"product_shipping_class-brievenbus-verzending","14":"pa_isbn-21702","15":"pa_new-label-1-3","16":"pa_uitgever-geharo-com","18":"first","19":"instock","20":"taxable","21":"shipping-taxable","22":"purchasable","23":"product-type-simple"},"acf":[],"yoast_head":"<!-- This site is optimized with the Yoast SEO plugin v27.2 - https:\/\/yoast.com\/product\/yoast-seo-wordpress\/ -->\n<title>Magneet Frysl\u00e2n letters &#8211; Af\u00fbk Websjop<\/title>\n<meta name=\"description\" content=\"Koelkastmagneet met zeven afbeeldingen van de provincie Frysl\u00e2n. Afmeting: 15 x 4 cm. Materiaal: MDF.\" \/>\n<meta name=\"robots\" content=\"index, follow, max-snippet:-1, max-image-preview:large, max-video-preview:-1\" \/>\n<link rel=\"canonical\" href=\"https:\/\/websjop.afuk.frl\/nl\/winkel\/magneet-fryslan-3\/\" \/>\n<meta property=\"og:locale\" content=\"nl_NL\" \/>\n<meta property=\"og:type\" content=\"article\" \/>\n<meta property=\"og:title\" content=\"Magneet Frysl\u00e2n letters &#8211; Af\u00fbk Websjop\" \/>\n<meta property=\"og:description\" content=\"Koelkastmagneet met zeven afbeeldingen van de provincie Frysl\u00e2n. Afmeting: 15 x 4 cm. Materiaal: MDF.\" \/>\n<meta property=\"og:url\" content=\"https:\/\/websjop.afuk.frl\/nl\/winkel\/magneet-fryslan-3\/\" \/>\n<meta property=\"og:site_name\" content=\"Af\u00fbk Websjop\" \/>\n<meta property=\"article:modified_time\" content=\"2025-04-24T12:12:48+00:00\" \/>\n<meta property=\"og:image\" content=\"https:\/\/websjop.afuk.frl\/wp-content\/uploads\/2023\/02\/Magneet-Fryslan.jpg\" \/>\n\t<meta property=\"og:image:width\" content=\"555\" \/>\n\t<meta property=\"og:image:height\" content=\"253\" \/>\n\t<meta property=\"og:image:type\" content=\"image\/jpeg\" \/>\n<meta name=\"twitter:card\" content=\"summary_large_image\" \/>\n<script type=\"application\/ld+json\" class=\"yoast-schema-graph\">{\"@context\":\"https:\/\/schema.org\",\"@graph\":[{\"@type\":\"WebPage\",\"@id\":\"https:\/\/websjop.afuk.frl\/nl\/winkel\/magneet-fryslan-3\/\",\"url\":\"https:\/\/websjop.afuk.frl\/nl\/winkel\/magneet-fryslan-3\/\",\"name\":\"Magneet Frysl\u00e2n letters &#8211; Af\u00fbk Websjop\",\"isPartOf\":{\"@id\":\"https:\/\/websjop.afuk.frl\/nl\/#website\"},\"primaryImageOfPage\":{\"@id\":\"https:\/\/websjop.afuk.frl\/nl\/winkel\/magneet-fryslan-3\/#primaryimage\"},\"image\":{\"@id\":\"https:\/\/websjop.afuk.frl\/nl\/winkel\/magneet-fryslan-3\/#primaryimage\"},\"thumbnailUrl\":\"https:\/\/websjop.afuk.frl\/wp-content\/uploads\/2023\/02\/Magneet-Fryslan.jpg\",\"datePublished\":\"2023-02-22T12:56:57+00:00\",\"dateModified\":\"2025-04-24T12:12:48+00:00\",\"description\":\"Koelkastmagneet met zeven afbeeldingen van de provincie Frysl\u00e2n. Afmeting: 15 x 4 cm. Materiaal: MDF.\",\"breadcrumb\":{\"@id\":\"https:\/\/websjop.afuk.frl\/nl\/winkel\/magneet-fryslan-3\/#breadcrumb\"},\"inLanguage\":\"nl-NL\",\"potentialAction\":[{\"@type\":\"ReadAction\",\"target\":[\"https:\/\/websjop.afuk.frl\/nl\/winkel\/magneet-fryslan-3\/\"]}]},{\"@type\":\"ImageObject\",\"inLanguage\":\"nl-NL\",\"@id\":\"https:\/\/websjop.afuk.frl\/nl\/winkel\/magneet-fryslan-3\/#primaryimage\",\"url\":\"https:\/\/websjop.afuk.frl\/wp-content\/uploads\/2023\/02\/Magneet-Fryslan.jpg\",\"contentUrl\":\"https:\/\/websjop.afuk.frl\/wp-content\/uploads\/2023\/02\/Magneet-Fryslan.jpg\",\"width\":555,\"height\":253},{\"@type\":\"BreadcrumbList\",\"@id\":\"https:\/\/websjop.afuk.frl\/nl\/winkel\/magneet-fryslan-3\/#breadcrumb\",\"itemListElement\":[{\"@type\":\"ListItem\",\"position\":1,\"name\":\"Home\",\"item\":\"https:\/\/websjop.afuk.frl\/nl\/\"},{\"@type\":\"ListItem\",\"position\":2,\"name\":\"Winkel\",\"item\":\"https:\/\/websjop.afuk.frl\/nl\/winkel\/\"},{\"@type\":\"ListItem\",\"position\":3,\"name\":\"Magneet Frysl\u00e2n letters\"}]},{\"@type\":\"WebSite\",\"@id\":\"https:\/\/websjop.afuk.frl\/nl\/#website\",\"url\":\"https:\/\/websjop.afuk.frl\/nl\/\",\"name\":\"Af\u00fbk Websjop\",\"description\":\"\",\"potentialAction\":[{\"@type\":\"SearchAction\",\"target\":{\"@type\":\"EntryPoint\",\"urlTemplate\":\"https:\/\/websjop.afuk.frl\/nl\/?s={search_term_string}\"},\"query-input\":{\"@type\":\"PropertyValueSpecification\",\"valueRequired\":true,\"valueName\":\"search_term_string\"}}],\"inLanguage\":\"nl-NL\"}]}<\/script>\n<!-- \/ Yoast SEO plugin. -->","yoast_head_json":{"title":"Magneet Frysl\u00e2n letters &#8211; Af\u00fbk Websjop","description":"Koelkastmagneet met zeven afbeeldingen van de provincie Frysl\u00e2n. Afmeting: 15 x 4 cm. Materiaal: MDF.","robots":{"index":"index","follow":"follow","max-snippet":"max-snippet:-1","max-image-preview":"max-image-preview:large","max-video-preview":"max-video-preview:-1"},"canonical":"https:\/\/websjop.afuk.frl\/nl\/winkel\/magneet-fryslan-3\/","og_locale":"nl_NL","og_type":"article","og_title":"Magneet Frysl\u00e2n letters &#8211; Af\u00fbk Websjop","og_description":"Koelkastmagneet met zeven afbeeldingen van de provincie Frysl\u00e2n. Afmeting: 15 x 4 cm. Materiaal: MDF.","og_url":"https:\/\/websjop.afuk.frl\/nl\/winkel\/magneet-fryslan-3\/","og_site_name":"Af\u00fbk Websjop","article_modified_time":"2025-04-24T12:12:48+00:00","og_image":[{"width":555,"height":253,"url":"https:\/\/websjop.afuk.frl\/wp-content\/uploads\/2023\/02\/Magneet-Fryslan.jpg","type":"image\/jpeg"}],"twitter_card":"summary_large_image","schema":{"@context":"https:\/\/schema.org","@graph":[{"@type":"WebPage","@id":"https:\/\/websjop.afuk.frl\/nl\/winkel\/magneet-fryslan-3\/","url":"https:\/\/websjop.afuk.frl\/nl\/winkel\/magneet-fryslan-3\/","name":"Magneet Frysl\u00e2n letters &#8211; Af\u00fbk Websjop","isPartOf":{"@id":"https:\/\/websjop.afuk.frl\/nl\/#website"},"primaryImageOfPage":{"@id":"https:\/\/websjop.afuk.frl\/nl\/winkel\/magneet-fryslan-3\/#primaryimage"},"image":{"@id":"https:\/\/websjop.afuk.frl\/nl\/winkel\/magneet-fryslan-3\/#primaryimage"},"thumbnailUrl":"https:\/\/websjop.afuk.frl\/wp-content\/uploads\/2023\/02\/Magneet-Fryslan.jpg","datePublished":"2023-02-22T12:56:57+00:00","dateModified":"2025-04-24T12:12:48+00:00","description":"Koelkastmagneet met zeven afbeeldingen van de provincie Frysl\u00e2n. Afmeting: 15 x 4 cm. Materiaal: MDF.","breadcrumb":{"@id":"https:\/\/websjop.afuk.frl\/nl\/winkel\/magneet-fryslan-3\/#breadcrumb"},"inLanguage":"nl-NL","potentialAction":[{"@type":"ReadAction","target":["https:\/\/websjop.afuk.frl\/nl\/winkel\/magneet-fryslan-3\/"]}]},{"@type":"ImageObject","inLanguage":"nl-NL","@id":"https:\/\/websjop.afuk.frl\/nl\/winkel\/magneet-fryslan-3\/#primaryimage","url":"https:\/\/websjop.afuk.frl\/wp-content\/uploads\/2023\/02\/Magneet-Fryslan.jpg","contentUrl":"https:\/\/websjop.afuk.frl\/wp-content\/uploads\/2023\/02\/Magneet-Fryslan.jpg","width":555,"height":253},{"@type":"BreadcrumbList","@id":"https:\/\/websjop.afuk.frl\/nl\/winkel\/magneet-fryslan-3\/#breadcrumb","itemListElement":[{"@type":"ListItem","position":1,"name":"Home","item":"https:\/\/websjop.afuk.frl\/nl\/"},{"@type":"ListItem","position":2,"name":"Winkel","item":"https:\/\/websjop.afuk.frl\/nl\/winkel\/"},{"@type":"ListItem","position":3,"name":"Magneet Frysl\u00e2n letters"}]},{"@type":"WebSite","@id":"https:\/\/websjop.afuk.frl\/nl\/#website","url":"https:\/\/websjop.afuk.frl\/nl\/","name":"Af\u00fbk Websjop","description":"","potentialAction":[{"@type":"SearchAction","target":{"@type":"EntryPoint","urlTemplate":"https:\/\/websjop.afuk.frl\/nl\/?s={search_term_string}"},"query-input":{"@type":"PropertyValueSpecification","valueRequired":true,"valueName":"search_term_string"}}],"inLanguage":"nl-NL"}]}},"_links":{"self":[{"href":"https:\/\/websjop.afuk.frl\/nl\/wp-json\/wp\/v2\/product\/37809","targetHints":{"allow":["GET"]}}],"collection":[{"href":"https:\/\/websjop.afuk.frl\/nl\/wp-json\/wp\/v2\/product"}],"about":[{"href":"https:\/\/websjop.afuk.frl\/nl\/wp-json\/wp\/v2\/types\/product"}],"replies":[{"embeddable":true,"href":"https:\/\/websjop.afuk.frl\/nl\/wp-json\/wp\/v2\/comments?post=37809"}],"wp:featuredmedia":[{"embeddable":true,"href":"https:\/\/websjop.afuk.frl\/nl\/wp-json\/wp\/v2\/media\/37810"}],"wp:attachment":[{"href":"https:\/\/websjop.afuk.frl\/nl\/wp-json\/wp\/v2\/media?parent=37809"}],"wp:term":[{"taxonomy":"product_brand","embeddable":true,"href":"https:\/\/websjop.afuk.frl\/nl\/wp-json\/wp\/v2\/product_brand?post=37809"},{"taxonomy":"product_cat","embeddable":true,"href":"https:\/\/websjop.afuk.frl\/nl\/wp-json\/wp\/v2\/product_cat?post=37809"},{"taxonomy":"product_tag","embeddable":true,"href":"https:\/\/websjop.afuk.frl\/nl\/wp-json\/wp\/v2\/product_tag?post=37809"}],"curies":[{"name":"wp","href":"https:\/\/api.w.org\/{rel}","templated":true}]}}