{"id":37666,"date":"2023-02-09T14:11:04","date_gmt":"2023-02-09T13:11:04","guid":{"rendered":"https:\/\/websjop.afuk.frl\/nl\/?post_type=product&#038;p=37666"},"modified":"2025-08-18T14:24:44","modified_gmt":"2025-08-18T12:24:44","slug":"sipke-komt-op-stoom","status":"publish","type":"product","link":"https:\/\/websjop.afuk.frl\/nl\/winkel\/sipke-komt-op-stoom\/","title":{"rendered":"Sipke komt op stoom"},"content":{"rendered":"<p>Er is werk aan de winkel voor de kleine spitsmuis Sipke en zijn opa: het is hoogwater in Frysl\u00e2n, dus het Woudagemaal moet worden aangezet om het water weg te pompen. Opa Spitsmuis weet gelukkig precies hoe het stoomgemaal werkt. Maar&#8230; het pompen komt maar niet op gang! Waar kan dat nou aan liggen? Sipke gaat op onderzoek uit.<\/p>\n<p>Het zesde Gouden Boekje alweer over muisje Sipke. Tweetalig: Fries en Nederlands.<\/p>\n<p>4+<\/p>\n<p><strong>Ook verschenen:<\/strong><\/p>\n<ul>\n<li><a href=\"https:\/\/websjop.afuk.frl\/nl\/winkel\/sipke-op-het-kaatsveld-sipke-op-it-keatsfjild\/\">Sipke op het kaatsveld<\/a><\/li>\n<li><a href=\"https:\/\/websjop.afuk.frl\/nl\/winkel\/sipke-s-elfstedentocht-sipke-syn-alvestedetocht\/\">Sipkes elfstedentocht<\/a><\/li>\n<li><a href=\"https:\/\/websjop.afuk.frl\/nl\/winkel\/sipke-sil-sile-sipke-gaat-zeilen\/\">Sipke gaat zeilen<\/a><\/li>\n<li><a href=\"https:\/\/websjop.afuk.frl\/nl\/winkel\/sipke-fynt-in-ljipaai\/\">Sipke vindt een kievitsei<\/a><\/li>\n<li><a href=\"https:\/\/websjop.afuk.frl\/nl\/winkel\/sipke-leert-fierljeppen-sipke-leart-fierljeppen\/\">Sipke leert fierljeppen<\/a><\/li>\n<\/ul>\n<p>&nbsp;<\/p>\n<hr \/>\n<p><em>Klaske Wiegersma-Bok: &#8220;It boekje is hjir in grut s\u00fakses, it l\u00east lekker flot om\u2019t it op rym is. D\u00eartroch dogge de jonges al gauachtich mei. Ik l\u00eas de Fryske tekst it leafst, mar \u00fas jongste freget sa no en dan: \u2018No yn \u2019t Nederlands, mem?\u2019 En dan is it boekje krekt sa leuk! It ferhaaltsje is goed te folgjen en ynformatyf. Oanfolle mei de prachtige tekeningen fine wy dit boek in echte oanrieder!&#8221; <a href=\"https:\/\/heitenmem.nl\/artikel\/25883\/de-resinsje-fan-klaske-sipke-komt-op-stoom\/\" target=\"_blank\" rel=\"noopener\">L\u00eas hjir Klaske har folsleine resinsje.<\/a><\/em><\/p>\n<p><em>Sytske Anne Wijntjes Bergstra: &#8220;Dit gouden boekje (\u201cwauw mem, goud!\u201d) combineert op een slimme manier een kennismaking met het Woudagemaal en haar technologie, met een boodschap over het klimaat (\u201cen troch dy tegelt\u00fantsjes kin it wetter net goed fuort\u201d). Een mooie uitnodiging om met je kind het gesprek aan te gaan, en misschien wel samen aan de slag te gaan in je eigen tuin.&#8221; <a href=\"https:\/\/heitenmem.nl\/artikel\/25930\/resinsje-fan-sytske-anne-sipke-komt-op-stoom\/\" target=\"_blank\" rel=\"noopener\">L\u00eas hjir de folsleine resinsje fan Sytske Anne.<\/a><\/em><\/p>\n<p>&nbsp;<\/p>\n","protected":false},"excerpt":{"rendered":"<p>Er is werk aan de winkel voor de kleine spitsmuis Sipke en zijn opa: het is hoogwater in Frysl\u00e2n, dus het Woudagemaal moet worden aangezet om het water weg te pompen. Opa Spitsmuis weet gelukkig precies hoe het stoomgemaal werkt. Maar&#8230; het pompen komt maar niet op gang! Waar kan dat nou aan liggen? Sipke [&hellip;]<\/p>\n","protected":false},"featured_media":37669,"comment_status":"closed","ping_status":"closed","template":"","meta":{"_acf_changed":false},"product_brand":[],"product_cat":[1182,1213,550,535,22914,24175,24178],"product_tag":[15222,18677,6077,21647,21648],"class_list":{"0":"post-37666","1":"product","2":"type-product","3":"status-publish","4":"has-post-thumbnail","6":"product_cat-13-wetter","7":"product_cat-berne-en-jeugdboeken","8":"product_cat-berneboeken-4-8","9":"product_cat-fryske-boeken","10":"product_cat-tema-meartalich","11":"product_cat-tema-skiednis","12":"product_cat-tema-wetter","13":"product_tag-gouden-boekje","14":"product_tag-harmen-van-straaten","15":"product_tag-lida-dykstra","16":"product_tag-sipke-komt-op-stoom","17":"product_tag-woudagemaal","18":"product_shipping_class-pakketpost-verzending","19":"pa_auteur-lida-dykstra","20":"pa_isbn-21646","21":"pa_new-label-1-3","22":"pa_taal-frysk-nederlansk","23":"pa_uitgever-afuk-rubinstein","25":"first","26":"instock","27":"taxable","28":"shipping-taxable","29":"purchasable","30":"product-type-simple"},"acf":[],"yoast_head":"<!-- This site is optimized with the Yoast SEO plugin v27.2 - https:\/\/yoast.com\/product\/yoast-seo-wordpress\/ -->\n<title>Sipke komt op stoom &#8211; Af\u00fbk Websjop<\/title>\n<meta name=\"description\" content=\"In Sipke komt op stoom is het hoogwater in Frysl\u00e2n, dus het Woudagemaal moet worden aangezet om het water weg te pompen. Maar wat als de pomp het niet doet.\" \/>\n<meta name=\"robots\" content=\"index, follow, max-snippet:-1, max-image-preview:large, max-video-preview:-1\" \/>\n<link rel=\"canonical\" href=\"https:\/\/websjop.afuk.frl\/nl\/winkel\/sipke-komt-op-stoom\/\" \/>\n<meta property=\"og:locale\" content=\"nl_NL\" \/>\n<meta property=\"og:type\" content=\"article\" \/>\n<meta property=\"og:title\" content=\"Sipke komt op stoom &#8211; Af\u00fbk Websjop\" \/>\n<meta property=\"og:description\" content=\"In Sipke komt op stoom is het hoogwater in Frysl\u00e2n, dus het Woudagemaal moet worden aangezet om het water weg te pompen. Maar wat als de pomp het niet doet.\" \/>\n<meta property=\"og:url\" content=\"https:\/\/websjop.afuk.frl\/nl\/winkel\/sipke-komt-op-stoom\/\" \/>\n<meta property=\"og:site_name\" content=\"Af\u00fbk Websjop\" \/>\n<meta property=\"article:modified_time\" content=\"2025-08-18T12:24:44+00:00\" \/>\n<meta property=\"og:image\" content=\"https:\/\/websjop.afuk.frl\/wp-content\/uploads\/2023\/02\/Sipke-komt-op-stoom695.jpg\" \/>\n\t<meta property=\"og:image:width\" content=\"456\" \/>\n\t<meta property=\"og:image:height\" content=\"541\" \/>\n\t<meta property=\"og:image:type\" content=\"image\/jpeg\" \/>\n<meta name=\"twitter:card\" content=\"summary_large_image\" \/>\n<meta name=\"twitter:label1\" content=\"Geschatte leestijd\" \/>\n\t<meta name=\"twitter:data1\" content=\"1 minuut\" \/>\n<script type=\"application\/ld+json\" class=\"yoast-schema-graph\">{\"@context\":\"https:\/\/schema.org\",\"@graph\":[{\"@type\":\"WebPage\",\"@id\":\"https:\/\/websjop.afuk.frl\/nl\/winkel\/sipke-komt-op-stoom\/\",\"url\":\"https:\/\/websjop.afuk.frl\/nl\/winkel\/sipke-komt-op-stoom\/\",\"name\":\"Sipke komt op stoom &#8211; Af\u00fbk Websjop\",\"isPartOf\":{\"@id\":\"https:\/\/websjop.afuk.frl\/nl\/#website\"},\"primaryImageOfPage\":{\"@id\":\"https:\/\/websjop.afuk.frl\/nl\/winkel\/sipke-komt-op-stoom\/#primaryimage\"},\"image\":{\"@id\":\"https:\/\/websjop.afuk.frl\/nl\/winkel\/sipke-komt-op-stoom\/#primaryimage\"},\"thumbnailUrl\":\"https:\/\/websjop.afuk.frl\/wp-content\/uploads\/2023\/02\/Sipke-komt-op-stoom695.jpg\",\"datePublished\":\"2023-02-09T13:11:04+00:00\",\"dateModified\":\"2025-08-18T12:24:44+00:00\",\"description\":\"In Sipke komt op stoom is het hoogwater in Frysl\u00e2n, dus het Woudagemaal moet worden aangezet om het water weg te pompen. Maar wat als de pomp het niet doet.\",\"breadcrumb\":{\"@id\":\"https:\/\/websjop.afuk.frl\/nl\/winkel\/sipke-komt-op-stoom\/#breadcrumb\"},\"inLanguage\":\"nl-NL\",\"potentialAction\":[{\"@type\":\"ReadAction\",\"target\":[\"https:\/\/websjop.afuk.frl\/nl\/winkel\/sipke-komt-op-stoom\/\"]}]},{\"@type\":\"ImageObject\",\"inLanguage\":\"nl-NL\",\"@id\":\"https:\/\/websjop.afuk.frl\/nl\/winkel\/sipke-komt-op-stoom\/#primaryimage\",\"url\":\"https:\/\/websjop.afuk.frl\/wp-content\/uploads\/2023\/02\/Sipke-komt-op-stoom695.jpg\",\"contentUrl\":\"https:\/\/websjop.afuk.frl\/wp-content\/uploads\/2023\/02\/Sipke-komt-op-stoom695.jpg\",\"width\":456,\"height\":541},{\"@type\":\"BreadcrumbList\",\"@id\":\"https:\/\/websjop.afuk.frl\/nl\/winkel\/sipke-komt-op-stoom\/#breadcrumb\",\"itemListElement\":[{\"@type\":\"ListItem\",\"position\":1,\"name\":\"Home\",\"item\":\"https:\/\/websjop.afuk.frl\/nl\/\"},{\"@type\":\"ListItem\",\"position\":2,\"name\":\"Winkel\",\"item\":\"https:\/\/websjop.afuk.frl\/nl\/winkel\/\"},{\"@type\":\"ListItem\",\"position\":3,\"name\":\"Sipke komt op stoom\"}]},{\"@type\":\"WebSite\",\"@id\":\"https:\/\/websjop.afuk.frl\/nl\/#website\",\"url\":\"https:\/\/websjop.afuk.frl\/nl\/\",\"name\":\"Af\u00fbk Websjop\",\"description\":\"\",\"potentialAction\":[{\"@type\":\"SearchAction\",\"target\":{\"@type\":\"EntryPoint\",\"urlTemplate\":\"https:\/\/websjop.afuk.frl\/nl\/?s={search_term_string}\"},\"query-input\":{\"@type\":\"PropertyValueSpecification\",\"valueRequired\":true,\"valueName\":\"search_term_string\"}}],\"inLanguage\":\"nl-NL\"}]}<\/script>\n<!-- \/ Yoast SEO plugin. -->","yoast_head_json":{"title":"Sipke komt op stoom &#8211; Af\u00fbk Websjop","description":"In Sipke komt op stoom is het hoogwater in Frysl\u00e2n, dus het Woudagemaal moet worden aangezet om het water weg te pompen. Maar wat als de pomp het niet doet.","robots":{"index":"index","follow":"follow","max-snippet":"max-snippet:-1","max-image-preview":"max-image-preview:large","max-video-preview":"max-video-preview:-1"},"canonical":"https:\/\/websjop.afuk.frl\/nl\/winkel\/sipke-komt-op-stoom\/","og_locale":"nl_NL","og_type":"article","og_title":"Sipke komt op stoom &#8211; Af\u00fbk Websjop","og_description":"In Sipke komt op stoom is het hoogwater in Frysl\u00e2n, dus het Woudagemaal moet worden aangezet om het water weg te pompen. Maar wat als de pomp het niet doet.","og_url":"https:\/\/websjop.afuk.frl\/nl\/winkel\/sipke-komt-op-stoom\/","og_site_name":"Af\u00fbk Websjop","article_modified_time":"2025-08-18T12:24:44+00:00","og_image":[{"width":456,"height":541,"url":"https:\/\/websjop.afuk.frl\/wp-content\/uploads\/2023\/02\/Sipke-komt-op-stoom695.jpg","type":"image\/jpeg"}],"twitter_card":"summary_large_image","twitter_misc":{"Geschatte leestijd":"1 minuut"},"schema":{"@context":"https:\/\/schema.org","@graph":[{"@type":"WebPage","@id":"https:\/\/websjop.afuk.frl\/nl\/winkel\/sipke-komt-op-stoom\/","url":"https:\/\/websjop.afuk.frl\/nl\/winkel\/sipke-komt-op-stoom\/","name":"Sipke komt op stoom &#8211; Af\u00fbk Websjop","isPartOf":{"@id":"https:\/\/websjop.afuk.frl\/nl\/#website"},"primaryImageOfPage":{"@id":"https:\/\/websjop.afuk.frl\/nl\/winkel\/sipke-komt-op-stoom\/#primaryimage"},"image":{"@id":"https:\/\/websjop.afuk.frl\/nl\/winkel\/sipke-komt-op-stoom\/#primaryimage"},"thumbnailUrl":"https:\/\/websjop.afuk.frl\/wp-content\/uploads\/2023\/02\/Sipke-komt-op-stoom695.jpg","datePublished":"2023-02-09T13:11:04+00:00","dateModified":"2025-08-18T12:24:44+00:00","description":"In Sipke komt op stoom is het hoogwater in Frysl\u00e2n, dus het Woudagemaal moet worden aangezet om het water weg te pompen. Maar wat als de pomp het niet doet.","breadcrumb":{"@id":"https:\/\/websjop.afuk.frl\/nl\/winkel\/sipke-komt-op-stoom\/#breadcrumb"},"inLanguage":"nl-NL","potentialAction":[{"@type":"ReadAction","target":["https:\/\/websjop.afuk.frl\/nl\/winkel\/sipke-komt-op-stoom\/"]}]},{"@type":"ImageObject","inLanguage":"nl-NL","@id":"https:\/\/websjop.afuk.frl\/nl\/winkel\/sipke-komt-op-stoom\/#primaryimage","url":"https:\/\/websjop.afuk.frl\/wp-content\/uploads\/2023\/02\/Sipke-komt-op-stoom695.jpg","contentUrl":"https:\/\/websjop.afuk.frl\/wp-content\/uploads\/2023\/02\/Sipke-komt-op-stoom695.jpg","width":456,"height":541},{"@type":"BreadcrumbList","@id":"https:\/\/websjop.afuk.frl\/nl\/winkel\/sipke-komt-op-stoom\/#breadcrumb","itemListElement":[{"@type":"ListItem","position":1,"name":"Home","item":"https:\/\/websjop.afuk.frl\/nl\/"},{"@type":"ListItem","position":2,"name":"Winkel","item":"https:\/\/websjop.afuk.frl\/nl\/winkel\/"},{"@type":"ListItem","position":3,"name":"Sipke komt op stoom"}]},{"@type":"WebSite","@id":"https:\/\/websjop.afuk.frl\/nl\/#website","url":"https:\/\/websjop.afuk.frl\/nl\/","name":"Af\u00fbk Websjop","description":"","potentialAction":[{"@type":"SearchAction","target":{"@type":"EntryPoint","urlTemplate":"https:\/\/websjop.afuk.frl\/nl\/?s={search_term_string}"},"query-input":{"@type":"PropertyValueSpecification","valueRequired":true,"valueName":"search_term_string"}}],"inLanguage":"nl-NL"}]}},"_links":{"self":[{"href":"https:\/\/websjop.afuk.frl\/nl\/wp-json\/wp\/v2\/product\/37666","targetHints":{"allow":["GET"]}}],"collection":[{"href":"https:\/\/websjop.afuk.frl\/nl\/wp-json\/wp\/v2\/product"}],"about":[{"href":"https:\/\/websjop.afuk.frl\/nl\/wp-json\/wp\/v2\/types\/product"}],"replies":[{"embeddable":true,"href":"https:\/\/websjop.afuk.frl\/nl\/wp-json\/wp\/v2\/comments?post=37666"}],"wp:featuredmedia":[{"embeddable":true,"href":"https:\/\/websjop.afuk.frl\/nl\/wp-json\/wp\/v2\/media\/37669"}],"wp:attachment":[{"href":"https:\/\/websjop.afuk.frl\/nl\/wp-json\/wp\/v2\/media?parent=37666"}],"wp:term":[{"taxonomy":"product_brand","embeddable":true,"href":"https:\/\/websjop.afuk.frl\/nl\/wp-json\/wp\/v2\/product_brand?post=37666"},{"taxonomy":"product_cat","embeddable":true,"href":"https:\/\/websjop.afuk.frl\/nl\/wp-json\/wp\/v2\/product_cat?post=37666"},{"taxonomy":"product_tag","embeddable":true,"href":"https:\/\/websjop.afuk.frl\/nl\/wp-json\/wp\/v2\/product_tag?post=37666"}],"curies":[{"name":"wp","href":"https:\/\/api.w.org\/{rel}","templated":true}]}}