{"id":37039,"date":"2022-12-21T10:26:48","date_gmt":"2022-12-21T09:26:48","guid":{"rendered":"https:\/\/websjop.afuk.frl\/nl\/?post_type=product&#038;p=37039"},"modified":"2022-12-21T10:26:49","modified_gmt":"2022-12-21T09:26:49","slug":"de-vrije-fries-deel-102-2022","status":"publish","type":"product","link":"https:\/\/websjop.afuk.frl\/nl\/winkel\/de-vrije-fries-deel-102-2022\/","title":{"rendered":"De Vrije Fries, Deel 102 &#8211; 2022"},"content":{"rendered":"<p>Thema: Fan Nijsbl\u00ead oant Podcast &#8211; over nieuwscultuur in Frysl\u00e2n.<\/p>\n<p><strong>Het Jaarboek 2022 bevat:<\/strong><\/p>\n<p>Schaalvergroting, hyperlocals en digital first: een halve eeuw Friese nieuwsmedia<\/p>\n<p>Sjoernalisten en strjitjonges as striders foar it frije wurd<\/p>\n<p>Omrop Frysl\u00e2n: fan radio oant podcast, fan telefyzje oant YouTube<\/p>\n<p>De oude wereld in nieuwe media: de jonge generatie en haar mediagebruik vanuit een persoonlijke benadering<\/p>\n<p>Frysk op sosjale media: De bottum-up taalemansipaasje fan de 21ste iuw?<\/p>\n<p>Waakhond van het openbaar bestuur<\/p>\n<p>Opinie: De Friese journalistieke lat moet omhoog.<\/p>\n<p><strong>BIJDRAGEN:<\/strong><\/p>\n<p>Friese hermitages in de negentiende-eeuwse landschapstuin Oog in oog met God, de natuur en het roemrijke verleden<\/p>\n<p>Kalende-broederschappen in de Friese landen v\u00f3\u00f3r de Reformatie<\/p>\n<p>Coins and Vikings: On the trail of the Scandinavians in Frisia<\/p>\n<p>&#8216;Copy-paste&#8217; in processen aan het Hof van Friesland<\/p>\n<p>De stervende boerderij en zijn virtuele wederopstanding<\/p>\n","protected":false},"excerpt":{"rendered":"<p>Thema: Fan Nijsbl\u00ead oant Podcast &#8211; over nieuwscultuur in Frysl\u00e2n. Het Jaarboek 2022 bevat: Schaalvergroting, hyperlocals en digital first: een halve eeuw Friese nieuwsmedia Sjoernalisten en strjitjonges as striders foar it frije wurd Omrop Frysl\u00e2n: fan radio oant podcast, fan telefyzje oant YouTube De oude wereld in nieuwe media: de jonge generatie en haar mediagebruik [&hellip;]<\/p>\n","protected":false},"featured_media":37041,"comment_status":"closed","ping_status":"closed","template":"","meta":{"_acf_changed":false},"product_brand":[],"product_cat":[553,535,539],"product_tag":[21556,17814,17901,19883,21557,21558],"class_list":{"0":"post-37039","1":"product","2":"type-product","3":"status-publish","4":"has-post-thumbnail","6":"product_cat-fryske-akademy","7":"product_cat-fryske-boeken","8":"product_cat-skiednis","9":"product_tag-de-vrije-fries-deel-102-2022","10":"product_tag-fryske-akademy","11":"product_tag-jaarboek","12":"product_tag-jierboek","13":"product_tag-wetenschappelijk","14":"product_tag-wittenskiplik","15":"product_shipping_class-brievenbus-verzending","16":"pa_auteur-prof-dr-ralf-futselaar-e-a","17":"pa_isbn-21555","18":"pa_new-label-1-3","19":"pa_taal-meerdere-talen-nederlands","20":"pa_uitgever-koninklijk-fries-genootschap-fryske-akademy","22":"first","23":"instock","24":"taxable","25":"shipping-taxable","26":"purchasable","27":"product-type-simple"},"acf":[],"yoast_head":"<!-- This site is optimized with the Yoast SEO plugin v27.3 - https:\/\/yoast.com\/product\/yoast-seo-wordpress\/ -->\n<title>De Vrije Fries, Deel 102 - 2022 &#8211; Af\u00fbk Websjop<\/title>\n<meta name=\"description\" content=\"Wetenschppelijk jaarboek De Vrije Fries Deel 102 - 2022 heeft als thema: Fan Nijsbl\u00ead oant Podcast - over nieuwscultuur in Frysl\u00e2n.\" \/>\n<meta name=\"robots\" content=\"index, follow, max-snippet:-1, max-image-preview:large, max-video-preview:-1\" \/>\n<link rel=\"canonical\" href=\"https:\/\/websjop.afuk.frl\/nl\/winkel\/de-vrije-fries-deel-102-2022\/\" \/>\n<meta property=\"og:locale\" content=\"nl_NL\" \/>\n<meta property=\"og:type\" content=\"article\" \/>\n<meta property=\"og:title\" content=\"De Vrije Fries, Deel 102 - 2022 &#8211; Af\u00fbk Websjop\" \/>\n<meta property=\"og:description\" content=\"Wetenschppelijk jaarboek De Vrije Fries Deel 102 - 2022 heeft als thema: Fan Nijsbl\u00ead oant Podcast - over nieuwscultuur in Frysl\u00e2n.\" \/>\n<meta property=\"og:url\" content=\"https:\/\/websjop.afuk.frl\/nl\/winkel\/de-vrije-fries-deel-102-2022\/\" \/>\n<meta property=\"og:site_name\" content=\"Af\u00fbk Websjop\" \/>\n<meta property=\"article:modified_time\" content=\"2022-12-21T09:26:49+00:00\" \/>\n<meta property=\"og:image\" content=\"https:\/\/websjop.afuk.frl\/wp-content\/uploads\/2022\/12\/Vrije-Fries-2022686.jpg\" \/>\n\t<meta property=\"og:image:width\" content=\"522\" \/>\n\t<meta property=\"og:image:height\" content=\"716\" \/>\n\t<meta property=\"og:image:type\" content=\"image\/jpeg\" \/>\n<meta name=\"twitter:card\" content=\"summary_large_image\" \/>\n<meta name=\"twitter:label1\" content=\"Geschatte leestijd\" \/>\n\t<meta name=\"twitter:data1\" content=\"1 minuut\" \/>\n<script type=\"application\/ld+json\" class=\"yoast-schema-graph\">{\"@context\":\"https:\\\/\\\/schema.org\",\"@graph\":[{\"@type\":\"WebPage\",\"@id\":\"https:\\\/\\\/websjop.afuk.frl\\\/nl\\\/winkel\\\/de-vrije-fries-deel-102-2022\\\/\",\"url\":\"https:\\\/\\\/websjop.afuk.frl\\\/nl\\\/winkel\\\/de-vrije-fries-deel-102-2022\\\/\",\"name\":\"De Vrije Fries, Deel 102 - 2022 &#8211; Af\u00fbk Websjop\",\"isPartOf\":{\"@id\":\"https:\\\/\\\/websjop.afuk.frl\\\/nl\\\/#website\"},\"primaryImageOfPage\":{\"@id\":\"https:\\\/\\\/websjop.afuk.frl\\\/nl\\\/winkel\\\/de-vrije-fries-deel-102-2022\\\/#primaryimage\"},\"image\":{\"@id\":\"https:\\\/\\\/websjop.afuk.frl\\\/nl\\\/winkel\\\/de-vrije-fries-deel-102-2022\\\/#primaryimage\"},\"thumbnailUrl\":\"https:\\\/\\\/websjop.afuk.frl\\\/wp-content\\\/uploads\\\/2022\\\/12\\\/Vrije-Fries-2022686.jpg\",\"datePublished\":\"2022-12-21T09:26:48+00:00\",\"dateModified\":\"2022-12-21T09:26:49+00:00\",\"description\":\"Wetenschppelijk jaarboek De Vrije Fries Deel 102 - 2022 heeft als thema: Fan Nijsbl\u00ead oant Podcast - over nieuwscultuur in Frysl\u00e2n.\",\"breadcrumb\":{\"@id\":\"https:\\\/\\\/websjop.afuk.frl\\\/nl\\\/winkel\\\/de-vrije-fries-deel-102-2022\\\/#breadcrumb\"},\"inLanguage\":\"nl-NL\",\"potentialAction\":[{\"@type\":\"ReadAction\",\"target\":[\"https:\\\/\\\/websjop.afuk.frl\\\/nl\\\/winkel\\\/de-vrije-fries-deel-102-2022\\\/\"]}]},{\"@type\":\"ImageObject\",\"inLanguage\":\"nl-NL\",\"@id\":\"https:\\\/\\\/websjop.afuk.frl\\\/nl\\\/winkel\\\/de-vrije-fries-deel-102-2022\\\/#primaryimage\",\"url\":\"https:\\\/\\\/websjop.afuk.frl\\\/wp-content\\\/uploads\\\/2022\\\/12\\\/Vrije-Fries-2022686.jpg\",\"contentUrl\":\"https:\\\/\\\/websjop.afuk.frl\\\/wp-content\\\/uploads\\\/2022\\\/12\\\/Vrije-Fries-2022686.jpg\",\"width\":522,\"height\":716},{\"@type\":\"BreadcrumbList\",\"@id\":\"https:\\\/\\\/websjop.afuk.frl\\\/nl\\\/winkel\\\/de-vrije-fries-deel-102-2022\\\/#breadcrumb\",\"itemListElement\":[{\"@type\":\"ListItem\",\"position\":1,\"name\":\"Home\",\"item\":\"https:\\\/\\\/websjop.afuk.frl\\\/nl\\\/\"},{\"@type\":\"ListItem\",\"position\":2,\"name\":\"Winkel\",\"item\":\"https:\\\/\\\/websjop.afuk.frl\\\/nl\\\/winkel\\\/\"},{\"@type\":\"ListItem\",\"position\":3,\"name\":\"De Vrije Fries, Deel 102 &#8211; 2022\"}]},{\"@type\":\"WebSite\",\"@id\":\"https:\\\/\\\/websjop.afuk.frl\\\/nl\\\/#website\",\"url\":\"https:\\\/\\\/websjop.afuk.frl\\\/nl\\\/\",\"name\":\"Af\u00fbk Websjop\",\"description\":\"\",\"potentialAction\":[{\"@type\":\"SearchAction\",\"target\":{\"@type\":\"EntryPoint\",\"urlTemplate\":\"https:\\\/\\\/websjop.afuk.frl\\\/nl\\\/?s={search_term_string}\"},\"query-input\":{\"@type\":\"PropertyValueSpecification\",\"valueRequired\":true,\"valueName\":\"search_term_string\"}}],\"inLanguage\":\"nl-NL\"}]}<\/script>\n<!-- \/ Yoast SEO plugin. -->","yoast_head_json":{"title":"De Vrije Fries, Deel 102 - 2022 &#8211; Af\u00fbk Websjop","description":"Wetenschppelijk jaarboek De Vrije Fries Deel 102 - 2022 heeft als thema: Fan Nijsbl\u00ead oant Podcast - over nieuwscultuur in Frysl\u00e2n.","robots":{"index":"index","follow":"follow","max-snippet":"max-snippet:-1","max-image-preview":"max-image-preview:large","max-video-preview":"max-video-preview:-1"},"canonical":"https:\/\/websjop.afuk.frl\/nl\/winkel\/de-vrije-fries-deel-102-2022\/","og_locale":"nl_NL","og_type":"article","og_title":"De Vrije Fries, Deel 102 - 2022 &#8211; Af\u00fbk Websjop","og_description":"Wetenschppelijk jaarboek De Vrije Fries Deel 102 - 2022 heeft als thema: Fan Nijsbl\u00ead oant Podcast - over nieuwscultuur in Frysl\u00e2n.","og_url":"https:\/\/websjop.afuk.frl\/nl\/winkel\/de-vrije-fries-deel-102-2022\/","og_site_name":"Af\u00fbk Websjop","article_modified_time":"2022-12-21T09:26:49+00:00","og_image":[{"width":522,"height":716,"url":"https:\/\/websjop.afuk.frl\/wp-content\/uploads\/2022\/12\/Vrije-Fries-2022686.jpg","type":"image\/jpeg"}],"twitter_card":"summary_large_image","twitter_misc":{"Geschatte leestijd":"1 minuut"},"schema":{"@context":"https:\/\/schema.org","@graph":[{"@type":"WebPage","@id":"https:\/\/websjop.afuk.frl\/nl\/winkel\/de-vrije-fries-deel-102-2022\/","url":"https:\/\/websjop.afuk.frl\/nl\/winkel\/de-vrije-fries-deel-102-2022\/","name":"De Vrije Fries, Deel 102 - 2022 &#8211; Af\u00fbk Websjop","isPartOf":{"@id":"https:\/\/websjop.afuk.frl\/nl\/#website"},"primaryImageOfPage":{"@id":"https:\/\/websjop.afuk.frl\/nl\/winkel\/de-vrije-fries-deel-102-2022\/#primaryimage"},"image":{"@id":"https:\/\/websjop.afuk.frl\/nl\/winkel\/de-vrije-fries-deel-102-2022\/#primaryimage"},"thumbnailUrl":"https:\/\/websjop.afuk.frl\/wp-content\/uploads\/2022\/12\/Vrije-Fries-2022686.jpg","datePublished":"2022-12-21T09:26:48+00:00","dateModified":"2022-12-21T09:26:49+00:00","description":"Wetenschppelijk jaarboek De Vrije Fries Deel 102 - 2022 heeft als thema: Fan Nijsbl\u00ead oant Podcast - over nieuwscultuur in Frysl\u00e2n.","breadcrumb":{"@id":"https:\/\/websjop.afuk.frl\/nl\/winkel\/de-vrije-fries-deel-102-2022\/#breadcrumb"},"inLanguage":"nl-NL","potentialAction":[{"@type":"ReadAction","target":["https:\/\/websjop.afuk.frl\/nl\/winkel\/de-vrije-fries-deel-102-2022\/"]}]},{"@type":"ImageObject","inLanguage":"nl-NL","@id":"https:\/\/websjop.afuk.frl\/nl\/winkel\/de-vrije-fries-deel-102-2022\/#primaryimage","url":"https:\/\/websjop.afuk.frl\/wp-content\/uploads\/2022\/12\/Vrije-Fries-2022686.jpg","contentUrl":"https:\/\/websjop.afuk.frl\/wp-content\/uploads\/2022\/12\/Vrije-Fries-2022686.jpg","width":522,"height":716},{"@type":"BreadcrumbList","@id":"https:\/\/websjop.afuk.frl\/nl\/winkel\/de-vrije-fries-deel-102-2022\/#breadcrumb","itemListElement":[{"@type":"ListItem","position":1,"name":"Home","item":"https:\/\/websjop.afuk.frl\/nl\/"},{"@type":"ListItem","position":2,"name":"Winkel","item":"https:\/\/websjop.afuk.frl\/nl\/winkel\/"},{"@type":"ListItem","position":3,"name":"De Vrije Fries, Deel 102 &#8211; 2022"}]},{"@type":"WebSite","@id":"https:\/\/websjop.afuk.frl\/nl\/#website","url":"https:\/\/websjop.afuk.frl\/nl\/","name":"Af\u00fbk Websjop","description":"","potentialAction":[{"@type":"SearchAction","target":{"@type":"EntryPoint","urlTemplate":"https:\/\/websjop.afuk.frl\/nl\/?s={search_term_string}"},"query-input":{"@type":"PropertyValueSpecification","valueRequired":true,"valueName":"search_term_string"}}],"inLanguage":"nl-NL"}]}},"_links":{"self":[{"href":"https:\/\/websjop.afuk.frl\/nl\/wp-json\/wp\/v2\/product\/37039","targetHints":{"allow":["GET"]}}],"collection":[{"href":"https:\/\/websjop.afuk.frl\/nl\/wp-json\/wp\/v2\/product"}],"about":[{"href":"https:\/\/websjop.afuk.frl\/nl\/wp-json\/wp\/v2\/types\/product"}],"replies":[{"embeddable":true,"href":"https:\/\/websjop.afuk.frl\/nl\/wp-json\/wp\/v2\/comments?post=37039"}],"wp:featuredmedia":[{"embeddable":true,"href":"https:\/\/websjop.afuk.frl\/nl\/wp-json\/wp\/v2\/media\/37041"}],"wp:attachment":[{"href":"https:\/\/websjop.afuk.frl\/nl\/wp-json\/wp\/v2\/media?parent=37039"}],"wp:term":[{"taxonomy":"product_brand","embeddable":true,"href":"https:\/\/websjop.afuk.frl\/nl\/wp-json\/wp\/v2\/product_brand?post=37039"},{"taxonomy":"product_cat","embeddable":true,"href":"https:\/\/websjop.afuk.frl\/nl\/wp-json\/wp\/v2\/product_cat?post=37039"},{"taxonomy":"product_tag","embeddable":true,"href":"https:\/\/websjop.afuk.frl\/nl\/wp-json\/wp\/v2\/product_tag?post=37039"}],"curies":[{"name":"wp","href":"https:\/\/api.w.org\/{rel}","templated":true}]}}