{"id":36951,"date":"2022-12-15T11:32:27","date_gmt":"2022-12-15T10:32:27","guid":{"rendered":"https:\/\/websjop.afuk.frl\/nl\/?post_type=product&#038;p=36951"},"modified":"2024-07-17T11:48:08","modified_gmt":"2024-07-17T10:48:08","slug":"ik-moat-sa-noadich","status":"publish","type":"product","link":"https:\/\/websjop.afuk.frl\/nl\/winkel\/ik-moat-sa-noadich\/","title":{"rendered":"Ik moat sa noadich!"},"content":{"rendered":"<p>Eva gaat met haar moeder en kleine broertje naar de markt. Maar o jee, terwijl ze er nog maar net zijn, moet Eva naar de wc. Vlug, ik moet heel nodig!<\/p>\n<hr \/>\n<p><em>Lara de Vries: &#8220;In behelpsum ferhaal as in bern skjin wurde moat. En der bart safolle dat it ek just foar \u00e2ldere bern noch tige nijsgjirrich is. In protte dingen komme werom, lykas it stopljocht, de plysjeman, de tram, de iisbear, ensf. Op hast elke side is in blaumies of in oar f\u00fbgeltsje te finen. Hoe faker ast it boek l\u00east, hoe mear ast \u00fbntdekst. Dat fine alle bern (en in protte \u00e2lders) hiel aardich, dat it boek moat elke kear op \u2019e nij foarl\u00eazen wurde. Foar \u00fas h\u00fash\u00e2lding is dit moaie ferhaaltsje in skot yn \u2019e roas.&#8221; <a href=\"https:\/\/heitenmem.nl\/artikel\/25532\/de-resinsje-fan-lara-ik-moat-sa-noadich\/\" target=\"_blank\" rel=\"noopener\">L\u00eas hjir de folsleine resinsje fan Lara.<\/a><\/em><\/p>\n<p><em>Erika van Steensel: Bisteleafhawwers kinne har hert ophelje. Wat in moaie grutte plaatsjes. It hat wol wat fan \u201ctip de muis\u201d en \u201ckrul konijn\u201d. Wat nostalgysk, werom nei de r\u00east, de ienf\u00e2ld, d\u00ear gean wy goed op. En wa net tsjintwurdich? Gjin grutte lapen tekst, de plaatsjes binne sprekkend gen\u00f4ch. <a href=\"https:\/\/heitenmem.nl\/boek\/25717\/de-resinsje-fan-erika-ik-moat-sa-noadich\/\">L\u00eas hjir de folsleine resinsje fan Erika.\u00a0<\/a><\/em><\/p>\n","protected":false},"excerpt":{"rendered":"<p>Eva gaat met haar moeder en kleine broertje naar de markt. Maar o jee, terwijl ze er nog maar net zijn, moet Eva naar de wc. Vlug, ik moet heel nodig! Lara de Vries: &#8220;In behelpsum ferhaal as in bern skjin wurde moat. En der bart safolle dat it ek just foar \u00e2ldere bern noch [&hellip;]<\/p>\n","protected":false},"featured_media":36952,"comment_status":"closed","ping_status":"closed","template":"","meta":{"_acf_changed":false},"product_brand":[],"product_cat":[1213,550,535,9448,18408,22890],"product_tag":[9435,21551,21554,21553,5451,21552,17883],"class_list":{"0":"post-36951","1":"product","2":"type-product","3":"status-publish","4":"has-post-thumbnail","6":"product_cat-berne-en-jeugdboeken","7":"product_cat-berneboeken-4-8","8":"product_cat-fryske-boeken","9":"product_cat-printeboeken-top-10","10":"product_cat-taalplan-2030","11":"product_cat-tema-nei-it-huske","12":"product_tag-huske","13":"product_tag-ik-moat-sa-noadich","14":"product_tag-pisje","15":"product_tag-plasse","16":"product_tag-printeboek","17":"product_tag-quentin-greban","18":"product_tag-wc","19":"product_shipping_class-brievenbus-verzending","20":"pa_auteur-quentin-greban","21":"pa_isbn-21550","22":"pa_new-label-1-3","23":"pa_taal-frysk","24":"pa_uitgever-afuk","25":"pa_vertaler-hermien-van-der-meer","27":"first","28":"instock","29":"taxable","30":"shipping-taxable","31":"purchasable","32":"product-type-simple"},"acf":[],"yoast_head":"<!-- This site is optimized with the Yoast SEO plugin v27.3 - https:\/\/yoast.com\/product\/yoast-seo-wordpress\/ -->\n<title>Ik moat sa noadich! &#8211; Af\u00fbk Websjop<\/title>\n<meta name=\"description\" content=\"Eva gaat met haar moeder en kleine broertje naar de markt. Maar o jee, terwijl ze er nog maar net zijn, moet Eva naar de wc. Vlug, ik moet heel nodig!\" \/>\n<meta name=\"robots\" content=\"index, follow, max-snippet:-1, max-image-preview:large, max-video-preview:-1\" \/>\n<link rel=\"canonical\" href=\"https:\/\/websjop.afuk.frl\/nl\/winkel\/ik-moat-sa-noadich\/\" \/>\n<meta property=\"og:locale\" content=\"nl_NL\" \/>\n<meta property=\"og:type\" content=\"article\" \/>\n<meta property=\"og:title\" content=\"Ik moat sa noadich! &#8211; Af\u00fbk Websjop\" \/>\n<meta property=\"og:description\" content=\"Eva gaat met haar moeder en kleine broertje naar de markt. Maar o jee, terwijl ze er nog maar net zijn, moet Eva naar de wc. Vlug, ik moet heel nodig!\" \/>\n<meta property=\"og:url\" content=\"https:\/\/websjop.afuk.frl\/nl\/winkel\/ik-moat-sa-noadich\/\" \/>\n<meta property=\"og:site_name\" content=\"Af\u00fbk Websjop\" \/>\n<meta property=\"article:modified_time\" content=\"2024-07-17T10:48:08+00:00\" \/>\n<meta property=\"og:image\" content=\"https:\/\/websjop.afuk.frl\/wp-content\/uploads\/2022\/12\/Ik-moat-sa-noadich-scaled.jpg\" \/>\n\t<meta property=\"og:image:width\" content=\"1928\" \/>\n\t<meta property=\"og:image:height\" content=\"2560\" \/>\n\t<meta property=\"og:image:type\" content=\"image\/jpeg\" \/>\n<meta name=\"twitter:card\" content=\"summary_large_image\" \/>\n<meta name=\"twitter:label1\" content=\"Geschatte leestijd\" \/>\n\t<meta name=\"twitter:data1\" content=\"1 minuut\" \/>\n<script type=\"application\/ld+json\" class=\"yoast-schema-graph\">{\"@context\":\"https:\\\/\\\/schema.org\",\"@graph\":[{\"@type\":\"WebPage\",\"@id\":\"https:\\\/\\\/websjop.afuk.frl\\\/nl\\\/winkel\\\/ik-moat-sa-noadich\\\/\",\"url\":\"https:\\\/\\\/websjop.afuk.frl\\\/nl\\\/winkel\\\/ik-moat-sa-noadich\\\/\",\"name\":\"Ik moat sa noadich! &#8211; Af\u00fbk Websjop\",\"isPartOf\":{\"@id\":\"https:\\\/\\\/websjop.afuk.frl\\\/nl\\\/#website\"},\"primaryImageOfPage\":{\"@id\":\"https:\\\/\\\/websjop.afuk.frl\\\/nl\\\/winkel\\\/ik-moat-sa-noadich\\\/#primaryimage\"},\"image\":{\"@id\":\"https:\\\/\\\/websjop.afuk.frl\\\/nl\\\/winkel\\\/ik-moat-sa-noadich\\\/#primaryimage\"},\"thumbnailUrl\":\"https:\\\/\\\/websjop.afuk.frl\\\/wp-content\\\/uploads\\\/2022\\\/12\\\/Ik-moat-sa-noadich-scaled.jpg\",\"datePublished\":\"2022-12-15T10:32:27+00:00\",\"dateModified\":\"2024-07-17T10:48:08+00:00\",\"description\":\"Eva gaat met haar moeder en kleine broertje naar de markt. Maar o jee, terwijl ze er nog maar net zijn, moet Eva naar de wc. Vlug, ik moet heel nodig!\",\"breadcrumb\":{\"@id\":\"https:\\\/\\\/websjop.afuk.frl\\\/nl\\\/winkel\\\/ik-moat-sa-noadich\\\/#breadcrumb\"},\"inLanguage\":\"nl-NL\",\"potentialAction\":[{\"@type\":\"ReadAction\",\"target\":[\"https:\\\/\\\/websjop.afuk.frl\\\/nl\\\/winkel\\\/ik-moat-sa-noadich\\\/\"]}]},{\"@type\":\"ImageObject\",\"inLanguage\":\"nl-NL\",\"@id\":\"https:\\\/\\\/websjop.afuk.frl\\\/nl\\\/winkel\\\/ik-moat-sa-noadich\\\/#primaryimage\",\"url\":\"https:\\\/\\\/websjop.afuk.frl\\\/wp-content\\\/uploads\\\/2022\\\/12\\\/Ik-moat-sa-noadich-scaled.jpg\",\"contentUrl\":\"https:\\\/\\\/websjop.afuk.frl\\\/wp-content\\\/uploads\\\/2022\\\/12\\\/Ik-moat-sa-noadich-scaled.jpg\",\"width\":1928,\"height\":2560},{\"@type\":\"BreadcrumbList\",\"@id\":\"https:\\\/\\\/websjop.afuk.frl\\\/nl\\\/winkel\\\/ik-moat-sa-noadich\\\/#breadcrumb\",\"itemListElement\":[{\"@type\":\"ListItem\",\"position\":1,\"name\":\"Home\",\"item\":\"https:\\\/\\\/websjop.afuk.frl\\\/nl\\\/\"},{\"@type\":\"ListItem\",\"position\":2,\"name\":\"Winkel\",\"item\":\"https:\\\/\\\/websjop.afuk.frl\\\/nl\\\/winkel\\\/\"},{\"@type\":\"ListItem\",\"position\":3,\"name\":\"Ik moat sa noadich!\"}]},{\"@type\":\"WebSite\",\"@id\":\"https:\\\/\\\/websjop.afuk.frl\\\/nl\\\/#website\",\"url\":\"https:\\\/\\\/websjop.afuk.frl\\\/nl\\\/\",\"name\":\"Af\u00fbk Websjop\",\"description\":\"\",\"potentialAction\":[{\"@type\":\"SearchAction\",\"target\":{\"@type\":\"EntryPoint\",\"urlTemplate\":\"https:\\\/\\\/websjop.afuk.frl\\\/nl\\\/?s={search_term_string}\"},\"query-input\":{\"@type\":\"PropertyValueSpecification\",\"valueRequired\":true,\"valueName\":\"search_term_string\"}}],\"inLanguage\":\"nl-NL\"}]}<\/script>\n<!-- \/ Yoast SEO plugin. -->","yoast_head_json":{"title":"Ik moat sa noadich! &#8211; Af\u00fbk Websjop","description":"Eva gaat met haar moeder en kleine broertje naar de markt. Maar o jee, terwijl ze er nog maar net zijn, moet Eva naar de wc. Vlug, ik moet heel nodig!","robots":{"index":"index","follow":"follow","max-snippet":"max-snippet:-1","max-image-preview":"max-image-preview:large","max-video-preview":"max-video-preview:-1"},"canonical":"https:\/\/websjop.afuk.frl\/nl\/winkel\/ik-moat-sa-noadich\/","og_locale":"nl_NL","og_type":"article","og_title":"Ik moat sa noadich! &#8211; Af\u00fbk Websjop","og_description":"Eva gaat met haar moeder en kleine broertje naar de markt. Maar o jee, terwijl ze er nog maar net zijn, moet Eva naar de wc. Vlug, ik moet heel nodig!","og_url":"https:\/\/websjop.afuk.frl\/nl\/winkel\/ik-moat-sa-noadich\/","og_site_name":"Af\u00fbk Websjop","article_modified_time":"2024-07-17T10:48:08+00:00","og_image":[{"width":1928,"height":2560,"url":"https:\/\/websjop.afuk.frl\/wp-content\/uploads\/2022\/12\/Ik-moat-sa-noadich-scaled.jpg","type":"image\/jpeg"}],"twitter_card":"summary_large_image","twitter_misc":{"Geschatte leestijd":"1 minuut"},"schema":{"@context":"https:\/\/schema.org","@graph":[{"@type":"WebPage","@id":"https:\/\/websjop.afuk.frl\/nl\/winkel\/ik-moat-sa-noadich\/","url":"https:\/\/websjop.afuk.frl\/nl\/winkel\/ik-moat-sa-noadich\/","name":"Ik moat sa noadich! &#8211; Af\u00fbk Websjop","isPartOf":{"@id":"https:\/\/websjop.afuk.frl\/nl\/#website"},"primaryImageOfPage":{"@id":"https:\/\/websjop.afuk.frl\/nl\/winkel\/ik-moat-sa-noadich\/#primaryimage"},"image":{"@id":"https:\/\/websjop.afuk.frl\/nl\/winkel\/ik-moat-sa-noadich\/#primaryimage"},"thumbnailUrl":"https:\/\/websjop.afuk.frl\/wp-content\/uploads\/2022\/12\/Ik-moat-sa-noadich-scaled.jpg","datePublished":"2022-12-15T10:32:27+00:00","dateModified":"2024-07-17T10:48:08+00:00","description":"Eva gaat met haar moeder en kleine broertje naar de markt. Maar o jee, terwijl ze er nog maar net zijn, moet Eva naar de wc. Vlug, ik moet heel nodig!","breadcrumb":{"@id":"https:\/\/websjop.afuk.frl\/nl\/winkel\/ik-moat-sa-noadich\/#breadcrumb"},"inLanguage":"nl-NL","potentialAction":[{"@type":"ReadAction","target":["https:\/\/websjop.afuk.frl\/nl\/winkel\/ik-moat-sa-noadich\/"]}]},{"@type":"ImageObject","inLanguage":"nl-NL","@id":"https:\/\/websjop.afuk.frl\/nl\/winkel\/ik-moat-sa-noadich\/#primaryimage","url":"https:\/\/websjop.afuk.frl\/wp-content\/uploads\/2022\/12\/Ik-moat-sa-noadich-scaled.jpg","contentUrl":"https:\/\/websjop.afuk.frl\/wp-content\/uploads\/2022\/12\/Ik-moat-sa-noadich-scaled.jpg","width":1928,"height":2560},{"@type":"BreadcrumbList","@id":"https:\/\/websjop.afuk.frl\/nl\/winkel\/ik-moat-sa-noadich\/#breadcrumb","itemListElement":[{"@type":"ListItem","position":1,"name":"Home","item":"https:\/\/websjop.afuk.frl\/nl\/"},{"@type":"ListItem","position":2,"name":"Winkel","item":"https:\/\/websjop.afuk.frl\/nl\/winkel\/"},{"@type":"ListItem","position":3,"name":"Ik moat sa noadich!"}]},{"@type":"WebSite","@id":"https:\/\/websjop.afuk.frl\/nl\/#website","url":"https:\/\/websjop.afuk.frl\/nl\/","name":"Af\u00fbk Websjop","description":"","potentialAction":[{"@type":"SearchAction","target":{"@type":"EntryPoint","urlTemplate":"https:\/\/websjop.afuk.frl\/nl\/?s={search_term_string}"},"query-input":{"@type":"PropertyValueSpecification","valueRequired":true,"valueName":"search_term_string"}}],"inLanguage":"nl-NL"}]}},"_links":{"self":[{"href":"https:\/\/websjop.afuk.frl\/nl\/wp-json\/wp\/v2\/product\/36951","targetHints":{"allow":["GET"]}}],"collection":[{"href":"https:\/\/websjop.afuk.frl\/nl\/wp-json\/wp\/v2\/product"}],"about":[{"href":"https:\/\/websjop.afuk.frl\/nl\/wp-json\/wp\/v2\/types\/product"}],"replies":[{"embeddable":true,"href":"https:\/\/websjop.afuk.frl\/nl\/wp-json\/wp\/v2\/comments?post=36951"}],"wp:featuredmedia":[{"embeddable":true,"href":"https:\/\/websjop.afuk.frl\/nl\/wp-json\/wp\/v2\/media\/36952"}],"wp:attachment":[{"href":"https:\/\/websjop.afuk.frl\/nl\/wp-json\/wp\/v2\/media?parent=36951"}],"wp:term":[{"taxonomy":"product_brand","embeddable":true,"href":"https:\/\/websjop.afuk.frl\/nl\/wp-json\/wp\/v2\/product_brand?post=36951"},{"taxonomy":"product_cat","embeddable":true,"href":"https:\/\/websjop.afuk.frl\/nl\/wp-json\/wp\/v2\/product_cat?post=36951"},{"taxonomy":"product_tag","embeddable":true,"href":"https:\/\/websjop.afuk.frl\/nl\/wp-json\/wp\/v2\/product_tag?post=36951"}],"curies":[{"name":"wp","href":"https:\/\/api.w.org\/{rel}","templated":true}]}}