{"id":36702,"date":"2022-12-01T15:07:30","date_gmt":"2022-12-01T14:07:30","guid":{"rendered":"https:\/\/websjop.afuk.frl\/nl\/?post_type=product&#038;p=36702"},"modified":"2022-12-01T15:08:07","modified_gmt":"2022-12-01T14:08:07","slug":"de-eerste-bloemlezing-van-de-nederlandse-poezie-101-gedichten-uit-het-koninkrijk-van-1945-tot-nu","status":"publish","type":"product","link":"https:\/\/websjop.afuk.frl\/nl\/winkel\/de-eerste-bloemlezing-van-de-nederlandse-poezie-101-gedichten-uit-het-koninkrijk-van-1945-tot-nu\/","title":{"rendered":"De eerste bloemlezing van de Nederlandse po\u00ebzie &#8211; 101 gedichten uit het Koninkrijk van 1945 tot nu"},"content":{"rendered":"<p>\u2018Irakezen, Irani\u00ebrs, Amerikanen en anderen hebben in Nederland werk gemaakt dat met ons te maken heeft. Dat grotere verhaal ontbreekt tot nu toe in de bloemlezingen. \u201cOnze\u201d literatuur is die van Remco Campert, Tjitske Jansen en Radna Fabias, maar ook die van Tsj\u00eabbe Hettinga, Jan Glas en Nydia Ecury, van Mowaffk Al-Sawad en Mia You.\u2019<\/p>\n<p>Als Dichter des Vaderlands (2019-2020) nam Tsead Bruinja zich voor een inclusieve bloemlezing samen te stellen die ruimte bood aan zo veel mogelijk talen, streektalen en dialecten. Zijn selectie begint in 1945 en beperkt zich tot po\u00ebzie die geschreven is binnen het Koninkrijk der Nederlanden. Dat betekent dat er po\u00ebzie te lezen is uit Indonesi\u00eb en Suriname en van de Antillen, maar ook dat er gedichten zijn opgenomen van nieuwe Nederlanders uit bijvoorbeeld het Midden-Oosten en Zuid-Amerika.<\/p>\n<p>Met deze bloemlezing wil Bruinja een andere blik op de Nederlandse po\u00ebzie geven. In bijna alle belangrijke bloemlezingen tot dusver ontbreekt bijvoorbeeld vaak de Friese en de Antilliaanse po\u00ebzie, terwijl die po\u00ebzie in contact staat met de Nederlandstalige po\u00ebzie en de wereldpo\u00ebzie.<\/p>\n","protected":false},"excerpt":{"rendered":"<p>\u2018Irakezen, Irani\u00ebrs, Amerikanen en anderen hebben in Nederland werk gemaakt dat met ons te maken heeft. Dat grotere verhaal ontbreekt tot nu toe in de bloemlezingen. \u201cOnze\u201d literatuur is die van Remco Campert, Tjitske Jansen en Radna Fabias, maar ook die van Tsj\u00eabbe Hettinga, Jan Glas en Nydia Ecury, van Mowaffk Al-Sawad en Mia You.\u2019 [&hellip;]<\/p>\n","protected":false},"featured_media":36704,"comment_status":"closed","ping_status":"closed","template":"","meta":{"_acf_changed":false},"product_brand":[],"product_cat":[538,535,1215],"product_tag":[21504,21503,5191,20487,21505],"class_list":{"0":"post-36702","1":"product","2":"type-product","3":"status-publish","4":"has-post-thumbnail","6":"product_cat-dichtbondels","7":"product_cat-fryske-boeken","8":"product_cat-romans-en-literatuer","9":"product_tag-101-gedichten","10":"product_tag-de-eerste-bloemlezing-van-nederlandse-poezie","11":"product_tag-gedichten","12":"product_tag-tsead-bruinja","13":"product_tag-van-1945-tot-nu","14":"product_shipping_class-brievenbus-verzending","15":"pa_auteur-samenstelling-tsead-bruinja","16":"pa_isbn-21499","17":"pa_new-label-1-3","18":"pa_taal-meerdere-talen-nederlands","19":"pa_uitgever-querido","21":"first","22":"instock","23":"taxable","24":"shipping-taxable","25":"purchasable","26":"product-type-simple"},"acf":[],"yoast_head":"<!-- This site is optimized with the Yoast SEO plugin v27.2 - https:\/\/yoast.com\/product\/yoast-seo-wordpress\/ -->\n<title>De eerste bloemlezing van de Nederlandse po\u00ebzie - 101 gedichten uit het Koninkrijk van 1945 tot nu &#8211; Af\u00fbk Websjop<\/title>\n<meta name=\"description\" content=\"De eerste bloemlezing van de Nederlandse po\u00ebzie - 101 gedichten uit het Koninkrijk van 1945 tot nu. Samengesteld door Tsead Bruinja.\" \/>\n<meta name=\"robots\" content=\"index, follow, max-snippet:-1, max-image-preview:large, max-video-preview:-1\" \/>\n<link rel=\"canonical\" href=\"https:\/\/websjop.afuk.frl\/nl\/winkel\/de-eerste-bloemlezing-van-de-nederlandse-poezie-101-gedichten-uit-het-koninkrijk-van-1945-tot-nu\/\" \/>\n<meta property=\"og:locale\" content=\"nl_NL\" \/>\n<meta property=\"og:type\" content=\"article\" \/>\n<meta property=\"og:title\" content=\"De eerste bloemlezing van de Nederlandse po\u00ebzie - 101 gedichten uit het Koninkrijk van 1945 tot nu &#8211; Af\u00fbk Websjop\" \/>\n<meta property=\"og:description\" content=\"De eerste bloemlezing van de Nederlandse po\u00ebzie - 101 gedichten uit het Koninkrijk van 1945 tot nu. Samengesteld door Tsead Bruinja.\" \/>\n<meta property=\"og:url\" content=\"https:\/\/websjop.afuk.frl\/nl\/winkel\/de-eerste-bloemlezing-van-de-nederlandse-poezie-101-gedichten-uit-het-koninkrijk-van-1945-tot-nu\/\" \/>\n<meta property=\"og:site_name\" content=\"Af\u00fbk Websjop\" \/>\n<meta property=\"article:modified_time\" content=\"2022-12-01T14:08:07+00:00\" \/>\n<meta property=\"og:image\" content=\"https:\/\/websjop.afuk.frl\/wp-content\/uploads\/2022\/12\/De-eerste-bloemlezing.jpg\" \/>\n\t<meta property=\"og:image:width\" content=\"1598\" \/>\n\t<meta property=\"og:image:height\" content=\"2542\" \/>\n\t<meta property=\"og:image:type\" content=\"image\/jpeg\" \/>\n<meta name=\"twitter:card\" content=\"summary_large_image\" \/>\n<meta name=\"twitter:label1\" content=\"Geschatte leestijd\" \/>\n\t<meta name=\"twitter:data1\" content=\"1 minuut\" \/>\n<script type=\"application\/ld+json\" class=\"yoast-schema-graph\">{\"@context\":\"https:\/\/schema.org\",\"@graph\":[{\"@type\":\"WebPage\",\"@id\":\"https:\/\/websjop.afuk.frl\/nl\/winkel\/de-eerste-bloemlezing-van-de-nederlandse-poezie-101-gedichten-uit-het-koninkrijk-van-1945-tot-nu\/\",\"url\":\"https:\/\/websjop.afuk.frl\/nl\/winkel\/de-eerste-bloemlezing-van-de-nederlandse-poezie-101-gedichten-uit-het-koninkrijk-van-1945-tot-nu\/\",\"name\":\"De eerste bloemlezing van de Nederlandse po\u00ebzie - 101 gedichten uit het Koninkrijk van 1945 tot nu &#8211; Af\u00fbk Websjop\",\"isPartOf\":{\"@id\":\"https:\/\/websjop.afuk.frl\/nl\/#website\"},\"primaryImageOfPage\":{\"@id\":\"https:\/\/websjop.afuk.frl\/nl\/winkel\/de-eerste-bloemlezing-van-de-nederlandse-poezie-101-gedichten-uit-het-koninkrijk-van-1945-tot-nu\/#primaryimage\"},\"image\":{\"@id\":\"https:\/\/websjop.afuk.frl\/nl\/winkel\/de-eerste-bloemlezing-van-de-nederlandse-poezie-101-gedichten-uit-het-koninkrijk-van-1945-tot-nu\/#primaryimage\"},\"thumbnailUrl\":\"https:\/\/websjop.afuk.frl\/wp-content\/uploads\/2022\/12\/De-eerste-bloemlezing.jpg\",\"datePublished\":\"2022-12-01T14:07:30+00:00\",\"dateModified\":\"2022-12-01T14:08:07+00:00\",\"description\":\"De eerste bloemlezing van de Nederlandse po\u00ebzie - 101 gedichten uit het Koninkrijk van 1945 tot nu. Samengesteld door Tsead Bruinja.\",\"breadcrumb\":{\"@id\":\"https:\/\/websjop.afuk.frl\/nl\/winkel\/de-eerste-bloemlezing-van-de-nederlandse-poezie-101-gedichten-uit-het-koninkrijk-van-1945-tot-nu\/#breadcrumb\"},\"inLanguage\":\"nl-NL\",\"potentialAction\":[{\"@type\":\"ReadAction\",\"target\":[\"https:\/\/websjop.afuk.frl\/nl\/winkel\/de-eerste-bloemlezing-van-de-nederlandse-poezie-101-gedichten-uit-het-koninkrijk-van-1945-tot-nu\/\"]}]},{\"@type\":\"ImageObject\",\"inLanguage\":\"nl-NL\",\"@id\":\"https:\/\/websjop.afuk.frl\/nl\/winkel\/de-eerste-bloemlezing-van-de-nederlandse-poezie-101-gedichten-uit-het-koninkrijk-van-1945-tot-nu\/#primaryimage\",\"url\":\"https:\/\/websjop.afuk.frl\/wp-content\/uploads\/2022\/12\/De-eerste-bloemlezing.jpg\",\"contentUrl\":\"https:\/\/websjop.afuk.frl\/wp-content\/uploads\/2022\/12\/De-eerste-bloemlezing.jpg\",\"width\":1598,\"height\":2542},{\"@type\":\"BreadcrumbList\",\"@id\":\"https:\/\/websjop.afuk.frl\/nl\/winkel\/de-eerste-bloemlezing-van-de-nederlandse-poezie-101-gedichten-uit-het-koninkrijk-van-1945-tot-nu\/#breadcrumb\",\"itemListElement\":[{\"@type\":\"ListItem\",\"position\":1,\"name\":\"Home\",\"item\":\"https:\/\/websjop.afuk.frl\/nl\/\"},{\"@type\":\"ListItem\",\"position\":2,\"name\":\"Winkel\",\"item\":\"https:\/\/websjop.afuk.frl\/nl\/winkel\/\"},{\"@type\":\"ListItem\",\"position\":3,\"name\":\"De eerste bloemlezing van de Nederlandse po\u00ebzie &#8211; 101 gedichten uit het Koninkrijk van 1945 tot nu\"}]},{\"@type\":\"WebSite\",\"@id\":\"https:\/\/websjop.afuk.frl\/nl\/#website\",\"url\":\"https:\/\/websjop.afuk.frl\/nl\/\",\"name\":\"Af\u00fbk Websjop\",\"description\":\"\",\"potentialAction\":[{\"@type\":\"SearchAction\",\"target\":{\"@type\":\"EntryPoint\",\"urlTemplate\":\"https:\/\/websjop.afuk.frl\/nl\/?s={search_term_string}\"},\"query-input\":{\"@type\":\"PropertyValueSpecification\",\"valueRequired\":true,\"valueName\":\"search_term_string\"}}],\"inLanguage\":\"nl-NL\"}]}<\/script>\n<!-- \/ Yoast SEO plugin. -->","yoast_head_json":{"title":"De eerste bloemlezing van de Nederlandse po\u00ebzie - 101 gedichten uit het Koninkrijk van 1945 tot nu &#8211; Af\u00fbk Websjop","description":"De eerste bloemlezing van de Nederlandse po\u00ebzie - 101 gedichten uit het Koninkrijk van 1945 tot nu. Samengesteld door Tsead Bruinja.","robots":{"index":"index","follow":"follow","max-snippet":"max-snippet:-1","max-image-preview":"max-image-preview:large","max-video-preview":"max-video-preview:-1"},"canonical":"https:\/\/websjop.afuk.frl\/nl\/winkel\/de-eerste-bloemlezing-van-de-nederlandse-poezie-101-gedichten-uit-het-koninkrijk-van-1945-tot-nu\/","og_locale":"nl_NL","og_type":"article","og_title":"De eerste bloemlezing van de Nederlandse po\u00ebzie - 101 gedichten uit het Koninkrijk van 1945 tot nu &#8211; Af\u00fbk Websjop","og_description":"De eerste bloemlezing van de Nederlandse po\u00ebzie - 101 gedichten uit het Koninkrijk van 1945 tot nu. Samengesteld door Tsead Bruinja.","og_url":"https:\/\/websjop.afuk.frl\/nl\/winkel\/de-eerste-bloemlezing-van-de-nederlandse-poezie-101-gedichten-uit-het-koninkrijk-van-1945-tot-nu\/","og_site_name":"Af\u00fbk Websjop","article_modified_time":"2022-12-01T14:08:07+00:00","og_image":[{"width":1598,"height":2542,"url":"https:\/\/websjop.afuk.frl\/wp-content\/uploads\/2022\/12\/De-eerste-bloemlezing.jpg","type":"image\/jpeg"}],"twitter_card":"summary_large_image","twitter_misc":{"Geschatte leestijd":"1 minuut"},"schema":{"@context":"https:\/\/schema.org","@graph":[{"@type":"WebPage","@id":"https:\/\/websjop.afuk.frl\/nl\/winkel\/de-eerste-bloemlezing-van-de-nederlandse-poezie-101-gedichten-uit-het-koninkrijk-van-1945-tot-nu\/","url":"https:\/\/websjop.afuk.frl\/nl\/winkel\/de-eerste-bloemlezing-van-de-nederlandse-poezie-101-gedichten-uit-het-koninkrijk-van-1945-tot-nu\/","name":"De eerste bloemlezing van de Nederlandse po\u00ebzie - 101 gedichten uit het Koninkrijk van 1945 tot nu &#8211; Af\u00fbk Websjop","isPartOf":{"@id":"https:\/\/websjop.afuk.frl\/nl\/#website"},"primaryImageOfPage":{"@id":"https:\/\/websjop.afuk.frl\/nl\/winkel\/de-eerste-bloemlezing-van-de-nederlandse-poezie-101-gedichten-uit-het-koninkrijk-van-1945-tot-nu\/#primaryimage"},"image":{"@id":"https:\/\/websjop.afuk.frl\/nl\/winkel\/de-eerste-bloemlezing-van-de-nederlandse-poezie-101-gedichten-uit-het-koninkrijk-van-1945-tot-nu\/#primaryimage"},"thumbnailUrl":"https:\/\/websjop.afuk.frl\/wp-content\/uploads\/2022\/12\/De-eerste-bloemlezing.jpg","datePublished":"2022-12-01T14:07:30+00:00","dateModified":"2022-12-01T14:08:07+00:00","description":"De eerste bloemlezing van de Nederlandse po\u00ebzie - 101 gedichten uit het Koninkrijk van 1945 tot nu. Samengesteld door Tsead Bruinja.","breadcrumb":{"@id":"https:\/\/websjop.afuk.frl\/nl\/winkel\/de-eerste-bloemlezing-van-de-nederlandse-poezie-101-gedichten-uit-het-koninkrijk-van-1945-tot-nu\/#breadcrumb"},"inLanguage":"nl-NL","potentialAction":[{"@type":"ReadAction","target":["https:\/\/websjop.afuk.frl\/nl\/winkel\/de-eerste-bloemlezing-van-de-nederlandse-poezie-101-gedichten-uit-het-koninkrijk-van-1945-tot-nu\/"]}]},{"@type":"ImageObject","inLanguage":"nl-NL","@id":"https:\/\/websjop.afuk.frl\/nl\/winkel\/de-eerste-bloemlezing-van-de-nederlandse-poezie-101-gedichten-uit-het-koninkrijk-van-1945-tot-nu\/#primaryimage","url":"https:\/\/websjop.afuk.frl\/wp-content\/uploads\/2022\/12\/De-eerste-bloemlezing.jpg","contentUrl":"https:\/\/websjop.afuk.frl\/wp-content\/uploads\/2022\/12\/De-eerste-bloemlezing.jpg","width":1598,"height":2542},{"@type":"BreadcrumbList","@id":"https:\/\/websjop.afuk.frl\/nl\/winkel\/de-eerste-bloemlezing-van-de-nederlandse-poezie-101-gedichten-uit-het-koninkrijk-van-1945-tot-nu\/#breadcrumb","itemListElement":[{"@type":"ListItem","position":1,"name":"Home","item":"https:\/\/websjop.afuk.frl\/nl\/"},{"@type":"ListItem","position":2,"name":"Winkel","item":"https:\/\/websjop.afuk.frl\/nl\/winkel\/"},{"@type":"ListItem","position":3,"name":"De eerste bloemlezing van de Nederlandse po\u00ebzie &#8211; 101 gedichten uit het Koninkrijk van 1945 tot nu"}]},{"@type":"WebSite","@id":"https:\/\/websjop.afuk.frl\/nl\/#website","url":"https:\/\/websjop.afuk.frl\/nl\/","name":"Af\u00fbk Websjop","description":"","potentialAction":[{"@type":"SearchAction","target":{"@type":"EntryPoint","urlTemplate":"https:\/\/websjop.afuk.frl\/nl\/?s={search_term_string}"},"query-input":{"@type":"PropertyValueSpecification","valueRequired":true,"valueName":"search_term_string"}}],"inLanguage":"nl-NL"}]}},"_links":{"self":[{"href":"https:\/\/websjop.afuk.frl\/nl\/wp-json\/wp\/v2\/product\/36702","targetHints":{"allow":["GET"]}}],"collection":[{"href":"https:\/\/websjop.afuk.frl\/nl\/wp-json\/wp\/v2\/product"}],"about":[{"href":"https:\/\/websjop.afuk.frl\/nl\/wp-json\/wp\/v2\/types\/product"}],"replies":[{"embeddable":true,"href":"https:\/\/websjop.afuk.frl\/nl\/wp-json\/wp\/v2\/comments?post=36702"}],"wp:featuredmedia":[{"embeddable":true,"href":"https:\/\/websjop.afuk.frl\/nl\/wp-json\/wp\/v2\/media\/36704"}],"wp:attachment":[{"href":"https:\/\/websjop.afuk.frl\/nl\/wp-json\/wp\/v2\/media?parent=36702"}],"wp:term":[{"taxonomy":"product_brand","embeddable":true,"href":"https:\/\/websjop.afuk.frl\/nl\/wp-json\/wp\/v2\/product_brand?post=36702"},{"taxonomy":"product_cat","embeddable":true,"href":"https:\/\/websjop.afuk.frl\/nl\/wp-json\/wp\/v2\/product_cat?post=36702"},{"taxonomy":"product_tag","embeddable":true,"href":"https:\/\/websjop.afuk.frl\/nl\/wp-json\/wp\/v2\/product_tag?post=36702"}],"curies":[{"name":"wp","href":"https:\/\/api.w.org\/{rel}","templated":true}]}}