{"id":36280,"date":"2022-11-10T12:59:36","date_gmt":"2022-11-10T11:59:36","guid":{"rendered":"https:\/\/websjop.afuk.frl\/nl\/?post_type=product&#038;p=36280"},"modified":"2025-01-24T12:04:53","modified_gmt":"2025-01-24T11:04:53","slug":"siderius-de-granaet-in-ut-dokkumers","status":"publish","type":"product","link":"https:\/\/websjop.afuk.frl\/nl\/winkel\/siderius-de-granaet-in-ut-dokkumers\/","title":{"rendered":"Siderius de Granaet &#8211; in ut D\u00f2kkumers"},"content":{"rendered":"<p>Siderius war de held \u00fat oanze jeugd en faak probearden wij um te overtreffen, mar der binne fanself altyd &#8216;bazen boven bazen&#8217;, su&#8217;t we in D\u00f2kkum s\u00eage. Ik hew allinug noait begrepen, w\u00earom Siderius nyt krekt as oans gewoan D\u00f2kkumers praatte op straat.<\/p>\n<p>Gyn boek ferdient ut mear om in ut dialekt fan &#8216;myn stadsje&#8217; lezen wurde te kinnen. Omdat ut de taal fan oans hart is en de taal fan &#8216;e straat, mar helaas ok un taal dy&#8217;t an ut ferdwinen is in un globalisearende weareld, w\u00ear&#8217;t nog altyd mar ien D\u00f2kkum is: ut D\u00f2kkum fan Siderius de Granaet.<\/p>\n<p>Oversetter Warner B. Banga is self ok un echte Granaet en skryft graag over syn stadsje in de taal fan syn hart: ut D\u00f2kkumer Stads. Hij leit ok \u00fat w\u00earom Abe Brouwer dit &#8216;jongesboek&#8217;oait su skreef.<\/p>\n","protected":false},"excerpt":{"rendered":"<p>Siderius war de held \u00fat oanze jeugd en faak probearden wij um te overtreffen, mar der binne fanself altyd &#8216;bazen boven bazen&#8217;, su&#8217;t we in D\u00f2kkum s\u00eage. Ik hew allinug noait begrepen, w\u00earom Siderius nyt krekt as oans gewoan D\u00f2kkumers praatte op straat. Gyn boek ferdient ut mear om in ut dialekt fan &#8216;myn stadsje&#8217; [&hellip;]<\/p>\n","protected":false},"featured_media":36281,"comment_status":"closed","ping_status":"closed","template":"","meta":{"_acf_changed":false},"product_brand":[],"product_cat":[1213,551,535,552],"product_tag":[7696,21445,21444,21443,21442,19604],"class_list":{"0":"post-36280","1":"product","2":"type-product","3":"status-publish","4":"has-post-thumbnail","6":"product_cat-berne-en-jeugdboeken","7":"product_cat-berneboeken-8-12","8":"product_cat-fryske-boeken","9":"product_cat-jeugdboeken","10":"product_tag-abe-brouwer","11":"product_tag-avonturenboek","12":"product_tag-dialekt","13":"product_tag-dokkumers","14":"product_tag-siderius-de-granaet","15":"product_tag-warner-b-banga","16":"product_shipping_class-brievenbus-verzending","17":"pa_auteur-abe-brouwer-2","18":"pa_isbn-21439","19":"pa_new-label-1-3","20":"pa_taal-dokkumers-stads","21":"pa_uitgever-stichting-historia-doccumensis","22":"pa_vertaler-warner-b-banga","24":"first","25":"instock","26":"taxable","27":"shipping-taxable","28":"purchasable","29":"product-type-simple"},"acf":[],"yoast_head":"<!-- This site is optimized with the Yoast SEO plugin v27.3 - https:\/\/yoast.com\/product\/yoast-seo-wordpress\/ -->\n<title>Siderius de Granaet - in ut D\u00f2kkumers &#8211; Af\u00fbk Websjop<\/title>\n<meta name=\"description\" content=\"Siderius de Granaet is het klassieke jongensboek van schrijver Abe Brouwer nu in het D\u00f2kkumer dialekt. Een spannend boek voor jongens en zeker ook meisjes.\" \/>\n<meta name=\"robots\" content=\"index, follow, max-snippet:-1, max-image-preview:large, max-video-preview:-1\" \/>\n<link rel=\"canonical\" href=\"https:\/\/websjop.afuk.frl\/nl\/winkel\/siderius-de-granaet-in-ut-dokkumers\/\" \/>\n<meta property=\"og:locale\" content=\"nl_NL\" \/>\n<meta property=\"og:type\" content=\"article\" \/>\n<meta property=\"og:title\" content=\"Siderius de Granaet - in ut D\u00f2kkumers &#8211; Af\u00fbk Websjop\" \/>\n<meta property=\"og:description\" content=\"Siderius de Granaet is het klassieke jongensboek van schrijver Abe Brouwer nu in het D\u00f2kkumer dialekt. Een spannend boek voor jongens en zeker ook meisjes.\" \/>\n<meta property=\"og:url\" content=\"https:\/\/websjop.afuk.frl\/nl\/winkel\/siderius-de-granaet-in-ut-dokkumers\/\" \/>\n<meta property=\"og:site_name\" content=\"Af\u00fbk Websjop\" \/>\n<meta property=\"article:modified_time\" content=\"2025-01-24T11:04:53+00:00\" \/>\n<meta property=\"og:image\" content=\"https:\/\/websjop.afuk.frl\/wp-content\/uploads\/2022\/11\/Siderius-de-granaet671.jpg\" \/>\n\t<meta property=\"og:image:width\" content=\"404\" \/>\n\t<meta property=\"og:image:height\" content=\"586\" \/>\n\t<meta property=\"og:image:type\" content=\"image\/jpeg\" \/>\n<meta name=\"twitter:card\" content=\"summary_large_image\" \/>\n<meta name=\"twitter:label1\" content=\"Geschatte leestijd\" \/>\n\t<meta name=\"twitter:data1\" content=\"1 minuut\" \/>\n<script type=\"application\/ld+json\" class=\"yoast-schema-graph\">{\"@context\":\"https:\\\/\\\/schema.org\",\"@graph\":[{\"@type\":\"WebPage\",\"@id\":\"https:\\\/\\\/websjop.afuk.frl\\\/nl\\\/winkel\\\/siderius-de-granaet-in-ut-dokkumers\\\/\",\"url\":\"https:\\\/\\\/websjop.afuk.frl\\\/nl\\\/winkel\\\/siderius-de-granaet-in-ut-dokkumers\\\/\",\"name\":\"Siderius de Granaet - in ut D\u00f2kkumers &#8211; Af\u00fbk Websjop\",\"isPartOf\":{\"@id\":\"https:\\\/\\\/websjop.afuk.frl\\\/nl\\\/#website\"},\"primaryImageOfPage\":{\"@id\":\"https:\\\/\\\/websjop.afuk.frl\\\/nl\\\/winkel\\\/siderius-de-granaet-in-ut-dokkumers\\\/#primaryimage\"},\"image\":{\"@id\":\"https:\\\/\\\/websjop.afuk.frl\\\/nl\\\/winkel\\\/siderius-de-granaet-in-ut-dokkumers\\\/#primaryimage\"},\"thumbnailUrl\":\"https:\\\/\\\/websjop.afuk.frl\\\/wp-content\\\/uploads\\\/2022\\\/11\\\/Siderius-de-granaet671.jpg\",\"datePublished\":\"2022-11-10T11:59:36+00:00\",\"dateModified\":\"2025-01-24T11:04:53+00:00\",\"description\":\"Siderius de Granaet is het klassieke jongensboek van schrijver Abe Brouwer nu in het D\u00f2kkumer dialekt. Een spannend boek voor jongens en zeker ook meisjes.\",\"breadcrumb\":{\"@id\":\"https:\\\/\\\/websjop.afuk.frl\\\/nl\\\/winkel\\\/siderius-de-granaet-in-ut-dokkumers\\\/#breadcrumb\"},\"inLanguage\":\"nl-NL\",\"potentialAction\":[{\"@type\":\"ReadAction\",\"target\":[\"https:\\\/\\\/websjop.afuk.frl\\\/nl\\\/winkel\\\/siderius-de-granaet-in-ut-dokkumers\\\/\"]}]},{\"@type\":\"ImageObject\",\"inLanguage\":\"nl-NL\",\"@id\":\"https:\\\/\\\/websjop.afuk.frl\\\/nl\\\/winkel\\\/siderius-de-granaet-in-ut-dokkumers\\\/#primaryimage\",\"url\":\"https:\\\/\\\/websjop.afuk.frl\\\/wp-content\\\/uploads\\\/2022\\\/11\\\/Siderius-de-granaet671.jpg\",\"contentUrl\":\"https:\\\/\\\/websjop.afuk.frl\\\/wp-content\\\/uploads\\\/2022\\\/11\\\/Siderius-de-granaet671.jpg\",\"width\":404,\"height\":586},{\"@type\":\"BreadcrumbList\",\"@id\":\"https:\\\/\\\/websjop.afuk.frl\\\/nl\\\/winkel\\\/siderius-de-granaet-in-ut-dokkumers\\\/#breadcrumb\",\"itemListElement\":[{\"@type\":\"ListItem\",\"position\":1,\"name\":\"Home\",\"item\":\"https:\\\/\\\/websjop.afuk.frl\\\/nl\\\/\"},{\"@type\":\"ListItem\",\"position\":2,\"name\":\"Winkel\",\"item\":\"https:\\\/\\\/websjop.afuk.frl\\\/nl\\\/winkel\\\/\"},{\"@type\":\"ListItem\",\"position\":3,\"name\":\"Siderius de Granaet &#8211; in ut D\u00f2kkumers\"}]},{\"@type\":\"WebSite\",\"@id\":\"https:\\\/\\\/websjop.afuk.frl\\\/nl\\\/#website\",\"url\":\"https:\\\/\\\/websjop.afuk.frl\\\/nl\\\/\",\"name\":\"Af\u00fbk Websjop\",\"description\":\"\",\"potentialAction\":[{\"@type\":\"SearchAction\",\"target\":{\"@type\":\"EntryPoint\",\"urlTemplate\":\"https:\\\/\\\/websjop.afuk.frl\\\/nl\\\/?s={search_term_string}\"},\"query-input\":{\"@type\":\"PropertyValueSpecification\",\"valueRequired\":true,\"valueName\":\"search_term_string\"}}],\"inLanguage\":\"nl-NL\"}]}<\/script>\n<!-- \/ Yoast SEO plugin. -->","yoast_head_json":{"title":"Siderius de Granaet - in ut D\u00f2kkumers &#8211; Af\u00fbk Websjop","description":"Siderius de Granaet is het klassieke jongensboek van schrijver Abe Brouwer nu in het D\u00f2kkumer dialekt. Een spannend boek voor jongens en zeker ook meisjes.","robots":{"index":"index","follow":"follow","max-snippet":"max-snippet:-1","max-image-preview":"max-image-preview:large","max-video-preview":"max-video-preview:-1"},"canonical":"https:\/\/websjop.afuk.frl\/nl\/winkel\/siderius-de-granaet-in-ut-dokkumers\/","og_locale":"nl_NL","og_type":"article","og_title":"Siderius de Granaet - in ut D\u00f2kkumers &#8211; Af\u00fbk Websjop","og_description":"Siderius de Granaet is het klassieke jongensboek van schrijver Abe Brouwer nu in het D\u00f2kkumer dialekt. Een spannend boek voor jongens en zeker ook meisjes.","og_url":"https:\/\/websjop.afuk.frl\/nl\/winkel\/siderius-de-granaet-in-ut-dokkumers\/","og_site_name":"Af\u00fbk Websjop","article_modified_time":"2025-01-24T11:04:53+00:00","og_image":[{"width":404,"height":586,"url":"https:\/\/websjop.afuk.frl\/wp-content\/uploads\/2022\/11\/Siderius-de-granaet671.jpg","type":"image\/jpeg"}],"twitter_card":"summary_large_image","twitter_misc":{"Geschatte leestijd":"1 minuut"},"schema":{"@context":"https:\/\/schema.org","@graph":[{"@type":"WebPage","@id":"https:\/\/websjop.afuk.frl\/nl\/winkel\/siderius-de-granaet-in-ut-dokkumers\/","url":"https:\/\/websjop.afuk.frl\/nl\/winkel\/siderius-de-granaet-in-ut-dokkumers\/","name":"Siderius de Granaet - in ut D\u00f2kkumers &#8211; Af\u00fbk Websjop","isPartOf":{"@id":"https:\/\/websjop.afuk.frl\/nl\/#website"},"primaryImageOfPage":{"@id":"https:\/\/websjop.afuk.frl\/nl\/winkel\/siderius-de-granaet-in-ut-dokkumers\/#primaryimage"},"image":{"@id":"https:\/\/websjop.afuk.frl\/nl\/winkel\/siderius-de-granaet-in-ut-dokkumers\/#primaryimage"},"thumbnailUrl":"https:\/\/websjop.afuk.frl\/wp-content\/uploads\/2022\/11\/Siderius-de-granaet671.jpg","datePublished":"2022-11-10T11:59:36+00:00","dateModified":"2025-01-24T11:04:53+00:00","description":"Siderius de Granaet is het klassieke jongensboek van schrijver Abe Brouwer nu in het D\u00f2kkumer dialekt. Een spannend boek voor jongens en zeker ook meisjes.","breadcrumb":{"@id":"https:\/\/websjop.afuk.frl\/nl\/winkel\/siderius-de-granaet-in-ut-dokkumers\/#breadcrumb"},"inLanguage":"nl-NL","potentialAction":[{"@type":"ReadAction","target":["https:\/\/websjop.afuk.frl\/nl\/winkel\/siderius-de-granaet-in-ut-dokkumers\/"]}]},{"@type":"ImageObject","inLanguage":"nl-NL","@id":"https:\/\/websjop.afuk.frl\/nl\/winkel\/siderius-de-granaet-in-ut-dokkumers\/#primaryimage","url":"https:\/\/websjop.afuk.frl\/wp-content\/uploads\/2022\/11\/Siderius-de-granaet671.jpg","contentUrl":"https:\/\/websjop.afuk.frl\/wp-content\/uploads\/2022\/11\/Siderius-de-granaet671.jpg","width":404,"height":586},{"@type":"BreadcrumbList","@id":"https:\/\/websjop.afuk.frl\/nl\/winkel\/siderius-de-granaet-in-ut-dokkumers\/#breadcrumb","itemListElement":[{"@type":"ListItem","position":1,"name":"Home","item":"https:\/\/websjop.afuk.frl\/nl\/"},{"@type":"ListItem","position":2,"name":"Winkel","item":"https:\/\/websjop.afuk.frl\/nl\/winkel\/"},{"@type":"ListItem","position":3,"name":"Siderius de Granaet &#8211; in ut D\u00f2kkumers"}]},{"@type":"WebSite","@id":"https:\/\/websjop.afuk.frl\/nl\/#website","url":"https:\/\/websjop.afuk.frl\/nl\/","name":"Af\u00fbk Websjop","description":"","potentialAction":[{"@type":"SearchAction","target":{"@type":"EntryPoint","urlTemplate":"https:\/\/websjop.afuk.frl\/nl\/?s={search_term_string}"},"query-input":{"@type":"PropertyValueSpecification","valueRequired":true,"valueName":"search_term_string"}}],"inLanguage":"nl-NL"}]}},"_links":{"self":[{"href":"https:\/\/websjop.afuk.frl\/nl\/wp-json\/wp\/v2\/product\/36280","targetHints":{"allow":["GET"]}}],"collection":[{"href":"https:\/\/websjop.afuk.frl\/nl\/wp-json\/wp\/v2\/product"}],"about":[{"href":"https:\/\/websjop.afuk.frl\/nl\/wp-json\/wp\/v2\/types\/product"}],"replies":[{"embeddable":true,"href":"https:\/\/websjop.afuk.frl\/nl\/wp-json\/wp\/v2\/comments?post=36280"}],"wp:featuredmedia":[{"embeddable":true,"href":"https:\/\/websjop.afuk.frl\/nl\/wp-json\/wp\/v2\/media\/36281"}],"wp:attachment":[{"href":"https:\/\/websjop.afuk.frl\/nl\/wp-json\/wp\/v2\/media?parent=36280"}],"wp:term":[{"taxonomy":"product_brand","embeddable":true,"href":"https:\/\/websjop.afuk.frl\/nl\/wp-json\/wp\/v2\/product_brand?post=36280"},{"taxonomy":"product_cat","embeddable":true,"href":"https:\/\/websjop.afuk.frl\/nl\/wp-json\/wp\/v2\/product_cat?post=36280"},{"taxonomy":"product_tag","embeddable":true,"href":"https:\/\/websjop.afuk.frl\/nl\/wp-json\/wp\/v2\/product_tag?post=36280"}],"curies":[{"name":"wp","href":"https:\/\/api.w.org\/{rel}","templated":true}]}}