{"id":36138,"date":"2022-11-03T13:33:33","date_gmt":"2022-11-03T12:33:33","guid":{"rendered":"https:\/\/websjop.afuk.frl\/nl\/?post_type=product&#038;p=36138"},"modified":"2023-04-17T11:38:49","modified_gmt":"2023-04-17T10:38:49","slug":"heit-en-mem-online-sinteklaas-edysje","status":"publish","type":"product","link":"https:\/\/websjop.afuk.frl\/nl\/winkel\/heit-en-mem-online-sinteklaas-edysje\/","title":{"rendered":"heit en mem online sinteklaas-edysje (e-magazine)"},"content":{"rendered":"<div class=\"short-description\">\n<div class=\"std\">\n<p>Neist de gewoane heit&amp;mem ha wy in ekstra online kadootsje foar jim; in heit&amp;mem online- sinteklaasedysje!<br \/>\nMei d\u00earyn prachtige sinteklaasplaten, dy&#8217;st \u00fatprintsje kinst, in artikel oer bern dy&#8217;t prikkelber binne yn desimber, in \u00f4ftelkalinder en noch folle mear!<\/p>\n<p>Nei de bestelling kinst de heit&amp;mem dellade. (reade knop)<\/p>\n<p>In protte l\u00easwille tawinske!<\/p>\n<\/div>\n<p>&nbsp;<\/p>\n<\/div>\n","protected":false},"excerpt":{"rendered":"<p>Neist de gewoane heit&amp;mem ha wy in ekstra online kadootsje foar jim; in heit&amp;mem online- sinteklaasedysje! Mei d\u00earyn prachtige sinteklaasplaten, dy&#8217;st \u00fatprintsje kinst, in artikel oer bern dy&#8217;t prikkelber binne yn desimber, in \u00f4ftelkalinder en noch folle mear! Nei de bestelling kinst de heit&amp;mem dellade. (reade knop) In protte l\u00easwille tawinske! &nbsp;<\/p>\n","protected":false},"featured_media":36149,"comment_status":"closed","ping_status":"closed","template":"","meta":{"_acf_changed":false},"product_brand":[],"product_cat":[9573,16955,21380,21286],"product_tag":[5452,12875,9714,12881,8617,16960,13763,9708,17507,5285],"class_list":{"0":"post-36138","1":"product","2":"type-product","3":"status-publish","4":"has-post-thumbnail","6":"product_cat-heitenmem","7":"product_cat-herfst","8":"product_cat-sinteklaas-kadotips","9":"product_cat-skoechkadootsjes","10":"product_tag-bern","11":"product_tag-e-book","12":"product_tag-fergees","13":"product_tag-gratis","14":"product_tag-heit","15":"product_tag-herfst","16":"product_tag-hjerst","17":"product_tag-kinderen","18":"product_tag-magazine","19":"product_tag-mem","20":"pa_is-een-afuk-product-0-2","21":"pa_sale-label-0-3","23":"first","24":"instock","25":"downloadable","26":"virtual","27":"taxable","28":"purchasable","29":"product-type-simple"},"acf":[],"yoast_head":"<!-- This site is optimized with the Yoast SEO plugin v27.2 - https:\/\/yoast.com\/product\/yoast-seo-wordpress\/ -->\n<title>Fergees heit&amp;mem feestdagen-edysje &#8211; Af\u00fbk Websjop<\/title>\n<meta name=\"description\" content=\"Een gratis e-magazine voor vaders en moeders in Friesland.\" \/>\n<meta name=\"robots\" content=\"index, follow, max-snippet:-1, max-image-preview:large, max-video-preview:-1\" \/>\n<link rel=\"canonical\" href=\"https:\/\/websjop.afuk.frl\/nl\/winkel\/heit-en-mem-online-sinteklaas-edysje\/\" \/>\n<meta property=\"og:locale\" content=\"nl_NL\" \/>\n<meta property=\"og:type\" content=\"article\" \/>\n<meta property=\"og:title\" content=\"Fergees heit&amp;mem feestdagen-edysje &#8211; Af\u00fbk Websjop\" \/>\n<meta property=\"og:description\" content=\"Een gratis e-magazine voor vaders en moeders in Friesland.\" \/>\n<meta property=\"og:url\" content=\"https:\/\/websjop.afuk.frl\/nl\/winkel\/heit-en-mem-online-sinteklaas-edysje\/\" \/>\n<meta property=\"og:site_name\" content=\"Af\u00fbk Websjop\" \/>\n<meta property=\"article:modified_time\" content=\"2023-04-17T10:38:49+00:00\" \/>\n<meta property=\"og:image\" content=\"https:\/\/websjop.afuk.frl\/wp-content\/uploads\/2022\/11\/MicrosoftTeams-image-13-scaled.jpg\" \/>\n\t<meta property=\"og:image:width\" content=\"1810\" \/>\n\t<meta property=\"og:image:height\" content=\"2560\" \/>\n\t<meta property=\"og:image:type\" content=\"image\/jpeg\" \/>\n<meta name=\"twitter:card\" content=\"summary_large_image\" \/>\n<script type=\"application\/ld+json\" class=\"yoast-schema-graph\">{\"@context\":\"https:\/\/schema.org\",\"@graph\":[{\"@type\":\"WebPage\",\"@id\":\"https:\/\/websjop.afuk.frl\/nl\/winkel\/heit-en-mem-online-sinteklaas-edysje\/\",\"url\":\"https:\/\/websjop.afuk.frl\/nl\/winkel\/heit-en-mem-online-sinteklaas-edysje\/\",\"name\":\"Fergees heit&mem feestdagen-edysje &#8211; Af\u00fbk Websjop\",\"isPartOf\":{\"@id\":\"https:\/\/websjop.afuk.frl\/nl\/#website\"},\"primaryImageOfPage\":{\"@id\":\"https:\/\/websjop.afuk.frl\/nl\/winkel\/heit-en-mem-online-sinteklaas-edysje\/#primaryimage\"},\"image\":{\"@id\":\"https:\/\/websjop.afuk.frl\/nl\/winkel\/heit-en-mem-online-sinteklaas-edysje\/#primaryimage\"},\"thumbnailUrl\":\"https:\/\/websjop.afuk.frl\/wp-content\/uploads\/2022\/11\/MicrosoftTeams-image-13-scaled.jpg\",\"datePublished\":\"2022-11-03T12:33:33+00:00\",\"dateModified\":\"2023-04-17T10:38:49+00:00\",\"description\":\"Een gratis e-magazine voor vaders en moeders in Friesland.\",\"breadcrumb\":{\"@id\":\"https:\/\/websjop.afuk.frl\/nl\/winkel\/heit-en-mem-online-sinteklaas-edysje\/#breadcrumb\"},\"inLanguage\":\"nl-NL\",\"potentialAction\":[{\"@type\":\"ReadAction\",\"target\":[\"https:\/\/websjop.afuk.frl\/nl\/winkel\/heit-en-mem-online-sinteklaas-edysje\/\"]}]},{\"@type\":\"ImageObject\",\"inLanguage\":\"nl-NL\",\"@id\":\"https:\/\/websjop.afuk.frl\/nl\/winkel\/heit-en-mem-online-sinteklaas-edysje\/#primaryimage\",\"url\":\"https:\/\/websjop.afuk.frl\/wp-content\/uploads\/2022\/11\/MicrosoftTeams-image-13-scaled.jpg\",\"contentUrl\":\"https:\/\/websjop.afuk.frl\/wp-content\/uploads\/2022\/11\/MicrosoftTeams-image-13-scaled.jpg\",\"width\":1810,\"height\":2560},{\"@type\":\"BreadcrumbList\",\"@id\":\"https:\/\/websjop.afuk.frl\/nl\/winkel\/heit-en-mem-online-sinteklaas-edysje\/#breadcrumb\",\"itemListElement\":[{\"@type\":\"ListItem\",\"position\":1,\"name\":\"Home\",\"item\":\"https:\/\/websjop.afuk.frl\/nl\/\"},{\"@type\":\"ListItem\",\"position\":2,\"name\":\"Winkel\",\"item\":\"https:\/\/websjop.afuk.frl\/nl\/winkel\/\"},{\"@type\":\"ListItem\",\"position\":3,\"name\":\"heit en mem online sinteklaas-edysje (e-magazine)\"}]},{\"@type\":\"WebSite\",\"@id\":\"https:\/\/websjop.afuk.frl\/nl\/#website\",\"url\":\"https:\/\/websjop.afuk.frl\/nl\/\",\"name\":\"Af\u00fbk Websjop\",\"description\":\"\",\"potentialAction\":[{\"@type\":\"SearchAction\",\"target\":{\"@type\":\"EntryPoint\",\"urlTemplate\":\"https:\/\/websjop.afuk.frl\/nl\/?s={search_term_string}\"},\"query-input\":{\"@type\":\"PropertyValueSpecification\",\"valueRequired\":true,\"valueName\":\"search_term_string\"}}],\"inLanguage\":\"nl-NL\"}]}<\/script>\n<!-- \/ Yoast SEO plugin. -->","yoast_head_json":{"title":"Fergees heit&mem feestdagen-edysje &#8211; Af\u00fbk Websjop","description":"Een gratis e-magazine voor vaders en moeders in Friesland.","robots":{"index":"index","follow":"follow","max-snippet":"max-snippet:-1","max-image-preview":"max-image-preview:large","max-video-preview":"max-video-preview:-1"},"canonical":"https:\/\/websjop.afuk.frl\/nl\/winkel\/heit-en-mem-online-sinteklaas-edysje\/","og_locale":"nl_NL","og_type":"article","og_title":"Fergees heit&mem feestdagen-edysje &#8211; Af\u00fbk Websjop","og_description":"Een gratis e-magazine voor vaders en moeders in Friesland.","og_url":"https:\/\/websjop.afuk.frl\/nl\/winkel\/heit-en-mem-online-sinteklaas-edysje\/","og_site_name":"Af\u00fbk Websjop","article_modified_time":"2023-04-17T10:38:49+00:00","og_image":[{"width":1810,"height":2560,"url":"https:\/\/websjop.afuk.frl\/wp-content\/uploads\/2022\/11\/MicrosoftTeams-image-13-scaled.jpg","type":"image\/jpeg"}],"twitter_card":"summary_large_image","schema":{"@context":"https:\/\/schema.org","@graph":[{"@type":"WebPage","@id":"https:\/\/websjop.afuk.frl\/nl\/winkel\/heit-en-mem-online-sinteklaas-edysje\/","url":"https:\/\/websjop.afuk.frl\/nl\/winkel\/heit-en-mem-online-sinteklaas-edysje\/","name":"Fergees heit&mem feestdagen-edysje &#8211; Af\u00fbk Websjop","isPartOf":{"@id":"https:\/\/websjop.afuk.frl\/nl\/#website"},"primaryImageOfPage":{"@id":"https:\/\/websjop.afuk.frl\/nl\/winkel\/heit-en-mem-online-sinteklaas-edysje\/#primaryimage"},"image":{"@id":"https:\/\/websjop.afuk.frl\/nl\/winkel\/heit-en-mem-online-sinteklaas-edysje\/#primaryimage"},"thumbnailUrl":"https:\/\/websjop.afuk.frl\/wp-content\/uploads\/2022\/11\/MicrosoftTeams-image-13-scaled.jpg","datePublished":"2022-11-03T12:33:33+00:00","dateModified":"2023-04-17T10:38:49+00:00","description":"Een gratis e-magazine voor vaders en moeders in Friesland.","breadcrumb":{"@id":"https:\/\/websjop.afuk.frl\/nl\/winkel\/heit-en-mem-online-sinteklaas-edysje\/#breadcrumb"},"inLanguage":"nl-NL","potentialAction":[{"@type":"ReadAction","target":["https:\/\/websjop.afuk.frl\/nl\/winkel\/heit-en-mem-online-sinteklaas-edysje\/"]}]},{"@type":"ImageObject","inLanguage":"nl-NL","@id":"https:\/\/websjop.afuk.frl\/nl\/winkel\/heit-en-mem-online-sinteklaas-edysje\/#primaryimage","url":"https:\/\/websjop.afuk.frl\/wp-content\/uploads\/2022\/11\/MicrosoftTeams-image-13-scaled.jpg","contentUrl":"https:\/\/websjop.afuk.frl\/wp-content\/uploads\/2022\/11\/MicrosoftTeams-image-13-scaled.jpg","width":1810,"height":2560},{"@type":"BreadcrumbList","@id":"https:\/\/websjop.afuk.frl\/nl\/winkel\/heit-en-mem-online-sinteklaas-edysje\/#breadcrumb","itemListElement":[{"@type":"ListItem","position":1,"name":"Home","item":"https:\/\/websjop.afuk.frl\/nl\/"},{"@type":"ListItem","position":2,"name":"Winkel","item":"https:\/\/websjop.afuk.frl\/nl\/winkel\/"},{"@type":"ListItem","position":3,"name":"heit en mem online sinteklaas-edysje (e-magazine)"}]},{"@type":"WebSite","@id":"https:\/\/websjop.afuk.frl\/nl\/#website","url":"https:\/\/websjop.afuk.frl\/nl\/","name":"Af\u00fbk Websjop","description":"","potentialAction":[{"@type":"SearchAction","target":{"@type":"EntryPoint","urlTemplate":"https:\/\/websjop.afuk.frl\/nl\/?s={search_term_string}"},"query-input":{"@type":"PropertyValueSpecification","valueRequired":true,"valueName":"search_term_string"}}],"inLanguage":"nl-NL"}]}},"_links":{"self":[{"href":"https:\/\/websjop.afuk.frl\/nl\/wp-json\/wp\/v2\/product\/36138","targetHints":{"allow":["GET"]}}],"collection":[{"href":"https:\/\/websjop.afuk.frl\/nl\/wp-json\/wp\/v2\/product"}],"about":[{"href":"https:\/\/websjop.afuk.frl\/nl\/wp-json\/wp\/v2\/types\/product"}],"replies":[{"embeddable":true,"href":"https:\/\/websjop.afuk.frl\/nl\/wp-json\/wp\/v2\/comments?post=36138"}],"wp:featuredmedia":[{"embeddable":true,"href":"https:\/\/websjop.afuk.frl\/nl\/wp-json\/wp\/v2\/media\/36149"}],"wp:attachment":[{"href":"https:\/\/websjop.afuk.frl\/nl\/wp-json\/wp\/v2\/media?parent=36138"}],"wp:term":[{"taxonomy":"product_brand","embeddable":true,"href":"https:\/\/websjop.afuk.frl\/nl\/wp-json\/wp\/v2\/product_brand?post=36138"},{"taxonomy":"product_cat","embeddable":true,"href":"https:\/\/websjop.afuk.frl\/nl\/wp-json\/wp\/v2\/product_cat?post=36138"},{"taxonomy":"product_tag","embeddable":true,"href":"https:\/\/websjop.afuk.frl\/nl\/wp-json\/wp\/v2\/product_tag?post=36138"}],"curies":[{"name":"wp","href":"https:\/\/api.w.org\/{rel}","templated":true}]}}