{"id":35904,"date":"2022-10-26T12:04:41","date_gmt":"2022-10-26T11:04:41","guid":{"rendered":"https:\/\/websjop.afuk.frl\/nl\/?post_type=product&#038;p=35904"},"modified":"2023-01-01T11:07:48","modified_gmt":"2023-01-01T10:07:48","slug":"oer-muzen-en-mannen-ferskynt-7-novimber-2022","status":"publish","type":"product","link":"https:\/\/websjop.afuk.frl\/nl\/winkel\/oer-muzen-en-mannen-ferskynt-7-novimber-2022\/","title":{"rendered":"Oer m\u00fbzen en mannen"},"content":{"rendered":"<p>John Steinbeck (1902-1068) is een van de grootste Amerikaanse schrijvers van de 20e eeuw. In 1962 werd hem de Nobelprijs voor Literatuur toegekend. <em>Oer M\u00fbzen en Mannen &#8211; Of Mice and Men &#8211; <\/em>oorspronkelijk geschreven als toneelstuk, vertelt hoe het noodlot de vriendschap van twee mannen om zeep helpt. Meesterlijk beschrijft Steinbeck, met een scherp oog voor het doen en laten van mensen, het pad van de tragiek naar het einde van de vriendschap van beide mannen.<\/p>\n<p>Toen het boek verscheen in 1937, raakte Steinbeck als bij donderslag wereldberoemd.<\/p>\n<p>Nu in de Friese vertaling van Jan Pieter Dykstra Hzn.<\/p>\n","protected":false},"excerpt":{"rendered":"<p>John Steinbeck (1902-1068) is een van de grootste Amerikaanse schrijvers van de 20e eeuw. In 1962 werd hem de Nobelprijs voor Literatuur toegekend. Oer M\u00fbzen en Mannen &#8211; Of Mice and Men &#8211; oorspronkelijk geschreven als toneelstuk, vertelt hoe het noodlot de vriendschap van twee mannen om zeep helpt. Meesterlijk beschrijft Steinbeck, met een scherp [&hellip;]<\/p>\n","protected":false},"featured_media":35950,"comment_status":"closed","ping_status":"closed","template":"","meta":{"_acf_changed":false},"product_brand":[],"product_cat":[535,537,1215],"product_tag":[21347,21346,17143,21344,20052,21345,13384],"class_list":{"0":"post-35904","1":"product","2":"type-product","3":"status-publish","4":"has-post-thumbnail","6":"product_cat-fryske-boeken","7":"product_cat-romans","8":"product_cat-romans-en-literatuer","9":"product_tag-jan-pieter-dykstra","10":"product_tag-john-steinbeck","11":"product_tag-klassiker","12":"product_tag-oer-muzen-en-mannen","13":"product_tag-oerset","14":"product_tag-of-mice-and-men","15":"product_tag-wraldliteratuer","16":"product_shipping_class-brievenbus-verzending","17":"pa_auteur-john-steinbeck","18":"pa_isbn-21342","19":"pa_new-label-1-3","20":"pa_taal-frysk","21":"pa_uitgever-de-ryp","22":"pa_vertaler-jan-pieter-dykstra-hzn","24":"first","25":"instock","26":"taxable","27":"shipping-taxable","28":"purchasable","29":"product-type-simple"},"acf":[],"yoast_head":"<!-- This site is optimized with the Yoast SEO plugin v27.3 - https:\/\/yoast.com\/product\/yoast-seo-wordpress\/ -->\n<title>Oer m\u00fbzen en mannen &#8211; Af\u00fbk Websjop<\/title>\n<meta name=\"description\" content=\"Oer M\u00fbzen en Mannen - Of Mice and Men - oorspronkelijk geschreven als toneelstuk, vertelt hoe het noodlot de vriendschap van twee mannen om zeep helpt.\" \/>\n<meta name=\"robots\" content=\"index, follow, max-snippet:-1, max-image-preview:large, max-video-preview:-1\" \/>\n<link rel=\"canonical\" href=\"https:\/\/websjop.afuk.frl\/nl\/winkel\/oer-muzen-en-mannen-ferskynt-7-novimber-2022\/\" \/>\n<meta property=\"og:locale\" content=\"nl_NL\" \/>\n<meta property=\"og:type\" content=\"article\" \/>\n<meta property=\"og:title\" content=\"Oer m\u00fbzen en mannen &#8211; Af\u00fbk Websjop\" \/>\n<meta property=\"og:description\" content=\"Oer M\u00fbzen en Mannen - Of Mice and Men - oorspronkelijk geschreven als toneelstuk, vertelt hoe het noodlot de vriendschap van twee mannen om zeep helpt.\" \/>\n<meta property=\"og:url\" content=\"https:\/\/websjop.afuk.frl\/nl\/winkel\/oer-muzen-en-mannen-ferskynt-7-novimber-2022\/\" \/>\n<meta property=\"og:site_name\" content=\"Af\u00fbk Websjop\" \/>\n<meta property=\"article:modified_time\" content=\"2023-01-01T10:07:48+00:00\" \/>\n<meta property=\"og:image\" content=\"https:\/\/websjop.afuk.frl\/wp-content\/uploads\/2022\/10\/Oer-muzen-en-mannen.jpg\" \/>\n\t<meta property=\"og:image:width\" content=\"1000\" \/>\n\t<meta property=\"og:image:height\" content=\"1480\" \/>\n\t<meta property=\"og:image:type\" content=\"image\/jpeg\" \/>\n<meta name=\"twitter:card\" content=\"summary_large_image\" \/>\n<script type=\"application\/ld+json\" class=\"yoast-schema-graph\">{\"@context\":\"https:\\\/\\\/schema.org\",\"@graph\":[{\"@type\":\"WebPage\",\"@id\":\"https:\\\/\\\/websjop.afuk.frl\\\/nl\\\/winkel\\\/oer-muzen-en-mannen-ferskynt-7-novimber-2022\\\/\",\"url\":\"https:\\\/\\\/websjop.afuk.frl\\\/nl\\\/winkel\\\/oer-muzen-en-mannen-ferskynt-7-novimber-2022\\\/\",\"name\":\"Oer m\u00fbzen en mannen &#8211; Af\u00fbk Websjop\",\"isPartOf\":{\"@id\":\"https:\\\/\\\/websjop.afuk.frl\\\/nl\\\/#website\"},\"primaryImageOfPage\":{\"@id\":\"https:\\\/\\\/websjop.afuk.frl\\\/nl\\\/winkel\\\/oer-muzen-en-mannen-ferskynt-7-novimber-2022\\\/#primaryimage\"},\"image\":{\"@id\":\"https:\\\/\\\/websjop.afuk.frl\\\/nl\\\/winkel\\\/oer-muzen-en-mannen-ferskynt-7-novimber-2022\\\/#primaryimage\"},\"thumbnailUrl\":\"https:\\\/\\\/websjop.afuk.frl\\\/wp-content\\\/uploads\\\/2022\\\/10\\\/Oer-muzen-en-mannen.jpg\",\"datePublished\":\"2022-10-26T11:04:41+00:00\",\"dateModified\":\"2023-01-01T10:07:48+00:00\",\"description\":\"Oer M\u00fbzen en Mannen - Of Mice and Men - oorspronkelijk geschreven als toneelstuk, vertelt hoe het noodlot de vriendschap van twee mannen om zeep helpt.\",\"breadcrumb\":{\"@id\":\"https:\\\/\\\/websjop.afuk.frl\\\/nl\\\/winkel\\\/oer-muzen-en-mannen-ferskynt-7-novimber-2022\\\/#breadcrumb\"},\"inLanguage\":\"nl-NL\",\"potentialAction\":[{\"@type\":\"ReadAction\",\"target\":[\"https:\\\/\\\/websjop.afuk.frl\\\/nl\\\/winkel\\\/oer-muzen-en-mannen-ferskynt-7-novimber-2022\\\/\"]}]},{\"@type\":\"ImageObject\",\"inLanguage\":\"nl-NL\",\"@id\":\"https:\\\/\\\/websjop.afuk.frl\\\/nl\\\/winkel\\\/oer-muzen-en-mannen-ferskynt-7-novimber-2022\\\/#primaryimage\",\"url\":\"https:\\\/\\\/websjop.afuk.frl\\\/wp-content\\\/uploads\\\/2022\\\/10\\\/Oer-muzen-en-mannen.jpg\",\"contentUrl\":\"https:\\\/\\\/websjop.afuk.frl\\\/wp-content\\\/uploads\\\/2022\\\/10\\\/Oer-muzen-en-mannen.jpg\",\"width\":1000,\"height\":1480,\"caption\":\"Oer m\u00fbzen en mannen\"},{\"@type\":\"BreadcrumbList\",\"@id\":\"https:\\\/\\\/websjop.afuk.frl\\\/nl\\\/winkel\\\/oer-muzen-en-mannen-ferskynt-7-novimber-2022\\\/#breadcrumb\",\"itemListElement\":[{\"@type\":\"ListItem\",\"position\":1,\"name\":\"Home\",\"item\":\"https:\\\/\\\/websjop.afuk.frl\\\/nl\\\/\"},{\"@type\":\"ListItem\",\"position\":2,\"name\":\"Winkel\",\"item\":\"https:\\\/\\\/websjop.afuk.frl\\\/nl\\\/winkel\\\/\"},{\"@type\":\"ListItem\",\"position\":3,\"name\":\"Oer m\u00fbzen en mannen\"}]},{\"@type\":\"WebSite\",\"@id\":\"https:\\\/\\\/websjop.afuk.frl\\\/nl\\\/#website\",\"url\":\"https:\\\/\\\/websjop.afuk.frl\\\/nl\\\/\",\"name\":\"Af\u00fbk Websjop\",\"description\":\"\",\"potentialAction\":[{\"@type\":\"SearchAction\",\"target\":{\"@type\":\"EntryPoint\",\"urlTemplate\":\"https:\\\/\\\/websjop.afuk.frl\\\/nl\\\/?s={search_term_string}\"},\"query-input\":{\"@type\":\"PropertyValueSpecification\",\"valueRequired\":true,\"valueName\":\"search_term_string\"}}],\"inLanguage\":\"nl-NL\"}]}<\/script>\n<!-- \/ Yoast SEO plugin. -->","yoast_head_json":{"title":"Oer m\u00fbzen en mannen &#8211; Af\u00fbk Websjop","description":"Oer M\u00fbzen en Mannen - Of Mice and Men - oorspronkelijk geschreven als toneelstuk, vertelt hoe het noodlot de vriendschap van twee mannen om zeep helpt.","robots":{"index":"index","follow":"follow","max-snippet":"max-snippet:-1","max-image-preview":"max-image-preview:large","max-video-preview":"max-video-preview:-1"},"canonical":"https:\/\/websjop.afuk.frl\/nl\/winkel\/oer-muzen-en-mannen-ferskynt-7-novimber-2022\/","og_locale":"nl_NL","og_type":"article","og_title":"Oer m\u00fbzen en mannen &#8211; Af\u00fbk Websjop","og_description":"Oer M\u00fbzen en Mannen - Of Mice and Men - oorspronkelijk geschreven als toneelstuk, vertelt hoe het noodlot de vriendschap van twee mannen om zeep helpt.","og_url":"https:\/\/websjop.afuk.frl\/nl\/winkel\/oer-muzen-en-mannen-ferskynt-7-novimber-2022\/","og_site_name":"Af\u00fbk Websjop","article_modified_time":"2023-01-01T10:07:48+00:00","og_image":[{"width":1000,"height":1480,"url":"https:\/\/websjop.afuk.frl\/wp-content\/uploads\/2022\/10\/Oer-muzen-en-mannen.jpg","type":"image\/jpeg"}],"twitter_card":"summary_large_image","schema":{"@context":"https:\/\/schema.org","@graph":[{"@type":"WebPage","@id":"https:\/\/websjop.afuk.frl\/nl\/winkel\/oer-muzen-en-mannen-ferskynt-7-novimber-2022\/","url":"https:\/\/websjop.afuk.frl\/nl\/winkel\/oer-muzen-en-mannen-ferskynt-7-novimber-2022\/","name":"Oer m\u00fbzen en mannen &#8211; Af\u00fbk Websjop","isPartOf":{"@id":"https:\/\/websjop.afuk.frl\/nl\/#website"},"primaryImageOfPage":{"@id":"https:\/\/websjop.afuk.frl\/nl\/winkel\/oer-muzen-en-mannen-ferskynt-7-novimber-2022\/#primaryimage"},"image":{"@id":"https:\/\/websjop.afuk.frl\/nl\/winkel\/oer-muzen-en-mannen-ferskynt-7-novimber-2022\/#primaryimage"},"thumbnailUrl":"https:\/\/websjop.afuk.frl\/wp-content\/uploads\/2022\/10\/Oer-muzen-en-mannen.jpg","datePublished":"2022-10-26T11:04:41+00:00","dateModified":"2023-01-01T10:07:48+00:00","description":"Oer M\u00fbzen en Mannen - Of Mice and Men - oorspronkelijk geschreven als toneelstuk, vertelt hoe het noodlot de vriendschap van twee mannen om zeep helpt.","breadcrumb":{"@id":"https:\/\/websjop.afuk.frl\/nl\/winkel\/oer-muzen-en-mannen-ferskynt-7-novimber-2022\/#breadcrumb"},"inLanguage":"nl-NL","potentialAction":[{"@type":"ReadAction","target":["https:\/\/websjop.afuk.frl\/nl\/winkel\/oer-muzen-en-mannen-ferskynt-7-novimber-2022\/"]}]},{"@type":"ImageObject","inLanguage":"nl-NL","@id":"https:\/\/websjop.afuk.frl\/nl\/winkel\/oer-muzen-en-mannen-ferskynt-7-novimber-2022\/#primaryimage","url":"https:\/\/websjop.afuk.frl\/wp-content\/uploads\/2022\/10\/Oer-muzen-en-mannen.jpg","contentUrl":"https:\/\/websjop.afuk.frl\/wp-content\/uploads\/2022\/10\/Oer-muzen-en-mannen.jpg","width":1000,"height":1480,"caption":"Oer m\u00fbzen en mannen"},{"@type":"BreadcrumbList","@id":"https:\/\/websjop.afuk.frl\/nl\/winkel\/oer-muzen-en-mannen-ferskynt-7-novimber-2022\/#breadcrumb","itemListElement":[{"@type":"ListItem","position":1,"name":"Home","item":"https:\/\/websjop.afuk.frl\/nl\/"},{"@type":"ListItem","position":2,"name":"Winkel","item":"https:\/\/websjop.afuk.frl\/nl\/winkel\/"},{"@type":"ListItem","position":3,"name":"Oer m\u00fbzen en mannen"}]},{"@type":"WebSite","@id":"https:\/\/websjop.afuk.frl\/nl\/#website","url":"https:\/\/websjop.afuk.frl\/nl\/","name":"Af\u00fbk Websjop","description":"","potentialAction":[{"@type":"SearchAction","target":{"@type":"EntryPoint","urlTemplate":"https:\/\/websjop.afuk.frl\/nl\/?s={search_term_string}"},"query-input":{"@type":"PropertyValueSpecification","valueRequired":true,"valueName":"search_term_string"}}],"inLanguage":"nl-NL"}]}},"_links":{"self":[{"href":"https:\/\/websjop.afuk.frl\/nl\/wp-json\/wp\/v2\/product\/35904","targetHints":{"allow":["GET"]}}],"collection":[{"href":"https:\/\/websjop.afuk.frl\/nl\/wp-json\/wp\/v2\/product"}],"about":[{"href":"https:\/\/websjop.afuk.frl\/nl\/wp-json\/wp\/v2\/types\/product"}],"replies":[{"embeddable":true,"href":"https:\/\/websjop.afuk.frl\/nl\/wp-json\/wp\/v2\/comments?post=35904"}],"wp:featuredmedia":[{"embeddable":true,"href":"https:\/\/websjop.afuk.frl\/nl\/wp-json\/wp\/v2\/media\/35950"}],"wp:attachment":[{"href":"https:\/\/websjop.afuk.frl\/nl\/wp-json\/wp\/v2\/media?parent=35904"}],"wp:term":[{"taxonomy":"product_brand","embeddable":true,"href":"https:\/\/websjop.afuk.frl\/nl\/wp-json\/wp\/v2\/product_brand?post=35904"},{"taxonomy":"product_cat","embeddable":true,"href":"https:\/\/websjop.afuk.frl\/nl\/wp-json\/wp\/v2\/product_cat?post=35904"},{"taxonomy":"product_tag","embeddable":true,"href":"https:\/\/websjop.afuk.frl\/nl\/wp-json\/wp\/v2\/product_tag?post=35904"}],"curies":[{"name":"wp","href":"https:\/\/api.w.org\/{rel}","templated":true}]}}