{"id":34914,"date":"2022-08-10T10:33:21","date_gmt":"2022-08-10T09:33:21","guid":{"rendered":"https:\/\/websjop.afuk.frl\/nl\/?post_type=product&#038;p=34914"},"modified":"2024-11-15T13:08:16","modified_gmt":"2024-11-15T12:08:16","slug":"sleutelhanger-fryslan-fiets-2","status":"publish","type":"product","link":"https:\/\/websjop.afuk.frl\/nl\/winkel\/sleutelhanger-fryslan-fiets-2\/","title":{"rendered":"Sleutelhanger Frysl\u00e2n &#8211; fiets rubber"},"content":{"rendered":"<p>Grappige sleutelhanger van een Friese fiets, met de tekst: Frysl\u00e2n.<\/p>\n<p>Materiaal: pvc<\/p>\n<p>Maat: 7 x 5 cm<\/p>\n","protected":false},"excerpt":{"rendered":"<p>Grappige sleutelhanger van een Friese fiets, met de tekst: Frysl\u00e2n. Materiaal: pvc Maat: 7 x 5 cm<\/p>\n","protected":false},"featured_media":34915,"comment_status":"closed","ping_status":"closed","template":"","meta":{"_acf_changed":false},"product_brand":[],"product_cat":[565,5065,5510,1313],"product_tag":[18350,5232,6586,9496,21126,9850],"class_list":{"0":"post-34914","1":"product","2":"type-product","3":"status-publish","4":"has-post-thumbnail","6":"product_cat-friese-producten","7":"product_cat-fryske-suvenirs","8":"product_cat-fryslan-magneetsjes-kaaihingers-en-stikkers","9":"product_cat-simmer-yn-fryslan","10":"product_tag-fiets","11":"product_tag-fryslan","12":"product_tag-fyts","13":"product_tag-kaaihinger","14":"product_tag-pvd","15":"product_tag-sleutelhanger","16":"product_shipping_class-brievenbus-verzending","17":"pa_new-label-1-3","19":"first","20":"instock","21":"taxable","22":"shipping-taxable","23":"purchasable","24":"product-type-simple"},"acf":[],"yoast_head":"<!-- This site is optimized with the Yoast SEO plugin v27.3 - https:\/\/yoast.com\/product\/yoast-seo-wordpress\/ -->\n<title>Sleutelhanger Frysl\u00e2n - fiets rubber &#8211; Af\u00fbk Websjop<\/title>\n<meta name=\"description\" content=\"Grappige sleutelhanger van een Friese fiets, met de tekst: Frysl\u00e2n. Materiaal: pvc Maat: 7 x 5 cm\" \/>\n<meta name=\"robots\" content=\"index, follow, max-snippet:-1, max-image-preview:large, max-video-preview:-1\" \/>\n<link rel=\"canonical\" href=\"https:\/\/websjop.afuk.frl\/nl\/winkel\/sleutelhanger-fryslan-fiets-2\/\" \/>\n<meta property=\"og:locale\" content=\"nl_NL\" \/>\n<meta property=\"og:type\" content=\"article\" \/>\n<meta property=\"og:title\" content=\"Sleutelhanger Frysl\u00e2n - fiets rubber &#8211; Af\u00fbk Websjop\" \/>\n<meta property=\"og:description\" content=\"Grappige sleutelhanger van een Friese fiets, met de tekst: Frysl\u00e2n. Materiaal: pvc Maat: 7 x 5 cm\" \/>\n<meta property=\"og:url\" content=\"https:\/\/websjop.afuk.frl\/nl\/winkel\/sleutelhanger-fryslan-fiets-2\/\" \/>\n<meta property=\"og:site_name\" content=\"Af\u00fbk Websjop\" \/>\n<meta property=\"article:modified_time\" content=\"2024-11-15T12:08:16+00:00\" \/>\n<meta property=\"og:image\" content=\"https:\/\/websjop.afuk.frl\/wp-content\/uploads\/2022\/08\/kaaihinger-Fryske-fyts.jpg\" \/>\n\t<meta property=\"og:image:width\" content=\"412\" \/>\n\t<meta property=\"og:image:height\" content=\"530\" \/>\n\t<meta property=\"og:image:type\" content=\"image\/jpeg\" \/>\n<meta name=\"twitter:card\" content=\"summary_large_image\" \/>\n<script type=\"application\/ld+json\" class=\"yoast-schema-graph\">{\"@context\":\"https:\\\/\\\/schema.org\",\"@graph\":[{\"@type\":\"WebPage\",\"@id\":\"https:\\\/\\\/websjop.afuk.frl\\\/nl\\\/winkel\\\/sleutelhanger-fryslan-fiets-2\\\/\",\"url\":\"https:\\\/\\\/websjop.afuk.frl\\\/nl\\\/winkel\\\/sleutelhanger-fryslan-fiets-2\\\/\",\"name\":\"Sleutelhanger Frysl\u00e2n - fiets rubber &#8211; Af\u00fbk Websjop\",\"isPartOf\":{\"@id\":\"https:\\\/\\\/websjop.afuk.frl\\\/nl\\\/#website\"},\"primaryImageOfPage\":{\"@id\":\"https:\\\/\\\/websjop.afuk.frl\\\/nl\\\/winkel\\\/sleutelhanger-fryslan-fiets-2\\\/#primaryimage\"},\"image\":{\"@id\":\"https:\\\/\\\/websjop.afuk.frl\\\/nl\\\/winkel\\\/sleutelhanger-fryslan-fiets-2\\\/#primaryimage\"},\"thumbnailUrl\":\"https:\\\/\\\/websjop.afuk.frl\\\/wp-content\\\/uploads\\\/2022\\\/08\\\/kaaihinger-Fryske-fyts.jpg\",\"datePublished\":\"2022-08-10T09:33:21+00:00\",\"dateModified\":\"2024-11-15T12:08:16+00:00\",\"description\":\"Grappige sleutelhanger van een Friese fiets, met de tekst: Frysl\u00e2n. Materiaal: pvc Maat: 7 x 5 cm\",\"breadcrumb\":{\"@id\":\"https:\\\/\\\/websjop.afuk.frl\\\/nl\\\/winkel\\\/sleutelhanger-fryslan-fiets-2\\\/#breadcrumb\"},\"inLanguage\":\"nl-NL\",\"potentialAction\":[{\"@type\":\"ReadAction\",\"target\":[\"https:\\\/\\\/websjop.afuk.frl\\\/nl\\\/winkel\\\/sleutelhanger-fryslan-fiets-2\\\/\"]}]},{\"@type\":\"ImageObject\",\"inLanguage\":\"nl-NL\",\"@id\":\"https:\\\/\\\/websjop.afuk.frl\\\/nl\\\/winkel\\\/sleutelhanger-fryslan-fiets-2\\\/#primaryimage\",\"url\":\"https:\\\/\\\/websjop.afuk.frl\\\/wp-content\\\/uploads\\\/2022\\\/08\\\/kaaihinger-Fryske-fyts.jpg\",\"contentUrl\":\"https:\\\/\\\/websjop.afuk.frl\\\/wp-content\\\/uploads\\\/2022\\\/08\\\/kaaihinger-Fryske-fyts.jpg\",\"width\":412,\"height\":530,\"caption\":\"Kaaihinger Fryske fyts\"},{\"@type\":\"BreadcrumbList\",\"@id\":\"https:\\\/\\\/websjop.afuk.frl\\\/nl\\\/winkel\\\/sleutelhanger-fryslan-fiets-2\\\/#breadcrumb\",\"itemListElement\":[{\"@type\":\"ListItem\",\"position\":1,\"name\":\"Home\",\"item\":\"https:\\\/\\\/websjop.afuk.frl\\\/nl\\\/\"},{\"@type\":\"ListItem\",\"position\":2,\"name\":\"Winkel\",\"item\":\"https:\\\/\\\/websjop.afuk.frl\\\/nl\\\/winkel\\\/\"},{\"@type\":\"ListItem\",\"position\":3,\"name\":\"Sleutelhanger Frysl\u00e2n &#8211; fiets rubber\"}]},{\"@type\":\"WebSite\",\"@id\":\"https:\\\/\\\/websjop.afuk.frl\\\/nl\\\/#website\",\"url\":\"https:\\\/\\\/websjop.afuk.frl\\\/nl\\\/\",\"name\":\"Af\u00fbk Websjop\",\"description\":\"\",\"potentialAction\":[{\"@type\":\"SearchAction\",\"target\":{\"@type\":\"EntryPoint\",\"urlTemplate\":\"https:\\\/\\\/websjop.afuk.frl\\\/nl\\\/?s={search_term_string}\"},\"query-input\":{\"@type\":\"PropertyValueSpecification\",\"valueRequired\":true,\"valueName\":\"search_term_string\"}}],\"inLanguage\":\"nl-NL\"}]}<\/script>\n<!-- \/ Yoast SEO plugin. -->","yoast_head_json":{"title":"Sleutelhanger Frysl\u00e2n - fiets rubber &#8211; Af\u00fbk Websjop","description":"Grappige sleutelhanger van een Friese fiets, met de tekst: Frysl\u00e2n. Materiaal: pvc Maat: 7 x 5 cm","robots":{"index":"index","follow":"follow","max-snippet":"max-snippet:-1","max-image-preview":"max-image-preview:large","max-video-preview":"max-video-preview:-1"},"canonical":"https:\/\/websjop.afuk.frl\/nl\/winkel\/sleutelhanger-fryslan-fiets-2\/","og_locale":"nl_NL","og_type":"article","og_title":"Sleutelhanger Frysl\u00e2n - fiets rubber &#8211; Af\u00fbk Websjop","og_description":"Grappige sleutelhanger van een Friese fiets, met de tekst: Frysl\u00e2n. Materiaal: pvc Maat: 7 x 5 cm","og_url":"https:\/\/websjop.afuk.frl\/nl\/winkel\/sleutelhanger-fryslan-fiets-2\/","og_site_name":"Af\u00fbk Websjop","article_modified_time":"2024-11-15T12:08:16+00:00","og_image":[{"width":412,"height":530,"url":"https:\/\/websjop.afuk.frl\/wp-content\/uploads\/2022\/08\/kaaihinger-Fryske-fyts.jpg","type":"image\/jpeg"}],"twitter_card":"summary_large_image","schema":{"@context":"https:\/\/schema.org","@graph":[{"@type":"WebPage","@id":"https:\/\/websjop.afuk.frl\/nl\/winkel\/sleutelhanger-fryslan-fiets-2\/","url":"https:\/\/websjop.afuk.frl\/nl\/winkel\/sleutelhanger-fryslan-fiets-2\/","name":"Sleutelhanger Frysl\u00e2n - fiets rubber &#8211; Af\u00fbk Websjop","isPartOf":{"@id":"https:\/\/websjop.afuk.frl\/nl\/#website"},"primaryImageOfPage":{"@id":"https:\/\/websjop.afuk.frl\/nl\/winkel\/sleutelhanger-fryslan-fiets-2\/#primaryimage"},"image":{"@id":"https:\/\/websjop.afuk.frl\/nl\/winkel\/sleutelhanger-fryslan-fiets-2\/#primaryimage"},"thumbnailUrl":"https:\/\/websjop.afuk.frl\/wp-content\/uploads\/2022\/08\/kaaihinger-Fryske-fyts.jpg","datePublished":"2022-08-10T09:33:21+00:00","dateModified":"2024-11-15T12:08:16+00:00","description":"Grappige sleutelhanger van een Friese fiets, met de tekst: Frysl\u00e2n. Materiaal: pvc Maat: 7 x 5 cm","breadcrumb":{"@id":"https:\/\/websjop.afuk.frl\/nl\/winkel\/sleutelhanger-fryslan-fiets-2\/#breadcrumb"},"inLanguage":"nl-NL","potentialAction":[{"@type":"ReadAction","target":["https:\/\/websjop.afuk.frl\/nl\/winkel\/sleutelhanger-fryslan-fiets-2\/"]}]},{"@type":"ImageObject","inLanguage":"nl-NL","@id":"https:\/\/websjop.afuk.frl\/nl\/winkel\/sleutelhanger-fryslan-fiets-2\/#primaryimage","url":"https:\/\/websjop.afuk.frl\/wp-content\/uploads\/2022\/08\/kaaihinger-Fryske-fyts.jpg","contentUrl":"https:\/\/websjop.afuk.frl\/wp-content\/uploads\/2022\/08\/kaaihinger-Fryske-fyts.jpg","width":412,"height":530,"caption":"Kaaihinger Fryske fyts"},{"@type":"BreadcrumbList","@id":"https:\/\/websjop.afuk.frl\/nl\/winkel\/sleutelhanger-fryslan-fiets-2\/#breadcrumb","itemListElement":[{"@type":"ListItem","position":1,"name":"Home","item":"https:\/\/websjop.afuk.frl\/nl\/"},{"@type":"ListItem","position":2,"name":"Winkel","item":"https:\/\/websjop.afuk.frl\/nl\/winkel\/"},{"@type":"ListItem","position":3,"name":"Sleutelhanger Frysl\u00e2n &#8211; fiets rubber"}]},{"@type":"WebSite","@id":"https:\/\/websjop.afuk.frl\/nl\/#website","url":"https:\/\/websjop.afuk.frl\/nl\/","name":"Af\u00fbk Websjop","description":"","potentialAction":[{"@type":"SearchAction","target":{"@type":"EntryPoint","urlTemplate":"https:\/\/websjop.afuk.frl\/nl\/?s={search_term_string}"},"query-input":{"@type":"PropertyValueSpecification","valueRequired":true,"valueName":"search_term_string"}}],"inLanguage":"nl-NL"}]}},"_links":{"self":[{"href":"https:\/\/websjop.afuk.frl\/nl\/wp-json\/wp\/v2\/product\/34914","targetHints":{"allow":["GET"]}}],"collection":[{"href":"https:\/\/websjop.afuk.frl\/nl\/wp-json\/wp\/v2\/product"}],"about":[{"href":"https:\/\/websjop.afuk.frl\/nl\/wp-json\/wp\/v2\/types\/product"}],"replies":[{"embeddable":true,"href":"https:\/\/websjop.afuk.frl\/nl\/wp-json\/wp\/v2\/comments?post=34914"}],"wp:featuredmedia":[{"embeddable":true,"href":"https:\/\/websjop.afuk.frl\/nl\/wp-json\/wp\/v2\/media\/34915"}],"wp:attachment":[{"href":"https:\/\/websjop.afuk.frl\/nl\/wp-json\/wp\/v2\/media?parent=34914"}],"wp:term":[{"taxonomy":"product_brand","embeddable":true,"href":"https:\/\/websjop.afuk.frl\/nl\/wp-json\/wp\/v2\/product_brand?post=34914"},{"taxonomy":"product_cat","embeddable":true,"href":"https:\/\/websjop.afuk.frl\/nl\/wp-json\/wp\/v2\/product_cat?post=34914"},{"taxonomy":"product_tag","embeddable":true,"href":"https:\/\/websjop.afuk.frl\/nl\/wp-json\/wp\/v2\/product_tag?post=34914"}],"curies":[{"name":"wp","href":"https:\/\/api.w.org\/{rel}","templated":true}]}}