{"id":34736,"date":"2012-07-22T10:20:58","date_gmt":"2012-07-22T09:20:58","guid":{"rendered":"https:\/\/websjop.afuk.frl\/nl\/?post_type=product&#038;p=34736"},"modified":"2022-07-22T10:21:17","modified_gmt":"2022-07-22T09:21:17","slug":"it-dak-fan-de-wrald-audioboek","status":"publish","type":"product","link":"https:\/\/websjop.afuk.frl\/nl\/winkel\/it-dak-fan-de-wrald-audioboek\/","title":{"rendered":"It dak fan de wr\u00e2ld &#8211; Audioboek"},"content":{"rendered":"<p><em>It dak fan de wr\u00e2ld<\/em> is de spannende, tweede roman van Ferdinand de Jong. Dit is het eerste Friese boek dat zich afspeelt te midden van bergbeklimmers. <em>It dak fan de wr\u00e2ld<\/em> werd in 2012 bekroond met de Rink van der Veldeprijs van de gemeente Smallingerland. De Jongs deb\u00fatroman <em>Guozzeflecht<\/em> verscheen in 2010.<\/p>\n<p>Audioboek op 1 mp3-cd<\/p>\n","protected":false},"excerpt":{"rendered":"<p>It dak fan de wr\u00e2ld is de spannende, tweede roman van Ferdinand de Jong. Dit is het eerste Friese boek dat zich afspeelt te midden van bergbeklimmers. It dak fan de wr\u00e2ld werd in 2012 bekroond met de Rink van der Veldeprijs van de gemeente Smallingerland. De Jongs deb\u00fatroman Guozzeflecht verscheen in 2010. Audioboek op [&hellip;]<\/p>\n","protected":false},"featured_media":34737,"comment_status":"closed","ping_status":"closed","template":"","meta":{"_acf_changed":false},"product_brand":[],"product_cat":[535,547,537,1215],"product_tag":[5780,21092,21091,5099,5098,5785],"class_list":{"0":"post-34736","1":"product","2":"type-product","3":"status-publish","4":"has-post-thumbnail","6":"product_cat-fryske-boeken","7":"product_cat-lusterboeken","8":"product_cat-romans","9":"product_cat-romans-en-literatuer","10":"product_tag-audioboek","11":"product_tag-berchbeklimme","12":"product_tag-bergbeklimmen","13":"product_tag-ferdinand-de-jong","14":"product_tag-it-dak-fan-de-wrald","15":"product_tag-mp3-cd","16":"product_shipping_class-brievenbus-verzending","17":"pa_auteur-ferdinand-de-jong-2","18":"pa_isbn-21090","19":"pa_taal-frysk","20":"pa_uitgever-audiofrysk","22":"first","23":"instock","24":"taxable","25":"shipping-taxable","26":"purchasable","27":"product-type-simple"},"acf":[],"yoast_head":"<!-- This site is optimized with the Yoast SEO plugin v27.2 - https:\/\/yoast.com\/product\/yoast-seo-wordpress\/ -->\n<title>It dak fan de wr\u00e2ld - Audioboek &#8211; Af\u00fbk Websjop<\/title>\n<meta name=\"description\" content=\"It dak fan de wr\u00e2ld is de spannende, 2e roman van Ferdinand de Jong. Dit is het eerste Friese boek dat zich afspeelt te midden van bergbeklimmers. Audioboek\" \/>\n<meta name=\"robots\" content=\"index, follow, max-snippet:-1, max-image-preview:large, max-video-preview:-1\" \/>\n<link rel=\"canonical\" href=\"https:\/\/websjop.afuk.frl\/nl\/winkel\/it-dak-fan-de-wrald-audioboek\/\" \/>\n<meta property=\"og:locale\" content=\"nl_NL\" \/>\n<meta property=\"og:type\" content=\"article\" \/>\n<meta property=\"og:title\" content=\"It dak fan de wr\u00e2ld - Audioboek &#8211; Af\u00fbk Websjop\" \/>\n<meta property=\"og:description\" content=\"It dak fan de wr\u00e2ld is de spannende, 2e roman van Ferdinand de Jong. Dit is het eerste Friese boek dat zich afspeelt te midden van bergbeklimmers. Audioboek\" \/>\n<meta property=\"og:url\" content=\"https:\/\/websjop.afuk.frl\/nl\/winkel\/it-dak-fan-de-wrald-audioboek\/\" \/>\n<meta property=\"og:site_name\" content=\"Af\u00fbk Websjop\" \/>\n<meta property=\"article:modified_time\" content=\"2022-07-22T09:21:17+00:00\" \/>\n<meta property=\"og:image\" content=\"https:\/\/websjop.afuk.frl\/wp-content\/uploads\/2022\/07\/it-dak-fan-de-wrald-audio.jpg\" \/>\n\t<meta property=\"og:image:width\" content=\"1539\" \/>\n\t<meta property=\"og:image:height\" content=\"2147\" \/>\n\t<meta property=\"og:image:type\" content=\"image\/jpeg\" \/>\n<meta name=\"twitter:card\" content=\"summary_large_image\" \/>\n<script type=\"application\/ld+json\" class=\"yoast-schema-graph\">{\"@context\":\"https:\/\/schema.org\",\"@graph\":[{\"@type\":\"WebPage\",\"@id\":\"https:\/\/websjop.afuk.frl\/nl\/winkel\/it-dak-fan-de-wrald-audioboek\/\",\"url\":\"https:\/\/websjop.afuk.frl\/nl\/winkel\/it-dak-fan-de-wrald-audioboek\/\",\"name\":\"It dak fan de wr\u00e2ld - Audioboek &#8211; Af\u00fbk Websjop\",\"isPartOf\":{\"@id\":\"https:\/\/websjop.afuk.frl\/nl\/#website\"},\"primaryImageOfPage\":{\"@id\":\"https:\/\/websjop.afuk.frl\/nl\/winkel\/it-dak-fan-de-wrald-audioboek\/#primaryimage\"},\"image\":{\"@id\":\"https:\/\/websjop.afuk.frl\/nl\/winkel\/it-dak-fan-de-wrald-audioboek\/#primaryimage\"},\"thumbnailUrl\":\"https:\/\/websjop.afuk.frl\/wp-content\/uploads\/2022\/07\/it-dak-fan-de-wrald-audio.jpg\",\"datePublished\":\"2012-07-22T09:20:58+00:00\",\"dateModified\":\"2022-07-22T09:21:17+00:00\",\"description\":\"It dak fan de wr\u00e2ld is de spannende, 2e roman van Ferdinand de Jong. Dit is het eerste Friese boek dat zich afspeelt te midden van bergbeklimmers. Audioboek\",\"breadcrumb\":{\"@id\":\"https:\/\/websjop.afuk.frl\/nl\/winkel\/it-dak-fan-de-wrald-audioboek\/#breadcrumb\"},\"inLanguage\":\"nl-NL\",\"potentialAction\":[{\"@type\":\"ReadAction\",\"target\":[\"https:\/\/websjop.afuk.frl\/nl\/winkel\/it-dak-fan-de-wrald-audioboek\/\"]}]},{\"@type\":\"ImageObject\",\"inLanguage\":\"nl-NL\",\"@id\":\"https:\/\/websjop.afuk.frl\/nl\/winkel\/it-dak-fan-de-wrald-audioboek\/#primaryimage\",\"url\":\"https:\/\/websjop.afuk.frl\/wp-content\/uploads\/2022\/07\/it-dak-fan-de-wrald-audio.jpg\",\"contentUrl\":\"https:\/\/websjop.afuk.frl\/wp-content\/uploads\/2022\/07\/it-dak-fan-de-wrald-audio.jpg\",\"width\":1539,\"height\":2147,\"caption\":\"It dak fan de wr\u00e2ld audio\"},{\"@type\":\"BreadcrumbList\",\"@id\":\"https:\/\/websjop.afuk.frl\/nl\/winkel\/it-dak-fan-de-wrald-audioboek\/#breadcrumb\",\"itemListElement\":[{\"@type\":\"ListItem\",\"position\":1,\"name\":\"Home\",\"item\":\"https:\/\/websjop.afuk.frl\/nl\/\"},{\"@type\":\"ListItem\",\"position\":2,\"name\":\"Winkel\",\"item\":\"https:\/\/websjop.afuk.frl\/nl\/winkel\/\"},{\"@type\":\"ListItem\",\"position\":3,\"name\":\"It dak fan de wr\u00e2ld &#8211; Audioboek\"}]},{\"@type\":\"WebSite\",\"@id\":\"https:\/\/websjop.afuk.frl\/nl\/#website\",\"url\":\"https:\/\/websjop.afuk.frl\/nl\/\",\"name\":\"Af\u00fbk Websjop\",\"description\":\"\",\"potentialAction\":[{\"@type\":\"SearchAction\",\"target\":{\"@type\":\"EntryPoint\",\"urlTemplate\":\"https:\/\/websjop.afuk.frl\/nl\/?s={search_term_string}\"},\"query-input\":{\"@type\":\"PropertyValueSpecification\",\"valueRequired\":true,\"valueName\":\"search_term_string\"}}],\"inLanguage\":\"nl-NL\"}]}<\/script>\n<!-- \/ Yoast SEO plugin. -->","yoast_head_json":{"title":"It dak fan de wr\u00e2ld - Audioboek &#8211; Af\u00fbk Websjop","description":"It dak fan de wr\u00e2ld is de spannende, 2e roman van Ferdinand de Jong. Dit is het eerste Friese boek dat zich afspeelt te midden van bergbeklimmers. Audioboek","robots":{"index":"index","follow":"follow","max-snippet":"max-snippet:-1","max-image-preview":"max-image-preview:large","max-video-preview":"max-video-preview:-1"},"canonical":"https:\/\/websjop.afuk.frl\/nl\/winkel\/it-dak-fan-de-wrald-audioboek\/","og_locale":"nl_NL","og_type":"article","og_title":"It dak fan de wr\u00e2ld - Audioboek &#8211; Af\u00fbk Websjop","og_description":"It dak fan de wr\u00e2ld is de spannende, 2e roman van Ferdinand de Jong. Dit is het eerste Friese boek dat zich afspeelt te midden van bergbeklimmers. Audioboek","og_url":"https:\/\/websjop.afuk.frl\/nl\/winkel\/it-dak-fan-de-wrald-audioboek\/","og_site_name":"Af\u00fbk Websjop","article_modified_time":"2022-07-22T09:21:17+00:00","og_image":[{"width":1539,"height":2147,"url":"https:\/\/websjop.afuk.frl\/wp-content\/uploads\/2022\/07\/it-dak-fan-de-wrald-audio.jpg","type":"image\/jpeg"}],"twitter_card":"summary_large_image","schema":{"@context":"https:\/\/schema.org","@graph":[{"@type":"WebPage","@id":"https:\/\/websjop.afuk.frl\/nl\/winkel\/it-dak-fan-de-wrald-audioboek\/","url":"https:\/\/websjop.afuk.frl\/nl\/winkel\/it-dak-fan-de-wrald-audioboek\/","name":"It dak fan de wr\u00e2ld - Audioboek &#8211; Af\u00fbk Websjop","isPartOf":{"@id":"https:\/\/websjop.afuk.frl\/nl\/#website"},"primaryImageOfPage":{"@id":"https:\/\/websjop.afuk.frl\/nl\/winkel\/it-dak-fan-de-wrald-audioboek\/#primaryimage"},"image":{"@id":"https:\/\/websjop.afuk.frl\/nl\/winkel\/it-dak-fan-de-wrald-audioboek\/#primaryimage"},"thumbnailUrl":"https:\/\/websjop.afuk.frl\/wp-content\/uploads\/2022\/07\/it-dak-fan-de-wrald-audio.jpg","datePublished":"2012-07-22T09:20:58+00:00","dateModified":"2022-07-22T09:21:17+00:00","description":"It dak fan de wr\u00e2ld is de spannende, 2e roman van Ferdinand de Jong. Dit is het eerste Friese boek dat zich afspeelt te midden van bergbeklimmers. Audioboek","breadcrumb":{"@id":"https:\/\/websjop.afuk.frl\/nl\/winkel\/it-dak-fan-de-wrald-audioboek\/#breadcrumb"},"inLanguage":"nl-NL","potentialAction":[{"@type":"ReadAction","target":["https:\/\/websjop.afuk.frl\/nl\/winkel\/it-dak-fan-de-wrald-audioboek\/"]}]},{"@type":"ImageObject","inLanguage":"nl-NL","@id":"https:\/\/websjop.afuk.frl\/nl\/winkel\/it-dak-fan-de-wrald-audioboek\/#primaryimage","url":"https:\/\/websjop.afuk.frl\/wp-content\/uploads\/2022\/07\/it-dak-fan-de-wrald-audio.jpg","contentUrl":"https:\/\/websjop.afuk.frl\/wp-content\/uploads\/2022\/07\/it-dak-fan-de-wrald-audio.jpg","width":1539,"height":2147,"caption":"It dak fan de wr\u00e2ld audio"},{"@type":"BreadcrumbList","@id":"https:\/\/websjop.afuk.frl\/nl\/winkel\/it-dak-fan-de-wrald-audioboek\/#breadcrumb","itemListElement":[{"@type":"ListItem","position":1,"name":"Home","item":"https:\/\/websjop.afuk.frl\/nl\/"},{"@type":"ListItem","position":2,"name":"Winkel","item":"https:\/\/websjop.afuk.frl\/nl\/winkel\/"},{"@type":"ListItem","position":3,"name":"It dak fan de wr\u00e2ld &#8211; Audioboek"}]},{"@type":"WebSite","@id":"https:\/\/websjop.afuk.frl\/nl\/#website","url":"https:\/\/websjop.afuk.frl\/nl\/","name":"Af\u00fbk Websjop","description":"","potentialAction":[{"@type":"SearchAction","target":{"@type":"EntryPoint","urlTemplate":"https:\/\/websjop.afuk.frl\/nl\/?s={search_term_string}"},"query-input":{"@type":"PropertyValueSpecification","valueRequired":true,"valueName":"search_term_string"}}],"inLanguage":"nl-NL"}]}},"_links":{"self":[{"href":"https:\/\/websjop.afuk.frl\/nl\/wp-json\/wp\/v2\/product\/34736","targetHints":{"allow":["GET"]}}],"collection":[{"href":"https:\/\/websjop.afuk.frl\/nl\/wp-json\/wp\/v2\/product"}],"about":[{"href":"https:\/\/websjop.afuk.frl\/nl\/wp-json\/wp\/v2\/types\/product"}],"replies":[{"embeddable":true,"href":"https:\/\/websjop.afuk.frl\/nl\/wp-json\/wp\/v2\/comments?post=34736"}],"wp:featuredmedia":[{"embeddable":true,"href":"https:\/\/websjop.afuk.frl\/nl\/wp-json\/wp\/v2\/media\/34737"}],"wp:attachment":[{"href":"https:\/\/websjop.afuk.frl\/nl\/wp-json\/wp\/v2\/media?parent=34736"}],"wp:term":[{"taxonomy":"product_brand","embeddable":true,"href":"https:\/\/websjop.afuk.frl\/nl\/wp-json\/wp\/v2\/product_brand?post=34736"},{"taxonomy":"product_cat","embeddable":true,"href":"https:\/\/websjop.afuk.frl\/nl\/wp-json\/wp\/v2\/product_cat?post=34736"},{"taxonomy":"product_tag","embeddable":true,"href":"https:\/\/websjop.afuk.frl\/nl\/wp-json\/wp\/v2\/product_tag?post=34736"}],"curies":[{"name":"wp","href":"https:\/\/api.w.org\/{rel}","templated":true}]}}